{"id":1708,"date":"2024-03-29T08:32:52","date_gmt":"2024-03-29T08:32:52","guid":{"rendered":"https:\/\/lightgrey-porpoise-816575.hostingersite.com\/?post_type=product&#038;p=1708"},"modified":"2024-08-01T09:55:42","modified_gmt":"2024-08-01T01:55:42","slug":"red-caps-bowl-feeder-3d-model","status":"publish","type":"product","link":"https:\/\/swoer.com\/es_ve\/manufacturer\/red-caps-bowl-feeder-3d-model\/","title":{"rendered":"Modelo 3D del comedero con forma de cuenco Red Caps"},"content":{"rendered":"<h2>Especificaciones del comedero de cuenco:<\/h2>\n<table width=\"684\">\n<tbody>\n<tr>\n<td width=\"183\">Nombre del producto<\/td>\n<td width=\"501\">Modelo 3D del comedero con forma de cuenco Red Caps<\/td>\n<\/tr>\n<tr>\n<td>Material<\/td>\n<td>\u00a0SUS201\/304<\/td>\n<\/tr>\n<tr>\n<td>Especialidad del material<\/td>\n<td>Aleaci\u00f3n de forja con tratamiento en fr\u00edo, alta resistencia, alta dureza.<\/td>\n<\/tr>\n<tr>\n<td>Voltaje<\/td>\n<td>220 V<\/td>\n<\/tr>\n<tr>\n<td>Fuerza<\/td>\n<td>65 W\/150 W\/180 W\/220 W\/350 W<\/td>\n<\/tr>\n<tr>\n<td>Autenticaci\u00f3n<\/td>\n<td>Certificaci\u00f3n CE, RoHS, ISO9001<\/td>\n<\/tr>\n<tr>\n<td>Garant\u00eda<\/td>\n<td>1 a\u00f1o de garant\u00eda<\/td>\n<\/tr>\n<tr>\n<td>Cantidad m\u00ednima de pedido<\/td>\n<td>1 juego<\/td>\n<\/tr>\n<tr>\n<td>Plazo de entrega<\/td>\n<td>10-14 d\u00edas<\/td>\n<\/tr>\n<tr>\n<td>Plazo de pago<\/td>\n<td>T\/T 40% Dep\u00f3sito y saldo antes del env\u00edo<\/td>\n<\/tr>\n<tr>\n<td>Original del lugar<\/td>\n<td>Porcelana<\/td>\n<\/tr>\n<\/tbody>\n<\/table>\n<h3><\/h3>\n<h2>Detalles de la gorra roja:<\/h2>\n\t<div class=\"img has-hover x md-x lg-x y md-y lg-y\" id=\"image_1767072195\">\n\t\t\t\t\t\t\t\t<div class=\"img-inner dark\" >\n\t\t\t<img loading=\"lazy\" decoding=\"async\" width=\"336\" height=\"191\" src=\"https:\/\/swoer.com\/wp-content\/uploads\/2024\/03\/Red-Cap-Detail.webp\" class=\"attachment-original size-original\" alt=\"Detalle de gorra roja\" srcset=\"https:\/\/swoer.com\/wp-content\/uploads\/2024\/03\/Red-Cap-Detail.webp 336w, https:\/\/swoer.com\/wp-content\/uploads\/2024\/03\/Red-Cap-Detail-300x171.webp 300w\" sizes=\"(max-width: 336px) 100vw, 336px\" \/>\t\t\t\t\t\t\n\t\t\t\t\t<\/div>\n\t\t\t\t\t\t\t\t\n<style>\n#image_1767072195 {\n  width: 48%;\n}\n<\/style>\n\t<\/div>\n\t\n\t<div id=\"gap-2040779606\" class=\"gap-element clearfix\" style=\"display:block; height:auto;\">\n\t\t\n<style>\n#gap-2040779606 {\n  padding-top: 30px;\n}\n<\/style>\n\t<\/div>\n\t\n<p><strong>\u00bfEst\u00e1s listo para darle vida a tu proyecto de automatizaci\u00f3n?<\/strong>\u00a0SWOER puede ayudar.<\/p>\n<p><strong>Comparte tus requisitos espec\u00edficos<\/strong>\u00a0y le proporcionaremos un presupuesto personalizado para su comedero de cuenco Red Caps. Cu\u00e9ntenos sobre:<\/p>\n<ul>\n<li><strong>Detalles de la pieza:<\/strong>Sube im\u00e1genes, dimensiones o modelos 3D de tus componentes.<\/li>\n<li><strong>Velocidad deseada:<\/strong>\u00bfCu\u00e1ntas piezas por minuto necesitas?<\/li>\n<li><strong>Orientaci\u00f3n:<\/strong>\u00bfNecesitas rotaci\u00f3n en el sentido de las agujas del reloj o en el sentido contrario? \u00bfCu\u00e1l es la orientaci\u00f3n ideal para la alimentaci\u00f3n?<\/li>\n<li><strong>Equipamiento adicional:<\/strong>\u00bfNecesita un alimentador lineal, un z\u00f3calo o una tolva?<\/li>\n<\/ul>\n<p><strong>Trabajaremos estrechamente con usted para dise\u00f1ar una soluci\u00f3n que satisfaga exactamente sus necesidades.<\/strong>\u00a0Nuestros ingenieros experimentados crear\u00e1n un alimentador de cuenco personalizado que garantice un rendimiento y una eficiencia \u00f3ptimos.<\/p>\n<p><strong>Cont\u00e1ctenos hoy<\/strong>\u00a0Para discutir su proyecto y comenzar.<\/p>\n\t<div id=\"gap-1038376101\" class=\"gap-element clearfix\" style=\"display:block; height:auto;\">\n\t\t\n<style>\n#gap-1038376101 {\n  padding-top: 30px;\n}\n<\/style>\n\t<\/div>\n\t\n<h2 style=\"text-align: center;\"><strong>Cont\u00e1ctenos<\/strong><\/h2>\n\n<div class=\"wpcf7 no-js\" id=\"wpcf7-f280-o1\" lang=\"en-US\" dir=\"ltr\">\n<div class=\"screen-reader-response\"><p role=\"status\" aria-live=\"polite\" aria-atomic=\"true\"><\/p> <ul><\/ul><\/div>\n<form action=\"\/es_ve\/wp-json\/wp\/v2\/product\/1708#wpcf7-f280-o1\" method=\"post\" class=\"wpcf7-form init\" aria-label=\"Formulario de contacto\" novalidate=\"novalidate\" data-status=\"init\" data-trp-original-action=\"\/es_ve\/wp-json\/wp\/v2\/product\/1708#wpcf7-f280-o1\">\n<div style=\"display: none;\">\n<input type=\"hidden\" name=\"_wpcf7\" value=\"280\" \/>\n<input type=\"hidden\" name=\"_wpcf7_version\" value=\"5.9.2\" \/>\n<input type=\"hidden\" name=\"_wpcf7_locale\" value=\"en_US\" \/>\n<input type=\"hidden\" name=\"_wpcf7_unit_tag\" value=\"wpcf7-f280-o1\" \/>\n<input type=\"hidden\" name=\"_wpcf7_container_post\" value=\"0\" \/>\n<input type=\"hidden\" name=\"_wpcf7_posted_data_hash\" value=\"\" \/>\n<\/div>\n<div class='custom_contact_style'>\n\t<div class=\"row row-small\">\n\t\t<div class=\"col medium-6 small-12 large-6\">\n\t\t\t<div class=\"col-inner\">\n\t\t\t\t<p><span class=\"wpcf7-form-control-wrap\" data-name=\"your-name\"><input size=\"40\" class=\"wpcf7-form-control wpcf7-text wpcf7-validates-as-required\" aria-required=\"true\" aria-invalid=\"false\" placeholder=\"Nombre*\" value=\"\" type=\"text\" name=\"your-name\" \/><\/span>\n\t\t\t\t<\/p>\n\t\t\t<\/div>\n\t\t<\/div>\n\t\t<div class=\"col medium-6 small-12 large-6\">\n\t\t\t<div class=\"col-inner\">\n\t\t\t\t<p><span class=\"wpcf7-form-control-wrap\" data-name=\"your-email\"><input size=\"40\" class=\"wpcf7-form-control wpcf7-email wpcf7-validates-as-required wpcf7-text wpcf7-validates-as-email\" aria-required=\"true\" aria-invalid=\"false\" placeholder=\"Correo electr\u00f3nico*\" value=\"\" type=\"email\" name=\"your-email\" \/><\/span>\n\t\t\t\t<\/p>\n\t\t\t<\/div>\n\t\t<\/div>\n\t<\/div>\n\t<div class='cus_contact_form_bottom'>\n\t\t<p><span class=\"wpcf7-form-control-wrap\" data-name=\"your-phone\"><input size=\"40\" class=\"wpcf7-form-control wpcf7-text\" aria-invalid=\"false\" placeholder=\"Tel\u00e9fono\" value=\"\" type=\"text\" name=\"your-phone\" \/><\/span>\n\t\t<\/p>\n\t<\/div>\n\t<div class='cus_contact_form_bottom'>\n\t\t<p><span class=\"wpcf7-form-control-wrap\" data-name=\"your-country\"><input size=\"40\" class=\"wpcf7-form-control wpcf7-text\" aria-invalid=\"false\" placeholder=\"Pa\u00eds\" value=\"\" type=\"text\" name=\"your-country\" \/><\/span>\n\t\t<\/p>\n\t<\/div>\n\t<p><span class=\"wpcf7-form-control-wrap\" data-name=\"your-message\"><textarea cols=\"40\" rows=\"10\" class=\"wpcf7-form-control wpcf7-textarea wpcf7-validates-as-required\" aria-required=\"true\" aria-invalid=\"false\" placeholder=\"Tu mensaje *\" name=\"your-message\"><\/textarea><\/span>\n\t<\/p>\n\t<div style=\"margin-bottom:10px;\">\n\t\t<p><span class=\"wpcf7-form-control-wrap kc_captcha cf7ic-toggle\" data-name=\"kc_captcha\"><span class=\"wpcf7-form-control wpcf7-radio\"><span class=\"captcha-image\" style=\"display: none;\"><span class=\"cf7ic_instructions\">Por favor, demuestre que es humano seleccionando el<span> star<\/span>.<\/span><label><input aria-label=\"1\" type=\"radio\" name=\"kc_captcha\" value=\"bot\" \/><svg aria-hidden=\"true\" role=\"img\" xmlns=\"http:\/\/www.w3.org\/2000\/svg\" viewbox=\"0 0 576 512\"><path fill=\"currentColor\" d=\"M415 24c-53 0-103 42-127 65-24-23-74-65-127-65C70 24 16 77 16 166c0 72 67 133 69 135l187 181c9 8 23 8 32 0l187-180c2-3 69-64 69-136 0-89-54-142-145-142z\"\/><\/svg><\/label><label><input aria-label=\"2\" type=\"radio\" name=\"kc_captcha\" value=\"kc_human\" \/><svg aria-hidden=\"true\" role=\"img\" xmlns=\"http:\/\/www.w3.org\/2000\/svg\" viewbox=\"0 0 576 512\"><path fill=\"currentColor\" d=\"M259 18l-65 132-146 22c-26 3-37 36-18 54l106 103-25 146c-5 26 23 46 46 33l131-68 131 68c23 13 51-7 46-33l-25-146 106-103c19-18 8-51-18-54l-146-22-65-132a32 32 0 00-58 0z\"\/><\/svg><\/label><label><input aria-label=\"3\" type=\"radio\" name=\"kc_captcha\" value=\"bot\" \/><svg aria-hidden=\"true\" role=\"img\" xmlns=\"http:\/\/www.w3.org\/2000\/svg\" viewbox=\"0 0 512 512\"><path fill=\"currentColor\" d=\"M500 168h-55l-8-21a127 127 0 00-120-83H195a127 127 0 00-120 83l-8 21H12c-8 0-14 8-11 16l8 24a12 12 0 0011 8h29a64 64 0 00-33 56v48c0 16 6 31 16 42v62c0 13 11 24 24 24h48c13 0 24-11 24-24v-40h256v40c0 13 11 24 24 24h48c13 0 24-11 24-24v-62c10-11 16-26 16-42v-48c0-24-13-45-33-56h29a12 12 0 0011-8l8-24c3-8-3-16-11-16zm-365 2c9-25 33-42 60-42h122c27 0 51 17 60 42l15 38H120l15-38zM88 328a32 32 0 010-64c18 0 48 30 48 48s-30 16-48 16zm336 0c-18 0-48 2-48-16s30-48 48-48 32 14 32 32-14 32-32 32z\"\/><\/svg><\/label>\r\n    <\/span>\r\n    <span style=\"display:none\">\r\n        <input type=\"text\" name=\"kc_honeypot\">\r\n    <\/span><\/span><\/span>\n\t\t<\/p>\n\t<\/div>\n\t<p><input class=\"wpcf7-form-control wpcf7-submit has-spinner\" type=\"submit\" value=\"Enviar mensaje\" \/>\n\t<\/p>\n<\/div><div class=\"wpcf7-response-output\" aria-hidden=\"true\"><\/div>\n<input type=\"hidden\" name=\"trp-form-language\" value=\"es_ve\"\/><\/form>\n<\/div>","protected":false},"excerpt":{"rendered":"<p>Modelo 3D del alimentador de cuenco de tapas rojas SWOER: los fabricantes profesionales de alimentadores vibratorios le brindan soluciones de dise\u00f1o 3D gratuitas.<\/p>","protected":false},"featured_media":1709,"comment_status":"open","ping_status":"closed","template":"","meta":[],"product_cat":[37],"product_tag":[],"yoast_head":"<!-- This site is optimized with the Yoast SEO plugin v22.2 - https:\/\/yoast.com\/wordpress\/plugins\/seo\/ -->\n<title>Red Caps Bowl Feeder 3D Model | Bowl Feeder 3D Model Design<\/title>\n<meta name=\"description\" content=\"Need a custom bowl feeder solution? Our engineering team can design a bowl feeder tailored to your specific needs. Contact us today for a quote.\" \/>\n<meta name=\"robots\" content=\"index, follow, max-snippet:-1, max-image-preview:large, max-video-preview:-1\" \/>\n<link rel=\"canonical\" href=\"https:\/\/swoer.com\/es_ve\/manufacturer\/red-caps-bowl-feeder-3d-model\/\" \/>\n<meta property=\"og:locale\" content=\"es_ES\" \/>\n<meta property=\"og:type\" content=\"article\" \/>\n<meta property=\"og:title\" content=\"Red Caps Bowl Feeder 3D Model | Bowl Feeder 3D Model Design\" \/>\n<meta property=\"og:description\" content=\"Need a custom bowl feeder solution? Our engineering team can design a bowl feeder tailored to your specific needs. Contact us today for a quote.\" \/>\n<meta property=\"og:url\" content=\"https:\/\/swoer.com\/es_ve\/manufacturer\/red-caps-bowl-feeder-3d-model\/\" \/>\n<meta property=\"og:site_name\" content=\"SWOER\" \/>\n<meta property=\"article:modified_time\" content=\"2024-08-01T01:55:42+00:00\" \/>\n<meta property=\"og:image\" content=\"https:\/\/swoer.com\/wp-content\/uploads\/2024\/03\/red-caps-bowl-feeder-3D-model-.webp\" \/>\n\t<meta property=\"og:image:width\" content=\"1000\" \/>\n\t<meta property=\"og:image:height\" content=\"1000\" \/>\n\t<meta property=\"og:image:type\" content=\"image\/webp\" \/>\n<meta name=\"twitter:card\" content=\"summary_large_image\" \/>\n<meta name=\"twitter:label1\" content=\"Tiempo estimado de lectura\" \/>\n\t<meta name=\"twitter:data1\" content=\"2 minutos\" \/>\n<script type=\"application\/ld+json\" class=\"yoast-schema-graph\">{\"@context\":\"https:\/\/schema.org\",\"@graph\":[{\"@type\":\"WebPage\",\"@id\":\"https:\/\/swoer.com\/manufacturer\/red-caps-bowl-feeder-3d-model\/\",\"url\":\"https:\/\/swoer.com\/manufacturer\/red-caps-bowl-feeder-3d-model\/\",\"name\":\"Red Caps Bowl Feeder 3D Model | Bowl Feeder 3D Model Design\",\"isPartOf\":{\"@id\":\"https:\/\/swoer.com\/#website\"},\"primaryImageOfPage\":{\"@id\":\"https:\/\/swoer.com\/manufacturer\/red-caps-bowl-feeder-3d-model\/#primaryimage\"},\"image\":{\"@id\":\"https:\/\/swoer.com\/manufacturer\/red-caps-bowl-feeder-3d-model\/#primaryimage\"},\"thumbnailUrl\":\"https:\/\/swoer.com\/wp-content\/uploads\/2024\/03\/red-caps-bowl-feeder-3D-model-.webp\",\"datePublished\":\"2024-03-29T08:32:52+00:00\",\"dateModified\":\"2024-08-01T01:55:42+00:00\",\"description\":\"Need a custom bowl feeder solution? Our engineering team can design a bowl feeder tailored to your specific needs. Contact us today for a quote.\",\"breadcrumb\":{\"@id\":\"https:\/\/swoer.com\/manufacturer\/red-caps-bowl-feeder-3d-model\/#breadcrumb\"},\"inLanguage\":\"es\",\"potentialAction\":[{\"@type\":\"ReadAction\",\"target\":[\"https:\/\/swoer.com\/manufacturer\/red-caps-bowl-feeder-3d-model\/\"]}]},{\"@type\":\"ImageObject\",\"inLanguage\":\"es\",\"@id\":\"https:\/\/swoer.com\/manufacturer\/red-caps-bowl-feeder-3d-model\/#primaryimage\",\"url\":\"https:\/\/swoer.com\/wp-content\/uploads\/2024\/03\/red-caps-bowl-feeder-3D-model-.webp\",\"contentUrl\":\"https:\/\/swoer.com\/wp-content\/uploads\/2024\/03\/red-caps-bowl-feeder-3D-model-.webp\",\"width\":1000,\"height\":1000,\"caption\":\"red caps bowl feeder 3D model\"},{\"@type\":\"BreadcrumbList\",\"@id\":\"https:\/\/swoer.com\/manufacturer\/red-caps-bowl-feeder-3d-model\/#breadcrumb\",\"itemListElement\":[{\"@type\":\"ListItem\",\"position\":1,\"name\":\"Home\",\"item\":\"https:\/\/swoer.com\/\"},{\"@type\":\"ListItem\",\"position\":2,\"name\":\"Shop\",\"item\":\"https:\/\/swoer.com\/shop\/\"},{\"@type\":\"ListItem\",\"position\":3,\"name\":\"Red Caps Bowl Feeder 3D Model\"}]},{\"@type\":\"WebSite\",\"@id\":\"https:\/\/swoer.com\/#website\",\"url\":\"https:\/\/swoer.com\/\",\"name\":\"SWOER\",\"description\":\"Swoer is the top 3 vibratory bowl feeder manufacturer in China\",\"potentialAction\":[{\"@type\":\"SearchAction\",\"target\":{\"@type\":\"EntryPoint\",\"urlTemplate\":\"https:\/\/swoer.com\/?s={search_term_string}\"},\"query-input\":\"required name=search_term_string\"}],\"inLanguage\":\"es\"}]}<\/script>\n<!-- \/ Yoast SEO plugin. -->","yoast_head_json":{"title":"Red Caps Bowl Feeder 3D Model | Bowl Feeder 3D Model Design","description":"Need a custom bowl feeder solution? Our engineering team can design a bowl feeder tailored to your specific needs. Contact us today for a quote.","robots":{"index":"index","follow":"follow","max-snippet":"max-snippet:-1","max-image-preview":"max-image-preview:large","max-video-preview":"max-video-preview:-1"},"canonical":"https:\/\/swoer.com\/es_ve\/manufacturer\/red-caps-bowl-feeder-3d-model\/","og_locale":"es_ES","og_type":"article","og_title":"Red Caps Bowl Feeder 3D Model | Bowl Feeder 3D Model Design","og_description":"Need a custom bowl feeder solution? Our engineering team can design a bowl feeder tailored to your specific needs. Contact us today for a quote.","og_url":"https:\/\/swoer.com\/es_ve\/manufacturer\/red-caps-bowl-feeder-3d-model\/","og_site_name":"SWOER","article_modified_time":"2024-08-01T01:55:42+00:00","og_image":[{"width":1000,"height":1000,"url":"https:\/\/swoer.com\/wp-content\/uploads\/2024\/03\/red-caps-bowl-feeder-3D-model-.webp","type":"image\/webp"}],"twitter_card":"summary_large_image","twitter_misc":{"Tiempo estimado de lectura":"2 minutos"},"schema":{"@context":"https:\/\/schema.org","@graph":[{"@type":"WebPage","@id":"https:\/\/swoer.com\/manufacturer\/red-caps-bowl-feeder-3d-model\/","url":"https:\/\/swoer.com\/manufacturer\/red-caps-bowl-feeder-3d-model\/","name":"Red Caps Bowl Feeder 3D Model | Bowl Feeder 3D Model Design","isPartOf":{"@id":"https:\/\/swoer.com\/#website"},"primaryImageOfPage":{"@id":"https:\/\/swoer.com\/manufacturer\/red-caps-bowl-feeder-3d-model\/#primaryimage"},"image":{"@id":"https:\/\/swoer.com\/manufacturer\/red-caps-bowl-feeder-3d-model\/#primaryimage"},"thumbnailUrl":"https:\/\/swoer.com\/wp-content\/uploads\/2024\/03\/red-caps-bowl-feeder-3D-model-.webp","datePublished":"2024-03-29T08:32:52+00:00","dateModified":"2024-08-01T01:55:42+00:00","description":"Need a custom bowl feeder solution? Our engineering team can design a bowl feeder tailored to your specific needs. Contact us today for a quote.","breadcrumb":{"@id":"https:\/\/swoer.com\/manufacturer\/red-caps-bowl-feeder-3d-model\/#breadcrumb"},"inLanguage":"es","potentialAction":[{"@type":"ReadAction","target":["https:\/\/swoer.com\/manufacturer\/red-caps-bowl-feeder-3d-model\/"]}]},{"@type":"ImageObject","inLanguage":"es","@id":"https:\/\/swoer.com\/manufacturer\/red-caps-bowl-feeder-3d-model\/#primaryimage","url":"https:\/\/swoer.com\/wp-content\/uploads\/2024\/03\/red-caps-bowl-feeder-3D-model-.webp","contentUrl":"https:\/\/swoer.com\/wp-content\/uploads\/2024\/03\/red-caps-bowl-feeder-3D-model-.webp","width":1000,"height":1000,"caption":"red caps bowl feeder 3D model"},{"@type":"BreadcrumbList","@id":"https:\/\/swoer.com\/manufacturer\/red-caps-bowl-feeder-3d-model\/#breadcrumb","itemListElement":[{"@type":"ListItem","position":1,"name":"Home","item":"https:\/\/swoer.com\/"},{"@type":"ListItem","position":2,"name":"Shop","item":"https:\/\/swoer.com\/shop\/"},{"@type":"ListItem","position":3,"name":"Red Caps Bowl Feeder 3D Model"}]},{"@type":"WebSite","@id":"https:\/\/swoer.com\/#website","url":"https:\/\/swoer.com\/","name":"SWOER","description":"Swoer is the top 3 vibratory bowl feeder manufacturer in China","potentialAction":[{"@type":"SearchAction","target":{"@type":"EntryPoint","urlTemplate":"https:\/\/swoer.com\/?s={search_term_string}"},"query-input":"required name=search_term_string"}],"inLanguage":"es"}]}},"_links":{"self":[{"href":"https:\/\/swoer.com\/es_ve\/wp-json\/wp\/v2\/product\/1708"}],"collection":[{"href":"https:\/\/swoer.com\/es_ve\/wp-json\/wp\/v2\/product"}],"about":[{"href":"https:\/\/swoer.com\/es_ve\/wp-json\/wp\/v2\/types\/product"}],"replies":[{"embeddable":true,"href":"https:\/\/swoer.com\/es_ve\/wp-json\/wp\/v2\/comments?post=1708"}],"wp:featuredmedia":[{"embeddable":true,"href":"https:\/\/swoer.com\/es_ve\/wp-json\/wp\/v2\/media\/1709"}],"wp:attachment":[{"href":"https:\/\/swoer.com\/es_ve\/wp-json\/wp\/v2\/media?parent=1708"}],"wp:term":[{"taxonomy":"product_cat","embeddable":true,"href":"https:\/\/swoer.com\/es_ve\/wp-json\/wp\/v2\/product_cat?post=1708"},{"taxonomy":"product_tag","embeddable":true,"href":"https:\/\/swoer.com\/es_ve\/wp-json\/wp\/v2\/product_tag?post=1708"}],"curies":[{"name":"wp","href":"https:\/\/api.w.org\/{rel}","templated":true}]}}