{"id":3334,"date":"2025-04-24T09:39:19","date_gmt":"2025-04-24T01:39:19","guid":{"rendered":"https:\/\/swoer.com\/?post_type=product&#038;p=3334"},"modified":"2025-04-24T16:42:12","modified_gmt":"2025-04-24T08:42:12","slug":"bowl-feeder-manufacturers-uk","status":"publish","type":"product","link":"https:\/\/swoer.com\/es_pe\/manufacturer\/bowl-feeder-manufacturers-uk\/","title":{"rendered":"Fabricantes de alimentadores de cuenco en el Reino Unido | Proveedor de alimentadores de cuenco vibratorios"},"content":{"rendered":"<h2>Ventajas de los comederos de cuenco personalizados SWOER<\/h2>\n<ul>\n<li><strong>Personalizado para sus piezas<\/strong><br \/>\nDise\u00f1amos cada comedero para adaptarse al tama\u00f1o, la forma y la direcci\u00f3n de alimentaci\u00f3n de su producto.<\/li>\n<li><strong>Tiempo de entrega r\u00e1pido<\/strong><br \/>\nGracias a nuestra eficiente producci\u00f3n, obtenga su comedero de cuenco personalizado en tan solo 1 o 2 semanas.<\/li>\n<li><strong>Alimentaci\u00f3n precisa y estable<\/strong><br \/>\nNuestros alimentadores funcionan de manera suave y constante, manejando hasta 500 piezas por minuto con precisi\u00f3n.<\/li>\n<li><strong>M\u00e1s de 10 a\u00f1os de experiencia<\/strong><br \/>\nCon la confianza de clientes de todo el mundo, hemos estado fabricando comederos de cuenco confiables durante m\u00e1s de una d\u00e9cada.<\/li>\n<li><strong>Dise\u00f1o compacto<\/strong><br \/>\nLas soluciones que ahorran espacio son perfectas para l\u00edneas de producci\u00f3n automatizadas.<\/li>\n<li><strong>Con la confianza de empresas del Reino Unido<\/strong><br \/>\nSuministramos alimentadores de alta calidad a empresas y fabricantes de automatizaci\u00f3n en todo el Reino Unido.<\/li>\n<li><strong>Se adapta a muchas industrias<\/strong><br \/>\nIdeal para uso en automoci\u00f3n, electr\u00f3nica, dispositivos m\u00e9dicos, pl\u00e1sticos y m\u00e1s.<\/li>\n<\/ul>\n\t<div id=\"gap-97405709\" class=\"gap-element clearfix\" style=\"display:block; height:auto;\">\n\t\t\n<style>\n#gap-97405709 {\n  padding-top: 30px;\n}\n<\/style>\n\t<\/div>\n\t\n<h2>Opciones personalizadas para confirmar con el fabricante de SWOER<\/h2>\n<ol>\n<li><strong>Especificaciones de las piezas<\/strong><br \/>\n\u201cProporcione dibujos de las piezas o muestras, incluidas las dimensiones, el material y el peso\u201d.<\/li>\n<li><strong>Direcci\u00f3n y orientaci\u00f3n de la alimentaci\u00f3n<\/strong><br \/>\n\u201cConfirme la orientaci\u00f3n de la pieza requerida y la direcci\u00f3n de alimentaci\u00f3n (por ejemplo, de pie, acostado, mirando hacia arriba)\u201d.<\/li>\n<li><strong>Requisitos de velocidad de alimentaci\u00f3n<\/strong><br \/>\n\u201cEspecifique la velocidad de alimentaci\u00f3n requerida (partes por minuto)\u201d.<\/li>\n<li><strong>Tama\u00f1o y capacidad del recipiente<\/strong><br \/>\n\u201cConfirme el di\u00e1metro y el volumen del recipiente esperados en funci\u00f3n del tama\u00f1o y la cantidad de las piezas\u201d.<\/li>\n<li><strong>Disposici\u00f3n de la m\u00e1quina y limitaciones de espacio<\/strong><br \/>\n\u201cComparta su espacio disponible y el dise\u00f1o de integraci\u00f3n para garantizar un ajuste perfecto\u201d.<\/li>\n<li><strong>Fuente de alimentaci\u00f3n<\/strong><br \/>\n\u201cPor favor, especifique el voltaje y la frecuencia (por ejemplo, 220 V\/50 Hz o 110 V\/60 Hz)\u201d.<\/li>\n<li><strong>Requisitos de ruido<\/strong><br \/>\n\u201cH\u00e1ganos saber si tiene alguna restricci\u00f3n de nivel de ruido o necesita cerramientos ac\u00fasticos\u201d.<\/li>\n<li><strong>Tratamiento o recubrimiento de superficies<\/strong><br \/>\n\u201cSi se necesitan recubrimientos antidesgaste, antiest\u00e1ticos o especiales, por favor confirmar con antelaci\u00f3n.\u201d<\/li>\n<li><strong>Requisito de tolva o alimentador lineal<\/strong><br \/>\n\u201c\u00bfNecesita una tolva a granel o un alimentador lineal para permitir la alimentaci\u00f3n continua?\u201d<\/li>\n<li><strong>Integraci\u00f3n con sistema de visi\u00f3n o robot<\/strong><br \/>\n\u201cH\u00e1ganos saber si el alimentador necesita funcionar con un sistema de c\u00e1mara o un brazo rob\u00f3tico\u201d.<\/li>\n<\/ol>\n\t<div id=\"gap-503076077\" class=\"gap-element clearfix\" style=\"display:block; height:auto;\">\n\t\t\n<style>\n#gap-503076077 {\n  padding-top: 30px;\n}\n<\/style>\n\t<\/div>\n\t\n<h2>Contacta con SWOER<\/h2>\n<p>Comunicar detalles del dise\u00f1o del comedero de cuenco.<\/p>\n\n<div class=\"wpcf7 no-js\" id=\"wpcf7-f280-o1\" lang=\"en-US\" dir=\"ltr\">\n<div class=\"screen-reader-response\"><p role=\"status\" aria-live=\"polite\" aria-atomic=\"true\"><\/p> <ul><\/ul><\/div>\n<form action=\"\/es_pe\/wp-json\/wp\/v2\/product\/3334#wpcf7-f280-o1\" method=\"post\" class=\"wpcf7-form init\" aria-label=\"Formulario de contacto\" novalidate=\"novalidate\" data-status=\"init\" data-trp-original-action=\"\/es_pe\/wp-json\/wp\/v2\/product\/3334#wpcf7-f280-o1\">\n<div style=\"display: none;\">\n<input type=\"hidden\" name=\"_wpcf7\" value=\"280\" \/>\n<input type=\"hidden\" name=\"_wpcf7_version\" value=\"5.9.2\" \/>\n<input type=\"hidden\" name=\"_wpcf7_locale\" value=\"en_US\" \/>\n<input type=\"hidden\" name=\"_wpcf7_unit_tag\" value=\"wpcf7-f280-o1\" \/>\n<input type=\"hidden\" name=\"_wpcf7_container_post\" value=\"0\" \/>\n<input type=\"hidden\" name=\"_wpcf7_posted_data_hash\" value=\"\" \/>\n<\/div>\n<div class='custom_contact_style'>\n\t<div class=\"row row-small\">\n\t\t<div class=\"col medium-6 small-12 large-6\">\n\t\t\t<div class=\"col-inner\">\n\t\t\t\t<p><span class=\"wpcf7-form-control-wrap\" data-name=\"your-name\"><input size=\"40\" class=\"wpcf7-form-control wpcf7-text wpcf7-validates-as-required\" aria-required=\"true\" aria-invalid=\"false\" placeholder=\"Nombre*\" value=\"\" type=\"text\" name=\"your-name\" \/><\/span>\n\t\t\t\t<\/p>\n\t\t\t<\/div>\n\t\t<\/div>\n\t\t<div class=\"col medium-6 small-12 large-6\">\n\t\t\t<div class=\"col-inner\">\n\t\t\t\t<p><span class=\"wpcf7-form-control-wrap\" data-name=\"your-email\"><input size=\"40\" class=\"wpcf7-form-control wpcf7-email wpcf7-validates-as-required wpcf7-text wpcf7-validates-as-email\" aria-required=\"true\" aria-invalid=\"false\" placeholder=\"Correo electr\u00f3nico*\" value=\"\" type=\"email\" name=\"your-email\" \/><\/span>\n\t\t\t\t<\/p>\n\t\t\t<\/div>\n\t\t<\/div>\n\t<\/div>\n\t<div class='cus_contact_form_bottom'>\n\t\t<p><span class=\"wpcf7-form-control-wrap\" data-name=\"your-phone\"><input size=\"40\" class=\"wpcf7-form-control wpcf7-text\" aria-invalid=\"false\" placeholder=\"Tel\u00e9fono\" value=\"\" type=\"text\" name=\"your-phone\" \/><\/span>\n\t\t<\/p>\n\t<\/div>\n\t<div class='cus_contact_form_bottom'>\n\t\t<p><span class=\"wpcf7-form-control-wrap\" data-name=\"your-country\"><input size=\"40\" class=\"wpcf7-form-control wpcf7-text\" aria-invalid=\"false\" placeholder=\"Pa\u00eds\" value=\"\" type=\"text\" name=\"your-country\" \/><\/span>\n\t\t<\/p>\n\t<\/div>\n\t<p><span class=\"wpcf7-form-control-wrap\" data-name=\"your-message\"><textarea cols=\"40\" rows=\"10\" class=\"wpcf7-form-control wpcf7-textarea wpcf7-validates-as-required\" aria-required=\"true\" aria-invalid=\"false\" placeholder=\"Tu mensaje *\" name=\"your-message\"><\/textarea><\/span>\n\t<\/p>\n\t<div style=\"margin-bottom:10px;\">\n\t\t<p><span class=\"wpcf7-form-control-wrap kc_captcha cf7ic-toggle\" data-name=\"kc_captcha\"><span class=\"wpcf7-form-control wpcf7-radio\"><span class=\"captcha-image\" style=\"display: none;\"><span class=\"cf7ic_instructions\">Por favor, demuestre que es humano seleccionando el<span> cup<\/span>.<\/span><label><input aria-label=\"1\" type=\"radio\" name=\"kc_captcha\" value=\"bot\" \/><svg aria-hidden=\"true\" role=\"img\" xmlns=\"http:\/\/www.w3.org\/2000\/svg\" viewbox=\"0 0 576 512\"><path fill=\"currentColor\" d=\"M259 18l-65 132-146 22c-26 3-37 36-18 54l106 103-25 146c-5 26 23 46 46 33l131-68 131 68c23 13 51-7 46-33l-25-146 106-103c19-18 8-51-18-54l-146-22-65-132a32 32 0 00-58 0z\"\/><\/svg><\/label><label><input aria-label=\"2\" type=\"radio\" name=\"kc_captcha\" value=\"kc_human\" \/><svg aria-hidden=\"true\" role=\"img\" xmlns=\"http:\/\/www.w3.org\/2000\/svg\" viewbox=\"0 0 640 512\"><path fill=\"currentColor\" d=\"M192 384h192c53 0 96-43 96-96h32a128 128 0 000-256H120c-13 0-24 11-24 24v232c0 53 43 96 96 96zM512 96a64 64 0 010 128h-32V96h32zm48 384H48c-47 0-61-64-36-64h584c25 0 11 64-36 64z\"\/><\/svg><\/label><label><input aria-label=\"3\" type=\"radio\" name=\"kc_captcha\" value=\"bot\" \/><svg aria-hidden=\"true\" role=\"img\" xmlns=\"http:\/\/www.w3.org\/2000\/svg\" viewbox=\"0 0 512 512\"><path fill=\"currentColor\" d=\"M350 99c-54 0-98-35-166-35-25 0-47 4-68 12a56 56 0 004-24C118 24 95 1 66 0a56 56 0 00-34 102v386c0 13 11 24 24 24h16c13 0 24-11 24-24v-94c28-12 64-23 114-23 54 0 98 35 166 35 48 0 86-16 122-41 9-6 14-15 14-26V96c0-23-24-39-45-29-35 16-77 32-117 32z\"\/><\/svg><\/label>\r\n    <\/span>\r\n    <span style=\"display:none\">\r\n        <input type=\"text\" name=\"kc_honeypot\">\r\n    <\/span><\/span><\/span>\n\t\t<\/p>\n\t<\/div>\n\t<p><input class=\"wpcf7-form-control wpcf7-submit has-spinner\" type=\"submit\" value=\"Enviar mensaje\" \/>\n\t<\/p>\n<\/div><div class=\"wpcf7-response-output\" aria-hidden=\"true\"><\/div>\n<input type=\"hidden\" name=\"trp-form-language\" value=\"es_pe\"\/><\/form>\n<\/div>","protected":false},"excerpt":{"rendered":"<p>SWOER ofrece alimentadores vibratorios personalizados con plazos de entrega r\u00e1pidos, dise\u00f1o de precisi\u00f3n y m\u00e1s de 10 a\u00f1os de experiencia en fabricaci\u00f3n.<\/p>","protected":false},"featured_media":3336,"comment_status":"open","ping_status":"closed","template":"","meta":[],"product_cat":[37],"product_tag":[],"yoast_head":"<!-- This site is optimized with the Yoast SEO plugin v22.2 - https:\/\/yoast.com\/wordpress\/plugins\/seo\/ -->\n<title>Bowl Feeder Manufacturers UK | Vibratory Bowl Feeders Supplier - SWOER<\/title>\n<meta name=\"description\" content=\"SWOER is a leading bowl feeder manufacturer and supplier, offering high-quality vibratory bowl feeders for automation companies across the UK.\" \/>\n<meta name=\"robots\" content=\"index, follow, max-snippet:-1, max-image-preview:large, max-video-preview:-1\" \/>\n<link rel=\"canonical\" href=\"https:\/\/swoer.com\/es_pe\/manufacturer\/bowl-feeder-manufacturers-uk\/\" \/>\n<meta property=\"og:locale\" content=\"es_ES\" \/>\n<meta property=\"og:type\" content=\"article\" \/>\n<meta property=\"og:title\" content=\"Bowl Feeder Manufacturers UK | Vibratory Bowl Feeders Supplier - SWOER\" \/>\n<meta property=\"og:description\" content=\"SWOER is a leading bowl feeder manufacturer and supplier, offering high-quality vibratory bowl feeders for automation companies across the UK.\" \/>\n<meta property=\"og:url\" content=\"https:\/\/swoer.com\/es_pe\/manufacturer\/bowl-feeder-manufacturers-uk\/\" \/>\n<meta property=\"og:site_name\" content=\"SWOER\" \/>\n<meta property=\"article:modified_time\" content=\"2025-04-24T08:42:12+00:00\" \/>\n<meta property=\"og:image\" content=\"https:\/\/swoer.com\/wp-content\/uploads\/2025\/04\/Bowl-Feeder-Manufacturers-uk.webp\" \/>\n\t<meta property=\"og:image:width\" content=\"800\" \/>\n\t<meta property=\"og:image:height\" content=\"800\" \/>\n\t<meta property=\"og:image:type\" content=\"image\/webp\" \/>\n<meta name=\"twitter:card\" content=\"summary_large_image\" \/>\n<meta name=\"twitter:label1\" content=\"Est. reading time\" \/>\n\t<meta name=\"twitter:data1\" content=\"2 minutos\" \/>\n<script type=\"application\/ld+json\" class=\"yoast-schema-graph\">{\"@context\":\"https:\/\/schema.org\",\"@graph\":[{\"@type\":\"WebPage\",\"@id\":\"https:\/\/swoer.com\/manufacturer\/bowl-feeder-manufacturers-uk\/\",\"url\":\"https:\/\/swoer.com\/manufacturer\/bowl-feeder-manufacturers-uk\/\",\"name\":\"Bowl Feeder Manufacturers UK | Vibratory Bowl Feeders Supplier - SWOER\",\"isPartOf\":{\"@id\":\"https:\/\/swoer.com\/#website\"},\"primaryImageOfPage\":{\"@id\":\"https:\/\/swoer.com\/manufacturer\/bowl-feeder-manufacturers-uk\/#primaryimage\"},\"image\":{\"@id\":\"https:\/\/swoer.com\/manufacturer\/bowl-feeder-manufacturers-uk\/#primaryimage\"},\"thumbnailUrl\":\"https:\/\/swoer.com\/wp-content\/uploads\/2025\/04\/Bowl-Feeder-Manufacturers-uk.webp\",\"datePublished\":\"2025-04-24T01:39:19+00:00\",\"dateModified\":\"2025-04-24T08:42:12+00:00\",\"description\":\"SWOER is a leading bowl feeder manufacturer and supplier, offering high-quality vibratory bowl feeders for automation companies across the UK.\",\"breadcrumb\":{\"@id\":\"https:\/\/swoer.com\/manufacturer\/bowl-feeder-manufacturers-uk\/#breadcrumb\"},\"inLanguage\":\"es\",\"potentialAction\":[{\"@type\":\"ReadAction\",\"target\":[\"https:\/\/swoer.com\/manufacturer\/bowl-feeder-manufacturers-uk\/\"]}]},{\"@type\":\"ImageObject\",\"inLanguage\":\"es\",\"@id\":\"https:\/\/swoer.com\/manufacturer\/bowl-feeder-manufacturers-uk\/#primaryimage\",\"url\":\"https:\/\/swoer.com\/wp-content\/uploads\/2025\/04\/Bowl-Feeder-Manufacturers-uk.webp\",\"contentUrl\":\"https:\/\/swoer.com\/wp-content\/uploads\/2025\/04\/Bowl-Feeder-Manufacturers-uk.webp\",\"width\":800,\"height\":800,\"caption\":\"Bowl Feeder Manufacturers uk\"},{\"@type\":\"BreadcrumbList\",\"@id\":\"https:\/\/swoer.com\/manufacturer\/bowl-feeder-manufacturers-uk\/#breadcrumb\",\"itemListElement\":[{\"@type\":\"ListItem\",\"position\":1,\"name\":\"Home\",\"item\":\"https:\/\/swoer.com\/\"},{\"@type\":\"ListItem\",\"position\":2,\"name\":\"Shop\",\"item\":\"https:\/\/swoer.com\/shop\/\"},{\"@type\":\"ListItem\",\"position\":3,\"name\":\"Bowl Feeder Manufacturers UK | Vibratory Bowl Feeders Supplier\"}]},{\"@type\":\"WebSite\",\"@id\":\"https:\/\/swoer.com\/#website\",\"url\":\"https:\/\/swoer.com\/\",\"name\":\"SWOER\",\"description\":\"Swoer is the top 3 vibratory bowl feeder manufacturer in China\",\"potentialAction\":[{\"@type\":\"SearchAction\",\"target\":{\"@type\":\"EntryPoint\",\"urlTemplate\":\"https:\/\/swoer.com\/?s={search_term_string}\"},\"query-input\":\"required name=search_term_string\"}],\"inLanguage\":\"es\"}]}<\/script>\n<!-- \/ Yoast SEO plugin. -->","yoast_head_json":{"title":"Bowl Feeder Manufacturers UK | Vibratory Bowl Feeders Supplier - SWOER","description":"SWOER is a leading bowl feeder manufacturer and supplier, offering high-quality vibratory bowl feeders for automation companies across the UK.","robots":{"index":"index","follow":"follow","max-snippet":"max-snippet:-1","max-image-preview":"max-image-preview:large","max-video-preview":"max-video-preview:-1"},"canonical":"https:\/\/swoer.com\/es_pe\/manufacturer\/bowl-feeder-manufacturers-uk\/","og_locale":"es_ES","og_type":"article","og_title":"Bowl Feeder Manufacturers UK | Vibratory Bowl Feeders Supplier - SWOER","og_description":"SWOER is a leading bowl feeder manufacturer and supplier, offering high-quality vibratory bowl feeders for automation companies across the UK.","og_url":"https:\/\/swoer.com\/es_pe\/manufacturer\/bowl-feeder-manufacturers-uk\/","og_site_name":"SWOER","article_modified_time":"2025-04-24T08:42:12+00:00","og_image":[{"width":800,"height":800,"url":"https:\/\/swoer.com\/wp-content\/uploads\/2025\/04\/Bowl-Feeder-Manufacturers-uk.webp","type":"image\/webp"}],"twitter_card":"summary_large_image","twitter_misc":{"Est. reading time":"2 minutos"},"schema":{"@context":"https:\/\/schema.org","@graph":[{"@type":"WebPage","@id":"https:\/\/swoer.com\/manufacturer\/bowl-feeder-manufacturers-uk\/","url":"https:\/\/swoer.com\/manufacturer\/bowl-feeder-manufacturers-uk\/","name":"Bowl Feeder Manufacturers UK | Vibratory Bowl Feeders Supplier - SWOER","isPartOf":{"@id":"https:\/\/swoer.com\/#website"},"primaryImageOfPage":{"@id":"https:\/\/swoer.com\/manufacturer\/bowl-feeder-manufacturers-uk\/#primaryimage"},"image":{"@id":"https:\/\/swoer.com\/manufacturer\/bowl-feeder-manufacturers-uk\/#primaryimage"},"thumbnailUrl":"https:\/\/swoer.com\/wp-content\/uploads\/2025\/04\/Bowl-Feeder-Manufacturers-uk.webp","datePublished":"2025-04-24T01:39:19+00:00","dateModified":"2025-04-24T08:42:12+00:00","description":"SWOER is a leading bowl feeder manufacturer and supplier, offering high-quality vibratory bowl feeders for automation companies across the UK.","breadcrumb":{"@id":"https:\/\/swoer.com\/manufacturer\/bowl-feeder-manufacturers-uk\/#breadcrumb"},"inLanguage":"es","potentialAction":[{"@type":"ReadAction","target":["https:\/\/swoer.com\/manufacturer\/bowl-feeder-manufacturers-uk\/"]}]},{"@type":"ImageObject","inLanguage":"es","@id":"https:\/\/swoer.com\/manufacturer\/bowl-feeder-manufacturers-uk\/#primaryimage","url":"https:\/\/swoer.com\/wp-content\/uploads\/2025\/04\/Bowl-Feeder-Manufacturers-uk.webp","contentUrl":"https:\/\/swoer.com\/wp-content\/uploads\/2025\/04\/Bowl-Feeder-Manufacturers-uk.webp","width":800,"height":800,"caption":"Bowl Feeder Manufacturers uk"},{"@type":"BreadcrumbList","@id":"https:\/\/swoer.com\/manufacturer\/bowl-feeder-manufacturers-uk\/#breadcrumb","itemListElement":[{"@type":"ListItem","position":1,"name":"Home","item":"https:\/\/swoer.com\/"},{"@type":"ListItem","position":2,"name":"Shop","item":"https:\/\/swoer.com\/shop\/"},{"@type":"ListItem","position":3,"name":"Bowl Feeder Manufacturers UK | Vibratory Bowl Feeders Supplier"}]},{"@type":"WebSite","@id":"https:\/\/swoer.com\/#website","url":"https:\/\/swoer.com\/","name":"SWOER","description":"Swoer is the top 3 vibratory bowl feeder manufacturer in China","potentialAction":[{"@type":"SearchAction","target":{"@type":"EntryPoint","urlTemplate":"https:\/\/swoer.com\/?s={search_term_string}"},"query-input":"required name=search_term_string"}],"inLanguage":"es"}]}},"_links":{"self":[{"href":"https:\/\/swoer.com\/es_pe\/wp-json\/wp\/v2\/product\/3334"}],"collection":[{"href":"https:\/\/swoer.com\/es_pe\/wp-json\/wp\/v2\/product"}],"about":[{"href":"https:\/\/swoer.com\/es_pe\/wp-json\/wp\/v2\/types\/product"}],"replies":[{"embeddable":true,"href":"https:\/\/swoer.com\/es_pe\/wp-json\/wp\/v2\/comments?post=3334"}],"wp:featuredmedia":[{"embeddable":true,"href":"https:\/\/swoer.com\/es_pe\/wp-json\/wp\/v2\/media\/3336"}],"wp:attachment":[{"href":"https:\/\/swoer.com\/es_pe\/wp-json\/wp\/v2\/media?parent=3334"}],"wp:term":[{"taxonomy":"product_cat","embeddable":true,"href":"https:\/\/swoer.com\/es_pe\/wp-json\/wp\/v2\/product_cat?post=3334"},{"taxonomy":"product_tag","embeddable":true,"href":"https:\/\/swoer.com\/es_pe\/wp-json\/wp\/v2\/product_tag?post=3334"}],"curies":[{"name":"wp","href":"https:\/\/api.w.org\/{rel}","templated":true}]}}