{"id":2543,"date":"2024-08-27T22:30:10","date_gmt":"2024-08-27T14:30:10","guid":{"rendered":"https:\/\/swoer.com\/?post_type=product&#038;p=2543"},"modified":"2024-08-28T15:52:14","modified_gmt":"2024-08-28T07:52:14","slug":"vibratory-bowl-feeder-with-vision-inspection-integration","status":"publish","type":"product","link":"https:\/\/swoer.com\/es_pe\/manufacturer\/vibratory-bowl-feeder-with-vision-inspection-integration\/","title":{"rendered":"Alimentador vibratorio con sistema de inspecci\u00f3n por visi\u00f3n integrado"},"content":{"rendered":"<p>Nuestro alimentador vibratorio con sistema de inspecci\u00f3n visual integrado ofrece una soluci\u00f3n de vanguardia para las industrias de precisi\u00f3n. Este sistema avanzado combina de manera eficiente la alimentaci\u00f3n de piezas con la inspecci\u00f3n visual en tiempo real. Como resultado, solo los componentes de la m\u00e1s alta calidad llegan a su l\u00ednea de producci\u00f3n. Ideal para dispositivos m\u00e9dicos, electr\u00f3nicos y automotrices, mejora la precisi\u00f3n al tiempo que reduce los defectos y el tiempo de inactividad. Adem\u00e1s, con opciones personalizables para adaptarse a sus necesidades, nuestro alimentador con inspecci\u00f3n visual garantiza una confiabilidad inigualable. En consecuencia, se ha convertido en una herramienta esencial para la fabricaci\u00f3n automatizada moderna.<\/p>\n\t<div id=\"gap-1039304406\" class=\"gap-element clearfix\" style=\"display:block; height:auto;\">\n\t\t\n<style>\n#gap-1039304406 {\n  padding-top: 30px;\n}\n<\/style>\n\t<\/div>\n\t\n<h2>Especificaci\u00f3n<\/h2>\n<table width=\"874\">\n<tbody>\n<tr>\n<td width=\"183\">Nombre del producto<\/td>\n<td width=\"691\">Alimentador vibratorio con sistema de inspecci\u00f3n por visi\u00f3n integrado<\/td>\n<\/tr>\n<tr>\n<td>Caracter\u00edsticas<\/td>\n<td>Clasificaci\u00f3n precisa mediante reconocimiento visual del anverso y reverso de los materiales.<\/td>\n<\/tr>\n<tr>\n<td>Material<\/td>\n<td>\u00a0SUS201\/304<\/td>\n<\/tr>\n<tr>\n<td>Especialidad del material<\/td>\n<td>Aleaci\u00f3n de forja con tratamiento en fr\u00edo, alta resistencia, alta dureza.<\/td>\n<\/tr>\n<tr>\n<td>Voltaje<\/td>\n<td>220 V<\/td>\n<\/tr>\n<tr>\n<td>Fuerza<\/td>\n<td>65 W\/150 W\/180 W\/220 W\/350 W<\/td>\n<\/tr>\n<tr>\n<td>Autenticaci\u00f3n<\/td>\n<td>Certificaci\u00f3n CE, RoHS, ISO9001<\/td>\n<\/tr>\n<tr>\n<td>Garant\u00eda<\/td>\n<td>1 a\u00f1o de garant\u00eda<\/td>\n<\/tr>\n<tr>\n<td>Cantidad m\u00ednima de pedido<\/td>\n<td>1 juego<\/td>\n<\/tr>\n<tr>\n<td>Plazo de entrega<\/td>\n<td>10-14 d\u00edas<\/td>\n<\/tr>\n<tr>\n<td>Plazo de pago<\/td>\n<td>T\/T 40% Dep\u00f3sito y saldo antes del env\u00edo<\/td>\n<\/tr>\n<tr>\n<td>Original del lugar<\/td>\n<td>Porcelana<\/td>\n<\/tr>\n<\/tbody>\n<\/table>\n\t<div id=\"gap-1660762742\" class=\"gap-element clearfix\" style=\"display:block; height:auto;\">\n\t\t\n<style>\n#gap-1660762742 {\n  padding-top: 30px;\n}\n<\/style>\n\t<\/div>\n\t\n<p>Ofrecemos planos de dise\u00f1o gratuitos para materiales que necesitan posicionamiento frontal y posterior, detecci\u00f3n de defectos u otras inspecciones. <strong>\u00a1Cont\u00e1ctanos ahora para comenzar!<\/strong><\/p>\n\n<div class=\"wpcf7 no-js\" id=\"wpcf7-f280-o1\" lang=\"en-US\" dir=\"ltr\">\n<div class=\"screen-reader-response\"><p role=\"status\" aria-live=\"polite\" aria-atomic=\"true\"><\/p> <ul><\/ul><\/div>\n<form action=\"\/es_pe\/wp-json\/wp\/v2\/product\/2543#wpcf7-f280-o1\" method=\"post\" class=\"wpcf7-form init\" aria-label=\"Formulario de contacto\" novalidate=\"novalidate\" data-status=\"init\" data-trp-original-action=\"\/es_pe\/wp-json\/wp\/v2\/product\/2543#wpcf7-f280-o1\">\n<div style=\"display: none;\">\n<input type=\"hidden\" name=\"_wpcf7\" value=\"280\" \/>\n<input type=\"hidden\" name=\"_wpcf7_version\" value=\"5.9.2\" \/>\n<input type=\"hidden\" name=\"_wpcf7_locale\" value=\"en_US\" \/>\n<input type=\"hidden\" name=\"_wpcf7_unit_tag\" value=\"wpcf7-f280-o1\" \/>\n<input type=\"hidden\" name=\"_wpcf7_container_post\" value=\"0\" \/>\n<input type=\"hidden\" name=\"_wpcf7_posted_data_hash\" value=\"\" \/>\n<\/div>\n<div class='custom_contact_style'>\n\t<div class=\"row row-small\">\n\t\t<div class=\"col medium-6 small-12 large-6\">\n\t\t\t<div class=\"col-inner\">\n\t\t\t\t<p><span class=\"wpcf7-form-control-wrap\" data-name=\"your-name\"><input size=\"40\" class=\"wpcf7-form-control wpcf7-text wpcf7-validates-as-required\" aria-required=\"true\" aria-invalid=\"false\" placeholder=\"Nombre*\" value=\"\" type=\"text\" name=\"your-name\" \/><\/span>\n\t\t\t\t<\/p>\n\t\t\t<\/div>\n\t\t<\/div>\n\t\t<div class=\"col medium-6 small-12 large-6\">\n\t\t\t<div class=\"col-inner\">\n\t\t\t\t<p><span class=\"wpcf7-form-control-wrap\" data-name=\"your-email\"><input size=\"40\" class=\"wpcf7-form-control wpcf7-email wpcf7-validates-as-required wpcf7-text wpcf7-validates-as-email\" aria-required=\"true\" aria-invalid=\"false\" placeholder=\"Correo electr\u00f3nico*\" value=\"\" type=\"email\" name=\"your-email\" \/><\/span>\n\t\t\t\t<\/p>\n\t\t\t<\/div>\n\t\t<\/div>\n\t<\/div>\n\t<div class='cus_contact_form_bottom'>\n\t\t<p><span class=\"wpcf7-form-control-wrap\" data-name=\"your-phone\"><input size=\"40\" class=\"wpcf7-form-control wpcf7-text\" aria-invalid=\"false\" placeholder=\"Tel\u00e9fono\" value=\"\" type=\"text\" name=\"your-phone\" \/><\/span>\n\t\t<\/p>\n\t<\/div>\n\t<div class='cus_contact_form_bottom'>\n\t\t<p><span class=\"wpcf7-form-control-wrap\" data-name=\"your-country\"><input size=\"40\" class=\"wpcf7-form-control wpcf7-text\" aria-invalid=\"false\" placeholder=\"Pa\u00eds\" value=\"\" type=\"text\" name=\"your-country\" \/><\/span>\n\t\t<\/p>\n\t<\/div>\n\t<p><span class=\"wpcf7-form-control-wrap\" data-name=\"your-message\"><textarea cols=\"40\" rows=\"10\" class=\"wpcf7-form-control wpcf7-textarea wpcf7-validates-as-required\" aria-required=\"true\" aria-invalid=\"false\" placeholder=\"Tu mensaje *\" name=\"your-message\"><\/textarea><\/span>\n\t<\/p>\n\t<div style=\"margin-bottom:10px;\">\n\t\t<p><span class=\"wpcf7-form-control-wrap kc_captcha cf7ic-toggle\" data-name=\"kc_captcha\"><span class=\"wpcf7-form-control wpcf7-radio\"><span class=\"captcha-image\" style=\"display: none;\"><span class=\"cf7ic_instructions\">Por favor, demuestre que es humano seleccionando el<span> tree<\/span>.<\/span><label><input aria-label=\"1\" type=\"radio\" name=\"kc_captcha\" value=\"bot\" \/><svg aria-hidden=\"true\" role=\"img\" xmlns=\"http:\/\/www.w3.org\/2000\/svg\" viewbox=\"0 0 512 512\"><path fill=\"currentColor\" d=\"M512 176a176 176 0 01-209 173l-24 27a24 24 0 01-18 8h-37v40c0 13-11 24-24 24h-40v40c0 13-11 24-24 24H24c-13 0-24-11-24-24v-78c0-6 3-13 7-17l162-162a176 176 0 11343-55zm-176-48a48 48 0 1096 0 48 48 0 00-96 0z\"\/><\/svg><\/label><label><input aria-label=\"2\" type=\"radio\" name=\"kc_captcha\" value=\"kc_human\" \/><svg aria-hidden=\"true\" role=\"img\" xmlns=\"http:\/\/www.w3.org\/2000\/svg\" viewbox=\"0 0 384 512\"><path fill=\"currentColor\" d=\"M377 375l-83-87h34c21 0 32-25 17-40l-82-88h33c21 0 32-25 18-40L210 8c-10-11-26-11-36 0L70 120c-14 15-3 40 18 40h33l-82 88c-15 15-4 40 17 40h34L7 375c-15 16-4 41 17 41h120c0 33-11 49-34 68-12 9-5 28 10 28h144c15 0 22-19 10-28-20-16-34-32-34-68h120c21 0 32-25 17-41z\"\/><\/svg><\/label><label><input aria-label=\"3\" type=\"radio\" name=\"kc_captcha\" value=\"bot\" \/><svg aria-hidden=\"true\" role=\"img\" xmlns=\"http:\/\/www.w3.org\/2000\/svg\" viewbox=\"0 0 576 512\"><path fill=\"currentColor\" d=\"M472 200H360L256 6a12 12 0 00-10-6h-58c-8 0-14 7-12 15l34 185H100l-35-58a12 12 0 00-10-6H12c-8 0-13 7-12 14l21 106L0 362c-1 7 4 14 12 14h43c4 0 8-2 10-6l35-58h110l-34 185c-2 8 4 15 12 15h58a12 12 0 0010-6l104-194h112c57 0 104-25 104-56s-47-56-104-56z\"\/><\/svg><\/label>\r\n    <\/span>\r\n    <span style=\"display:none\">\r\n        <input type=\"text\" name=\"kc_honeypot\">\r\n    <\/span><\/span><\/span>\n\t\t<\/p>\n\t<\/div>\n\t<p><input class=\"wpcf7-form-control wpcf7-submit has-spinner\" type=\"submit\" value=\"Enviar mensaje\" \/>\n\t<\/p>\n<\/div><div class=\"wpcf7-response-output\" aria-hidden=\"true\"><\/div>\n<input type=\"hidden\" name=\"trp-form-language\" value=\"es_pe\"\/><\/form>\n<\/div>","protected":false},"excerpt":{"rendered":"<p>La inspecci\u00f3n visual con nuestros alimentadores vibratorios permite clasificar los sellos por la misma cara. Esta integraci\u00f3n garantiza una manipulaci\u00f3n precisa del material y mejora la eficiencia general.<\/p>","protected":false},"featured_media":2544,"comment_status":"open","ping_status":"closed","template":"","meta":[],"product_cat":[37],"product_tag":[],"yoast_head":"<!-- This site is optimized with the Yoast SEO plugin v22.2 - https:\/\/yoast.com\/wordpress\/plugins\/seo\/ -->\n<title>Vibratory Bowl Feeder with Vision Inspection Integration - SWOER<\/title>\n<meta name=\"description\" content=\"Improve seal positioning and shape-differentiating screening to increase production efficiency using our vibratory bowl feeders and vision inspection systems.\" \/>\n<meta name=\"robots\" content=\"index, follow, max-snippet:-1, max-image-preview:large, max-video-preview:-1\" \/>\n<link rel=\"canonical\" href=\"https:\/\/swoer.com\/es_pe\/manufacturer\/vibratory-bowl-feeder-with-vision-inspection-integration\/\" \/>\n<meta property=\"og:locale\" content=\"es_ES\" \/>\n<meta property=\"og:type\" content=\"article\" \/>\n<meta property=\"og:title\" content=\"Vibratory Bowl Feeder with Vision Inspection Integration - SWOER\" \/>\n<meta property=\"og:description\" content=\"Improve seal positioning and shape-differentiating screening to increase production efficiency using our vibratory bowl feeders and vision inspection systems.\" \/>\n<meta property=\"og:url\" content=\"https:\/\/swoer.com\/es_pe\/manufacturer\/vibratory-bowl-feeder-with-vision-inspection-integration\/\" \/>\n<meta property=\"og:site_name\" content=\"SWOER\" \/>\n<meta property=\"article:modified_time\" content=\"2024-08-28T07:52:14+00:00\" \/>\n<meta property=\"og:image\" content=\"https:\/\/swoer.com\/wp-content\/uploads\/2024\/08\/Vibratory-Bowl-Feeder-with-Vision-Inspection-Integration.webp\" \/>\n\t<meta property=\"og:image:width\" content=\"1000\" \/>\n\t<meta property=\"og:image:height\" content=\"1000\" \/>\n\t<meta property=\"og:image:type\" content=\"image\/webp\" \/>\n<meta name=\"twitter:card\" content=\"summary_large_image\" \/>\n<meta name=\"twitter:label1\" content=\"Est. reading time\" \/>\n\t<meta name=\"twitter:data1\" content=\"1 minuto\" \/>\n<script type=\"application\/ld+json\" class=\"yoast-schema-graph\">{\"@context\":\"https:\/\/schema.org\",\"@graph\":[{\"@type\":\"WebPage\",\"@id\":\"https:\/\/swoer.com\/manufacturer\/vibratory-bowl-feeder-with-vision-inspection-integration\/\",\"url\":\"https:\/\/swoer.com\/manufacturer\/vibratory-bowl-feeder-with-vision-inspection-integration\/\",\"name\":\"Vibratory Bowl Feeder with Vision Inspection Integration - SWOER\",\"isPartOf\":{\"@id\":\"https:\/\/swoer.com\/#website\"},\"primaryImageOfPage\":{\"@id\":\"https:\/\/swoer.com\/manufacturer\/vibratory-bowl-feeder-with-vision-inspection-integration\/#primaryimage\"},\"image\":{\"@id\":\"https:\/\/swoer.com\/manufacturer\/vibratory-bowl-feeder-with-vision-inspection-integration\/#primaryimage\"},\"thumbnailUrl\":\"https:\/\/swoer.com\/wp-content\/uploads\/2024\/08\/Vibratory-Bowl-Feeder-with-Vision-Inspection-Integration.webp\",\"datePublished\":\"2024-08-27T14:30:10+00:00\",\"dateModified\":\"2024-08-28T07:52:14+00:00\",\"description\":\"Improve seal positioning and shape-differentiating screening to increase production efficiency using our vibratory bowl feeders and vision inspection systems.\",\"breadcrumb\":{\"@id\":\"https:\/\/swoer.com\/manufacturer\/vibratory-bowl-feeder-with-vision-inspection-integration\/#breadcrumb\"},\"inLanguage\":\"es\",\"potentialAction\":[{\"@type\":\"ReadAction\",\"target\":[\"https:\/\/swoer.com\/manufacturer\/vibratory-bowl-feeder-with-vision-inspection-integration\/\"]}]},{\"@type\":\"ImageObject\",\"inLanguage\":\"es\",\"@id\":\"https:\/\/swoer.com\/manufacturer\/vibratory-bowl-feeder-with-vision-inspection-integration\/#primaryimage\",\"url\":\"https:\/\/swoer.com\/wp-content\/uploads\/2024\/08\/Vibratory-Bowl-Feeder-with-Vision-Inspection-Integration.webp\",\"contentUrl\":\"https:\/\/swoer.com\/wp-content\/uploads\/2024\/08\/Vibratory-Bowl-Feeder-with-Vision-Inspection-Integration.webp\",\"width\":1000,\"height\":1000,\"caption\":\"Vibratory Bowl Feeder with Vision Inspection Integration\"},{\"@type\":\"BreadcrumbList\",\"@id\":\"https:\/\/swoer.com\/manufacturer\/vibratory-bowl-feeder-with-vision-inspection-integration\/#breadcrumb\",\"itemListElement\":[{\"@type\":\"ListItem\",\"position\":1,\"name\":\"Home\",\"item\":\"https:\/\/swoer.com\/\"},{\"@type\":\"ListItem\",\"position\":2,\"name\":\"Shop\",\"item\":\"https:\/\/swoer.com\/shop\/\"},{\"@type\":\"ListItem\",\"position\":3,\"name\":\"Vibratory Bowl Feeder with Vision Inspection Integration\"}]},{\"@type\":\"WebSite\",\"@id\":\"https:\/\/swoer.com\/#website\",\"url\":\"https:\/\/swoer.com\/\",\"name\":\"SWOER\",\"description\":\"Swoer is the top 3 vibratory bowl feeder manufacturer in China\",\"potentialAction\":[{\"@type\":\"SearchAction\",\"target\":{\"@type\":\"EntryPoint\",\"urlTemplate\":\"https:\/\/swoer.com\/?s={search_term_string}\"},\"query-input\":\"required name=search_term_string\"}],\"inLanguage\":\"es\"}]}<\/script>\n<!-- \/ Yoast SEO plugin. -->","yoast_head_json":{"title":"Vibratory Bowl Feeder with Vision Inspection Integration - SWOER","description":"Improve seal positioning and shape-differentiating screening to increase production efficiency using our vibratory bowl feeders and vision inspection systems.","robots":{"index":"index","follow":"follow","max-snippet":"max-snippet:-1","max-image-preview":"max-image-preview:large","max-video-preview":"max-video-preview:-1"},"canonical":"https:\/\/swoer.com\/es_pe\/manufacturer\/vibratory-bowl-feeder-with-vision-inspection-integration\/","og_locale":"es_ES","og_type":"article","og_title":"Vibratory Bowl Feeder with Vision Inspection Integration - SWOER","og_description":"Improve seal positioning and shape-differentiating screening to increase production efficiency using our vibratory bowl feeders and vision inspection systems.","og_url":"https:\/\/swoer.com\/es_pe\/manufacturer\/vibratory-bowl-feeder-with-vision-inspection-integration\/","og_site_name":"SWOER","article_modified_time":"2024-08-28T07:52:14+00:00","og_image":[{"width":1000,"height":1000,"url":"https:\/\/swoer.com\/wp-content\/uploads\/2024\/08\/Vibratory-Bowl-Feeder-with-Vision-Inspection-Integration.webp","type":"image\/webp"}],"twitter_card":"summary_large_image","twitter_misc":{"Est. reading time":"1 minuto"},"schema":{"@context":"https:\/\/schema.org","@graph":[{"@type":"WebPage","@id":"https:\/\/swoer.com\/manufacturer\/vibratory-bowl-feeder-with-vision-inspection-integration\/","url":"https:\/\/swoer.com\/manufacturer\/vibratory-bowl-feeder-with-vision-inspection-integration\/","name":"Vibratory Bowl Feeder with Vision Inspection Integration - SWOER","isPartOf":{"@id":"https:\/\/swoer.com\/#website"},"primaryImageOfPage":{"@id":"https:\/\/swoer.com\/manufacturer\/vibratory-bowl-feeder-with-vision-inspection-integration\/#primaryimage"},"image":{"@id":"https:\/\/swoer.com\/manufacturer\/vibratory-bowl-feeder-with-vision-inspection-integration\/#primaryimage"},"thumbnailUrl":"https:\/\/swoer.com\/wp-content\/uploads\/2024\/08\/Vibratory-Bowl-Feeder-with-Vision-Inspection-Integration.webp","datePublished":"2024-08-27T14:30:10+00:00","dateModified":"2024-08-28T07:52:14+00:00","description":"Improve seal positioning and shape-differentiating screening to increase production efficiency using our vibratory bowl feeders and vision inspection systems.","breadcrumb":{"@id":"https:\/\/swoer.com\/manufacturer\/vibratory-bowl-feeder-with-vision-inspection-integration\/#breadcrumb"},"inLanguage":"es","potentialAction":[{"@type":"ReadAction","target":["https:\/\/swoer.com\/manufacturer\/vibratory-bowl-feeder-with-vision-inspection-integration\/"]}]},{"@type":"ImageObject","inLanguage":"es","@id":"https:\/\/swoer.com\/manufacturer\/vibratory-bowl-feeder-with-vision-inspection-integration\/#primaryimage","url":"https:\/\/swoer.com\/wp-content\/uploads\/2024\/08\/Vibratory-Bowl-Feeder-with-Vision-Inspection-Integration.webp","contentUrl":"https:\/\/swoer.com\/wp-content\/uploads\/2024\/08\/Vibratory-Bowl-Feeder-with-Vision-Inspection-Integration.webp","width":1000,"height":1000,"caption":"Vibratory Bowl Feeder with Vision Inspection Integration"},{"@type":"BreadcrumbList","@id":"https:\/\/swoer.com\/manufacturer\/vibratory-bowl-feeder-with-vision-inspection-integration\/#breadcrumb","itemListElement":[{"@type":"ListItem","position":1,"name":"Home","item":"https:\/\/swoer.com\/"},{"@type":"ListItem","position":2,"name":"Shop","item":"https:\/\/swoer.com\/shop\/"},{"@type":"ListItem","position":3,"name":"Vibratory Bowl Feeder with Vision Inspection Integration"}]},{"@type":"WebSite","@id":"https:\/\/swoer.com\/#website","url":"https:\/\/swoer.com\/","name":"SWOER","description":"Swoer is the top 3 vibratory bowl feeder manufacturer in China","potentialAction":[{"@type":"SearchAction","target":{"@type":"EntryPoint","urlTemplate":"https:\/\/swoer.com\/?s={search_term_string}"},"query-input":"required name=search_term_string"}],"inLanguage":"es"}]}},"_links":{"self":[{"href":"https:\/\/swoer.com\/es_pe\/wp-json\/wp\/v2\/product\/2543"}],"collection":[{"href":"https:\/\/swoer.com\/es_pe\/wp-json\/wp\/v2\/product"}],"about":[{"href":"https:\/\/swoer.com\/es_pe\/wp-json\/wp\/v2\/types\/product"}],"replies":[{"embeddable":true,"href":"https:\/\/swoer.com\/es_pe\/wp-json\/wp\/v2\/comments?post=2543"}],"wp:featuredmedia":[{"embeddable":true,"href":"https:\/\/swoer.com\/es_pe\/wp-json\/wp\/v2\/media\/2544"}],"wp:attachment":[{"href":"https:\/\/swoer.com\/es_pe\/wp-json\/wp\/v2\/media?parent=2543"}],"wp:term":[{"taxonomy":"product_cat","embeddable":true,"href":"https:\/\/swoer.com\/es_pe\/wp-json\/wp\/v2\/product_cat?post=2543"},{"taxonomy":"product_tag","embeddable":true,"href":"https:\/\/swoer.com\/es_pe\/wp-json\/wp\/v2\/product_tag?post=2543"}],"curies":[{"name":"wp","href":"https:\/\/api.w.org\/{rel}","templated":true}]}}