{"id":2522,"date":"2024-08-20T22:30:31","date_gmt":"2024-08-20T14:30:31","guid":{"rendered":"https:\/\/swoer.com\/?post_type=product&#038;p=2522"},"modified":"2024-11-19T17:08:30","modified_gmt":"2024-11-19T09:08:30","slug":"screw-rotary-visual-screening-machine-with-ccd-inspection","status":"publish","type":"product","link":"https:\/\/swoer.com\/es_pe\/manufacturer\/screw-rotary-visual-screening-machine-with-ccd-inspection\/","title":{"rendered":"M\u00e1quina de inspecci\u00f3n visual rotativa de tornillo con inspecci\u00f3n CCD"},"content":{"rendered":"<p>La m\u00e1quina de inspecci\u00f3n visual de mesa giratoria es un dispositivo de inspecci\u00f3n automatizado dise\u00f1ado para detectar el tama\u00f1o, la apariencia y otros defectos en varias piezas. El mecanismo de alimentaci\u00f3n, como una placa vibratoria, transporta autom\u00e1ticamente las piezas a la mesa giratoria de vidrio, donde la estaci\u00f3n de inspecci\u00f3n visual procesa las im\u00e1genes. El controlador de movimiento garantiza que la mesa giratoria de vidrio gire a una velocidad constante, proporciona informaci\u00f3n del codificador sobre la posici\u00f3n del material y compara las posiciones del hardware para controlar la c\u00e1mara CCD y el dispositivo de soplado en varias estaciones. Esto permite una inspecci\u00f3n y detecci\u00f3n completamente automatizadas de la apariencia, el tama\u00f1o y otros aspectos. La m\u00e1quina de inspecci\u00f3n visual de mesa giratoria se aplica ampliamente en electr\u00f3nica 3C, bater\u00edas de litio, componentes electr\u00f3nicos, semiconductores, hardware y otros sectores de fabricaci\u00f3n industrial.<\/p>\n<h2><\/h2>\n<h2>Introducci\u00f3n al controlador de movimiento<\/h2>\n<p>Puede realizar funciones complejas de control de movimiento, como interpolaci\u00f3n lineal e interpolaci\u00f3n circular. Tambi\u00e9n maneja el procesamiento de trayectoria continua y admite entrada de pestillo de alta velocidad de E\/S. Adem\u00e1s, ofrece salida precisa y salida de sincronizaci\u00f3n de posici\u00f3n (PSO). Esto lo hace ideal para equipos de inspecci\u00f3n visual de plataforma giratoria con 2 a 8 estaciones de inspecci\u00f3n visual.<\/p>\n\t<div class=\"img has-hover x md-x lg-x y md-y lg-y\" id=\"image_1500837187\">\n\t\t\t\t\t\t\t\t<div class=\"img-inner dark\" >\n\t\t\t<img loading=\"lazy\" decoding=\"async\" width=\"800\" height=\"500\" src=\"https:\/\/swoer.com\/wp-content\/uploads\/2024\/08\/Motion-Controller-Introduction.webp\" class=\"attachment-original size-original\" alt=\"Introducci\u00f3n al controlador de movimiento\" srcset=\"https:\/\/swoer.com\/wp-content\/uploads\/2024\/08\/Motion-Controller-Introduction.webp 800w, https:\/\/swoer.com\/wp-content\/uploads\/2024\/08\/Motion-Controller-Introduction-300x188.webp 300w, https:\/\/swoer.com\/wp-content\/uploads\/2024\/08\/Motion-Controller-Introduction-768x480.webp 768w, https:\/\/swoer.com\/wp-content\/uploads\/2024\/08\/Motion-Controller-Introduction-18x12.webp 18w, https:\/\/swoer.com\/wp-content\/uploads\/2024\/08\/Motion-Controller-Introduction-600x375.webp 600w\" sizes=\"(max-width: 800px) 100vw, 800px\" \/>\t\t\t\t\t\t\n\t\t\t\t\t<\/div>\n\t\t\t\t\t\t\t\t\n<style>\n#image_1500837187 {\n  width: 100%;\n}\n<\/style>\n\t<\/div>\n\t\n<h3>\u00a0Ventajas de la aplicaci\u00f3n del controlador en la m\u00e1quina de cribado visual con plataforma giratoria<\/h3>\n<ol>\n<li>Puede controlar el plato giratorio en tiempo real y registrar la posici\u00f3n de retroalimentaci\u00f3n del codificador;<\/li>\n<li>El puerto de entrada de alta velocidad se conecta al sensor, detectando y registrando las posiciones de las piezas.<\/li>\n<li>La salida de hardware PSO se conecta a 2-8 c\u00e1maras para vuelo visual, detecci\u00f3n y medici\u00f3n.<\/li>\n<li>La salida del hardware del PSO tambi\u00e9n se conecta al aeropuerto para examinar y clasificar los resultados de la inspecci\u00f3n visual.<\/li>\n<\/ol>\n\t<div class=\"img has-hover x md-x lg-x y md-y lg-y\" id=\"image_1231662442\">\n\t\t\t\t\t\t\t\t<div class=\"img-inner dark\" >\n\t\t\t<img loading=\"lazy\" decoding=\"async\" width=\"1062\" height=\"446\" src=\"https:\/\/swoer.com\/wp-content\/uploads\/2024\/08\/Schematic-diagram-of-visual-screening-function.webp\" class=\"attachment-original size-original\" alt=\"Diagrama esquem\u00e1tico de la funci\u00f3n de detecci\u00f3n visual\" srcset=\"https:\/\/swoer.com\/wp-content\/uploads\/2024\/08\/Schematic-diagram-of-visual-screening-function.webp 1062w, https:\/\/swoer.com\/wp-content\/uploads\/2024\/08\/Schematic-diagram-of-visual-screening-function-300x126.webp 300w, https:\/\/swoer.com\/wp-content\/uploads\/2024\/08\/Schematic-diagram-of-visual-screening-function-1024x430.webp 1024w, https:\/\/swoer.com\/wp-content\/uploads\/2024\/08\/Schematic-diagram-of-visual-screening-function-768x323.webp 768w, https:\/\/swoer.com\/wp-content\/uploads\/2024\/08\/Schematic-diagram-of-visual-screening-function-18x8.webp 18w, https:\/\/swoer.com\/wp-content\/uploads\/2024\/08\/Schematic-diagram-of-visual-screening-function-600x252.webp 600w\" sizes=\"(max-width: 1062px) 100vw, 1062px\" \/>\t\t\t\t\t\t\n\t\t\t\t\t<\/div>\n\t\t\t\t\t\t\t\t\n<style>\n#image_1231662442 {\n  width: 100%;\n}\n<\/style>\n\t<\/div>\n\t\n\t<div id=\"gap-1182707197\" class=\"gap-element clearfix\" style=\"display:block; height:auto;\">\n\t\t\n<style>\n#gap-1182707197 {\n  padding-top: 30px;\n}\n<\/style>\n\t<\/div>\n\t\n<h2>Principio de la m\u00e1quina de detecci\u00f3n visual con plato giratorio de vidrio<\/h2>\n<ol>\n<li>\n<h3>Principio de funcionamiento<\/h3>\n<\/li>\n<\/ol>\n<p>En primer lugar, la placa vibratoria transporta las piezas hasta el plato giratorio de vidrio de alta transparencia. A continuaci\u00f3n, el sensor detecta las piezas entrantes y el controlador registra su posici\u00f3n mediante el puerto de entrada de alta velocidad.<\/p>\n<p>Cuando el plato giratorio llega a la estaci\u00f3n de inspecci\u00f3n visual, el controlador activa la c\u00e1mara para tomar fotograf\u00edas a trav\u00e9s del puerto de salida de alta velocidad.<\/p>\n<p>Luego realiza operaciones de procesamiento de im\u00e1genes y, finalmente, detecta y examina autom\u00e1ticamente de acuerdo con los est\u00e1ndares de inspecci\u00f3n preestablecidos.<\/p>\n<p>y rechaza los productos defectuosos.<\/p>\n<ol start=\"2\">\n<li>\n<h3>Principio del sistema de control de movimiento<\/h3>\n<\/li>\n<\/ol>\n<p>En comparaci\u00f3n con la soluci\u00f3n tradicional PLC + pantalla t\u00e1ctil, el sistema basado en controlador de movimiento ofrece una mejor integraci\u00f3n, una respuesta m\u00e1s r\u00e1pida y una mayor eficiencia.<\/p>\n<p>Cuando la plataforma giratoria de vidrio se mueve r\u00e1pidamente, el hardware activa la c\u00e1mara para tomar fotograf\u00edas visuales. Procesa im\u00e1genes y genera resultados de inspecci\u00f3n en tiempo real, lo que mejora enormemente la velocidad de inspecci\u00f3n.<\/p>\n\t<div class=\"img has-hover x md-x lg-x y md-y lg-y\" id=\"image_1971495078\">\n\t\t\t\t\t\t\t\t<div class=\"img-inner dark\" >\n\t\t\t<img loading=\"lazy\" decoding=\"async\" width=\"800\" height=\"500\" src=\"https:\/\/swoer.com\/wp-content\/uploads\/2024\/08\/Control-system-principle.webp\" class=\"attachment-original size-original\" alt=\"Principio del sistema de control\" srcset=\"https:\/\/swoer.com\/wp-content\/uploads\/2024\/08\/Control-system-principle.webp 800w, https:\/\/swoer.com\/wp-content\/uploads\/2024\/08\/Control-system-principle-300x188.webp 300w, https:\/\/swoer.com\/wp-content\/uploads\/2024\/08\/Control-system-principle-768x480.webp 768w, https:\/\/swoer.com\/wp-content\/uploads\/2024\/08\/Control-system-principle-18x12.webp 18w, https:\/\/swoer.com\/wp-content\/uploads\/2024\/08\/Control-system-principle-600x375.webp 600w\" sizes=\"(max-width: 800px) 100vw, 800px\" \/>\t\t\t\t\t\t\n\t\t\t\t\t<\/div>\n\t\t\t\t\t\t\t\t\n<style>\n#image_1971495078 {\n  width: 100%;\n}\n<\/style>\n\t<\/div>\n\t\n\t<div id=\"gap-2106571498\" class=\"gap-element clearfix\" style=\"display:block; height:auto;\">\n\t\t\n<style>\n#gap-2106571498 {\n  padding-top: 30px;\n}\n<\/style>\n\t<\/div>\n\t\n<ol start=\"3\">\n<li>\n<h3>Principio del sistema visual<\/h3>\n<\/li>\n<\/ol>\n<p>El tiempo de respuesta, la exposici\u00f3n, los p\u00edxeles y el control de la fuente de luz de la c\u00e1mara deben cumplir con los requisitos de velocidad de la plataforma giratoria. Esto garantiza que la toma visual, la medici\u00f3n y la inspecci\u00f3n coincidan con la velocidad de movimiento de las diferentes piezas.<\/p>\n\t<div id=\"gap-1479152931\" class=\"gap-element clearfix\" style=\"display:block; height:auto;\">\n\t\t\n<style>\n#gap-1479152931 {\n  padding-top: 30px;\n}\n<\/style>\n\t<\/div>\n\t\n<h2>Aplicaci\u00f3n de controlador de movimiento y visi\u00f3n en equipos de detecci\u00f3n visual con plataforma giratoria<\/h2>\n<ol>\n<li>\n<h3>Flujo de acci\u00f3n del sistema<\/h3>\n<\/li>\n<\/ol>\n<ul>\n<li><strong>Los inspectores cargan los productos a examinar<\/strong><\/li>\n<\/ul>\n<p>Seleccione la placa vibratoria en funci\u00f3n del tipo de material. La placa vibratoria transporta las piezas hasta el plato giratorio de vidrio de alta transparencia. A continuaci\u00f3n, el plato giratorio gira a una velocidad constante establecida.<\/p>\n\t<div class=\"img has-hover x md-x lg-x y md-y lg-y\" id=\"image_362948665\">\n\t\t\t\t\t\t\t\t<div class=\"img-inner dark\" >\n\t\t\t<img loading=\"lazy\" decoding=\"async\" width=\"800\" height=\"500\" src=\"https:\/\/swoer.com\/wp-content\/uploads\/2024\/08\/Loading-of-products-to-be-inspected.webp\" class=\"attachment-original size-original\" alt=\"Carga de productos a inspeccionar\" srcset=\"https:\/\/swoer.com\/wp-content\/uploads\/2024\/08\/Loading-of-products-to-be-inspected.webp 800w, https:\/\/swoer.com\/wp-content\/uploads\/2024\/08\/Loading-of-products-to-be-inspected-300x188.webp 300w, https:\/\/swoer.com\/wp-content\/uploads\/2024\/08\/Loading-of-products-to-be-inspected-768x480.webp 768w, https:\/\/swoer.com\/wp-content\/uploads\/2024\/08\/Loading-of-products-to-be-inspected-18x12.webp 18w, https:\/\/swoer.com\/wp-content\/uploads\/2024\/08\/Loading-of-products-to-be-inspected-600x375.webp 600w\" sizes=\"(max-width: 800px) 100vw, 800px\" \/>\t\t\t\t\t\t\n\t\t\t\t\t<\/div>\n\t\t\t\t\t\t\t\t\n<style>\n#image_362948665 {\n  width: 100%;\n}\n<\/style>\n\t<\/div>\n\t\n\t<div id=\"gap-1362294274\" class=\"gap-element clearfix\" style=\"display:block; height:auto;\">\n\t\t\n<style>\n#gap-1362294274 {\n  padding-top: 30px;\n}\n<\/style>\n\t<\/div>\n\t\n<ul>\n<li><strong>Detecci\u00f3n de materiales y registro de posiciones<\/strong><\/li>\n<\/ul>\n<p>Cuando el sensor detecta el material, el puerto de cierre de alta velocidad basado en el sensor l\u00e1ser registra la posici\u00f3n actual del material;<\/p>\n\t<div class=\"img has-hover x md-x lg-x y md-y lg-y\" id=\"image_1828541393\">\n\t\t\t\t\t\t\t\t<div class=\"img-inner dark\" >\n\t\t\t<img loading=\"lazy\" decoding=\"async\" width=\"800\" height=\"500\" src=\"https:\/\/swoer.com\/wp-content\/uploads\/2024\/08\/Senses-material-and-records-position.webp\" class=\"attachment-original size-original\" alt=\"\" srcset=\"https:\/\/swoer.com\/wp-content\/uploads\/2024\/08\/Senses-material-and-records-position.webp 800w, https:\/\/swoer.com\/wp-content\/uploads\/2024\/08\/Senses-material-and-records-position-300x188.webp 300w, https:\/\/swoer.com\/wp-content\/uploads\/2024\/08\/Senses-material-and-records-position-768x480.webp 768w, https:\/\/swoer.com\/wp-content\/uploads\/2024\/08\/Senses-material-and-records-position-18x12.webp 18w, https:\/\/swoer.com\/wp-content\/uploads\/2024\/08\/Senses-material-and-records-position-600x375.webp 600w\" sizes=\"(max-width: 800px) 100vw, 800px\" \/>\t\t\t\t\t\t\n\t\t\t\t\t<\/div>\n\t\t\t\t\t\t\t\t\n<style>\n#image_1828541393 {\n  width: 100%;\n}\n<\/style>\n\t<\/div>\n\t\n\t<div id=\"gap-1195735021\" class=\"gap-element clearfix\" style=\"display:block; height:auto;\">\n\t\t\n<style>\n#gap-1195735021 {\n  padding-top: 30px;\n}\n<\/style>\n\t<\/div>\n\t\n<ul>\n<li><strong>La c\u00e1mara activa la toma de fotograf\u00edas<\/strong><\/li>\n<\/ul>\n<p>El sistema calcula la posici\u00f3n de cada c\u00e1mara mediante el puerto de cierre de alta velocidad. A continuaci\u00f3n, la salida de comparaci\u00f3n de posici\u00f3n del hardware del controlador de movimiento activa la c\u00e1mara para realizar tomas visuales en vuelo.<\/p>\n\t<div class=\"img has-hover x md-x lg-x y md-y lg-y\" id=\"image_222897083\">\n\t\t\t\t\t\t\t\t<div class=\"img-inner dark\" >\n\t\t\t<img loading=\"lazy\" decoding=\"async\" width=\"800\" height=\"500\" src=\"https:\/\/swoer.com\/wp-content\/uploads\/2024\/08\/Camera-triggers-photo-taking.webp\" class=\"attachment-original size-original\" alt=\"La c\u00e1mara activa la toma de fotograf\u00edas\" srcset=\"https:\/\/swoer.com\/wp-content\/uploads\/2024\/08\/Camera-triggers-photo-taking.webp 800w, https:\/\/swoer.com\/wp-content\/uploads\/2024\/08\/Camera-triggers-photo-taking-300x188.webp 300w, https:\/\/swoer.com\/wp-content\/uploads\/2024\/08\/Camera-triggers-photo-taking-768x480.webp 768w, https:\/\/swoer.com\/wp-content\/uploads\/2024\/08\/Camera-triggers-photo-taking-18x12.webp 18w, https:\/\/swoer.com\/wp-content\/uploads\/2024\/08\/Camera-triggers-photo-taking-600x375.webp 600w\" sizes=\"(max-width: 800px) 100vw, 800px\" \/>\t\t\t\t\t\t\n\t\t\t\t\t<\/div>\n\t\t\t\t\t\t\t\t\n<style>\n#image_222897083 {\n  width: 100%;\n}\n<\/style>\n\t<\/div>\n\t\n\t<div id=\"gap-1659537684\" class=\"gap-element clearfix\" style=\"display:block; height:auto;\">\n\t\t\n<style>\n#gap-1659537684 {\n  padding-top: 30px;\n}\n<\/style>\n\t<\/div>\n\t\n<ul>\n<li><strong>\u00a0Procesamiento del sistema visual<\/strong><\/li>\n<\/ul>\n<p>Realizar inspecci\u00f3n visual, medici\u00f3n, reconocimiento y otras funciones en las im\u00e1genes del material fotografiado y transmitir se\u00f1ales OK o NG al controlador de movimiento; cribado con soplado de aire.<\/p>\n\t<div class=\"img has-hover x md-x lg-x y md-y lg-y\" id=\"image_116436222\">\n\t\t\t\t\t\t\t\t<div class=\"img-inner dark\" >\n\t\t\t<img loading=\"lazy\" decoding=\"async\" width=\"800\" height=\"500\" src=\"https:\/\/swoer.com\/wp-content\/uploads\/2024\/08\/Vision-Processing-System.webp\" class=\"attachment-original size-original\" alt=\"Sistema de procesamiento de visi\u00f3n\" srcset=\"https:\/\/swoer.com\/wp-content\/uploads\/2024\/08\/Vision-Processing-System.webp 800w, https:\/\/swoer.com\/wp-content\/uploads\/2024\/08\/Vision-Processing-System-300x188.webp 300w, https:\/\/swoer.com\/wp-content\/uploads\/2024\/08\/Vision-Processing-System-768x480.webp 768w, https:\/\/swoer.com\/wp-content\/uploads\/2024\/08\/Vision-Processing-System-18x12.webp 18w, https:\/\/swoer.com\/wp-content\/uploads\/2024\/08\/Vision-Processing-System-600x375.webp 600w\" sizes=\"(max-width: 800px) 100vw, 800px\" \/>\t\t\t\t\t\t\n\t\t\t\t\t<\/div>\n\t\t\t\t\t\t\t\t\n<style>\n#image_116436222 {\n  width: 100%;\n}\n<\/style>\n\t<\/div>\n\t\n<p>El sistema visual env\u00eda los resultados al controlador de movimiento y el sensor proporciona la posici\u00f3n del material. El sistema calcula la posici\u00f3n de la salida de aire y utiliza la salida de comparaci\u00f3n de posici\u00f3n del hardware del controlador de movimiento para controlar la salida de aire y detectar los productos buenos y malos.<\/p>\n\t<div class=\"img has-hover x md-x lg-x y md-y lg-y\" id=\"image_911821399\">\n\t\t\t\t\t\t\t\t<div class=\"img-inner dark\" >\n\t\t\t<img loading=\"lazy\" decoding=\"async\" width=\"800\" height=\"500\" src=\"https:\/\/swoer.com\/wp-content\/uploads\/2024\/08\/Screening-of-good-and-bad-products.webp\" class=\"attachment-original size-original\" alt=\"Selecci\u00f3n de productos buenos y malos\" srcset=\"https:\/\/swoer.com\/wp-content\/uploads\/2024\/08\/Screening-of-good-and-bad-products.webp 800w, https:\/\/swoer.com\/wp-content\/uploads\/2024\/08\/Screening-of-good-and-bad-products-300x188.webp 300w, https:\/\/swoer.com\/wp-content\/uploads\/2024\/08\/Screening-of-good-and-bad-products-768x480.webp 768w, https:\/\/swoer.com\/wp-content\/uploads\/2024\/08\/Screening-of-good-and-bad-products-18x12.webp 18w, https:\/\/swoer.com\/wp-content\/uploads\/2024\/08\/Screening-of-good-and-bad-products-600x375.webp 600w\" sizes=\"(max-width: 800px) 100vw, 800px\" \/>\t\t\t\t\t\t\n\t\t\t\t\t<\/div>\n\t\t\t\t\t\t\t\t\n<style>\n#image_911821399 {\n  width: 100%;\n}\n<\/style>\n\t<\/div>\n\t\n<ol start=\"2\">\n<li>\n<h3>Ventajas de la soluci\u00f3n<\/h3>\n<\/li>\n<\/ol>\n<ul>\n<li>Resultados de pruebas estables con alta consistencia;<\/li>\n<li>Examinar y clasificar autom\u00e1ticamente los productos defectuosos y eliminarlos para mejorar la calidad del producto;<\/li>\n<li>En comparaci\u00f3n con el disparo est\u00e1tico, el disparo visual en vuelo reduce el CT de la m\u00e1quina y mejora la eficiencia;<\/li>\n<li>Una persona que opera una m\u00e1quina puede reemplazar de 2 a 6 operaciones manuales y mejorar la capacidad de producci\u00f3n;<\/li>\n<li>Supervisar cada proceso de inspecci\u00f3n de producci\u00f3n para garantizar que sea confiable y eficaz.<\/li>\n<li>En comparaci\u00f3n con la soluci\u00f3n tradicional de PLC + pantalla t\u00e1ctil, tiene una mayor integraci\u00f3n, mejor rendimiento de costos, respuesta m\u00e1s r\u00e1pida y mayor eficiencia.<\/li>\n<\/ul>","protected":false},"excerpt":{"rendered":"<p>Nuestras m\u00e1quinas de inspecci\u00f3n visual con plataforma giratoria ofrecen una inspecci\u00f3n automatizada avanzada del tama\u00f1o, la apariencia y los defectos de las piezas.<\/p>\n<p>Perfecto para industrias como la electr\u00f3nica, los semiconductores y la fabricaci\u00f3n de hardware.<\/p>","protected":false},"featured_media":2897,"comment_status":"open","ping_status":"closed","template":"","meta":[],"product_cat":[113],"product_tag":[],"yoast_head":"<!-- This site is optimized with the Yoast SEO plugin v22.2 - https:\/\/yoast.com\/wordpress\/plugins\/seo\/ -->\n<title>Screw Rotary Visual Screening Machine with CCD Inspection - SWOER<\/title>\n<meta name=\"description\" content=\"High-quality turntable visual screening machines are designed for precise automated inspection of parts&#039; size, appearance, and defects.\" \/>\n<meta name=\"robots\" content=\"index, follow, max-snippet:-1, max-image-preview:large, max-video-preview:-1\" \/>\n<link rel=\"canonical\" href=\"https:\/\/swoer.com\/es_pe\/manufacturer\/screw-rotary-visual-screening-machine-with-ccd-inspection\/\" \/>\n<meta property=\"og:locale\" content=\"es_ES\" \/>\n<meta property=\"og:type\" content=\"article\" \/>\n<meta property=\"og:title\" content=\"Screw Rotary Visual Screening Machine with CCD Inspection - SWOER\" \/>\n<meta property=\"og:description\" content=\"High-quality turntable visual screening machines are designed for precise automated inspection of parts&#039; size, appearance, and defects.\" \/>\n<meta property=\"og:url\" content=\"https:\/\/swoer.com\/es_pe\/manufacturer\/screw-rotary-visual-screening-machine-with-ccd-inspection\/\" \/>\n<meta property=\"og:site_name\" content=\"SWOER\" \/>\n<meta property=\"article:modified_time\" content=\"2024-11-19T09:08:30+00:00\" \/>\n<meta property=\"og:image\" content=\"https:\/\/swoer.com\/wp-content\/uploads\/2024\/08\/Screw-Rotary-Visual-Screening-machine-with-CCD-inspection.webp\" \/>\n\t<meta property=\"og:image:width\" content=\"1000\" \/>\n\t<meta property=\"og:image:height\" content=\"1000\" \/>\n\t<meta property=\"og:image:type\" content=\"image\/webp\" \/>\n<meta name=\"twitter:card\" content=\"summary_large_image\" \/>\n<meta name=\"twitter:label1\" content=\"Est. reading time\" \/>\n\t<meta name=\"twitter:data1\" content=\"4 minutos\" \/>\n<script type=\"application\/ld+json\" class=\"yoast-schema-graph\">{\"@context\":\"https:\/\/schema.org\",\"@graph\":[{\"@type\":\"WebPage\",\"@id\":\"https:\/\/swoer.com\/manufacturer\/screw-rotary-visual-screening-machine-with-ccd-inspection\/\",\"url\":\"https:\/\/swoer.com\/manufacturer\/screw-rotary-visual-screening-machine-with-ccd-inspection\/\",\"name\":\"Screw Rotary Visual Screening Machine with CCD Inspection - SWOER\",\"isPartOf\":{\"@id\":\"https:\/\/swoer.com\/#website\"},\"primaryImageOfPage\":{\"@id\":\"https:\/\/swoer.com\/manufacturer\/screw-rotary-visual-screening-machine-with-ccd-inspection\/#primaryimage\"},\"image\":{\"@id\":\"https:\/\/swoer.com\/manufacturer\/screw-rotary-visual-screening-machine-with-ccd-inspection\/#primaryimage\"},\"thumbnailUrl\":\"https:\/\/swoer.com\/wp-content\/uploads\/2024\/08\/Screw-Rotary-Visual-Screening-machine-with-CCD-inspection.webp\",\"datePublished\":\"2024-08-20T14:30:31+00:00\",\"dateModified\":\"2024-11-19T09:08:30+00:00\",\"description\":\"High-quality turntable visual screening machines are designed for precise automated inspection of parts' size, appearance, and defects.\",\"breadcrumb\":{\"@id\":\"https:\/\/swoer.com\/manufacturer\/screw-rotary-visual-screening-machine-with-ccd-inspection\/#breadcrumb\"},\"inLanguage\":\"es\",\"potentialAction\":[{\"@type\":\"ReadAction\",\"target\":[\"https:\/\/swoer.com\/manufacturer\/screw-rotary-visual-screening-machine-with-ccd-inspection\/\"]}]},{\"@type\":\"ImageObject\",\"inLanguage\":\"es\",\"@id\":\"https:\/\/swoer.com\/manufacturer\/screw-rotary-visual-screening-machine-with-ccd-inspection\/#primaryimage\",\"url\":\"https:\/\/swoer.com\/wp-content\/uploads\/2024\/08\/Screw-Rotary-Visual-Screening-machine-with-CCD-inspection.webp\",\"contentUrl\":\"https:\/\/swoer.com\/wp-content\/uploads\/2024\/08\/Screw-Rotary-Visual-Screening-machine-with-CCD-inspection.webp\",\"width\":1000,\"height\":1000,\"caption\":\"Screw Rotary Visual Screening machine with CCD inspection\"},{\"@type\":\"BreadcrumbList\",\"@id\":\"https:\/\/swoer.com\/manufacturer\/screw-rotary-visual-screening-machine-with-ccd-inspection\/#breadcrumb\",\"itemListElement\":[{\"@type\":\"ListItem\",\"position\":1,\"name\":\"Home\",\"item\":\"https:\/\/swoer.com\/\"},{\"@type\":\"ListItem\",\"position\":2,\"name\":\"Shop\",\"item\":\"https:\/\/swoer.com\/shop\/\"},{\"@type\":\"ListItem\",\"position\":3,\"name\":\"Screw Rotary Visual Screening Machine with CCD Inspection\"}]},{\"@type\":\"WebSite\",\"@id\":\"https:\/\/swoer.com\/#website\",\"url\":\"https:\/\/swoer.com\/\",\"name\":\"SWOER\",\"description\":\"Swoer is the top 3 vibratory bowl feeder manufacturer in China\",\"potentialAction\":[{\"@type\":\"SearchAction\",\"target\":{\"@type\":\"EntryPoint\",\"urlTemplate\":\"https:\/\/swoer.com\/?s={search_term_string}\"},\"query-input\":\"required name=search_term_string\"}],\"inLanguage\":\"es\"}]}<\/script>\n<!-- \/ Yoast SEO plugin. -->","yoast_head_json":{"title":"Screw Rotary Visual Screening Machine with CCD Inspection - SWOER","description":"High-quality turntable visual screening machines are designed for precise automated inspection of parts' size, appearance, and defects.","robots":{"index":"index","follow":"follow","max-snippet":"max-snippet:-1","max-image-preview":"max-image-preview:large","max-video-preview":"max-video-preview:-1"},"canonical":"https:\/\/swoer.com\/es_pe\/manufacturer\/screw-rotary-visual-screening-machine-with-ccd-inspection\/","og_locale":"es_ES","og_type":"article","og_title":"Screw Rotary Visual Screening Machine with CCD Inspection - SWOER","og_description":"High-quality turntable visual screening machines are designed for precise automated inspection of parts' size, appearance, and defects.","og_url":"https:\/\/swoer.com\/es_pe\/manufacturer\/screw-rotary-visual-screening-machine-with-ccd-inspection\/","og_site_name":"SWOER","article_modified_time":"2024-11-19T09:08:30+00:00","og_image":[{"width":1000,"height":1000,"url":"https:\/\/swoer.com\/wp-content\/uploads\/2024\/08\/Screw-Rotary-Visual-Screening-machine-with-CCD-inspection.webp","type":"image\/webp"}],"twitter_card":"summary_large_image","twitter_misc":{"Est. reading time":"4 minutos"},"schema":{"@context":"https:\/\/schema.org","@graph":[{"@type":"WebPage","@id":"https:\/\/swoer.com\/manufacturer\/screw-rotary-visual-screening-machine-with-ccd-inspection\/","url":"https:\/\/swoer.com\/manufacturer\/screw-rotary-visual-screening-machine-with-ccd-inspection\/","name":"Screw Rotary Visual Screening Machine with CCD Inspection - SWOER","isPartOf":{"@id":"https:\/\/swoer.com\/#website"},"primaryImageOfPage":{"@id":"https:\/\/swoer.com\/manufacturer\/screw-rotary-visual-screening-machine-with-ccd-inspection\/#primaryimage"},"image":{"@id":"https:\/\/swoer.com\/manufacturer\/screw-rotary-visual-screening-machine-with-ccd-inspection\/#primaryimage"},"thumbnailUrl":"https:\/\/swoer.com\/wp-content\/uploads\/2024\/08\/Screw-Rotary-Visual-Screening-machine-with-CCD-inspection.webp","datePublished":"2024-08-20T14:30:31+00:00","dateModified":"2024-11-19T09:08:30+00:00","description":"High-quality turntable visual screening machines are designed for precise automated inspection of parts' size, appearance, and defects.","breadcrumb":{"@id":"https:\/\/swoer.com\/manufacturer\/screw-rotary-visual-screening-machine-with-ccd-inspection\/#breadcrumb"},"inLanguage":"es","potentialAction":[{"@type":"ReadAction","target":["https:\/\/swoer.com\/manufacturer\/screw-rotary-visual-screening-machine-with-ccd-inspection\/"]}]},{"@type":"ImageObject","inLanguage":"es","@id":"https:\/\/swoer.com\/manufacturer\/screw-rotary-visual-screening-machine-with-ccd-inspection\/#primaryimage","url":"https:\/\/swoer.com\/wp-content\/uploads\/2024\/08\/Screw-Rotary-Visual-Screening-machine-with-CCD-inspection.webp","contentUrl":"https:\/\/swoer.com\/wp-content\/uploads\/2024\/08\/Screw-Rotary-Visual-Screening-machine-with-CCD-inspection.webp","width":1000,"height":1000,"caption":"Screw Rotary Visual Screening machine with CCD inspection"},{"@type":"BreadcrumbList","@id":"https:\/\/swoer.com\/manufacturer\/screw-rotary-visual-screening-machine-with-ccd-inspection\/#breadcrumb","itemListElement":[{"@type":"ListItem","position":1,"name":"Home","item":"https:\/\/swoer.com\/"},{"@type":"ListItem","position":2,"name":"Shop","item":"https:\/\/swoer.com\/shop\/"},{"@type":"ListItem","position":3,"name":"Screw Rotary Visual Screening Machine with CCD Inspection"}]},{"@type":"WebSite","@id":"https:\/\/swoer.com\/#website","url":"https:\/\/swoer.com\/","name":"SWOER","description":"Swoer is the top 3 vibratory bowl feeder manufacturer in China","potentialAction":[{"@type":"SearchAction","target":{"@type":"EntryPoint","urlTemplate":"https:\/\/swoer.com\/?s={search_term_string}"},"query-input":"required name=search_term_string"}],"inLanguage":"es"}]}},"_links":{"self":[{"href":"https:\/\/swoer.com\/es_pe\/wp-json\/wp\/v2\/product\/2522"}],"collection":[{"href":"https:\/\/swoer.com\/es_pe\/wp-json\/wp\/v2\/product"}],"about":[{"href":"https:\/\/swoer.com\/es_pe\/wp-json\/wp\/v2\/types\/product"}],"replies":[{"embeddable":true,"href":"https:\/\/swoer.com\/es_pe\/wp-json\/wp\/v2\/comments?post=2522"}],"wp:featuredmedia":[{"embeddable":true,"href":"https:\/\/swoer.com\/es_pe\/wp-json\/wp\/v2\/media\/2897"}],"wp:attachment":[{"href":"https:\/\/swoer.com\/es_pe\/wp-json\/wp\/v2\/media?parent=2522"}],"wp:term":[{"taxonomy":"product_cat","embeddable":true,"href":"https:\/\/swoer.com\/es_pe\/wp-json\/wp\/v2\/product_cat?post=2522"},{"taxonomy":"product_tag","embeddable":true,"href":"https:\/\/swoer.com\/es_pe\/wp-json\/wp\/v2\/product_tag?post=2522"}],"curies":[{"name":"wp","href":"https:\/\/api.w.org\/{rel}","templated":true}]}}