{"id":2056,"date":"2024-05-10T08:41:03","date_gmt":"2024-05-10T08:41:03","guid":{"rendered":"https:\/\/swoer.com\/?post_type=product&#038;p=2056"},"modified":"2024-05-11T07:37:10","modified_gmt":"2024-05-11T07:37:10","slug":"vibratory-linear-feeder-xp-series","status":"publish","type":"product","link":"https:\/\/swoer.com\/es_pe\/manufacturer\/vibratory-linear-feeder-xp-series\/","title":{"rendered":"Alimentador lineal vibratorio serie XP"},"content":{"rendered":"<h2>Caracter\u00edsticas:<\/h2>\n<p><strong>1.<\/strong> El dispositivo de accionamiento lineal de alta precisi\u00f3n y el dispositivo antivibraci\u00f3n de ballesta con capacidad para absorber la fuerza de reacci\u00f3n de la presente invenci\u00f3n tienen las caracter\u00edsticas de alta velocidad y estabilidad, y pueden obtener las mejores caracter\u00edsticas de vibraci\u00f3n de acuerdo con las condiciones de transporte de piezas peque\u00f1as.<\/p>\n<p><strong>2.<\/strong> Mejore el \u00e1ngulo de instalaci\u00f3n de la ballesta para lograr una velocidad de procesamiento uniforme desde la entrada del conducto hasta la salida.<\/p>\n<p><strong>3.<\/strong> Resorte de hoja antivibraci\u00f3n adecuado para piezas peque\u00f1as, planas, de chapa y otras piezas de precisi\u00f3n.<\/p>\n<p><strong>4.<\/strong> Reduce en gran medida el ruido del alimentador lineal y el golpeteo de la pieza de trabajo. El efecto de procesamiento del soporte o plataforma es de alta velocidad y estable.<\/p>\n<h2><b>SW-90XP<\/b><\/h2>\n\t<div class=\"img has-hover x md-x lg-x y md-y lg-y\" id=\"image_1276925559\">\n\t\t\t\t\t\t\t\t<div class=\"img-inner dark\" >\n\t\t\t<img loading=\"lazy\" decoding=\"async\" width=\"802\" height=\"709\" src=\"https:\/\/swoer.com\/wp-content\/uploads\/2024\/05\/SW-90XP.webp\" class=\"attachment-original size-original\" alt=\"SW-90XP\" srcset=\"https:\/\/swoer.com\/wp-content\/uploads\/2024\/05\/SW-90XP.webp 802w, https:\/\/swoer.com\/wp-content\/uploads\/2024\/05\/SW-90XP-300x265.webp 300w, https:\/\/swoer.com\/wp-content\/uploads\/2024\/05\/SW-90XP-768x679.webp 768w, https:\/\/swoer.com\/wp-content\/uploads\/2024\/05\/SW-90XP-14x12.webp 14w, https:\/\/swoer.com\/wp-content\/uploads\/2024\/05\/SW-90XP-600x530.webp 600w\" sizes=\"(max-width: 802px) 100vw, 802px\" \/>\t\t\t\t\t\t\n\t\t\t\t\t<\/div>\n\t\t\t\t\t\t\t\t\n<style>\n#image_1276925559 {\n  width: 100%;\n}\n<\/style>\n\t<\/div>\n\t\n\t<div id=\"gap-195899205\" class=\"gap-element clearfix\" style=\"display:block; height:auto;\">\n\t\t\n<style>\n#gap-195899205 {\n  padding-top: 30px;\n}\n<\/style>\n\t<\/div>\n\t\n<h2><b>SW-120XP<\/b><\/h2>\n\t<div class=\"img has-hover x md-x lg-x y md-y lg-y\" id=\"image_480447496\">\n\t\t\t\t\t\t\t\t<div class=\"img-inner dark\" >\n\t\t\t<img loading=\"lazy\" decoding=\"async\" width=\"984\" height=\"687\" src=\"https:\/\/swoer.com\/wp-content\/uploads\/2024\/05\/SW-120XP.webp\" class=\"attachment-original size-original\" alt=\"\" srcset=\"https:\/\/swoer.com\/wp-content\/uploads\/2024\/05\/SW-120XP.webp 984w, https:\/\/swoer.com\/wp-content\/uploads\/2024\/05\/SW-120XP-300x209.webp 300w, https:\/\/swoer.com\/wp-content\/uploads\/2024\/05\/SW-120XP-768x536.webp 768w, https:\/\/swoer.com\/wp-content\/uploads\/2024\/05\/SW-120XP-18x12.webp 18w, https:\/\/swoer.com\/wp-content\/uploads\/2024\/05\/SW-120XP-600x419.webp 600w\" sizes=\"(max-width: 984px) 100vw, 984px\" \/>\t\t\t\t\t\t\n\t\t\t\t\t<\/div>\n\t\t\t\t\t\t\t\t\n<style>\n#image_480447496 {\n  width: 100%;\n}\n<\/style>\n\t<\/div>","protected":false},"excerpt":{"rendered":"<p>El alimentador lineal de la serie XP est\u00e1 disponible en 2 modelos:<br \/>\nSW-90XP<br \/>\nSW-120XP<\/p>","protected":false},"featured_media":2057,"comment_status":"open","ping_status":"closed","template":"","meta":[],"product_cat":[55],"product_tag":[],"yoast_head":"<!-- This site is optimized with the Yoast SEO plugin v22.2 - https:\/\/yoast.com\/wordpress\/plugins\/seo\/ -->\n<title>Vibratory Linear Feeder XP Series - SWOER<\/title>\n<meta name=\"robots\" content=\"index, follow, max-snippet:-1, max-image-preview:large, max-video-preview:-1\" \/>\n<link rel=\"canonical\" href=\"https:\/\/swoer.com\/es_pe\/manufacturer\/vibratory-linear-feeder-xp-series\/\" \/>\n<meta property=\"og:locale\" content=\"es_ES\" \/>\n<meta property=\"og:type\" content=\"article\" \/>\n<meta property=\"og:title\" content=\"Vibratory Linear Feeder XP Series - SWOER\" \/>\n<meta property=\"og:description\" content=\"Linear feeder -XP series is available in 2 models: SW-90XP SW-120XP\" \/>\n<meta property=\"og:url\" content=\"https:\/\/swoer.com\/es_pe\/manufacturer\/vibratory-linear-feeder-xp-series\/\" \/>\n<meta property=\"og:site_name\" content=\"SWOER\" \/>\n<meta property=\"article:modified_time\" content=\"2024-05-11T07:37:10+00:00\" \/>\n<meta property=\"og:image\" content=\"https:\/\/swoer.com\/wp-content\/uploads\/2024\/05\/Vibratory-Linear-Feeder-XP-Series.webp\" \/>\n\t<meta property=\"og:image:width\" content=\"1000\" \/>\n\t<meta property=\"og:image:height\" content=\"1000\" \/>\n\t<meta property=\"og:image:type\" content=\"image\/webp\" \/>\n<meta name=\"twitter:card\" content=\"summary_large_image\" \/>\n<meta name=\"twitter:label1\" content=\"Est. reading time\" \/>\n\t<meta name=\"twitter:data1\" content=\"1 minuto\" \/>\n<script type=\"application\/ld+json\" class=\"yoast-schema-graph\">{\"@context\":\"https:\/\/schema.org\",\"@graph\":[{\"@type\":\"WebPage\",\"@id\":\"https:\/\/swoer.com\/manufacturer\/vibratory-linear-feeder-xp-series\/\",\"url\":\"https:\/\/swoer.com\/manufacturer\/vibratory-linear-feeder-xp-series\/\",\"name\":\"Vibratory Linear Feeder XP Series - SWOER\",\"isPartOf\":{\"@id\":\"https:\/\/swoer.com\/#website\"},\"primaryImageOfPage\":{\"@id\":\"https:\/\/swoer.com\/manufacturer\/vibratory-linear-feeder-xp-series\/#primaryimage\"},\"image\":{\"@id\":\"https:\/\/swoer.com\/manufacturer\/vibratory-linear-feeder-xp-series\/#primaryimage\"},\"thumbnailUrl\":\"https:\/\/swoer.com\/wp-content\/uploads\/2024\/05\/Vibratory-Linear-Feeder-XP-Series.webp\",\"datePublished\":\"2024-05-10T08:41:03+00:00\",\"dateModified\":\"2024-05-11T07:37:10+00:00\",\"breadcrumb\":{\"@id\":\"https:\/\/swoer.com\/manufacturer\/vibratory-linear-feeder-xp-series\/#breadcrumb\"},\"inLanguage\":\"es\",\"potentialAction\":[{\"@type\":\"ReadAction\",\"target\":[\"https:\/\/swoer.com\/manufacturer\/vibratory-linear-feeder-xp-series\/\"]}]},{\"@type\":\"ImageObject\",\"inLanguage\":\"es\",\"@id\":\"https:\/\/swoer.com\/manufacturer\/vibratory-linear-feeder-xp-series\/#primaryimage\",\"url\":\"https:\/\/swoer.com\/wp-content\/uploads\/2024\/05\/Vibratory-Linear-Feeder-XP-Series.webp\",\"contentUrl\":\"https:\/\/swoer.com\/wp-content\/uploads\/2024\/05\/Vibratory-Linear-Feeder-XP-Series.webp\",\"width\":1000,\"height\":1000,\"caption\":\"Vibratory Linear Feeder XP Series\"},{\"@type\":\"BreadcrumbList\",\"@id\":\"https:\/\/swoer.com\/manufacturer\/vibratory-linear-feeder-xp-series\/#breadcrumb\",\"itemListElement\":[{\"@type\":\"ListItem\",\"position\":1,\"name\":\"Home\",\"item\":\"https:\/\/swoer.com\/\"},{\"@type\":\"ListItem\",\"position\":2,\"name\":\"Shop\",\"item\":\"https:\/\/swoer.com\/shop\/\"},{\"@type\":\"ListItem\",\"position\":3,\"name\":\"Vibratory Linear Feeder XP Series\"}]},{\"@type\":\"WebSite\",\"@id\":\"https:\/\/swoer.com\/#website\",\"url\":\"https:\/\/swoer.com\/\",\"name\":\"SWOER\",\"description\":\"Swoer is the top 3 vibratory bowl feeder manufacturer in China\",\"potentialAction\":[{\"@type\":\"SearchAction\",\"target\":{\"@type\":\"EntryPoint\",\"urlTemplate\":\"https:\/\/swoer.com\/?s={search_term_string}\"},\"query-input\":\"required name=search_term_string\"}],\"inLanguage\":\"es\"}]}<\/script>\n<!-- \/ Yoast SEO plugin. -->","yoast_head_json":{"title":"Vibratory Linear Feeder XP Series - SWOER","robots":{"index":"index","follow":"follow","max-snippet":"max-snippet:-1","max-image-preview":"max-image-preview:large","max-video-preview":"max-video-preview:-1"},"canonical":"https:\/\/swoer.com\/es_pe\/manufacturer\/vibratory-linear-feeder-xp-series\/","og_locale":"es_ES","og_type":"article","og_title":"Vibratory Linear Feeder XP Series - SWOER","og_description":"Linear feeder -XP series is available in 2 models: SW-90XP SW-120XP","og_url":"https:\/\/swoer.com\/es_pe\/manufacturer\/vibratory-linear-feeder-xp-series\/","og_site_name":"SWOER","article_modified_time":"2024-05-11T07:37:10+00:00","og_image":[{"width":1000,"height":1000,"url":"https:\/\/swoer.com\/wp-content\/uploads\/2024\/05\/Vibratory-Linear-Feeder-XP-Series.webp","type":"image\/webp"}],"twitter_card":"summary_large_image","twitter_misc":{"Est. reading time":"1 minuto"},"schema":{"@context":"https:\/\/schema.org","@graph":[{"@type":"WebPage","@id":"https:\/\/swoer.com\/manufacturer\/vibratory-linear-feeder-xp-series\/","url":"https:\/\/swoer.com\/manufacturer\/vibratory-linear-feeder-xp-series\/","name":"Vibratory Linear Feeder XP Series - SWOER","isPartOf":{"@id":"https:\/\/swoer.com\/#website"},"primaryImageOfPage":{"@id":"https:\/\/swoer.com\/manufacturer\/vibratory-linear-feeder-xp-series\/#primaryimage"},"image":{"@id":"https:\/\/swoer.com\/manufacturer\/vibratory-linear-feeder-xp-series\/#primaryimage"},"thumbnailUrl":"https:\/\/swoer.com\/wp-content\/uploads\/2024\/05\/Vibratory-Linear-Feeder-XP-Series.webp","datePublished":"2024-05-10T08:41:03+00:00","dateModified":"2024-05-11T07:37:10+00:00","breadcrumb":{"@id":"https:\/\/swoer.com\/manufacturer\/vibratory-linear-feeder-xp-series\/#breadcrumb"},"inLanguage":"es","potentialAction":[{"@type":"ReadAction","target":["https:\/\/swoer.com\/manufacturer\/vibratory-linear-feeder-xp-series\/"]}]},{"@type":"ImageObject","inLanguage":"es","@id":"https:\/\/swoer.com\/manufacturer\/vibratory-linear-feeder-xp-series\/#primaryimage","url":"https:\/\/swoer.com\/wp-content\/uploads\/2024\/05\/Vibratory-Linear-Feeder-XP-Series.webp","contentUrl":"https:\/\/swoer.com\/wp-content\/uploads\/2024\/05\/Vibratory-Linear-Feeder-XP-Series.webp","width":1000,"height":1000,"caption":"Vibratory Linear Feeder XP Series"},{"@type":"BreadcrumbList","@id":"https:\/\/swoer.com\/manufacturer\/vibratory-linear-feeder-xp-series\/#breadcrumb","itemListElement":[{"@type":"ListItem","position":1,"name":"Home","item":"https:\/\/swoer.com\/"},{"@type":"ListItem","position":2,"name":"Shop","item":"https:\/\/swoer.com\/shop\/"},{"@type":"ListItem","position":3,"name":"Vibratory Linear Feeder XP Series"}]},{"@type":"WebSite","@id":"https:\/\/swoer.com\/#website","url":"https:\/\/swoer.com\/","name":"SWOER","description":"Swoer is the top 3 vibratory bowl feeder manufacturer in China","potentialAction":[{"@type":"SearchAction","target":{"@type":"EntryPoint","urlTemplate":"https:\/\/swoer.com\/?s={search_term_string}"},"query-input":"required name=search_term_string"}],"inLanguage":"es"}]}},"_links":{"self":[{"href":"https:\/\/swoer.com\/es_pe\/wp-json\/wp\/v2\/product\/2056"}],"collection":[{"href":"https:\/\/swoer.com\/es_pe\/wp-json\/wp\/v2\/product"}],"about":[{"href":"https:\/\/swoer.com\/es_pe\/wp-json\/wp\/v2\/types\/product"}],"replies":[{"embeddable":true,"href":"https:\/\/swoer.com\/es_pe\/wp-json\/wp\/v2\/comments?post=2056"}],"wp:featuredmedia":[{"embeddable":true,"href":"https:\/\/swoer.com\/es_pe\/wp-json\/wp\/v2\/media\/2057"}],"wp:attachment":[{"href":"https:\/\/swoer.com\/es_pe\/wp-json\/wp\/v2\/media?parent=2056"}],"wp:term":[{"taxonomy":"product_cat","embeddable":true,"href":"https:\/\/swoer.com\/es_pe\/wp-json\/wp\/v2\/product_cat?post=2056"},{"taxonomy":"product_tag","embeddable":true,"href":"https:\/\/swoer.com\/es_pe\/wp-json\/wp\/v2\/product_tag?post=2056"}],"curies":[{"name":"wp","href":"https:\/\/api.w.org\/{rel}","templated":true}]}}