{"id":2019,"date":"2024-04-24T02:17:40","date_gmt":"2024-04-24T02:17:40","guid":{"rendered":"https:\/\/swoer.com\/?post_type=product&#038;p=2019"},"modified":"2024-08-19T14:34:10","modified_gmt":"2024-08-19T06:34:10","slug":"vibratory-linear-feeder-pt-series","status":"publish","type":"product","link":"https:\/\/swoer.com\/es_pe\/manufacturer\/vibratory-linear-feeder-pt-series\/","title":{"rendered":"Alimentador lineal vibratorio serie PT"},"content":{"rendered":"<h2>Caracter\u00edsticas<\/h2>\n<p>\u2022 La amortiguaci\u00f3n de ballestas se utiliza para reducir la fuerza de reacci\u00f3n en la parte inferior.<\/p>\n<p>\u2022 Alta resoluci\u00f3n, adecuado para alimentar piezas de trabajo de tama\u00f1o peque\u00f1o y mediano.<\/p>\n<p>\u2022 Vibraci\u00f3n suave, casi libre de interferencias de vibraci\u00f3n circunferencial.<\/p>\n<p>\u2022 La longitud de la pista est\u00e1 dise\u00f1ada para ser de aproximadamente 300 a 550 mm, adecuada para una amplia gama de aplicaciones.<\/p>\n<h2><strong><span class=\"15\"><span style=\"vertical-align: inherit;\"><span style=\"vertical-align: inherit;\">SW-80PT<\/span><\/span><\/span><\/strong><\/h2>\n\t<div class=\"img has-hover x md-x lg-x y md-y lg-y\" id=\"image_1330627861\">\n\t\t\t\t\t\t\t\t<div class=\"img-inner dark\" >\n\t\t\t<img loading=\"lazy\" decoding=\"async\" width=\"868\" height=\"695\" src=\"https:\/\/swoer.com\/wp-content\/uploads\/2024\/04\/SW-80PT.webp\" class=\"attachment-\u539f\u59cb size-\u539f\u59cb\" alt=\"Alimentador lineal vibratorio SW-80PT\" srcset=\"https:\/\/swoer.com\/wp-content\/uploads\/2024\/04\/SW-80PT.webp 868w, https:\/\/swoer.com\/wp-content\/uploads\/2024\/04\/SW-80PT-300x240.webp 300w, https:\/\/swoer.com\/wp-content\/uploads\/2024\/04\/SW-80PT-768x615.webp 768w, https:\/\/swoer.com\/wp-content\/uploads\/2024\/04\/SW-80PT-15x12.webp 15w, https:\/\/swoer.com\/wp-content\/uploads\/2024\/04\/SW-80PT-600x480.webp 600w\" sizes=\"(max-width: 868px) 100vw, 868px\" \/>\t\t\t\t\t\t\n\t\t\t\t\t<\/div>\n\t\t\t\t\t\t\t\t\n<style>\n#image_1330627861 {\n  width: 100%;\n}\n<\/style>\n\t<\/div>\n\t\n<p>&nbsp;<\/p>\n<p><span style=\"vertical-align: inherit;\"><span style=\"vertical-align: inherit;\">[Atenci\u00f3n]<\/span><\/span><\/p>\n<h2><span style=\"vertical-align: inherit;\"><span style=\"vertical-align: inherit;\">SW-100PT<\/span><\/span><\/h2>\n<p>&nbsp;<\/p>\n\t<div class=\"img has-hover x md-x lg-x y md-y lg-y\" id=\"image_1127151547\">\n\t\t\t\t\t\t\t\t<div class=\"img-inner dark\" >\n\t\t\t<img loading=\"lazy\" decoding=\"async\" width=\"906\" height=\"816\" src=\"https:\/\/swoer.com\/wp-content\/uploads\/2024\/04\/SW-100PT.webp\" class=\"attachment-\u539f\u59cb size-\u539f\u59cb\" alt=\"\" srcset=\"https:\/\/swoer.com\/wp-content\/uploads\/2024\/04\/SW-100PT.webp 906w, https:\/\/swoer.com\/wp-content\/uploads\/2024\/04\/SW-100PT-300x270.webp 300w, https:\/\/swoer.com\/wp-content\/uploads\/2024\/04\/SW-100PT-768x692.webp 768w, https:\/\/swoer.com\/wp-content\/uploads\/2024\/04\/SW-100PT-13x12.webp 13w, https:\/\/swoer.com\/wp-content\/uploads\/2024\/04\/SW-100PT-600x540.webp 600w\" sizes=\"(max-width: 906px) 100vw, 906px\" \/>\t\t\t\t\t\t\n\t\t\t\t\t<\/div>\n\t\t\t\t\t\t\t\t\n<style>\n#image_1127151547 {\n  width: 100%;\n}\n<\/style>\n\t<\/div>\n\t\n<p>&nbsp;<\/p>\n<p><span style=\"vertical-align: inherit;\"><span style=\"vertical-align: inherit;\">[Atenci\u00f3n]<\/span><\/span><\/p>\n<h2><span style=\"vertical-align: inherit;\"><span style=\"vertical-align: inherit;\">SW-140PT<\/span><\/span><\/h2>\n<p>&nbsp;<\/p>\n\t<div class=\"img has-hover x md-x lg-x y md-y lg-y\" id=\"image_1429098370\">\n\t\t\t\t\t\t\t\t<div class=\"img-inner dark\" >\n\t\t\t<img loading=\"lazy\" decoding=\"async\" width=\"838\" height=\"750\" src=\"https:\/\/swoer.com\/wp-content\/uploads\/2024\/04\/SW-140PT.webp\" class=\"attachment-\u539f\u59cb size-\u539f\u59cb\" alt=\"\" srcset=\"https:\/\/swoer.com\/wp-content\/uploads\/2024\/04\/SW-140PT.webp 838w, https:\/\/swoer.com\/wp-content\/uploads\/2024\/04\/SW-140PT-300x268.webp 300w, https:\/\/swoer.com\/wp-content\/uploads\/2024\/04\/SW-140PT-768x687.webp 768w, https:\/\/swoer.com\/wp-content\/uploads\/2024\/04\/SW-140PT-13x12.webp 13w, https:\/\/swoer.com\/wp-content\/uploads\/2024\/04\/SW-140PT-600x537.webp 600w\" sizes=\"(max-width: 838px) 100vw, 838px\" \/>\t\t\t\t\t\t\n\t\t\t\t\t<\/div>\n\t\t\t\t\t\t\t\t\n<style>\n#image_1429098370 {\n  width: 100%;\n}\n<\/style>\n\t<\/div>\n\t\n<p>&nbsp;<\/p>\n<p><span style=\"vertical-align: inherit;\"><span style=\"vertical-align: inherit;\">[Atenci\u00f3n]<\/span><\/span><\/p>\n<h2><span style=\"vertical-align: inherit;\"><span style=\"vertical-align: inherit;\">SW-160PT<\/span><\/span><\/h2>\n<p>&nbsp;<\/p>\n\t<div class=\"img has-hover x md-x lg-x y md-y lg-y\" id=\"image_693865683\">\n\t\t\t\t\t\t\t\t<div class=\"img-inner dark\" >\n\t\t\t<img loading=\"lazy\" decoding=\"async\" width=\"863\" height=\"667\" src=\"https:\/\/swoer.com\/wp-content\/uploads\/2024\/04\/SW-160PT.webp\" class=\"attachment-\u539f\u59cb size-\u539f\u59cb\" alt=\"\" srcset=\"https:\/\/swoer.com\/wp-content\/uploads\/2024\/04\/SW-160PT.webp 863w, https:\/\/swoer.com\/wp-content\/uploads\/2024\/04\/SW-160PT-300x232.webp 300w, https:\/\/swoer.com\/wp-content\/uploads\/2024\/04\/SW-160PT-768x594.webp 768w, https:\/\/swoer.com\/wp-content\/uploads\/2024\/04\/SW-160PT-16x12.webp 16w, https:\/\/swoer.com\/wp-content\/uploads\/2024\/04\/SW-160PT-600x464.webp 600w\" sizes=\"(max-width: 863px) 100vw, 863px\" \/>\t\t\t\t\t\t\n\t\t\t\t\t<\/div>\n\t\t\t\t\t\t\t\t\n<style>\n#image_693865683 {\n  width: 100%;\n}\n<\/style>\n\t<\/div>\n\t\n<p>&nbsp;<\/p>\n<p><span style=\"vertical-align: inherit;\"><span style=\"vertical-align: inherit;\">[Atenci\u00f3n]<\/span><\/span><\/p>\n<h2><span style=\"vertical-align: inherit;\"><span style=\"vertical-align: inherit;\">SW-190PT<\/span><\/span><\/h2>\n<p>&nbsp;<\/p>\n\t<div class=\"img has-hover x md-x lg-x y md-y lg-y\" id=\"image_1857771114\">\n\t\t\t\t\t\t\t\t<div class=\"img-inner dark\" >\n\t\t\t<img loading=\"lazy\" decoding=\"async\" width=\"872\" height=\"700\" src=\"https:\/\/swoer.com\/wp-content\/uploads\/2024\/04\/SW-190PT.webp\" class=\"attachment-\u539f\u59cb size-\u539f\u59cb\" alt=\"Alimentador lineal vibratorio SW-190PT\" srcset=\"https:\/\/swoer.com\/wp-content\/uploads\/2024\/04\/SW-190PT.webp 872w, https:\/\/swoer.com\/wp-content\/uploads\/2024\/04\/SW-190PT-300x241.webp 300w, https:\/\/swoer.com\/wp-content\/uploads\/2024\/04\/SW-190PT-768x617.webp 768w, https:\/\/swoer.com\/wp-content\/uploads\/2024\/04\/SW-190PT-15x12.webp 15w, https:\/\/swoer.com\/wp-content\/uploads\/2024\/04\/SW-190PT-600x482.webp 600w\" sizes=\"(max-width: 872px) 100vw, 872px\" \/>\t\t\t\t\t\t\n\t\t\t\t\t<\/div>\n\t\t\t\t\t\t\t\t\n<style>\n#image_1857771114 {\n  width: 100%;\n}\n<\/style>\n\t<\/div>\n\t\n<p>&nbsp;<\/p>","protected":false},"excerpt":{"rendered":"<p>Alimentador lineal vibratorio serie PT<\/p>\n<p>La Serie PT cuenta con cinco modelos para satisfacer diferentes necesidades:<br \/>\nSW-80PT<br \/>\nSW-100PT<br \/>\nSW-140PT<br \/>\nSW-160PT<br \/>\nSW-190PT<\/p>","protected":false},"featured_media":2020,"comment_status":"open","ping_status":"closed","template":"","meta":[],"product_cat":[55],"product_tag":[],"yoast_head":"<!-- This site is optimized with the Yoast SEO plugin v22.2 - https:\/\/yoast.com\/wordpress\/plugins\/seo\/ -->\n<title>Vibratory Linear Feeder PT Series - SWOER<\/title>\n<meta name=\"description\" content=\"Optimize feeding efficiency with our high-resolution vibratory bowl feeder. Features include leaf spring damping, smooth vibration, and versatile track lengths.\" \/>\n<meta name=\"robots\" content=\"index, follow, max-snippet:-1, max-image-preview:large, max-video-preview:-1\" \/>\n<link rel=\"canonical\" href=\"https:\/\/swoer.com\/es_pe\/manufacturer\/vibratory-linear-feeder-pt-series\/\" \/>\n<meta property=\"og:locale\" content=\"es_ES\" \/>\n<meta property=\"og:type\" content=\"article\" \/>\n<meta property=\"og:title\" content=\"Vibratory Linear Feeder PT Series - SWOER\" \/>\n<meta property=\"og:description\" content=\"Optimize feeding efficiency with our high-resolution vibratory bowl feeder. Features include leaf spring damping, smooth vibration, and versatile track lengths.\" \/>\n<meta property=\"og:url\" content=\"https:\/\/swoer.com\/es_pe\/manufacturer\/vibratory-linear-feeder-pt-series\/\" \/>\n<meta property=\"og:site_name\" content=\"SWOER\" \/>\n<meta property=\"article:modified_time\" content=\"2024-08-19T06:34:10+00:00\" \/>\n<meta property=\"og:image\" content=\"https:\/\/swoer.com\/wp-content\/uploads\/2024\/04\/Vibratory-Linear-Feeder-PT-Series.webp\" \/>\n\t<meta property=\"og:image:width\" content=\"1000\" \/>\n\t<meta property=\"og:image:height\" content=\"1000\" \/>\n\t<meta property=\"og:image:type\" content=\"image\/webp\" \/>\n<meta name=\"twitter:card\" content=\"summary_large_image\" \/>\n<meta name=\"twitter:label1\" content=\"Est. reading time\" \/>\n\t<meta name=\"twitter:data1\" content=\"1 minuto\" \/>\n<script type=\"application\/ld+json\" class=\"yoast-schema-graph\">{\"@context\":\"https:\/\/schema.org\",\"@graph\":[{\"@type\":\"WebPage\",\"@id\":\"https:\/\/swoer.com\/manufacturer\/vibratory-linear-feeder-pt-series\/\",\"url\":\"https:\/\/swoer.com\/manufacturer\/vibratory-linear-feeder-pt-series\/\",\"name\":\"Vibratory Linear Feeder PT Series - SWOER\",\"isPartOf\":{\"@id\":\"https:\/\/swoer.com\/#website\"},\"primaryImageOfPage\":{\"@id\":\"https:\/\/swoer.com\/manufacturer\/vibratory-linear-feeder-pt-series\/#primaryimage\"},\"image\":{\"@id\":\"https:\/\/swoer.com\/manufacturer\/vibratory-linear-feeder-pt-series\/#primaryimage\"},\"thumbnailUrl\":\"https:\/\/swoer.com\/wp-content\/uploads\/2024\/04\/Vibratory-Linear-Feeder-PT-Series.webp\",\"datePublished\":\"2024-04-24T02:17:40+00:00\",\"dateModified\":\"2024-08-19T06:34:10+00:00\",\"description\":\"Optimize feeding efficiency with our high-resolution vibratory bowl feeder. Features include leaf spring damping, smooth vibration, and versatile track lengths.\",\"breadcrumb\":{\"@id\":\"https:\/\/swoer.com\/manufacturer\/vibratory-linear-feeder-pt-series\/#breadcrumb\"},\"inLanguage\":\"es\",\"potentialAction\":[{\"@type\":\"ReadAction\",\"target\":[\"https:\/\/swoer.com\/manufacturer\/vibratory-linear-feeder-pt-series\/\"]}]},{\"@type\":\"ImageObject\",\"inLanguage\":\"es\",\"@id\":\"https:\/\/swoer.com\/manufacturer\/vibratory-linear-feeder-pt-series\/#primaryimage\",\"url\":\"https:\/\/swoer.com\/wp-content\/uploads\/2024\/04\/Vibratory-Linear-Feeder-PT-Series.webp\",\"contentUrl\":\"https:\/\/swoer.com\/wp-content\/uploads\/2024\/04\/Vibratory-Linear-Feeder-PT-Series.webp\",\"width\":1000,\"height\":1000,\"caption\":\"Vibratory Linear Feeder PT Series\"},{\"@type\":\"BreadcrumbList\",\"@id\":\"https:\/\/swoer.com\/manufacturer\/vibratory-linear-feeder-pt-series\/#breadcrumb\",\"itemListElement\":[{\"@type\":\"ListItem\",\"position\":1,\"name\":\"Home\",\"item\":\"https:\/\/swoer.com\/\"},{\"@type\":\"ListItem\",\"position\":2,\"name\":\"Shop\",\"item\":\"https:\/\/swoer.com\/shop\/\"},{\"@type\":\"ListItem\",\"position\":3,\"name\":\"Vibratory Linear Feeder PT Series\"}]},{\"@type\":\"WebSite\",\"@id\":\"https:\/\/swoer.com\/#website\",\"url\":\"https:\/\/swoer.com\/\",\"name\":\"SWOER\",\"description\":\"Swoer is the top 3 vibratory bowl feeder manufacturer in China\",\"potentialAction\":[{\"@type\":\"SearchAction\",\"target\":{\"@type\":\"EntryPoint\",\"urlTemplate\":\"https:\/\/swoer.com\/?s={search_term_string}\"},\"query-input\":\"required name=search_term_string\"}],\"inLanguage\":\"es\"}]}<\/script>\n<!-- \/ Yoast SEO plugin. -->","yoast_head_json":{"title":"Vibratory Linear Feeder PT Series - SWOER","description":"Optimize feeding efficiency with our high-resolution vibratory bowl feeder. Features include leaf spring damping, smooth vibration, and versatile track lengths.","robots":{"index":"index","follow":"follow","max-snippet":"max-snippet:-1","max-image-preview":"max-image-preview:large","max-video-preview":"max-video-preview:-1"},"canonical":"https:\/\/swoer.com\/es_pe\/manufacturer\/vibratory-linear-feeder-pt-series\/","og_locale":"es_ES","og_type":"article","og_title":"Vibratory Linear Feeder PT Series - SWOER","og_description":"Optimize feeding efficiency with our high-resolution vibratory bowl feeder. Features include leaf spring damping, smooth vibration, and versatile track lengths.","og_url":"https:\/\/swoer.com\/es_pe\/manufacturer\/vibratory-linear-feeder-pt-series\/","og_site_name":"SWOER","article_modified_time":"2024-08-19T06:34:10+00:00","og_image":[{"width":1000,"height":1000,"url":"https:\/\/swoer.com\/wp-content\/uploads\/2024\/04\/Vibratory-Linear-Feeder-PT-Series.webp","type":"image\/webp"}],"twitter_card":"summary_large_image","twitter_misc":{"Est. reading time":"1 minuto"},"schema":{"@context":"https:\/\/schema.org","@graph":[{"@type":"WebPage","@id":"https:\/\/swoer.com\/manufacturer\/vibratory-linear-feeder-pt-series\/","url":"https:\/\/swoer.com\/manufacturer\/vibratory-linear-feeder-pt-series\/","name":"Vibratory Linear Feeder PT Series - SWOER","isPartOf":{"@id":"https:\/\/swoer.com\/#website"},"primaryImageOfPage":{"@id":"https:\/\/swoer.com\/manufacturer\/vibratory-linear-feeder-pt-series\/#primaryimage"},"image":{"@id":"https:\/\/swoer.com\/manufacturer\/vibratory-linear-feeder-pt-series\/#primaryimage"},"thumbnailUrl":"https:\/\/swoer.com\/wp-content\/uploads\/2024\/04\/Vibratory-Linear-Feeder-PT-Series.webp","datePublished":"2024-04-24T02:17:40+00:00","dateModified":"2024-08-19T06:34:10+00:00","description":"Optimize feeding efficiency with our high-resolution vibratory bowl feeder. Features include leaf spring damping, smooth vibration, and versatile track lengths.","breadcrumb":{"@id":"https:\/\/swoer.com\/manufacturer\/vibratory-linear-feeder-pt-series\/#breadcrumb"},"inLanguage":"es","potentialAction":[{"@type":"ReadAction","target":["https:\/\/swoer.com\/manufacturer\/vibratory-linear-feeder-pt-series\/"]}]},{"@type":"ImageObject","inLanguage":"es","@id":"https:\/\/swoer.com\/manufacturer\/vibratory-linear-feeder-pt-series\/#primaryimage","url":"https:\/\/swoer.com\/wp-content\/uploads\/2024\/04\/Vibratory-Linear-Feeder-PT-Series.webp","contentUrl":"https:\/\/swoer.com\/wp-content\/uploads\/2024\/04\/Vibratory-Linear-Feeder-PT-Series.webp","width":1000,"height":1000,"caption":"Vibratory Linear Feeder PT Series"},{"@type":"BreadcrumbList","@id":"https:\/\/swoer.com\/manufacturer\/vibratory-linear-feeder-pt-series\/#breadcrumb","itemListElement":[{"@type":"ListItem","position":1,"name":"Home","item":"https:\/\/swoer.com\/"},{"@type":"ListItem","position":2,"name":"Shop","item":"https:\/\/swoer.com\/shop\/"},{"@type":"ListItem","position":3,"name":"Vibratory Linear Feeder PT Series"}]},{"@type":"WebSite","@id":"https:\/\/swoer.com\/#website","url":"https:\/\/swoer.com\/","name":"SWOER","description":"Swoer is the top 3 vibratory bowl feeder manufacturer in China","potentialAction":[{"@type":"SearchAction","target":{"@type":"EntryPoint","urlTemplate":"https:\/\/swoer.com\/?s={search_term_string}"},"query-input":"required name=search_term_string"}],"inLanguage":"es"}]}},"_links":{"self":[{"href":"https:\/\/swoer.com\/es_pe\/wp-json\/wp\/v2\/product\/2019"}],"collection":[{"href":"https:\/\/swoer.com\/es_pe\/wp-json\/wp\/v2\/product"}],"about":[{"href":"https:\/\/swoer.com\/es_pe\/wp-json\/wp\/v2\/types\/product"}],"replies":[{"embeddable":true,"href":"https:\/\/swoer.com\/es_pe\/wp-json\/wp\/v2\/comments?post=2019"}],"wp:featuredmedia":[{"embeddable":true,"href":"https:\/\/swoer.com\/es_pe\/wp-json\/wp\/v2\/media\/2020"}],"wp:attachment":[{"href":"https:\/\/swoer.com\/es_pe\/wp-json\/wp\/v2\/media?parent=2019"}],"wp:term":[{"taxonomy":"product_cat","embeddable":true,"href":"https:\/\/swoer.com\/es_pe\/wp-json\/wp\/v2\/product_cat?post=2019"},{"taxonomy":"product_tag","embeddable":true,"href":"https:\/\/swoer.com\/es_pe\/wp-json\/wp\/v2\/product_tag?post=2019"}],"curies":[{"name":"wp","href":"https:\/\/api.w.org\/{rel}","templated":true}]}}