{"id":1989,"date":"2024-04-16T06:05:57","date_gmt":"2024-04-16T06:05:57","guid":{"rendered":"https:\/\/swoer.com\/?post_type=product&#038;p=1989"},"modified":"2024-04-16T06:17:14","modified_gmt":"2024-04-16T06:17:14","slug":"digital-stabilized-voltage-vibratory-bowl-feeder-controller-sw-10","status":"publish","type":"product","link":"https:\/\/swoer.com\/es_pe\/manufacturer\/digital-stabilized-voltage-vibratory-bowl-feeder-controller-sw-10\/","title":{"rendered":"Controlador de alimentador vibratorio de voltaje estabilizado digital SW-10"},"content":{"rendered":"<h2><strong><b>Caracter\u00edsticas<\/b><\/strong><\/h2>\n<p><strong>Dimensiones:<\/strong>Largo 128 mm x Ancho 50 mm x Alto 53 mm<\/p>\n<p><strong>Tama\u00f1o del orificio de instalaci\u00f3n:<\/strong>\u00a0119 mm 1 a\u00f1o de garant\u00eda<\/p>\n<ol>\n<li>Al tocar ligeramente la tecla se inicia y se detiene la operaci\u00f3n, conveniente y confiable.<\/li>\n<li>Cuatro juegos de luces indicadoras de estado de funcionamiento, interfaz de operaci\u00f3n simple e intuitiva.<\/li>\n<li>Programa inteligente de inicio lento y parada lenta incorporado, garantiza que el momento de inicio y parada de la alimentaci\u00f3n sea suave.<\/li>\n<li>Utilice un potenci\u00f3metro de larga duraci\u00f3n completamente sellado, estable y duradero.<\/li>\n<li>Buen rendimiento de regulaci\u00f3n. En el caso de fluctuaciones de voltaje de la red el\u00e9ctrica, garantiza una velocidad de alimentaci\u00f3n estable.<\/li>\n<li>Sistema altamente integrado, dimensiones optimizadas, peso ligero, tama\u00f1o reducido, f\u00e1cil instalaci\u00f3n.<\/li>\n<li>Vivienda totalmente cerrada, adaptada a entornos de trabajo hostiles.<\/li>\n<li>Con protecci\u00f3n contra sobrecalentamiento, sobrecarga y cortocircuito en la salida.<\/li>\n<\/ol>\n<h2><strong>Especificaciones t\u00e9cnicas<\/strong><\/h2>\n<table style=\"border-collapse: collapse; width: 622.52pt;\" border=\"0\" width=\"830\" cellspacing=\"0\" cellpadding=\"0\">\n<tbody>\n<tr style=\"height: 17.25pt;\">\n<td class=\"et2\" style=\"height: 33.75pt; width: 147.75pt;\" rowspan=\"2\" width=\"197\" height=\"45\">Art\u00edculo<\/td>\n<td class=\"et3\" style=\"width: 204.75pt;\" colspan=\"2\" width=\"273\">Valor de rango<\/td>\n<td class=\"et4\" style=\"width: 54.00pt; border-bottom: 1.0pt solid #DDDDDD;\" rowspan=\"2\" width=\"72\">Unidad<\/td>\n<td class=\"et5\" style=\"width: 216.00pt;\" rowspan=\"2\" width=\"288\">Observaci\u00f3n<\/td>\n<\/tr>\n<tr style=\"height: 16.50pt;\">\n<td class=\"et7\" style=\"width: 122.25pt;\" width=\"163\">M\u00edn.<\/td>\n<td class=\"et7\" style=\"width: 82.50pt;\" width=\"110\">M\u00e1x.<\/td>\n<\/tr>\n<tr style=\"height: 16.50pt;\">\n<td class=\"et6\" style=\"height: 16.50pt; width: 147.75pt;\" width=\"197\" height=\"22\">Voltaje de entrada<\/td>\n<td class=\"et10\" style=\"width: 122.25pt;\" width=\"163\">85<\/td>\n<td class=\"et10\" style=\"width: 82.50pt;\" width=\"110\">265<\/td>\n<td class=\"et10\" style=\"width: 54.00pt;\" width=\"72\">V<\/td>\n<td class=\"et11\" style=\"width: 216.00pt;\" width=\"288\">Onda sinusoidal 50\/60 Hz<\/td>\n<\/tr>\n<tr style=\"height: 54.00pt;\">\n<td class=\"et6\" style=\"height: 54.00pt; width: 147.75pt;\" width=\"197\" height=\"72\">Voltaje de salida<\/td>\n<td class=\"et10\" style=\"width: 122.25pt;\" width=\"163\">0<\/td>\n<td class=\"et10\" style=\"width: 82.50pt;\" width=\"110\">250<\/td>\n<td class=\"et10\" style=\"width: 54.00pt;\" width=\"72\">V<\/td>\n<td class=\"et11\" style=\"width: 216.00pt;\" width=\"288\">Precisi\u00f3n de regulaci\u00f3n de voltaje: 1v<\/td>\n<\/tr>\n<tr style=\"height: 30.00pt;\">\n<td class=\"et6\" style=\"height: 30.00pt; width: 147.75pt;\" width=\"197\" height=\"40\">Corriente de salida<\/td>\n<td class=\"et10\" style=\"width: 122.25pt;\" width=\"163\">0<\/td>\n<td class=\"et10\" style=\"width: 82.50pt;\" width=\"110\">4.5<\/td>\n<td class=\"et10\" style=\"width: 54.00pt;\" width=\"72\">A<\/td>\n<td class=\"et11\" style=\"width: 216.00pt;\" width=\"288\">Potencia nominal: 1,5 A\/3 A\/4,5 A<\/td>\n<\/tr>\n<tr style=\"height: 42.00pt;\">\n<td class=\"et6\" style=\"height: 42.00pt; width: 147.75pt;\" width=\"197\" height=\"56\">Frecuencia de salida<\/td>\n<td class=\"et10\" style=\"width: 122.25pt;\" width=\"163\">40<\/td>\n<td class=\"et10\" style=\"width: 82.50pt;\" width=\"110\">400<\/td>\n<td class=\"et10\" style=\"width: 54.00pt;\" width=\"72\">Hz<\/td>\n<td class=\"et11\" style=\"width: 216.00pt;\" width=\"288\">Precisi\u00f3n del rango de frecuencia: 0,1 Hz<\/td>\n<\/tr>\n<tr style=\"height: 33.00pt;\">\n<td class=\"et6\" style=\"height: 33.00pt; width: 147.75pt;\" width=\"197\" height=\"44\">Onda de salida<\/td>\n<td class=\"et10\" style=\"width: 474.75pt;\" colspan=\"4\" width=\"633\">Onda sinusoidal<\/td>\n<\/tr>\n<tr style=\"height: 16.50pt;\">\n<td class=\"et6\" style=\"height: 16.50pt; width: 147.75pt;\" width=\"197\" height=\"22\">Intervalo de tiempo de retardo de inicio<\/td>\n<td class=\"et10\" style=\"width: 122.25pt;\" width=\"163\">0<\/td>\n<td class=\"et10\" style=\"width: 82.50pt;\" width=\"110\">30<\/td>\n<td class=\"et10\" style=\"width: 54.00pt;\" width=\"72\">S<\/td>\n<td class=\"et11\" style=\"width: 216.00pt;\" width=\"288\">Precisi\u00f3n del tiempo de retardo: 15<\/td>\n<\/tr>\n<tr style=\"height: 28.00pt;\">\n<td class=\"et6\" style=\"height: 28.00pt; width: 147.75pt;\" width=\"197\" height=\"37\">Intervalo de tiempo de retardo de apagado<\/td>\n<td class=\"et10\" style=\"width: 122.25pt;\" width=\"163\">0<\/td>\n<td class=\"et10\" style=\"width: 82.50pt;\" width=\"110\">30<\/td>\n<td class=\"et10\" style=\"width: 54.00pt;\" width=\"72\">S<\/td>\n<td class=\"et11\" style=\"width: 216.00pt;\" width=\"288\">Precisi\u00f3n del tiempo de retardo: 15<\/td>\n<\/tr>\n<tr style=\"height: 52.00pt;\">\n<td class=\"et6\" style=\"height: 52.00pt; width: 147.75pt;\" width=\"197\" height=\"69\">Tiempo de inicio lento<\/td>\n<td class=\"et10\" style=\"width: 122.25pt;\" width=\"163\">0.1<\/td>\n<td class=\"et10\" style=\"width: 82.50pt;\" width=\"110\">9.9<\/td>\n<td class=\"et10\" style=\"width: 54.00pt;\" width=\"72\">S<\/td>\n<td class=\"et11\" style=\"width: 216.00pt;\" width=\"288\">Tiempo de inicio lento: 0,15<\/td>\n<\/tr>\n<tr style=\"height: 16.50pt;\">\n<td class=\"et6\" style=\"height: 16.50pt; width: 147.75pt;\" width=\"197\" height=\"22\">Tiempo de parada lento<\/td>\n<td class=\"et10\" style=\"width: 122.25pt;\" width=\"163\">0.1<\/td>\n<td class=\"et10\" style=\"width: 82.50pt;\" width=\"110\">0.3<\/td>\n<td class=\"et10\" style=\"width: 54.00pt;\" width=\"72\">S<\/td>\n<td class=\"et11\" style=\"width: 216.00pt;\" width=\"288\">Programa de control autom\u00e1tico<\/td>\n<\/tr>\n<tr style=\"height: 72.00pt;\">\n<td class=\"et6\" style=\"height: 72.00pt; width: 147.75pt;\" width=\"197\" height=\"96\">Sensibilidad fotoel\u00e9ctrica<\/td>\n<td class=\"et10\" style=\"width: 122.25pt;\" width=\"163\">0<\/td>\n<td class=\"et10\" style=\"width: 82.50pt;\" width=\"110\">99<\/td>\n<td class=\"et12\" style=\"width: 54.00pt;\" width=\"72\">\u00a0<\/td>\n<td class=\"et11\" style=\"width: 216.00pt;\" width=\"288\">Cuanto mayor sea el valor, mayor ser\u00e1 la sensibilidad.<\/td>\n<\/tr>\n<tr style=\"height: 84.00pt;\">\n<td class=\"et6\" style=\"height: 84.00pt; width: 147.75pt;\" width=\"197\" height=\"112\">Salida de control de CC<\/td>\n<td class=\"et10\" style=\"width: 204.75pt;\" colspan=\"2\" width=\"273\">24 V 200 mA<\/td>\n<td class=\"et12\" style=\"width: 54.00pt;\" width=\"72\">\u00a0<\/td>\n<td class=\"et11\" style=\"width: 216.00pt;\" width=\"288\">Acciona sensores externos y v\u00e1lvulas solenoides de bajo consumo para suministro de energ\u00eda.<\/td>\n<\/tr>\n<tr style=\"height: 64.50pt;\">\n<td class=\"et6\" style=\"height: 64.50pt; width: 147.75pt;\" width=\"197\" height=\"86\">Consumo de energ\u00eda sin carga<\/td>\n<td class=\"et10\" style=\"width: 204.75pt;\" colspan=\"2\" width=\"273\">&lt;3W<\/td>\n<td class=\"et10\" style=\"width: 54.00pt;\" width=\"72\">Yo<\/td>\n<td class=\"et11\" style=\"width: 216.00pt;\" width=\"288\">Voltaje de entrada: 220 V 50 Hz<\/td>\n<\/tr>\n<tr style=\"height: 33.00pt;\">\n<td class=\"et6\" style=\"height: 33.00pt; width: 147.75pt;\" width=\"197\" height=\"44\">Modo de visualizaci\u00f3n<\/td>\n<td class=\"et10\" style=\"width: 204.75pt;\" colspan=\"2\" width=\"273\">LED+Luz indicadora 5<\/td>\n<td class=\"et12\" style=\"width: 54.00pt;\" width=\"72\">\u00a0<\/td>\n<td class=\"et13\" style=\"width: 216.00pt;\" width=\"288\">\u00a0<\/td>\n<\/tr>\n<tr style=\"height: 91.50pt;\">\n<td class=\"et6\" style=\"height: 91.50pt; width: 147.75pt;\" width=\"197\" height=\"122\">Modo de operaci\u00f3n<\/td>\n<td class=\"et10\" style=\"width: 204.75pt;\" colspan=\"2\" width=\"273\">Interruptor de codificaci\u00f3n Keys+<\/td>\n<td class=\"et12\" style=\"width: 54.00pt;\" width=\"72\">\u00a0<\/td>\n<td class=\"et11\" style=\"width: 216.00pt;\" width=\"288\">Funcionamiento con lanzadera de alta velocidad, dise\u00f1o patentado<\/td>\n<\/tr>\n<tr style=\"height: 76.50pt;\">\n<td class=\"et6\" style=\"height: 169.50pt; width: 147.75pt;\" rowspan=\"2\" width=\"197\" height=\"226\">Modo de control<\/td>\n<td class=\"et10\" style=\"width: 122.25pt;\" width=\"163\">Con sensor fotoel\u00e9ctrico infrarrojo<\/td>\n<td class=\"et12\" style=\"width: 82.50pt;\" width=\"110\">\u00a0<\/td>\n<td class=\"et12\" style=\"width: 54.00pt;\" width=\"72\">\u00a0<\/td>\n<td class=\"et11\" style=\"width: 216.00pt;\" rowspan=\"2\" width=\"288\">Control de apagado de material lleno\/vac\u00edo<\/td>\n<\/tr>\n<tr style=\"height: 93.00pt;\">\n<td class=\"et10\" style=\"width: 122.25pt;\" width=\"163\">Se\u00f1al de nivel bajo (sensor de prop\u00f3sito general NPN o PLC)<\/td>\n<td class=\"et12\" style=\"width: 82.50pt;\" width=\"110\">\u00a0<\/td>\n<td class=\"et12\" style=\"width: 54.00pt;\" width=\"72\">\u00a0<\/td>\n<\/tr>\n<tr style=\"height: 29.00pt;\">\n<td class=\"et6\" style=\"height: 29.00pt; width: 147.75pt;\" width=\"197\" height=\"38\">Temperatura de trabajo<\/td>\n<td class=\"et10\" style=\"width: 122.25pt;\" width=\"163\">-20<\/td>\n<td class=\"et10\" style=\"width: 82.50pt;\" width=\"110\">40<\/td>\n<td class=\"et10\" style=\"width: 54.00pt;\" width=\"72\">\u2103<\/td>\n<td class=\"et11\" style=\"width: 216.00pt;\" width=\"288\">Protecci\u00f3n contra sobrecalentamiento: 58 \u2103<\/td>\n<\/tr>\n<tr style=\"height: 32.25pt;\">\n<td class=\"et6\" style=\"height: 32.25pt; width: 147.75pt;\" width=\"197\" height=\"43\">Humedad relativa de trabajo<\/td>\n<td class=\"et10\" style=\"width: 122.25pt;\" width=\"163\">0<\/td>\n<td class=\"et10\" style=\"width: 82.50pt;\" width=\"110\">90<\/td>\n<td class=\"et10\" style=\"width: 54.00pt;\" width=\"72\">%<\/td>\n<td class=\"et11\" style=\"width: 216.00pt;\" width=\"288\">Sin condensaci\u00f3n<\/td>\n<\/tr>\n<tr style=\"height: 64.50pt;\">\n<td class=\"et6\" style=\"height: 64.50pt; width: 147.75pt;\" width=\"197\" height=\"86\">Medidas de protecci\u00f3n<\/td>\n<td class=\"et10\" style=\"width: 474.75pt;\" colspan=\"4\" width=\"633\">Protecci\u00f3n contra sobrecalentamiento, sobrecorriente y cortocircuito en la salida.<\/td>\n<\/tr>\n<tr style=\"height: 31.50pt;\">\n<td class=\"et14\" style=\"height: 31.50pt; width: 147.75pt;\" width=\"197\" height=\"42\">Solicitud<\/td>\n<td class=\"et15\" style=\"width: 474.75pt;\" colspan=\"4\" width=\"633\">Electromagn\u00e9tico<\/td>\n<\/tr>\n<\/tbody>\n<\/table>","protected":false},"excerpt":{"rendered":"<p>Controlador de alimentador de taz\u00f3n vibratorio SW-10, controlador de alimentador de taz\u00f3n vibratorio, controlador digital de frecuencia variable para alimentador lineal de piezas de taz\u00f3n vibratorio.<\/p>","protected":false},"featured_media":1990,"comment_status":"open","ping_status":"closed","template":"","meta":[],"product_cat":[45],"product_tag":[],"yoast_head":"<!-- This site is optimized with the Yoast SEO plugin v22.2 - https:\/\/yoast.com\/wordpress\/plugins\/seo\/ -->\n<title>Digital Stabilized Voltage Vibratory Bowl Feeder Controller SW-10 - SWOER<\/title>\n<meta name=\"robots\" content=\"index, follow, max-snippet:-1, max-image-preview:large, max-video-preview:-1\" \/>\n<link rel=\"canonical\" href=\"https:\/\/swoer.com\/es_pe\/manufacturer\/digital-stabilized-voltage-vibratory-bowl-feeder-controller-sw-10\/\" \/>\n<meta property=\"og:locale\" content=\"es_ES\" \/>\n<meta property=\"og:type\" content=\"article\" \/>\n<meta property=\"og:title\" content=\"Digital Stabilized Voltage Vibratory Bowl Feeder Controller SW-10 - SWOER\" \/>\n<meta property=\"og:description\" content=\"SW-10 vibratory bowl feeder controller,vibratory bowl feeder controller, variable frequency digital controller for vibratory bowl parts linear feeder.\" \/>\n<meta property=\"og:url\" content=\"https:\/\/swoer.com\/es_pe\/manufacturer\/digital-stabilized-voltage-vibratory-bowl-feeder-controller-sw-10\/\" \/>\n<meta property=\"og:site_name\" content=\"SWOER\" \/>\n<meta property=\"article:modified_time\" content=\"2024-04-16T06:17:14+00:00\" \/>\n<meta property=\"og:image\" content=\"https:\/\/swoer.com\/wp-content\/uploads\/2024\/04\/Digital-Stabilized-Voltage-Bowl-Feeder-Controller-SW-10.webp\" \/>\n\t<meta property=\"og:image:width\" content=\"1000\" \/>\n\t<meta property=\"og:image:height\" content=\"1000\" \/>\n\t<meta property=\"og:image:type\" content=\"image\/webp\" \/>\n<meta name=\"twitter:card\" content=\"summary_large_image\" \/>\n<meta name=\"twitter:label1\" content=\"Est. reading time\" \/>\n\t<meta name=\"twitter:data1\" content=\"1 minuto\" \/>\n<script type=\"application\/ld+json\" class=\"yoast-schema-graph\">{\"@context\":\"https:\/\/schema.org\",\"@graph\":[{\"@type\":\"WebPage\",\"@id\":\"https:\/\/swoer.com\/manufacturer\/digital-stabilized-voltage-vibratory-bowl-feeder-controller-sw-10\/\",\"url\":\"https:\/\/swoer.com\/manufacturer\/digital-stabilized-voltage-vibratory-bowl-feeder-controller-sw-10\/\",\"name\":\"Digital Stabilized Voltage Vibratory Bowl Feeder Controller SW-10 - SWOER\",\"isPartOf\":{\"@id\":\"https:\/\/swoer.com\/#website\"},\"primaryImageOfPage\":{\"@id\":\"https:\/\/swoer.com\/manufacturer\/digital-stabilized-voltage-vibratory-bowl-feeder-controller-sw-10\/#primaryimage\"},\"image\":{\"@id\":\"https:\/\/swoer.com\/manufacturer\/digital-stabilized-voltage-vibratory-bowl-feeder-controller-sw-10\/#primaryimage\"},\"thumbnailUrl\":\"https:\/\/swoer.com\/wp-content\/uploads\/2024\/04\/Digital-Stabilized-Voltage-Bowl-Feeder-Controller-SW-10.webp\",\"datePublished\":\"2024-04-16T06:05:57+00:00\",\"dateModified\":\"2024-04-16T06:17:14+00:00\",\"breadcrumb\":{\"@id\":\"https:\/\/swoer.com\/manufacturer\/digital-stabilized-voltage-vibratory-bowl-feeder-controller-sw-10\/#breadcrumb\"},\"inLanguage\":\"es\",\"potentialAction\":[{\"@type\":\"ReadAction\",\"target\":[\"https:\/\/swoer.com\/manufacturer\/digital-stabilized-voltage-vibratory-bowl-feeder-controller-sw-10\/\"]}]},{\"@type\":\"ImageObject\",\"inLanguage\":\"es\",\"@id\":\"https:\/\/swoer.com\/manufacturer\/digital-stabilized-voltage-vibratory-bowl-feeder-controller-sw-10\/#primaryimage\",\"url\":\"https:\/\/swoer.com\/wp-content\/uploads\/2024\/04\/Digital-Stabilized-Voltage-Bowl-Feeder-Controller-SW-10.webp\",\"contentUrl\":\"https:\/\/swoer.com\/wp-content\/uploads\/2024\/04\/Digital-Stabilized-Voltage-Bowl-Feeder-Controller-SW-10.webp\",\"width\":1000,\"height\":1000,\"caption\":\"Digital Stabilized Voltage Vibratory Bowl Feeder Controller SW-10\"},{\"@type\":\"BreadcrumbList\",\"@id\":\"https:\/\/swoer.com\/manufacturer\/digital-stabilized-voltage-vibratory-bowl-feeder-controller-sw-10\/#breadcrumb\",\"itemListElement\":[{\"@type\":\"ListItem\",\"position\":1,\"name\":\"Home\",\"item\":\"https:\/\/swoer.com\/\"},{\"@type\":\"ListItem\",\"position\":2,\"name\":\"Shop\",\"item\":\"https:\/\/swoer.com\/shop\/\"},{\"@type\":\"ListItem\",\"position\":3,\"name\":\"Digital Stabilized Voltage Vibratory Bowl Feeder Controller SW-10\"}]},{\"@type\":\"WebSite\",\"@id\":\"https:\/\/swoer.com\/#website\",\"url\":\"https:\/\/swoer.com\/\",\"name\":\"SWOER\",\"description\":\"Swoer is the top 3 vibratory bowl feeder manufacturer in China\",\"potentialAction\":[{\"@type\":\"SearchAction\",\"target\":{\"@type\":\"EntryPoint\",\"urlTemplate\":\"https:\/\/swoer.com\/?s={search_term_string}\"},\"query-input\":\"required name=search_term_string\"}],\"inLanguage\":\"es\"}]}<\/script>\n<!-- \/ Yoast SEO plugin. -->","yoast_head_json":{"title":"Digital Stabilized Voltage Vibratory Bowl Feeder Controller SW-10 - SWOER","robots":{"index":"index","follow":"follow","max-snippet":"max-snippet:-1","max-image-preview":"max-image-preview:large","max-video-preview":"max-video-preview:-1"},"canonical":"https:\/\/swoer.com\/es_pe\/manufacturer\/digital-stabilized-voltage-vibratory-bowl-feeder-controller-sw-10\/","og_locale":"es_ES","og_type":"article","og_title":"Digital Stabilized Voltage Vibratory Bowl Feeder Controller SW-10 - SWOER","og_description":"SW-10 vibratory bowl feeder controller,vibratory bowl feeder controller, variable frequency digital controller for vibratory bowl parts linear feeder.","og_url":"https:\/\/swoer.com\/es_pe\/manufacturer\/digital-stabilized-voltage-vibratory-bowl-feeder-controller-sw-10\/","og_site_name":"SWOER","article_modified_time":"2024-04-16T06:17:14+00:00","og_image":[{"width":1000,"height":1000,"url":"https:\/\/swoer.com\/wp-content\/uploads\/2024\/04\/Digital-Stabilized-Voltage-Bowl-Feeder-Controller-SW-10.webp","type":"image\/webp"}],"twitter_card":"summary_large_image","twitter_misc":{"Est. reading time":"1 minuto"},"schema":{"@context":"https:\/\/schema.org","@graph":[{"@type":"WebPage","@id":"https:\/\/swoer.com\/manufacturer\/digital-stabilized-voltage-vibratory-bowl-feeder-controller-sw-10\/","url":"https:\/\/swoer.com\/manufacturer\/digital-stabilized-voltage-vibratory-bowl-feeder-controller-sw-10\/","name":"Digital Stabilized Voltage Vibratory Bowl Feeder Controller SW-10 - SWOER","isPartOf":{"@id":"https:\/\/swoer.com\/#website"},"primaryImageOfPage":{"@id":"https:\/\/swoer.com\/manufacturer\/digital-stabilized-voltage-vibratory-bowl-feeder-controller-sw-10\/#primaryimage"},"image":{"@id":"https:\/\/swoer.com\/manufacturer\/digital-stabilized-voltage-vibratory-bowl-feeder-controller-sw-10\/#primaryimage"},"thumbnailUrl":"https:\/\/swoer.com\/wp-content\/uploads\/2024\/04\/Digital-Stabilized-Voltage-Bowl-Feeder-Controller-SW-10.webp","datePublished":"2024-04-16T06:05:57+00:00","dateModified":"2024-04-16T06:17:14+00:00","breadcrumb":{"@id":"https:\/\/swoer.com\/manufacturer\/digital-stabilized-voltage-vibratory-bowl-feeder-controller-sw-10\/#breadcrumb"},"inLanguage":"es","potentialAction":[{"@type":"ReadAction","target":["https:\/\/swoer.com\/manufacturer\/digital-stabilized-voltage-vibratory-bowl-feeder-controller-sw-10\/"]}]},{"@type":"ImageObject","inLanguage":"es","@id":"https:\/\/swoer.com\/manufacturer\/digital-stabilized-voltage-vibratory-bowl-feeder-controller-sw-10\/#primaryimage","url":"https:\/\/swoer.com\/wp-content\/uploads\/2024\/04\/Digital-Stabilized-Voltage-Bowl-Feeder-Controller-SW-10.webp","contentUrl":"https:\/\/swoer.com\/wp-content\/uploads\/2024\/04\/Digital-Stabilized-Voltage-Bowl-Feeder-Controller-SW-10.webp","width":1000,"height":1000,"caption":"Digital Stabilized Voltage Vibratory Bowl Feeder Controller SW-10"},{"@type":"BreadcrumbList","@id":"https:\/\/swoer.com\/manufacturer\/digital-stabilized-voltage-vibratory-bowl-feeder-controller-sw-10\/#breadcrumb","itemListElement":[{"@type":"ListItem","position":1,"name":"Home","item":"https:\/\/swoer.com\/"},{"@type":"ListItem","position":2,"name":"Shop","item":"https:\/\/swoer.com\/shop\/"},{"@type":"ListItem","position":3,"name":"Digital Stabilized Voltage Vibratory Bowl Feeder Controller SW-10"}]},{"@type":"WebSite","@id":"https:\/\/swoer.com\/#website","url":"https:\/\/swoer.com\/","name":"SWOER","description":"Swoer is the top 3 vibratory bowl feeder manufacturer in China","potentialAction":[{"@type":"SearchAction","target":{"@type":"EntryPoint","urlTemplate":"https:\/\/swoer.com\/?s={search_term_string}"},"query-input":"required name=search_term_string"}],"inLanguage":"es"}]}},"_links":{"self":[{"href":"https:\/\/swoer.com\/es_pe\/wp-json\/wp\/v2\/product\/1989"}],"collection":[{"href":"https:\/\/swoer.com\/es_pe\/wp-json\/wp\/v2\/product"}],"about":[{"href":"https:\/\/swoer.com\/es_pe\/wp-json\/wp\/v2\/types\/product"}],"replies":[{"embeddable":true,"href":"https:\/\/swoer.com\/es_pe\/wp-json\/wp\/v2\/comments?post=1989"}],"wp:featuredmedia":[{"embeddable":true,"href":"https:\/\/swoer.com\/es_pe\/wp-json\/wp\/v2\/media\/1990"}],"wp:attachment":[{"href":"https:\/\/swoer.com\/es_pe\/wp-json\/wp\/v2\/media?parent=1989"}],"wp:term":[{"taxonomy":"product_cat","embeddable":true,"href":"https:\/\/swoer.com\/es_pe\/wp-json\/wp\/v2\/product_cat?post=1989"},{"taxonomy":"product_tag","embeddable":true,"href":"https:\/\/swoer.com\/es_pe\/wp-json\/wp\/v2\/product_tag?post=1989"}],"curies":[{"name":"wp","href":"https:\/\/api.w.org\/{rel}","templated":true}]}}