{"id":2700,"date":"2024-10-02T23:00:49","date_gmt":"2024-10-02T15:00:49","guid":{"rendered":"https:\/\/swoer.com\/?post_type=product&#038;p=2700"},"modified":"2025-03-21T09:07:53","modified_gmt":"2025-03-21T01:07:53","slug":"hopper-vibratory-feeder-for-plastic-spoons","status":"publish","type":"product","link":"https:\/\/swoer.com\/es_es\/manufacturer\/hopper-vibratory-feeder-for-plastic-spoons\/","title":{"rendered":"Alimentador vibratorio de tolva para cucharas de pl\u00e1stico"},"content":{"rendered":"<h2><strong>Alimentador vibratorio de tolva para cucharas de pl\u00e1stico: caracter\u00edsticas principales<\/strong><\/h2>\n<ul>\n<li><strong>Recipiente de acero inoxidable 304 de grado alimenticio:<\/strong> Garantiza un rendimiento higi\u00e9nico y duradero, ideal para manipular cucharas de pl\u00e1stico en entornos limpios o relacionados con alimentos.<\/li>\n<li><strong>Tolva integrada:<\/strong> Permite un proceso de alimentaci\u00f3n consistente y eficiente, minimizando las interrupciones durante la operaci\u00f3n.<\/li>\n<li><strong>Rendimiento confiable:<\/strong> Dise\u00f1ado para manipular grandes cantidades de cucharas de pl\u00e1stico, garantizando un funcionamiento suave en l\u00edneas de producci\u00f3n de alta demanda.<\/li>\n<li><strong>Configuraciones personalizables:<\/strong> Velocidad de alimentaci\u00f3n y intensidad de vibraci\u00f3n ajustables para satisfacer necesidades de producci\u00f3n espec\u00edficas.<\/li>\n<li><strong>F\u00e1cil mantenimiento:<\/strong> F\u00e1cil de limpiar y mantener, lo que garantiza un uso duradero con un tiempo de inactividad m\u00ednimo.<\/li>\n<\/ul>\n<p>Este alimentador vibratorio de tolva est\u00e1 dise\u00f1ado espec\u00edficamente para cucharas de pl\u00e1stico y se puede personalizar para adaptarse a su forma y tama\u00f1o precisos, lo que garantiza un rendimiento \u00f3ptimo en aplicaciones industriales dedicadas.<\/p>\n\t<div id=\"gap-1721509736\" class=\"gap-element clearfix\" style=\"display:block; height:auto;\">\n\t\t\n<style>\n#gap-1721509736 {\n  padding-top: 30px;\n}\n<\/style>\n\t<\/div>\n\t\n<h2>Dise\u00f1o de un modelo 3D de un alimentador vibratorio para cucharas de pl\u00e1stico<\/h2>\n\t<div class=\"img has-hover x md-x lg-x y md-y lg-y\" id=\"image_4821937\">\n\t\t\t\t\t\t\t\t<div class=\"img-inner dark\" >\n\t\t\t<img loading=\"lazy\" decoding=\"async\" width=\"1200\" height=\"475\" src=\"https:\/\/swoer.com\/wp-content\/uploads\/2024\/09\/Vibratory-Bowl-Feeder-Design-3D-Model-for-Plastic-Spoons.webp\" class=\"attachment-original size-original\" alt=\"Dise\u00f1o de un modelo 3D de un alimentador vibratorio para cucharas de pl\u00e1stico\" srcset=\"https:\/\/swoer.com\/wp-content\/uploads\/2024\/09\/Vibratory-Bowl-Feeder-Design-3D-Model-for-Plastic-Spoons.webp 1200w, https:\/\/swoer.com\/wp-content\/uploads\/2024\/09\/Vibratory-Bowl-Feeder-Design-3D-Model-for-Plastic-Spoons-300x119.webp 300w, https:\/\/swoer.com\/wp-content\/uploads\/2024\/09\/Vibratory-Bowl-Feeder-Design-3D-Model-for-Plastic-Spoons-1024x405.webp 1024w, https:\/\/swoer.com\/wp-content\/uploads\/2024\/09\/Vibratory-Bowl-Feeder-Design-3D-Model-for-Plastic-Spoons-768x304.webp 768w, https:\/\/swoer.com\/wp-content\/uploads\/2024\/09\/Vibratory-Bowl-Feeder-Design-3D-Model-for-Plastic-Spoons-18x7.webp 18w, https:\/\/swoer.com\/wp-content\/uploads\/2024\/09\/Vibratory-Bowl-Feeder-Design-3D-Model-for-Plastic-Spoons-600x238.webp 600w\" sizes=\"(max-width: 1200px) 100vw, 1200px\" \/>\t\t\t\t\t\t\n\t\t\t\t\t<\/div>\n\t\t\t\t\t\t\t\t\n<style>\n#image_4821937 {\n  width: 100%;\n}\n<\/style>\n\t<\/div>\n\t\n\t<div id=\"gap-1822128953\" class=\"gap-element clearfix\" style=\"display:block; height:auto;\">\n\t\t\n<style>\n#gap-1822128953 {\n  padding-top: 30px;\n}\n<\/style>\n\t<\/div>\n\t\n<h2>Especificaci\u00f3n<\/h2>\n<table width=\"691\">\n<tbody>\n<tr>\n<td width=\"183\"><strong>Nombre del producto<\/strong><\/td>\n<td width=\"508\">Alimentador vibratorio de tolva para cucharas de pl\u00e1stico<\/td>\n<\/tr>\n<tr>\n<td><strong>Material<\/strong><\/td>\n<td>\u00a0SUS 304<\/td>\n<\/tr>\n<tr>\n<td><strong>Especialidad del material<\/strong><\/td>\n<td>Aleaci\u00f3n de forja con tratamiento en fr\u00edo, alta resistencia, alta dureza.<\/td>\n<\/tr>\n<tr>\n<td><strong>Voltaje<\/strong><\/td>\n<td>220 V<\/td>\n<\/tr>\n<tr>\n<td><strong>Fuerza<\/strong><\/td>\n<td>65 W\/150 W\/180 W\/220 W\/350 W<\/td>\n<\/tr>\n<tr>\n<td><strong>Autenticaci\u00f3n<\/strong><\/td>\n<td>Certificaci\u00f3n CE, RoHS, ISO9001<\/td>\n<\/tr>\n<tr>\n<td><strong>Garant\u00eda<\/strong><\/td>\n<td>1 a\u00f1o de garant\u00eda<\/td>\n<\/tr>\n<tr>\n<td><strong>Cantidad m\u00ednima de pedido<\/strong><\/td>\n<td>1 juego<\/td>\n<\/tr>\n<tr>\n<td><strong>Plazo de entrega<\/strong><\/td>\n<td>10-14 d\u00edas<\/td>\n<\/tr>\n<tr>\n<td><strong>Plazo de pago<\/strong><\/td>\n<td>T\/T 40% Dep\u00f3sito y saldo antes del env\u00edo<\/td>\n<\/tr>\n<tr>\n<td><strong>Original del lugar<\/strong><\/td>\n<td>Porcelana<\/td>\n<\/tr>\n<\/tbody>\n<\/table>\n\t<div id=\"gap-331801349\" class=\"gap-element clearfix\" style=\"display:block; height:auto;\">\n\t\t\n<style>\n#gap-331801349 {\n  padding-top: 30px;\n}\n<\/style>\n\t<\/div>\n\t\n<h3>V\u00eddeo del alimentador vibratorio con cucharas de pl\u00e1stico<\/h3>\n<div class=\"video video-fit mb\" style=\"padding-top:50%;\"><p><iframe loading=\"lazy\" title=\"Alimentador vibratorio para cucharas de pl\u00e1stico con tolva | Sistemas de alimentaci\u00f3n de piezas | Fabricantes SWOER\" width=\"1020\" height=\"574\" src=\"https:\/\/www.youtube.com\/embed\/WrekQVkEvDI?feature=oembed\" frameborder=\"0\" allow=\"accelerometer; autoplay; clipboard-write; encrypted-media; gyroscope; picture-in-picture; web-share\" referrerpolicy=\"strict-origin-when-cross-origin\" allowfullscreen><\/iframe><\/p>\n<\/div>","protected":false},"excerpt":{"rendered":"<p>Conozca nuestro alimentador vibratorio de tolva dise\u00f1ado para cucharas de pl\u00e1stico. Construido con acero inoxidable 304 de grado alimenticio, garantiza eficiencia y confiabilidad en sus operaciones.<\/p>","protected":false},"featured_media":2701,"comment_status":"open","ping_status":"closed","template":"","meta":[],"product_cat":[37],"product_tag":[],"yoast_head":"<!-- This site is optimized with the Yoast SEO plugin v22.2 - https:\/\/yoast.com\/wordpress\/plugins\/seo\/ -->\n<title>Hopper Vibratory Feeder for Plastic Spoons - SWOER<\/title>\n<meta name=\"description\" content=\"Increase your production with our hopper vibratory feeder for plastic spoons, made from durable food-grade 304 stainless steel for long-lasting performance.\" \/>\n<meta name=\"robots\" content=\"index, follow, max-snippet:-1, max-image-preview:large, max-video-preview:-1\" \/>\n<link rel=\"canonical\" href=\"https:\/\/swoer.com\/es_es\/manufacturer\/hopper-vibratory-feeder-for-plastic-spoons\/\" \/>\n<meta property=\"og:locale\" content=\"es_ES\" \/>\n<meta property=\"og:type\" content=\"article\" \/>\n<meta property=\"og:title\" content=\"Hopper Vibratory Feeder for Plastic Spoons - SWOER\" \/>\n<meta property=\"og:description\" content=\"Increase your production with our hopper vibratory feeder for plastic spoons, made from durable food-grade 304 stainless steel for long-lasting performance.\" \/>\n<meta property=\"og:url\" content=\"https:\/\/swoer.com\/es_es\/manufacturer\/hopper-vibratory-feeder-for-plastic-spoons\/\" \/>\n<meta property=\"og:site_name\" content=\"SWOER\" \/>\n<meta property=\"article:modified_time\" content=\"2025-03-21T01:07:53+00:00\" \/>\n<meta property=\"og:image\" content=\"https:\/\/swoer.com\/wp-content\/uploads\/2024\/10\/hopper-vibratory-feeder-for-plastic-spoons.webp\" \/>\n\t<meta property=\"og:image:width\" content=\"1000\" \/>\n\t<meta property=\"og:image:height\" content=\"1000\" \/>\n\t<meta property=\"og:image:type\" content=\"image\/webp\" \/>\n<meta name=\"twitter:card\" content=\"summary_large_image\" \/>\n<meta name=\"twitter:label1\" content=\"Tiempo de lectura\" \/>\n\t<meta name=\"twitter:data1\" content=\"2 minutos\" \/>\n<script type=\"application\/ld+json\" class=\"yoast-schema-graph\">{\"@context\":\"https:\/\/schema.org\",\"@graph\":[{\"@type\":\"WebPage\",\"@id\":\"https:\/\/swoer.com\/manufacturer\/hopper-vibratory-feeder-for-plastic-spoons\/\",\"url\":\"https:\/\/swoer.com\/manufacturer\/hopper-vibratory-feeder-for-plastic-spoons\/\",\"name\":\"Hopper Vibratory Feeder for Plastic Spoons - SWOER\",\"isPartOf\":{\"@id\":\"https:\/\/swoer.com\/#website\"},\"primaryImageOfPage\":{\"@id\":\"https:\/\/swoer.com\/manufacturer\/hopper-vibratory-feeder-for-plastic-spoons\/#primaryimage\"},\"image\":{\"@id\":\"https:\/\/swoer.com\/manufacturer\/hopper-vibratory-feeder-for-plastic-spoons\/#primaryimage\"},\"thumbnailUrl\":\"https:\/\/swoer.com\/wp-content\/uploads\/2024\/10\/hopper-vibratory-feeder-for-plastic-spoons.webp\",\"datePublished\":\"2024-10-02T15:00:49+00:00\",\"dateModified\":\"2025-03-21T01:07:53+00:00\",\"description\":\"Increase your production with our hopper vibratory feeder for plastic spoons, made from durable food-grade 304 stainless steel for long-lasting performance.\",\"breadcrumb\":{\"@id\":\"https:\/\/swoer.com\/manufacturer\/hopper-vibratory-feeder-for-plastic-spoons\/#breadcrumb\"},\"inLanguage\":\"es\",\"potentialAction\":[{\"@type\":\"ReadAction\",\"target\":[\"https:\/\/swoer.com\/manufacturer\/hopper-vibratory-feeder-for-plastic-spoons\/\"]}]},{\"@type\":\"ImageObject\",\"inLanguage\":\"es\",\"@id\":\"https:\/\/swoer.com\/manufacturer\/hopper-vibratory-feeder-for-plastic-spoons\/#primaryimage\",\"url\":\"https:\/\/swoer.com\/wp-content\/uploads\/2024\/10\/hopper-vibratory-feeder-for-plastic-spoons.webp\",\"contentUrl\":\"https:\/\/swoer.com\/wp-content\/uploads\/2024\/10\/hopper-vibratory-feeder-for-plastic-spoons.webp\",\"width\":1000,\"height\":1000,\"caption\":\"hopper vibratory feeder for plastic spoons\"},{\"@type\":\"BreadcrumbList\",\"@id\":\"https:\/\/swoer.com\/manufacturer\/hopper-vibratory-feeder-for-plastic-spoons\/#breadcrumb\",\"itemListElement\":[{\"@type\":\"ListItem\",\"position\":1,\"name\":\"Home\",\"item\":\"https:\/\/swoer.com\/\"},{\"@type\":\"ListItem\",\"position\":2,\"name\":\"Shop\",\"item\":\"https:\/\/swoer.com\/shop\/\"},{\"@type\":\"ListItem\",\"position\":3,\"name\":\"Hopper Vibratory Feeder for Plastic Spoons\"}]},{\"@type\":\"WebSite\",\"@id\":\"https:\/\/swoer.com\/#website\",\"url\":\"https:\/\/swoer.com\/\",\"name\":\"SWOER\",\"description\":\"Swoer is the top 3 vibratory bowl feeder manufacturer in China\",\"potentialAction\":[{\"@type\":\"SearchAction\",\"target\":{\"@type\":\"EntryPoint\",\"urlTemplate\":\"https:\/\/swoer.com\/?s={search_term_string}\"},\"query-input\":\"required name=search_term_string\"}],\"inLanguage\":\"es\"}]}<\/script>\n<!-- \/ Yoast SEO plugin. -->","yoast_head_json":{"title":"Hopper Vibratory Feeder for Plastic Spoons - SWOER","description":"Increase your production with our hopper vibratory feeder for plastic spoons, made from durable food-grade 304 stainless steel for long-lasting performance.","robots":{"index":"index","follow":"follow","max-snippet":"max-snippet:-1","max-image-preview":"max-image-preview:large","max-video-preview":"max-video-preview:-1"},"canonical":"https:\/\/swoer.com\/es_es\/manufacturer\/hopper-vibratory-feeder-for-plastic-spoons\/","og_locale":"es_ES","og_type":"article","og_title":"Hopper Vibratory Feeder for Plastic Spoons - SWOER","og_description":"Increase your production with our hopper vibratory feeder for plastic spoons, made from durable food-grade 304 stainless steel for long-lasting performance.","og_url":"https:\/\/swoer.com\/es_es\/manufacturer\/hopper-vibratory-feeder-for-plastic-spoons\/","og_site_name":"SWOER","article_modified_time":"2025-03-21T01:07:53+00:00","og_image":[{"width":1000,"height":1000,"url":"https:\/\/swoer.com\/wp-content\/uploads\/2024\/10\/hopper-vibratory-feeder-for-plastic-spoons.webp","type":"image\/webp"}],"twitter_card":"summary_large_image","twitter_misc":{"Tiempo de lectura":"2 minutos"},"schema":{"@context":"https:\/\/schema.org","@graph":[{"@type":"WebPage","@id":"https:\/\/swoer.com\/manufacturer\/hopper-vibratory-feeder-for-plastic-spoons\/","url":"https:\/\/swoer.com\/manufacturer\/hopper-vibratory-feeder-for-plastic-spoons\/","name":"Hopper Vibratory Feeder for Plastic Spoons - SWOER","isPartOf":{"@id":"https:\/\/swoer.com\/#website"},"primaryImageOfPage":{"@id":"https:\/\/swoer.com\/manufacturer\/hopper-vibratory-feeder-for-plastic-spoons\/#primaryimage"},"image":{"@id":"https:\/\/swoer.com\/manufacturer\/hopper-vibratory-feeder-for-plastic-spoons\/#primaryimage"},"thumbnailUrl":"https:\/\/swoer.com\/wp-content\/uploads\/2024\/10\/hopper-vibratory-feeder-for-plastic-spoons.webp","datePublished":"2024-10-02T15:00:49+00:00","dateModified":"2025-03-21T01:07:53+00:00","description":"Increase your production with our hopper vibratory feeder for plastic spoons, made from durable food-grade 304 stainless steel for long-lasting performance.","breadcrumb":{"@id":"https:\/\/swoer.com\/manufacturer\/hopper-vibratory-feeder-for-plastic-spoons\/#breadcrumb"},"inLanguage":"es","potentialAction":[{"@type":"ReadAction","target":["https:\/\/swoer.com\/manufacturer\/hopper-vibratory-feeder-for-plastic-spoons\/"]}]},{"@type":"ImageObject","inLanguage":"es","@id":"https:\/\/swoer.com\/manufacturer\/hopper-vibratory-feeder-for-plastic-spoons\/#primaryimage","url":"https:\/\/swoer.com\/wp-content\/uploads\/2024\/10\/hopper-vibratory-feeder-for-plastic-spoons.webp","contentUrl":"https:\/\/swoer.com\/wp-content\/uploads\/2024\/10\/hopper-vibratory-feeder-for-plastic-spoons.webp","width":1000,"height":1000,"caption":"hopper vibratory feeder for plastic spoons"},{"@type":"BreadcrumbList","@id":"https:\/\/swoer.com\/manufacturer\/hopper-vibratory-feeder-for-plastic-spoons\/#breadcrumb","itemListElement":[{"@type":"ListItem","position":1,"name":"Home","item":"https:\/\/swoer.com\/"},{"@type":"ListItem","position":2,"name":"Shop","item":"https:\/\/swoer.com\/shop\/"},{"@type":"ListItem","position":3,"name":"Hopper Vibratory Feeder for Plastic Spoons"}]},{"@type":"WebSite","@id":"https:\/\/swoer.com\/#website","url":"https:\/\/swoer.com\/","name":"SWOER","description":"Swoer is the top 3 vibratory bowl feeder manufacturer in China","potentialAction":[{"@type":"SearchAction","target":{"@type":"EntryPoint","urlTemplate":"https:\/\/swoer.com\/?s={search_term_string}"},"query-input":"required name=search_term_string"}],"inLanguage":"es"}]}},"_links":{"self":[{"href":"https:\/\/swoer.com\/es_es\/wp-json\/wp\/v2\/product\/2700"}],"collection":[{"href":"https:\/\/swoer.com\/es_es\/wp-json\/wp\/v2\/product"}],"about":[{"href":"https:\/\/swoer.com\/es_es\/wp-json\/wp\/v2\/types\/product"}],"replies":[{"embeddable":true,"href":"https:\/\/swoer.com\/es_es\/wp-json\/wp\/v2\/comments?post=2700"}],"wp:featuredmedia":[{"embeddable":true,"href":"https:\/\/swoer.com\/es_es\/wp-json\/wp\/v2\/media\/2701"}],"wp:attachment":[{"href":"https:\/\/swoer.com\/es_es\/wp-json\/wp\/v2\/media?parent=2700"}],"wp:term":[{"taxonomy":"product_cat","embeddable":true,"href":"https:\/\/swoer.com\/es_es\/wp-json\/wp\/v2\/product_cat?post=2700"},{"taxonomy":"product_tag","embeddable":true,"href":"https:\/\/swoer.com\/es_es\/wp-json\/wp\/v2\/product_tag?post=2700"}],"curies":[{"name":"wp","href":"https:\/\/api.w.org\/{rel}","templated":true}]}}