{"id":2326,"date":"2024-07-10T02:07:49","date_gmt":"2024-07-10T02:07:49","guid":{"rendered":"https:\/\/swoer.com\/?post_type=product&#038;p=2326"},"modified":"2024-08-16T14:01:56","modified_gmt":"2024-08-16T06:01:56","slug":"vibratory-bowl-feeder-speed-controller-dvc34-xlr","status":"publish","type":"product","link":"https:\/\/swoer.com\/es_es\/manufacturer\/vibratory-bowl-feeder-speed-controller-dvc34-xlr\/","title":{"rendered":"Controlador de velocidad del alimentador vibratorio DVC34-XLR"},"content":{"rendered":"<h2><strong><b>Caracter\u00edsticas del DVC34-XLR<\/b><\/strong><\/h2>\n<ul>\n<li>Estabilizaci\u00f3n autom\u00e1tica de velocidad<\/li>\n<li>Ajuste autom\u00e1tico de frecuencia<\/li>\n<li>B\u00fasqueda autom\u00e1tica de frecuencia<\/li>\n<li>Salida sincr\u00f3nica<\/li>\n<li>Preajuste de velocidad<\/li>\n<li>Estabilizaci\u00f3n autom\u00e1tica de voltaje de alta precisi\u00f3n<\/li>\n<li>Protecci\u00f3n digital contra sobrecalentamiento<\/li>\n<li>Autoadaptaci\u00f3n del sensor<\/li>\n<li>Control de velocidad remoto<\/li>\n<li>Salida de control de CC<\/li>\n<li>Bloqueo del teclado<\/li>\n<li>Ajuste de voltaje de salida m\u00e1ximo<\/li>\n<li>Sensor de doble interruptor de apagado por material lleno\/vac\u00edo<\/li>\n<li>Funci\u00f3n de conteo<\/li>\n<li>485 comunicaci\u00f3n<\/li>\n<\/ul>\n\t<div id=\"gap-1561012063\" class=\"gap-element clearfix\" style=\"display:block; height:auto;\">\n\t\t\n<style>\n#gap-1561012063 {\n  padding-top: 30px;\n}\n<\/style>\n\t<\/div>\n\t\n<h2><strong><b>DVC34-XLR<\/b><\/strong><strong><b>\u00a0<\/b><\/strong><strong><b>Funci\u00f3n<\/b><\/strong><\/h2>\n<p>Esta serie de controladores, dise\u00f1ados para la alimentaci\u00f3n por vibraci\u00f3n en la automatizaci\u00f3n, integra tecnolog\u00eda electr\u00f3nica avanzada. Ofrece funciones pr\u00e1cticas y f\u00e1ciles de usar:<\/p>\n<ol>\n<li><strong>Modulaci\u00f3n autom\u00e1tica de frecuencia:<\/strong> El controlador ajusta la frecuencia en tiempo real, garantizando que el alimentador funcione de manera \u00f3ptima.<\/li>\n<li><strong>Estabilizaci\u00f3n autom\u00e1tica de velocidad:<\/strong> Como el controlador regula el voltaje en tiempo real, garantiza que la velocidad de alimentaci\u00f3n se mantenga constante. Ya sea que la cantidad de piezas de trabajo aumente o disminuya, esta funci\u00f3n mantiene un rendimiento constante, lo que mejora la eficiencia general.<\/li>\n<li><strong>B\u00fasqueda autom\u00e1tica de frecuencia:<\/strong> La funci\u00f3n infalible identifica r\u00e1pidamente la frecuencia \u00f3ptima y los par\u00e1metros relacionados, mejorando la comodidad del usuario.<\/li>\n<li><strong>Estabilizaci\u00f3n autom\u00e1tica de voltaje:<\/strong> Sin la estabilizaci\u00f3n de velocidad activada, el controlador elimina las fluctuaciones de velocidad provocadas por los cambios en la fuente de alimentaci\u00f3n, lo que evita los efectos de frecuencia de batido.<\/li>\n<li><strong>Salida sincr\u00f3nica:<\/strong> M\u00faltiples controladores sincronizan sus salidas en frecuencia y fase, evitando frecuencias de batido y problemas relacionados.<\/li>\n<li><strong>Apagado por material lleno\/vac\u00edo:<\/strong> La entrada del sensor permite que el controlador gestione el apagado en funci\u00f3n de los niveles de material, ofreciendo tiempo de inicio personalizable, retrasos y configuraciones l\u00f3gicas.<\/li>\n<li><strong>Adaptaci\u00f3n del sensor:<\/strong> Adem\u00e1s de sus otras caracter\u00edsticas, el controlador se adapta perfectamente a los sensores de conmutaci\u00f3n NPN y PNP. Este ajuste autom\u00e1tico garantiza la compatibilidad y la confiabilidad, independientemente del tipo de sensor que se utilice.<\/li>\n<li><strong>Inicio lento:<\/strong> Al iniciarse, el controlador aumenta gradualmente el voltaje, evitando da\u00f1os por descargas repentinas.<\/li>\n<li><strong>Preajuste de velocidad:<\/strong> Los usuarios pueden seleccionar entre cuatro voltajes de salida preestablecidos a trav\u00e9s de se\u00f1ales de control externas.<\/li>\n<li><strong>Funci\u00f3n de aceleraci\u00f3n:<\/strong> Esta funci\u00f3n aumenta el voltaje de salida hasta 150% del voltaje de entrada.<\/li>\n<li><strong>Configuraci\u00f3n de voltaje de salida m\u00e1ximo:<\/strong> Los usuarios pueden establecer un l\u00edmite de voltaje, evitando da\u00f1os accidentales por voltaje excesivo.<\/li>\n<li><strong>\u00cdndice de forma de onda:<\/strong> Este par\u00e1metro equilibra la eficiencia del controlador con la m\u00e1xima potencia de salida.<\/li>\n<li><strong>Control remoto de velocidad:<\/strong> Los usuarios pueden controlar el voltaje o la velocidad externamente a trav\u00e9s de un potenci\u00f3metro, un PLC o una se\u00f1al de alimentaci\u00f3n.<\/li>\n<li><strong>Salida de control de 24 V CC:<\/strong> La se\u00f1al de control sale a trav\u00e9s de un transistor, lo que permite el control directo de dispositivos como v\u00e1lvulas solenoides.<\/li>\n<li><strong>Interruptor de salida:<\/strong> Un bot\u00f3n t\u00e1ctil en el panel permite el arranque\/parada instant\u00e1neo de la m\u00e1quina, simplificando la depuraci\u00f3n del equipo.<\/li>\n<li><strong>Bloqueo del teclado:<\/strong> Mantener presionado el bot\u00f3n de encendido y apagado bloquea todas las funciones, lo que evita operaciones accidentales.<\/li>\n<li><strong>Contrase\u00f1a del par\u00e1metro:<\/strong> Los usuarios pueden establecer una contrase\u00f1a para bloquear los par\u00e1metros, protegi\u00e9ndose contra cambios no autorizados.<\/li>\n<li><strong>Restaurar configuraci\u00f3n de f\u00e1brica:<\/strong> Esta funci\u00f3n revierte r\u00e1pidamente los par\u00e1metros a los valores predeterminados de f\u00e1brica, restableciendo el controlador.<\/li>\n<li><strong>485 comunicaci\u00f3n:<\/strong> Los usuarios pueden ajustar de forma remota la configuraci\u00f3n del controlador a trav\u00e9s de la comunicaci\u00f3n 485.<\/li>\n<\/ol>\n\t<div id=\"gap-1195330514\" class=\"gap-element clearfix\" style=\"display:block; height:auto;\">\n\t\t\n<style>\n#gap-1195330514 {\n  padding-top: 30px;\n}\n<\/style>\n\t<\/div>\n\t\n<h2>Especificaciones t\u00e9cnicas<\/h2>\n<table width=\"767\">\n<tbody>\n<tr>\n<td rowspan=\"2\" width=\"225\">Art\u00edculo<\/td>\n<td colspan=\"3\" width=\"216\">Rango<\/td>\n<td rowspan=\"2\" width=\"72\">Unidad<\/td>\n<td rowspan=\"2\" width=\"254\">Descripci\u00f3n<\/td>\n<\/tr>\n<tr>\n<td>M\u00ednimo<\/td>\n<td>T\u00edpico<\/td>\n<td>M\u00e1ximo<\/td>\n<\/tr>\n<tr>\n<td>Voltaje de entrada<\/td>\n<td>85<\/td>\n<td>220<\/td>\n<td>260<\/td>\n<td>V<\/td>\n<td>Valor efectivo de CA<\/td>\n<\/tr>\n<tr>\n<td>Rango de ajuste de voltaje de salida<\/td>\n<td>0<\/td>\n<td><\/td>\n<td>260<\/td>\n<td>V<\/td>\n<td>Menos de 150% de voltaje de entrada<\/td>\n<\/tr>\n<tr>\n<td>Precisi\u00f3n del ajuste de voltaje<\/td>\n<td colspan=\"3\">1<\/td>\n<td>V<\/td>\n<td><\/td>\n<\/tr>\n<tr>\n<td>Precisi\u00f3n de regulaci\u00f3n de voltaje<\/td>\n<td>0<\/td>\n<td><\/td>\n<td>10<\/td>\n<td><\/td>\n<td>Salir\/Vin<\/td>\n<\/tr>\n<tr>\n<td>Tiempo de respuesta de la regulaci\u00f3n de voltaje<\/td>\n<td>0.0025<\/td>\n<td><\/td>\n<td>0.04<\/td>\n<td>s<\/td>\n<td>Una d\u00e9cima parte del ciclo de voltaje de salida<\/td>\n<\/tr>\n<tr>\n<td rowspan=\"2\">Rango de ajuste de la corriente de salida<\/td>\n<td rowspan=\"2\">0<\/td>\n<td rowspan=\"2\"><\/td>\n<td rowspan=\"2\">6<\/td>\n<td rowspan=\"2\">A<\/td>\n<td rowspan=\"2\" width=\"254\">SDVC34-XLR<br \/>\nSDVC34-XLRJ<\/td>\n<\/tr>\n<tr>\n<td rowspan=\"2\"><\/td>\n<td rowspan=\"2\"><\/td>\n<td rowspan=\"2\"><\/td>\n<td rowspan=\"2\"><\/td>\n<td rowspan=\"2\"><\/td>\n<td rowspan=\"2\" width=\"254\"><\/td>\n<\/tr>\n<tr>\n<td>Frecuencia de salida<\/td>\n<td>25<\/td>\n<td><\/td>\n<td>400<\/td>\n<td>Hz<\/td>\n<td><\/td>\n<\/tr>\n<tr>\n<td>Precisi\u00f3n del ajuste de frecuencia<\/td>\n<td colspan=\"3\">0.1<\/td>\n<td>Hz<\/td>\n<td><\/td>\n<\/tr>\n<tr>\n<td>Forma de onda de salida<\/td>\n<td colspan=\"3\">seno<\/td>\n<td><\/td>\n<td><\/td>\n<\/tr>\n<tr>\n<td>Tiempo de inicio lento<\/td>\n<td>0<\/td>\n<td><\/td>\n<td>10<\/td>\n<td>s<\/td>\n<td>Valor predeterminado de f\u00e1brica: 0,5<\/td>\n<\/tr>\n<tr>\n<td>Intervalo de tiempo de retardo<\/td>\n<td>0<\/td>\n<td><\/td>\n<td>20<\/td>\n<td>s<\/td>\n<td>Valor predeterminado de f\u00e1brica: 0,2<\/td>\n<\/tr>\n<tr>\n<td>Precisi\u00f3n del tiempo de retardo<\/td>\n<td colspan=\"3\">0.1<\/td>\n<td>s<\/td>\n<td><\/td>\n<\/tr>\n<tr>\n<td>Temperatura de protecci\u00f3n contra sobrecalentamiento<\/td>\n<td>60<\/td>\n<td>65<\/td>\n<td>65<\/td>\n<td>\u2103<\/td>\n<td><\/td>\n<\/tr>\n<tr>\n<td>Tensi\u00f3n de salida de control de CC<\/td>\n<td>22<\/td>\n<td>24<\/td>\n<td>26<\/td>\n<td>V<\/td>\n<td><\/td>\n<\/tr>\n<tr>\n<td>Corriente de salida de control de CC<\/td>\n<td>0<\/td>\n<td><\/td>\n<td>200<\/td>\n<td>mam\u00e1<\/td>\n<td><\/td>\n<\/tr>\n<tr>\n<td>Modelo de control anal\u00f3gico<\/td>\n<td colspan=\"3\">1- 5<\/td>\n<td>V<\/td>\n<td>Voltaje de control de velocidad remoto<\/td>\n<\/tr>\n<tr>\n<td>Se\u00f1al de control digital<\/td>\n<td colspan=\"3\">24<\/td>\n<td>V<\/td>\n<td>Control de se\u00f1al de conmutaci\u00f3n<\/td>\n<\/tr>\n<tr>\n<td>M\u00e9todo de ajuste<\/td>\n<td colspan=\"3\">6<\/td>\n<td>llave<\/td>\n<td><\/td>\n<\/tr>\n<tr>\n<td>Consumo de energ\u00eda sin carga<\/td>\n<td><\/td>\n<td>7<\/td>\n<td><\/td>\n<td>Yo<\/td>\n<td><\/td>\n<\/tr>\n<tr>\n<td>Modo de visualizaci\u00f3n<\/td>\n<td colspan=\"3\">5<\/td>\n<td>d\u00edgito<\/td>\n<td>Tubo digital LED<\/td>\n<\/tr>\n<tr>\n<td>Temperatura ambiente salarial<\/td>\n<td>0<\/td>\n<td>25<\/td>\n<td>40<\/td>\n<td>\u2103<\/td>\n<td rowspan=\"2\">Sin condensaci\u00f3n<\/td>\n<\/tr>\n<tr>\n<td>Humedad del ambiente salarial<\/td>\n<td>10<\/td>\n<td>60<\/td>\n<td>85<\/td>\n<td>%<\/td>\n<\/tr>\n<\/tbody>\n<\/table>\n\t<div id=\"gap-734672\" class=\"gap-element clearfix\" style=\"display:block; height:auto;\">\n\t\t\n<style>\n#gap-734672 {\n  padding-top: 30px;\n}\n<\/style>\n\t<\/div>\n\t\n\t<div class=\"img has-hover x md-x lg-x y md-y lg-y\" id=\"image_309136523\">\n\t\t\t\t\t\t\t\t<div class=\"img-inner dark\" >\n\t\t\t<img loading=\"lazy\" decoding=\"async\" width=\"814\" height=\"575\" src=\"https:\/\/swoer.com\/wp-content\/uploads\/2024\/07\/DVC34-XLRDimensions.webp\" class=\"attachment-original size-original\" alt=\"Dimensiones del DVC34-XLR\" srcset=\"https:\/\/swoer.com\/wp-content\/uploads\/2024\/07\/DVC34-XLRDimensions.webp 814w, https:\/\/swoer.com\/wp-content\/uploads\/2024\/07\/DVC34-XLRDimensions-300x212.webp 300w, https:\/\/swoer.com\/wp-content\/uploads\/2024\/07\/DVC34-XLRDimensions-768x543.webp 768w, https:\/\/swoer.com\/wp-content\/uploads\/2024\/07\/DVC34-XLRDimensions-18x12.webp 18w, https:\/\/swoer.com\/wp-content\/uploads\/2024\/07\/DVC34-XLRDimensions-600x424.webp 600w\" sizes=\"(max-width: 814px) 100vw, 814px\" \/>\t\t\t\t\t\t\n\t\t\t\t\t<\/div>\n\t\t\t\t\t\t\t\t\n<style>\n#image_309136523 {\n  width: 60%;\n}\n<\/style>\n\t<\/div>","protected":false},"excerpt":{"rendered":"<p>El controlador de velocidad del alimentador vibratorio DVC34-XLR es un controlador potente y vers\u00e1til que se puede utilizar con una amplia variedad de alimentadores vibratorios. Est\u00e1 repleto de funciones que facilitan su uso y garantizan un control preciso del alimentador.<\/p>","protected":false},"featured_media":2493,"comment_status":"open","ping_status":"closed","template":"","meta":[],"product_cat":[45],"product_tag":[],"yoast_head":"<!-- This site is optimized with the Yoast SEO plugin v22.2 - https:\/\/yoast.com\/wordpress\/plugins\/seo\/ -->\n<title>Vibratory Bowl Feeder Speed Controller DVC34-XLR - SWOER<\/title>\n<meta name=\"description\" content=\"The DVC34-XLR Speed Controller offers precise control with features like automatic speed stabilization, frequency adjustment, sensor self-adaptation, remote control, and 485 communication for reliable performance.\" \/>\n<meta name=\"robots\" content=\"index, follow, max-snippet:-1, max-image-preview:large, max-video-preview:-1\" \/>\n<link rel=\"canonical\" href=\"https:\/\/swoer.com\/es_es\/manufacturer\/vibratory-bowl-feeder-speed-controller-dvc34-xlr\/\" \/>\n<meta property=\"og:locale\" content=\"es_ES\" \/>\n<meta property=\"og:type\" content=\"article\" \/>\n<meta property=\"og:title\" content=\"Vibratory Bowl Feeder Speed Controller DVC34-XLR - SWOER\" \/>\n<meta property=\"og:description\" content=\"The DVC34-XLR Speed Controller offers precise control with features like automatic speed stabilization, frequency adjustment, sensor self-adaptation, remote control, and 485 communication for reliable performance.\" \/>\n<meta property=\"og:url\" content=\"https:\/\/swoer.com\/es_es\/manufacturer\/vibratory-bowl-feeder-speed-controller-dvc34-xlr\/\" \/>\n<meta property=\"og:site_name\" content=\"SWOER\" \/>\n<meta property=\"article:modified_time\" content=\"2024-08-16T06:01:56+00:00\" \/>\n<meta property=\"og:image\" content=\"https:\/\/swoer.com\/wp-content\/uploads\/2024\/07\/Vibratory-Feeder-Controller-SDVC34-XLR.webp\" \/>\n\t<meta property=\"og:image:width\" content=\"1000\" \/>\n\t<meta property=\"og:image:height\" content=\"1000\" \/>\n\t<meta property=\"og:image:type\" content=\"image\/webp\" \/>\n<meta name=\"twitter:card\" content=\"summary_large_image\" \/>\n<meta name=\"twitter:label1\" content=\"Tiempo de lectura\" \/>\n\t<meta name=\"twitter:data1\" content=\"3 minutos\" \/>\n<script type=\"application\/ld+json\" class=\"yoast-schema-graph\">{\"@context\":\"https:\/\/schema.org\",\"@graph\":[{\"@type\":\"WebPage\",\"@id\":\"https:\/\/swoer.com\/manufacturer\/vibratory-bowl-feeder-speed-controller-dvc34-xlr\/\",\"url\":\"https:\/\/swoer.com\/manufacturer\/vibratory-bowl-feeder-speed-controller-dvc34-xlr\/\",\"name\":\"Vibratory Bowl Feeder Speed Controller DVC34-XLR - SWOER\",\"isPartOf\":{\"@id\":\"https:\/\/swoer.com\/#website\"},\"primaryImageOfPage\":{\"@id\":\"https:\/\/swoer.com\/manufacturer\/vibratory-bowl-feeder-speed-controller-dvc34-xlr\/#primaryimage\"},\"image\":{\"@id\":\"https:\/\/swoer.com\/manufacturer\/vibratory-bowl-feeder-speed-controller-dvc34-xlr\/#primaryimage\"},\"thumbnailUrl\":\"https:\/\/swoer.com\/wp-content\/uploads\/2024\/07\/Vibratory-Feeder-Controller-SDVC34-XLR.webp\",\"datePublished\":\"2024-07-10T02:07:49+00:00\",\"dateModified\":\"2024-08-16T06:01:56+00:00\",\"description\":\"The DVC34-XLR Speed Controller offers precise control with features like automatic speed stabilization, frequency adjustment, sensor self-adaptation, remote control, and 485 communication for reliable performance.\",\"breadcrumb\":{\"@id\":\"https:\/\/swoer.com\/manufacturer\/vibratory-bowl-feeder-speed-controller-dvc34-xlr\/#breadcrumb\"},\"inLanguage\":\"es\",\"potentialAction\":[{\"@type\":\"ReadAction\",\"target\":[\"https:\/\/swoer.com\/manufacturer\/vibratory-bowl-feeder-speed-controller-dvc34-xlr\/\"]}]},{\"@type\":\"ImageObject\",\"inLanguage\":\"es\",\"@id\":\"https:\/\/swoer.com\/manufacturer\/vibratory-bowl-feeder-speed-controller-dvc34-xlr\/#primaryimage\",\"url\":\"https:\/\/swoer.com\/wp-content\/uploads\/2024\/07\/Vibratory-Feeder-Controller-SDVC34-XLR.webp\",\"contentUrl\":\"https:\/\/swoer.com\/wp-content\/uploads\/2024\/07\/Vibratory-Feeder-Controller-SDVC34-XLR.webp\",\"width\":1000,\"height\":1000,\"caption\":\"Vibratory Feeder Controller SDVC34-XLR\"},{\"@type\":\"BreadcrumbList\",\"@id\":\"https:\/\/swoer.com\/manufacturer\/vibratory-bowl-feeder-speed-controller-dvc34-xlr\/#breadcrumb\",\"itemListElement\":[{\"@type\":\"ListItem\",\"position\":1,\"name\":\"Home\",\"item\":\"https:\/\/swoer.com\/\"},{\"@type\":\"ListItem\",\"position\":2,\"name\":\"Shop\",\"item\":\"https:\/\/swoer.com\/shop\/\"},{\"@type\":\"ListItem\",\"position\":3,\"name\":\"Vibratory Bowl Feeder Speed Controller DVC34-XLR\"}]},{\"@type\":\"WebSite\",\"@id\":\"https:\/\/swoer.com\/#website\",\"url\":\"https:\/\/swoer.com\/\",\"name\":\"SWOER\",\"description\":\"Swoer is the top 3 vibratory bowl feeder manufacturer in China\",\"potentialAction\":[{\"@type\":\"SearchAction\",\"target\":{\"@type\":\"EntryPoint\",\"urlTemplate\":\"https:\/\/swoer.com\/?s={search_term_string}\"},\"query-input\":\"required name=search_term_string\"}],\"inLanguage\":\"es\"}]}<\/script>\n<!-- \/ Yoast SEO plugin. -->","yoast_head_json":{"title":"Vibratory Bowl Feeder Speed Controller DVC34-XLR - SWOER","description":"The DVC34-XLR Speed Controller offers precise control with features like automatic speed stabilization, frequency adjustment, sensor self-adaptation, remote control, and 485 communication for reliable performance.","robots":{"index":"index","follow":"follow","max-snippet":"max-snippet:-1","max-image-preview":"max-image-preview:large","max-video-preview":"max-video-preview:-1"},"canonical":"https:\/\/swoer.com\/es_es\/manufacturer\/vibratory-bowl-feeder-speed-controller-dvc34-xlr\/","og_locale":"es_ES","og_type":"article","og_title":"Vibratory Bowl Feeder Speed Controller DVC34-XLR - SWOER","og_description":"The DVC34-XLR Speed Controller offers precise control with features like automatic speed stabilization, frequency adjustment, sensor self-adaptation, remote control, and 485 communication for reliable performance.","og_url":"https:\/\/swoer.com\/es_es\/manufacturer\/vibratory-bowl-feeder-speed-controller-dvc34-xlr\/","og_site_name":"SWOER","article_modified_time":"2024-08-16T06:01:56+00:00","og_image":[{"width":1000,"height":1000,"url":"https:\/\/swoer.com\/wp-content\/uploads\/2024\/07\/Vibratory-Feeder-Controller-SDVC34-XLR.webp","type":"image\/webp"}],"twitter_card":"summary_large_image","twitter_misc":{"Tiempo de lectura":"3 minutos"},"schema":{"@context":"https:\/\/schema.org","@graph":[{"@type":"WebPage","@id":"https:\/\/swoer.com\/manufacturer\/vibratory-bowl-feeder-speed-controller-dvc34-xlr\/","url":"https:\/\/swoer.com\/manufacturer\/vibratory-bowl-feeder-speed-controller-dvc34-xlr\/","name":"Vibratory Bowl Feeder Speed Controller DVC34-XLR - SWOER","isPartOf":{"@id":"https:\/\/swoer.com\/#website"},"primaryImageOfPage":{"@id":"https:\/\/swoer.com\/manufacturer\/vibratory-bowl-feeder-speed-controller-dvc34-xlr\/#primaryimage"},"image":{"@id":"https:\/\/swoer.com\/manufacturer\/vibratory-bowl-feeder-speed-controller-dvc34-xlr\/#primaryimage"},"thumbnailUrl":"https:\/\/swoer.com\/wp-content\/uploads\/2024\/07\/Vibratory-Feeder-Controller-SDVC34-XLR.webp","datePublished":"2024-07-10T02:07:49+00:00","dateModified":"2024-08-16T06:01:56+00:00","description":"The DVC34-XLR Speed Controller offers precise control with features like automatic speed stabilization, frequency adjustment, sensor self-adaptation, remote control, and 485 communication for reliable performance.","breadcrumb":{"@id":"https:\/\/swoer.com\/manufacturer\/vibratory-bowl-feeder-speed-controller-dvc34-xlr\/#breadcrumb"},"inLanguage":"es","potentialAction":[{"@type":"ReadAction","target":["https:\/\/swoer.com\/manufacturer\/vibratory-bowl-feeder-speed-controller-dvc34-xlr\/"]}]},{"@type":"ImageObject","inLanguage":"es","@id":"https:\/\/swoer.com\/manufacturer\/vibratory-bowl-feeder-speed-controller-dvc34-xlr\/#primaryimage","url":"https:\/\/swoer.com\/wp-content\/uploads\/2024\/07\/Vibratory-Feeder-Controller-SDVC34-XLR.webp","contentUrl":"https:\/\/swoer.com\/wp-content\/uploads\/2024\/07\/Vibratory-Feeder-Controller-SDVC34-XLR.webp","width":1000,"height":1000,"caption":"Vibratory Feeder Controller SDVC34-XLR"},{"@type":"BreadcrumbList","@id":"https:\/\/swoer.com\/manufacturer\/vibratory-bowl-feeder-speed-controller-dvc34-xlr\/#breadcrumb","itemListElement":[{"@type":"ListItem","position":1,"name":"Home","item":"https:\/\/swoer.com\/"},{"@type":"ListItem","position":2,"name":"Shop","item":"https:\/\/swoer.com\/shop\/"},{"@type":"ListItem","position":3,"name":"Vibratory Bowl Feeder Speed Controller DVC34-XLR"}]},{"@type":"WebSite","@id":"https:\/\/swoer.com\/#website","url":"https:\/\/swoer.com\/","name":"SWOER","description":"Swoer is the top 3 vibratory bowl feeder manufacturer in China","potentialAction":[{"@type":"SearchAction","target":{"@type":"EntryPoint","urlTemplate":"https:\/\/swoer.com\/?s={search_term_string}"},"query-input":"required name=search_term_string"}],"inLanguage":"es"}]}},"_links":{"self":[{"href":"https:\/\/swoer.com\/es_es\/wp-json\/wp\/v2\/product\/2326"}],"collection":[{"href":"https:\/\/swoer.com\/es_es\/wp-json\/wp\/v2\/product"}],"about":[{"href":"https:\/\/swoer.com\/es_es\/wp-json\/wp\/v2\/types\/product"}],"replies":[{"embeddable":true,"href":"https:\/\/swoer.com\/es_es\/wp-json\/wp\/v2\/comments?post=2326"}],"wp:featuredmedia":[{"embeddable":true,"href":"https:\/\/swoer.com\/es_es\/wp-json\/wp\/v2\/media\/2493"}],"wp:attachment":[{"href":"https:\/\/swoer.com\/es_es\/wp-json\/wp\/v2\/media?parent=2326"}],"wp:term":[{"taxonomy":"product_cat","embeddable":true,"href":"https:\/\/swoer.com\/es_es\/wp-json\/wp\/v2\/product_cat?post=2326"},{"taxonomy":"product_tag","embeddable":true,"href":"https:\/\/swoer.com\/es_es\/wp-json\/wp\/v2\/product_tag?post=2326"}],"curies":[{"name":"wp","href":"https:\/\/api.w.org\/{rel}","templated":true}]}}