{"id":2230,"date":"2024-06-17T06:51:18","date_gmt":"2024-06-17T06:51:18","guid":{"rendered":"https:\/\/swoer.com\/?post_type=product&#038;p=2230"},"modified":"2024-06-17T07:19:41","modified_gmt":"2024-06-17T07:19:41","slug":"ccd-vision-system","status":"publish","type":"product","link":"https:\/\/swoer.com\/es_es\/manufacturer\/ccd-vision-system\/","title":{"rendered":"Sistema de visi\u00f3n CCD"},"content":{"rendered":"<h2><strong><b>Producto <\/b><\/strong><strong><b>I<\/b><\/strong><strong><b>Informaci\u00f3n<\/b><\/strong><\/h2>\n<table>\n<tbody>\n<tr>\n<td width=\"224\"><strong><b>\u00a0Nombre del producto<\/b><\/strong><\/td>\n<td width=\"377\">Sistema de visi\u00f3n CCD<\/td>\n<\/tr>\n<tr>\n<td width=\"224\"><strong><b>\u00a0METRO<\/b><\/strong><strong><b>modelo<\/b><\/strong><\/td>\n<td width=\"377\">SW-80305<\/td>\n<\/tr>\n<tr>\n<td width=\"224\"><strong><b>\u00a0<\/b><\/strong><strong><b>Marca<\/b><\/strong><\/td>\n<td width=\"377\">PALABRAS<\/td>\n<\/tr>\n<tr>\n<td width=\"224\"><strong><b>\u00a0Voltaje<\/b><\/strong><\/td>\n<td width=\"377\">\u00a0220 V<\/td>\n<\/tr>\n<tr>\n<td width=\"224\"><strong><b>\u00a0Fuerza<\/b><\/strong><\/td>\n<td width=\"377\">\u00a065 W\/150 W\/180 W\/220 W\/350 W<\/td>\n<\/tr>\n<tr>\n<td width=\"224\"><strong><b>\u00a0Autenticaci\u00f3n<\/b><\/strong><\/td>\n<td width=\"377\">\u00a0Certificaci\u00f3n CE, RoHS, ISO9001<\/td>\n<\/tr>\n<tr>\n<td width=\"224\"><strong><b>\u00a0Garant\u00eda<\/b><\/strong><\/td>\n<td width=\"377\">\u00a01 a\u00f1o de garant\u00eda<\/td>\n<\/tr>\n<tr>\n<td width=\"224\"><strong><b>\u00a0Cantidad m\u00ednima de pedido<\/b><\/strong><\/td>\n<td width=\"377\">\u00a01 juego<\/td>\n<\/tr>\n<tr>\n<td width=\"224\"><strong><b>\u00a0Plazo de entrega<\/b><\/strong><\/td>\n<td width=\"377\">\u00a010-14 d\u00edas<\/td>\n<\/tr>\n<tr>\n<td width=\"224\"><strong><b>\u00a0Plazo de pago<\/b><\/strong><\/td>\n<td width=\"377\">\u00a0T\/T 40% Dep\u00f3sito y saldo antes del env\u00edo<\/td>\n<\/tr>\n<tr>\n<td width=\"224\"><strong><b>\u00a0Original del lugar<\/b><\/strong><\/td>\n<td width=\"377\">\u00a0Porcelana<\/td>\n<\/tr>\n<\/tbody>\n<\/table>\n\t<div id=\"gap-950947608\" class=\"gap-element clearfix\" style=\"display:block; height:auto;\">\n\t\t\n<style>\n#gap-950947608 {\n  padding-top: 30px;\n}\n<\/style>\n\t<\/div>\n\t\n<h2><strong><b>Listas de productos<\/b><\/strong><\/h2>\n<table>\n<tbody>\n<tr>\n<td width=\"276\"><strong><b>Computadora industrial<\/b><\/strong><\/td>\n<td width=\"276\">1 juego<\/td>\n<\/tr>\n<tr>\n<td width=\"276\"><strong><b>Pantalla de 8 pulgadas<\/b><\/strong><\/td>\n<td width=\"276\">1 juego<\/td>\n<\/tr>\n<tr>\n<td width=\"276\"><strong><b>do<\/b><\/strong><strong><b>amera<\/b><\/strong><\/td>\n<td width=\"276\">1 juego<\/td>\n<\/tr>\n<tr>\n<td width=\"276\"><strong><b>Lente<\/b><\/strong><\/td>\n<td width=\"276\">1 juego<\/td>\n<\/tr>\n<tr>\n<td width=\"276\"><strong><b>yo<\/b><\/strong><strong><b>fuente de luz<\/b><\/strong><\/td>\n<td width=\"276\">1 juego<\/td>\n<\/tr>\n<tr>\n<td width=\"276\"><strong><b>Soporte de fijaci\u00f3n de fuente de luz de c\u00e1mara<\/b><\/strong><\/td>\n<td width=\"276\">1 juego<\/td>\n<\/tr>\n<\/tbody>\n<\/table>\n\t<div id=\"gap-2035719157\" class=\"gap-element clearfix\" style=\"display:block; height:auto;\">\n\t\t\n<style>\n#gap-2035719157 {\n  padding-top: 30px;\n}\n<\/style>\n\t<\/div>\n\t\n<h3 data-sourcepos=\"11:1-11:17\"><strong>Caracter\u00edsticas principales:<\/strong><\/h3>\n<ul data-sourcepos=\"13:1-21:53\">\n<li data-sourcepos=\"13:1-14:0\">\n<p data-sourcepos=\"13:3-13:143\"><strong>Mecanismo de disparo interno:<\/strong> Aprovecha un disparador interno para una captura de im\u00e1genes precisa y sincronizada, lo que garantiza un tiempo de inspecci\u00f3n \u00f3ptimo.<\/p>\n<\/li>\n<li data-sourcepos=\"15:1-16:0\">\n<p data-sourcepos=\"15:3-15:165\"><strong>Identificaci\u00f3n multipista:<\/strong> Identifica y rastrea simult\u00e1neamente hasta 4 objetos, maximizando el rendimiento de la inspecci\u00f3n y manejando configuraciones de productos complejas.<\/p>\n<\/li>\n<li data-sourcepos=\"17:1-18:0\">\n<p data-sourcepos=\"17:3-17:149\"><strong>Velocidad de reconocimiento ultrarr\u00e1pida:<\/strong> Procesa unas impresionantes 900-1200 piezas por minuto, manteniendo el ritmo incluso de las l\u00edneas de producci\u00f3n m\u00e1s exigentes.<\/p>\n<\/li>\n<li data-sourcepos=\"19:1-20:0\">\n<p data-sourcepos=\"19:3-19:152\"><strong>Precisi\u00f3n de reconocimiento excepcional:<\/strong> Logra una notable tasa de reconocimiento del 99,99%, minimizando los falsos positivos y garantizando la integridad del producto.<\/p>\n<\/li>\n<li data-sourcepos=\"21:1-21:53\">\n<p data-sourcepos=\"21:3-21:53\"><strong>Relaci\u00f3n de material inverso despreciable:<\/strong> Mantiene una relaci\u00f3n de material inverso excepcionalmente baja, por debajo de 0,0001%, lo que reduce el desperdicio y optimiza la utilizaci\u00f3n de recursos.<\/p>\n<\/li>\n<li data-sourcepos=\"23:1-24:0\">\n<p data-sourcepos=\"23:3-23:146\"><strong>Funci\u00f3n de asistencia remota:<\/strong> Proporciona soporte remoto en tiempo real para resoluci\u00f3n de problemas y mantenimiento, garantizando una r\u00e1pida resoluci\u00f3n de cualquier problema.<\/p>\n<\/li>\n<li data-sourcepos=\"25:1-26:0\">\n<p data-sourcepos=\"25:3-25:165\"><strong>Cambio de producto con un solo clic:<\/strong> Cambie sin esfuerzo entre diferentes tareas de inspecci\u00f3n de productos con un solo clic, minimizando el tiempo de inactividad y maximizando la eficiencia.<\/p>\n<\/li>\n<li data-sourcepos=\"27:1-28:0\">\n<p data-sourcepos=\"27:3-27:135\"><strong>Instalaci\u00f3n Plug and Play:<\/strong> Elimina la necesidad de una depuraci\u00f3n compleja, lo que garantiza un proceso de configuraci\u00f3n perfecto y minimiza el tiempo de inactividad.<\/p>\n<\/li>\n<\/ul>\n<p data-sourcepos=\"29:1-29:107\"><strong>Nuestro sistema de visi\u00f3n CCD se integra perfectamente en sus l\u00edneas de producci\u00f3n existentes, lo que le permite lograr:<\/strong><\/p>\n<ul data-sourcepos=\"31:1-36:0\">\n<li data-sourcepos=\"31:1-32:0\">\n<p data-sourcepos=\"31:3-31:150\"><strong>Calidad de producto mejorada:<\/strong> Detecte y elimine defectos con una precisi\u00f3n excepcional, garantizando una calidad constante del producto y la satisfacci\u00f3n del cliente.<\/p>\n<\/li>\n<li data-sourcepos=\"33:1-34:0\">\n<p data-sourcepos=\"33:3-33:158\"><strong>Mayor eficiencia de producci\u00f3n:<\/strong> Agilice los procesos de inspecci\u00f3n y minimice el tiempo de inactividad, aumentando la producci\u00f3n general y satisfaciendo las demandas de los clientes.<\/p>\n<\/li>\n<li data-sourcepos=\"35:1-36:0\">\n<p data-sourcepos=\"35:3-35:115\"><strong>Costos operativos reducidos:<\/strong> Minimizar el desperdicio y el retrabajo, reduciendo los costos de producci\u00f3n y maximizando la rentabilidad.<\/p>\n<\/li>\n<\/ul>\n<p data-sourcepos=\"37:1-37:245\">Si busca mejorar sus capacidades de inspecci\u00f3n de productos y revolucionar sus procesos de control de calidad, nuestro sistema de visi\u00f3n CCD es la soluci\u00f3n que estaba esperando. Cont\u00e1ctenos hoy para experimentar el poder transformador de la precisi\u00f3n y la eficiencia.<\/p>","protected":false},"excerpt":{"rendered":"<p>Revolucione su l\u00ednea de producci\u00f3n con nuestro sistema de visi\u00f3n CCD de \u00faltima generaci\u00f3n, dise\u00f1ado para optimizar los procesos de inspecci\u00f3n, garantizar la calidad del producto y maximizar la eficiencia. Esta sofisticada soluci\u00f3n cuenta con una amplia gama de funciones que le permiten lograr resultados superiores.<\/p>","protected":false},"featured_media":2231,"comment_status":"open","ping_status":"closed","template":"","meta":[],"product_cat":[58],"product_tag":[],"yoast_head":"<!-- This site is optimized with the Yoast SEO plugin v22.2 - https:\/\/yoast.com\/wordpress\/plugins\/seo\/ -->\n<title>CCD Vision System - SWOER<\/title>\n<meta name=\"description\" content=\"Elevate your product inspection and quality control with our cutting-edge CCD Vision System, featuring high-speed recognition, exceptional accuracy, and seamless integration for unparalleled efficiency and product integrity.\" \/>\n<meta name=\"robots\" content=\"index, follow, max-snippet:-1, max-image-preview:large, max-video-preview:-1\" \/>\n<link rel=\"canonical\" href=\"https:\/\/swoer.com\/es_es\/manufacturer\/ccd-vision-system\/\" \/>\n<meta property=\"og:locale\" content=\"es_ES\" \/>\n<meta property=\"og:type\" content=\"article\" \/>\n<meta property=\"og:title\" content=\"CCD Vision System - SWOER\" \/>\n<meta property=\"og:description\" content=\"Elevate your product inspection and quality control with our cutting-edge CCD Vision System, featuring high-speed recognition, exceptional accuracy, and seamless integration for unparalleled efficiency and product integrity.\" \/>\n<meta property=\"og:url\" content=\"https:\/\/swoer.com\/es_es\/manufacturer\/ccd-vision-system\/\" \/>\n<meta property=\"og:site_name\" content=\"SWOER\" \/>\n<meta property=\"article:modified_time\" content=\"2024-06-17T07:19:41+00:00\" \/>\n<meta property=\"og:image\" content=\"https:\/\/swoer.com\/wp-content\/uploads\/2024\/06\/CCD-Vision-System-.jpg\" \/>\n\t<meta property=\"og:image:width\" content=\"1000\" \/>\n\t<meta property=\"og:image:height\" content=\"1000\" \/>\n\t<meta property=\"og:image:type\" content=\"image\/jpeg\" \/>\n<meta name=\"twitter:card\" content=\"summary_large_image\" \/>\n<meta name=\"twitter:label1\" content=\"Tiempo de lectura\" \/>\n\t<meta name=\"twitter:data1\" content=\"2 minutos\" \/>\n<script type=\"application\/ld+json\" class=\"yoast-schema-graph\">{\"@context\":\"https:\/\/schema.org\",\"@graph\":[{\"@type\":\"WebPage\",\"@id\":\"https:\/\/swoer.com\/manufacturer\/ccd-vision-system\/\",\"url\":\"https:\/\/swoer.com\/manufacturer\/ccd-vision-system\/\",\"name\":\"CCD Vision System - SWOER\",\"isPartOf\":{\"@id\":\"https:\/\/swoer.com\/#website\"},\"primaryImageOfPage\":{\"@id\":\"https:\/\/swoer.com\/manufacturer\/ccd-vision-system\/#primaryimage\"},\"image\":{\"@id\":\"https:\/\/swoer.com\/manufacturer\/ccd-vision-system\/#primaryimage\"},\"thumbnailUrl\":\"https:\/\/swoer.com\/wp-content\/uploads\/2024\/06\/CCD-Vision-System-.jpg\",\"datePublished\":\"2024-06-17T06:51:18+00:00\",\"dateModified\":\"2024-06-17T07:19:41+00:00\",\"description\":\"Elevate your product inspection and quality control with our cutting-edge CCD Vision System, featuring high-speed recognition, exceptional accuracy, and seamless integration for unparalleled efficiency and product integrity.\",\"breadcrumb\":{\"@id\":\"https:\/\/swoer.com\/manufacturer\/ccd-vision-system\/#breadcrumb\"},\"inLanguage\":\"es\",\"potentialAction\":[{\"@type\":\"ReadAction\",\"target\":[\"https:\/\/swoer.com\/manufacturer\/ccd-vision-system\/\"]}]},{\"@type\":\"ImageObject\",\"inLanguage\":\"es\",\"@id\":\"https:\/\/swoer.com\/manufacturer\/ccd-vision-system\/#primaryimage\",\"url\":\"https:\/\/swoer.com\/wp-content\/uploads\/2024\/06\/CCD-Vision-System-.jpg\",\"contentUrl\":\"https:\/\/swoer.com\/wp-content\/uploads\/2024\/06\/CCD-Vision-System-.jpg\",\"width\":1000,\"height\":1000,\"caption\":\"CCD Vision System\"},{\"@type\":\"BreadcrumbList\",\"@id\":\"https:\/\/swoer.com\/manufacturer\/ccd-vision-system\/#breadcrumb\",\"itemListElement\":[{\"@type\":\"ListItem\",\"position\":1,\"name\":\"Home\",\"item\":\"https:\/\/swoer.com\/\"},{\"@type\":\"ListItem\",\"position\":2,\"name\":\"Shop\",\"item\":\"https:\/\/swoer.com\/shop\/\"},{\"@type\":\"ListItem\",\"position\":3,\"name\":\"CCD Vision System\"}]},{\"@type\":\"WebSite\",\"@id\":\"https:\/\/swoer.com\/#website\",\"url\":\"https:\/\/swoer.com\/\",\"name\":\"SWOER\",\"description\":\"Swoer is the top 3 vibratory bowl feeder manufacturer in China\",\"potentialAction\":[{\"@type\":\"SearchAction\",\"target\":{\"@type\":\"EntryPoint\",\"urlTemplate\":\"https:\/\/swoer.com\/?s={search_term_string}\"},\"query-input\":\"required name=search_term_string\"}],\"inLanguage\":\"es\"}]}<\/script>\n<!-- \/ Yoast SEO plugin. -->","yoast_head_json":{"title":"CCD Vision System - SWOER","description":"Elevate your product inspection and quality control with our cutting-edge CCD Vision System, featuring high-speed recognition, exceptional accuracy, and seamless integration for unparalleled efficiency and product integrity.","robots":{"index":"index","follow":"follow","max-snippet":"max-snippet:-1","max-image-preview":"max-image-preview:large","max-video-preview":"max-video-preview:-1"},"canonical":"https:\/\/swoer.com\/es_es\/manufacturer\/ccd-vision-system\/","og_locale":"es_ES","og_type":"article","og_title":"CCD Vision System - SWOER","og_description":"Elevate your product inspection and quality control with our cutting-edge CCD Vision System, featuring high-speed recognition, exceptional accuracy, and seamless integration for unparalleled efficiency and product integrity.","og_url":"https:\/\/swoer.com\/es_es\/manufacturer\/ccd-vision-system\/","og_site_name":"SWOER","article_modified_time":"2024-06-17T07:19:41+00:00","og_image":[{"width":1000,"height":1000,"url":"https:\/\/swoer.com\/wp-content\/uploads\/2024\/06\/CCD-Vision-System-.jpg","type":"image\/jpeg"}],"twitter_card":"summary_large_image","twitter_misc":{"Tiempo de lectura":"2 minutos"},"schema":{"@context":"https:\/\/schema.org","@graph":[{"@type":"WebPage","@id":"https:\/\/swoer.com\/manufacturer\/ccd-vision-system\/","url":"https:\/\/swoer.com\/manufacturer\/ccd-vision-system\/","name":"CCD Vision System - SWOER","isPartOf":{"@id":"https:\/\/swoer.com\/#website"},"primaryImageOfPage":{"@id":"https:\/\/swoer.com\/manufacturer\/ccd-vision-system\/#primaryimage"},"image":{"@id":"https:\/\/swoer.com\/manufacturer\/ccd-vision-system\/#primaryimage"},"thumbnailUrl":"https:\/\/swoer.com\/wp-content\/uploads\/2024\/06\/CCD-Vision-System-.jpg","datePublished":"2024-06-17T06:51:18+00:00","dateModified":"2024-06-17T07:19:41+00:00","description":"Elevate your product inspection and quality control with our cutting-edge CCD Vision System, featuring high-speed recognition, exceptional accuracy, and seamless integration for unparalleled efficiency and product integrity.","breadcrumb":{"@id":"https:\/\/swoer.com\/manufacturer\/ccd-vision-system\/#breadcrumb"},"inLanguage":"es","potentialAction":[{"@type":"ReadAction","target":["https:\/\/swoer.com\/manufacturer\/ccd-vision-system\/"]}]},{"@type":"ImageObject","inLanguage":"es","@id":"https:\/\/swoer.com\/manufacturer\/ccd-vision-system\/#primaryimage","url":"https:\/\/swoer.com\/wp-content\/uploads\/2024\/06\/CCD-Vision-System-.jpg","contentUrl":"https:\/\/swoer.com\/wp-content\/uploads\/2024\/06\/CCD-Vision-System-.jpg","width":1000,"height":1000,"caption":"CCD Vision System"},{"@type":"BreadcrumbList","@id":"https:\/\/swoer.com\/manufacturer\/ccd-vision-system\/#breadcrumb","itemListElement":[{"@type":"ListItem","position":1,"name":"Home","item":"https:\/\/swoer.com\/"},{"@type":"ListItem","position":2,"name":"Shop","item":"https:\/\/swoer.com\/shop\/"},{"@type":"ListItem","position":3,"name":"CCD Vision System"}]},{"@type":"WebSite","@id":"https:\/\/swoer.com\/#website","url":"https:\/\/swoer.com\/","name":"SWOER","description":"Swoer is the top 3 vibratory bowl feeder manufacturer in China","potentialAction":[{"@type":"SearchAction","target":{"@type":"EntryPoint","urlTemplate":"https:\/\/swoer.com\/?s={search_term_string}"},"query-input":"required name=search_term_string"}],"inLanguage":"es"}]}},"_links":{"self":[{"href":"https:\/\/swoer.com\/es_es\/wp-json\/wp\/v2\/product\/2230"}],"collection":[{"href":"https:\/\/swoer.com\/es_es\/wp-json\/wp\/v2\/product"}],"about":[{"href":"https:\/\/swoer.com\/es_es\/wp-json\/wp\/v2\/types\/product"}],"replies":[{"embeddable":true,"href":"https:\/\/swoer.com\/es_es\/wp-json\/wp\/v2\/comments?post=2230"}],"wp:featuredmedia":[{"embeddable":true,"href":"https:\/\/swoer.com\/es_es\/wp-json\/wp\/v2\/media\/2231"}],"wp:attachment":[{"href":"https:\/\/swoer.com\/es_es\/wp-json\/wp\/v2\/media?parent=2230"}],"wp:term":[{"taxonomy":"product_cat","embeddable":true,"href":"https:\/\/swoer.com\/es_es\/wp-json\/wp\/v2\/product_cat?post=2230"},{"taxonomy":"product_tag","embeddable":true,"href":"https:\/\/swoer.com\/es_es\/wp-json\/wp\/v2\/product_tag?post=2230"}],"curies":[{"name":"wp","href":"https:\/\/api.w.org\/{rel}","templated":true}]}}