{"id":2063,"date":"2024-05-11T07:32:07","date_gmt":"2024-05-11T07:32:07","guid":{"rendered":"https:\/\/swoer.com\/?post_type=product&#038;p=2063"},"modified":"2024-06-25T01:24:50","modified_gmt":"2024-06-25T01:24:50","slug":"vibratory-linear-feeder-zc-series","status":"publish","type":"product","link":"https:\/\/swoer.com\/es_es\/manufacturer\/vibratory-linear-feeder-zc-series\/","title":{"rendered":"Alimentador lineal vibratorio serie ZC"},"content":{"rendered":"<h2><strong>Caracter\u00edsticas:<\/strong><\/h2>\n<p>Se aumenta la longitud de la pista de transporte del producto y el \u00e1ngulo de conducci\u00f3n se ajusta de forma r\u00e1pida y estable mediante el ajuste del \u00e1ngulo de amplitud, lo que resulta adecuado para el transporte ultralargo de piezas peque\u00f1as y medianas. A continuaci\u00f3n se indican algunas consideraciones especiales:<\/p>\n<p><strong>1.<\/strong> Bajo ninguna circunstancia debe enchufar cables ni intentar tocar los contactos en el enchufe para evitar descargas el\u00e9ctricas y accidentes.<\/p>\n<p><strong>2.<\/strong> \u00a1Nunca conecte el controlador a 380 V CA, de lo contrario provocar\u00e1 da\u00f1os irreparables al controlador!<\/p>\n<p><strong>3.<\/strong> \u00a1Atenci\u00f3n! Bajo ninguna circunstancia se debe utilizar un alimentador lineal m\u00e1s all\u00e1 de las limitaciones de su dise\u00f1o.<\/p>\n<p><strong>4.<\/strong> No taladre agujeros ni golpee cables en el alimentador lineal para evitar da\u00f1ar el electroim\u00e1n.<\/p>\n<p><strong>5.<\/strong> Siga estrictamente el manual de instrucciones. La empresa no asume ninguna responsabilidad civil ni penal por p\u00e9rdidas o lesiones personales que resulten del incumplimiento de estas instrucciones.<\/p>\n\t<div id=\"gap-1035278406\" class=\"gap-element clearfix\" style=\"display:block; height:auto;\">\n\t\t\n<style>\n#gap-1035278406 {\n  padding-top: 30px;\n}\n<\/style>\n\t<\/div>\n\t\n<h3><strong>SW-600ZC<\/strong><\/h3>\n\t<div class=\"img has-hover x md-x lg-x y md-y lg-y\" id=\"image_1143061390\">\n\t\t\t\t\t\t\t\t<div class=\"img-inner dark\" >\n\t\t\t<img loading=\"lazy\" decoding=\"async\" width=\"1216\" height=\"634\" src=\"https:\/\/swoer.com\/wp-content\/uploads\/2024\/05\/SW-600ZC.webp\" class=\"attachment-original size-original\" alt=\"SW-600ZC\" srcset=\"https:\/\/swoer.com\/wp-content\/uploads\/2024\/05\/SW-600ZC.webp 1216w, https:\/\/swoer.com\/wp-content\/uploads\/2024\/05\/SW-600ZC-300x156.webp 300w, https:\/\/swoer.com\/wp-content\/uploads\/2024\/05\/SW-600ZC-1024x534.webp 1024w, https:\/\/swoer.com\/wp-content\/uploads\/2024\/05\/SW-600ZC-768x400.webp 768w, https:\/\/swoer.com\/wp-content\/uploads\/2024\/05\/SW-600ZC-18x9.webp 18w, https:\/\/swoer.com\/wp-content\/uploads\/2024\/05\/SW-600ZC-600x313.webp 600w\" sizes=\"(max-width: 1216px) 100vw, 1216px\" \/>\t\t\t\t\t\t\n\t\t\t\t\t<\/div>\n\t\t\t\t\t\t\t\t\n<style>\n#image_1143061390 {\n  width: 100%;\n}\n<\/style>\n\t<\/div>\n\t\n<h3><strong>SW-800ZC<\/strong><\/h3>\n\t<div class=\"img has-hover x md-x lg-x y md-y lg-y\" id=\"image_731126664\">\n\t\t\t\t\t\t\t\t<div class=\"img-inner dark\" >\n\t\t\t<img loading=\"lazy\" decoding=\"async\" width=\"1217\" height=\"654\" src=\"https:\/\/swoer.com\/wp-content\/uploads\/2024\/05\/SW-800ZC.webp\" class=\"attachment-original size-original\" alt=\"SW-800ZC\" srcset=\"https:\/\/swoer.com\/wp-content\/uploads\/2024\/05\/SW-800ZC.webp 1217w, https:\/\/swoer.com\/wp-content\/uploads\/2024\/05\/SW-800ZC-300x161.webp 300w, https:\/\/swoer.com\/wp-content\/uploads\/2024\/05\/SW-800ZC-1024x550.webp 1024w, https:\/\/swoer.com\/wp-content\/uploads\/2024\/05\/SW-800ZC-768x413.webp 768w, https:\/\/swoer.com\/wp-content\/uploads\/2024\/05\/SW-800ZC-18x10.webp 18w, https:\/\/swoer.com\/wp-content\/uploads\/2024\/05\/SW-800ZC-600x322.webp 600w\" sizes=\"(max-width: 1217px) 100vw, 1217px\" \/>\t\t\t\t\t\t\n\t\t\t\t\t<\/div>\n\t\t\t\t\t\t\t\t\n<style>\n#image_731126664 {\n  width: 100%;\n}\n<\/style>\n\t<\/div>","protected":false},"excerpt":{"rendered":"<p>El alimentador lineal vibratorio serie ZC est\u00e1 disponible en 2 modelos:<\/p>\n<p>SW-600ZC<\/p>\n<p>SW-600ZC<\/p>","protected":false},"featured_media":2064,"comment_status":"open","ping_status":"closed","template":"","meta":[],"product_cat":[55],"product_tag":[],"yoast_head":"<!-- This site is optimized with the Yoast SEO plugin v22.2 - https:\/\/yoast.com\/wordpress\/plugins\/seo\/ -->\n<title>Vibratory Linear Feeder ZC Series - SWOER<\/title>\n<meta name=\"description\" content=\"The advanced Vibratory Linear Feeder ZC Series offers precise material handling and consistent performance. Ideal for automation and manufacturing processes, it enhances your production efficiency today!\" \/>\n<meta name=\"robots\" content=\"index, follow, max-snippet:-1, max-image-preview:large, max-video-preview:-1\" \/>\n<link rel=\"canonical\" href=\"https:\/\/swoer.com\/es_es\/manufacturer\/vibratory-linear-feeder-zc-series\/\" \/>\n<meta property=\"og:locale\" content=\"es_ES\" \/>\n<meta property=\"og:type\" content=\"article\" \/>\n<meta property=\"og:title\" content=\"Vibratory Linear Feeder ZC Series - SWOER\" \/>\n<meta property=\"og:description\" content=\"The advanced Vibratory Linear Feeder ZC Series offers precise material handling and consistent performance. Ideal for automation and manufacturing processes, it enhances your production efficiency today!\" \/>\n<meta property=\"og:url\" content=\"https:\/\/swoer.com\/es_es\/manufacturer\/vibratory-linear-feeder-zc-series\/\" \/>\n<meta property=\"og:site_name\" content=\"SWOER\" \/>\n<meta property=\"article:modified_time\" content=\"2024-06-25T01:24:50+00:00\" \/>\n<meta property=\"og:image\" content=\"https:\/\/swoer.com\/wp-content\/uploads\/2024\/05\/Vibratory-Linear-Feeder-ZC-Series.webp\" \/>\n\t<meta property=\"og:image:width\" content=\"1000\" \/>\n\t<meta property=\"og:image:height\" content=\"1000\" \/>\n\t<meta property=\"og:image:type\" content=\"image\/webp\" \/>\n<meta name=\"twitter:card\" content=\"summary_large_image\" \/>\n<meta name=\"twitter:label1\" content=\"Tiempo de lectura\" \/>\n\t<meta name=\"twitter:data1\" content=\"1 minuto\" \/>\n<script type=\"application\/ld+json\" class=\"yoast-schema-graph\">{\"@context\":\"https:\/\/schema.org\",\"@graph\":[{\"@type\":\"WebPage\",\"@id\":\"https:\/\/swoer.com\/manufacturer\/vibratory-linear-feeder-zc-series\/\",\"url\":\"https:\/\/swoer.com\/manufacturer\/vibratory-linear-feeder-zc-series\/\",\"name\":\"Vibratory Linear Feeder ZC Series - SWOER\",\"isPartOf\":{\"@id\":\"https:\/\/swoer.com\/#website\"},\"primaryImageOfPage\":{\"@id\":\"https:\/\/swoer.com\/manufacturer\/vibratory-linear-feeder-zc-series\/#primaryimage\"},\"image\":{\"@id\":\"https:\/\/swoer.com\/manufacturer\/vibratory-linear-feeder-zc-series\/#primaryimage\"},\"thumbnailUrl\":\"https:\/\/swoer.com\/wp-content\/uploads\/2024\/05\/Vibratory-Linear-Feeder-ZC-Series.webp\",\"datePublished\":\"2024-05-11T07:32:07+00:00\",\"dateModified\":\"2024-06-25T01:24:50+00:00\",\"description\":\"The advanced Vibratory Linear Feeder ZC Series offers precise material handling and consistent performance. Ideal for automation and manufacturing processes, it enhances your production efficiency today!\",\"breadcrumb\":{\"@id\":\"https:\/\/swoer.com\/manufacturer\/vibratory-linear-feeder-zc-series\/#breadcrumb\"},\"inLanguage\":\"es\",\"potentialAction\":[{\"@type\":\"ReadAction\",\"target\":[\"https:\/\/swoer.com\/manufacturer\/vibratory-linear-feeder-zc-series\/\"]}]},{\"@type\":\"ImageObject\",\"inLanguage\":\"es\",\"@id\":\"https:\/\/swoer.com\/manufacturer\/vibratory-linear-feeder-zc-series\/#primaryimage\",\"url\":\"https:\/\/swoer.com\/wp-content\/uploads\/2024\/05\/Vibratory-Linear-Feeder-ZC-Series.webp\",\"contentUrl\":\"https:\/\/swoer.com\/wp-content\/uploads\/2024\/05\/Vibratory-Linear-Feeder-ZC-Series.webp\",\"width\":1000,\"height\":1000,\"caption\":\"Vibratory Linear Feeder ZC Series\"},{\"@type\":\"BreadcrumbList\",\"@id\":\"https:\/\/swoer.com\/manufacturer\/vibratory-linear-feeder-zc-series\/#breadcrumb\",\"itemListElement\":[{\"@type\":\"ListItem\",\"position\":1,\"name\":\"Home\",\"item\":\"https:\/\/swoer.com\/\"},{\"@type\":\"ListItem\",\"position\":2,\"name\":\"Shop\",\"item\":\"https:\/\/swoer.com\/shop\/\"},{\"@type\":\"ListItem\",\"position\":3,\"name\":\"Vibratory Linear Feeder ZC Series\"}]},{\"@type\":\"WebSite\",\"@id\":\"https:\/\/swoer.com\/#website\",\"url\":\"https:\/\/swoer.com\/\",\"name\":\"SWOER\",\"description\":\"Swoer is the top 3 vibratory bowl feeder manufacturer in China\",\"potentialAction\":[{\"@type\":\"SearchAction\",\"target\":{\"@type\":\"EntryPoint\",\"urlTemplate\":\"https:\/\/swoer.com\/?s={search_term_string}\"},\"query-input\":\"required name=search_term_string\"}],\"inLanguage\":\"es\"}]}<\/script>\n<!-- \/ Yoast SEO plugin. -->","yoast_head_json":{"title":"Vibratory Linear Feeder ZC Series - SWOER","description":"The advanced Vibratory Linear Feeder ZC Series offers precise material handling and consistent performance. Ideal for automation and manufacturing processes, it enhances your production efficiency today!","robots":{"index":"index","follow":"follow","max-snippet":"max-snippet:-1","max-image-preview":"max-image-preview:large","max-video-preview":"max-video-preview:-1"},"canonical":"https:\/\/swoer.com\/es_es\/manufacturer\/vibratory-linear-feeder-zc-series\/","og_locale":"es_ES","og_type":"article","og_title":"Vibratory Linear Feeder ZC Series - SWOER","og_description":"The advanced Vibratory Linear Feeder ZC Series offers precise material handling and consistent performance. Ideal for automation and manufacturing processes, it enhances your production efficiency today!","og_url":"https:\/\/swoer.com\/es_es\/manufacturer\/vibratory-linear-feeder-zc-series\/","og_site_name":"SWOER","article_modified_time":"2024-06-25T01:24:50+00:00","og_image":[{"width":1000,"height":1000,"url":"https:\/\/swoer.com\/wp-content\/uploads\/2024\/05\/Vibratory-Linear-Feeder-ZC-Series.webp","type":"image\/webp"}],"twitter_card":"summary_large_image","twitter_misc":{"Tiempo de lectura":"1 minuto"},"schema":{"@context":"https:\/\/schema.org","@graph":[{"@type":"WebPage","@id":"https:\/\/swoer.com\/manufacturer\/vibratory-linear-feeder-zc-series\/","url":"https:\/\/swoer.com\/manufacturer\/vibratory-linear-feeder-zc-series\/","name":"Vibratory Linear Feeder ZC Series - SWOER","isPartOf":{"@id":"https:\/\/swoer.com\/#website"},"primaryImageOfPage":{"@id":"https:\/\/swoer.com\/manufacturer\/vibratory-linear-feeder-zc-series\/#primaryimage"},"image":{"@id":"https:\/\/swoer.com\/manufacturer\/vibratory-linear-feeder-zc-series\/#primaryimage"},"thumbnailUrl":"https:\/\/swoer.com\/wp-content\/uploads\/2024\/05\/Vibratory-Linear-Feeder-ZC-Series.webp","datePublished":"2024-05-11T07:32:07+00:00","dateModified":"2024-06-25T01:24:50+00:00","description":"The advanced Vibratory Linear Feeder ZC Series offers precise material handling and consistent performance. Ideal for automation and manufacturing processes, it enhances your production efficiency today!","breadcrumb":{"@id":"https:\/\/swoer.com\/manufacturer\/vibratory-linear-feeder-zc-series\/#breadcrumb"},"inLanguage":"es","potentialAction":[{"@type":"ReadAction","target":["https:\/\/swoer.com\/manufacturer\/vibratory-linear-feeder-zc-series\/"]}]},{"@type":"ImageObject","inLanguage":"es","@id":"https:\/\/swoer.com\/manufacturer\/vibratory-linear-feeder-zc-series\/#primaryimage","url":"https:\/\/swoer.com\/wp-content\/uploads\/2024\/05\/Vibratory-Linear-Feeder-ZC-Series.webp","contentUrl":"https:\/\/swoer.com\/wp-content\/uploads\/2024\/05\/Vibratory-Linear-Feeder-ZC-Series.webp","width":1000,"height":1000,"caption":"Vibratory Linear Feeder ZC Series"},{"@type":"BreadcrumbList","@id":"https:\/\/swoer.com\/manufacturer\/vibratory-linear-feeder-zc-series\/#breadcrumb","itemListElement":[{"@type":"ListItem","position":1,"name":"Home","item":"https:\/\/swoer.com\/"},{"@type":"ListItem","position":2,"name":"Shop","item":"https:\/\/swoer.com\/shop\/"},{"@type":"ListItem","position":3,"name":"Vibratory Linear Feeder ZC Series"}]},{"@type":"WebSite","@id":"https:\/\/swoer.com\/#website","url":"https:\/\/swoer.com\/","name":"SWOER","description":"Swoer is the top 3 vibratory bowl feeder manufacturer in China","potentialAction":[{"@type":"SearchAction","target":{"@type":"EntryPoint","urlTemplate":"https:\/\/swoer.com\/?s={search_term_string}"},"query-input":"required name=search_term_string"}],"inLanguage":"es"}]}},"_links":{"self":[{"href":"https:\/\/swoer.com\/es_es\/wp-json\/wp\/v2\/product\/2063"}],"collection":[{"href":"https:\/\/swoer.com\/es_es\/wp-json\/wp\/v2\/product"}],"about":[{"href":"https:\/\/swoer.com\/es_es\/wp-json\/wp\/v2\/types\/product"}],"replies":[{"embeddable":true,"href":"https:\/\/swoer.com\/es_es\/wp-json\/wp\/v2\/comments?post=2063"}],"wp:featuredmedia":[{"embeddable":true,"href":"https:\/\/swoer.com\/es_es\/wp-json\/wp\/v2\/media\/2064"}],"wp:attachment":[{"href":"https:\/\/swoer.com\/es_es\/wp-json\/wp\/v2\/media?parent=2063"}],"wp:term":[{"taxonomy":"product_cat","embeddable":true,"href":"https:\/\/swoer.com\/es_es\/wp-json\/wp\/v2\/product_cat?post=2063"},{"taxonomy":"product_tag","embeddable":true,"href":"https:\/\/swoer.com\/es_es\/wp-json\/wp\/v2\/product_tag?post=2063"}],"curies":[{"name":"wp","href":"https:\/\/api.w.org\/{rel}","templated":true}]}}