{"id":2026,"date":"2024-04-25T01:26:04","date_gmt":"2024-04-25T01:26:04","guid":{"rendered":"https:\/\/swoer.com\/?post_type=product&#038;p=2026"},"modified":"2024-04-26T01:56:44","modified_gmt":"2024-04-26T01:56:44","slug":"vibratory-linear-feeder-fz-series","status":"publish","type":"product","link":"https:\/\/swoer.com\/es_es\/manufacturer\/vibratory-linear-feeder-fz-series\/","title":{"rendered":"Alimentador lineal vibratorio serie FZ"},"content":{"rendered":"<h2 class=\"p\"><strong><span class=\"15\">Caracter\u00edsticas<\/span><\/strong><\/h2>\n<p>Combinado con la placa vibratoria, es bueno para transportar materiales delgados, cil\u00edndricos, cuadrados y otros materiales con forma de aguja. Es un alimentador electromagn\u00e9tico con una variedad de anchos de panel.<\/p>\n<p>\u2022 Aplicable a m\u00e1quinas autom\u00e1ticas de inserci\u00f3n de agujas (m\u00e1quina de un solo barril, m\u00e1quina de doble barril);<\/p>\n<p>\u2022 La reducci\u00f3n de vibraci\u00f3n de la placa de acero de resorte puede reducir la fuerza de reacci\u00f3n en la mesa de la m\u00e1quina durante el trabajo del alimentador lineal.<\/p>\n<p>\u2022 Vibraci\u00f3n suave y r\u00e1pida velocidad de transporte, especialmente adecuado para m\u00e1quinas de pasadores de doble barril, la amplitud de resonancia es peque\u00f1a;<\/p>\n<p>\u2022 La altura del alimentador lineal es ajustable (114 mm ~ 120 mm) y hay muchas opciones para el ancho del panel superior (160X90, 160X110, 160X130, 160X140)<\/p>\n<h2><strong><span class=\"15\">SW-70FZ<\/span><\/strong><\/h2>\n\t<div class=\"img has-hover x md-x lg-x y md-y lg-y\" id=\"image_1721626488\">\n\t\t\t\t\t\t\t\t<div class=\"img-inner dark\" >\n\t\t\t<img loading=\"lazy\" decoding=\"async\" width=\"906\" height=\"617\" src=\"https:\/\/swoer.com\/wp-content\/uploads\/2024\/04\/SW-70FZ.webp\" class=\"attachment-original size-original\" alt=\"SW-70FZ\" srcset=\"https:\/\/swoer.com\/wp-content\/uploads\/2024\/04\/SW-70FZ.webp 906w, https:\/\/swoer.com\/wp-content\/uploads\/2024\/04\/SW-70FZ-300x204.webp 300w, https:\/\/swoer.com\/wp-content\/uploads\/2024\/04\/SW-70FZ-768x523.webp 768w, https:\/\/swoer.com\/wp-content\/uploads\/2024\/04\/SW-70FZ-18x12.webp 18w, https:\/\/swoer.com\/wp-content\/uploads\/2024\/04\/SW-70FZ-600x409.webp 600w\" sizes=\"(max-width: 906px) 100vw, 906px\" \/>\t\t\t\t\t\t\n\t\t\t\t\t<\/div>\n\t\t\t\t\t\t\t\t\n<style>\n#image_1721626488 {\n  width: 100%;\n}\n<\/style>\n\t<\/div>\n\t\n<h2><strong>SW-140FZ<\/strong><\/h2>\n\t<div class=\"img has-hover x md-x lg-x y md-y lg-y\" id=\"image_1707154522\">\n\t\t\t\t\t\t\t\t<div class=\"img-inner dark\" >\n\t\t\t<img loading=\"lazy\" decoding=\"async\" width=\"1142\" height=\"696\" src=\"https:\/\/swoer.com\/wp-content\/uploads\/2024\/04\/SW-1400FZ.webp\" class=\"attachment-original size-original\" alt=\"SW-1400FZ\" srcset=\"https:\/\/swoer.com\/wp-content\/uploads\/2024\/04\/SW-1400FZ.webp 1142w, https:\/\/swoer.com\/wp-content\/uploads\/2024\/04\/SW-1400FZ-300x183.webp 300w, https:\/\/swoer.com\/wp-content\/uploads\/2024\/04\/SW-1400FZ-1024x624.webp 1024w, https:\/\/swoer.com\/wp-content\/uploads\/2024\/04\/SW-1400FZ-768x468.webp 768w, https:\/\/swoer.com\/wp-content\/uploads\/2024\/04\/SW-1400FZ-18x12.webp 18w, https:\/\/swoer.com\/wp-content\/uploads\/2024\/04\/SW-1400FZ-600x366.webp 600w\" sizes=\"(max-width: 1142px) 100vw, 1142px\" \/>\t\t\t\t\t\t\n\t\t\t\t\t<\/div>\n\t\t\t\t\t\t\t\t\n<style>\n#image_1707154522 {\n  width: 100%;\n}\n<\/style>\n\t<\/div>","protected":false},"excerpt":{"rendered":"<p>La serie FZ est\u00e1 disponible en dos modelos para adaptarse a diferentes requisitos:<\/p>\n<p>SW-70FZ<\/p>\n<p>SW-140FZ<\/p>","protected":false},"featured_media":2027,"comment_status":"open","ping_status":"closed","template":"","meta":[],"product_cat":[55],"product_tag":[],"yoast_head":"<!-- This site is optimized with the Yoast SEO plugin v22.2 - https:\/\/yoast.com\/wordpress\/plugins\/seo\/ -->\n<title>Vibratory Linear Feeder FZ Series - SWOER<\/title>\n<meta name=\"robots\" content=\"index, follow, max-snippet:-1, max-image-preview:large, max-video-preview:-1\" \/>\n<link rel=\"canonical\" href=\"https:\/\/swoer.com\/es_es\/manufacturer\/vibratory-linear-feeder-fz-series\/\" \/>\n<meta property=\"og:locale\" content=\"es_ES\" \/>\n<meta property=\"og:type\" content=\"article\" \/>\n<meta property=\"og:title\" content=\"Vibratory Linear Feeder FZ Series - SWOER\" \/>\n<meta property=\"og:description\" content=\"The FZ Series is available in two models to suit different requirements:  SW-70FZ  SW-140FZ\" \/>\n<meta property=\"og:url\" content=\"https:\/\/swoer.com\/es_es\/manufacturer\/vibratory-linear-feeder-fz-series\/\" \/>\n<meta property=\"og:site_name\" content=\"SWOER\" \/>\n<meta property=\"article:modified_time\" content=\"2024-04-26T01:56:44+00:00\" \/>\n<meta property=\"og:image\" content=\"https:\/\/swoer.com\/wp-content\/uploads\/2024\/04\/Linear-Feeder-FZ-Series.webp\" \/>\n\t<meta property=\"og:image:width\" content=\"1000\" \/>\n\t<meta property=\"og:image:height\" content=\"1000\" \/>\n\t<meta property=\"og:image:type\" content=\"image\/webp\" \/>\n<meta name=\"twitter:card\" content=\"summary_large_image\" \/>\n<meta name=\"twitter:label1\" content=\"Tiempo de lectura\" \/>\n\t<meta name=\"twitter:data1\" content=\"1 minuto\" \/>\n<script type=\"application\/ld+json\" class=\"yoast-schema-graph\">{\"@context\":\"https:\/\/schema.org\",\"@graph\":[{\"@type\":\"WebPage\",\"@id\":\"https:\/\/swoer.com\/manufacturer\/vibratory-linear-feeder-fz-series\/\",\"url\":\"https:\/\/swoer.com\/manufacturer\/vibratory-linear-feeder-fz-series\/\",\"name\":\"Vibratory Linear Feeder FZ Series - SWOER\",\"isPartOf\":{\"@id\":\"https:\/\/swoer.com\/#website\"},\"primaryImageOfPage\":{\"@id\":\"https:\/\/swoer.com\/manufacturer\/vibratory-linear-feeder-fz-series\/#primaryimage\"},\"image\":{\"@id\":\"https:\/\/swoer.com\/manufacturer\/vibratory-linear-feeder-fz-series\/#primaryimage\"},\"thumbnailUrl\":\"https:\/\/swoer.com\/wp-content\/uploads\/2024\/04\/Linear-Feeder-FZ-Series.webp\",\"datePublished\":\"2024-04-25T01:26:04+00:00\",\"dateModified\":\"2024-04-26T01:56:44+00:00\",\"breadcrumb\":{\"@id\":\"https:\/\/swoer.com\/manufacturer\/vibratory-linear-feeder-fz-series\/#breadcrumb\"},\"inLanguage\":\"es\",\"potentialAction\":[{\"@type\":\"ReadAction\",\"target\":[\"https:\/\/swoer.com\/manufacturer\/vibratory-linear-feeder-fz-series\/\"]}]},{\"@type\":\"ImageObject\",\"inLanguage\":\"es\",\"@id\":\"https:\/\/swoer.com\/manufacturer\/vibratory-linear-feeder-fz-series\/#primaryimage\",\"url\":\"https:\/\/swoer.com\/wp-content\/uploads\/2024\/04\/Linear-Feeder-FZ-Series.webp\",\"contentUrl\":\"https:\/\/swoer.com\/wp-content\/uploads\/2024\/04\/Linear-Feeder-FZ-Series.webp\",\"width\":1000,\"height\":1000,\"caption\":\"Vibratory Linear Feeder FZ Series\"},{\"@type\":\"BreadcrumbList\",\"@id\":\"https:\/\/swoer.com\/manufacturer\/vibratory-linear-feeder-fz-series\/#breadcrumb\",\"itemListElement\":[{\"@type\":\"ListItem\",\"position\":1,\"name\":\"Home\",\"item\":\"https:\/\/swoer.com\/\"},{\"@type\":\"ListItem\",\"position\":2,\"name\":\"Shop\",\"item\":\"https:\/\/swoer.com\/shop\/\"},{\"@type\":\"ListItem\",\"position\":3,\"name\":\"Vibratory Linear Feeder FZ Series\"}]},{\"@type\":\"WebSite\",\"@id\":\"https:\/\/swoer.com\/#website\",\"url\":\"https:\/\/swoer.com\/\",\"name\":\"SWOER\",\"description\":\"Swoer is the top 3 vibratory bowl feeder manufacturer in China\",\"potentialAction\":[{\"@type\":\"SearchAction\",\"target\":{\"@type\":\"EntryPoint\",\"urlTemplate\":\"https:\/\/swoer.com\/?s={search_term_string}\"},\"query-input\":\"required name=search_term_string\"}],\"inLanguage\":\"es\"}]}<\/script>\n<!-- \/ Yoast SEO plugin. -->","yoast_head_json":{"title":"Vibratory Linear Feeder FZ Series - SWOER","robots":{"index":"index","follow":"follow","max-snippet":"max-snippet:-1","max-image-preview":"max-image-preview:large","max-video-preview":"max-video-preview:-1"},"canonical":"https:\/\/swoer.com\/es_es\/manufacturer\/vibratory-linear-feeder-fz-series\/","og_locale":"es_ES","og_type":"article","og_title":"Vibratory Linear Feeder FZ Series - SWOER","og_description":"The FZ Series is available in two models to suit different requirements:  SW-70FZ  SW-140FZ","og_url":"https:\/\/swoer.com\/es_es\/manufacturer\/vibratory-linear-feeder-fz-series\/","og_site_name":"SWOER","article_modified_time":"2024-04-26T01:56:44+00:00","og_image":[{"width":1000,"height":1000,"url":"https:\/\/swoer.com\/wp-content\/uploads\/2024\/04\/Linear-Feeder-FZ-Series.webp","type":"image\/webp"}],"twitter_card":"summary_large_image","twitter_misc":{"Tiempo de lectura":"1 minuto"},"schema":{"@context":"https:\/\/schema.org","@graph":[{"@type":"WebPage","@id":"https:\/\/swoer.com\/manufacturer\/vibratory-linear-feeder-fz-series\/","url":"https:\/\/swoer.com\/manufacturer\/vibratory-linear-feeder-fz-series\/","name":"Vibratory Linear Feeder FZ Series - SWOER","isPartOf":{"@id":"https:\/\/swoer.com\/#website"},"primaryImageOfPage":{"@id":"https:\/\/swoer.com\/manufacturer\/vibratory-linear-feeder-fz-series\/#primaryimage"},"image":{"@id":"https:\/\/swoer.com\/manufacturer\/vibratory-linear-feeder-fz-series\/#primaryimage"},"thumbnailUrl":"https:\/\/swoer.com\/wp-content\/uploads\/2024\/04\/Linear-Feeder-FZ-Series.webp","datePublished":"2024-04-25T01:26:04+00:00","dateModified":"2024-04-26T01:56:44+00:00","breadcrumb":{"@id":"https:\/\/swoer.com\/manufacturer\/vibratory-linear-feeder-fz-series\/#breadcrumb"},"inLanguage":"es","potentialAction":[{"@type":"ReadAction","target":["https:\/\/swoer.com\/manufacturer\/vibratory-linear-feeder-fz-series\/"]}]},{"@type":"ImageObject","inLanguage":"es","@id":"https:\/\/swoer.com\/manufacturer\/vibratory-linear-feeder-fz-series\/#primaryimage","url":"https:\/\/swoer.com\/wp-content\/uploads\/2024\/04\/Linear-Feeder-FZ-Series.webp","contentUrl":"https:\/\/swoer.com\/wp-content\/uploads\/2024\/04\/Linear-Feeder-FZ-Series.webp","width":1000,"height":1000,"caption":"Vibratory Linear Feeder FZ Series"},{"@type":"BreadcrumbList","@id":"https:\/\/swoer.com\/manufacturer\/vibratory-linear-feeder-fz-series\/#breadcrumb","itemListElement":[{"@type":"ListItem","position":1,"name":"Home","item":"https:\/\/swoer.com\/"},{"@type":"ListItem","position":2,"name":"Shop","item":"https:\/\/swoer.com\/shop\/"},{"@type":"ListItem","position":3,"name":"Vibratory Linear Feeder FZ Series"}]},{"@type":"WebSite","@id":"https:\/\/swoer.com\/#website","url":"https:\/\/swoer.com\/","name":"SWOER","description":"Swoer is the top 3 vibratory bowl feeder manufacturer in China","potentialAction":[{"@type":"SearchAction","target":{"@type":"EntryPoint","urlTemplate":"https:\/\/swoer.com\/?s={search_term_string}"},"query-input":"required name=search_term_string"}],"inLanguage":"es"}]}},"_links":{"self":[{"href":"https:\/\/swoer.com\/es_es\/wp-json\/wp\/v2\/product\/2026"}],"collection":[{"href":"https:\/\/swoer.com\/es_es\/wp-json\/wp\/v2\/product"}],"about":[{"href":"https:\/\/swoer.com\/es_es\/wp-json\/wp\/v2\/types\/product"}],"replies":[{"embeddable":true,"href":"https:\/\/swoer.com\/es_es\/wp-json\/wp\/v2\/comments?post=2026"}],"wp:featuredmedia":[{"embeddable":true,"href":"https:\/\/swoer.com\/es_es\/wp-json\/wp\/v2\/media\/2027"}],"wp:attachment":[{"href":"https:\/\/swoer.com\/es_es\/wp-json\/wp\/v2\/media?parent=2026"}],"wp:term":[{"taxonomy":"product_cat","embeddable":true,"href":"https:\/\/swoer.com\/es_es\/wp-json\/wp\/v2\/product_cat?post=2026"},{"taxonomy":"product_tag","embeddable":true,"href":"https:\/\/swoer.com\/es_es\/wp-json\/wp\/v2\/product_tag?post=2026"}],"curies":[{"name":"wp","href":"https:\/\/api.w.org\/{rel}","templated":true}]}}