{"id":1996,"date":"2024-04-19T02:41:14","date_gmt":"2024-04-19T02:41:14","guid":{"rendered":"https:\/\/swoer.com\/?post_type=product&#038;p=1996"},"modified":"2024-04-19T02:45:45","modified_gmt":"2024-04-19T02:45:45","slug":"vibratory-feeder-base-sw-c-series","status":"publish","type":"product","link":"https:\/\/swoer.com\/es_es\/manufacturer\/vibratory-feeder-base-sw-c-series\/","title":{"rendered":"Base de alimentador vibratorio serie SW-C"},"content":{"rendered":"<h2><strong>Descripci\u00f3n del Producto<\/strong><\/h2>\n<table width=\"696\">\n<tbody>\n<tr>\n<td width=\"283\">Nombre del producto<\/td>\n<td width=\"413\">Base para alimentador vibratorio de cuenco Serie SW-C<\/td>\n<\/tr>\n<tr>\n<td width=\"283\">Nombre de marca<\/td>\n<td width=\"413\">PALABRAS<\/td>\n<\/tr>\n<tr>\n<td width=\"283\">Voltaje<\/td>\n<td width=\"413\">85-260 V<\/td>\n<\/tr>\n<tr>\n<td width=\"283\">Frecuencia<\/td>\n<td width=\"413\">40-400 Hz<\/td>\n<\/tr>\n<tr>\n<td width=\"283\">Servicio post garant\u00eda<\/td>\n<td width=\"413\">Soporte t\u00e9cnico por v\u00eddeo, Soporte online, Sustituci\u00f3n de piezas de repuesto<\/td>\n<\/tr>\n<tr>\n<td width=\"283\">Servicio posventa proporcionado<\/td>\n<td width=\"413\">Repuestos gratuitos, Instalaci\u00f3n en campo, Puesta en servicio y formaci\u00f3n<\/td>\n<\/tr>\n<tr>\n<td width=\"283\">Garant\u00eda<\/td>\n<td width=\"413\">1 a\u00f1o<\/td>\n<\/tr>\n<tr>\n<td width=\"283\">Cantidad m\u00ednima de pedido<\/td>\n<td width=\"413\">1 juego<\/td>\n<\/tr>\n<tr>\n<td width=\"283\">Plazo de entrega<\/td>\n<td width=\"413\">7-10 d\u00edas<\/td>\n<\/tr>\n<tr>\n<td width=\"283\">Embalaje<\/td>\n<td width=\"413\">Caja de madera contrachapada<\/td>\n<\/tr>\n<tr>\n<td width=\"283\">Plazo de pago<\/td>\n<td width=\"413\">T\/T 40% Dep\u00f3sito y saldo antes del env\u00edo<\/td>\n<\/tr>\n<tr>\n<td width=\"283\">Lugar de origen<\/td>\n<td width=\"413\">Guangdong, China<\/td>\n<\/tr>\n<\/tbody>\n<\/table>\n<h2><strong><span class=\"15\">Par\u00e1metro<\/span><\/strong><\/h2>\n\t<div class=\"img has-hover x md-x lg-x y md-y lg-y\" id=\"image_1366509065\">\n\t\t\t\t\t\t\t\t<div class=\"img-inner dark\" >\n\t\t\t<img loading=\"lazy\" decoding=\"async\" width=\"554\" height=\"638\" src=\"https:\/\/swoer.com\/wp-content\/uploads\/2024\/04\/Vibratory-Feeder-Base-SW-C-Series-Parameter-.webp\" class=\"attachment-original size-original\" alt=\"Par\u00e1metros de la base del alimentador vibratorio serie SW-C\" srcset=\"https:\/\/swoer.com\/wp-content\/uploads\/2024\/04\/Vibratory-Feeder-Base-SW-C-Series-Parameter-.webp 554w, https:\/\/swoer.com\/wp-content\/uploads\/2024\/04\/Vibratory-Feeder-Base-SW-C-Series-Parameter--261x300.webp 261w, https:\/\/swoer.com\/wp-content\/uploads\/2024\/04\/Vibratory-Feeder-Base-SW-C-Series-Parameter--10x12.webp 10w\" sizes=\"(max-width: 554px) 100vw, 554px\" \/>\t\t\t\t\t\t\n\t\t\t\t\t<\/div>\n\t\t\t\t\t\t\t\t\n<style>\n#image_1366509065 {\n  width: 100%;\n}\n<\/style>\n\t<\/div>","protected":false},"excerpt":{"rendered":"<p>SWOER ofrece 4 modelos de accionamientos para alimentadores vibratorios: SW-C230, SW-C270, SW-320, SW-C480<\/p>","protected":false},"featured_media":1997,"comment_status":"open","ping_status":"closed","template":"","meta":[],"product_cat":[46],"product_tag":[],"yoast_head":"<!-- This site is optimized with the Yoast SEO plugin v22.2 - https:\/\/yoast.com\/wordpress\/plugins\/seo\/ -->\n<title>Vibratory Feeder Base SW-C Series - SWOER<\/title>\n<meta name=\"robots\" content=\"index, follow, max-snippet:-1, max-image-preview:large, max-video-preview:-1\" \/>\n<link rel=\"canonical\" href=\"https:\/\/swoer.com\/es_es\/manufacturer\/vibratory-feeder-base-sw-c-series\/\" \/>\n<meta property=\"og:locale\" content=\"es_ES\" \/>\n<meta property=\"og:type\" content=\"article\" \/>\n<meta property=\"og:title\" content=\"Vibratory Feeder Base SW-C Series - SWOER\" \/>\n<meta property=\"og:description\" content=\"SWOER provides vibratory Bowl Feeder Drive 4 Models available:SW-C230, SW-C270, SW-320, SW-C480\" \/>\n<meta property=\"og:url\" content=\"https:\/\/swoer.com\/es_es\/manufacturer\/vibratory-feeder-base-sw-c-series\/\" \/>\n<meta property=\"og:site_name\" content=\"SWOER\" \/>\n<meta property=\"article:modified_time\" content=\"2024-04-19T02:45:45+00:00\" \/>\n<meta property=\"og:image\" content=\"https:\/\/swoer.com\/wp-content\/uploads\/2024\/04\/Vibratory-Feeder-Base-SW-C-Series.webp\" \/>\n\t<meta property=\"og:image:width\" content=\"1000\" \/>\n\t<meta property=\"og:image:height\" content=\"1000\" \/>\n\t<meta property=\"og:image:type\" content=\"image\/webp\" \/>\n<meta name=\"twitter:card\" content=\"summary_large_image\" \/>\n<meta name=\"twitter:label1\" content=\"Tiempo de lectura\" \/>\n\t<meta name=\"twitter:data1\" content=\"1 minuto\" \/>\n<script type=\"application\/ld+json\" class=\"yoast-schema-graph\">{\"@context\":\"https:\/\/schema.org\",\"@graph\":[{\"@type\":\"WebPage\",\"@id\":\"https:\/\/swoer.com\/manufacturer\/vibratory-feeder-base-sw-c-series\/\",\"url\":\"https:\/\/swoer.com\/manufacturer\/vibratory-feeder-base-sw-c-series\/\",\"name\":\"Vibratory Feeder Base SW-C Series - SWOER\",\"isPartOf\":{\"@id\":\"https:\/\/swoer.com\/#website\"},\"primaryImageOfPage\":{\"@id\":\"https:\/\/swoer.com\/manufacturer\/vibratory-feeder-base-sw-c-series\/#primaryimage\"},\"image\":{\"@id\":\"https:\/\/swoer.com\/manufacturer\/vibratory-feeder-base-sw-c-series\/#primaryimage\"},\"thumbnailUrl\":\"https:\/\/swoer.com\/wp-content\/uploads\/2024\/04\/Vibratory-Feeder-Base-SW-C-Series.webp\",\"datePublished\":\"2024-04-19T02:41:14+00:00\",\"dateModified\":\"2024-04-19T02:45:45+00:00\",\"breadcrumb\":{\"@id\":\"https:\/\/swoer.com\/manufacturer\/vibratory-feeder-base-sw-c-series\/#breadcrumb\"},\"inLanguage\":\"es\",\"potentialAction\":[{\"@type\":\"ReadAction\",\"target\":[\"https:\/\/swoer.com\/manufacturer\/vibratory-feeder-base-sw-c-series\/\"]}]},{\"@type\":\"ImageObject\",\"inLanguage\":\"es\",\"@id\":\"https:\/\/swoer.com\/manufacturer\/vibratory-feeder-base-sw-c-series\/#primaryimage\",\"url\":\"https:\/\/swoer.com\/wp-content\/uploads\/2024\/04\/Vibratory-Feeder-Base-SW-C-Series.webp\",\"contentUrl\":\"https:\/\/swoer.com\/wp-content\/uploads\/2024\/04\/Vibratory-Feeder-Base-SW-C-Series.webp\",\"width\":1000,\"height\":1000,\"caption\":\"Vibratory Feeder Base SW-C Series\"},{\"@type\":\"BreadcrumbList\",\"@id\":\"https:\/\/swoer.com\/manufacturer\/vibratory-feeder-base-sw-c-series\/#breadcrumb\",\"itemListElement\":[{\"@type\":\"ListItem\",\"position\":1,\"name\":\"Home\",\"item\":\"https:\/\/swoer.com\/\"},{\"@type\":\"ListItem\",\"position\":2,\"name\":\"Shop\",\"item\":\"https:\/\/swoer.com\/shop\/\"},{\"@type\":\"ListItem\",\"position\":3,\"name\":\"Vibratory Feeder Base SW-C Series\"}]},{\"@type\":\"WebSite\",\"@id\":\"https:\/\/swoer.com\/#website\",\"url\":\"https:\/\/swoer.com\/\",\"name\":\"SWOER\",\"description\":\"Swoer is the top 3 vibratory bowl feeder manufacturer in China\",\"potentialAction\":[{\"@type\":\"SearchAction\",\"target\":{\"@type\":\"EntryPoint\",\"urlTemplate\":\"https:\/\/swoer.com\/?s={search_term_string}\"},\"query-input\":\"required name=search_term_string\"}],\"inLanguage\":\"es\"}]}<\/script>\n<!-- \/ Yoast SEO plugin. -->","yoast_head_json":{"title":"Vibratory Feeder Base SW-C Series - SWOER","robots":{"index":"index","follow":"follow","max-snippet":"max-snippet:-1","max-image-preview":"max-image-preview:large","max-video-preview":"max-video-preview:-1"},"canonical":"https:\/\/swoer.com\/es_es\/manufacturer\/vibratory-feeder-base-sw-c-series\/","og_locale":"es_ES","og_type":"article","og_title":"Vibratory Feeder Base SW-C Series - SWOER","og_description":"SWOER provides vibratory Bowl Feeder Drive 4 Models available:SW-C230, SW-C270, SW-320, SW-C480","og_url":"https:\/\/swoer.com\/es_es\/manufacturer\/vibratory-feeder-base-sw-c-series\/","og_site_name":"SWOER","article_modified_time":"2024-04-19T02:45:45+00:00","og_image":[{"width":1000,"height":1000,"url":"https:\/\/swoer.com\/wp-content\/uploads\/2024\/04\/Vibratory-Feeder-Base-SW-C-Series.webp","type":"image\/webp"}],"twitter_card":"summary_large_image","twitter_misc":{"Tiempo de lectura":"1 minuto"},"schema":{"@context":"https:\/\/schema.org","@graph":[{"@type":"WebPage","@id":"https:\/\/swoer.com\/manufacturer\/vibratory-feeder-base-sw-c-series\/","url":"https:\/\/swoer.com\/manufacturer\/vibratory-feeder-base-sw-c-series\/","name":"Vibratory Feeder Base SW-C Series - SWOER","isPartOf":{"@id":"https:\/\/swoer.com\/#website"},"primaryImageOfPage":{"@id":"https:\/\/swoer.com\/manufacturer\/vibratory-feeder-base-sw-c-series\/#primaryimage"},"image":{"@id":"https:\/\/swoer.com\/manufacturer\/vibratory-feeder-base-sw-c-series\/#primaryimage"},"thumbnailUrl":"https:\/\/swoer.com\/wp-content\/uploads\/2024\/04\/Vibratory-Feeder-Base-SW-C-Series.webp","datePublished":"2024-04-19T02:41:14+00:00","dateModified":"2024-04-19T02:45:45+00:00","breadcrumb":{"@id":"https:\/\/swoer.com\/manufacturer\/vibratory-feeder-base-sw-c-series\/#breadcrumb"},"inLanguage":"es","potentialAction":[{"@type":"ReadAction","target":["https:\/\/swoer.com\/manufacturer\/vibratory-feeder-base-sw-c-series\/"]}]},{"@type":"ImageObject","inLanguage":"es","@id":"https:\/\/swoer.com\/manufacturer\/vibratory-feeder-base-sw-c-series\/#primaryimage","url":"https:\/\/swoer.com\/wp-content\/uploads\/2024\/04\/Vibratory-Feeder-Base-SW-C-Series.webp","contentUrl":"https:\/\/swoer.com\/wp-content\/uploads\/2024\/04\/Vibratory-Feeder-Base-SW-C-Series.webp","width":1000,"height":1000,"caption":"Vibratory Feeder Base SW-C Series"},{"@type":"BreadcrumbList","@id":"https:\/\/swoer.com\/manufacturer\/vibratory-feeder-base-sw-c-series\/#breadcrumb","itemListElement":[{"@type":"ListItem","position":1,"name":"Home","item":"https:\/\/swoer.com\/"},{"@type":"ListItem","position":2,"name":"Shop","item":"https:\/\/swoer.com\/shop\/"},{"@type":"ListItem","position":3,"name":"Vibratory Feeder Base SW-C Series"}]},{"@type":"WebSite","@id":"https:\/\/swoer.com\/#website","url":"https:\/\/swoer.com\/","name":"SWOER","description":"Swoer is the top 3 vibratory bowl feeder manufacturer in China","potentialAction":[{"@type":"SearchAction","target":{"@type":"EntryPoint","urlTemplate":"https:\/\/swoer.com\/?s={search_term_string}"},"query-input":"required name=search_term_string"}],"inLanguage":"es"}]}},"_links":{"self":[{"href":"https:\/\/swoer.com\/es_es\/wp-json\/wp\/v2\/product\/1996"}],"collection":[{"href":"https:\/\/swoer.com\/es_es\/wp-json\/wp\/v2\/product"}],"about":[{"href":"https:\/\/swoer.com\/es_es\/wp-json\/wp\/v2\/types\/product"}],"replies":[{"embeddable":true,"href":"https:\/\/swoer.com\/es_es\/wp-json\/wp\/v2\/comments?post=1996"}],"wp:featuredmedia":[{"embeddable":true,"href":"https:\/\/swoer.com\/es_es\/wp-json\/wp\/v2\/media\/1997"}],"wp:attachment":[{"href":"https:\/\/swoer.com\/es_es\/wp-json\/wp\/v2\/media?parent=1996"}],"wp:term":[{"taxonomy":"product_cat","embeddable":true,"href":"https:\/\/swoer.com\/es_es\/wp-json\/wp\/v2\/product_cat?post=1996"},{"taxonomy":"product_tag","embeddable":true,"href":"https:\/\/swoer.com\/es_es\/wp-json\/wp\/v2\/product_tag?post=1996"}],"curies":[{"name":"wp","href":"https:\/\/api.w.org\/{rel}","templated":true}]}}