{"id":1979,"date":"2024-04-13T07:33:22","date_gmt":"2024-04-13T07:33:22","guid":{"rendered":"https:\/\/swoer.com\/?post_type=product&#038;p=1979"},"modified":"2024-04-13T09:01:56","modified_gmt":"2024-04-13T09:01:56","slug":"vibratory-bowl-feeder-controller-sdvc31-xlr","status":"publish","type":"product","link":"https:\/\/swoer.com\/es_es\/manufacturer\/vibratory-bowl-feeder-controller-sdvc31-xlr\/","title":{"rendered":"Controlador de alimentador vibratorio SDVC31-XLR"},"content":{"rendered":"<h2><strong><b>Caracter\u00edsticas:<\/b><\/strong><\/h2>\n<p><strong><b>Certificado CE<\/b><\/strong><strong><b>, <\/b><\/strong><strong><b>Compatible con RoHS.<\/b><\/strong><\/p>\n<p><strong><b>Ajuste de frecuencia:\u00a0<\/b><\/strong>La frecuencia de salida del controlador se puede ajustar manualmente a la frecuencia de resonancia del alimentador vibratorio para obtener un efecto de alimentaci\u00f3n suave, silencioso y de ahorro de energ\u00eda.<\/p>\n<p><strong><b>Regulaci\u00f3n autom\u00e1tica de voltaje de alta precisi\u00f3n:<\/b><\/strong>\u00a0El circuito interno de regulaci\u00f3n de voltaje digital puede eliminar la variaci\u00f3n de velocidad de alimentaci\u00f3n causada por la fluctuaci\u00f3n del voltaje de la red.<\/p>\n<p><strong><b>Arranque suave regulable en tiempo:<\/b><\/strong>\u00a0El controlador aumentar\u00e1 suavemente el voltaje de salida desde 0 hasta el valor preestablecido cuando se enciende para evitar sacudidas repentinas. El tiempo de arranque suave se puede preestablecer digitalmente.<\/p>\n<p><strong><b>Control de encendido\/apagado del sensor de interruptor:\u00a0<\/b><\/strong>Se puede conectar 1 sensor de interruptor NPN o PLC para encender\/apagar el controlador.<\/p>\n<p><strong><b>Control de encendido\/apagado del sensor fotoel\u00e9ctrico:<\/b><\/strong>\u00a0El sensor fotoel\u00e9ctrico inteligente CUH se puede conectar para encender\/apagar el controlador.<\/p>\n<p><strong><b>Control remoto de velocidad:<\/b><\/strong>\u00a0El voltaje de salida del controlador se puede ajustar de forma remota mediante un potenci\u00f3metro externo, un PLC o una se\u00f1al de 1-5 V CC.<\/p>\n<p><strong><b>Salida de control de CC:<\/b><\/strong>\u00a0El controlador puede generar energ\u00eda CC de bajo voltaje asociada con el control de encendido\/apagado del controlador para accionar un solenoide u otros dispositivos externos.<\/p>\n<p><strong><b>Bloqueo del teclado:<\/b><\/strong>\u00a0Bloquee todos los botones del teclado para evitar un funcionamiento incorrecto presionando el bot\u00f3n ON\/OFF y manteni\u00e9ndolo presionado durante 2 segundos.<\/p>\n<p><strong><b>Protecci\u00f3n contra sobrecalentamiento:\u00a0<\/b><\/strong>Si la temperatura interna del controlador es demasiado alta, el controlador detendr\u00e1 su salida para protegerse.<\/p>\n<p><strong><b>Protecci\u00f3n contra sobrecorriente:<\/b><\/strong>\u00a0Si la corriente de salida excede su valor nominal, el controlador detendr\u00e1 su salida para protegerse a s\u00ed mismo y a la carga.<\/p>\n<p><strong><b>Protecci\u00f3n contra cortocircuitos restaurable:<\/b><\/strong>\u00a0Si se produce un cortocircuito en la salida del controlador, este apagar\u00e1 su salida para protegerse a s\u00ed mismo y a la carga, pero el fusible interno no se fundir\u00e1. Por lo tanto, cuando no haya un cortocircuito en el lado de salida, el controlador volver\u00e1 a funcionar despu\u00e9s de encenderlo.<\/p>\n<p><strong><b>Voltaje de salida m\u00e1ximo ajustable:<\/b><\/strong>\u00a0El voltaje de salida m\u00e1ximo ajustable se puede preestablecer para proteger la carga contra da\u00f1os causados por un voltaje demasiado alto.<\/p>\n<h2><strong><b>Accesorios est\u00e1ndar:<\/b><\/strong><\/h2>\n<p>Cable de alimentaci\u00f3n de entrada (1,5 m) *1<\/p>\n<p>Cable de alimentaci\u00f3n de salida (1,5 m) * 1<\/p>\n<p>Observaci\u00f3n: El cable de alimentaci\u00f3n de entrada se puede personalizar para adaptarse a la toma de corriente de su pa\u00eds.<\/p>\n<h2><strong><b>Accesorios opcionales:<\/b><\/strong><\/h2>\n<p>Sensor fotoel\u00e9ctrico inteligente (1,5 m)<\/p>\n<h2 class=\"p\"><strong><span class=\"15\">Dimensiones y peso:<\/span><\/strong><\/h2>\n<p class=\"p\">Dimensiones: 190 x 53,6 x 94,5 (largo x ancho x alto, mm)<\/p>\n<p class=\"p\">Peso: SDVC31-S: 610 g (sin accesorios)<\/p>\n<h2><strong><b>Especificaciones t\u00e9cnicas<\/b><\/strong><\/h2>\n<table width=\"710\">\n<tbody>\n<tr>\n<td rowspan=\"2\" width=\"242\">Art\u00edculo<\/td>\n<td colspan=\"3\" width=\"216\">Rango<\/td>\n<td rowspan=\"2\" width=\"72\">Unidad<\/td>\n<td rowspan=\"2\" width=\"180\">Descripci\u00f3n<\/td>\n<\/tr>\n<tr>\n<td width=\"72\">M\u00ednimo<\/td>\n<td width=\"72\">T\u00edpico<\/td>\n<td width=\"72\">M\u00e1ximo<\/td>\n<\/tr>\n<tr>\n<td width=\"242\">Voltaje de entrada<\/td>\n<td width=\"72\">85<\/td>\n<td width=\"72\">220<\/td>\n<td width=\"72\">260<\/td>\n<td width=\"72\">V<\/td>\n<td width=\"180\">RMS AV<\/td>\n<\/tr>\n<tr>\n<td width=\"242\">Rango de voltaje de salida ajustable<\/td>\n<td width=\"72\">0<\/td>\n<td width=\"72\">&#8212;<\/td>\n<td width=\"72\">260<\/td>\n<td width=\"72\">V<\/td>\n<td width=\"180\">Voltaje de entrada inferior a 150%<\/td>\n<\/tr>\n<tr>\n<td width=\"242\">Precisi\u00f3n del ajuste de voltaje<\/td>\n<td colspan=\"3\" width=\"216\">1<\/td>\n<td width=\"72\">V<\/td>\n<td width=\"180\"><\/td>\n<\/tr>\n<tr>\n<td width=\"242\">Precisi\u00f3n de la regulaci\u00f3n de voltaje<\/td>\n<td width=\"72\">0<\/td>\n<td width=\"72\">&#8212;<\/td>\n<td width=\"72\">10<\/td>\n<td width=\"72\">%<\/td>\n<td width=\"180\">\u25b3Vsalida\/\u25b3Vin<\/td>\n<\/tr>\n<tr>\n<td width=\"242\">Tiempo de respuesta de la regulaci\u00f3n de voltaje<\/td>\n<td width=\"72\">0.0025<\/td>\n<td width=\"72\">&#8212;<\/td>\n<td width=\"72\">0.025<\/td>\n<td width=\"72\">s<\/td>\n<td width=\"180\">el per\u00edodo de voltaje de salida<\/td>\n<\/tr>\n<tr>\n<td rowspan=\"2\" width=\"242\">Rango de corriente de salida ajustable<\/td>\n<td width=\"72\">0<\/td>\n<td width=\"72\">&#8212;<\/td>\n<td width=\"72\">1.5<\/td>\n<td width=\"72\">A<\/td>\n<td width=\"180\">Bajo consumo<\/td>\n<\/tr>\n<tr>\n<td width=\"72\">0<\/td>\n<td width=\"72\">&#8212;<\/td>\n<td width=\"72\">3<\/td>\n<td width=\"72\">A<\/td>\n<td width=\"180\">Potencia media<\/td>\n<\/tr>\n<tr>\n<td rowspan=\"2\" width=\"242\">Potencia de salida<\/td>\n<td width=\"72\">0<\/td>\n<td width=\"72\">&#8212;<\/td>\n<td width=\"72\">330<\/td>\n<td width=\"72\">Virginia<\/td>\n<td width=\"180\">Bajo consumo<\/td>\n<\/tr>\n<tr>\n<td width=\"72\">0<\/td>\n<td width=\"72\">&#8212;<\/td>\n<td width=\"72\">660<\/td>\n<td width=\"72\">Virginia<\/td>\n<td width=\"180\">Potencia media<\/td>\n<\/tr>\n<tr>\n<td width=\"242\">Frecuencia de salida<\/td>\n<td width=\"72\">40<\/td>\n<td width=\"72\">&#8212;<\/td>\n<td width=\"72\">400<\/td>\n<td width=\"72\">Hz<\/td>\n<td width=\"180\"><\/td>\n<\/tr>\n<tr>\n<td width=\"242\">Precisi\u00f3n del ajuste de frecuencia<\/td>\n<td colspan=\"3\" width=\"216\">0.1<\/td>\n<td width=\"72\">Hz<\/td>\n<td width=\"180\"><\/td>\n<\/tr>\n<tr>\n<td width=\"242\">Forma de onda de salida<\/td>\n<td colspan=\"3\" width=\"216\">seno<\/td>\n<td width=\"72\"><\/td>\n<td width=\"180\"><\/td>\n<\/tr>\n<tr>\n<td width=\"242\">Tiempo de arranque suave<\/td>\n<td width=\"72\">0<\/td>\n<td width=\"72\">&#8212;<\/td>\n<td width=\"72\">10<\/td>\n<td width=\"72\">s<\/td>\n<td width=\"180\">Valor predeterminado de f\u00e1brica: 0,5<\/td>\n<\/tr>\n<tr>\n<td width=\"242\">Intervalo de tiempo de retardo de encendido\/apagado<\/td>\n<td width=\"72\">0<\/td>\n<td width=\"72\">&#8212;<\/td>\n<td width=\"72\">20<\/td>\n<td width=\"72\">s<\/td>\n<td width=\"180\">Valor predeterminado de f\u00e1brica: 0,2<\/td>\n<\/tr>\n<tr>\n<td width=\"242\">Precisi\u00f3n del tiempo de retardo de encendido y apagado<\/td>\n<td colspan=\"3\" width=\"216\">0.1<\/td>\n<td width=\"72\">s<\/td>\n<td width=\"180\"><\/td>\n<\/tr>\n<tr>\n<td width=\"242\">Temperatura de activaci\u00f3n de la protecci\u00f3n contra sobrecalentamiento<\/td>\n<td width=\"72\">58<\/td>\n<td width=\"72\">60<\/td>\n<td width=\"72\">66<\/td>\n<td width=\"72\">\u2103<\/td>\n<td width=\"180\"><\/td>\n<\/tr>\n<tr>\n<td width=\"242\">Corriente de salida de control de CC<\/td>\n<td width=\"72\">0<\/td>\n<td width=\"72\">&#8212;<\/td>\n<td width=\"72\">200<\/td>\n<td width=\"72\">mam\u00e1<\/td>\n<td width=\"180\"><\/td>\n<\/tr>\n<tr>\n<td width=\"242\">Se\u00f1al de control anal\u00f3gica<\/td>\n<td colspan=\"3\" width=\"216\">1-5<\/td>\n<td width=\"72\">V<\/td>\n<td width=\"180\">Voltaje de control de velocidad de Rencte<\/td>\n<\/tr>\n<tr>\n<td width=\"242\">Se\u00f1al de control digital<\/td>\n<td colspan=\"3\" width=\"216\">24<\/td>\n<td width=\"72\">V<\/td>\n<td width=\"180\">Se\u00f1al de conmutaci\u00f3n<\/td>\n<\/tr>\n<tr>\n<td width=\"242\">M\u00e9todo de ajuste<\/td>\n<td colspan=\"3\" width=\"216\">6<\/td>\n<td width=\"72\">Bot\u00f3n<\/td>\n<td width=\"180\"><\/td>\n<\/tr>\n<tr>\n<td width=\"242\">Consumo de energ\u00eda en modo de espera<\/td>\n<td width=\"72\">&#8212;<\/td>\n<td width=\"72\">3<\/td>\n<td width=\"72\"><\/td>\n<td width=\"72\">Yo<\/td>\n<td width=\"180\"><\/td>\n<\/tr>\n<tr>\n<td width=\"242\">M\u00e9todo de visualizaci\u00f3n<\/td>\n<td colspan=\"3\" width=\"216\">5<\/td>\n<td width=\"72\">D\u00edgito<\/td>\n<td width=\"180\">Tubos digitales LED<\/td>\n<\/tr>\n<tr>\n<td width=\"242\">Temperatura ambiente<\/td>\n<td width=\"72\">0<\/td>\n<td width=\"72\">25<\/td>\n<td width=\"72\">40<\/td>\n<td width=\"72\">\u2103<\/td>\n<td rowspan=\"2\" width=\"180\">Sin condensaci\u00f3n<\/td>\n<\/tr>\n<tr>\n<td width=\"242\">Humedad ambiental<\/td>\n<td width=\"72\">10<\/td>\n<td width=\"72\">60<\/td>\n<td width=\"72\">85<\/td>\n<td width=\"72\">%<\/td>\n<\/tr>\n<\/tbody>\n<\/table>","protected":false},"excerpt":{"rendered":"<p>El controlador del alimentador vibratorio SDVC31-XLR: con certificaci\u00f3n CE, ofrece ajuste de frecuencia manual para una alimentaci\u00f3n suave y regulaci\u00f3n autom\u00e1tica de voltaje para estabilidad.<\/p>\n<p>Cuenta con arranque suave, controles de sensores y protecciones de seguridad. Incluye cables est\u00e1ndar.<\/p>\n<p>Dimensiones: 190<em>53.6<\/em>94,5 mm; Peso: 610 g (sin accesorios).<\/p>","protected":false},"featured_media":1980,"comment_status":"open","ping_status":"closed","template":"","meta":[],"product_cat":[45],"product_tag":[],"yoast_head":"<!-- This site is optimized with the Yoast SEO plugin v22.2 - https:\/\/yoast.com\/wordpress\/plugins\/seo\/ -->\n<title>Vibratory Bowl Feeder Controller SDVC31-XLR - SWOER<\/title>\n<meta name=\"robots\" content=\"index, follow, max-snippet:-1, max-image-preview:large, max-video-preview:-1\" \/>\n<link rel=\"canonical\" href=\"https:\/\/swoer.com\/es_es\/manufacturer\/vibratory-bowl-feeder-controller-sdvc31-xlr\/\" \/>\n<meta property=\"og:locale\" content=\"es_ES\" \/>\n<meta property=\"og:type\" content=\"article\" \/>\n<meta property=\"og:title\" content=\"Vibratory Bowl Feeder Controller SDVC31-XLR - SWOER\" \/>\n<meta property=\"og:description\" content=\"The vibratory bowl feeder controller SDVC31-XLR: CE-certified, it offers manual frequency adjustment for smooth feeding and automatic voltage regulation for stability.  Features soft start, sensor controls, and safety protections. Includes standard cables.  Dimensions: 19053.694.5mm; Weight: 610g (without accessories).\" \/>\n<meta property=\"og:url\" content=\"https:\/\/swoer.com\/es_es\/manufacturer\/vibratory-bowl-feeder-controller-sdvc31-xlr\/\" \/>\n<meta property=\"og:site_name\" content=\"SWOER\" \/>\n<meta property=\"article:modified_time\" content=\"2024-04-13T09:01:56+00:00\" \/>\n<meta property=\"og:image\" content=\"https:\/\/swoer.com\/wp-content\/uploads\/2024\/04\/vibratory-bowl-feeder-controller-SDVC31-XLR.webp\" \/>\n\t<meta property=\"og:image:width\" content=\"1000\" \/>\n\t<meta property=\"og:image:height\" content=\"1000\" \/>\n\t<meta property=\"og:image:type\" content=\"image\/webp\" \/>\n<meta name=\"twitter:card\" content=\"summary_large_image\" \/>\n<meta name=\"twitter:label1\" content=\"Tiempo de lectura\" \/>\n\t<meta name=\"twitter:data1\" content=\"3 minutos\" \/>\n<script type=\"application\/ld+json\" class=\"yoast-schema-graph\">{\"@context\":\"https:\/\/schema.org\",\"@graph\":[{\"@type\":\"WebPage\",\"@id\":\"https:\/\/swoer.com\/manufacturer\/vibratory-bowl-feeder-controller-sdvc31-xlr\/\",\"url\":\"https:\/\/swoer.com\/manufacturer\/vibratory-bowl-feeder-controller-sdvc31-xlr\/\",\"name\":\"Vibratory Bowl Feeder Controller SDVC31-XLR - SWOER\",\"isPartOf\":{\"@id\":\"https:\/\/swoer.com\/#website\"},\"primaryImageOfPage\":{\"@id\":\"https:\/\/swoer.com\/manufacturer\/vibratory-bowl-feeder-controller-sdvc31-xlr\/#primaryimage\"},\"image\":{\"@id\":\"https:\/\/swoer.com\/manufacturer\/vibratory-bowl-feeder-controller-sdvc31-xlr\/#primaryimage\"},\"thumbnailUrl\":\"https:\/\/swoer.com\/wp-content\/uploads\/2024\/04\/vibratory-bowl-feeder-controller-SDVC31-XLR.webp\",\"datePublished\":\"2024-04-13T07:33:22+00:00\",\"dateModified\":\"2024-04-13T09:01:56+00:00\",\"breadcrumb\":{\"@id\":\"https:\/\/swoer.com\/manufacturer\/vibratory-bowl-feeder-controller-sdvc31-xlr\/#breadcrumb\"},\"inLanguage\":\"es\",\"potentialAction\":[{\"@type\":\"ReadAction\",\"target\":[\"https:\/\/swoer.com\/manufacturer\/vibratory-bowl-feeder-controller-sdvc31-xlr\/\"]}]},{\"@type\":\"ImageObject\",\"inLanguage\":\"es\",\"@id\":\"https:\/\/swoer.com\/manufacturer\/vibratory-bowl-feeder-controller-sdvc31-xlr\/#primaryimage\",\"url\":\"https:\/\/swoer.com\/wp-content\/uploads\/2024\/04\/vibratory-bowl-feeder-controller-SDVC31-XLR.webp\",\"contentUrl\":\"https:\/\/swoer.com\/wp-content\/uploads\/2024\/04\/vibratory-bowl-feeder-controller-SDVC31-XLR.webp\",\"width\":1000,\"height\":1000,\"caption\":\"vibratory bowl feeder controller SDVC31-XLR\"},{\"@type\":\"BreadcrumbList\",\"@id\":\"https:\/\/swoer.com\/manufacturer\/vibratory-bowl-feeder-controller-sdvc31-xlr\/#breadcrumb\",\"itemListElement\":[{\"@type\":\"ListItem\",\"position\":1,\"name\":\"Home\",\"item\":\"https:\/\/swoer.com\/\"},{\"@type\":\"ListItem\",\"position\":2,\"name\":\"Shop\",\"item\":\"https:\/\/swoer.com\/shop\/\"},{\"@type\":\"ListItem\",\"position\":3,\"name\":\"Vibratory Bowl Feeder Controller SDVC31-XLR\"}]},{\"@type\":\"WebSite\",\"@id\":\"https:\/\/swoer.com\/#website\",\"url\":\"https:\/\/swoer.com\/\",\"name\":\"SWOER\",\"description\":\"Swoer is the top 3 vibratory bowl feeder manufacturer in China\",\"potentialAction\":[{\"@type\":\"SearchAction\",\"target\":{\"@type\":\"EntryPoint\",\"urlTemplate\":\"https:\/\/swoer.com\/?s={search_term_string}\"},\"query-input\":\"required name=search_term_string\"}],\"inLanguage\":\"es\"}]}<\/script>\n<!-- \/ Yoast SEO plugin. -->","yoast_head_json":{"title":"Vibratory Bowl Feeder Controller SDVC31-XLR - SWOER","robots":{"index":"index","follow":"follow","max-snippet":"max-snippet:-1","max-image-preview":"max-image-preview:large","max-video-preview":"max-video-preview:-1"},"canonical":"https:\/\/swoer.com\/es_es\/manufacturer\/vibratory-bowl-feeder-controller-sdvc31-xlr\/","og_locale":"es_ES","og_type":"article","og_title":"Vibratory Bowl Feeder Controller SDVC31-XLR - SWOER","og_description":"The vibratory bowl feeder controller SDVC31-XLR: CE-certified, it offers manual frequency adjustment for smooth feeding and automatic voltage regulation for stability.  Features soft start, sensor controls, and safety protections. Includes standard cables.  Dimensions: 19053.694.5mm; Weight: 610g (without accessories).","og_url":"https:\/\/swoer.com\/es_es\/manufacturer\/vibratory-bowl-feeder-controller-sdvc31-xlr\/","og_site_name":"SWOER","article_modified_time":"2024-04-13T09:01:56+00:00","og_image":[{"width":1000,"height":1000,"url":"https:\/\/swoer.com\/wp-content\/uploads\/2024\/04\/vibratory-bowl-feeder-controller-SDVC31-XLR.webp","type":"image\/webp"}],"twitter_card":"summary_large_image","twitter_misc":{"Tiempo de lectura":"3 minutos"},"schema":{"@context":"https:\/\/schema.org","@graph":[{"@type":"WebPage","@id":"https:\/\/swoer.com\/manufacturer\/vibratory-bowl-feeder-controller-sdvc31-xlr\/","url":"https:\/\/swoer.com\/manufacturer\/vibratory-bowl-feeder-controller-sdvc31-xlr\/","name":"Vibratory Bowl Feeder Controller SDVC31-XLR - SWOER","isPartOf":{"@id":"https:\/\/swoer.com\/#website"},"primaryImageOfPage":{"@id":"https:\/\/swoer.com\/manufacturer\/vibratory-bowl-feeder-controller-sdvc31-xlr\/#primaryimage"},"image":{"@id":"https:\/\/swoer.com\/manufacturer\/vibratory-bowl-feeder-controller-sdvc31-xlr\/#primaryimage"},"thumbnailUrl":"https:\/\/swoer.com\/wp-content\/uploads\/2024\/04\/vibratory-bowl-feeder-controller-SDVC31-XLR.webp","datePublished":"2024-04-13T07:33:22+00:00","dateModified":"2024-04-13T09:01:56+00:00","breadcrumb":{"@id":"https:\/\/swoer.com\/manufacturer\/vibratory-bowl-feeder-controller-sdvc31-xlr\/#breadcrumb"},"inLanguage":"es","potentialAction":[{"@type":"ReadAction","target":["https:\/\/swoer.com\/manufacturer\/vibratory-bowl-feeder-controller-sdvc31-xlr\/"]}]},{"@type":"ImageObject","inLanguage":"es","@id":"https:\/\/swoer.com\/manufacturer\/vibratory-bowl-feeder-controller-sdvc31-xlr\/#primaryimage","url":"https:\/\/swoer.com\/wp-content\/uploads\/2024\/04\/vibratory-bowl-feeder-controller-SDVC31-XLR.webp","contentUrl":"https:\/\/swoer.com\/wp-content\/uploads\/2024\/04\/vibratory-bowl-feeder-controller-SDVC31-XLR.webp","width":1000,"height":1000,"caption":"vibratory bowl feeder controller SDVC31-XLR"},{"@type":"BreadcrumbList","@id":"https:\/\/swoer.com\/manufacturer\/vibratory-bowl-feeder-controller-sdvc31-xlr\/#breadcrumb","itemListElement":[{"@type":"ListItem","position":1,"name":"Home","item":"https:\/\/swoer.com\/"},{"@type":"ListItem","position":2,"name":"Shop","item":"https:\/\/swoer.com\/shop\/"},{"@type":"ListItem","position":3,"name":"Vibratory Bowl Feeder Controller SDVC31-XLR"}]},{"@type":"WebSite","@id":"https:\/\/swoer.com\/#website","url":"https:\/\/swoer.com\/","name":"SWOER","description":"Swoer is the top 3 vibratory bowl feeder manufacturer in China","potentialAction":[{"@type":"SearchAction","target":{"@type":"EntryPoint","urlTemplate":"https:\/\/swoer.com\/?s={search_term_string}"},"query-input":"required name=search_term_string"}],"inLanguage":"es"}]}},"_links":{"self":[{"href":"https:\/\/swoer.com\/es_es\/wp-json\/wp\/v2\/product\/1979"}],"collection":[{"href":"https:\/\/swoer.com\/es_es\/wp-json\/wp\/v2\/product"}],"about":[{"href":"https:\/\/swoer.com\/es_es\/wp-json\/wp\/v2\/types\/product"}],"replies":[{"embeddable":true,"href":"https:\/\/swoer.com\/es_es\/wp-json\/wp\/v2\/comments?post=1979"}],"wp:featuredmedia":[{"embeddable":true,"href":"https:\/\/swoer.com\/es_es\/wp-json\/wp\/v2\/media\/1980"}],"wp:attachment":[{"href":"https:\/\/swoer.com\/es_es\/wp-json\/wp\/v2\/media?parent=1979"}],"wp:term":[{"taxonomy":"product_cat","embeddable":true,"href":"https:\/\/swoer.com\/es_es\/wp-json\/wp\/v2\/product_cat?post=1979"},{"taxonomy":"product_tag","embeddable":true,"href":"https:\/\/swoer.com\/es_es\/wp-json\/wp\/v2\/product_tag?post=1979"}],"curies":[{"name":"wp","href":"https:\/\/api.w.org\/{rel}","templated":true}]}}