{"id":1839,"date":"2024-04-02T08:27:07","date_gmt":"2024-04-02T08:27:07","guid":{"rendered":"https:\/\/lightgrey-porpoise-816575.hostingersite.com\/?post_type=product&#038;p=1839"},"modified":"2024-07-31T09:05:56","modified_gmt":"2024-07-31T01:05:56","slug":"automatic-riveting-machine","status":"publish","type":"product","link":"https:\/\/swoer.com\/es_es\/manufacturer\/automatic-riveting-machine\/","title":{"rendered":"Maquina remachadora automatica"},"content":{"rendered":"<p data-sourcepos=\"3:1-3:9\">La remachadora autom\u00e1tica SWOER es un sistema avanzado que transfiere autom\u00e1ticamente los remaches a la boquilla de extracci\u00f3n de clavos. Dise\u00f1amos esta m\u00e1quina para llenar vac\u00edos cr\u00edticos en la industria de China y ha obtenido numerosas patentes. El uso de esta m\u00e1quina puede ahorrarle a su empresa m\u00e1s de 30% en costos de mano de obra.<\/p>\n<p data-sourcepos=\"5:1-5:135\">A diferencia de otras remachadoras autom\u00e1ticas, el modelo SWOER funciona de una manera distinta. Mientras que las m\u00e1quinas convencionales requieren la colocaci\u00f3n manual de remaches y el control de la boca del ca\u00f1\u00f3n, y dependen de la presi\u00f3n negativa para la entrada de los remaches, la remachadora autom\u00e1tica SWOER, por el contrario, ofrece un enfoque automatizado. Nuestra m\u00e1quina utiliza aire comprimido para transportar los remaches directamente a la boca de la pistola de clavos mediante la disposici\u00f3n y separaci\u00f3n automatizadas de los remaches. Al adoptar la remachadora autom\u00e1tica SWOER, puede transformar las operaciones de clavado manuales que requieren mucha mano de obra en procesos automatizados o no tripulados, lo que marca un avance tecnol\u00f3gico significativo en la industria de las clavadoras.<\/p>\n\t<div id=\"gap-2118257534\" class=\"gap-element clearfix\" style=\"display:block; height:auto;\">\n\t\t\n<style>\n#gap-2118257534 {\n  padding-top: 30px;\n}\n<\/style>\n\t<\/div>\n\t\n<h2><strong>Especificaci\u00f3n:<\/strong><\/h2>\n\t<div id=\"text-3960205482\" class=\"text\">\n\t\t\n<table style=\"border-collapse: collapse; width: 432.77pt;\" border=\"0\" width=\"577\" cellspacing=\"0\" cellpadding=\"0\">\n<tbody>\n<tr style=\"height: 15.00pt;\">\n<td class=\"et2\" style=\"height: 15.00pt; width: 206.25pt;\" width=\"275\" height=\"20\">Art\u00edculo<\/td>\n<td class=\"et2\" style=\"width: 226.50pt;\" width=\"302\">Valor<\/td>\n<\/tr>\n<tr style=\"height: 15.00pt;\">\n<td class=\"et2\" style=\"height: 15.00pt; width: 206.25pt;\" width=\"275\" height=\"20\">N\u00famero de modelo<\/td>\n<td class=\"et2\" style=\"width: 226.50pt;\" width=\"302\">SW-1000A<\/td>\n<\/tr>\n<tr style=\"height: 15.00pt;\">\n<td class=\"et2\" style=\"height: 15.00pt; width: 206.25pt;\" width=\"275\" height=\"20\">Garant\u00eda<\/td>\n<td class=\"et2\" style=\"width: 226.50pt;\" width=\"302\">1 a\u00f1o<\/td>\n<\/tr>\n<tr style=\"height: 15.00pt;\">\n<td class=\"et2\" style=\"height: 15.00pt; width: 206.25pt;\" width=\"275\" height=\"20\">Velocidad sin carga<\/td>\n<td class=\"et3\" style=\"width: 226.50pt;\" width=\"302\">0<\/td>\n<\/tr>\n<tr style=\"height: 15.00pt;\">\n<td class=\"et2\" style=\"height: 15.00pt; width: 206.25pt;\" width=\"275\" height=\"20\">Soporte personalizado<\/td>\n<td class=\"et2\" style=\"width: 226.50pt;\" width=\"302\">Fabricante de equipos originales (OEM)<\/td>\n<\/tr>\n<tr style=\"height: 15.00pt;\">\n<td class=\"et2\" style=\"height: 15.00pt; width: 206.25pt;\" width=\"275\" height=\"20\">Lugar de origen<\/td>\n<td class=\"et2\" style=\"width: 226.50pt;\" width=\"302\">Porcelana<\/td>\n<\/tr>\n<tr style=\"height: 15.00pt;\">\n<td class=\"et2\" style=\"height: 15.00pt; width: 206.25pt;\" width=\"275\" height=\"20\">Nombre<\/td>\n<td class=\"et2\" style=\"width: 226.50pt;\" width=\"302\">Maquina remachadora automatica<\/td>\n<\/tr>\n<tr style=\"height: 15.00pt;\">\n<td class=\"et2\" style=\"height: 15.00pt; width: 206.25pt;\" width=\"275\" height=\"20\">Color<\/td>\n<td class=\"et2\" style=\"width: 226.50pt;\" width=\"302\">P\u00e1lido<\/td>\n<\/tr>\n<tr style=\"height: 15.00pt;\">\n<td class=\"et2\" style=\"height: 15.00pt; width: 206.25pt;\" width=\"275\" height=\"20\">Peso<\/td>\n<td class=\"et2\" style=\"width: 226.50pt;\" width=\"302\">50 kg<\/td>\n<\/tr>\n<tr style=\"height: 15.00pt;\">\n<td class=\"et2\" style=\"height: 15.00pt; width: 206.25pt;\" width=\"275\" height=\"20\">Velocidad de alimentaci\u00f3n de las u\u00f1as<\/td>\n<td class=\"et2\" style=\"width: 226.50pt;\" width=\"302\">60~120 piezas\/min<\/td>\n<\/tr>\n<tr style=\"height: 15.00pt;\">\n<td class=\"et2\" style=\"height: 15.00pt; width: 206.25pt;\" width=\"275\" height=\"20\">Presi\u00f3n<\/td>\n<td class=\"et2\" style=\"width: 226.50pt;\" width=\"302\">5,5 ~ 6,5 bares<\/td>\n<\/tr>\n<tr style=\"height: 15.00pt;\">\n<td class=\"et2\" style=\"height: 15.00pt; width: 206.25pt;\" width=\"275\" height=\"20\">Tama\u00f1o del chasis<\/td>\n<td class=\"et2\" style=\"width: 226.50pt;\" width=\"302\">530*360*380 mm<\/td>\n<\/tr>\n<\/tbody>\n<\/table>\n\t\t\n<style>\n#text-3960205482 {\n  font-size: 1.15rem;\n  line-height: 3;\n}\n<\/style>\n\t<\/div>\n\t\n\t<div id=\"gap-1716066185\" class=\"gap-element clearfix\" style=\"display:block; height:auto;\">\n\t\t\n<style>\n#gap-1716066185 {\n  padding-top: 30px;\n}\n<\/style>\n\t<\/div>\n\t\n<h3><strong>La remachadora autom\u00e1tica SWOER consta de dos componentes principales: el motor principal y los componentes de la pistola de clavos.<\/strong><\/h3>\n<ol>\n<li>El motor principal comprende el sistema de movimiento de la m\u00e1quina, el sistema de control de la m\u00e1quina y el sistema de detecci\u00f3n. La funci\u00f3n del sistema de movimiento de la m\u00e1quina es separar ordenadamente los remaches y transportarlos a la boquilla de la pistola en una direcci\u00f3n espec\u00edfica. Mientras tanto, el sistema de control de la m\u00e1quina gobierna las acciones de varias partes de acuerdo con instrucciones preestablecidas. Al mismo tiempo, el sistema de detecci\u00f3n asegura el funcionamiento estable de la m\u00e1quina mediante los par\u00e1metros programados.<\/li>\n<\/ol>\n<p>2. El componente de la pistola de clavos incluye la pistola de clavos, el mecanismo de recepci\u00f3n de remaches y el mecanismo de recolecci\u00f3n y emisi\u00f3n de se\u00f1ales. Adem\u00e1s, la pistola de clavos, una pistola de clavos autom\u00e1tica est\u00e1ndar disponible en el mercado, sirve como la herramienta principal para las operaciones de clavado, ya sean manuales o autom\u00e1ticas. El mecanismo de recepci\u00f3n de remaches captura y carga los remaches transportados por el motor principal a trav\u00e9s de la tuber\u00eda en el componente de boquilla de remaches, lo que representa la tecnolog\u00eda central de la m\u00e1quina remachadora autom\u00e1tica. Finalmente, el mecanismo de recolecci\u00f3n y emisi\u00f3n de se\u00f1ales, como su nombre lo sugiere, recolecta y emite se\u00f1ales para iniciar el funcionamiento de la m\u00e1quina y completar las tareas.<\/p>\n<h3><strong>Pautas de limpieza y mantenimiento para remachadoras autom\u00e1ticas:<\/strong><\/h3>\n<p><strong>1.<\/strong> Limpie peri\u00f3dicamente el contenedor de u\u00f1as para mantenerlo limpio, utilizando gas a alta presi\u00f3n para eliminar cualquier residuo acumulado en el interior.<\/p>\n<p><strong>2.<\/strong> Limpie peri\u00f3dicamente las pistas de su remachadora para garantizar un funcionamiento suave.<\/p>\n<p><strong>3.<\/strong> Limpie peri\u00f3dicamente el sistema de suministro de clavos para mantener su funcionalidad y considere aplicar grasa para lubricar las partes m\u00f3viles para un rendimiento \u00f3ptimo.<\/p>\n<p><strong>4.<\/strong> Mantenga la limpieza de la superficie exterior de la carcasa de la m\u00e1quina mediante rutinas de limpieza regulares.<\/p>\n<p><strong>5.<\/strong> Evite utilizar la boquilla de la pistola de clavos para golpear piezas de trabajo u otros objetos. Adem\u00e1s, recuerde apagar la m\u00e1quina cuando no est\u00e9 en uso para evitar accidentes.<\/p>","protected":false},"excerpt":{"rendered":"<p>Fabricante y proveedor de remachadoras autom\u00e1ticas personalizadas SWOER en China.<\/p>\n<p>- Cantidad m\u00ednima de pedido: 1 pieza<\/p>\n<p>-Servicio OEM\/ODM ofrecido<\/p>\n<p>-Aceptar personalizaci\u00f3n<\/p>\n<p>Si desea obtener precios de equipos de remachado autom\u00e1tico, p\u00f3ngase en contacto con nosotros.<\/p>","protected":false},"featured_media":1840,"comment_status":"open","ping_status":"closed","template":"","meta":[],"product_cat":[42],"product_tag":[],"yoast_head":"<!-- This site is optimized with the Yoast SEO plugin v22.2 - https:\/\/yoast.com\/wordpress\/plugins\/seo\/ -->\n<title>Automatic Riveting Machine - SWOER<\/title>\n<meta name=\"description\" content=\"Experience advanced automation with SOWER&#039;s riveting machine. Automate rivet transfer, saving over 30% in labor and boosting efficiency.\" \/>\n<meta name=\"robots\" content=\"index, follow, max-snippet:-1, max-image-preview:large, max-video-preview:-1\" \/>\n<link rel=\"canonical\" href=\"https:\/\/swoer.com\/es_es\/manufacturer\/automatic-riveting-machine\/\" \/>\n<meta property=\"og:locale\" content=\"es_ES\" \/>\n<meta property=\"og:type\" content=\"article\" \/>\n<meta property=\"og:title\" content=\"Automatic Riveting Machine - SWOER\" \/>\n<meta property=\"og:description\" content=\"Experience advanced automation with SOWER&#039;s riveting machine. Automate rivet transfer, saving over 30% in labor and boosting efficiency.\" \/>\n<meta property=\"og:url\" content=\"https:\/\/swoer.com\/es_es\/manufacturer\/automatic-riveting-machine\/\" \/>\n<meta property=\"og:site_name\" content=\"SWOER\" \/>\n<meta property=\"article:modified_time\" content=\"2024-07-31T01:05:56+00:00\" \/>\n<meta property=\"og:image\" content=\"https:\/\/swoer.com\/wp-content\/uploads\/2024\/04\/auto-rivet-tools.webp\" \/>\n\t<meta property=\"og:image:width\" content=\"1000\" \/>\n\t<meta property=\"og:image:height\" content=\"1000\" \/>\n\t<meta property=\"og:image:type\" content=\"image\/webp\" \/>\n<meta name=\"twitter:card\" content=\"summary_large_image\" \/>\n<meta name=\"twitter:label1\" content=\"Tiempo de lectura\" \/>\n\t<meta name=\"twitter:data1\" content=\"3 minutos\" \/>\n<script type=\"application\/ld+json\" class=\"yoast-schema-graph\">{\"@context\":\"https:\/\/schema.org\",\"@graph\":[{\"@type\":\"WebPage\",\"@id\":\"https:\/\/swoer.com\/manufacturer\/automatic-riveting-machine\/\",\"url\":\"https:\/\/swoer.com\/manufacturer\/automatic-riveting-machine\/\",\"name\":\"Automatic Riveting Machine - SWOER\",\"isPartOf\":{\"@id\":\"https:\/\/swoer.com\/#website\"},\"primaryImageOfPage\":{\"@id\":\"https:\/\/swoer.com\/manufacturer\/automatic-riveting-machine\/#primaryimage\"},\"image\":{\"@id\":\"https:\/\/swoer.com\/manufacturer\/automatic-riveting-machine\/#primaryimage\"},\"thumbnailUrl\":\"https:\/\/swoer.com\/wp-content\/uploads\/2024\/04\/auto-rivet-tools.webp\",\"datePublished\":\"2024-04-02T08:27:07+00:00\",\"dateModified\":\"2024-07-31T01:05:56+00:00\",\"description\":\"Experience advanced automation with SOWER's riveting machine. Automate rivet transfer, saving over 30% in labor and boosting efficiency.\",\"breadcrumb\":{\"@id\":\"https:\/\/swoer.com\/manufacturer\/automatic-riveting-machine\/#breadcrumb\"},\"inLanguage\":\"es\",\"potentialAction\":[{\"@type\":\"ReadAction\",\"target\":[\"https:\/\/swoer.com\/manufacturer\/automatic-riveting-machine\/\"]}]},{\"@type\":\"ImageObject\",\"inLanguage\":\"es\",\"@id\":\"https:\/\/swoer.com\/manufacturer\/automatic-riveting-machine\/#primaryimage\",\"url\":\"https:\/\/swoer.com\/wp-content\/uploads\/2024\/04\/auto-rivet-tools.webp\",\"contentUrl\":\"https:\/\/swoer.com\/wp-content\/uploads\/2024\/04\/auto-rivet-tools.webp\",\"width\":1000,\"height\":1000,\"caption\":\"auto rivet tools\"},{\"@type\":\"BreadcrumbList\",\"@id\":\"https:\/\/swoer.com\/manufacturer\/automatic-riveting-machine\/#breadcrumb\",\"itemListElement\":[{\"@type\":\"ListItem\",\"position\":1,\"name\":\"Home\",\"item\":\"https:\/\/swoer.com\/\"},{\"@type\":\"ListItem\",\"position\":2,\"name\":\"Shop\",\"item\":\"https:\/\/swoer.com\/shop\/\"},{\"@type\":\"ListItem\",\"position\":3,\"name\":\"Automatic Riveting Machine\"}]},{\"@type\":\"WebSite\",\"@id\":\"https:\/\/swoer.com\/#website\",\"url\":\"https:\/\/swoer.com\/\",\"name\":\"SWOER\",\"description\":\"Swoer is the top 3 vibratory bowl feeder manufacturer in China\",\"potentialAction\":[{\"@type\":\"SearchAction\",\"target\":{\"@type\":\"EntryPoint\",\"urlTemplate\":\"https:\/\/swoer.com\/?s={search_term_string}\"},\"query-input\":\"required name=search_term_string\"}],\"inLanguage\":\"es\"}]}<\/script>\n<!-- \/ Yoast SEO plugin. -->","yoast_head_json":{"title":"Automatic Riveting Machine - SWOER","description":"Experience advanced automation with SOWER's riveting machine. Automate rivet transfer, saving over 30% in labor and boosting efficiency.","robots":{"index":"index","follow":"follow","max-snippet":"max-snippet:-1","max-image-preview":"max-image-preview:large","max-video-preview":"max-video-preview:-1"},"canonical":"https:\/\/swoer.com\/es_es\/manufacturer\/automatic-riveting-machine\/","og_locale":"es_ES","og_type":"article","og_title":"Automatic Riveting Machine - SWOER","og_description":"Experience advanced automation with SOWER's riveting machine. Automate rivet transfer, saving over 30% in labor and boosting efficiency.","og_url":"https:\/\/swoer.com\/es_es\/manufacturer\/automatic-riveting-machine\/","og_site_name":"SWOER","article_modified_time":"2024-07-31T01:05:56+00:00","og_image":[{"width":1000,"height":1000,"url":"https:\/\/swoer.com\/wp-content\/uploads\/2024\/04\/auto-rivet-tools.webp","type":"image\/webp"}],"twitter_card":"summary_large_image","twitter_misc":{"Tiempo de lectura":"3 minutos"},"schema":{"@context":"https:\/\/schema.org","@graph":[{"@type":"WebPage","@id":"https:\/\/swoer.com\/manufacturer\/automatic-riveting-machine\/","url":"https:\/\/swoer.com\/manufacturer\/automatic-riveting-machine\/","name":"Automatic Riveting Machine - SWOER","isPartOf":{"@id":"https:\/\/swoer.com\/#website"},"primaryImageOfPage":{"@id":"https:\/\/swoer.com\/manufacturer\/automatic-riveting-machine\/#primaryimage"},"image":{"@id":"https:\/\/swoer.com\/manufacturer\/automatic-riveting-machine\/#primaryimage"},"thumbnailUrl":"https:\/\/swoer.com\/wp-content\/uploads\/2024\/04\/auto-rivet-tools.webp","datePublished":"2024-04-02T08:27:07+00:00","dateModified":"2024-07-31T01:05:56+00:00","description":"Experience advanced automation with SOWER's riveting machine. Automate rivet transfer, saving over 30% in labor and boosting efficiency.","breadcrumb":{"@id":"https:\/\/swoer.com\/manufacturer\/automatic-riveting-machine\/#breadcrumb"},"inLanguage":"es","potentialAction":[{"@type":"ReadAction","target":["https:\/\/swoer.com\/manufacturer\/automatic-riveting-machine\/"]}]},{"@type":"ImageObject","inLanguage":"es","@id":"https:\/\/swoer.com\/manufacturer\/automatic-riveting-machine\/#primaryimage","url":"https:\/\/swoer.com\/wp-content\/uploads\/2024\/04\/auto-rivet-tools.webp","contentUrl":"https:\/\/swoer.com\/wp-content\/uploads\/2024\/04\/auto-rivet-tools.webp","width":1000,"height":1000,"caption":"auto rivet tools"},{"@type":"BreadcrumbList","@id":"https:\/\/swoer.com\/manufacturer\/automatic-riveting-machine\/#breadcrumb","itemListElement":[{"@type":"ListItem","position":1,"name":"Home","item":"https:\/\/swoer.com\/"},{"@type":"ListItem","position":2,"name":"Shop","item":"https:\/\/swoer.com\/shop\/"},{"@type":"ListItem","position":3,"name":"Automatic Riveting Machine"}]},{"@type":"WebSite","@id":"https:\/\/swoer.com\/#website","url":"https:\/\/swoer.com\/","name":"SWOER","description":"Swoer is the top 3 vibratory bowl feeder manufacturer in China","potentialAction":[{"@type":"SearchAction","target":{"@type":"EntryPoint","urlTemplate":"https:\/\/swoer.com\/?s={search_term_string}"},"query-input":"required name=search_term_string"}],"inLanguage":"es"}]}},"_links":{"self":[{"href":"https:\/\/swoer.com\/es_es\/wp-json\/wp\/v2\/product\/1839"}],"collection":[{"href":"https:\/\/swoer.com\/es_es\/wp-json\/wp\/v2\/product"}],"about":[{"href":"https:\/\/swoer.com\/es_es\/wp-json\/wp\/v2\/types\/product"}],"replies":[{"embeddable":true,"href":"https:\/\/swoer.com\/es_es\/wp-json\/wp\/v2\/comments?post=1839"}],"wp:featuredmedia":[{"embeddable":true,"href":"https:\/\/swoer.com\/es_es\/wp-json\/wp\/v2\/media\/1840"}],"wp:attachment":[{"href":"https:\/\/swoer.com\/es_es\/wp-json\/wp\/v2\/media?parent=1839"}],"wp:term":[{"taxonomy":"product_cat","embeddable":true,"href":"https:\/\/swoer.com\/es_es\/wp-json\/wp\/v2\/product_cat?post=1839"},{"taxonomy":"product_tag","embeddable":true,"href":"https:\/\/swoer.com\/es_es\/wp-json\/wp\/v2\/product_tag?post=1839"}],"curies":[{"name":"wp","href":"https:\/\/api.w.org\/{rel}","templated":true}]}}