{"id":1790,"date":"2024-04-01T03:46:11","date_gmt":"2024-04-01T03:46:11","guid":{"rendered":"https:\/\/lightgrey-porpoise-816575.hostingersite.com\/?post_type=product&#038;p=1790"},"modified":"2024-06-13T00:52:50","modified_gmt":"2024-06-13T00:52:50","slug":"cap-centrifugal-feeder-price","status":"publish","type":"product","link":"https:\/\/swoer.com\/es_es\/manufacturer\/cap-centrifugal-feeder-price\/","title":{"rendered":"Alimentador centr\u00edfugo de agua con tapa | Precio del alimentador centr\u00edfugo de tapa"},"content":{"rendered":"<p>Revolucione su proceso de tapado de botellas de agua con nuestros alimentadores centr\u00edfugos de tapas de agua l\u00edderes en la industria. Nuestros innovadores alimentadores se integran perfectamente en su l\u00ednea de producci\u00f3n, lo que garantiza una orientaci\u00f3n y entrega de tapas precisas y eficientes. Experimente los beneficios de una mayor productividad, un menor tiempo de inactividad y una mejor calidad del producto.<\/p>\n\t<div id=\"gap-969207522\" class=\"gap-element clearfix\" style=\"display:block; height:auto;\">\n\t\t\n<style>\n#gap-969207522 {\n  padding-top: 30px;\n}\n<\/style>\n\t<\/div>\n\t\n<h2>Descripci\u00f3n:<\/h2>\n<table style=\"border-collapse: collapse; width: 488.27pt;\" border=\"0\" width=\"651\" cellspacing=\"0\" cellpadding=\"0\">\n<tbody>\n<tr style=\"height: 30.00pt;\">\n<td class=\"et3\" style=\"height: 30.00pt; width: 210.75pt;\" width=\"281\" height=\"40\">Nombre<\/td>\n<td class=\"et3\" style=\"width: 277.50pt;\" width=\"370\">Precio del alimentador centr\u00edfugo de tapa<\/td>\n<\/tr>\n<tr style=\"height: 29.00pt;\">\n<td class=\"et3\" style=\"height: 29.00pt;\" height=\"38\">Marca<\/td>\n<td class=\"et3\">PALABRAS<\/td>\n<\/tr>\n<tr style=\"height: 25.00pt;\">\n<td class=\"et3\" style=\"height: 25.00pt;\" height=\"33\">Material<\/td>\n<td class=\"et3\">SUS304, Pl\u00e1stico<\/td>\n<\/tr>\n<tr style=\"height: 30.00pt;\">\n<td class=\"et3\" style=\"height: 30.00pt;\" height=\"40\">Tama\u00f1o<\/td>\n<td class=\"et3\">Costumbre<\/td>\n<\/tr>\n<tr style=\"height: 30.00pt;\">\n<td class=\"et3\" style=\"height: 30.00pt;\" height=\"40\">Funci\u00f3n<\/td>\n<td class=\"et3\">Material de transporte<\/td>\n<\/tr>\n<tr style=\"height: 30.00pt;\">\n<td class=\"et3\" style=\"height: 30.00pt;\" height=\"40\">Uso<\/td>\n<td class=\"et3\">Clasificador, conteo<\/td>\n<\/tr>\n<tr style=\"height: 28.00pt;\">\n<td class=\"et3\" style=\"height: 28.00pt;\" height=\"37\">Ventaja<\/td>\n<td class=\"et3\">Ahorrar recursos humanos<\/td>\n<\/tr>\n<tr style=\"height: 32.00pt;\">\n<td class=\"et3\" style=\"height: 32.00pt;\" height=\"42\">Tipo de m\u00e1quina<\/td>\n<td class=\"et3\">Conjunto completo<\/td>\n<\/tr>\n<tr style=\"height: 29.00pt;\">\n<td class=\"et3\" style=\"height: 29.00pt;\" height=\"38\">Art\u00edculo<\/td>\n<td class=\"et3\">Equipo autom\u00e1tico<\/td>\n<\/tr>\n<tr style=\"height: 33.00pt;\">\n<td class=\"et3\" style=\"height: 33.00pt;\" height=\"44\">Industrias aplicables<\/td>\n<td class=\"et3\">Plantas manufactureras, granjas, industria<\/td>\n<\/tr>\n<tr style=\"height: 31.00pt;\">\n<td class=\"et3\" style=\"height: 31.00pt;\" height=\"41\">Servicio posventa proporcionado<\/td>\n<td class=\"et3\">Soporte t\u00e9cnico por video, Soporte en l\u00ednea<\/td>\n<\/tr>\n<\/tbody>\n<\/table>\n\t<div id=\"gap-886730632\" class=\"gap-element clearfix\" style=\"display:block; height:auto;\">\n\t\t\n<style>\n#gap-886730632 {\n  padding-top: 30px;\n}\n<\/style>\n\t<\/div>\n\t\n<h2>Caracter\u00edsticas principales:<\/h2>\n<ul>\n<li><strong>Orientaci\u00f3n precisa de la tapa:<\/strong> Elimine las tapas desalineadas con las capacidades de orientaci\u00f3n precisa de nuestros alimentadores.<\/li>\n<li><strong>Alimentaci\u00f3n de alta velocidad:<\/strong> Consiga la m\u00e1xima producci\u00f3n con las r\u00e1pidas velocidades de entrega de tapas de nuestros alimentadores.<\/li>\n<li><strong>Manejo cuidadoso de la tapa:<\/strong> Preserve la integridad de sus tapas con los mecanismos de manejo suave de nuestros alimentadores.<\/li>\n<li><strong>F\u00e1cil integraci\u00f3n:<\/strong> Integre perfectamente nuestros alimentadores en sus sistemas de tapado existentes.<\/li>\n<\/ul>\n<h2>\u00a0<\/h2>\n<h2>Beneficios:<\/h2>\n<ol>\n<li><strong>Mayor productividad:<\/strong> Aumente la producci\u00f3n de tapado de botellas de agua con el rendimiento eficiente de nuestros alimentadores.<\/li>\n<li><strong>Tiempo de inactividad reducido:<\/strong> Minimice las interrupciones de producci\u00f3n causadas por desalineaci\u00f3n o da\u00f1os en las tapas.<\/li>\n<li><strong>Calidad de producto mejorada:<\/strong> Aseg\u00farese de que las botellas de agua est\u00e9n siempre selladas y a prueba de manipulaciones.<\/li>\n<li><strong>Operaciones optimizadas:<\/strong> Simplifique su proceso de tapado con el dise\u00f1o f\u00e1cil de usar de nuestros alimentadores.<\/li>\n<\/ol>\n<p>\u00a0<\/p>\n<h3>Experimente la superioridad de los alimentadores centr\u00edfugos de tapa de agua<\/h3>\n<p>Nuestros alimentadores centr\u00edfugos para tapas de botellas de agua est\u00e1n dise\u00f1ados meticulosamente para ofrecer un rendimiento y una fiabilidad excepcionales en entornos de producci\u00f3n exigentes. P\u00f3ngase en contacto con nosotros hoy mismo para descubrir c\u00f3mo nuestros alimentadores pueden mejorar sus operaciones de tapado de botellas de agua.<\/p>","protected":false},"excerpt":{"rendered":"<p>Descubra nuestras soluciones profesionales y confiables de alimentaci\u00f3n centr\u00edfuga de tapas: velocidades personalizables adaptadas a sus necesidades, con modelos CAD 3D detallados para una integraci\u00f3n perfecta. Obtenga una eficiencia \u00f3ptima a un precio competitivo.<\/p>","protected":false},"featured_media":1791,"comment_status":"open","ping_status":"closed","template":"","meta":[],"product_cat":[36],"product_tag":[],"yoast_head":"<!-- This site is optimized with the Yoast SEO plugin v22.2 - https:\/\/yoast.com\/wordpress\/plugins\/seo\/ -->\n<title>Centrifugal Water Cap Feeder | Cap Centrifugal Feeder Price - SWOER<\/title>\n<meta name=\"description\" content=\"Optimize your bottling line with our centrifugal water cap feeder. Experience fast, precise, and reliable cap feeding for enhanced productivity and efficiency in your automated operations.\" \/>\n<meta name=\"robots\" content=\"index, follow, max-snippet:-1, max-image-preview:large, max-video-preview:-1\" \/>\n<link rel=\"canonical\" href=\"https:\/\/swoer.com\/es_es\/manufacturer\/cap-centrifugal-feeder-price\/\" \/>\n<meta property=\"og:locale\" content=\"es_ES\" \/>\n<meta property=\"og:type\" content=\"article\" \/>\n<meta property=\"og:title\" content=\"Centrifugal Water Cap Feeder | Cap Centrifugal Feeder Price - SWOER\" \/>\n<meta property=\"og:description\" content=\"Optimize your bottling line with our centrifugal water cap feeder. Experience fast, precise, and reliable cap feeding for enhanced productivity and efficiency in your automated operations.\" \/>\n<meta property=\"og:url\" content=\"https:\/\/swoer.com\/es_es\/manufacturer\/cap-centrifugal-feeder-price\/\" \/>\n<meta property=\"og:site_name\" content=\"SWOER\" \/>\n<meta property=\"article:modified_time\" content=\"2024-06-13T00:52:50+00:00\" \/>\n<meta property=\"og:image\" content=\"https:\/\/swoer.com\/wp-content\/uploads\/2024\/04\/cap-centrifugal-feeder-price.webp\" \/>\n\t<meta property=\"og:image:width\" content=\"1000\" \/>\n\t<meta property=\"og:image:height\" content=\"1000\" \/>\n\t<meta property=\"og:image:type\" content=\"image\/webp\" \/>\n<meta name=\"twitter:card\" content=\"summary_large_image\" \/>\n<meta name=\"twitter:label1\" content=\"Tiempo de lectura\" \/>\n\t<meta name=\"twitter:data1\" content=\"1 minuto\" \/>\n<script type=\"application\/ld+json\" class=\"yoast-schema-graph\">{\"@context\":\"https:\/\/schema.org\",\"@graph\":[{\"@type\":\"WebPage\",\"@id\":\"https:\/\/swoer.com\/manufacturer\/cap-centrifugal-feeder-price\/\",\"url\":\"https:\/\/swoer.com\/manufacturer\/cap-centrifugal-feeder-price\/\",\"name\":\"Centrifugal Water Cap Feeder | Cap Centrifugal Feeder Price - SWOER\",\"isPartOf\":{\"@id\":\"https:\/\/swoer.com\/#website\"},\"primaryImageOfPage\":{\"@id\":\"https:\/\/swoer.com\/manufacturer\/cap-centrifugal-feeder-price\/#primaryimage\"},\"image\":{\"@id\":\"https:\/\/swoer.com\/manufacturer\/cap-centrifugal-feeder-price\/#primaryimage\"},\"thumbnailUrl\":\"https:\/\/swoer.com\/wp-content\/uploads\/2024\/04\/cap-centrifugal-feeder-price.webp\",\"datePublished\":\"2024-04-01T03:46:11+00:00\",\"dateModified\":\"2024-06-13T00:52:50+00:00\",\"description\":\"Optimize your bottling line with our centrifugal water cap feeder. Experience fast, precise, and reliable cap feeding for enhanced productivity and efficiency in your automated operations.\",\"breadcrumb\":{\"@id\":\"https:\/\/swoer.com\/manufacturer\/cap-centrifugal-feeder-price\/#breadcrumb\"},\"inLanguage\":\"es\",\"potentialAction\":[{\"@type\":\"ReadAction\",\"target\":[\"https:\/\/swoer.com\/manufacturer\/cap-centrifugal-feeder-price\/\"]}]},{\"@type\":\"ImageObject\",\"inLanguage\":\"es\",\"@id\":\"https:\/\/swoer.com\/manufacturer\/cap-centrifugal-feeder-price\/#primaryimage\",\"url\":\"https:\/\/swoer.com\/wp-content\/uploads\/2024\/04\/cap-centrifugal-feeder-price.webp\",\"contentUrl\":\"https:\/\/swoer.com\/wp-content\/uploads\/2024\/04\/cap-centrifugal-feeder-price.webp\",\"width\":1000,\"height\":1000,\"caption\":\"cap centrifugal feeder price\"},{\"@type\":\"BreadcrumbList\",\"@id\":\"https:\/\/swoer.com\/manufacturer\/cap-centrifugal-feeder-price\/#breadcrumb\",\"itemListElement\":[{\"@type\":\"ListItem\",\"position\":1,\"name\":\"Home\",\"item\":\"https:\/\/swoer.com\/\"},{\"@type\":\"ListItem\",\"position\":2,\"name\":\"Shop\",\"item\":\"https:\/\/swoer.com\/shop\/\"},{\"@type\":\"ListItem\",\"position\":3,\"name\":\"Centrifugal Water Cap Feeder | Cap Centrifugal Feeder Price\"}]},{\"@type\":\"WebSite\",\"@id\":\"https:\/\/swoer.com\/#website\",\"url\":\"https:\/\/swoer.com\/\",\"name\":\"SWOER\",\"description\":\"Swoer is the top 3 vibratory bowl feeder manufacturer in China\",\"potentialAction\":[{\"@type\":\"SearchAction\",\"target\":{\"@type\":\"EntryPoint\",\"urlTemplate\":\"https:\/\/swoer.com\/?s={search_term_string}\"},\"query-input\":\"required name=search_term_string\"}],\"inLanguage\":\"es\"}]}<\/script>\n<!-- \/ Yoast SEO plugin. -->","yoast_head_json":{"title":"Centrifugal Water Cap Feeder | Cap Centrifugal Feeder Price - SWOER","description":"Optimize your bottling line with our centrifugal water cap feeder. Experience fast, precise, and reliable cap feeding for enhanced productivity and efficiency in your automated operations.","robots":{"index":"index","follow":"follow","max-snippet":"max-snippet:-1","max-image-preview":"max-image-preview:large","max-video-preview":"max-video-preview:-1"},"canonical":"https:\/\/swoer.com\/es_es\/manufacturer\/cap-centrifugal-feeder-price\/","og_locale":"es_ES","og_type":"article","og_title":"Centrifugal Water Cap Feeder | Cap Centrifugal Feeder Price - SWOER","og_description":"Optimize your bottling line with our centrifugal water cap feeder. Experience fast, precise, and reliable cap feeding for enhanced productivity and efficiency in your automated operations.","og_url":"https:\/\/swoer.com\/es_es\/manufacturer\/cap-centrifugal-feeder-price\/","og_site_name":"SWOER","article_modified_time":"2024-06-13T00:52:50+00:00","og_image":[{"width":1000,"height":1000,"url":"https:\/\/swoer.com\/wp-content\/uploads\/2024\/04\/cap-centrifugal-feeder-price.webp","type":"image\/webp"}],"twitter_card":"summary_large_image","twitter_misc":{"Tiempo de lectura":"1 minuto"},"schema":{"@context":"https:\/\/schema.org","@graph":[{"@type":"WebPage","@id":"https:\/\/swoer.com\/manufacturer\/cap-centrifugal-feeder-price\/","url":"https:\/\/swoer.com\/manufacturer\/cap-centrifugal-feeder-price\/","name":"Centrifugal Water Cap Feeder | Cap Centrifugal Feeder Price - SWOER","isPartOf":{"@id":"https:\/\/swoer.com\/#website"},"primaryImageOfPage":{"@id":"https:\/\/swoer.com\/manufacturer\/cap-centrifugal-feeder-price\/#primaryimage"},"image":{"@id":"https:\/\/swoer.com\/manufacturer\/cap-centrifugal-feeder-price\/#primaryimage"},"thumbnailUrl":"https:\/\/swoer.com\/wp-content\/uploads\/2024\/04\/cap-centrifugal-feeder-price.webp","datePublished":"2024-04-01T03:46:11+00:00","dateModified":"2024-06-13T00:52:50+00:00","description":"Optimize your bottling line with our centrifugal water cap feeder. Experience fast, precise, and reliable cap feeding for enhanced productivity and efficiency in your automated operations.","breadcrumb":{"@id":"https:\/\/swoer.com\/manufacturer\/cap-centrifugal-feeder-price\/#breadcrumb"},"inLanguage":"es","potentialAction":[{"@type":"ReadAction","target":["https:\/\/swoer.com\/manufacturer\/cap-centrifugal-feeder-price\/"]}]},{"@type":"ImageObject","inLanguage":"es","@id":"https:\/\/swoer.com\/manufacturer\/cap-centrifugal-feeder-price\/#primaryimage","url":"https:\/\/swoer.com\/wp-content\/uploads\/2024\/04\/cap-centrifugal-feeder-price.webp","contentUrl":"https:\/\/swoer.com\/wp-content\/uploads\/2024\/04\/cap-centrifugal-feeder-price.webp","width":1000,"height":1000,"caption":"cap centrifugal feeder price"},{"@type":"BreadcrumbList","@id":"https:\/\/swoer.com\/manufacturer\/cap-centrifugal-feeder-price\/#breadcrumb","itemListElement":[{"@type":"ListItem","position":1,"name":"Home","item":"https:\/\/swoer.com\/"},{"@type":"ListItem","position":2,"name":"Shop","item":"https:\/\/swoer.com\/shop\/"},{"@type":"ListItem","position":3,"name":"Centrifugal Water Cap Feeder | Cap Centrifugal Feeder Price"}]},{"@type":"WebSite","@id":"https:\/\/swoer.com\/#website","url":"https:\/\/swoer.com\/","name":"SWOER","description":"Swoer is the top 3 vibratory bowl feeder manufacturer in China","potentialAction":[{"@type":"SearchAction","target":{"@type":"EntryPoint","urlTemplate":"https:\/\/swoer.com\/?s={search_term_string}"},"query-input":"required name=search_term_string"}],"inLanguage":"es"}]}},"_links":{"self":[{"href":"https:\/\/swoer.com\/es_es\/wp-json\/wp\/v2\/product\/1790"}],"collection":[{"href":"https:\/\/swoer.com\/es_es\/wp-json\/wp\/v2\/product"}],"about":[{"href":"https:\/\/swoer.com\/es_es\/wp-json\/wp\/v2\/types\/product"}],"replies":[{"embeddable":true,"href":"https:\/\/swoer.com\/es_es\/wp-json\/wp\/v2\/comments?post=1790"}],"wp:featuredmedia":[{"embeddable":true,"href":"https:\/\/swoer.com\/es_es\/wp-json\/wp\/v2\/media\/1791"}],"wp:attachment":[{"href":"https:\/\/swoer.com\/es_es\/wp-json\/wp\/v2\/media?parent=1790"}],"wp:term":[{"taxonomy":"product_cat","embeddable":true,"href":"https:\/\/swoer.com\/es_es\/wp-json\/wp\/v2\/product_cat?post=1790"},{"taxonomy":"product_tag","embeddable":true,"href":"https:\/\/swoer.com\/es_es\/wp-json\/wp\/v2\/product_tag?post=1790"}],"curies":[{"name":"wp","href":"https:\/\/api.w.org\/{rel}","templated":true}]}}