{"id":1738,"date":"2024-03-30T03:53:19","date_gmt":"2024-03-30T03:53:19","guid":{"rendered":"https:\/\/lightgrey-porpoise-816575.hostingersite.com\/?post_type=product&#038;p=1738"},"modified":"2024-08-01T14:20:13","modified_gmt":"2024-08-01T06:20:13","slug":"three-tracks-vibratory-parts-feeder-for-white-caps","status":"publish","type":"product","link":"https:\/\/swoer.com\/es_es\/manufacturer\/three-tracks-vibratory-parts-feeder-for-white-caps\/","title":{"rendered":"Alimentador vibratorio de tres pistas para tapas blancas"},"content":{"rendered":"<p>En SWOER, nos especializamos en adaptar los alimentadores vibratorios de piezas de tres pistas para que se ajusten a las caracter\u00edsticas precisas de las piezas y a los requisitos espec\u00edficos de nuestros clientes. Nuestras soluciones personalizadas garantizan un rendimiento y una precisi\u00f3n \u00f3ptimos en el manejo de tapas blancas y componentes similares.<\/p>\n<p>Adem\u00e1s, ofrecemos precios de f\u00e1brica competitivos, garantizando asequibilidad y manteniendo altos est\u00e1ndares de calidad. Conf\u00ede en SWOER para obtener alimentadores vibratorios de piezas personalizados que se alinean perfectamente con sus necesidades y limitaciones presupuestarias.<\/p>\n\t<div id=\"gap-1732968891\" class=\"gap-element clearfix\" style=\"display:block; height:auto;\">\n\t\t\n<style>\n#gap-1732968891 {\n  padding-top: 30px;\n}\n<\/style>\n\t<\/div>\n\t\n<h2>Par\u00e1metros del comedero tipo cuenco:<\/h2>\n<table width=\"684\">\n<tbody>\n<tr>\n<td width=\"183\">Nombre del producto<\/td>\n<td width=\"501\">Alimentador vibratorio de tres pistas para tapas blancas<\/td>\n<\/tr>\n<tr>\n<td>Material<\/td>\n<td>\u00a0SUS201\/304<\/td>\n<\/tr>\n<tr>\n<td>Especialidad del material<\/td>\n<td>Aleaci\u00f3n de forja con tratamiento en fr\u00edo, alta resistencia, alta dureza.<\/td>\n<\/tr>\n<tr>\n<td>Voltaje<\/td>\n<td>220 V<\/td>\n<\/tr>\n<tr>\n<td>Fuerza<\/td>\n<td>65 W\/150 W\/180 W\/220 W\/350 W<\/td>\n<\/tr>\n<tr>\n<td>Autenticaci\u00f3n<\/td>\n<td>Certificaci\u00f3n CE, RoHS, ISO9001<\/td>\n<\/tr>\n<tr>\n<td>Garant\u00eda<\/td>\n<td>1 a\u00f1o de garant\u00eda<\/td>\n<\/tr>\n<tr>\n<td>Cantidad m\u00ednima de pedido<\/td>\n<td>1 juego<\/td>\n<\/tr>\n<tr>\n<td>Plazo de entrega<\/td>\n<td>10-14 d\u00edas<\/td>\n<\/tr>\n<tr>\n<td>Plazo de pago<\/td>\n<td>T\/T 40% Dep\u00f3sito y saldo antes del env\u00edo<\/td>\n<\/tr>\n<tr>\n<td>Original del lugar<\/td>\n<td>Porcelana<\/td>\n<\/tr>\n<\/tbody>\n<\/table>\n\t<div id=\"gap-72763\" class=\"gap-element clearfix\" style=\"display:block; height:auto;\">\n\t\t\n<style>\n#gap-72763 {\n  padding-top: 30px;\n}\n<\/style>\n\t<\/div>\n\t\n<h2>Detalles de la gorra blanca:<\/h2>\n\t<div class=\"img has-hover x md-x lg-x y md-y lg-y\" id=\"image_1803244967\">\n\t\t\t\t\t\t\t\t<div class=\"img-inner dark\" >\n\t\t\t<img loading=\"lazy\" decoding=\"async\" width=\"104\" height=\"150\" src=\"https:\/\/swoer.com\/wp-content\/uploads\/2024\/03\/white-cap-detail-104x150.webp\" class=\"attachment-thumbnail size-thumbnail\" alt=\"Detalle de gorra blanca\" \/>\t\t\t\t\t\t\n\t\t\t\t\t<\/div>\n\t\t\t\t\t\t\t\t\n<style>\n#image_1803244967 {\n  width: 25%;\n}\n<\/style>\n\t<\/div>\n\t\n\t<div id=\"gap-750728630\" class=\"gap-element clearfix\" style=\"display:block; height:auto;\">\n\t\t\n<style>\n#gap-750728630 {\n  padding-top: 30px;\n}\n<\/style>\n\t<\/div>\n\t\n<h3><strong>Por favor, facil\u00edtenos los siguientes detalles para sus necesidades:<\/strong><\/h3>\n<ul>\n<li><strong>Detalles del componente<\/strong>:Im\u00e1genes, dimensiones y, si est\u00e1n disponibles, dibujos en 3D de los componentes.<\/li>\n<li><strong>Velocidad requerida<\/strong>:El n\u00famero de piezas por minuto (por ejemplo, 30 piezas\/min).<\/li>\n<li><strong>Orientaci\u00f3n giratoria<\/strong>\u00bfEl alimentador debe girar en el sentido de las agujas del reloj o en el sentido contrario?<\/li>\n<li><strong>Orientaci\u00f3n de la alimentaci\u00f3n<\/strong>:La orientaci\u00f3n deseada de los componentes durante la alimentaci\u00f3n.<\/li>\n<li><strong>Equipo adicional<\/strong>\u00bfNecesita un alimentador lineal, un rodapi\u00e9 o una tolva?<\/li>\n<\/ul>\n<p>Con esta informaci\u00f3n evaluaremos r\u00e1pidamente sus necesidades y le proporcionaremos una cotizaci\u00f3n personalizada.<\/p>\n\t<div id=\"gap-1859845352\" class=\"gap-element clearfix\" style=\"display:block; height:auto;\">\n\t\t\n<style>\n#gap-1859845352 {\n  padding-top: 30px;\n}\n<\/style>\n\t<\/div>\n\t\n<h2 style=\"text-align: center;\">Cont\u00e1ctenos<\/h2>\n\n<div class=\"wpcf7 no-js\" id=\"wpcf7-f5-o1\" lang=\"en-US\" dir=\"ltr\">\n<div class=\"screen-reader-response\"><p role=\"status\" aria-live=\"polite\" aria-atomic=\"true\"><\/p> <ul><\/ul><\/div>\n<form action=\"\/es_es\/wp-json\/wp\/v2\/product\/1738#wpcf7-f5-o1\" method=\"post\" class=\"wpcf7-form init\" aria-label=\"Formulario de contacto\" novalidate=\"novalidate\" data-status=\"init\" data-trp-original-action=\"\/es_es\/wp-json\/wp\/v2\/product\/1738#wpcf7-f5-o1\">\n<div style=\"display: none;\">\n<input type=\"hidden\" name=\"_wpcf7\" value=\"5\" \/>\n<input type=\"hidden\" name=\"_wpcf7_version\" value=\"5.9.2\" \/>\n<input type=\"hidden\" name=\"_wpcf7_locale\" value=\"en_US\" \/>\n<input type=\"hidden\" name=\"_wpcf7_unit_tag\" value=\"wpcf7-f5-o1\" \/>\n<input type=\"hidden\" name=\"_wpcf7_container_post\" value=\"0\" \/>\n<input type=\"hidden\" name=\"_wpcf7_posted_data_hash\" value=\"\" \/>\n<\/div>\n<div class='custom_contact_style'>\n\t<p><label> Su nombre<br \/>\n<span class=\"wpcf7-form-control-wrap\" data-name=\"your-name\"><input size=\"40\" class=\"wpcf7-form-control wpcf7-text wpcf7-validates-as-required\" autocomplete=\"name\" aria-required=\"true\" aria-invalid=\"false\" value=\"\" type=\"text\" name=\"your-name\" \/><\/span> <\/label>\n\t<\/p>\n\t<p><label> Tu correo electr\u00f3nico<br \/>\n<span class=\"wpcf7-form-control-wrap\" data-name=\"your-email\"><input size=\"40\" class=\"wpcf7-form-control wpcf7-email wpcf7-validates-as-required wpcf7-text wpcf7-validates-as-email\" autocomplete=\"email\" aria-required=\"true\" aria-invalid=\"false\" value=\"\" type=\"email\" name=\"your-email\" \/><\/span> <\/label>\n\t<\/p>\n\t<p><label> Tu mensaje (opcional)<br \/>\n<span class=\"wpcf7-form-control-wrap\" data-name=\"your-message\"><textarea cols=\"40\" rows=\"10\" class=\"wpcf7-form-control wpcf7-textarea\" aria-invalid=\"false\" name=\"your-message\"><\/textarea><\/span> <\/label>\n\t<\/p>\n\t<div style=\"margin-bottom:10px;\">\n\t\t<p><span class=\"wpcf7-form-control-wrap kc_captcha cf7ic-toggle\" data-name=\"kc_captcha\"><span class=\"wpcf7-form-control wpcf7-radio\"><span class=\"captcha-image\" style=\"display: none;\"><span class=\"cf7ic_instructions\">Por favor, demuestre que es humano seleccionando el<span> star<\/span>.<\/span><label><input aria-label=\"1\" type=\"radio\" name=\"kc_captcha\" value=\"kc_human\" \/><svg aria-hidden=\"true\" role=\"img\" xmlns=\"http:\/\/www.w3.org\/2000\/svg\" viewbox=\"0 0 576 512\"><path fill=\"currentColor\" d=\"M259 18l-65 132-146 22c-26 3-37 36-18 54l106 103-25 146c-5 26 23 46 46 33l131-68 131 68c23 13 51-7 46-33l-25-146 106-103c19-18 8-51-18-54l-146-22-65-132a32 32 0 00-58 0z\"\/><\/svg><\/label><label><input aria-label=\"2\" type=\"radio\" name=\"kc_captcha\" value=\"bot\" \/><svg aria-hidden=\"true\" role=\"img\" xmlns=\"http:\/\/www.w3.org\/2000\/svg\" viewbox=\"0 0 640 512\"><path fill=\"currentColor\" d=\"M624 352h-16V244c0-13-5-25-14-34L494 110c-9-9-21-14-34-14h-44V48c0-26-21-48-48-48H48C22 0 0 22 0 48v320c0 27 22 48 48 48h16a96 96 0 00192 0h128a96 96 0 00192 0h48c9 0 16-7 16-16v-32c0-9-7-16-16-16zM160 464a48 48 0 110-96 48 48 0 010 96zm320 0a48 48 0 110-96 48 48 0 010 96zm80-208H416V144h44l100 100v12z\"\/><\/svg><\/label><label><input aria-label=\"3\" type=\"radio\" name=\"kc_captcha\" value=\"bot\" \/><svg aria-hidden=\"true\" role=\"img\" xmlns=\"http:\/\/www.w3.org\/2000\/svg\" viewbox=\"0 0 576 512\"><path fill=\"currentColor\" d=\"M472 200H360L256 6a12 12 0 00-10-6h-58c-8 0-14 7-12 15l34 185H100l-35-58a12 12 0 00-10-6H12c-8 0-13 7-12 14l21 106L0 362c-1 7 4 14 12 14h43c4 0 8-2 10-6l35-58h110l-34 185c-2 8 4 15 12 15h58a12 12 0 0010-6l104-194h112c57 0 104-25 104-56s-47-56-104-56z\"\/><\/svg><\/label>\r\n    <\/span>\r\n    <span style=\"display:none\">\r\n        <input type=\"text\" name=\"kc_honeypot\">\r\n    <\/span><\/span><\/span>\n\t\t<\/p>\n\t<\/div>\n\t<p><input class=\"wpcf7-form-control wpcf7-submit has-spinner\" type=\"submit\" value=\"Entregar\" \/>\n\t<\/p>\n<\/div><div class=\"wpcf7-response-output\" aria-hidden=\"true\"><\/div>\n<input type=\"hidden\" name=\"trp-form-language\" value=\"es_es\"\/><\/form>\n<\/div>","protected":false},"excerpt":{"rendered":"<p>SWOER se especializa en personalizar alimentadores vibratorios de piezas de tres pistas para que coincidan con las caracter\u00edsticas de las piezas y los requisitos del cliente, todo a precios de f\u00e1brica competitivos.<\/p>\n<p>Si desea obtener precios de comederos de cuenco, p\u00f3ngase en contacto con nosotros.<\/p>","protected":false},"featured_media":1739,"comment_status":"open","ping_status":"closed","template":"","meta":[],"product_cat":[37],"product_tag":[],"yoast_head":"<!-- This site is optimized with the Yoast SEO plugin v22.2 - https:\/\/yoast.com\/wordpress\/plugins\/seo\/ -->\n<title>Three Tracks Vibratory Parts Feeder for White Caps - SWOER<\/title>\n<meta name=\"description\" content=\"Three Tracks Vibratory Parts Feeder for white caps. Custom solutions, fast delivery, and CE\/UL-certified quality. Optimize your production with SWOER today.\" \/>\n<meta name=\"robots\" content=\"index, follow, max-snippet:-1, max-image-preview:large, max-video-preview:-1\" \/>\n<link rel=\"canonical\" href=\"https:\/\/swoer.com\/es_es\/manufacturer\/three-tracks-vibratory-parts-feeder-for-white-caps\/\" \/>\n<meta property=\"og:locale\" content=\"es_ES\" \/>\n<meta property=\"og:type\" content=\"article\" \/>\n<meta property=\"og:title\" content=\"Three Tracks Vibratory Parts Feeder for White Caps - SWOER\" \/>\n<meta property=\"og:description\" content=\"Three Tracks Vibratory Parts Feeder for white caps. Custom solutions, fast delivery, and CE\/UL-certified quality. Optimize your production with SWOER today.\" \/>\n<meta property=\"og:url\" content=\"https:\/\/swoer.com\/es_es\/manufacturer\/three-tracks-vibratory-parts-feeder-for-white-caps\/\" \/>\n<meta property=\"og:site_name\" content=\"SWOER\" \/>\n<meta property=\"article:modified_time\" content=\"2024-08-01T06:20:13+00:00\" \/>\n<meta property=\"og:image\" content=\"https:\/\/swoer.com\/wp-content\/uploads\/2024\/03\/three-tracks-vibratory-parts-feeder-for-white-caps.webp\" \/>\n\t<meta property=\"og:image:width\" content=\"1000\" \/>\n\t<meta property=\"og:image:height\" content=\"1000\" \/>\n\t<meta property=\"og:image:type\" content=\"image\/webp\" \/>\n<meta name=\"twitter:card\" content=\"summary_large_image\" \/>\n<meta name=\"twitter:label1\" content=\"Tiempo de lectura\" \/>\n\t<meta name=\"twitter:data1\" content=\"2 minutos\" \/>\n<script type=\"application\/ld+json\" class=\"yoast-schema-graph\">{\"@context\":\"https:\/\/schema.org\",\"@graph\":[{\"@type\":\"WebPage\",\"@id\":\"https:\/\/swoer.com\/manufacturer\/three-tracks-vibratory-parts-feeder-for-white-caps\/\",\"url\":\"https:\/\/swoer.com\/manufacturer\/three-tracks-vibratory-parts-feeder-for-white-caps\/\",\"name\":\"Three Tracks Vibratory Parts Feeder for White Caps - SWOER\",\"isPartOf\":{\"@id\":\"https:\/\/swoer.com\/#website\"},\"primaryImageOfPage\":{\"@id\":\"https:\/\/swoer.com\/manufacturer\/three-tracks-vibratory-parts-feeder-for-white-caps\/#primaryimage\"},\"image\":{\"@id\":\"https:\/\/swoer.com\/manufacturer\/three-tracks-vibratory-parts-feeder-for-white-caps\/#primaryimage\"},\"thumbnailUrl\":\"https:\/\/swoer.com\/wp-content\/uploads\/2024\/03\/three-tracks-vibratory-parts-feeder-for-white-caps.webp\",\"datePublished\":\"2024-03-30T03:53:19+00:00\",\"dateModified\":\"2024-08-01T06:20:13+00:00\",\"description\":\"Three Tracks Vibratory Parts Feeder for white caps. Custom solutions, fast delivery, and CE\/UL-certified quality. Optimize your production with SWOER today.\",\"breadcrumb\":{\"@id\":\"https:\/\/swoer.com\/manufacturer\/three-tracks-vibratory-parts-feeder-for-white-caps\/#breadcrumb\"},\"inLanguage\":\"es\",\"potentialAction\":[{\"@type\":\"ReadAction\",\"target\":[\"https:\/\/swoer.com\/manufacturer\/three-tracks-vibratory-parts-feeder-for-white-caps\/\"]}]},{\"@type\":\"ImageObject\",\"inLanguage\":\"es\",\"@id\":\"https:\/\/swoer.com\/manufacturer\/three-tracks-vibratory-parts-feeder-for-white-caps\/#primaryimage\",\"url\":\"https:\/\/swoer.com\/wp-content\/uploads\/2024\/03\/three-tracks-vibratory-parts-feeder-for-white-caps.webp\",\"contentUrl\":\"https:\/\/swoer.com\/wp-content\/uploads\/2024\/03\/three-tracks-vibratory-parts-feeder-for-white-caps.webp\",\"width\":1000,\"height\":1000,\"caption\":\"three tracks vibratory parts feeder for white caps\"},{\"@type\":\"BreadcrumbList\",\"@id\":\"https:\/\/swoer.com\/manufacturer\/three-tracks-vibratory-parts-feeder-for-white-caps\/#breadcrumb\",\"itemListElement\":[{\"@type\":\"ListItem\",\"position\":1,\"name\":\"Home\",\"item\":\"https:\/\/swoer.com\/\"},{\"@type\":\"ListItem\",\"position\":2,\"name\":\"Shop\",\"item\":\"https:\/\/swoer.com\/shop\/\"},{\"@type\":\"ListItem\",\"position\":3,\"name\":\"Three Tracks Vibratory Parts Feeder for White Caps\"}]},{\"@type\":\"WebSite\",\"@id\":\"https:\/\/swoer.com\/#website\",\"url\":\"https:\/\/swoer.com\/\",\"name\":\"SWOER\",\"description\":\"Swoer is the top 3 vibratory bowl feeder manufacturer in China\",\"potentialAction\":[{\"@type\":\"SearchAction\",\"target\":{\"@type\":\"EntryPoint\",\"urlTemplate\":\"https:\/\/swoer.com\/?s={search_term_string}\"},\"query-input\":\"required name=search_term_string\"}],\"inLanguage\":\"es\"}]}<\/script>\n<!-- \/ Yoast SEO plugin. -->","yoast_head_json":{"title":"Three Tracks Vibratory Parts Feeder for White Caps - SWOER","description":"Three Tracks Vibratory Parts Feeder for white caps. Custom solutions, fast delivery, and CE\/UL-certified quality. Optimize your production with SWOER today.","robots":{"index":"index","follow":"follow","max-snippet":"max-snippet:-1","max-image-preview":"max-image-preview:large","max-video-preview":"max-video-preview:-1"},"canonical":"https:\/\/swoer.com\/es_es\/manufacturer\/three-tracks-vibratory-parts-feeder-for-white-caps\/","og_locale":"es_ES","og_type":"article","og_title":"Three Tracks Vibratory Parts Feeder for White Caps - SWOER","og_description":"Three Tracks Vibratory Parts Feeder for white caps. Custom solutions, fast delivery, and CE\/UL-certified quality. Optimize your production with SWOER today.","og_url":"https:\/\/swoer.com\/es_es\/manufacturer\/three-tracks-vibratory-parts-feeder-for-white-caps\/","og_site_name":"SWOER","article_modified_time":"2024-08-01T06:20:13+00:00","og_image":[{"width":1000,"height":1000,"url":"https:\/\/swoer.com\/wp-content\/uploads\/2024\/03\/three-tracks-vibratory-parts-feeder-for-white-caps.webp","type":"image\/webp"}],"twitter_card":"summary_large_image","twitter_misc":{"Tiempo de lectura":"2 minutos"},"schema":{"@context":"https:\/\/schema.org","@graph":[{"@type":"WebPage","@id":"https:\/\/swoer.com\/manufacturer\/three-tracks-vibratory-parts-feeder-for-white-caps\/","url":"https:\/\/swoer.com\/manufacturer\/three-tracks-vibratory-parts-feeder-for-white-caps\/","name":"Three Tracks Vibratory Parts Feeder for White Caps - SWOER","isPartOf":{"@id":"https:\/\/swoer.com\/#website"},"primaryImageOfPage":{"@id":"https:\/\/swoer.com\/manufacturer\/three-tracks-vibratory-parts-feeder-for-white-caps\/#primaryimage"},"image":{"@id":"https:\/\/swoer.com\/manufacturer\/three-tracks-vibratory-parts-feeder-for-white-caps\/#primaryimage"},"thumbnailUrl":"https:\/\/swoer.com\/wp-content\/uploads\/2024\/03\/three-tracks-vibratory-parts-feeder-for-white-caps.webp","datePublished":"2024-03-30T03:53:19+00:00","dateModified":"2024-08-01T06:20:13+00:00","description":"Three Tracks Vibratory Parts Feeder for white caps. Custom solutions, fast delivery, and CE\/UL-certified quality. Optimize your production with SWOER today.","breadcrumb":{"@id":"https:\/\/swoer.com\/manufacturer\/three-tracks-vibratory-parts-feeder-for-white-caps\/#breadcrumb"},"inLanguage":"es","potentialAction":[{"@type":"ReadAction","target":["https:\/\/swoer.com\/manufacturer\/three-tracks-vibratory-parts-feeder-for-white-caps\/"]}]},{"@type":"ImageObject","inLanguage":"es","@id":"https:\/\/swoer.com\/manufacturer\/three-tracks-vibratory-parts-feeder-for-white-caps\/#primaryimage","url":"https:\/\/swoer.com\/wp-content\/uploads\/2024\/03\/three-tracks-vibratory-parts-feeder-for-white-caps.webp","contentUrl":"https:\/\/swoer.com\/wp-content\/uploads\/2024\/03\/three-tracks-vibratory-parts-feeder-for-white-caps.webp","width":1000,"height":1000,"caption":"three tracks vibratory parts feeder for white caps"},{"@type":"BreadcrumbList","@id":"https:\/\/swoer.com\/manufacturer\/three-tracks-vibratory-parts-feeder-for-white-caps\/#breadcrumb","itemListElement":[{"@type":"ListItem","position":1,"name":"Home","item":"https:\/\/swoer.com\/"},{"@type":"ListItem","position":2,"name":"Shop","item":"https:\/\/swoer.com\/shop\/"},{"@type":"ListItem","position":3,"name":"Three Tracks Vibratory Parts Feeder for White Caps"}]},{"@type":"WebSite","@id":"https:\/\/swoer.com\/#website","url":"https:\/\/swoer.com\/","name":"SWOER","description":"Swoer is the top 3 vibratory bowl feeder manufacturer in China","potentialAction":[{"@type":"SearchAction","target":{"@type":"EntryPoint","urlTemplate":"https:\/\/swoer.com\/?s={search_term_string}"},"query-input":"required name=search_term_string"}],"inLanguage":"es"}]}},"_links":{"self":[{"href":"https:\/\/swoer.com\/es_es\/wp-json\/wp\/v2\/product\/1738"}],"collection":[{"href":"https:\/\/swoer.com\/es_es\/wp-json\/wp\/v2\/product"}],"about":[{"href":"https:\/\/swoer.com\/es_es\/wp-json\/wp\/v2\/types\/product"}],"replies":[{"embeddable":true,"href":"https:\/\/swoer.com\/es_es\/wp-json\/wp\/v2\/comments?post=1738"}],"wp:featuredmedia":[{"embeddable":true,"href":"https:\/\/swoer.com\/es_es\/wp-json\/wp\/v2\/media\/1739"}],"wp:attachment":[{"href":"https:\/\/swoer.com\/es_es\/wp-json\/wp\/v2\/media?parent=1738"}],"wp:term":[{"taxonomy":"product_cat","embeddable":true,"href":"https:\/\/swoer.com\/es_es\/wp-json\/wp\/v2\/product_cat?post=1738"},{"taxonomy":"product_tag","embeddable":true,"href":"https:\/\/swoer.com\/es_es\/wp-json\/wp\/v2\/product_tag?post=1738"}],"curies":[{"name":"wp","href":"https:\/\/api.w.org\/{rel}","templated":true}]}}