{"id":1712,"date":"2024-03-29T09:06:43","date_gmt":"2024-03-29T09:06:43","guid":{"rendered":"https:\/\/lightgrey-porpoise-816575.hostingersite.com\/?post_type=product&#038;p=1712"},"modified":"2024-08-01T10:37:40","modified_gmt":"2024-08-01T02:37:40","slug":"m8-22-hex-nuts-bowl-feeder-manufacturers","status":"publish","type":"product","link":"https:\/\/swoer.com\/es_es\/manufacturer\/m8-22-hex-nuts-bowl-feeder-manufacturers\/","title":{"rendered":"Alimentador vibratorio con tuercas hexagonales M8-22"},"content":{"rendered":"<p>SWOER es un fabricante l\u00edder de alimentadores de cuencos para tuercas hexagonales M8-22, que ofrece soluciones de ingenier\u00eda de precisi\u00f3n dise\u00f1adas a medida para satisfacer las demandas de la fabricaci\u00f3n moderna. Nuestra experiencia en tecnolog\u00eda de alimentadores de cuencos vibratorios garantiza un manejo eficiente y confiable de las piezas, optimizando los procesos de producci\u00f3n para lograr la m\u00e1xima productividad. Con SWOER, puede confiar en la calidad de la mano de obra, el dise\u00f1o innovador y el rendimiento excepcional, lo que nos convierte en la opci\u00f3n preferida de los fabricantes de alimentadores de cuencos para tuercas hexagonales M8-22.<\/p>\n\t<div id=\"gap-1402248361\" class=\"gap-element clearfix\" style=\"display:block; height:auto;\">\n\t\t\n<style>\n#gap-1402248361 {\n  padding-top: 30px;\n}\n<\/style>\n\t<\/div>\n\t\n<h2>Especificaciones del comedero de cuenco:<\/h2>\n<table width=\"684\">\n<tbody>\n<tr>\n<td width=\"183\">Nombre del producto<\/td>\n<td width=\"501\">Fabricantes de comederos con tuercas hexagonales M8-22<\/td>\n<\/tr>\n<tr>\n<td>Material<\/td>\n<td>\u00a0SUS201\/304<\/td>\n<\/tr>\n<tr>\n<td>Especialidad del material<\/td>\n<td>Aleaci\u00f3n de forja con tratamiento en fr\u00edo, alta resistencia, alta dureza.<\/td>\n<\/tr>\n<tr>\n<td>Voltaje<\/td>\n<td>220 V<\/td>\n<\/tr>\n<tr>\n<td>Fuerza<\/td>\n<td>65 W\/150 W\/180 W\/220 W\/350 W<\/td>\n<\/tr>\n<tr>\n<td>Autenticaci\u00f3n<\/td>\n<td>Certificaci\u00f3n CE, RoHS, ISO9001<\/td>\n<\/tr>\n<tr>\n<td>Garant\u00eda<\/td>\n<td>1 a\u00f1o de garant\u00eda<\/td>\n<\/tr>\n<tr>\n<td>Cantidad m\u00ednima de pedido<\/td>\n<td>1 juego<\/td>\n<\/tr>\n<tr>\n<td>Plazo de entrega<\/td>\n<td>10-14 d\u00edas<\/td>\n<\/tr>\n<tr>\n<td>Plazo de pago<\/td>\n<td>T\/T 40% Dep\u00f3sito y saldo antes del env\u00edo<\/td>\n<\/tr>\n<tr>\n<td>Original del lugar<\/td>\n<td>Porcelana<\/td>\n<\/tr>\n<\/tbody>\n<\/table>\n\t<div id=\"gap-25042425\" class=\"gap-element clearfix\" style=\"display:block; height:auto;\">\n\t\t\n<style>\n#gap-25042425 {\n  padding-top: 30px;\n}\n<\/style>\n\t<\/div>\n\t\n<h3><strong>\u00bfNecesita un alimentador de tuercas hexagonales M8-22 confiable?<\/strong>\u00a0<\/h3>\n<p>SWOER ofrece soluciones personalizadas para satisfacer sus necesidades espec\u00edficas. Nuestros alimentadores vibratorios est\u00e1n dise\u00f1ados para aumentar la eficiencia de producci\u00f3n y reducir el tiempo de inactividad.<\/p>\n<h3><strong>\u00bfQuieres saber m\u00e1s?<\/strong>\u00a0<\/h3>\n<p>Cont\u00e1ctenos hoy para analizar sus requisitos espec\u00edficos. Le proporcionaremos un presupuesto personalizado y responderemos cualquier pregunta que pueda tener.<\/p>\n<h3><strong>Caracter\u00edsticas principales de nuestro alimentador de tuercas hexagonales M8-22:<\/strong><\/h3>\n<ul>\n<li><strong>Alta velocidad:<\/strong>Alimentar miles de piezas por hora<\/li>\n<li><strong>Personalizable:<\/strong>Adaptado a sus piezas y l\u00ednea de producci\u00f3n espec\u00edficas<\/li>\n<li><strong>Confiable:<\/strong>Dise\u00f1ado para durar y mantener un rendimiento constante.<\/li>\n<li><strong>Funcionamiento silencioso:<\/strong>Minimiza la contaminaci\u00f3n ac\u00fastica en tu espacio de trabajo<\/li>\n<\/ul>\n\t<div id=\"gap-1393942093\" class=\"gap-element clearfix\" style=\"display:block; height:auto;\">\n\t\t\n<style>\n#gap-1393942093 {\n  padding-top: 30px;\n}\n<\/style>\n\t<\/div>\n\t\n<h3 style=\"text-align: center;\"><strong>\u00a1No esperes!<\/strong>\u00a0Cont\u00e1ctanos hoy para comenzar.<\/h3>\n\n<div class=\"wpcf7 no-js\" id=\"wpcf7-f5-o1\" lang=\"en-US\" dir=\"ltr\">\n<div class=\"screen-reader-response\"><p role=\"status\" aria-live=\"polite\" aria-atomic=\"true\"><\/p> <ul><\/ul><\/div>\n<form action=\"\/es_es\/wp-json\/wp\/v2\/product\/1712#wpcf7-f5-o1\" method=\"post\" class=\"wpcf7-form init\" aria-label=\"Formulario de contacto\" novalidate=\"novalidate\" data-status=\"init\" data-trp-original-action=\"\/es_es\/wp-json\/wp\/v2\/product\/1712#wpcf7-f5-o1\">\n<div style=\"display: none;\">\n<input type=\"hidden\" name=\"_wpcf7\" value=\"5\" \/>\n<input type=\"hidden\" name=\"_wpcf7_version\" value=\"5.9.2\" \/>\n<input type=\"hidden\" name=\"_wpcf7_locale\" value=\"en_US\" \/>\n<input type=\"hidden\" name=\"_wpcf7_unit_tag\" value=\"wpcf7-f5-o1\" \/>\n<input type=\"hidden\" name=\"_wpcf7_container_post\" value=\"0\" \/>\n<input type=\"hidden\" name=\"_wpcf7_posted_data_hash\" value=\"\" \/>\n<\/div>\n<div class='custom_contact_style'>\n\t<p><label> Su nombre<br \/>\n<span class=\"wpcf7-form-control-wrap\" data-name=\"your-name\"><input size=\"40\" class=\"wpcf7-form-control wpcf7-text wpcf7-validates-as-required\" autocomplete=\"name\" aria-required=\"true\" aria-invalid=\"false\" value=\"\" type=\"text\" name=\"your-name\" \/><\/span> <\/label>\n\t<\/p>\n\t<p><label> Tu correo electr\u00f3nico<br \/>\n<span class=\"wpcf7-form-control-wrap\" data-name=\"your-email\"><input size=\"40\" class=\"wpcf7-form-control wpcf7-email wpcf7-validates-as-required wpcf7-text wpcf7-validates-as-email\" autocomplete=\"email\" aria-required=\"true\" aria-invalid=\"false\" value=\"\" type=\"email\" name=\"your-email\" \/><\/span> <\/label>\n\t<\/p>\n\t<p><label> Tu mensaje (opcional)<br \/>\n<span class=\"wpcf7-form-control-wrap\" data-name=\"your-message\"><textarea cols=\"40\" rows=\"10\" class=\"wpcf7-form-control wpcf7-textarea\" aria-invalid=\"false\" name=\"your-message\"><\/textarea><\/span> <\/label>\n\t<\/p>\n\t<div style=\"margin-bottom:10px;\">\n\t\t<p><span class=\"wpcf7-form-control-wrap kc_captcha cf7ic-toggle\" data-name=\"kc_captcha\"><span class=\"wpcf7-form-control wpcf7-radio\"><span class=\"captcha-image\" style=\"display: none;\"><span class=\"cf7ic_instructions\">Por favor, demuestre que es humano seleccionando el<span> house<\/span>.<\/span><label><input aria-label=\"1\" type=\"radio\" name=\"kc_captcha\" value=\"kc_human\" \/><svg aria-hidden=\"true\" role=\"img\" xmlns=\"http:\/\/www.w3.org\/2000\/svg\" viewbox=\"0 0 576 512\"><path fill=\"currentColor\" d=\"M488 313v143c0 13-11 24-24 24H348c-7 0-12-5-12-12V356c0-7-5-12-12-12h-72c-7 0-12 5-12 12v112c0 7-5 12-12 12H112c-13 0-24-11-24-24V313c0-4 2-7 4-10l188-154c5-4 11-4 16 0l188 154c2 3 4 6 4 10zm84-61l-84-69V44c0-6-5-12-12-12h-56c-7 0-12 6-12 12v73l-89-74a48 48 0 00-61 0L4 252c-5 4-5 12-1 17l25 31c5 5 12 5 17 1l235-193c5-4 11-4 16 0l235 193c5 5 13 4 17-1l25-31c4-6 4-13-1-17z\"\/><\/svg><\/label><label><input aria-label=\"2\" type=\"radio\" name=\"kc_captcha\" value=\"bot\" \/><svg aria-hidden=\"true\" role=\"img\" xmlns=\"http:\/\/www.w3.org\/2000\/svg\" viewbox=\"0 0 576 512\"><path fill=\"currentColor\" d=\"M259 18l-65 132-146 22c-26 3-37 36-18 54l106 103-25 146c-5 26 23 46 46 33l131-68 131 68c23 13 51-7 46-33l-25-146 106-103c19-18 8-51-18-54l-146-22-65-132a32 32 0 00-58 0z\"\/><\/svg><\/label><label><input aria-label=\"3\" type=\"radio\" name=\"kc_captcha\" value=\"bot\" \/><svg aria-hidden=\"true\" role=\"img\" xmlns=\"http:\/\/www.w3.org\/2000\/svg\" viewbox=\"0 0 640 512\"><path fill=\"currentColor\" d=\"M192 384h192c53 0 96-43 96-96h32a128 128 0 000-256H120c-13 0-24 11-24 24v232c0 53 43 96 96 96zM512 96a64 64 0 010 128h-32V96h32zm48 384H48c-47 0-61-64-36-64h584c25 0 11 64-36 64z\"\/><\/svg><\/label>\r\n    <\/span>\r\n    <span style=\"display:none\">\r\n        <input type=\"text\" name=\"kc_honeypot\">\r\n    <\/span><\/span><\/span>\n\t\t<\/p>\n\t<\/div>\n\t<p><input class=\"wpcf7-form-control wpcf7-submit has-spinner\" type=\"submit\" value=\"Entregar\" \/>\n\t<\/p>\n<\/div><div class=\"wpcf7-response-output\" aria-hidden=\"true\"><\/div>\n<input type=\"hidden\" name=\"trp-form-language\" value=\"es_es\"\/><\/form>\n<\/div>","protected":false},"excerpt":{"rendered":"<p>Alimente de manera eficiente tuercas hexagonales M8-22 con nuestro alimentador vibratorio personalizado. Mejore su l\u00ednea de ensamblaje con nuestras soluciones confiables y personalizables.<\/p>","protected":false},"featured_media":1713,"comment_status":"open","ping_status":"closed","template":"","meta":[],"product_cat":[37],"product_tag":[],"yoast_head":"<!-- This site is optimized with the Yoast SEO plugin v22.2 - https:\/\/yoast.com\/wordpress\/plugins\/seo\/ -->\n<title>Automatic M8-22 Hex Nut Feeding System | Vibratory Bowl Feeder<\/title>\n<meta name=\"description\" content=\"M8-22 hex nut vibratory bowl feeder, Custom solutions are available to meet your specific requirements. Increase production efficiency and reduce labor costs.\" \/>\n<meta name=\"robots\" content=\"index, follow, max-snippet:-1, max-image-preview:large, max-video-preview:-1\" \/>\n<link rel=\"canonical\" href=\"https:\/\/swoer.com\/es_es\/manufacturer\/m8-22-hex-nuts-bowl-feeder-manufacturers\/\" \/>\n<meta property=\"og:locale\" content=\"es_ES\" \/>\n<meta property=\"og:type\" content=\"article\" \/>\n<meta property=\"og:title\" content=\"Automatic M8-22 Hex Nut Feeding System | Vibratory Bowl Feeder\" \/>\n<meta property=\"og:description\" content=\"M8-22 hex nut vibratory bowl feeder, Custom solutions are available to meet your specific requirements. Increase production efficiency and reduce labor costs.\" \/>\n<meta property=\"og:url\" content=\"https:\/\/swoer.com\/es_es\/manufacturer\/m8-22-hex-nuts-bowl-feeder-manufacturers\/\" \/>\n<meta property=\"og:site_name\" content=\"SWOER\" \/>\n<meta property=\"article:modified_time\" content=\"2024-08-01T02:37:40+00:00\" \/>\n<meta property=\"og:image\" content=\"https:\/\/swoer.com\/wp-content\/uploads\/2024\/03\/M8-22-Hex-Nuts-Bowl-Feeder-Manufacturers.webp\" \/>\n\t<meta property=\"og:image:width\" content=\"1000\" \/>\n\t<meta property=\"og:image:height\" content=\"1000\" \/>\n\t<meta property=\"og:image:type\" content=\"image\/webp\" \/>\n<meta name=\"twitter:card\" content=\"summary_large_image\" \/>\n<meta name=\"twitter:label1\" content=\"Tiempo de lectura\" \/>\n\t<meta name=\"twitter:data1\" content=\"1 minuto\" \/>\n<script type=\"application\/ld+json\" class=\"yoast-schema-graph\">{\"@context\":\"https:\/\/schema.org\",\"@graph\":[{\"@type\":\"WebPage\",\"@id\":\"https:\/\/swoer.com\/manufacturer\/m8-22-hex-nuts-bowl-feeder-manufacturers\/\",\"url\":\"https:\/\/swoer.com\/manufacturer\/m8-22-hex-nuts-bowl-feeder-manufacturers\/\",\"name\":\"Automatic M8-22 Hex Nut Feeding System | Vibratory Bowl Feeder\",\"isPartOf\":{\"@id\":\"https:\/\/swoer.com\/#website\"},\"primaryImageOfPage\":{\"@id\":\"https:\/\/swoer.com\/manufacturer\/m8-22-hex-nuts-bowl-feeder-manufacturers\/#primaryimage\"},\"image\":{\"@id\":\"https:\/\/swoer.com\/manufacturer\/m8-22-hex-nuts-bowl-feeder-manufacturers\/#primaryimage\"},\"thumbnailUrl\":\"https:\/\/swoer.com\/wp-content\/uploads\/2024\/03\/M8-22-Hex-Nuts-Bowl-Feeder-Manufacturers.webp\",\"datePublished\":\"2024-03-29T09:06:43+00:00\",\"dateModified\":\"2024-08-01T02:37:40+00:00\",\"description\":\"M8-22 hex nut vibratory bowl feeder, Custom solutions are available to meet your specific requirements. Increase production efficiency and reduce labor costs.\",\"breadcrumb\":{\"@id\":\"https:\/\/swoer.com\/manufacturer\/m8-22-hex-nuts-bowl-feeder-manufacturers\/#breadcrumb\"},\"inLanguage\":\"es\",\"potentialAction\":[{\"@type\":\"ReadAction\",\"target\":[\"https:\/\/swoer.com\/manufacturer\/m8-22-hex-nuts-bowl-feeder-manufacturers\/\"]}]},{\"@type\":\"ImageObject\",\"inLanguage\":\"es\",\"@id\":\"https:\/\/swoer.com\/manufacturer\/m8-22-hex-nuts-bowl-feeder-manufacturers\/#primaryimage\",\"url\":\"https:\/\/swoer.com\/wp-content\/uploads\/2024\/03\/M8-22-Hex-Nuts-Bowl-Feeder-Manufacturers.webp\",\"contentUrl\":\"https:\/\/swoer.com\/wp-content\/uploads\/2024\/03\/M8-22-Hex-Nuts-Bowl-Feeder-Manufacturers.webp\",\"width\":1000,\"height\":1000,\"caption\":\"M8-22 Hex Nuts Bowl Feeder Manufacturers\"},{\"@type\":\"BreadcrumbList\",\"@id\":\"https:\/\/swoer.com\/manufacturer\/m8-22-hex-nuts-bowl-feeder-manufacturers\/#breadcrumb\",\"itemListElement\":[{\"@type\":\"ListItem\",\"position\":1,\"name\":\"Home\",\"item\":\"https:\/\/swoer.com\/\"},{\"@type\":\"ListItem\",\"position\":2,\"name\":\"Shop\",\"item\":\"https:\/\/swoer.com\/shop\/\"},{\"@type\":\"ListItem\",\"position\":3,\"name\":\"M8-22 Hex Nuts Vibratory Bowl Feeder\"}]},{\"@type\":\"WebSite\",\"@id\":\"https:\/\/swoer.com\/#website\",\"url\":\"https:\/\/swoer.com\/\",\"name\":\"SWOER\",\"description\":\"Swoer is the top 3 vibratory bowl feeder manufacturer in China\",\"potentialAction\":[{\"@type\":\"SearchAction\",\"target\":{\"@type\":\"EntryPoint\",\"urlTemplate\":\"https:\/\/swoer.com\/?s={search_term_string}\"},\"query-input\":\"required name=search_term_string\"}],\"inLanguage\":\"es\"}]}<\/script>\n<!-- \/ Yoast SEO plugin. -->","yoast_head_json":{"title":"Automatic M8-22 Hex Nut Feeding System | Vibratory Bowl Feeder","description":"M8-22 hex nut vibratory bowl feeder, Custom solutions are available to meet your specific requirements. Increase production efficiency and reduce labor costs.","robots":{"index":"index","follow":"follow","max-snippet":"max-snippet:-1","max-image-preview":"max-image-preview:large","max-video-preview":"max-video-preview:-1"},"canonical":"https:\/\/swoer.com\/es_es\/manufacturer\/m8-22-hex-nuts-bowl-feeder-manufacturers\/","og_locale":"es_ES","og_type":"article","og_title":"Automatic M8-22 Hex Nut Feeding System | Vibratory Bowl Feeder","og_description":"M8-22 hex nut vibratory bowl feeder, Custom solutions are available to meet your specific requirements. Increase production efficiency and reduce labor costs.","og_url":"https:\/\/swoer.com\/es_es\/manufacturer\/m8-22-hex-nuts-bowl-feeder-manufacturers\/","og_site_name":"SWOER","article_modified_time":"2024-08-01T02:37:40+00:00","og_image":[{"width":1000,"height":1000,"url":"https:\/\/swoer.com\/wp-content\/uploads\/2024\/03\/M8-22-Hex-Nuts-Bowl-Feeder-Manufacturers.webp","type":"image\/webp"}],"twitter_card":"summary_large_image","twitter_misc":{"Tiempo de lectura":"1 minuto"},"schema":{"@context":"https:\/\/schema.org","@graph":[{"@type":"WebPage","@id":"https:\/\/swoer.com\/manufacturer\/m8-22-hex-nuts-bowl-feeder-manufacturers\/","url":"https:\/\/swoer.com\/manufacturer\/m8-22-hex-nuts-bowl-feeder-manufacturers\/","name":"Automatic M8-22 Hex Nut Feeding System | Vibratory Bowl Feeder","isPartOf":{"@id":"https:\/\/swoer.com\/#website"},"primaryImageOfPage":{"@id":"https:\/\/swoer.com\/manufacturer\/m8-22-hex-nuts-bowl-feeder-manufacturers\/#primaryimage"},"image":{"@id":"https:\/\/swoer.com\/manufacturer\/m8-22-hex-nuts-bowl-feeder-manufacturers\/#primaryimage"},"thumbnailUrl":"https:\/\/swoer.com\/wp-content\/uploads\/2024\/03\/M8-22-Hex-Nuts-Bowl-Feeder-Manufacturers.webp","datePublished":"2024-03-29T09:06:43+00:00","dateModified":"2024-08-01T02:37:40+00:00","description":"M8-22 hex nut vibratory bowl feeder, Custom solutions are available to meet your specific requirements. Increase production efficiency and reduce labor costs.","breadcrumb":{"@id":"https:\/\/swoer.com\/manufacturer\/m8-22-hex-nuts-bowl-feeder-manufacturers\/#breadcrumb"},"inLanguage":"es","potentialAction":[{"@type":"ReadAction","target":["https:\/\/swoer.com\/manufacturer\/m8-22-hex-nuts-bowl-feeder-manufacturers\/"]}]},{"@type":"ImageObject","inLanguage":"es","@id":"https:\/\/swoer.com\/manufacturer\/m8-22-hex-nuts-bowl-feeder-manufacturers\/#primaryimage","url":"https:\/\/swoer.com\/wp-content\/uploads\/2024\/03\/M8-22-Hex-Nuts-Bowl-Feeder-Manufacturers.webp","contentUrl":"https:\/\/swoer.com\/wp-content\/uploads\/2024\/03\/M8-22-Hex-Nuts-Bowl-Feeder-Manufacturers.webp","width":1000,"height":1000,"caption":"M8-22 Hex Nuts Bowl Feeder Manufacturers"},{"@type":"BreadcrumbList","@id":"https:\/\/swoer.com\/manufacturer\/m8-22-hex-nuts-bowl-feeder-manufacturers\/#breadcrumb","itemListElement":[{"@type":"ListItem","position":1,"name":"Home","item":"https:\/\/swoer.com\/"},{"@type":"ListItem","position":2,"name":"Shop","item":"https:\/\/swoer.com\/shop\/"},{"@type":"ListItem","position":3,"name":"M8-22 Hex Nuts Vibratory Bowl Feeder"}]},{"@type":"WebSite","@id":"https:\/\/swoer.com\/#website","url":"https:\/\/swoer.com\/","name":"SWOER","description":"Swoer is the top 3 vibratory bowl feeder manufacturer in China","potentialAction":[{"@type":"SearchAction","target":{"@type":"EntryPoint","urlTemplate":"https:\/\/swoer.com\/?s={search_term_string}"},"query-input":"required name=search_term_string"}],"inLanguage":"es"}]}},"_links":{"self":[{"href":"https:\/\/swoer.com\/es_es\/wp-json\/wp\/v2\/product\/1712"}],"collection":[{"href":"https:\/\/swoer.com\/es_es\/wp-json\/wp\/v2\/product"}],"about":[{"href":"https:\/\/swoer.com\/es_es\/wp-json\/wp\/v2\/types\/product"}],"replies":[{"embeddable":true,"href":"https:\/\/swoer.com\/es_es\/wp-json\/wp\/v2\/comments?post=1712"}],"wp:featuredmedia":[{"embeddable":true,"href":"https:\/\/swoer.com\/es_es\/wp-json\/wp\/v2\/media\/1713"}],"wp:attachment":[{"href":"https:\/\/swoer.com\/es_es\/wp-json\/wp\/v2\/media?parent=1712"}],"wp:term":[{"taxonomy":"product_cat","embeddable":true,"href":"https:\/\/swoer.com\/es_es\/wp-json\/wp\/v2\/product_cat?post=1712"},{"taxonomy":"product_tag","embeddable":true,"href":"https:\/\/swoer.com\/es_es\/wp-json\/wp\/v2\/product_tag?post=1712"}],"curies":[{"name":"wp","href":"https:\/\/api.w.org\/{rel}","templated":true}]}}