{"id":1823,"date":"2024-04-02T07:05:58","date_gmt":"2024-04-02T07:05:58","guid":{"rendered":"https:\/\/lightgrey-porpoise-816575.hostingersite.com\/?page_id=1823"},"modified":"2024-12-02T17:21:30","modified_gmt":"2024-12-02T09:21:30","slug":"automatic-rivet-machine","status":"publish","type":"page","link":"https:\/\/swoer.com\/es_es\/automatic-rivet-machine\/","title":{"rendered":"M\u00e1quina alimentadora de tornillos autom\u00e1tica"},"content":{"rendered":"<section class=\"section\" id=\"section_59220468\">\n\t\t<div class=\"bg section-bg fill bg-fill  bg-loaded\" >\n\n\t\t\t\n\t\t\t\n\t\t\t\n\t<div class=\"is-border\"\n\t\tstyle=\"border-color:rgb(235, 235, 235);border-width:1px 0px 0px 0px;\">\n\t<\/div>\n\n\t\t<\/div>\n\n\t\t\n\n\t\t<div class=\"section-content relative\">\n\t\t\t\n<div class=\"row row-large align-middle align-center\"  id=\"row-1967320521\">\n\n\t<div id=\"col-723935429\" class=\"col medium-6 small-12 large-6\"  >\n\t\t\t\t<div class=\"col-inner text-center\"  >\n\t\t\t\n\t\t\t\n<h2><strong><b>Fabricante de alimentadores de tornillo autom\u00e1ticos<\/b><\/strong><\/h2>\n<p style=\"text-align: left;\">SWOER, especializado en la industria de remachado y fijaci\u00f3n desde hace m\u00e1s de una d\u00e9cada, es un nombre confiable en soluciones de fijaci\u00f3n automatizadas.<\/p>\n<p style=\"text-align: left;\">Los alimentadores autom\u00e1ticos de tornillos SWOER, dise\u00f1ados por CN SWOER CO., LTD, revolucionaron el proceso de remachado al manipular autom\u00e1ticamente los remaches. El uso de esta tecnolog\u00eda puede ahorrarle a su empresa m\u00e1s de 30% en costos de mano de obra.<\/p>\n<p style=\"text-align: left;\">La m\u00e1quina SWOER, que se distingue de las remachadoras autom\u00e1ticas est\u00e1ndar, ofrece una soluci\u00f3n totalmente automatizada. Atr\u00e1s quedaron los d\u00edas en que hab\u00eda que cargar remaches manualmente o controlar la posici\u00f3n de la boquilla; nuestra m\u00e1quina se encarga de todo. Mediante aire comprimido, transporta sin esfuerzo los remaches hasta la boquilla a trav\u00e9s de una tuber\u00eda. Con la remachadora autom\u00e1tica SWOER, la extracci\u00f3n manual de remaches se convierte en algo del pasado, lo que marca el comienzo de una nueva era de automatizaci\u00f3n en la industria de la fijaci\u00f3n.<\/p>\n\t\t<\/div>\n\t\t\t\t\t<\/div>\n\n\t\n\n\t<div id=\"col-1257736652\" class=\"col medium-6 small-12 large-6\"  >\n\t\t\t\t<div class=\"col-inner box-shadow-2 box-shadow-5-hover\" style=\"background-color:rgb(255, 255, 255);\" >\n\t\t\t\n\t\t\t\n\t<div class=\"img has-hover x md-x lg-x y md-y lg-y\" id=\"image_199325138\">\n\t\t\t\t\t\t\t\t<div class=\"img-inner image-cover dark\" style=\"padding-top:75%;\">\n\t\t\t<img loading=\"lazy\" decoding=\"async\" width=\"554\" height=\"412\" src=\"https:\/\/swoer.com\/wp-content\/uploads\/2024\/04\/automatic-rivet-guns.webp\" class=\"attachment-original size-original\" alt=\"pistolas remachadoras autom\u00e1ticas\" srcset=\"https:\/\/swoer.com\/wp-content\/uploads\/2024\/04\/automatic-rivet-guns.webp 554w, https:\/\/swoer.com\/wp-content\/uploads\/2024\/04\/automatic-rivet-guns-300x223.webp 300w\" sizes=\"(max-width: 554px) 100vw, 554px\" \/>\t\t\t\t\t\t\n\t\t\t\t\t<\/div>\n\t\t\t\t\t\t\t\t\n<style>\n#image_199325138 {\n  width: 100%;\n}\n<\/style>\n\t<\/div>\n\t\n<a href=\"https:\/\/swoer.com\/es_es\/contact\/\" target=\"_self\" class=\"button primary\"  style=\"border-radius:99px;\">\n    <span>Cont\u00e1ctenos<\/span>\n  <\/a>\n\n\t\t<\/div>\n\t\t\t\t\n<style>\n#col-1257736652 > .col-inner {\n  padding: 15px 15px 15px 15px;\n}\n<\/style>\n\t<\/div>\n\n\t\n<\/div>\n\t\t<\/div>\n\n\t\t\n<style>\n#section_59220468 {\n  padding-top: 59px;\n  padding-bottom: 59px;\n  min-height: 300px;\n  background-color: rgb(228, 228, 228);\n}\n#section_59220468 .ux-shape-divider--top svg {\n  height: 150px;\n  --divider-top-width: 100%;\n}\n#section_59220468 .ux-shape-divider--bottom svg {\n  height: 150px;\n  --divider-width: 100%;\n}\n<\/style>\n\t<\/section>\n\t\n\t<section class=\"section\" id=\"section_1320668917\">\n\t\t<div class=\"bg section-bg fill bg-fill  bg-loaded\" >\n\n\t\t\t\n\t\t\t\n\t\t\t\n\n\t\t<\/div>\n\n\t\t\n\n\t\t<div class=\"section-content relative\">\n\t\t\t\n<h2 style=\"text-align: center;\"><strong><b>M\u00e1quina alimentadora de tornillos autom\u00e1tica <\/b><\/strong><strong><b>PAG<\/b><\/strong><strong><b>producto <\/b><\/strong><strong><b>do<\/b><\/strong><strong><b>Oposici\u00f3n<\/b><\/strong><\/h2>\n<p style=\"text-align: center;\">La m\u00e1quina alimentadora de tornillos autom\u00e1tica SWOER est\u00e1 compuesta por una m\u00e1quina anfitriona y un conjunto de pistola remachadora.<\/p>\n<div class=\"row\"  id=\"row-798562336\">\n\n\t<div id=\"col-1493085099\" class=\"col medium-6 small-12 large-6\"  >\n\t\t\t\t<div class=\"col-inner\"  >\n\t\t\t\n\t\t\t\n\t<div class=\"img has-hover x md-x lg-x y md-y lg-y\" id=\"image_1168799952\">\n\t\t\t\t\t\t\t\t<div class=\"img-inner dark\" >\n\t\t\t<img loading=\"lazy\" decoding=\"async\" width=\"554\" height=\"275\" src=\"https:\/\/swoer.com\/wp-content\/uploads\/2024\/04\/automatic-rivet-machine.webp\" class=\"attachment-original size-original\" alt=\"remachadora autom\u00e1tica\" srcset=\"https:\/\/swoer.com\/wp-content\/uploads\/2024\/04\/automatic-rivet-machine.webp 554w, https:\/\/swoer.com\/wp-content\/uploads\/2024\/04\/automatic-rivet-machine-300x149.webp 300w\" sizes=\"(max-width: 554px) 100vw, 554px\" \/>\t\t\t\t\t\t\n\t\t\t\t\t<\/div>\n\t\t\t\t\t\t\t\t\n<style>\n#image_1168799952 {\n  width: 98%;\n}\n<\/style>\n\t<\/div>\n\t\n<p><strong>La computadora host incluye un sistema de movimiento de la m\u00e1quina, un sistema de control de la m\u00e1quina y un sistema de detecci\u00f3n.<\/strong><\/p>\n<p>La funci\u00f3n del sistema de movimiento de la m\u00e1quina es organizar los remaches para que no est\u00e9n dispuestos de manera desordenada hasta que est\u00e9n separados en secuencia y entregar los remaches a la boquilla de la pistola remachadora uno por uno en una direcci\u00f3n determinada; el sistema de control de la m\u00e1quina es para controlar las acciones establecidas de cada componente de la m\u00e1quina. Operaci\u00f3n; el sistema de detecci\u00f3n es para detectar si la m\u00e1quina est\u00e1 funcionando de manera estable de acuerdo con el programa establecido.<\/p>\n\t\t<\/div>\n\t\t\t\t\t<\/div>\n\n\t\n\n\t<div id=\"col-358166753\" class=\"col medium-6 small-12 large-6\"  >\n\t\t\t\t<div class=\"col-inner\"  >\n\t\t\t\n\t\t\t\n\t<div class=\"img has-hover x md-x lg-x y md-y lg-y\" id=\"image_2120483236\">\n\t\t\t\t\t\t\t\t<div class=\"img-inner dark\" >\n\t\t\t<img loading=\"lazy\" decoding=\"async\" width=\"554\" height=\"275\" src=\"https:\/\/swoer.com\/wp-content\/uploads\/2024\/04\/Automatic-nail-pulling-machine-factory-line.webp\" class=\"attachment-original size-original\" alt=\"L\u00ednea de producci\u00f3n de m\u00e1quinas autom\u00e1ticas para extraer clavos\" srcset=\"https:\/\/swoer.com\/wp-content\/uploads\/2024\/04\/Automatic-nail-pulling-machine-factory-line.webp 554w, https:\/\/swoer.com\/wp-content\/uploads\/2024\/04\/Automatic-nail-pulling-machine-factory-line-300x149.webp 300w\" sizes=\"(max-width: 554px) 100vw, 554px\" \/>\t\t\t\t\t\t\n\t\t\t\t\t<\/div>\n\t\t\t\t\t\t\t\t\n<style>\n#image_2120483236 {\n  width: 100%;\n}\n<\/style>\n\t<\/div>\n\t\n<p><strong>El conjunto de la pistola remachadora se compone de una pistola remachadora, un mecanismo de recepci\u00f3n de remaches y un mecanismo de recolecci\u00f3n y salida de se\u00f1ales.<\/strong><\/p>\n<p>La remachadora es fundamental para el remachado, ya sea manual o autom\u00e1tico. Controlado por la computadora central, el mecanismo de recepci\u00f3n de remaches carga remaches desde la tuber\u00eda hasta la boquilla de remaches, una tecnolog\u00eda fundamental de la remachadora autom\u00e1tica. Adem\u00e1s, el mecanismo de recolecci\u00f3n y emisi\u00f3n de se\u00f1ales inicia el funcionamiento de la m\u00e1quina mediante la recolecci\u00f3n y emisi\u00f3n de se\u00f1ales.<\/p>\n\t\t<\/div>\n\t\t\t\t\t<\/div>\n\n\t\n<\/div>\n\t\t<\/div>\n\n\t\t\n<style>\n#section_1320668917 {\n  padding-top: 30px;\n  padding-bottom: 30px;\n}\n#section_1320668917 .ux-shape-divider--top svg {\n  height: 150px;\n  --divider-top-width: 100%;\n}\n#section_1320668917 .ux-shape-divider--bottom svg {\n  height: 150px;\n  --divider-width: 100%;\n}\n<\/style>\n\t<\/section>\n\t\n\t<section class=\"section\" id=\"section_974126766\">\n\t\t<div class=\"bg section-bg fill bg-fill  bg-loaded\" >\n\n\t\t\t\n\t\t\t\n\t\t\t\n\n\t\t<\/div>\n\n\t\t\n\n\t\t<div class=\"section-content relative\">\n\t\t\t\n<h2 style=\"text-align: center;\"><strong><b>Auto <\/b><\/strong><strong><b>Remachado <\/b><\/strong><strong><b>METRO<\/b><\/strong><strong><b>m\u00e1quina<\/b><\/strong><strong><b>\u00a0S<\/b><\/strong><strong><b>Especificaciones<\/b><\/strong><\/h2>\n<table>\n<tbody>\n<tr>\n<td width=\"85\">Especificaci\u00f3n<\/td>\n<td width=\"89\">Dimensi\u00f3n<\/p>\n<p>(mm)<\/td>\n<td width=\"67\">Voltaje<\/td>\n<td width=\"62\">Presi\u00f3n de aire de trabajo<\/td>\n<td width=\"54\">Peso<\/td>\n<td width=\"77\">Velocidad de suministro de clavos (grano\/min)<\/td>\n<td width=\"85\">Especificaci\u00f3n m\u00e1xima de la u\u00f1a<\/td>\n<td width=\"45\">Ruido (dB)<\/td>\n<\/tr>\n<tr>\n<td width=\"85\">SW-MDJ-240<\/td>\n<td width=\"89\">440*350*420<\/td>\n<td width=\"67\">220<\/td>\n<td width=\"62\">3.2<\/td>\n<td width=\"54\">40<\/td>\n<td width=\"77\">40-60<\/td>\n<td width=\"85\">3,4\u2264d\uff1c3<\/td>\n<td width=\"45\">40<\/td>\n<\/tr>\n<tr>\n<td width=\"85\">SW-MDJ-300<\/td>\n<td width=\"89\">440*350*420<\/td>\n<td width=\"67\">220<\/td>\n<td width=\"62\">3.4<\/td>\n<td width=\"54\">46<\/td>\n<td width=\"77\">40-55<\/td>\n<td width=\"85\">3\u2264d\u22643,2<\/td>\n<td width=\"45\">40<\/td>\n<\/tr>\n<tr>\n<td width=\"85\">SW-MDJ-320<\/td>\n<td width=\"89\">440*350*420<\/td>\n<td width=\"67\">220<\/td>\n<td width=\"62\">3.6<\/td>\n<td width=\"54\">50<\/td>\n<td width=\"77\">40-50<\/td>\n<td width=\"85\">3,2 \u2264 d &lt; 3,7<\/td>\n<td width=\"45\">40<\/td>\n<\/tr>\n<tr>\n<td width=\"85\">SW-MDJ-400<\/td>\n<td width=\"89\">440*350*420<\/td>\n<td width=\"67\">220<\/td>\n<td width=\"62\">3.8<\/td>\n<td width=\"54\">56<\/td>\n<td width=\"77\">40<\/td>\n<td width=\"85\">3,7\u2264d\u22644,4<\/td>\n<td width=\"45\">40<\/td>\n<\/tr>\n<tr>\n<td width=\"85\">SW-MDJ-480<\/td>\n<td width=\"89\">440*350*420<\/td>\n<td width=\"67\">220<\/td>\n<td width=\"62\">4<\/td>\n<td width=\"54\">58<\/td>\n<td width=\"77\">35-40<\/td>\n<td width=\"85\">4,5\u2264d\u22645,0<\/td>\n<td width=\"45\">40<\/td>\n<\/tr>\n<\/tbody>\n<\/table>\n<p><strong><b>Nota:<\/b><\/strong>\u00a0El modelo espec\u00edfico debe determinarse seg\u00fan las especificaciones reales del remache. Esta tabla es solo de referencia.<\/p>\n\t\t<\/div>\n\n\t\t\n<style>\n#section_974126766 {\n  padding-top: 30px;\n  padding-bottom: 30px;\n}\n#section_974126766 .ux-shape-divider--top svg {\n  height: 150px;\n  --divider-top-width: 100%;\n}\n#section_974126766 .ux-shape-divider--bottom svg {\n  height: 150px;\n  --divider-width: 100%;\n}\n<\/style>\n\t<\/section>\n\t\n\t<section class=\"section\" id=\"section_629582586\">\n\t\t<div class=\"bg section-bg fill bg-fill  bg-loaded\" >\n\n\t\t\t\n\t\t\t\n\t\t\t\n\n\t\t<\/div>\n\n\t\t\n\n\t\t<div class=\"section-content relative\">\n\t\t\t\n<h2 style=\"text-align: center;\"><strong><b>PALABRAS <\/b><\/strong><strong><b>R<\/b><\/strong><strong><b>Ivet-en-jap\u00f3n<\/b><\/strong><strong><b>En<\/b><\/strong><strong><b>\u00a0<\/b><\/strong><strong><b>METRO<\/b><\/strong><strong><b>m\u00e1quina <\/b><\/strong><strong><b>Yo<\/b><\/strong><strong><b>Trabajando <\/b><\/strong><strong><b>PAG<\/b><\/strong><strong><b>Principio y <\/b><\/strong><strong><b>F<\/b><\/strong><strong><b>unci\u00f3n<\/b><\/strong><\/h2>\n<h3><strong><b>Principio:<\/b><\/strong><\/h3>\n<p>Los remaches son succionados hacia la boquilla de la pistola remachadora gracias a la presi\u00f3n negativa en la boquilla de la pistola remachadora; la remachadora autom\u00e1tica SWOER es una versi\u00f3n automatizada de la pistola remachadora autom\u00e1tica.<\/p>\n<p>Se basa en una m\u00e1quina para ordenar y separar autom\u00e1ticamente los remaches y utiliza aire comprimido como energ\u00eda para transportar autom\u00e1ticamente los remaches a la boquilla de la pistola remachadora a trav\u00e9s de tuber\u00edas.<\/p>\n<h3><strong><b>Funci\u00f3n:<\/b><\/strong><\/h3>\n<p>Con la m\u00e1quina sacaclavos autom\u00e1tica SWOER se pueden realizar tareas arduas que dependen en gran medida de las manos de trabajadores cualificados.<\/p>\n<p>Las operaciones manuales de extracci\u00f3n de clavos se pueden actualizar a operaciones automatizadas o no tripuladas.<\/p>\n<h3><strong><b>Efecto:<\/b><\/strong><\/h3>\n<ol>\n<li><strong><b> Ahorra trabajadores y facilita la gesti\u00f3n<\/b><\/strong><\/li>\n<\/ol>\n<p>La velocidad de extracci\u00f3n de clavos es r\u00e1pida, una persona puede hacer el trabajo de dos personas y hay menos trabajadores, lo que reduce los costos de gesti\u00f3n o los salarios.<\/p>\n<ol start=\"2\">\n<li><strong><b> Alta eficiencia y ahorro de costes<\/b><\/strong><\/li>\n<\/ol>\n<p>No es necesario sacar los remaches a mano, lo que ahorra tiempo al clavar. La producci\u00f3n aumenta en comparaci\u00f3n con el original, la producci\u00f3n diaria se completa antes de lo previsto y el volumen de producci\u00f3n se reduce. No m\u00e1s horas extras durante las horas de trabajo de corto plazo.<\/p>\n<ol start=\"3\">\n<li><strong><b> S\u00faper limpio y de buena calidad.<\/b><\/strong><\/li>\n<\/ol>\n<p>El remache se env\u00eda autom\u00e1ticamente a la boquilla de la pistola, sin necesidad de tomarlo con la mano, lo que reduce la contaminaci\u00f3n secundaria; sujete el producto con la mano izquierda, sin necesidad de preocuparse. Las posiciones de los orificios son desiguales, lo que resulta en una producci\u00f3n reducida o un trabajo secundario.<\/p>\n<ol start=\"4\">\n<li><strong><b> No es necesario tomarlo con la mano, es m\u00e1s f\u00e1cil.<\/b><\/strong><\/li>\n<\/ol>\n<p>La mano izquierda no necesita trabajar y puede sujetar el producto, lo que reduce en gran medida la intensidad laboral de los trabajadores.<\/p>\n<ol start=\"5\">\n<li><strong><b> No es necesario tener experiencia, es f\u00e1cil de aprender.<\/b><\/strong><\/li>\n<\/ol>\n<p>Puede ser operada tanto por manos experimentadas como por personas con experiencia, y no se requiere capacitaci\u00f3n. Pueden comenzar a trabajar de inmediato; no hay necesidad de preocuparse por la p\u00e9rdida de producci\u00f3n por parte de manos experimentadas.<\/p>\n\t\t<\/div>\n\n\t\t\n<style>\n#section_629582586 {\n  padding-top: 30px;\n  padding-bottom: 30px;\n}\n#section_629582586 .ux-shape-divider--top svg {\n  height: 150px;\n  --divider-top-width: 100%;\n}\n#section_629582586 .ux-shape-divider--bottom svg {\n  height: 150px;\n  --divider-width: 100%;\n}\n<\/style>\n\t<\/section>\n\t\n\t<section class=\"section\" id=\"section_1665608901\">\n\t\t<div class=\"bg section-bg fill bg-fill  bg-loaded\" >\n\n\t\t\t\n\t\t\t\n\t\t\t\n\n\t\t<\/div>\n\n\t\t\n\n\t\t<div class=\"section-content relative\">\n\t\t\t\n<h2 style=\"text-align: center;\"><strong><b>Alcance de <\/b><\/strong><strong><b>A<\/b><\/strong><strong><b>Aplicaci\u00f3n de <\/b><\/strong><strong><b>El clavo<\/b><\/strong><\/h2>\n\t<div class=\"img has-hover x md-x lg-x y md-y lg-y\" id=\"image_698153685\">\n\t\t\t\t\t\t\t\t<div class=\"img-inner dark\" >\n\t\t\t<img loading=\"lazy\" decoding=\"async\" width=\"553\" height=\"156\" src=\"https:\/\/swoer.com\/wp-content\/uploads\/2024\/04\/Scope-of-Application-of-The-Nail.webp\" class=\"attachment-original size-original\" alt=\"\u00c1mbito de aplicaci\u00f3n de la u\u00f1a\" srcset=\"https:\/\/swoer.com\/wp-content\/uploads\/2024\/04\/Scope-of-Application-of-The-Nail.webp 553w, https:\/\/swoer.com\/wp-content\/uploads\/2024\/04\/Scope-of-Application-of-The-Nail-300x85.webp 300w\" sizes=\"(max-width: 553px) 100vw, 553px\" \/>\t\t\t\t\t\t\n\t\t\t\t\t<\/div>\n\t\t\t\t\t\t\t\t\n<style>\n#image_698153685 {\n  width: 100%;\n}\n<\/style>\n\t<\/div>\n\t\n<table>\n<tbody>\n<tr>\n<td colspan=\"3\" width=\"568\">\n<h4 style=\"text-align: center;\"><strong>Rango de aplicaci\u00f3n de remaches (Unidad: mm)<\/strong><\/h4>\n<\/td>\n<\/tr>\n<tr>\n<td width=\"189\">C\u00f3digo de nombre<\/td>\n<td width=\"189\">Tama\u00f1o m\u00ednimo<\/td>\n<td width=\"189\">Tama\u00f1o m\u00e1ximo<\/td>\n<\/tr>\n<tr>\n<td width=\"189\">Di\u00e1metro del tubo del remache A<\/td>\n<td width=\"189\">2.4<\/td>\n<td width=\"189\">4.8<\/td>\n<\/tr>\n<tr>\n<td width=\"189\">Longitud del tubo remachado B<\/td>\n<td width=\"189\">2<\/td>\n<td width=\"189\">15<\/td>\n<\/tr>\n<tr>\n<td width=\"189\">Di\u00e1metro del ala del sombrero C<\/td>\n<td width=\"189\">4<\/td>\n<td width=\"189\">9.5<\/td>\n<\/tr>\n<tr>\n<td width=\"189\">Di\u00e1metro del n\u00facleo de tracci\u00f3n D<\/td>\n<td width=\"189\">1.4<\/td>\n<td width=\"189\">3<\/td>\n<\/tr>\n<tr>\n<td width=\"189\">Longitud del n\u00facleo de tracci\u00f3n E<\/td>\n<td width=\"189\">24<\/td>\n<td width=\"189\">36<\/td>\n<\/tr>\n<tr>\n<td width=\"189\">Longitud total del remache F<\/td>\n<td width=\"189\">28<\/td>\n<td width=\"189\">48<\/td>\n<\/tr>\n<\/tbody>\n<\/table>\n<p><strong><b>Nota:<\/b><\/strong><\/p>\n<ol>\n<li>Las dimensiones externas de los remaches deben cumplir con este rango.<\/li>\n<li>Algunos remaches especiales: cuando la longitud del tubo remachado es mayor a 13 mm, la longitud del n\u00facleo debe ser mayor a 28 mm; cuando la longitud del tubo remachado es igual a 17 mm, la longitud del n\u00facleo no debe ser menor a 26 mm.<\/li>\n<li>Requisitos del tipo de remache: Los remaches de acero inoxidable requieren baja pureza, mientras que otros remaches, como los clavos de hierro y los clavos de acero, no tienen requisitos.<\/li>\n<\/ol>\n\t\t<\/div>\n\n\t\t\n<style>\n#section_1665608901 {\n  padding-top: 30px;\n  padding-bottom: 30px;\n}\n#section_1665608901 .ux-shape-divider--top svg {\n  height: 150px;\n  --divider-top-width: 100%;\n}\n#section_1665608901 .ux-shape-divider--bottom svg {\n  height: 150px;\n  --divider-width: 100%;\n}\n<\/style>\n\t<\/section>\n\t\n\t<section class=\"section\" id=\"section_620415446\">\n\t\t<div class=\"bg section-bg fill bg-fill  bg-loaded\" >\n\n\t\t\t\n\t\t\t\n\t\t\t\n\n\t\t<\/div>\n\n\t\t\n\n\t\t<div class=\"section-content relative\">\n\t\t\t\n<h2 style=\"text-align: center;\"><strong><b>Campo de aplicaci\u00f3n<\/b><\/strong><\/h2>\n<p>La remachadora autom\u00e1tica SWOER es adecuada para operaciones de remachado de conexi\u00f3n de dos o m\u00e1s capas de paneles de diversos materiales y espesores mediante remaches. Se utiliza ampliamente en chasis, armarios, iluminaci\u00f3n, autom\u00f3viles, barcos, aviones, peque\u00f1os electrodom\u00e9sticos, operaciones de extracci\u00f3n de clavos en servidores, hornos el\u00e9ctricos, hornos microondas, envasado de licores y otras industrias.<\/p>\n\t<div class=\"img has-hover x md-x lg-x y md-y lg-y\" id=\"image_873511996\">\n\t\t\t\t\t\t\t\t<div class=\"img-inner dark\" >\n\t\t\t<img loading=\"lazy\" decoding=\"async\" width=\"553\" height=\"212\" src=\"https:\/\/swoer.com\/wp-content\/uploads\/2024\/04\/automatic-riveting-machine-application-field.webp\" class=\"attachment-original size-original\" alt=\"Campo de aplicaci\u00f3n de la remachadora autom\u00e1tica\" srcset=\"https:\/\/swoer.com\/wp-content\/uploads\/2024\/04\/automatic-riveting-machine-application-field.webp 553w, https:\/\/swoer.com\/wp-content\/uploads\/2024\/04\/automatic-riveting-machine-application-field-300x115.webp 300w\" sizes=\"(max-width: 553px) 100vw, 553px\" \/>\t\t\t\t\t\t\n\t\t\t\t\t<\/div>\n\t\t\t\t\t\t\t\t\n<style>\n#image_873511996 {\n  width: 100%;\n}\n<\/style>\n\t<\/div>\n\t\n\t\t<\/div>\n\n\t\t\n<style>\n#section_620415446 {\n  padding-top: 30px;\n  padding-bottom: 30px;\n}\n#section_620415446 .ux-shape-divider--top svg {\n  height: 150px;\n  --divider-top-width: 100%;\n}\n#section_620415446 .ux-shape-divider--bottom svg {\n  height: 150px;\n  --divider-width: 100%;\n}\n<\/style>\n\t<\/section>","protected":false},"excerpt":{"rendered":"","protected":false},"author":1,"featured_media":0,"parent":0,"menu_order":0,"comment_status":"closed","ping_status":"closed","template":"","meta":{"footnotes":""},"yoast_head":"<!-- This site is optimized with the Yoast SEO plugin v22.2 - https:\/\/yoast.com\/wordpress\/plugins\/seo\/ -->\n<title>Auto Screw Feeder Machine - SWOER<\/title>\n<meta name=\"description\" content=\"Swoer is a professional manufacturer of auto screw feeder machine.\" \/>\n<meta name=\"robots\" content=\"index, follow, max-snippet:-1, max-image-preview:large, max-video-preview:-1\" \/>\n<link rel=\"canonical\" href=\"https:\/\/swoer.com\/es_es\/automatic-rivet-machine\/\" \/>\n<meta property=\"og:locale\" content=\"es_ES\" \/>\n<meta property=\"og:type\" content=\"article\" \/>\n<meta property=\"og:title\" content=\"Auto Screw Feeder Machine - SWOER\" \/>\n<meta property=\"og:description\" content=\"Swoer is a professional manufacturer of auto screw feeder machine.\" \/>\n<meta property=\"og:url\" content=\"https:\/\/swoer.com\/es_es\/automatic-rivet-machine\/\" \/>\n<meta property=\"og:site_name\" content=\"SWOER\" \/>\n<meta property=\"article:modified_time\" content=\"2024-12-02T09:21:30+00:00\" \/>\n<meta name=\"twitter:card\" content=\"summary_large_image\" \/>\n<meta name=\"twitter:label1\" content=\"Tiempo de lectura\" \/>\n\t<meta name=\"twitter:data1\" content=\"5 minutos\" \/>\n<script type=\"application\/ld+json\" class=\"yoast-schema-graph\">{\"@context\":\"https:\/\/schema.org\",\"@graph\":[{\"@type\":\"WebPage\",\"@id\":\"https:\/\/swoer.com\/automatic-rivet-machine\/\",\"url\":\"https:\/\/swoer.com\/automatic-rivet-machine\/\",\"name\":\"Auto Screw Feeder Machine - SWOER\",\"isPartOf\":{\"@id\":\"https:\/\/swoer.com\/#website\"},\"datePublished\":\"2024-04-02T07:05:58+00:00\",\"dateModified\":\"2024-12-02T09:21:30+00:00\",\"description\":\"Swoer is a professional manufacturer of auto screw feeder machine.\",\"breadcrumb\":{\"@id\":\"https:\/\/swoer.com\/automatic-rivet-machine\/#breadcrumb\"},\"inLanguage\":\"es\",\"potentialAction\":[{\"@type\":\"ReadAction\",\"target\":[\"https:\/\/swoer.com\/automatic-rivet-machine\/\"]}]},{\"@type\":\"BreadcrumbList\",\"@id\":\"https:\/\/swoer.com\/automatic-rivet-machine\/#breadcrumb\",\"itemListElement\":[{\"@type\":\"ListItem\",\"position\":1,\"name\":\"Home\",\"item\":\"https:\/\/swoer.com\/\"},{\"@type\":\"ListItem\",\"position\":2,\"name\":\"Auto Screw Feeder Machine\"}]},{\"@type\":\"WebSite\",\"@id\":\"https:\/\/swoer.com\/#website\",\"url\":\"https:\/\/swoer.com\/\",\"name\":\"SWOER\",\"description\":\"Swoer is the top 3 vibratory bowl feeder manufacturer in China\",\"potentialAction\":[{\"@type\":\"SearchAction\",\"target\":{\"@type\":\"EntryPoint\",\"urlTemplate\":\"https:\/\/swoer.com\/?s={search_term_string}\"},\"query-input\":\"required name=search_term_string\"}],\"inLanguage\":\"es\"}]}<\/script>\n<!-- \/ Yoast SEO plugin. -->","yoast_head_json":{"title":"Auto Screw Feeder Machine - SWOER","description":"Swoer is a professional manufacturer of auto screw feeder machine.","robots":{"index":"index","follow":"follow","max-snippet":"max-snippet:-1","max-image-preview":"max-image-preview:large","max-video-preview":"max-video-preview:-1"},"canonical":"https:\/\/swoer.com\/es_es\/automatic-rivet-machine\/","og_locale":"es_ES","og_type":"article","og_title":"Auto Screw Feeder Machine - SWOER","og_description":"Swoer is a professional manufacturer of auto screw feeder machine.","og_url":"https:\/\/swoer.com\/es_es\/automatic-rivet-machine\/","og_site_name":"SWOER","article_modified_time":"2024-12-02T09:21:30+00:00","twitter_card":"summary_large_image","twitter_misc":{"Tiempo de lectura":"5 minutos"},"schema":{"@context":"https:\/\/schema.org","@graph":[{"@type":"WebPage","@id":"https:\/\/swoer.com\/automatic-rivet-machine\/","url":"https:\/\/swoer.com\/automatic-rivet-machine\/","name":"Auto Screw Feeder Machine - SWOER","isPartOf":{"@id":"https:\/\/swoer.com\/#website"},"datePublished":"2024-04-02T07:05:58+00:00","dateModified":"2024-12-02T09:21:30+00:00","description":"Swoer is a professional manufacturer of auto screw feeder machine.","breadcrumb":{"@id":"https:\/\/swoer.com\/automatic-rivet-machine\/#breadcrumb"},"inLanguage":"es","potentialAction":[{"@type":"ReadAction","target":["https:\/\/swoer.com\/automatic-rivet-machine\/"]}]},{"@type":"BreadcrumbList","@id":"https:\/\/swoer.com\/automatic-rivet-machine\/#breadcrumb","itemListElement":[{"@type":"ListItem","position":1,"name":"Home","item":"https:\/\/swoer.com\/"},{"@type":"ListItem","position":2,"name":"Auto Screw Feeder Machine"}]},{"@type":"WebSite","@id":"https:\/\/swoer.com\/#website","url":"https:\/\/swoer.com\/","name":"SWOER","description":"Swoer is the top 3 vibratory bowl feeder manufacturer in China","potentialAction":[{"@type":"SearchAction","target":{"@type":"EntryPoint","urlTemplate":"https:\/\/swoer.com\/?s={search_term_string}"},"query-input":"required name=search_term_string"}],"inLanguage":"es"}]}},"_links":{"self":[{"href":"https:\/\/swoer.com\/es_es\/wp-json\/wp\/v2\/pages\/1823"}],"collection":[{"href":"https:\/\/swoer.com\/es_es\/wp-json\/wp\/v2\/pages"}],"about":[{"href":"https:\/\/swoer.com\/es_es\/wp-json\/wp\/v2\/types\/page"}],"author":[{"embeddable":true,"href":"https:\/\/swoer.com\/es_es\/wp-json\/wp\/v2\/users\/1"}],"replies":[{"embeddable":true,"href":"https:\/\/swoer.com\/es_es\/wp-json\/wp\/v2\/comments?post=1823"}],"version-history":[{"count":15,"href":"https:\/\/swoer.com\/es_es\/wp-json\/wp\/v2\/pages\/1823\/revisions"}],"predecessor-version":[{"id":2952,"href":"https:\/\/swoer.com\/es_es\/wp-json\/wp\/v2\/pages\/1823\/revisions\/2952"}],"wp:attachment":[{"href":"https:\/\/swoer.com\/es_es\/wp-json\/wp\/v2\/media?parent=1823"}],"curies":[{"name":"wp","href":"https:\/\/api.w.org\/{rel}","templated":true}]}}