{"id":3268,"date":"2025-04-02T10:32:36","date_gmt":"2025-04-02T02:32:36","guid":{"rendered":"https:\/\/swoer.com\/?post_type=product&#038;p=3268"},"modified":"2025-04-11T15:22:03","modified_gmt":"2025-04-11T07:22:03","slug":"vibratory-bowl-feeder-for-dust-seal-bowl-feeder-automation","status":"publish","type":"product","link":"https:\/\/swoer.com\/es\/manufacturer\/vibratory-bowl-feeder-for-dust-seal-bowl-feeder-automation\/","title":{"rendered":"Alimentador vibratorio de taz\u00f3n para sello antipolvo | Automatizaci\u00f3n de alimentadores de taz\u00f3n"},"content":{"rendered":"<h2 data-start=\"0\" data-end=\"59\"><strong data-start=\"0\" data-end=\"57\">Alimentador vibratorio de taz\u00f3n personalizado para automatizaci\u00f3n de sellado antipolvo<\/strong><\/h2>\n<p class=\"\" data-start=\"61\" data-end=\"332\">Nuestro alimentador vibratorio para sellos antipolvo est\u00e1 dise\u00f1ado para una alimentaci\u00f3n precisa, estable y eficiente de piezas en l\u00edneas de producci\u00f3n automatizadas. Este alimentador es totalmente personalizable seg\u00fan el tama\u00f1o, la forma y el material del sello antipolvo, lo que garantiza un posicionamiento uniforme y uniforme.<\/p>\n<h2 data-start=\"334\" data-end=\"378\"><strong data-start=\"338\" data-end=\"376\">Dise\u00f1ado para sus necesidades de producci\u00f3n<\/strong><\/h2>\n<p class=\"\" data-start=\"379\" data-end=\"695\">En SWOER, sabemos que cada proceso de producci\u00f3n es diferente. Por eso, ofrecemos dise\u00f1os personalizados que se adaptan a sus necesidades exactas, desde el tama\u00f1o del taz\u00f3n y la disposici\u00f3n de las pistas hasta la elecci\u00f3n del material. Ya sea que sus sellos guardapolvo sean fr\u00e1giles, tengan una forma irregular o requieran un manejo cuidadoso, garantizamos un funcionamiento fluido con un desgaste m\u00ednimo de las piezas.<\/p>\n<h2 data-start=\"697\" data-end=\"730\"><strong data-start=\"701\" data-end=\"728\">Alimentaci\u00f3n r\u00e1pida y confiable<\/strong><\/h2>\n<p class=\"\" data-start=\"731\" data-end=\"1005\">Fabricados en acero inoxidable de alta calidad con recubrimientos duraderos, nuestros alimentadores vibratorios ofrecen un rendimiento duradero. El sistema optimizado de control de vibraci\u00f3n mantiene el flujo constante de las piezas a alta velocidad, lo que aumenta la eficiencia de la producci\u00f3n y reduce el tiempo de inactividad.<\/p>\n<h2 data-start=\"1007\" data-end=\"1057\"><strong data-start=\"1011\" data-end=\"1055\">F\u00e1cil integraci\u00f3n con sistemas de automatizaci\u00f3n<\/strong><\/h2>\n<p class=\"\" data-start=\"1058\" data-end=\"1339\">Nuestros alimentadores funcionan a la perfecci\u00f3n con sistemas rob\u00f3ticos de selecci\u00f3n y colocaci\u00f3n, inspecci\u00f3n de visi\u00f3n y otras configuraciones de automatizaci\u00f3n, lo que los hace ideales para la industria automotriz.<strong data-start=\"1197\" data-end=\"1248\">, <\/strong>Industrias electr\u00f3nicas y de sellado. Ofrecemos<strong data-start=\"1259\" data-end=\"1285\"> personalizaci\u00f3n completa<\/strong> Para adaptarse sin problemas a su l\u00ednea de producci\u00f3n existente.<\/p>\n<p class=\"\" data-start=\"1341\" data-end=\"1448\">\u00bfNecesita un alimentador vibratorio de taz\u00f3n personalizado para sellos antipolvo? \u00a1Contacte con SWOER hoy mismo para hablar sobre sus necesidades espec\u00edficas!<\/p>\n\n<div class=\"wpcf7 no-js\" id=\"wpcf7-f280-o1\" lang=\"en-US\" dir=\"ltr\">\n<div class=\"screen-reader-response\"><p role=\"status\" aria-live=\"polite\" aria-atomic=\"true\"><\/p> <ul><\/ul><\/div>\n<form action=\"\/es\/wp-json\/wp\/v2\/product\/3268#wpcf7-f280-o1\" method=\"post\" class=\"wpcf7-form init\" aria-label=\"Formulario de contacto\" novalidate=\"novalidate\" data-status=\"init\" data-trp-original-action=\"\/es\/wp-json\/wp\/v2\/product\/3268#wpcf7-f280-o1\">\n<div style=\"display: none;\">\n<input type=\"hidden\" name=\"_wpcf7\" value=\"280\" \/>\n<input type=\"hidden\" name=\"_wpcf7_version\" value=\"5.9.2\" \/>\n<input type=\"hidden\" name=\"_wpcf7_locale\" value=\"en_US\" \/>\n<input type=\"hidden\" name=\"_wpcf7_unit_tag\" value=\"wpcf7-f280-o1\" \/>\n<input type=\"hidden\" name=\"_wpcf7_container_post\" value=\"0\" \/>\n<input type=\"hidden\" name=\"_wpcf7_posted_data_hash\" value=\"\" \/>\n<\/div>\n<div class='custom_contact_style'>\n\t<div class=\"row row-small\">\n\t\t<div class=\"col medium-6 small-12 large-6\">\n\t\t\t<div class=\"col-inner\">\n\t\t\t\t<p><span class=\"wpcf7-form-control-wrap\" data-name=\"your-name\"><input size=\"40\" class=\"wpcf7-form-control wpcf7-text wpcf7-validates-as-required\" aria-required=\"true\" aria-invalid=\"false\" placeholder=\"Nombre*\" value=\"\" type=\"text\" name=\"your-name\" \/><\/span>\n\t\t\t\t<\/p>\n\t\t\t<\/div>\n\t\t<\/div>\n\t\t<div class=\"col medium-6 small-12 large-6\">\n\t\t\t<div class=\"col-inner\">\n\t\t\t\t<p><span class=\"wpcf7-form-control-wrap\" data-name=\"your-email\"><input size=\"40\" class=\"wpcf7-form-control wpcf7-email wpcf7-validates-as-required wpcf7-text wpcf7-validates-as-email\" aria-required=\"true\" aria-invalid=\"false\" placeholder=\"Correo electr\u00f3nico*\" value=\"\" type=\"email\" name=\"your-email\" \/><\/span>\n\t\t\t\t<\/p>\n\t\t\t<\/div>\n\t\t<\/div>\n\t<\/div>\n\t<div class='cus_contact_form_bottom'>\n\t\t<p><span class=\"wpcf7-form-control-wrap\" data-name=\"your-phone\"><input size=\"40\" class=\"wpcf7-form-control wpcf7-text\" aria-invalid=\"false\" placeholder=\"Tel\u00e9fono\" value=\"\" type=\"text\" name=\"your-phone\" \/><\/span>\n\t\t<\/p>\n\t<\/div>\n\t<div class='cus_contact_form_bottom'>\n\t\t<p><span class=\"wpcf7-form-control-wrap\" data-name=\"your-country\"><input size=\"40\" class=\"wpcf7-form-control wpcf7-text\" aria-invalid=\"false\" placeholder=\"Pa\u00eds\" value=\"\" type=\"text\" name=\"your-country\" \/><\/span>\n\t\t<\/p>\n\t<\/div>\n\t<p><span class=\"wpcf7-form-control-wrap\" data-name=\"your-message\"><textarea cols=\"40\" rows=\"10\" class=\"wpcf7-form-control wpcf7-textarea wpcf7-validates-as-required\" aria-required=\"true\" aria-invalid=\"false\" placeholder=\"Tu mensaje *\" name=\"your-message\"><\/textarea><\/span>\n\t<\/p>\n\t<div style=\"margin-bottom:10px;\">\n\t\t<p><span class=\"wpcf7-form-control-wrap kc_captcha cf7ic-toggle\" data-name=\"kc_captcha\"><span class=\"wpcf7-form-control wpcf7-radio\"><span class=\"captcha-image\" style=\"display: none;\"><span class=\"cf7ic_instructions\">Por favor, demuestra que eres humano seleccionando el<span> star<\/span>.<\/span><label><input aria-label=\"1\" type=\"radio\" name=\"kc_captcha\" value=\"kc_human\" \/><svg aria-hidden=\"true\" role=\"img\" xmlns=\"http:\/\/www.w3.org\/2000\/svg\" viewbox=\"0 0 576 512\"><path fill=\"currentColor\" d=\"M259 18l-65 132-146 22c-26 3-37 36-18 54l106 103-25 146c-5 26 23 46 46 33l131-68 131 68c23 13 51-7 46-33l-25-146 106-103c19-18 8-51-18-54l-146-22-65-132a32 32 0 00-58 0z\"\/><\/svg><\/label><label><input aria-label=\"2\" type=\"radio\" name=\"kc_captcha\" value=\"bot\" \/><svg aria-hidden=\"true\" role=\"img\" xmlns=\"http:\/\/www.w3.org\/2000\/svg\" viewbox=\"0 0 640 512\"><path fill=\"currentColor\" d=\"M192 384h192c53 0 96-43 96-96h32a128 128 0 000-256H120c-13 0-24 11-24 24v232c0 53 43 96 96 96zM512 96a64 64 0 010 128h-32V96h32zm48 384H48c-47 0-61-64-36-64h584c25 0 11 64-36 64z\"\/><\/svg><\/label><label><input aria-label=\"3\" type=\"radio\" name=\"kc_captcha\" value=\"bot\" \/><svg aria-hidden=\"true\" role=\"img\" xmlns=\"http:\/\/www.w3.org\/2000\/svg\" viewbox=\"0 0 512 512\"><path fill=\"currentColor\" d=\"M512 176a176 176 0 01-209 173l-24 27a24 24 0 01-18 8h-37v40c0 13-11 24-24 24h-40v40c0 13-11 24-24 24H24c-13 0-24-11-24-24v-78c0-6 3-13 7-17l162-162a176 176 0 11343-55zm-176-48a48 48 0 1096 0 48 48 0 00-96 0z\"\/><\/svg><\/label>\r\n    <\/span>\r\n    <span style=\"display:none\">\r\n        <input type=\"text\" name=\"kc_honeypot\">\r\n    <\/span><\/span><\/span>\n\t\t<\/p>\n\t<\/div>\n\t<p><input class=\"wpcf7-form-control wpcf7-submit has-spinner\" type=\"submit\" value=\"Enviar mensaje\" \/>\n\t<\/p>\n<\/div><div class=\"wpcf7-response-output\" aria-hidden=\"true\"><\/div>\n<input type=\"hidden\" name=\"trp-form-language\" value=\"es\"\/><\/form>\n<\/div>","protected":false},"excerpt":{"rendered":"<p>Alimentador de recipiente automatizado para el manejo de sellos antipolvo.<\/p>\n<p>Alimentador vibratorio de alta eficiencia para sellos antipolvo.<\/p>","protected":false},"featured_media":3269,"comment_status":"open","ping_status":"closed","template":"","meta":[],"product_cat":[37],"product_tag":[],"yoast_head":"<!-- This site is optimized with the Yoast SEO plugin v22.2 - https:\/\/yoast.com\/wordpress\/plugins\/seo\/ -->\n<title>Vibratory Bowl Feeder for Dust Seal | Bowl Feeder Automation - SWOER<\/title>\n<meta name=\"description\" content=\"Precision-engineered vibratory bowl feeder for dust seals. Reliable automation ensures smooth part feeding, enhancing manufacturing process efficiency.\" \/>\n<meta name=\"robots\" content=\"index, follow, max-snippet:-1, max-image-preview:large, max-video-preview:-1\" \/>\n<link rel=\"canonical\" href=\"https:\/\/swoer.com\/es\/manufacturer\/vibratory-bowl-feeder-for-dust-seal-bowl-feeder-automation\/\" \/>\n<meta property=\"og:locale\" content=\"es_MX\" \/>\n<meta property=\"og:type\" content=\"article\" \/>\n<meta property=\"og:title\" content=\"Vibratory Bowl Feeder for Dust Seal | Bowl Feeder Automation - SWOER\" \/>\n<meta property=\"og:description\" content=\"Precision-engineered vibratory bowl feeder for dust seals. Reliable automation ensures smooth part feeding, enhancing manufacturing process efficiency.\" \/>\n<meta property=\"og:url\" content=\"https:\/\/swoer.com\/es\/manufacturer\/vibratory-bowl-feeder-for-dust-seal-bowl-feeder-automation\/\" \/>\n<meta property=\"og:site_name\" content=\"SWOER\" \/>\n<meta property=\"article:modified_time\" content=\"2025-04-11T07:22:03+00:00\" \/>\n<meta property=\"og:image\" content=\"https:\/\/swoer.com\/wp-content\/uploads\/2025\/04\/vibratory-bowl-feeder-for-dust-seal.webp\" \/>\n\t<meta property=\"og:image:width\" content=\"1000\" \/>\n\t<meta property=\"og:image:height\" content=\"1000\" \/>\n\t<meta property=\"og:image:type\" content=\"image\/webp\" \/>\n<meta name=\"twitter:card\" content=\"summary_large_image\" \/>\n<meta name=\"twitter:label1\" content=\"Tiempo de lectura\" \/>\n\t<meta name=\"twitter:data1\" content=\"2 minutos\" \/>\n<script type=\"application\/ld+json\" class=\"yoast-schema-graph\">{\"@context\":\"https:\/\/schema.org\",\"@graph\":[{\"@type\":\"WebPage\",\"@id\":\"https:\/\/swoer.com\/manufacturer\/vibratory-bowl-feeder-for-dust-seal-bowl-feeder-automation\/\",\"url\":\"https:\/\/swoer.com\/manufacturer\/vibratory-bowl-feeder-for-dust-seal-bowl-feeder-automation\/\",\"name\":\"Vibratory Bowl Feeder for Dust Seal | Bowl Feeder Automation - SWOER\",\"isPartOf\":{\"@id\":\"https:\/\/swoer.com\/#website\"},\"primaryImageOfPage\":{\"@id\":\"https:\/\/swoer.com\/manufacturer\/vibratory-bowl-feeder-for-dust-seal-bowl-feeder-automation\/#primaryimage\"},\"image\":{\"@id\":\"https:\/\/swoer.com\/manufacturer\/vibratory-bowl-feeder-for-dust-seal-bowl-feeder-automation\/#primaryimage\"},\"thumbnailUrl\":\"https:\/\/swoer.com\/wp-content\/uploads\/2025\/04\/vibratory-bowl-feeder-for-dust-seal.webp\",\"datePublished\":\"2025-04-02T02:32:36+00:00\",\"dateModified\":\"2025-04-11T07:22:03+00:00\",\"description\":\"Precision-engineered vibratory bowl feeder for dust seals. Reliable automation ensures smooth part feeding, enhancing manufacturing process efficiency.\",\"breadcrumb\":{\"@id\":\"https:\/\/swoer.com\/manufacturer\/vibratory-bowl-feeder-for-dust-seal-bowl-feeder-automation\/#breadcrumb\"},\"inLanguage\":\"es-MX\",\"potentialAction\":[{\"@type\":\"ReadAction\",\"target\":[\"https:\/\/swoer.com\/manufacturer\/vibratory-bowl-feeder-for-dust-seal-bowl-feeder-automation\/\"]}]},{\"@type\":\"ImageObject\",\"inLanguage\":\"es-MX\",\"@id\":\"https:\/\/swoer.com\/manufacturer\/vibratory-bowl-feeder-for-dust-seal-bowl-feeder-automation\/#primaryimage\",\"url\":\"https:\/\/swoer.com\/wp-content\/uploads\/2025\/04\/vibratory-bowl-feeder-for-dust-seal.webp\",\"contentUrl\":\"https:\/\/swoer.com\/wp-content\/uploads\/2025\/04\/vibratory-bowl-feeder-for-dust-seal.webp\",\"width\":1000,\"height\":1000,\"caption\":\"vibratory bowl feeder for dust seal\"},{\"@type\":\"BreadcrumbList\",\"@id\":\"https:\/\/swoer.com\/manufacturer\/vibratory-bowl-feeder-for-dust-seal-bowl-feeder-automation\/#breadcrumb\",\"itemListElement\":[{\"@type\":\"ListItem\",\"position\":1,\"name\":\"Home\",\"item\":\"https:\/\/swoer.com\/\"},{\"@type\":\"ListItem\",\"position\":2,\"name\":\"Shop\",\"item\":\"https:\/\/swoer.com\/shop\/\"},{\"@type\":\"ListItem\",\"position\":3,\"name\":\"Vibratory Bowl Feeder for Dust Seal | Bowl Feeder Automation\"}]},{\"@type\":\"WebSite\",\"@id\":\"https:\/\/swoer.com\/#website\",\"url\":\"https:\/\/swoer.com\/\",\"name\":\"SWOER\",\"description\":\"Swoer is the top 3 vibratory bowl feeder manufacturer in China\",\"potentialAction\":[{\"@type\":\"SearchAction\",\"target\":{\"@type\":\"EntryPoint\",\"urlTemplate\":\"https:\/\/swoer.com\/?s={search_term_string}\"},\"query-input\":\"required name=search_term_string\"}],\"inLanguage\":\"es-MX\"}]}<\/script>\n<!-- \/ Yoast SEO plugin. -->","yoast_head_json":{"title":"Vibratory Bowl Feeder for Dust Seal | Bowl Feeder Automation - SWOER","description":"Precision-engineered vibratory bowl feeder for dust seals. Reliable automation ensures smooth part feeding, enhancing manufacturing process efficiency.","robots":{"index":"index","follow":"follow","max-snippet":"max-snippet:-1","max-image-preview":"max-image-preview:large","max-video-preview":"max-video-preview:-1"},"canonical":"https:\/\/swoer.com\/es\/manufacturer\/vibratory-bowl-feeder-for-dust-seal-bowl-feeder-automation\/","og_locale":"es_MX","og_type":"article","og_title":"Vibratory Bowl Feeder for Dust Seal | Bowl Feeder Automation - SWOER","og_description":"Precision-engineered vibratory bowl feeder for dust seals. Reliable automation ensures smooth part feeding, enhancing manufacturing process efficiency.","og_url":"https:\/\/swoer.com\/es\/manufacturer\/vibratory-bowl-feeder-for-dust-seal-bowl-feeder-automation\/","og_site_name":"SWOER","article_modified_time":"2025-04-11T07:22:03+00:00","og_image":[{"width":1000,"height":1000,"url":"https:\/\/swoer.com\/wp-content\/uploads\/2025\/04\/vibratory-bowl-feeder-for-dust-seal.webp","type":"image\/webp"}],"twitter_card":"summary_large_image","twitter_misc":{"Tiempo de lectura":"2 minutos"},"schema":{"@context":"https:\/\/schema.org","@graph":[{"@type":"WebPage","@id":"https:\/\/swoer.com\/manufacturer\/vibratory-bowl-feeder-for-dust-seal-bowl-feeder-automation\/","url":"https:\/\/swoer.com\/manufacturer\/vibratory-bowl-feeder-for-dust-seal-bowl-feeder-automation\/","name":"Vibratory Bowl Feeder for Dust Seal | Bowl Feeder Automation - SWOER","isPartOf":{"@id":"https:\/\/swoer.com\/#website"},"primaryImageOfPage":{"@id":"https:\/\/swoer.com\/manufacturer\/vibratory-bowl-feeder-for-dust-seal-bowl-feeder-automation\/#primaryimage"},"image":{"@id":"https:\/\/swoer.com\/manufacturer\/vibratory-bowl-feeder-for-dust-seal-bowl-feeder-automation\/#primaryimage"},"thumbnailUrl":"https:\/\/swoer.com\/wp-content\/uploads\/2025\/04\/vibratory-bowl-feeder-for-dust-seal.webp","datePublished":"2025-04-02T02:32:36+00:00","dateModified":"2025-04-11T07:22:03+00:00","description":"Precision-engineered vibratory bowl feeder for dust seals. Reliable automation ensures smooth part feeding, enhancing manufacturing process efficiency.","breadcrumb":{"@id":"https:\/\/swoer.com\/manufacturer\/vibratory-bowl-feeder-for-dust-seal-bowl-feeder-automation\/#breadcrumb"},"inLanguage":"es-MX","potentialAction":[{"@type":"ReadAction","target":["https:\/\/swoer.com\/manufacturer\/vibratory-bowl-feeder-for-dust-seal-bowl-feeder-automation\/"]}]},{"@type":"ImageObject","inLanguage":"es-MX","@id":"https:\/\/swoer.com\/manufacturer\/vibratory-bowl-feeder-for-dust-seal-bowl-feeder-automation\/#primaryimage","url":"https:\/\/swoer.com\/wp-content\/uploads\/2025\/04\/vibratory-bowl-feeder-for-dust-seal.webp","contentUrl":"https:\/\/swoer.com\/wp-content\/uploads\/2025\/04\/vibratory-bowl-feeder-for-dust-seal.webp","width":1000,"height":1000,"caption":"vibratory bowl feeder for dust seal"},{"@type":"BreadcrumbList","@id":"https:\/\/swoer.com\/manufacturer\/vibratory-bowl-feeder-for-dust-seal-bowl-feeder-automation\/#breadcrumb","itemListElement":[{"@type":"ListItem","position":1,"name":"Home","item":"https:\/\/swoer.com\/"},{"@type":"ListItem","position":2,"name":"Shop","item":"https:\/\/swoer.com\/shop\/"},{"@type":"ListItem","position":3,"name":"Vibratory Bowl Feeder for Dust Seal | Bowl Feeder Automation"}]},{"@type":"WebSite","@id":"https:\/\/swoer.com\/#website","url":"https:\/\/swoer.com\/","name":"SWOER","description":"Swoer is the top 3 vibratory bowl feeder manufacturer in China","potentialAction":[{"@type":"SearchAction","target":{"@type":"EntryPoint","urlTemplate":"https:\/\/swoer.com\/?s={search_term_string}"},"query-input":"required name=search_term_string"}],"inLanguage":"es-MX"}]}},"_links":{"self":[{"href":"https:\/\/swoer.com\/es\/wp-json\/wp\/v2\/product\/3268"}],"collection":[{"href":"https:\/\/swoer.com\/es\/wp-json\/wp\/v2\/product"}],"about":[{"href":"https:\/\/swoer.com\/es\/wp-json\/wp\/v2\/types\/product"}],"replies":[{"embeddable":true,"href":"https:\/\/swoer.com\/es\/wp-json\/wp\/v2\/comments?post=3268"}],"wp:featuredmedia":[{"embeddable":true,"href":"https:\/\/swoer.com\/es\/wp-json\/wp\/v2\/media\/3269"}],"wp:attachment":[{"href":"https:\/\/swoer.com\/es\/wp-json\/wp\/v2\/media?parent=3268"}],"wp:term":[{"taxonomy":"product_cat","embeddable":true,"href":"https:\/\/swoer.com\/es\/wp-json\/wp\/v2\/product_cat?post=3268"},{"taxonomy":"product_tag","embeddable":true,"href":"https:\/\/swoer.com\/es\/wp-json\/wp\/v2\/product_tag?post=3268"}],"curies":[{"name":"wp","href":"https:\/\/api.w.org\/{rel}","templated":true}]}}