{"id":2479,"date":"2024-08-12T16:30:51","date_gmt":"2024-08-12T08:30:51","guid":{"rendered":"https:\/\/swoer.com\/?post_type=product&#038;p=2479"},"modified":"2024-08-16T16:32:03","modified_gmt":"2024-08-16T08:32:03","slug":"vibratory-bwol-feeder-for-plastic-part-ball","status":"publish","type":"product","link":"https:\/\/swoer.com\/es\/manufacturer\/vibratory-bwol-feeder-for-plastic-part-ball\/","title":{"rendered":"Alimentador vibratorio Bwol para bolas de pl\u00e1stico"},"content":{"rendered":"<p>Swoer fabrica alimentadores vibratorios personalizados que son perfectos para bolas de pl\u00e1stico. Ofrecemos precios competitivos, creamos dibujos de dise\u00f1o en 3D gratuitos y respondemos con rapidez para satisfacer de manera eficiente sus necesidades de automatizaci\u00f3n.<\/p>\n<h2>Especificaci\u00f3n<\/h2>\n<table width=\"874\">\n<tbody>\n<tr>\n<td width=\"183\">nombre del producto<\/td>\n<td width=\"691\">Alimentador vibratorio Bwol para bolas de pl\u00e1stico<\/td>\n<\/tr>\n<tr>\n<td>Material<\/td>\n<td>\u00a0SUS201\/304<\/td>\n<\/tr>\n<tr>\n<td>Especialidad de materiales<\/td>\n<td>Aleaci\u00f3n de forja con tratamiento en fr\u00edo, alta resistencia, alta dureza<\/td>\n<\/tr>\n<tr>\n<td>Voltaje<\/td>\n<td>220V<\/td>\n<\/tr>\n<tr>\n<td>Fuerza<\/td>\n<td>65W \/150W \/180W \/ 220W \/ 350W<\/td>\n<\/tr>\n<tr>\n<td>Autenticaci\u00f3n<\/td>\n<td>CE, ROHS, ISO9001<\/td>\n<\/tr>\n<tr>\n<td>Garant\u00eda<\/td>\n<td>1 a\u00f1o de garant\u00eda<\/td>\n<\/tr>\n<tr>\n<td>Cantidad m\u00ednima de pedido<\/td>\n<td>1 juego<\/td>\n<\/tr>\n<tr>\n<td>Tiempo de espera<\/td>\n<td>10-14 d\u00edas<\/td>\n<\/tr>\n<tr>\n<td>Plazo de pago<\/td>\n<td>T\/T 40% Dep\u00f3sito y saldo antes del env\u00edo<\/td>\n<\/tr>\n<tr>\n<td>Original del lugar<\/td>\n<td>Porcelana<\/td>\n<\/tr>\n<\/tbody>\n<\/table>\n\t<div id=\"gap-2079611422\" class=\"gap-element clearfix\" style=\"display:block; height:auto;\">\n\t\t\n<style>\n#gap-2079611422 {\n  padding-top: 30px;\n}\n<\/style>\n\t<\/div>\n\t\n<div class=\"video video-fit mb\" style=\"padding-top:56.25%;\"><p><iframe loading=\"lazy\" title=\"Alimentador vibratorio Bwol para bolas de pl\u00e1stico - Swoer\" width=\"1020\" height=\"574\" src=\"https:\/\/www.youtube.com\/embed\/Im-CmZki3o8?feature=oembed\" frameborder=\"0\" allow=\"accelerometer; autoplay; clipboard-write; encrypted-media; gyroscope; picture-in-picture; web-share\" referrerpolicy=\"strict-origin-when-cross-origin\" allowfullscreen><\/iframe><\/p>\n<\/div>\n<h2 style=\"text-align: center;\">Cont\u00e1ctenos<\/h2>\n\n<div class=\"wpcf7 no-js\" id=\"wpcf7-f280-o1\" lang=\"en-US\" dir=\"ltr\">\n<div class=\"screen-reader-response\"><p role=\"status\" aria-live=\"polite\" aria-atomic=\"true\"><\/p> <ul><\/ul><\/div>\n<form action=\"\/es\/wp-json\/wp\/v2\/product\/2479#wpcf7-f280-o1\" method=\"post\" class=\"wpcf7-form init\" aria-label=\"Formulario de contacto\" novalidate=\"novalidate\" data-status=\"init\" data-trp-original-action=\"\/es\/wp-json\/wp\/v2\/product\/2479#wpcf7-f280-o1\">\n<div style=\"display: none;\">\n<input type=\"hidden\" name=\"_wpcf7\" value=\"280\" \/>\n<input type=\"hidden\" name=\"_wpcf7_version\" value=\"5.9.2\" \/>\n<input type=\"hidden\" name=\"_wpcf7_locale\" value=\"en_US\" \/>\n<input type=\"hidden\" name=\"_wpcf7_unit_tag\" value=\"wpcf7-f280-o1\" \/>\n<input type=\"hidden\" name=\"_wpcf7_container_post\" value=\"0\" \/>\n<input type=\"hidden\" name=\"_wpcf7_posted_data_hash\" value=\"\" \/>\n<\/div>\n<div class='custom_contact_style'>\n\t<div class=\"row row-small\">\n\t\t<div class=\"col medium-6 small-12 large-6\">\n\t\t\t<div class=\"col-inner\">\n\t\t\t\t<p><span class=\"wpcf7-form-control-wrap\" data-name=\"your-name\"><input size=\"40\" class=\"wpcf7-form-control wpcf7-text wpcf7-validates-as-required\" aria-required=\"true\" aria-invalid=\"false\" placeholder=\"Nombre*\" value=\"\" type=\"text\" name=\"your-name\" \/><\/span>\n\t\t\t\t<\/p>\n\t\t\t<\/div>\n\t\t<\/div>\n\t\t<div class=\"col medium-6 small-12 large-6\">\n\t\t\t<div class=\"col-inner\">\n\t\t\t\t<p><span class=\"wpcf7-form-control-wrap\" data-name=\"your-email\"><input size=\"40\" class=\"wpcf7-form-control wpcf7-email wpcf7-validates-as-required wpcf7-text wpcf7-validates-as-email\" aria-required=\"true\" aria-invalid=\"false\" placeholder=\"Correo electr\u00f3nico*\" value=\"\" type=\"email\" name=\"your-email\" \/><\/span>\n\t\t\t\t<\/p>\n\t\t\t<\/div>\n\t\t<\/div>\n\t<\/div>\n\t<div class='cus_contact_form_bottom'>\n\t\t<p><span class=\"wpcf7-form-control-wrap\" data-name=\"your-phone\"><input size=\"40\" class=\"wpcf7-form-control wpcf7-text\" aria-invalid=\"false\" placeholder=\"Tel\u00e9fono\" value=\"\" type=\"text\" name=\"your-phone\" \/><\/span>\n\t\t<\/p>\n\t<\/div>\n\t<div class='cus_contact_form_bottom'>\n\t\t<p><span class=\"wpcf7-form-control-wrap\" data-name=\"your-country\"><input size=\"40\" class=\"wpcf7-form-control wpcf7-text\" aria-invalid=\"false\" placeholder=\"Pa\u00eds\" value=\"\" type=\"text\" name=\"your-country\" \/><\/span>\n\t\t<\/p>\n\t<\/div>\n\t<p><span class=\"wpcf7-form-control-wrap\" data-name=\"your-message\"><textarea cols=\"40\" rows=\"10\" class=\"wpcf7-form-control wpcf7-textarea wpcf7-validates-as-required\" aria-required=\"true\" aria-invalid=\"false\" placeholder=\"Tu mensaje *\" name=\"your-message\"><\/textarea><\/span>\n\t<\/p>\n\t<div style=\"margin-bottom:10px;\">\n\t\t<p><span class=\"wpcf7-form-control-wrap kc_captcha cf7ic-toggle\" data-name=\"kc_captcha\"><span class=\"wpcf7-form-control wpcf7-radio\"><span class=\"captcha-image\" style=\"display: none;\"><span class=\"cf7ic_instructions\">Por favor, demuestra que eres humano seleccionando el<span> cup<\/span>.<\/span><label><input aria-label=\"1\" type=\"radio\" name=\"kc_captcha\" value=\"bot\" \/><svg aria-hidden=\"true\" role=\"img\" xmlns=\"http:\/\/www.w3.org\/2000\/svg\" viewbox=\"0 0 576 512\"><path fill=\"currentColor\" d=\"M259 18l-65 132-146 22c-26 3-37 36-18 54l106 103-25 146c-5 26 23 46 46 33l131-68 131 68c23 13 51-7 46-33l-25-146 106-103c19-18 8-51-18-54l-146-22-65-132a32 32 0 00-58 0z\"\/><\/svg><\/label><label><input aria-label=\"2\" type=\"radio\" name=\"kc_captcha\" value=\"bot\" \/><svg aria-hidden=\"true\" role=\"img\" xmlns=\"http:\/\/www.w3.org\/2000\/svg\" viewbox=\"0 0 512 512\"><path fill=\"currentColor\" d=\"M500 168h-55l-8-21a127 127 0 00-120-83H195a127 127 0 00-120 83l-8 21H12c-8 0-14 8-11 16l8 24a12 12 0 0011 8h29a64 64 0 00-33 56v48c0 16 6 31 16 42v62c0 13 11 24 24 24h48c13 0 24-11 24-24v-40h256v40c0 13 11 24 24 24h48c13 0 24-11 24-24v-62c10-11 16-26 16-42v-48c0-24-13-45-33-56h29a12 12 0 0011-8l8-24c3-8-3-16-11-16zm-365 2c9-25 33-42 60-42h122c27 0 51 17 60 42l15 38H120l15-38zM88 328a32 32 0 010-64c18 0 48 30 48 48s-30 16-48 16zm336 0c-18 0-48 2-48-16s30-48 48-48 32 14 32 32-14 32-32 32z\"\/><\/svg><\/label><label><input aria-label=\"3\" type=\"radio\" name=\"kc_captcha\" value=\"kc_human\" \/><svg aria-hidden=\"true\" role=\"img\" xmlns=\"http:\/\/www.w3.org\/2000\/svg\" viewbox=\"0 0 640 512\"><path fill=\"currentColor\" d=\"M192 384h192c53 0 96-43 96-96h32a128 128 0 000-256H120c-13 0-24 11-24 24v232c0 53 43 96 96 96zM512 96a64 64 0 010 128h-32V96h32zm48 384H48c-47 0-61-64-36-64h584c25 0 11 64-36 64z\"\/><\/svg><\/label>\r\n    <\/span>\r\n    <span style=\"display:none\">\r\n        <input type=\"text\" name=\"kc_honeypot\">\r\n    <\/span><\/span><\/span>\n\t\t<\/p>\n\t<\/div>\n\t<p><input class=\"wpcf7-form-control wpcf7-submit has-spinner\" type=\"submit\" value=\"Enviar mensaje\" \/>\n\t<\/p>\n<\/div><div class=\"wpcf7-response-output\" aria-hidden=\"true\"><\/div>\n<input type=\"hidden\" name=\"trp-form-language\" value=\"es\"\/><\/form>\n<\/div>","protected":false},"excerpt":{"rendered":"<p>Alimentador vibratorio eficiente dise\u00f1ado para una alimentaci\u00f3n suave y precisa de bolas de piezas de pl\u00e1stico, mejorando la automatizaci\u00f3n y la eficiencia de la producci\u00f3n.<\/p>","protected":false},"featured_media":2480,"comment_status":"open","ping_status":"closed","template":"","meta":[],"product_cat":[37],"product_tag":[],"yoast_head":"<!-- This site is optimized with the Yoast SEO plugin v22.2 - https:\/\/yoast.com\/wordpress\/plugins\/seo\/ -->\n<title>Vibratory Bwol Feeder for Plastic Part Ball - SWOER<\/title>\n<meta name=\"description\" content=\"High-efficiency vibratory bowl feeders are designed for precise part feeding in automation. Optimize production with solutions tailored to your needs.\" \/>\n<meta name=\"robots\" content=\"index, follow, max-snippet:-1, max-image-preview:large, max-video-preview:-1\" \/>\n<link rel=\"canonical\" href=\"https:\/\/swoer.com\/es\/manufacturer\/vibratory-bwol-feeder-for-plastic-part-ball\/\" \/>\n<meta property=\"og:locale\" content=\"es_MX\" \/>\n<meta property=\"og:type\" content=\"article\" \/>\n<meta property=\"og:title\" content=\"Vibratory Bwol Feeder for Plastic Part Ball - SWOER\" \/>\n<meta property=\"og:description\" content=\"High-efficiency vibratory bowl feeders are designed for precise part feeding in automation. Optimize production with solutions tailored to your needs.\" \/>\n<meta property=\"og:url\" content=\"https:\/\/swoer.com\/es\/manufacturer\/vibratory-bwol-feeder-for-plastic-part-ball\/\" \/>\n<meta property=\"og:site_name\" content=\"SWOER\" \/>\n<meta property=\"article:modified_time\" content=\"2024-08-16T08:32:03+00:00\" \/>\n<meta property=\"og:image\" content=\"https:\/\/swoer.com\/wp-content\/uploads\/2024\/08\/Vibratory-Bwol-Feeder-for-Plastic-Part-Ball.webp\" \/>\n\t<meta property=\"og:image:width\" content=\"1000\" \/>\n\t<meta property=\"og:image:height\" content=\"1000\" \/>\n\t<meta property=\"og:image:type\" content=\"image\/webp\" \/>\n<meta name=\"twitter:card\" content=\"summary_large_image\" \/>\n<meta name=\"twitter:label1\" content=\"Tiempo de lectura\" \/>\n\t<meta name=\"twitter:data1\" content=\"1 minuto\" \/>\n<script type=\"application\/ld+json\" class=\"yoast-schema-graph\">{\"@context\":\"https:\/\/schema.org\",\"@graph\":[{\"@type\":\"WebPage\",\"@id\":\"https:\/\/swoer.com\/manufacturer\/vibratory-bwol-feeder-for-plastic-part-ball\/\",\"url\":\"https:\/\/swoer.com\/manufacturer\/vibratory-bwol-feeder-for-plastic-part-ball\/\",\"name\":\"Vibratory Bwol Feeder for Plastic Part Ball - SWOER\",\"isPartOf\":{\"@id\":\"https:\/\/swoer.com\/#website\"},\"primaryImageOfPage\":{\"@id\":\"https:\/\/swoer.com\/manufacturer\/vibratory-bwol-feeder-for-plastic-part-ball\/#primaryimage\"},\"image\":{\"@id\":\"https:\/\/swoer.com\/manufacturer\/vibratory-bwol-feeder-for-plastic-part-ball\/#primaryimage\"},\"thumbnailUrl\":\"https:\/\/swoer.com\/wp-content\/uploads\/2024\/08\/Vibratory-Bwol-Feeder-for-Plastic-Part-Ball.webp\",\"datePublished\":\"2024-08-12T08:30:51+00:00\",\"dateModified\":\"2024-08-16T08:32:03+00:00\",\"description\":\"High-efficiency vibratory bowl feeders are designed for precise part feeding in automation. Optimize production with solutions tailored to your needs.\",\"breadcrumb\":{\"@id\":\"https:\/\/swoer.com\/manufacturer\/vibratory-bwol-feeder-for-plastic-part-ball\/#breadcrumb\"},\"inLanguage\":\"es-MX\",\"potentialAction\":[{\"@type\":\"ReadAction\",\"target\":[\"https:\/\/swoer.com\/manufacturer\/vibratory-bwol-feeder-for-plastic-part-ball\/\"]}]},{\"@type\":\"ImageObject\",\"inLanguage\":\"es-MX\",\"@id\":\"https:\/\/swoer.com\/manufacturer\/vibratory-bwol-feeder-for-plastic-part-ball\/#primaryimage\",\"url\":\"https:\/\/swoer.com\/wp-content\/uploads\/2024\/08\/Vibratory-Bwol-Feeder-for-Plastic-Part-Ball.webp\",\"contentUrl\":\"https:\/\/swoer.com\/wp-content\/uploads\/2024\/08\/Vibratory-Bwol-Feeder-for-Plastic-Part-Ball.webp\",\"width\":1000,\"height\":1000,\"caption\":\"Vibratory Bwol Feeder for Plastic Part Ball\"},{\"@type\":\"BreadcrumbList\",\"@id\":\"https:\/\/swoer.com\/manufacturer\/vibratory-bwol-feeder-for-plastic-part-ball\/#breadcrumb\",\"itemListElement\":[{\"@type\":\"ListItem\",\"position\":1,\"name\":\"Home\",\"item\":\"https:\/\/swoer.com\/\"},{\"@type\":\"ListItem\",\"position\":2,\"name\":\"Shop\",\"item\":\"https:\/\/swoer.com\/shop\/\"},{\"@type\":\"ListItem\",\"position\":3,\"name\":\"Vibratory Bwol Feeder for Plastic Part Ball\"}]},{\"@type\":\"WebSite\",\"@id\":\"https:\/\/swoer.com\/#website\",\"url\":\"https:\/\/swoer.com\/\",\"name\":\"SWOER\",\"description\":\"Swoer is the top 3 vibratory bowl feeder manufacturer in China\",\"potentialAction\":[{\"@type\":\"SearchAction\",\"target\":{\"@type\":\"EntryPoint\",\"urlTemplate\":\"https:\/\/swoer.com\/?s={search_term_string}\"},\"query-input\":\"required name=search_term_string\"}],\"inLanguage\":\"es-MX\"}]}<\/script>\n<!-- \/ Yoast SEO plugin. -->","yoast_head_json":{"title":"Vibratory Bwol Feeder for Plastic Part Ball - SWOER","description":"High-efficiency vibratory bowl feeders are designed for precise part feeding in automation. Optimize production with solutions tailored to your needs.","robots":{"index":"index","follow":"follow","max-snippet":"max-snippet:-1","max-image-preview":"max-image-preview:large","max-video-preview":"max-video-preview:-1"},"canonical":"https:\/\/swoer.com\/es\/manufacturer\/vibratory-bwol-feeder-for-plastic-part-ball\/","og_locale":"es_MX","og_type":"article","og_title":"Vibratory Bwol Feeder for Plastic Part Ball - SWOER","og_description":"High-efficiency vibratory bowl feeders are designed for precise part feeding in automation. Optimize production with solutions tailored to your needs.","og_url":"https:\/\/swoer.com\/es\/manufacturer\/vibratory-bwol-feeder-for-plastic-part-ball\/","og_site_name":"SWOER","article_modified_time":"2024-08-16T08:32:03+00:00","og_image":[{"width":1000,"height":1000,"url":"https:\/\/swoer.com\/wp-content\/uploads\/2024\/08\/Vibratory-Bwol-Feeder-for-Plastic-Part-Ball.webp","type":"image\/webp"}],"twitter_card":"summary_large_image","twitter_misc":{"Tiempo de lectura":"1 minuto"},"schema":{"@context":"https:\/\/schema.org","@graph":[{"@type":"WebPage","@id":"https:\/\/swoer.com\/manufacturer\/vibratory-bwol-feeder-for-plastic-part-ball\/","url":"https:\/\/swoer.com\/manufacturer\/vibratory-bwol-feeder-for-plastic-part-ball\/","name":"Vibratory Bwol Feeder for Plastic Part Ball - SWOER","isPartOf":{"@id":"https:\/\/swoer.com\/#website"},"primaryImageOfPage":{"@id":"https:\/\/swoer.com\/manufacturer\/vibratory-bwol-feeder-for-plastic-part-ball\/#primaryimage"},"image":{"@id":"https:\/\/swoer.com\/manufacturer\/vibratory-bwol-feeder-for-plastic-part-ball\/#primaryimage"},"thumbnailUrl":"https:\/\/swoer.com\/wp-content\/uploads\/2024\/08\/Vibratory-Bwol-Feeder-for-Plastic-Part-Ball.webp","datePublished":"2024-08-12T08:30:51+00:00","dateModified":"2024-08-16T08:32:03+00:00","description":"High-efficiency vibratory bowl feeders are designed for precise part feeding in automation. Optimize production with solutions tailored to your needs.","breadcrumb":{"@id":"https:\/\/swoer.com\/manufacturer\/vibratory-bwol-feeder-for-plastic-part-ball\/#breadcrumb"},"inLanguage":"es-MX","potentialAction":[{"@type":"ReadAction","target":["https:\/\/swoer.com\/manufacturer\/vibratory-bwol-feeder-for-plastic-part-ball\/"]}]},{"@type":"ImageObject","inLanguage":"es-MX","@id":"https:\/\/swoer.com\/manufacturer\/vibratory-bwol-feeder-for-plastic-part-ball\/#primaryimage","url":"https:\/\/swoer.com\/wp-content\/uploads\/2024\/08\/Vibratory-Bwol-Feeder-for-Plastic-Part-Ball.webp","contentUrl":"https:\/\/swoer.com\/wp-content\/uploads\/2024\/08\/Vibratory-Bwol-Feeder-for-Plastic-Part-Ball.webp","width":1000,"height":1000,"caption":"Vibratory Bwol Feeder for Plastic Part Ball"},{"@type":"BreadcrumbList","@id":"https:\/\/swoer.com\/manufacturer\/vibratory-bwol-feeder-for-plastic-part-ball\/#breadcrumb","itemListElement":[{"@type":"ListItem","position":1,"name":"Home","item":"https:\/\/swoer.com\/"},{"@type":"ListItem","position":2,"name":"Shop","item":"https:\/\/swoer.com\/shop\/"},{"@type":"ListItem","position":3,"name":"Vibratory Bwol Feeder for Plastic Part Ball"}]},{"@type":"WebSite","@id":"https:\/\/swoer.com\/#website","url":"https:\/\/swoer.com\/","name":"SWOER","description":"Swoer is the top 3 vibratory bowl feeder manufacturer in China","potentialAction":[{"@type":"SearchAction","target":{"@type":"EntryPoint","urlTemplate":"https:\/\/swoer.com\/?s={search_term_string}"},"query-input":"required name=search_term_string"}],"inLanguage":"es-MX"}]}},"_links":{"self":[{"href":"https:\/\/swoer.com\/es\/wp-json\/wp\/v2\/product\/2479"}],"collection":[{"href":"https:\/\/swoer.com\/es\/wp-json\/wp\/v2\/product"}],"about":[{"href":"https:\/\/swoer.com\/es\/wp-json\/wp\/v2\/types\/product"}],"replies":[{"embeddable":true,"href":"https:\/\/swoer.com\/es\/wp-json\/wp\/v2\/comments?post=2479"}],"wp:featuredmedia":[{"embeddable":true,"href":"https:\/\/swoer.com\/es\/wp-json\/wp\/v2\/media\/2480"}],"wp:attachment":[{"href":"https:\/\/swoer.com\/es\/wp-json\/wp\/v2\/media?parent=2479"}],"wp:term":[{"taxonomy":"product_cat","embeddable":true,"href":"https:\/\/swoer.com\/es\/wp-json\/wp\/v2\/product_cat?post=2479"},{"taxonomy":"product_tag","embeddable":true,"href":"https:\/\/swoer.com\/es\/wp-json\/wp\/v2\/product_tag?post=2479"}],"curies":[{"name":"wp","href":"https:\/\/api.w.org\/{rel}","templated":true}]}}