{"id":2284,"date":"2024-07-06T00:52:41","date_gmt":"2024-07-06T00:52:41","guid":{"rendered":"https:\/\/swoer.com\/?post_type=product&#038;p=2284"},"modified":"2024-08-16T14:12:47","modified_gmt":"2024-08-16T06:12:47","slug":"vibratory-bowl-feeder-controller-sdvc34-mr","status":"publish","type":"product","link":"https:\/\/swoer.com\/es\/manufacturer\/vibratory-bowl-feeder-controller-sdvc34-mr\/","title":{"rendered":"Controlador de alimentador de taz\u00f3n vibratorio SDVC34-MR"},"content":{"rendered":"<h2><strong><b>Caracter\u00edsticas<\/b><\/strong><\/h2>\n<ul>\n<li>B\u00fasqueda autom\u00e1tica de frecuencia<\/li>\n<li>Salida sincronizada<\/li>\n<li>Preajuste de velocidad<\/li>\n<li>Arranque lento ajustable<\/li>\n<li>Estabilizaci\u00f3n autom\u00e1tica de voltaje de alta precisi\u00f3n<\/li>\n<li>Sensor adaptativo<\/li>\n<li>Control de velocidad remoto<\/li>\n<li>Salida de control de CC<\/li>\n<li>Material del sensor de doble interruptor apagado lleno\/vac\u00edo<\/li>\n<li>Funci\u00f3n de conteo<\/li>\n<li>485 comunicaci\u00f3n<\/li>\n<\/ul>\n<h2><strong><b>Caracter\u00edsticas del producto<\/b><\/strong><\/h2>\n<h3>Funciones avanzadas del producto<\/h3>\n<p>Nuestros controladores de alimentador vibratorio de taz\u00f3n est\u00e1n dise\u00f1ados por expertos para el control de alimentaci\u00f3n por vibraci\u00f3n en equipos de automatizaci\u00f3n, integrando tecnolog\u00eda electr\u00f3nica de vanguardia. Ofrecen a los usuarios funciones pr\u00e1cticas y convenientes:<\/p>\n<ol>\n<li><strong>Ajuste autom\u00e1tico de frecuencia<\/strong>: El ajuste de frecuencia en tiempo real garantiza que el alimentador funcione a la frecuencia \u00f3ptima.<\/li>\n<li><strong>Estabilizaci\u00f3n autom\u00e1tica de velocidad<\/strong>: Mantiene una velocidad de alimentaci\u00f3n constante mediante el ajuste de voltaje en tiempo real, independientemente del n\u00famero de piezas de trabajo.<\/li>\n<li><strong>B\u00fasqueda autom\u00e1tica de frecuencia<\/strong>: La funci\u00f3n infalible determina r\u00e1pidamente la frecuencia de trabajo \u00f3ptima y los par\u00e1metros relacionados para comodidad del usuario.<\/li>\n<li><strong>Estabilizaci\u00f3n autom\u00e1tica de voltaje<\/strong>: Elimina las fluctuaciones de la velocidad de alimentaci\u00f3n debido a los cambios de voltaje de la fuente de alimentaci\u00f3n y los efectos de frecuencia de la alimentaci\u00f3n de CA industrial.<\/li>\n<li><strong>Salida sincronizada<\/strong>: Sincroniza varios controladores a la misma frecuencia y fase para evitar interferencias de frecuencia.<\/li>\n<li><strong>Apagado lleno\/vac\u00edo<\/strong>: La entrada del sensor del interruptor permite el control del apagado lleno\/vac\u00edo, con tiempo de inicio lento ajustable, retardo de apertura\/cierre y configuraciones de direcci\u00f3n l\u00f3gica.<\/li>\n<li><strong>Autoadaptaci\u00f3n del sensor<\/strong>: Se adapta autom\u00e1ticamente a sensores de interruptor tipo NPN y PNP.<\/li>\n<li><strong>Comienzo lento<\/strong>: Aumenta gradualmente el voltaje de salida\/velocidad de alimentaci\u00f3n de 0 al valor preestablecido durante el arranque, protegiendo el equipo de vibraci\u00f3n contra golpes de arranque.<\/li>\n<li><strong>Preajuste de velocidad<\/strong>: Seleccione hasta 4 voltajes de salida preestablecidos mediante se\u00f1ales de control externas.<\/li>\n<li><strong>Funci\u00f3n de aceleraci\u00f3n<\/strong>: Aumenta el voltaje de salida m\u00e1ximo a 150% del voltaje de entrada.<\/li>\n<li><strong>Configuraci\u00f3n de voltaje de salida m\u00e1xima<\/strong>: Evita la salida de voltaje excesivo para proteger el equipo de vibraci\u00f3n.<\/li>\n<li><strong>\u00cdndice de forma de onda<\/strong>: Equilibre la eficiencia del controlador y la potencia m\u00e1xima con este par\u00e1metro.<\/li>\n<li><strong>Control de velocidad remoto<\/strong>: Controle el voltaje de salida\/velocidad de alimentaci\u00f3n usando un potenci\u00f3metro externo, PLC, 1<del>Se\u00f1al de voltaje de 5V, o 4<\/del>Se\u00f1al de alimentaci\u00f3n de 20 mA.<\/li>\n<li><strong>Salida de control de 24 VCC<\/strong>: La se\u00f1al de salida del transistor puede controlar v\u00e1lvulas solenoides y otros dispositivos externos.<\/li>\n<li><strong>Interruptor de salida<\/strong>: Tecla t\u00e1ctil ligera en el panel para inicio\/parada instant\u00e1nea, lo que facilita la depuraci\u00f3n del equipo.<\/li>\n<li><strong>Bloqueo del teclado<\/strong>: Mantenga presionada la tecla de encendido\/apagado para bloquear todas las teclas y evitar un mal funcionamiento.<\/li>\n<li><strong>Contrase\u00f1a del par\u00e1metro<\/strong>: Establezca una contrase\u00f1a de par\u00e1metro para bloquear par\u00e1metros distintos del voltaje de salida\/velocidad de alimentaci\u00f3n, evitando cambios no autorizados.<\/li>\n<li><strong>Restaurar la configuraci\u00f3n de f\u00e1brica<\/strong>: restaure r\u00e1pidamente los par\u00e1metros a la configuraci\u00f3n predeterminada de f\u00e1brica.<\/li>\n<li><strong>485 Comunicaci\u00f3n<\/strong>: Ajusta los par\u00e1metros del controlador de forma remota a trav\u00e9s de la comunicaci\u00f3n 485.<\/li>\n<\/ol>\n<p>Especificaci\u00f3n t\u00e9cnica<\/p>\n<table width=\"767\">\n<tbody>\n<tr>\n<td rowspan=\"2\" width=\"225\">Art\u00edculo<\/td>\n<td colspan=\"3\" width=\"216\">Rango<\/td>\n<td rowspan=\"2\" width=\"72\">Unidad<\/td>\n<td rowspan=\"2\" width=\"254\">Descripci\u00f3n<\/td>\n<\/tr>\n<tr>\n<td>M\u00ednimo<\/td>\n<td>T\u00edpico<\/td>\n<td>M\u00e1ximo<\/td>\n<\/tr>\n<tr>\n<td>Voltaje de entrada<\/td>\n<td>85<\/td>\n<td>220<\/td>\n<td>260<\/td>\n<td>V<\/td>\n<td>Valor efectivo de CA<\/td>\n<\/tr>\n<tr>\n<td>Rango de ajuste del voltaje de salida<\/td>\n<td>0<\/td>\n<td><\/td>\n<td>260<\/td>\n<td>V<\/td>\n<td>Menos de 150% de voltaje de entrada<\/td>\n<\/tr>\n<tr>\n<td>Precisi\u00f3n del ajuste de voltaje<\/td>\n<td colspan=\"3\">1<\/td>\n<td>V<\/td>\n<td><\/td>\n<\/tr>\n<tr>\n<td>Precisi\u00f3n de regulaci\u00f3n de voltaje<\/td>\n<td>0<\/td>\n<td><\/td>\n<td>10<\/td>\n<td><\/td>\n<td>Vout\/Vin<\/td>\n<\/tr>\n<tr>\n<td>Tiempo de respuesta de regulaci\u00f3n de voltaje<\/td>\n<td>0.0025<\/td>\n<td><\/td>\n<td>0.04<\/td>\n<td>s<\/td>\n<td>Una d\u00e9cima parte del ciclo de voltaje de salida<\/td>\n<\/tr>\n<tr>\n<td rowspan=\"2\">Rango de ajuste de corriente de salida<\/td>\n<td rowspan=\"2\">0<\/td>\n<td rowspan=\"2\"><\/td>\n<td rowspan=\"2\">3<\/td>\n<td rowspan=\"2\">A<\/td>\n<td rowspan=\"2\" width=\"254\">SDVC34-MR<br \/>\nSDVC34-MRJ<\/td>\n<\/tr>\n<tr>\n<td rowspan=\"2\"><\/td>\n<td rowspan=\"2\"><\/td>\n<td rowspan=\"2\"><\/td>\n<td rowspan=\"2\"><\/td>\n<td rowspan=\"2\"><\/td>\n<td rowspan=\"2\" width=\"254\"><\/td>\n<\/tr>\n<tr>\n<td>Frecuencia de salida<\/td>\n<td>25<\/td>\n<td><\/td>\n<td>400<\/td>\n<td>Hz<\/td>\n<td><\/td>\n<\/tr>\n<tr>\n<td>Precisi\u00f3n del ajuste de frecuencia<\/td>\n<td colspan=\"3\">0.1<\/td>\n<td>Hz<\/td>\n<td><\/td>\n<\/tr>\n<tr>\n<td>Forma de onda de salida<\/td>\n<td colspan=\"3\">seno<\/td>\n<td><\/td>\n<td><\/td>\n<\/tr>\n<tr>\n<td>Hora de inicio lenta<\/td>\n<td>0<\/td>\n<td><\/td>\n<td>10<\/td>\n<td>s<\/td>\n<td>Valor predeterminado de f\u00e1brica 0,5<\/td>\n<\/tr>\n<tr>\n<td>Rango de tiempo de retraso<\/td>\n<td>0<\/td>\n<td><\/td>\n<td>20<\/td>\n<td>s<\/td>\n<td>Valor predeterminado de f\u00e1brica 0,2<\/td>\n<\/tr>\n<tr>\n<td>Precisi\u00f3n del tiempo de retardo<\/td>\n<td colspan=\"3\">0.1<\/td>\n<td>s<\/td>\n<td><\/td>\n<\/tr>\n<tr>\n<td>Temperatura de protecci\u00f3n contra sobrecalentamiento<\/td>\n<td>60<\/td>\n<td>65<\/td>\n<td>65<\/td>\n<td>\u2103<\/td>\n<td><\/td>\n<\/tr>\n<tr>\n<td>Tensi\u00f3n de salida de control de CC<\/td>\n<td>22<\/td>\n<td>24<\/td>\n<td>26<\/td>\n<td>V<\/td>\n<td><\/td>\n<\/tr>\n<tr>\n<td>Corriente de salida de control CC<\/td>\n<td>0<\/td>\n<td><\/td>\n<td>200<\/td>\n<td>mam\u00e1<\/td>\n<td><\/td>\n<\/tr>\n<tr>\n<td>Modelo de control anal\u00f3gico<\/td>\n<td colspan=\"3\">1- 5<\/td>\n<td>V<\/td>\n<td>Tensi\u00f3n de control remoto de velocidad<\/td>\n<\/tr>\n<tr>\n<td>Se\u00f1al de control digital<\/td>\n<td colspan=\"3\">24<\/td>\n<td>V<\/td>\n<td>Control de se\u00f1al de conmutaci\u00f3n<\/td>\n<\/tr>\n<tr>\n<td>M\u00e9todo de ajuste<\/td>\n<td colspan=\"3\">6<\/td>\n<td>llave<\/td>\n<td><\/td>\n<\/tr>\n<tr>\n<td>Consumo de energ\u00eda sin carga<\/td>\n<td><\/td>\n<td>3<\/td>\n<td><\/td>\n<td>W.<\/td>\n<td><\/td>\n<\/tr>\n<tr>\n<td>Modo de visualizaci\u00f3n<\/td>\n<td colspan=\"3\">5<\/td>\n<td>d\u00edgito<\/td>\n<td>tubo digital LED<\/td>\n<\/tr>\n<tr>\n<td>Temperatura ambiente salarial<\/td>\n<td>0<\/td>\n<td>25<\/td>\n<td>40<\/td>\n<td>\u2103<\/td>\n<td rowspan=\"2\">Sin condensaci\u00f3n<\/td>\n<\/tr>\n<tr>\n<td>Humedad del ambiente salarial<\/td>\n<td>10<\/td>\n<td>60<\/td>\n<td>85<\/td>\n<td>%<\/td>\n<\/tr>\n<\/tbody>\n<\/table>\n\t<div id=\"gap-1054998125\" class=\"gap-element clearfix\" style=\"display:block; height:auto;\">\n\t\t\n<style>\n#gap-1054998125 {\n  padding-top: 30px;\n}\n<\/style>\n\t<\/div>\n\t\n<h2><strong><b>Dimensiones y peso<\/b><\/strong><\/h2>\n<ul>\n<li>Dimensi\u00f3n: largo 190 mm \u00d7 ancho 56 mm \u00d7 alto 94,5 mm.<\/li>\n<li>Peso: 560g (sin accesorios)<\/li>\n<\/ul>\n\t<div class=\"img has-hover x md-x lg-x y md-y lg-y\" id=\"image_1962337957\">\n\t\t\t\t\t\t\t\t<div class=\"img-inner dark\" >\n\t\t\t<img loading=\"lazy\" decoding=\"async\" width=\"705\" height=\"650\" src=\"https:\/\/swoer.com\/wp-content\/uploads\/2024\/07\/Dimension-Drawing-3.webp\" class=\"attachment-original size-original\" alt=\"Dibujo de dimensi\u00f3nes\" srcset=\"https:\/\/swoer.com\/wp-content\/uploads\/2024\/07\/Dimension-Drawing-3.webp 705w, https:\/\/swoer.com\/wp-content\/uploads\/2024\/07\/Dimension-Drawing-3-300x277.webp 300w, https:\/\/swoer.com\/wp-content\/uploads\/2024\/07\/Dimension-Drawing-3-13x12.webp 13w, https:\/\/swoer.com\/wp-content\/uploads\/2024\/07\/Dimension-Drawing-3-600x553.webp 600w\" sizes=\"(max-width: 705px) 100vw, 705px\" \/>\t\t\t\t\t\t\n\t\t\t\t\t<\/div>\n\t\t\t\t\t\t\t\t\n<style>\n#image_1962337957 {\n  width: 65%;\n}\n<\/style>\n\t<\/div>","protected":false},"excerpt":{"rendered":"<p>Mejore la eficiencia y precisi\u00f3n de su alimentador de taz\u00f3n vibratorio. El controlador SDVC34-MR tiene caracter\u00edsticas avanzadas como b\u00fasqueda autom\u00e1tica de frecuencia, salida sincronizada, preajuste de velocidad, arranque lento ajustable, estabilizaci\u00f3n autom\u00e1tica de voltaje de alta precisi\u00f3n, adaptaci\u00f3n del sensor, control remoto de velocidad, salida de control de CC, apagado lleno\/vac\u00edo de material de sensor de doble interruptor, Funci\u00f3n de conteo y comunicaci\u00f3n 485 para garantizar un manejo de materiales fluido y consistente.<\/p>","protected":false},"featured_media":2501,"comment_status":"open","ping_status":"closed","template":"","meta":[],"product_cat":[45],"product_tag":[],"yoast_head":"<!-- This site is optimized with the Yoast SEO plugin v22.2 - https:\/\/yoast.com\/wordpress\/plugins\/seo\/ -->\n<title>Vibratory Bowl Feeder Controller SDVC34-MR - SWOER<\/title>\n<meta name=\"description\" content=\"The SDVC34-MR is an intelligent controller designed to enhance the efficiency and precision of your vibratory bowl feeder. Its advanced features, including automatic frequency search, synchronized output, speed preset, adjustable slow start, high precision automatic voltage stabilization, sensor adaptability, remote speed control, DC control output, dual switch sensor material full\/empty shutdown, counting function, and 485 communication, ensure smooth, consistent material handling.\" \/>\n<meta name=\"robots\" content=\"index, follow, max-snippet:-1, max-image-preview:large, max-video-preview:-1\" \/>\n<link rel=\"canonical\" href=\"https:\/\/swoer.com\/es\/manufacturer\/vibratory-bowl-feeder-controller-sdvc34-mr\/\" \/>\n<meta property=\"og:locale\" content=\"es_MX\" \/>\n<meta property=\"og:type\" content=\"article\" \/>\n<meta property=\"og:title\" content=\"Vibratory Bowl Feeder Controller SDVC34-MR - SWOER\" \/>\n<meta property=\"og:description\" content=\"The SDVC34-MR is an intelligent controller designed to enhance the efficiency and precision of your vibratory bowl feeder. Its advanced features, including automatic frequency search, synchronized output, speed preset, adjustable slow start, high precision automatic voltage stabilization, sensor adaptability, remote speed control, DC control output, dual switch sensor material full\/empty shutdown, counting function, and 485 communication, ensure smooth, consistent material handling.\" \/>\n<meta property=\"og:url\" content=\"https:\/\/swoer.com\/es\/manufacturer\/vibratory-bowl-feeder-controller-sdvc34-mr\/\" \/>\n<meta property=\"og:site_name\" content=\"SWOER\" \/>\n<meta property=\"article:modified_time\" content=\"2024-08-16T06:12:47+00:00\" \/>\n<meta property=\"og:image\" content=\"https:\/\/swoer.com\/wp-content\/uploads\/2024\/07\/Vibratory-Bowl-Feeder-Controller-SDVC34-MR-1.webp\" \/>\n\t<meta property=\"og:image:width\" content=\"1000\" \/>\n\t<meta property=\"og:image:height\" content=\"1000\" \/>\n\t<meta property=\"og:image:type\" content=\"image\/webp\" \/>\n<meta name=\"twitter:card\" content=\"summary_large_image\" \/>\n<meta name=\"twitter:label1\" content=\"Tiempo de lectura\" \/>\n\t<meta name=\"twitter:data1\" content=\"3 minutos\" \/>\n<script type=\"application\/ld+json\" class=\"yoast-schema-graph\">{\"@context\":\"https:\/\/schema.org\",\"@graph\":[{\"@type\":\"WebPage\",\"@id\":\"https:\/\/swoer.com\/manufacturer\/vibratory-bowl-feeder-controller-sdvc34-mr\/\",\"url\":\"https:\/\/swoer.com\/manufacturer\/vibratory-bowl-feeder-controller-sdvc34-mr\/\",\"name\":\"Vibratory Bowl Feeder Controller SDVC34-MR - SWOER\",\"isPartOf\":{\"@id\":\"https:\/\/swoer.com\/#website\"},\"primaryImageOfPage\":{\"@id\":\"https:\/\/swoer.com\/manufacturer\/vibratory-bowl-feeder-controller-sdvc34-mr\/#primaryimage\"},\"image\":{\"@id\":\"https:\/\/swoer.com\/manufacturer\/vibratory-bowl-feeder-controller-sdvc34-mr\/#primaryimage\"},\"thumbnailUrl\":\"https:\/\/swoer.com\/wp-content\/uploads\/2024\/07\/Vibratory-Bowl-Feeder-Controller-SDVC34-MR-1.webp\",\"datePublished\":\"2024-07-06T00:52:41+00:00\",\"dateModified\":\"2024-08-16T06:12:47+00:00\",\"description\":\"The SDVC34-MR is an intelligent controller designed to enhance the efficiency and precision of your vibratory bowl feeder. Its advanced features, including automatic frequency search, synchronized output, speed preset, adjustable slow start, high precision automatic voltage stabilization, sensor adaptability, remote speed control, DC control output, dual switch sensor material full\/empty shutdown, counting function, and 485 communication, ensure smooth, consistent material handling.\",\"breadcrumb\":{\"@id\":\"https:\/\/swoer.com\/manufacturer\/vibratory-bowl-feeder-controller-sdvc34-mr\/#breadcrumb\"},\"inLanguage\":\"es-MX\",\"potentialAction\":[{\"@type\":\"ReadAction\",\"target\":[\"https:\/\/swoer.com\/manufacturer\/vibratory-bowl-feeder-controller-sdvc34-mr\/\"]}]},{\"@type\":\"ImageObject\",\"inLanguage\":\"es-MX\",\"@id\":\"https:\/\/swoer.com\/manufacturer\/vibratory-bowl-feeder-controller-sdvc34-mr\/#primaryimage\",\"url\":\"https:\/\/swoer.com\/wp-content\/uploads\/2024\/07\/Vibratory-Bowl-Feeder-Controller-SDVC34-MR-1.webp\",\"contentUrl\":\"https:\/\/swoer.com\/wp-content\/uploads\/2024\/07\/Vibratory-Bowl-Feeder-Controller-SDVC34-MR-1.webp\",\"width\":1000,\"height\":1000,\"caption\":\"Vibratory Bowl Feeder Controller SDVC34-MR\"},{\"@type\":\"BreadcrumbList\",\"@id\":\"https:\/\/swoer.com\/manufacturer\/vibratory-bowl-feeder-controller-sdvc34-mr\/#breadcrumb\",\"itemListElement\":[{\"@type\":\"ListItem\",\"position\":1,\"name\":\"Home\",\"item\":\"https:\/\/swoer.com\/\"},{\"@type\":\"ListItem\",\"position\":2,\"name\":\"Shop\",\"item\":\"https:\/\/swoer.com\/shop\/\"},{\"@type\":\"ListItem\",\"position\":3,\"name\":\"Vibratory Bowl Feeder Controller SDVC34-MR\"}]},{\"@type\":\"WebSite\",\"@id\":\"https:\/\/swoer.com\/#website\",\"url\":\"https:\/\/swoer.com\/\",\"name\":\"SWOER\",\"description\":\"Swoer is the top 3 vibratory bowl feeder manufacturer in China\",\"potentialAction\":[{\"@type\":\"SearchAction\",\"target\":{\"@type\":\"EntryPoint\",\"urlTemplate\":\"https:\/\/swoer.com\/?s={search_term_string}\"},\"query-input\":\"required name=search_term_string\"}],\"inLanguage\":\"es-MX\"}]}<\/script>\n<!-- \/ Yoast SEO plugin. -->","yoast_head_json":{"title":"Vibratory Bowl Feeder Controller SDVC34-MR - SWOER","description":"The SDVC34-MR is an intelligent controller designed to enhance the efficiency and precision of your vibratory bowl feeder. Its advanced features, including automatic frequency search, synchronized output, speed preset, adjustable slow start, high precision automatic voltage stabilization, sensor adaptability, remote speed control, DC control output, dual switch sensor material full\/empty shutdown, counting function, and 485 communication, ensure smooth, consistent material handling.","robots":{"index":"index","follow":"follow","max-snippet":"max-snippet:-1","max-image-preview":"max-image-preview:large","max-video-preview":"max-video-preview:-1"},"canonical":"https:\/\/swoer.com\/es\/manufacturer\/vibratory-bowl-feeder-controller-sdvc34-mr\/","og_locale":"es_MX","og_type":"article","og_title":"Vibratory Bowl Feeder Controller SDVC34-MR - SWOER","og_description":"The SDVC34-MR is an intelligent controller designed to enhance the efficiency and precision of your vibratory bowl feeder. Its advanced features, including automatic frequency search, synchronized output, speed preset, adjustable slow start, high precision automatic voltage stabilization, sensor adaptability, remote speed control, DC control output, dual switch sensor material full\/empty shutdown, counting function, and 485 communication, ensure smooth, consistent material handling.","og_url":"https:\/\/swoer.com\/es\/manufacturer\/vibratory-bowl-feeder-controller-sdvc34-mr\/","og_site_name":"SWOER","article_modified_time":"2024-08-16T06:12:47+00:00","og_image":[{"width":1000,"height":1000,"url":"https:\/\/swoer.com\/wp-content\/uploads\/2024\/07\/Vibratory-Bowl-Feeder-Controller-SDVC34-MR-1.webp","type":"image\/webp"}],"twitter_card":"summary_large_image","twitter_misc":{"Tiempo de lectura":"3 minutos"},"schema":{"@context":"https:\/\/schema.org","@graph":[{"@type":"WebPage","@id":"https:\/\/swoer.com\/manufacturer\/vibratory-bowl-feeder-controller-sdvc34-mr\/","url":"https:\/\/swoer.com\/manufacturer\/vibratory-bowl-feeder-controller-sdvc34-mr\/","name":"Vibratory Bowl Feeder Controller SDVC34-MR - SWOER","isPartOf":{"@id":"https:\/\/swoer.com\/#website"},"primaryImageOfPage":{"@id":"https:\/\/swoer.com\/manufacturer\/vibratory-bowl-feeder-controller-sdvc34-mr\/#primaryimage"},"image":{"@id":"https:\/\/swoer.com\/manufacturer\/vibratory-bowl-feeder-controller-sdvc34-mr\/#primaryimage"},"thumbnailUrl":"https:\/\/swoer.com\/wp-content\/uploads\/2024\/07\/Vibratory-Bowl-Feeder-Controller-SDVC34-MR-1.webp","datePublished":"2024-07-06T00:52:41+00:00","dateModified":"2024-08-16T06:12:47+00:00","description":"The SDVC34-MR is an intelligent controller designed to enhance the efficiency and precision of your vibratory bowl feeder. Its advanced features, including automatic frequency search, synchronized output, speed preset, adjustable slow start, high precision automatic voltage stabilization, sensor adaptability, remote speed control, DC control output, dual switch sensor material full\/empty shutdown, counting function, and 485 communication, ensure smooth, consistent material handling.","breadcrumb":{"@id":"https:\/\/swoer.com\/manufacturer\/vibratory-bowl-feeder-controller-sdvc34-mr\/#breadcrumb"},"inLanguage":"es-MX","potentialAction":[{"@type":"ReadAction","target":["https:\/\/swoer.com\/manufacturer\/vibratory-bowl-feeder-controller-sdvc34-mr\/"]}]},{"@type":"ImageObject","inLanguage":"es-MX","@id":"https:\/\/swoer.com\/manufacturer\/vibratory-bowl-feeder-controller-sdvc34-mr\/#primaryimage","url":"https:\/\/swoer.com\/wp-content\/uploads\/2024\/07\/Vibratory-Bowl-Feeder-Controller-SDVC34-MR-1.webp","contentUrl":"https:\/\/swoer.com\/wp-content\/uploads\/2024\/07\/Vibratory-Bowl-Feeder-Controller-SDVC34-MR-1.webp","width":1000,"height":1000,"caption":"Vibratory Bowl Feeder Controller SDVC34-MR"},{"@type":"BreadcrumbList","@id":"https:\/\/swoer.com\/manufacturer\/vibratory-bowl-feeder-controller-sdvc34-mr\/#breadcrumb","itemListElement":[{"@type":"ListItem","position":1,"name":"Home","item":"https:\/\/swoer.com\/"},{"@type":"ListItem","position":2,"name":"Shop","item":"https:\/\/swoer.com\/shop\/"},{"@type":"ListItem","position":3,"name":"Vibratory Bowl Feeder Controller SDVC34-MR"}]},{"@type":"WebSite","@id":"https:\/\/swoer.com\/#website","url":"https:\/\/swoer.com\/","name":"SWOER","description":"Swoer is the top 3 vibratory bowl feeder manufacturer in China","potentialAction":[{"@type":"SearchAction","target":{"@type":"EntryPoint","urlTemplate":"https:\/\/swoer.com\/?s={search_term_string}"},"query-input":"required name=search_term_string"}],"inLanguage":"es-MX"}]}},"_links":{"self":[{"href":"https:\/\/swoer.com\/es\/wp-json\/wp\/v2\/product\/2284"}],"collection":[{"href":"https:\/\/swoer.com\/es\/wp-json\/wp\/v2\/product"}],"about":[{"href":"https:\/\/swoer.com\/es\/wp-json\/wp\/v2\/types\/product"}],"replies":[{"embeddable":true,"href":"https:\/\/swoer.com\/es\/wp-json\/wp\/v2\/comments?post=2284"}],"wp:featuredmedia":[{"embeddable":true,"href":"https:\/\/swoer.com\/es\/wp-json\/wp\/v2\/media\/2501"}],"wp:attachment":[{"href":"https:\/\/swoer.com\/es\/wp-json\/wp\/v2\/media?parent=2284"}],"wp:term":[{"taxonomy":"product_cat","embeddable":true,"href":"https:\/\/swoer.com\/es\/wp-json\/wp\/v2\/product_cat?post=2284"},{"taxonomy":"product_tag","embeddable":true,"href":"https:\/\/swoer.com\/es\/wp-json\/wp\/v2\/product_tag?post=2284"}],"curies":[{"name":"wp","href":"https:\/\/api.w.org\/{rel}","templated":true}]}}