{"id":2278,"date":"2024-07-05T03:34:25","date_gmt":"2024-07-05T03:34:25","guid":{"rendered":"https:\/\/swoer.com\/?post_type=product&#038;p=2278"},"modified":"2024-08-16T14:15:24","modified_gmt":"2024-08-16T06:15:24","slug":"automated-feeder-controller-sdvc31-xl-6a","status":"publish","type":"product","link":"https:\/\/swoer.com\/es\/manufacturer\/automated-feeder-controller-sdvc31-xl-6a\/","title":{"rendered":"Controlador de alimentador automatizado SDVC31-XL 6A"},"content":{"rendered":"<h2><strong><b>Caracter\u00edsticas<\/b><\/strong><\/h2>\n<ul>\n<li>Estabilizaci\u00f3n autom\u00e1tica de voltaje de alta precisi\u00f3n<\/li>\n<li>Arranque lento ajustable<\/li>\n<li>Interruptor sensor parada lleno\/vac\u00edo<\/li>\n<li>Sensor fotoel\u00e9ctrico apagado lleno\/vac\u00edo<\/li>\n<li>Control de velocidad remoto<\/li>\n<li>Salida de control de CC<\/li>\n<\/ul>\n<h2><strong><b>Funci\u00f3n b\u00e1sica<\/b><\/strong><\/h2>\n<ol>\n<li><strong>Ajuste de frecuencia:<\/strong> Los usuarios ajustan la frecuencia de salida del controlador para lograr un efecto de alimentaci\u00f3n m\u00e1s suave, silencioso y que ahorre energ\u00eda.<\/li>\n<li><strong>Estabilizaci\u00f3n autom\u00e1tica de voltaje de alta precisi\u00f3n:<\/strong> Al utilizar un circuito digital incorporado, el sistema estabiliza el voltaje, eliminando as\u00ed los cambios en la velocidad de alimentaci\u00f3n que ocurren debido a las fluctuaciones del suministro de energ\u00eda.<\/li>\n<li><strong>Inicio lento ajustable:<\/strong> El voltaje de salida aumenta gradualmente desde cero hasta el nivel preestablecido para minimizar el impacto en la placa vibratoria. Los usuarios pueden preestablecer la hora de inicio lento digitalmente.<\/li>\n<li><strong>Interruptor Sensor Lleno\/Vac\u00edo Parada:<\/strong> Admite sensor tipo NPN o control remoto de parada llena\/vac\u00eda PLC.<\/li>\n<li><strong>Sensor fotoel\u00e9ctrico Parada llena\/vac\u00eda:<\/strong> Admite control de parada lleno\/vac\u00edo del sensor contador fotoel\u00e9ctrico.<\/li>\n<li><strong>Control de velocidad remoto:<\/strong> Los usuarios pueden controlar el voltaje de salida de forma remota mediante un potenci\u00f3metro externo, PLC o una se\u00f1al de voltaje de 1-5 V.<\/li>\n<li><strong>Salida de control de CC:<\/strong> El controlador emite una se\u00f1al de control de bajo voltaje de CC para accionar dispositivos como v\u00e1lvulas de solenoide.<\/li>\n<li><strong>Bloqueo de teclado:<\/strong> Mantenga presionada la tecla de encendido\/apagado para bloquear todas las teclas y evitar un mal funcionamiento.<\/li>\n<li><strong>Configuraci\u00f3n de voltaje de salida m\u00e1xima:<\/strong> Los usuarios establecen el voltaje m\u00e1ximo ajustable para evitar da\u00f1os por sobretensi\u00f3n.<\/li>\n<li><strong>Protecci\u00f3n contra sobrecalentamiento:<\/strong> Para protegerse, el controlador detiene la salida cada vez que la temperatura de trabajo sube demasiado.<\/li>\n<li><strong>Protecci\u00f3n contra la sobretensi\u00f3n:<\/strong> Para proteger el controlador y el equipo de vibraci\u00f3n, el sistema detiene la salida siempre que la corriente de trabajo excede la corriente nominal.<\/li>\n<li><strong>Protecci\u00f3n contra cortocircuitos recuperables:<\/strong> El sistema detiene la salida durante un cortocircuito para proteger tanto el controlador como el equipo. Despu\u00e9s de eliminar el cortocircuito, el sistema se puede volver a energizar para que funcione normalmente.<\/li>\n<\/ol>\n\t<div id=\"gap-1800051379\" class=\"gap-element clearfix\" style=\"display:block; height:auto;\">\n\t\t\n<style>\n#gap-1800051379 {\n  padding-top: 30px;\n}\n<\/style>\n\t<\/div>\n\t\n<h2><strong>Especificaci\u00f3n t\u00e9cnica<\/strong><\/h2>\n<table width=\"767\">\n<tbody>\n<tr>\n<td rowspan=\"2\" width=\"225\">Art\u00edculo<\/td>\n<td colspan=\"3\" width=\"216\">Rango<\/td>\n<td rowspan=\"2\" width=\"72\">Unidad<\/td>\n<td rowspan=\"2\" width=\"254\">Descripci\u00f3n<\/td>\n<\/tr>\n<tr>\n<td>M\u00ednimo<\/td>\n<td>T\u00edpico<\/td>\n<td>M\u00e1ximo<\/td>\n<\/tr>\n<tr>\n<td>Voltaje de entrada<\/td>\n<td>85<\/td>\n<td>220<\/td>\n<td>260<\/td>\n<td>V<\/td>\n<td>Valor efectivo de CA<\/td>\n<\/tr>\n<tr>\n<td>Rango de ajuste del voltaje de salida<\/td>\n<td>0<\/td>\n<td><\/td>\n<td>260<\/td>\n<td>V<\/td>\n<td>Menos de 150% de voltaje de entrada<\/td>\n<\/tr>\n<tr>\n<td>Precisi\u00f3n del ajuste de voltaje<\/td>\n<td colspan=\"3\">1<\/td>\n<td>V<\/td>\n<td><\/td>\n<\/tr>\n<tr>\n<td>Precisi\u00f3n de regulaci\u00f3n de voltaje<\/td>\n<td>0<\/td>\n<td><\/td>\n<td>10<\/td>\n<td><\/td>\n<td>Vout\/Vin<\/td>\n<\/tr>\n<tr>\n<td>Tiempo de respuesta de regulaci\u00f3n de voltaje<\/td>\n<td>0.0025<\/td>\n<td><\/td>\n<td>0.025<\/td>\n<td>s<\/td>\n<td>Una d\u00e9cima parte del ciclo de voltaje de salida<\/td>\n<\/tr>\n<tr>\n<td rowspan=\"2\">Rango de ajuste de corriente de salida<\/td>\n<td rowspan=\"2\">0<\/td>\n<td rowspan=\"2\"><\/td>\n<td rowspan=\"2\">10<\/td>\n<td rowspan=\"2\">A<\/td>\n<td rowspan=\"2\">SDVC31-U-Potencia extra alta<\/td>\n<\/tr>\n<tr>\n<td rowspan=\"2\"><\/td>\n<td rowspan=\"2\"><\/td>\n<td rowspan=\"2\"><\/td>\n<td rowspan=\"2\"><\/td>\n<td rowspan=\"2\"><\/td>\n<td rowspan=\"2\"><\/td>\n<\/tr>\n<tr>\n<td>Frecuencia de salida<\/td>\n<td>40<\/td>\n<td><\/td>\n<td>400<\/td>\n<td>Hz<\/td>\n<td><\/td>\n<\/tr>\n<tr>\n<td>Precisi\u00f3n del ajuste de frecuencia<\/td>\n<td colspan=\"3\">0.1<\/td>\n<td>Hz<\/td>\n<td><\/td>\n<\/tr>\n<tr>\n<td>Forma de onda de salida<\/td>\n<td colspan=\"3\">seno<\/td>\n<td><\/td>\n<td><\/td>\n<\/tr>\n<tr>\n<td>Hora de inicio lenta<\/td>\n<td>0<\/td>\n<td><\/td>\n<td>10<\/td>\n<td>s<\/td>\n<td>Valor predeterminado de f\u00e1brica 0,5<\/td>\n<\/tr>\n<tr>\n<td>Rango de tiempo de retraso<\/td>\n<td>0<\/td>\n<td><\/td>\n<td>20<\/td>\n<td>s<\/td>\n<td>Valor predeterminado de f\u00e1brica 0,2<\/td>\n<\/tr>\n<tr>\n<td>Precisi\u00f3n del tiempo de retardo<\/td>\n<td colspan=\"3\">0.1<\/td>\n<td>s<\/td>\n<td><\/td>\n<\/tr>\n<tr>\n<td>Temperatura de protecci\u00f3n contra sobrecalentamiento<\/td>\n<td>60<\/td>\n<td>65<\/td>\n<td>65<\/td>\n<td>\u2103<\/td>\n<td><\/td>\n<\/tr>\n<tr>\n<td>Tensi\u00f3n de salida de control de CC<\/td>\n<td>22<\/td>\n<td>24<\/td>\n<td>26<\/td>\n<td>V<\/td>\n<td><\/td>\n<\/tr>\n<tr>\n<td>Corriente de salida de control CC<\/td>\n<td>0<\/td>\n<td><\/td>\n<td>200<\/td>\n<td>mam\u00e1<\/td>\n<td><\/td>\n<\/tr>\n<tr>\n<td>Modelo de control anal\u00f3gico<\/td>\n<td colspan=\"3\">1 de mayo de 5<\/td>\n<td>V<\/td>\n<td>Tensi\u00f3n de control remoto de velocidad<\/td>\n<\/tr>\n<tr>\n<td>Se\u00f1al de control digital<\/td>\n<td colspan=\"3\">24<\/td>\n<td>V<\/td>\n<td>Control de se\u00f1al de conmutaci\u00f3n<\/td>\n<\/tr>\n<tr>\n<td>M\u00e9todo de ajuste<\/td>\n<td colspan=\"3\">6<\/td>\n<td>llave<\/td>\n<td><\/td>\n<\/tr>\n<tr>\n<td>Consumo de energ\u00eda sin carga<\/td>\n<td><\/td>\n<td>3<\/td>\n<td><\/td>\n<td>W.<\/td>\n<td><\/td>\n<\/tr>\n<tr>\n<td>Modo de visualizaci\u00f3n<\/td>\n<td colspan=\"3\">5<\/td>\n<td>d\u00edgito<\/td>\n<td>tubo digital LED<\/td>\n<\/tr>\n<tr>\n<td>Temperatura ambiente salarial<\/td>\n<td>0<\/td>\n<td>25<\/td>\n<td>40<\/td>\n<td>\u2103<\/td>\n<td rowspan=\"2\">Sin condensaci\u00f3n<\/td>\n<\/tr>\n<tr>\n<td>Humedad del ambiente salarial<\/td>\n<td>10<\/td>\n<td>60<\/td>\n<td>85<\/td>\n<td>%<\/td>\n<\/tr>\n<\/tbody>\n<\/table>\n\t<div id=\"gap-14795823\" class=\"gap-element clearfix\" style=\"display:block; height:auto;\">\n\t\t\n<style>\n#gap-14795823 {\n  padding-top: 30px;\n}\n<\/style>\n\t<\/div>\n\t\n<h2><strong><b>Dimensiones y peso<\/b><\/strong><\/h2>\n<ul>\n<li>Dimensiones: largo 190 mm x ancho 242 mm x alto 94,5 mm<\/li>\n<li>Peso: 2670g (sin accesorios)<\/li>\n<\/ul>\n\t<div class=\"img has-hover x md-x lg-x y md-y lg-y\" id=\"image_868759315\">\n\t\t\t\t\t\t\t\t<div class=\"img-inner dark\" >\n\t\t\t<img loading=\"lazy\" decoding=\"async\" width=\"775\" height=\"574\" src=\"https:\/\/swoer.com\/wp-content\/uploads\/2024\/07\/dimension-drawing-2.webp\" class=\"attachment-original size-original\" alt=\"Dibujo de dimensi\u00f3nes\" srcset=\"https:\/\/swoer.com\/wp-content\/uploads\/2024\/07\/dimension-drawing-2.webp 775w, https:\/\/swoer.com\/wp-content\/uploads\/2024\/07\/dimension-drawing-2-300x222.webp 300w, https:\/\/swoer.com\/wp-content\/uploads\/2024\/07\/dimension-drawing-2-768x569.webp 768w, https:\/\/swoer.com\/wp-content\/uploads\/2024\/07\/dimension-drawing-2-16x12.webp 16w, https:\/\/swoer.com\/wp-content\/uploads\/2024\/07\/dimension-drawing-2-600x444.webp 600w\" sizes=\"(max-width: 775px) 100vw, 775px\" \/>\t\t\t\t\t\t\n\t\t\t\t\t<\/div>\n\t\t\t\t\t\t\t\t\n<style>\n#image_868759315 {\n  width: 62%;\n}\n<\/style>\n\t<\/div>","protected":false},"excerpt":{"rendered":"<p>El controlador de alimentador automatizado SDVC31-XL 6A ofrece estabilizaci\u00f3n autom\u00e1tica de voltaje de alta precisi\u00f3n, arranque lento ajustable y opciones de control vers\u00e1tiles que incluyen un sensor de interruptor y un sensor fotoel\u00e9ctrico de apagado lleno\/vac\u00edo. Perfecto para mejorar el rendimiento y la eficiencia de su sistema de alimentaci\u00f3n.<\/p>","protected":false},"featured_media":2505,"comment_status":"open","ping_status":"closed","template":"","meta":[],"product_cat":[45],"product_tag":[],"yoast_head":"<!-- This site is optimized with the Yoast SEO plugin v22.2 - https:\/\/yoast.com\/wordpress\/plugins\/seo\/ -->\n<title>Automated Feeder Controller SDVC31-XL 6A - SWOER<\/title>\n<meta name=\"description\" content=\"The Automated Feeder Controller SDVC31-XL 6A has high precision voltage stabilization, adjustable slow start, and remote speed control. It is ideal for efficient and reliable feeding operations.\" \/>\n<meta name=\"robots\" content=\"index, follow, max-snippet:-1, max-image-preview:large, max-video-preview:-1\" \/>\n<link rel=\"canonical\" href=\"https:\/\/swoer.com\/es\/manufacturer\/automated-feeder-controller-sdvc31-xl-6a\/\" \/>\n<meta property=\"og:locale\" content=\"es_MX\" \/>\n<meta property=\"og:type\" content=\"article\" \/>\n<meta property=\"og:title\" content=\"Automated Feeder Controller SDVC31-XL 6A - SWOER\" \/>\n<meta property=\"og:description\" content=\"The Automated Feeder Controller SDVC31-XL 6A has high precision voltage stabilization, adjustable slow start, and remote speed control. It is ideal for efficient and reliable feeding operations.\" \/>\n<meta property=\"og:url\" content=\"https:\/\/swoer.com\/es\/manufacturer\/automated-feeder-controller-sdvc31-xl-6a\/\" \/>\n<meta property=\"og:site_name\" content=\"SWOER\" \/>\n<meta property=\"article:modified_time\" content=\"2024-08-16T06:15:24+00:00\" \/>\n<meta property=\"og:image\" content=\"https:\/\/swoer.com\/wp-content\/uploads\/2024\/07\/Automated-Feeder-Controller-SDVC31-XL-6A-1.webp\" \/>\n\t<meta property=\"og:image:width\" content=\"1000\" \/>\n\t<meta property=\"og:image:height\" content=\"1000\" \/>\n\t<meta property=\"og:image:type\" content=\"image\/webp\" \/>\n<meta name=\"twitter:card\" content=\"summary_large_image\" \/>\n<meta name=\"twitter:label1\" content=\"Tiempo de lectura\" \/>\n\t<meta name=\"twitter:data1\" content=\"3 minutos\" \/>\n<script type=\"application\/ld+json\" class=\"yoast-schema-graph\">{\"@context\":\"https:\/\/schema.org\",\"@graph\":[{\"@type\":\"WebPage\",\"@id\":\"https:\/\/swoer.com\/manufacturer\/automated-feeder-controller-sdvc31-xl-6a\/\",\"url\":\"https:\/\/swoer.com\/manufacturer\/automated-feeder-controller-sdvc31-xl-6a\/\",\"name\":\"Automated Feeder Controller SDVC31-XL 6A - SWOER\",\"isPartOf\":{\"@id\":\"https:\/\/swoer.com\/#website\"},\"primaryImageOfPage\":{\"@id\":\"https:\/\/swoer.com\/manufacturer\/automated-feeder-controller-sdvc31-xl-6a\/#primaryimage\"},\"image\":{\"@id\":\"https:\/\/swoer.com\/manufacturer\/automated-feeder-controller-sdvc31-xl-6a\/#primaryimage\"},\"thumbnailUrl\":\"https:\/\/swoer.com\/wp-content\/uploads\/2024\/07\/Automated-Feeder-Controller-SDVC31-XL-6A-1.webp\",\"datePublished\":\"2024-07-05T03:34:25+00:00\",\"dateModified\":\"2024-08-16T06:15:24+00:00\",\"description\":\"The Automated Feeder Controller SDVC31-XL 6A has high precision voltage stabilization, adjustable slow start, and remote speed control. It is ideal for efficient and reliable feeding operations.\",\"breadcrumb\":{\"@id\":\"https:\/\/swoer.com\/manufacturer\/automated-feeder-controller-sdvc31-xl-6a\/#breadcrumb\"},\"inLanguage\":\"es-MX\",\"potentialAction\":[{\"@type\":\"ReadAction\",\"target\":[\"https:\/\/swoer.com\/manufacturer\/automated-feeder-controller-sdvc31-xl-6a\/\"]}]},{\"@type\":\"ImageObject\",\"inLanguage\":\"es-MX\",\"@id\":\"https:\/\/swoer.com\/manufacturer\/automated-feeder-controller-sdvc31-xl-6a\/#primaryimage\",\"url\":\"https:\/\/swoer.com\/wp-content\/uploads\/2024\/07\/Automated-Feeder-Controller-SDVC31-XL-6A-1.webp\",\"contentUrl\":\"https:\/\/swoer.com\/wp-content\/uploads\/2024\/07\/Automated-Feeder-Controller-SDVC31-XL-6A-1.webp\",\"width\":1000,\"height\":1000,\"caption\":\"Automated Feeder Controller SDVC31-XL 6A\"},{\"@type\":\"BreadcrumbList\",\"@id\":\"https:\/\/swoer.com\/manufacturer\/automated-feeder-controller-sdvc31-xl-6a\/#breadcrumb\",\"itemListElement\":[{\"@type\":\"ListItem\",\"position\":1,\"name\":\"Home\",\"item\":\"https:\/\/swoer.com\/\"},{\"@type\":\"ListItem\",\"position\":2,\"name\":\"Shop\",\"item\":\"https:\/\/swoer.com\/shop\/\"},{\"@type\":\"ListItem\",\"position\":3,\"name\":\"Automated Feeder Controller SDVC31-XL 6A\"}]},{\"@type\":\"WebSite\",\"@id\":\"https:\/\/swoer.com\/#website\",\"url\":\"https:\/\/swoer.com\/\",\"name\":\"SWOER\",\"description\":\"Swoer is the top 3 vibratory bowl feeder manufacturer in China\",\"potentialAction\":[{\"@type\":\"SearchAction\",\"target\":{\"@type\":\"EntryPoint\",\"urlTemplate\":\"https:\/\/swoer.com\/?s={search_term_string}\"},\"query-input\":\"required name=search_term_string\"}],\"inLanguage\":\"es-MX\"}]}<\/script>\n<!-- \/ Yoast SEO plugin. -->","yoast_head_json":{"title":"Automated Feeder Controller SDVC31-XL 6A - SWOER","description":"The Automated Feeder Controller SDVC31-XL 6A has high precision voltage stabilization, adjustable slow start, and remote speed control. It is ideal for efficient and reliable feeding operations.","robots":{"index":"index","follow":"follow","max-snippet":"max-snippet:-1","max-image-preview":"max-image-preview:large","max-video-preview":"max-video-preview:-1"},"canonical":"https:\/\/swoer.com\/es\/manufacturer\/automated-feeder-controller-sdvc31-xl-6a\/","og_locale":"es_MX","og_type":"article","og_title":"Automated Feeder Controller SDVC31-XL 6A - SWOER","og_description":"The Automated Feeder Controller SDVC31-XL 6A has high precision voltage stabilization, adjustable slow start, and remote speed control. It is ideal for efficient and reliable feeding operations.","og_url":"https:\/\/swoer.com\/es\/manufacturer\/automated-feeder-controller-sdvc31-xl-6a\/","og_site_name":"SWOER","article_modified_time":"2024-08-16T06:15:24+00:00","og_image":[{"width":1000,"height":1000,"url":"https:\/\/swoer.com\/wp-content\/uploads\/2024\/07\/Automated-Feeder-Controller-SDVC31-XL-6A-1.webp","type":"image\/webp"}],"twitter_card":"summary_large_image","twitter_misc":{"Tiempo de lectura":"3 minutos"},"schema":{"@context":"https:\/\/schema.org","@graph":[{"@type":"WebPage","@id":"https:\/\/swoer.com\/manufacturer\/automated-feeder-controller-sdvc31-xl-6a\/","url":"https:\/\/swoer.com\/manufacturer\/automated-feeder-controller-sdvc31-xl-6a\/","name":"Automated Feeder Controller SDVC31-XL 6A - SWOER","isPartOf":{"@id":"https:\/\/swoer.com\/#website"},"primaryImageOfPage":{"@id":"https:\/\/swoer.com\/manufacturer\/automated-feeder-controller-sdvc31-xl-6a\/#primaryimage"},"image":{"@id":"https:\/\/swoer.com\/manufacturer\/automated-feeder-controller-sdvc31-xl-6a\/#primaryimage"},"thumbnailUrl":"https:\/\/swoer.com\/wp-content\/uploads\/2024\/07\/Automated-Feeder-Controller-SDVC31-XL-6A-1.webp","datePublished":"2024-07-05T03:34:25+00:00","dateModified":"2024-08-16T06:15:24+00:00","description":"The Automated Feeder Controller SDVC31-XL 6A has high precision voltage stabilization, adjustable slow start, and remote speed control. It is ideal for efficient and reliable feeding operations.","breadcrumb":{"@id":"https:\/\/swoer.com\/manufacturer\/automated-feeder-controller-sdvc31-xl-6a\/#breadcrumb"},"inLanguage":"es-MX","potentialAction":[{"@type":"ReadAction","target":["https:\/\/swoer.com\/manufacturer\/automated-feeder-controller-sdvc31-xl-6a\/"]}]},{"@type":"ImageObject","inLanguage":"es-MX","@id":"https:\/\/swoer.com\/manufacturer\/automated-feeder-controller-sdvc31-xl-6a\/#primaryimage","url":"https:\/\/swoer.com\/wp-content\/uploads\/2024\/07\/Automated-Feeder-Controller-SDVC31-XL-6A-1.webp","contentUrl":"https:\/\/swoer.com\/wp-content\/uploads\/2024\/07\/Automated-Feeder-Controller-SDVC31-XL-6A-1.webp","width":1000,"height":1000,"caption":"Automated Feeder Controller SDVC31-XL 6A"},{"@type":"BreadcrumbList","@id":"https:\/\/swoer.com\/manufacturer\/automated-feeder-controller-sdvc31-xl-6a\/#breadcrumb","itemListElement":[{"@type":"ListItem","position":1,"name":"Home","item":"https:\/\/swoer.com\/"},{"@type":"ListItem","position":2,"name":"Shop","item":"https:\/\/swoer.com\/shop\/"},{"@type":"ListItem","position":3,"name":"Automated Feeder Controller SDVC31-XL 6A"}]},{"@type":"WebSite","@id":"https:\/\/swoer.com\/#website","url":"https:\/\/swoer.com\/","name":"SWOER","description":"Swoer is the top 3 vibratory bowl feeder manufacturer in China","potentialAction":[{"@type":"SearchAction","target":{"@type":"EntryPoint","urlTemplate":"https:\/\/swoer.com\/?s={search_term_string}"},"query-input":"required name=search_term_string"}],"inLanguage":"es-MX"}]}},"_links":{"self":[{"href":"https:\/\/swoer.com\/es\/wp-json\/wp\/v2\/product\/2278"}],"collection":[{"href":"https:\/\/swoer.com\/es\/wp-json\/wp\/v2\/product"}],"about":[{"href":"https:\/\/swoer.com\/es\/wp-json\/wp\/v2\/types\/product"}],"replies":[{"embeddable":true,"href":"https:\/\/swoer.com\/es\/wp-json\/wp\/v2\/comments?post=2278"}],"wp:featuredmedia":[{"embeddable":true,"href":"https:\/\/swoer.com\/es\/wp-json\/wp\/v2\/media\/2505"}],"wp:attachment":[{"href":"https:\/\/swoer.com\/es\/wp-json\/wp\/v2\/media?parent=2278"}],"wp:term":[{"taxonomy":"product_cat","embeddable":true,"href":"https:\/\/swoer.com\/es\/wp-json\/wp\/v2\/product_cat?post=2278"},{"taxonomy":"product_tag","embeddable":true,"href":"https:\/\/swoer.com\/es\/wp-json\/wp\/v2\/product_tag?post=2278"}],"curies":[{"name":"wp","href":"https:\/\/api.w.org\/{rel}","templated":true}]}}