{"id":2266,"date":"2024-07-03T03:21:39","date_gmt":"2024-07-03T03:21:39","guid":{"rendered":"https:\/\/swoer.com\/?post_type=product&#038;p=2266"},"modified":"2024-08-16T14:20:18","modified_gmt":"2024-08-16T06:20:18","slug":"bowl-feeder-controller-sdvc31-m-3-0a","status":"publish","type":"product","link":"https:\/\/swoer.com\/es\/manufacturer\/bowl-feeder-controller-sdvc31-m-3-0a\/","title":{"rendered":"Controlador de alimentador de cuenco SDVC31-M 3.0A"},"content":{"rendered":"<h2><strong><b>Caracter\u00edsticas<\/b><\/strong><\/h2>\n<ul>\n<li>Estabilizaci\u00f3n autom\u00e1tica de voltaje de alta precisi\u00f3n<\/li>\n<li>Arranque lento ajustable<\/li>\n<li>Interruptor sensor parada lleno\/vac\u00edo<\/li>\n<li>Sensor fotoel\u00e9ctrico apagado lleno\/vac\u00edo<\/li>\n<li>Control de velocidad remoto<\/li>\n<li>Salida de control de CC<\/li>\n<\/ul>\n\t<div id=\"gap-137969672\" class=\"gap-element clearfix\" style=\"display:block; height:auto;\">\n\t\t\n<style>\n#gap-137969672 {\n  padding-top: 30px;\n}\n<\/style>\n\t<\/div>\n\t\n<h2><strong><b>Funci\u00f3n b\u00e1sica<\/b><\/strong><\/h2>\n<ol>\n<li><strong>Ajuste de frecuencia<\/strong>: Los usuarios ajustan la frecuencia del controlador para optimizar el cuerpo vibratorio para una alimentaci\u00f3n m\u00e1s suave, silenciosa y que ahorre energ\u00eda.<\/li>\n<li><strong>Estabilizaci\u00f3n autom\u00e1tica de voltaje de alta precisi\u00f3n:<\/strong> El circuito digital estabiliza el voltaje y corrige autom\u00e1ticamente los cambios en la velocidad de alimentaci\u00f3n debido a las fluctuaciones del suministro de energ\u00eda.<\/li>\n<li><strong>Arranque lento ajustable:<\/strong> El voltaje de salida aumenta gradualmente de cero a preestablecido para minimizar el impacto en la placa vibratoria al arrancar. Los usuarios pueden preestablecer digitalmente el tiempo de inicio lento. Admite sensores tipo NPN o control remoto de apagado lleno\/vac\u00edo PLC.<\/li>\n<li><strong>Interruptor sensor parada lleno\/vac\u00edo:<\/strong> Admite sensor tipo NPN o control remoto de parada completa\/vac\u00eda PLC.<\/li>\n<li><strong>Sensor fotoel\u00e9ctrico parada lleno\/vac\u00edo:<\/strong> Admite control de parada completo\/vac\u00edo del sensor contador fotoel\u00e9ctrico.<\/li>\n<li><strong>Control remoto de velocidad:<\/strong> el controlador puede utilizar directamente el potenci\u00f3metro externo, PLC o se\u00f1al de voltaje de 1-5 V para controlar el voltaje de salida de forma remota.<\/li>\n<li><strong>Salida de control CC:<\/strong> el controlador puede emitir una se\u00f1al de control de bajo voltaje de CC para accionar la v\u00e1lvula solenoide y otros dispositivos para que funcionen con el controlador.<\/li>\n<li><strong>Bloqueo de teclado:<\/strong> Mantenga presionada la tecla de encendido\/apagado para bloquear todas las teclas y evitar que los usuarios realicen un mal funcionamiento.<\/li>\n<li><strong>Configuraci\u00f3n de voltaje de salida m\u00e1xima:<\/strong> Configure el voltaje ajustable m\u00e1ximo para evitar que el usuario realice un mal funcionamiento y genere demasiado voltaje para da\u00f1ar el equipo de vibraci\u00f3n.<\/li>\n<li><strong>Protecci\u00f3n contra sobrecalentamiento:<\/strong> Cuando la temperatura de funcionamiento del controlador es demasiado alta, detendr\u00e1 la salida para protegerse.<\/li>\n<li><strong>Protecci\u00f3n contra la sobretensi\u00f3n<\/strong>: Cuando la corriente de trabajo del controlador excede la corriente nominal, el sistema detiene la salida para proteger el controlador y el equipo de vibraci\u00f3n.<\/li>\n<li><strong>Protecci\u00f3n recuperable contra cortocircuitos<\/strong>: Cuando ocurre un cortocircuito en la salida, el sistema detiene la salida y no quema el fusible para proteger el controlador y el equipo de vibraci\u00f3n. Una vez solucionado el cortocircuito, el sistema se puede volver a energizar para que vuelva a funcionar normalmente.<\/li>\n<\/ol>\n\t<div id=\"gap-1387925007\" class=\"gap-element clearfix\" style=\"display:block; height:auto;\">\n\t\t\n<style>\n#gap-1387925007 {\n  padding-top: 30px;\n}\n<\/style>\n\t<\/div>\n\t\n<h2>Especificaci\u00f3n t\u00e9cnica<\/h2>\n<table width=\"767\">\n<tbody>\n<tr>\n<td rowspan=\"2\" width=\"225\">Art\u00edculo<\/td>\n<td colspan=\"3\" width=\"216\">Rango<\/td>\n<td rowspan=\"2\" width=\"72\">Unidad<\/td>\n<td rowspan=\"2\" width=\"254\">Descripci\u00f3n<\/td>\n<\/tr>\n<tr>\n<td>M\u00ednimo<\/td>\n<td>T\u00edpico<\/td>\n<td>M\u00e1ximo<\/td>\n<\/tr>\n<tr>\n<td>Voltaje de entrada<\/td>\n<td>85<\/td>\n<td>220<\/td>\n<td>260<\/td>\n<td>V<\/td>\n<td>Valor efectivo de CA<\/td>\n<\/tr>\n<tr>\n<td>Rango de ajuste del voltaje de salida<\/td>\n<td>0<\/td>\n<td><\/td>\n<td>260<\/td>\n<td>V<\/td>\n<td>Menos de 150% de voltaje de entrada<\/td>\n<\/tr>\n<tr>\n<td>Precisi\u00f3n del ajuste de voltaje<\/td>\n<td colspan=\"3\">1<\/td>\n<td>V<\/td>\n<td><\/td>\n<\/tr>\n<tr>\n<td>Precisi\u00f3n de regulaci\u00f3n de voltaje<\/td>\n<td>0<\/td>\n<td><\/td>\n<td>10<\/td>\n<td><\/td>\n<td>Vout\/Vin<\/td>\n<\/tr>\n<tr>\n<td>Tiempo de respuesta de regulaci\u00f3n de voltaje<\/td>\n<td>0.0025<\/td>\n<td><\/td>\n<td>0.025<\/td>\n<td>s<\/td>\n<td>Una d\u00e9cima parte del ciclo de voltaje de salida<\/td>\n<\/tr>\n<tr>\n<td rowspan=\"2\">Rango de ajuste de corriente de salida<\/td>\n<td>0<\/td>\n<td><\/td>\n<td>1.5<\/td>\n<td>A<\/td>\n<td>SDVC31-S-Peque\u00f1a potencia<\/td>\n<\/tr>\n<tr>\n<td>0<\/td>\n<td><\/td>\n<td>3<\/td>\n<td>Virginia<\/td>\n<td>SDVC31-M-Potencia media<\/td>\n<\/tr>\n<tr>\n<td rowspan=\"2\">Potencia de salida<\/td>\n<td>0<\/td>\n<td><\/td>\n<td>330<\/td>\n<td>Virginia<\/td>\n<td>SDVC31-S-Peque\u00f1a potencia<\/td>\n<\/tr>\n<tr>\n<td>0<\/td>\n<td><\/td>\n<td>660<\/td>\n<td>Virginia<\/td>\n<td>SDVC31-M-Potencia media<\/td>\n<\/tr>\n<tr>\n<td>Frecuencia de salida<\/td>\n<td>40<\/td>\n<td><\/td>\n<td>400<\/td>\n<td>Hz<\/td>\n<td><\/td>\n<\/tr>\n<tr>\n<td>Precisi\u00f3n del ajuste de frecuencia<\/td>\n<td colspan=\"3\">0.1<\/td>\n<td>Hz<\/td>\n<td><\/td>\n<\/tr>\n<tr>\n<td>Forma de onda de salida<\/td>\n<td colspan=\"3\">seno<\/td>\n<td><\/td>\n<td><\/td>\n<\/tr>\n<tr>\n<td>Hora de inicio lenta<\/td>\n<td>0<\/td>\n<td><\/td>\n<td>10<\/td>\n<td>s<\/td>\n<td>Valor predeterminado de f\u00e1brica 0,5<\/td>\n<\/tr>\n<tr>\n<td>Rango de tiempo de retraso<\/td>\n<td>0<\/td>\n<td><\/td>\n<td>20<\/td>\n<td>s<\/td>\n<td>Valor predeterminado de f\u00e1brica 0,2<\/td>\n<\/tr>\n<tr>\n<td>Precisi\u00f3n del tiempo de retardo<\/td>\n<td colspan=\"3\">0.1<\/td>\n<td>s<\/td>\n<td><\/td>\n<\/tr>\n<tr>\n<td>Temperatura de protecci\u00f3n contra sobrecalentamiento<\/td>\n<td>60<\/td>\n<td>65<\/td>\n<td>65<\/td>\n<td>\u2103<\/td>\n<td><\/td>\n<\/tr>\n<tr>\n<td>Tensi\u00f3n de salida de control de CC<\/td>\n<td>22<\/td>\n<td>24<\/td>\n<td>26<\/td>\n<td>V<\/td>\n<td><\/td>\n<\/tr>\n<tr>\n<td>Corriente de salida de control CC<\/td>\n<td>0<\/td>\n<td><\/td>\n<td>200<\/td>\n<td>mam\u00e1<\/td>\n<td><\/td>\n<\/tr>\n<tr>\n<td>Modelo de control anal\u00f3gico<\/td>\n<td colspan=\"3\">1-5<\/td>\n<td>V<\/td>\n<td>Tensi\u00f3n de control remoto de velocidad<\/td>\n<\/tr>\n<tr>\n<td>Se\u00f1al de control digital<\/td>\n<td colspan=\"3\">24<\/td>\n<td>V<\/td>\n<td>Control de se\u00f1al de conmutaci\u00f3n<\/td>\n<\/tr>\n<tr>\n<td>M\u00e9todo de ajuste<\/td>\n<td colspan=\"3\">6<\/td>\n<td>llave<\/td>\n<td><\/td>\n<\/tr>\n<tr>\n<td>Consumo de energ\u00eda sin carga<\/td>\n<td><\/td>\n<td>3<\/td>\n<td><\/td>\n<td>W.<\/td>\n<td><\/td>\n<\/tr>\n<tr>\n<td>Modo de visualizaci\u00f3n<\/td>\n<td colspan=\"3\">5<\/td>\n<td>d\u00edgito<\/td>\n<td>tubo digital LED<\/td>\n<\/tr>\n<tr>\n<td>Temperatura ambiente salarial<\/td>\n<td>0<\/td>\n<td>25<\/td>\n<td>40<\/td>\n<td>\u2103<\/td>\n<td rowspan=\"2\">Sin condensaci\u00f3n<\/td>\n<\/tr>\n<tr>\n<td>Humedad del ambiente salarial<\/td>\n<td>10<\/td>\n<td>60<\/td>\n<td>85<\/td>\n<td>%<\/td>\n<\/tr>\n<\/tbody>\n<\/table>\n<h2>Dimensiones y peso<\/h2>\n<ul>\n<li><strong>Dimensiones:<\/strong> 190 mm de largo x 53,6 mm de ancho x 94,5 mm de alto<\/li>\n<li><strong>Peso:<\/strong> 610 g (sin accesorios)<\/li>\n<\/ul>\n\t<div id=\"gap-865442141\" class=\"gap-element clearfix\" style=\"display:block; height:auto;\">\n\t\t\n<style>\n#gap-865442141 {\n  padding-top: 30px;\n}\n<\/style>\n\t<\/div>\n\t\n<h2>Dibujo de dimensi\u00f3nes<\/h2>\n\t<div class=\"img has-hover x md-x lg-x y md-y lg-y\" id=\"image_1719585048\">\n\t\t\t\t\t\t\t\t<div class=\"img-inner dark\" >\n\t\t\t<img loading=\"lazy\" decoding=\"async\" width=\"646\" height=\"554\" src=\"https:\/\/swoer.com\/wp-content\/uploads\/2024\/07\/dimension-drawing.webp\" class=\"attachment-original size-original\" alt=\"Dibujo de dimensi\u00f3nes\" srcset=\"https:\/\/swoer.com\/wp-content\/uploads\/2024\/07\/dimension-drawing.webp 646w, https:\/\/swoer.com\/wp-content\/uploads\/2024\/07\/dimension-drawing-300x257.webp 300w, https:\/\/swoer.com\/wp-content\/uploads\/2024\/07\/dimension-drawing-14x12.webp 14w, https:\/\/swoer.com\/wp-content\/uploads\/2024\/07\/dimension-drawing-600x515.webp 600w\" sizes=\"(max-width: 646px) 100vw, 646px\" \/>\t\t\t\t\t\t\n\t\t\t\t\t<\/div>\n\t\t\t\t\t\t\t\t\n<style>\n#image_1719585048 {\n  width: 58%;\n}\n<\/style>\n\t<\/div>","protected":false},"excerpt":{"rendered":"<p>El controlador del alimentador de taz\u00f3n SDVC31-M 3.0A es una soluci\u00f3n confiable para controlar alimentadores de taz\u00f3n vibratorios en entornos industriales. Cuenta con estabilizaci\u00f3n de voltaje de alta precisi\u00f3n, arranque lento ajustable, parada de lleno\/vac\u00edo, control de velocidad remoto y salida de control de CC para un manejo eficiente de materiales.<\/p>","protected":false},"featured_media":2513,"comment_status":"open","ping_status":"closed","template":"","meta":[],"product_cat":[45],"product_tag":[],"yoast_head":"<!-- This site is optimized with the Yoast SEO plugin v22.2 - https:\/\/yoast.com\/wordpress\/plugins\/seo\/ -->\n<title>Bowl Feeder Controller SDVC31-M 3.0A - SWOER<\/title>\n<meta name=\"description\" content=\"Improve your material handling operations with the Bowl Feeder Controller SDVC31-M 3.0A. This industrial-grade controller ensures accurate material flow, prevents jams, and optimizes production efficiency.\" \/>\n<meta name=\"robots\" content=\"index, follow, max-snippet:-1, max-image-preview:large, max-video-preview:-1\" \/>\n<link rel=\"canonical\" href=\"https:\/\/swoer.com\/es\/manufacturer\/bowl-feeder-controller-sdvc31-m-3-0a\/\" \/>\n<meta property=\"og:locale\" content=\"es_MX\" \/>\n<meta property=\"og:type\" content=\"article\" \/>\n<meta property=\"og:title\" content=\"Bowl Feeder Controller SDVC31-M 3.0A - SWOER\" \/>\n<meta property=\"og:description\" content=\"Improve your material handling operations with the Bowl Feeder Controller SDVC31-M 3.0A. This industrial-grade controller ensures accurate material flow, prevents jams, and optimizes production efficiency.\" \/>\n<meta property=\"og:url\" content=\"https:\/\/swoer.com\/es\/manufacturer\/bowl-feeder-controller-sdvc31-m-3-0a\/\" \/>\n<meta property=\"og:site_name\" content=\"SWOER\" \/>\n<meta property=\"article:modified_time\" content=\"2024-08-16T06:20:18+00:00\" \/>\n<meta property=\"og:image\" content=\"https:\/\/swoer.com\/wp-content\/uploads\/2024\/07\/Bowl-Feeder-Controller-SDVC31-M-3.0A-1.webp\" \/>\n\t<meta property=\"og:image:width\" content=\"1000\" \/>\n\t<meta property=\"og:image:height\" content=\"1000\" \/>\n\t<meta property=\"og:image:type\" content=\"image\/webp\" \/>\n<meta name=\"twitter:card\" content=\"summary_large_image\" \/>\n<meta name=\"twitter:label1\" content=\"Tiempo de lectura\" \/>\n\t<meta name=\"twitter:data1\" content=\"3 minutos\" \/>\n<script type=\"application\/ld+json\" class=\"yoast-schema-graph\">{\"@context\":\"https:\/\/schema.org\",\"@graph\":[{\"@type\":\"WebPage\",\"@id\":\"https:\/\/swoer.com\/manufacturer\/bowl-feeder-controller-sdvc31-m-3-0a\/\",\"url\":\"https:\/\/swoer.com\/manufacturer\/bowl-feeder-controller-sdvc31-m-3-0a\/\",\"name\":\"Bowl Feeder Controller SDVC31-M 3.0A - SWOER\",\"isPartOf\":{\"@id\":\"https:\/\/swoer.com\/#website\"},\"primaryImageOfPage\":{\"@id\":\"https:\/\/swoer.com\/manufacturer\/bowl-feeder-controller-sdvc31-m-3-0a\/#primaryimage\"},\"image\":{\"@id\":\"https:\/\/swoer.com\/manufacturer\/bowl-feeder-controller-sdvc31-m-3-0a\/#primaryimage\"},\"thumbnailUrl\":\"https:\/\/swoer.com\/wp-content\/uploads\/2024\/07\/Bowl-Feeder-Controller-SDVC31-M-3.0A-1.webp\",\"datePublished\":\"2024-07-03T03:21:39+00:00\",\"dateModified\":\"2024-08-16T06:20:18+00:00\",\"description\":\"Improve your material handling operations with the Bowl Feeder Controller SDVC31-M 3.0A. This industrial-grade controller ensures accurate material flow, prevents jams, and optimizes production efficiency.\",\"breadcrumb\":{\"@id\":\"https:\/\/swoer.com\/manufacturer\/bowl-feeder-controller-sdvc31-m-3-0a\/#breadcrumb\"},\"inLanguage\":\"es-MX\",\"potentialAction\":[{\"@type\":\"ReadAction\",\"target\":[\"https:\/\/swoer.com\/manufacturer\/bowl-feeder-controller-sdvc31-m-3-0a\/\"]}]},{\"@type\":\"ImageObject\",\"inLanguage\":\"es-MX\",\"@id\":\"https:\/\/swoer.com\/manufacturer\/bowl-feeder-controller-sdvc31-m-3-0a\/#primaryimage\",\"url\":\"https:\/\/swoer.com\/wp-content\/uploads\/2024\/07\/Bowl-Feeder-Controller-SDVC31-M-3.0A-1.webp\",\"contentUrl\":\"https:\/\/swoer.com\/wp-content\/uploads\/2024\/07\/Bowl-Feeder-Controller-SDVC31-M-3.0A-1.webp\",\"width\":1000,\"height\":1000,\"caption\":\"Bowl Feeder Controller SDVC31-M 3.0A\"},{\"@type\":\"BreadcrumbList\",\"@id\":\"https:\/\/swoer.com\/manufacturer\/bowl-feeder-controller-sdvc31-m-3-0a\/#breadcrumb\",\"itemListElement\":[{\"@type\":\"ListItem\",\"position\":1,\"name\":\"Home\",\"item\":\"https:\/\/swoer.com\/\"},{\"@type\":\"ListItem\",\"position\":2,\"name\":\"Shop\",\"item\":\"https:\/\/swoer.com\/shop\/\"},{\"@type\":\"ListItem\",\"position\":3,\"name\":\"Bowl Feeder Controller SDVC31-M 3.0A\"}]},{\"@type\":\"WebSite\",\"@id\":\"https:\/\/swoer.com\/#website\",\"url\":\"https:\/\/swoer.com\/\",\"name\":\"SWOER\",\"description\":\"Swoer is the top 3 vibratory bowl feeder manufacturer in China\",\"potentialAction\":[{\"@type\":\"SearchAction\",\"target\":{\"@type\":\"EntryPoint\",\"urlTemplate\":\"https:\/\/swoer.com\/?s={search_term_string}\"},\"query-input\":\"required name=search_term_string\"}],\"inLanguage\":\"es-MX\"}]}<\/script>\n<!-- \/ Yoast SEO plugin. -->","yoast_head_json":{"title":"Bowl Feeder Controller SDVC31-M 3.0A - SWOER","description":"Improve your material handling operations with the Bowl Feeder Controller SDVC31-M 3.0A. This industrial-grade controller ensures accurate material flow, prevents jams, and optimizes production efficiency.","robots":{"index":"index","follow":"follow","max-snippet":"max-snippet:-1","max-image-preview":"max-image-preview:large","max-video-preview":"max-video-preview:-1"},"canonical":"https:\/\/swoer.com\/es\/manufacturer\/bowl-feeder-controller-sdvc31-m-3-0a\/","og_locale":"es_MX","og_type":"article","og_title":"Bowl Feeder Controller SDVC31-M 3.0A - SWOER","og_description":"Improve your material handling operations with the Bowl Feeder Controller SDVC31-M 3.0A. This industrial-grade controller ensures accurate material flow, prevents jams, and optimizes production efficiency.","og_url":"https:\/\/swoer.com\/es\/manufacturer\/bowl-feeder-controller-sdvc31-m-3-0a\/","og_site_name":"SWOER","article_modified_time":"2024-08-16T06:20:18+00:00","og_image":[{"width":1000,"height":1000,"url":"https:\/\/swoer.com\/wp-content\/uploads\/2024\/07\/Bowl-Feeder-Controller-SDVC31-M-3.0A-1.webp","type":"image\/webp"}],"twitter_card":"summary_large_image","twitter_misc":{"Tiempo de lectura":"3 minutos"},"schema":{"@context":"https:\/\/schema.org","@graph":[{"@type":"WebPage","@id":"https:\/\/swoer.com\/manufacturer\/bowl-feeder-controller-sdvc31-m-3-0a\/","url":"https:\/\/swoer.com\/manufacturer\/bowl-feeder-controller-sdvc31-m-3-0a\/","name":"Bowl Feeder Controller SDVC31-M 3.0A - SWOER","isPartOf":{"@id":"https:\/\/swoer.com\/#website"},"primaryImageOfPage":{"@id":"https:\/\/swoer.com\/manufacturer\/bowl-feeder-controller-sdvc31-m-3-0a\/#primaryimage"},"image":{"@id":"https:\/\/swoer.com\/manufacturer\/bowl-feeder-controller-sdvc31-m-3-0a\/#primaryimage"},"thumbnailUrl":"https:\/\/swoer.com\/wp-content\/uploads\/2024\/07\/Bowl-Feeder-Controller-SDVC31-M-3.0A-1.webp","datePublished":"2024-07-03T03:21:39+00:00","dateModified":"2024-08-16T06:20:18+00:00","description":"Improve your material handling operations with the Bowl Feeder Controller SDVC31-M 3.0A. This industrial-grade controller ensures accurate material flow, prevents jams, and optimizes production efficiency.","breadcrumb":{"@id":"https:\/\/swoer.com\/manufacturer\/bowl-feeder-controller-sdvc31-m-3-0a\/#breadcrumb"},"inLanguage":"es-MX","potentialAction":[{"@type":"ReadAction","target":["https:\/\/swoer.com\/manufacturer\/bowl-feeder-controller-sdvc31-m-3-0a\/"]}]},{"@type":"ImageObject","inLanguage":"es-MX","@id":"https:\/\/swoer.com\/manufacturer\/bowl-feeder-controller-sdvc31-m-3-0a\/#primaryimage","url":"https:\/\/swoer.com\/wp-content\/uploads\/2024\/07\/Bowl-Feeder-Controller-SDVC31-M-3.0A-1.webp","contentUrl":"https:\/\/swoer.com\/wp-content\/uploads\/2024\/07\/Bowl-Feeder-Controller-SDVC31-M-3.0A-1.webp","width":1000,"height":1000,"caption":"Bowl Feeder Controller SDVC31-M 3.0A"},{"@type":"BreadcrumbList","@id":"https:\/\/swoer.com\/manufacturer\/bowl-feeder-controller-sdvc31-m-3-0a\/#breadcrumb","itemListElement":[{"@type":"ListItem","position":1,"name":"Home","item":"https:\/\/swoer.com\/"},{"@type":"ListItem","position":2,"name":"Shop","item":"https:\/\/swoer.com\/shop\/"},{"@type":"ListItem","position":3,"name":"Bowl Feeder Controller SDVC31-M 3.0A"}]},{"@type":"WebSite","@id":"https:\/\/swoer.com\/#website","url":"https:\/\/swoer.com\/","name":"SWOER","description":"Swoer is the top 3 vibratory bowl feeder manufacturer in China","potentialAction":[{"@type":"SearchAction","target":{"@type":"EntryPoint","urlTemplate":"https:\/\/swoer.com\/?s={search_term_string}"},"query-input":"required name=search_term_string"}],"inLanguage":"es-MX"}]}},"_links":{"self":[{"href":"https:\/\/swoer.com\/es\/wp-json\/wp\/v2\/product\/2266"}],"collection":[{"href":"https:\/\/swoer.com\/es\/wp-json\/wp\/v2\/product"}],"about":[{"href":"https:\/\/swoer.com\/es\/wp-json\/wp\/v2\/types\/product"}],"replies":[{"embeddable":true,"href":"https:\/\/swoer.com\/es\/wp-json\/wp\/v2\/comments?post=2266"}],"wp:featuredmedia":[{"embeddable":true,"href":"https:\/\/swoer.com\/es\/wp-json\/wp\/v2\/media\/2513"}],"wp:attachment":[{"href":"https:\/\/swoer.com\/es\/wp-json\/wp\/v2\/media?parent=2266"}],"wp:term":[{"taxonomy":"product_cat","embeddable":true,"href":"https:\/\/swoer.com\/es\/wp-json\/wp\/v2\/product_cat?post=2266"},{"taxonomy":"product_tag","embeddable":true,"href":"https:\/\/swoer.com\/es\/wp-json\/wp\/v2\/product_tag?post=2266"}],"curies":[{"name":"wp","href":"https:\/\/api.w.org\/{rel}","templated":true}]}}