{"id":2260,"date":"2024-07-02T07:47:38","date_gmt":"2024-07-02T07:47:38","guid":{"rendered":"https:\/\/swoer.com\/?post_type=product&#038;p=2260"},"modified":"2024-08-16T14:23:50","modified_gmt":"2024-08-16T06:23:50","slug":"variable-frequency-digital-controller-for-vibratory-feeder-sdvc31-l-4-5a","status":"publish","type":"product","link":"https:\/\/swoer.com\/es\/manufacturer\/variable-frequency-digital-controller-for-vibratory-feeder-sdvc31-l-4-5a\/","title":{"rendered":"Controlador Digital de Frecuencia Variable para Alimentador Vibratorio SDVC31-L 4.5A"},"content":{"rendered":"<h2><strong><b>Caracter\u00edsticas<\/b><\/strong><\/h2>\n<ol>\n<li>Estabilizaci\u00f3n autom\u00e1tica de voltaje de alta precisi\u00f3n<\/li>\n<li>Arranque lento ajustable<\/li>\n<li>Sensor interruptor apagado lleno\/vac\u00edo<\/li>\n<li>Sensor fotoel\u00e9ctrico apagado lleno\/vac\u00edo<\/li>\n<li>Control de velocidad remoto<\/li>\n<li>Salida de control de CC<\/li>\n<\/ol>\n<h2><strong><b>Funciones b\u00e1sicas<\/b><\/strong><\/h2>\n<ul>\n<li><strong>Ajuste de frecuencia<\/strong>: Los usuarios pueden ajustar la frecuencia de salida del controlador para encontrar la frecuencia de funcionamiento \u00f3ptima del cuerpo vibratorio, logrando un efecto de alimentaci\u00f3n m\u00e1s suave, silencioso y que ahorra energ\u00eda.<\/li>\n<li><strong>Regulaci\u00f3n autom\u00e1tica de voltaje de alta precisi\u00f3n:<\/strong> El circuito de regulaci\u00f3n de voltaje digital incorporado puede eliminar autom\u00e1ticamente los cambios en la velocidad de alimentaci\u00f3n causados por las fluctuaciones del voltaje de la fuente de alimentaci\u00f3n.<\/li>\n<li><strong>Arranque lento ajustable:<\/strong> Al arrancar, el voltaje de salida aumentar\u00e1 gradualmente desde cero hasta el voltaje preestablecido para eliminar el impacto en el alimentador vibratorio. Los usuarios pueden preestablecer digitalmente el tiempo de inicio lento. Admite sensores tipo NPN o control remoto de apagado lleno\/vac\u00edo PLC.<\/li>\n<li><strong>Sensor de interruptor apagado lleno\/vac\u00edo:<\/strong> Admite sensor tipo NPN o control remoto de apagado lleno\/vac\u00edo PLC.<\/li>\n<li><strong>Sensor fotoel\u00e9ctrico apagado lleno\/vac\u00edo:<\/strong> Admite control de apagado completo\/vac\u00edo del sensor fotoel\u00e9ctrico de contradisparo.<\/li>\n<li><strong>Control de velocidad remoto<\/strong>: Los usuarios pueden controlar remotamente el voltaje de salida directamente usando un potenci\u00f3metro externo, PLC o una se\u00f1al de voltaje de 1~5V.<\/li>\n<li><strong>Salida de control CC:<\/strong> El controlador puede emitir una se\u00f1al de control de bajo voltaje de CC para accionar equipos como v\u00e1lvulas de solenoide para que funcionen con el controlador.<\/li>\n<li><strong>Bloqueo del teclado:<\/strong> Mantenga presionada la tecla de encendido\/apagado para bloquear todas las teclas y evitar que los usuarios operen por error.<\/li>\n<li><strong>Ajuste de voltaje de salida m\u00e1ximo:<\/strong> establezca el voltaje ajustable m\u00e1ximo para evitar que los usuarios operen por error y generen un voltaje excesivo para da\u00f1ar el equipo de vibraci\u00f3n.<\/li>\n<li><strong>Protecci\u00f3n contra el sobrecalentamiento:<\/strong> cuando la temperatura de funcionamiento del controlador es demasiado alta, la salida se detendr\u00e1 por autoprotecci\u00f3n.<\/li>\n<li><strong>Protecci\u00f3n contra la sobretensi\u00f3n:<\/strong> Cuando la corriente de funcionamiento del controlador excede la corriente nominal, la salida se detendr\u00e1 para proteger el controlador y el equipo de vibraci\u00f3n.<\/li>\n<li><strong>Protecci\u00f3n recuperable contra cortocircuitos:<\/strong> Cuando ocurre un cortocircuito en el extremo de salida, el controlador detendr\u00e1 la salida y el fusible no se quemar\u00e1 para proteger el controlador y el equipo de vibraci\u00f3n. Una vez que el extremo de salida ya no sufre un cortocircuito, el controlador puede volver a funcionar normalmente despu\u00e9s de encenderlo.<\/li>\n<\/ul>\n<h2>Especificaci\u00f3n t\u00e9cnica<\/h2>\n<table width=\"767\">\n<tbody>\n<tr>\n<td rowspan=\"2\" width=\"225\">Art\u00edculo<\/td>\n<td colspan=\"3\" width=\"216\">Rango<\/td>\n<td rowspan=\"2\" width=\"72\">Unidad<\/td>\n<td rowspan=\"2\" width=\"254\">Descripci\u00f3n<\/td>\n<\/tr>\n<tr>\n<td>M\u00ednimo<\/td>\n<td>T\u00edpico<\/td>\n<td>M\u00e1ximo<\/td>\n<\/tr>\n<tr>\n<td>Voltaje de entrada<\/td>\n<td>85<\/td>\n<td>220<\/td>\n<td>260<\/td>\n<td>V<\/td>\n<td>Valor efectivo de CA<\/td>\n<\/tr>\n<tr>\n<td>Rango de ajuste del voltaje de salida<\/td>\n<td>0<\/td>\n<td><\/td>\n<td>260<\/td>\n<td>V<\/td>\n<td>Menos de 150% de voltaje de entrada<\/td>\n<\/tr>\n<tr>\n<td>Precisi\u00f3n del ajuste de voltaje<\/td>\n<td colspan=\"3\">1<\/td>\n<td>V<\/td>\n<td><\/td>\n<\/tr>\n<tr>\n<td>Precisi\u00f3n de regulaci\u00f3n de voltaje<\/td>\n<td>0<\/td>\n<td><\/td>\n<td>10<\/td>\n<td><\/td>\n<td>Vout\/Vin<\/td>\n<\/tr>\n<tr>\n<td>Tiempo de respuesta de regulaci\u00f3n de voltaje<\/td>\n<td>0.0025<\/td>\n<td><\/td>\n<td>0.025<\/td>\n<td>s<\/td>\n<td>Una d\u00e9cima parte del ciclo de voltaje de salida<\/td>\n<\/tr>\n<tr>\n<td rowspan=\"2\">Rango de ajuste de corriente de salida<\/td>\n<td>0<\/td>\n<td><\/td>\n<td>4.5<\/td>\n<td>A<\/td>\n<td>SDVC31-L-alta potencia<\/td>\n<\/tr>\n<tr>\n<td>0<\/td>\n<td><\/td>\n<td>6<\/td>\n<td>Virginia<\/td>\n<td>SDVC31-XL: potencia aumentada<\/td>\n<\/tr>\n<tr>\n<td rowspan=\"2\">Potencia de salida<\/td>\n<td>0<\/td>\n<td><\/td>\n<td>990<\/td>\n<td>Virginia<\/td>\n<td>SDVC31-L-alta potencia<\/td>\n<\/tr>\n<tr>\n<td>0<\/td>\n<td><\/td>\n<td>1320<\/td>\n<td>Virginia<\/td>\n<td>SDVC31-XL: potencia aumentada<\/td>\n<\/tr>\n<tr>\n<td>Frecuencia de salida<\/td>\n<td>40<\/td>\n<td><\/td>\n<td>400<\/td>\n<td>Hz<\/td>\n<td><\/td>\n<\/tr>\n<tr>\n<td>Precisi\u00f3n del ajuste de frecuencia<\/td>\n<td colspan=\"3\">0.1<\/td>\n<td>Hz<\/td>\n<td><\/td>\n<\/tr>\n<tr>\n<td>Forma de onda de salida<\/td>\n<td colspan=\"3\">seno<\/td>\n<td><\/td>\n<td><\/td>\n<\/tr>\n<tr>\n<td>Hora de inicio lenta<\/td>\n<td>0<\/td>\n<td><\/td>\n<td>10<\/td>\n<td>s<\/td>\n<td>Valor predeterminado de f\u00e1brica 0,5<\/td>\n<\/tr>\n<tr>\n<td>Rango de tiempo de retraso<\/td>\n<td>0<\/td>\n<td><\/td>\n<td>20<\/td>\n<td>s<\/td>\n<td>Valor predeterminado de f\u00e1brica 0,2<\/td>\n<\/tr>\n<tr>\n<td>Precisi\u00f3n del tiempo de retardo<\/td>\n<td colspan=\"3\">0.1<\/td>\n<td>s<\/td>\n<td><\/td>\n<\/tr>\n<tr>\n<td>Temperatura de protecci\u00f3n contra sobrecalentamiento<\/td>\n<td>60<\/td>\n<td>65<\/td>\n<td>65<\/td>\n<td>\u2103<\/td>\n<td><\/td>\n<\/tr>\n<tr>\n<td>Tensi\u00f3n de salida de control de CC<\/td>\n<td>22<\/td>\n<td>24<\/td>\n<td>26<\/td>\n<td>V<\/td>\n<td><\/td>\n<\/tr>\n<tr>\n<td>Corriente de salida de control CC<\/td>\n<td>0<\/td>\n<td><\/td>\n<td>200<\/td>\n<td>mam\u00e1<\/td>\n<td><\/td>\n<\/tr>\n<tr>\n<td>Modelo de control anal\u00f3gico<\/td>\n<td colspan=\"3\">1-5<\/td>\n<td>V<\/td>\n<td>Tensi\u00f3n de control remoto de velocidad<\/td>\n<\/tr>\n<tr>\n<td>Se\u00f1al de control digital<\/td>\n<td colspan=\"3\">24<\/td>\n<td>V<\/td>\n<td>Control de se\u00f1al de conmutaci\u00f3n<\/td>\n<\/tr>\n<tr>\n<td>M\u00e9todo de ajuste<\/td>\n<td colspan=\"3\">6<\/td>\n<td>llave<\/td>\n<td><\/td>\n<\/tr>\n<tr>\n<td>Consumo de energ\u00eda sin carga<\/td>\n<td><\/td>\n<td>3<\/td>\n<td><\/td>\n<td>W.<\/td>\n<td><\/td>\n<\/tr>\n<tr>\n<td>Modo de visualizaci\u00f3n<\/td>\n<td colspan=\"3\">5<\/td>\n<td>d\u00edgito<\/td>\n<td>tubo digital LED<\/td>\n<\/tr>\n<tr>\n<td>Temperatura ambiente salarial<\/td>\n<td>0<\/td>\n<td>25<\/td>\n<td>40<\/td>\n<td>\u2103<\/td>\n<td rowspan=\"2\">Sin condensaci\u00f3n<\/td>\n<\/tr>\n<tr>\n<td>Humedad del ambiente salarial<\/td>\n<td>10<\/td>\n<td>60<\/td>\n<td>85<\/td>\n<td>%<\/td>\n<\/tr>\n<\/tbody>\n<\/table>\n\t<div id=\"gap-1557226589\" class=\"gap-element clearfix\" style=\"display:block; height:auto;\">\n\t\t\n<style>\n#gap-1557226589 {\n  padding-top: 30px;\n}\n<\/style>\n\t<\/div>\n\t\n<h2><strong><b>Dimensiones y peso<\/b><\/strong><\/h2>\n<ul>\n<li>Dimensiones: 190 mm de largo x 147,8 mm de ancho x 94,5 mm de alto<\/li>\n<li>Peso: 1675 g (sin accesorios)<\/li>\n<\/ul>\n\t<div id=\"gap-1022963108\" class=\"gap-element clearfix\" style=\"display:block; height:auto;\">\n\t\t\n<style>\n#gap-1022963108 {\n  padding-top: 30px;\n}\n<\/style>\n\t<\/div>\n\t\n<h2>SDVC31-L 4.5A Dimensiones<\/h2>\n\t<div class=\"img has-hover x md-x lg-x y md-y lg-y\" id=\"image_1969357206\">\n\t\t\t\t\t\t\t\t<div class=\"img-inner dark\" >\n\t\t\t<img loading=\"lazy\" decoding=\"async\" width=\"800\" height=\"595\" src=\"https:\/\/swoer.com\/wp-content\/uploads\/2024\/07\/SDVC31-L-4.5A-Dimensions.webp\" class=\"attachment-original size-original\" alt=\"SDVC31-L 4.5A Dimensiones\" srcset=\"https:\/\/swoer.com\/wp-content\/uploads\/2024\/07\/SDVC31-L-4.5A-Dimensions.webp 800w, https:\/\/swoer.com\/wp-content\/uploads\/2024\/07\/SDVC31-L-4.5A-Dimensions-300x223.webp 300w, https:\/\/swoer.com\/wp-content\/uploads\/2024\/07\/SDVC31-L-4.5A-Dimensions-768x571.webp 768w, https:\/\/swoer.com\/wp-content\/uploads\/2024\/07\/SDVC31-L-4.5A-Dimensions-16x12.webp 16w, https:\/\/swoer.com\/wp-content\/uploads\/2024\/07\/SDVC31-L-4.5A-Dimensions-600x446.webp 600w\" sizes=\"(max-width: 800px) 100vw, 800px\" \/>\t\t\t\t\t\t\n\t\t\t\t\t<\/div>\n\t\t\t\t\t\t\t\t\n<style>\n#image_1969357206 {\n  width: 64%;\n}\n<\/style>\n\t<\/div>","protected":false},"excerpt":{"rendered":"<p>Este <strong>Controlador de alimentador vibratorio<\/strong> ofrece un control excepcional para sus aplicaciones de alimentaci\u00f3n. Con estabilizaci\u00f3n autom\u00e1tica de voltaje de alta precisi\u00f3n, arranque lento ajustable, opciones de apagado lleno\/vac\u00edo con sensor, control de velocidad remoto y salida de control de CC, garantiza una alimentaci\u00f3n suave, silenciosa y energ\u00e9ticamente eficiente.<\/p>","protected":false},"featured_media":2517,"comment_status":"open","ping_status":"closed","template":"","meta":[],"product_cat":[45],"product_tag":[],"yoast_head":"<!-- This site is optimized with the Yoast SEO plugin v22.2 - https:\/\/yoast.com\/wordpress\/plugins\/seo\/ -->\n<title>Variable Frequency Digital Controller for Vibratory Feeder SDVC31-L 4.5A - SWOER<\/title>\n<meta name=\"description\" content=\"High-Precision Vibratory Feeder Controller SDVC31-L 4.5A with Automatic Voltage Regulation, Adjustable Slow Start, Sensor Full\/Empty Shutdown, Remote Speed Control &amp; DC Control Output. Optimize feeding efficiency for quieter &amp; energy-saving operation in various industries.\" \/>\n<meta name=\"robots\" content=\"index, follow, max-snippet:-1, max-image-preview:large, max-video-preview:-1\" \/>\n<link rel=\"canonical\" href=\"https:\/\/swoer.com\/es\/manufacturer\/variable-frequency-digital-controller-for-vibratory-feeder-sdvc31-l-4-5a\/\" \/>\n<meta property=\"og:locale\" content=\"es_MX\" \/>\n<meta property=\"og:type\" content=\"article\" \/>\n<meta property=\"og:title\" content=\"Variable Frequency Digital Controller for Vibratory Feeder SDVC31-L 4.5A - SWOER\" \/>\n<meta property=\"og:description\" content=\"High-Precision Vibratory Feeder Controller SDVC31-L 4.5A with Automatic Voltage Regulation, Adjustable Slow Start, Sensor Full\/Empty Shutdown, Remote Speed Control &amp; DC Control Output. Optimize feeding efficiency for quieter &amp; energy-saving operation in various industries.\" \/>\n<meta property=\"og:url\" content=\"https:\/\/swoer.com\/es\/manufacturer\/variable-frequency-digital-controller-for-vibratory-feeder-sdvc31-l-4-5a\/\" \/>\n<meta property=\"og:site_name\" content=\"SWOER\" \/>\n<meta property=\"article:modified_time\" content=\"2024-08-16T06:23:50+00:00\" \/>\n<meta property=\"og:image\" content=\"https:\/\/swoer.com\/wp-content\/uploads\/2024\/07\/Bowl-Feeder-Controller-SDVC31-M-3.0A-2.webp\" \/>\n\t<meta property=\"og:image:width\" content=\"1000\" \/>\n\t<meta property=\"og:image:height\" content=\"1000\" \/>\n\t<meta property=\"og:image:type\" content=\"image\/webp\" \/>\n<meta name=\"twitter:card\" content=\"summary_large_image\" \/>\n<meta name=\"twitter:label1\" content=\"Tiempo de lectura\" \/>\n\t<meta name=\"twitter:data1\" content=\"3 minutos\" \/>\n<script type=\"application\/ld+json\" class=\"yoast-schema-graph\">{\"@context\":\"https:\/\/schema.org\",\"@graph\":[{\"@type\":\"WebPage\",\"@id\":\"https:\/\/swoer.com\/manufacturer\/variable-frequency-digital-controller-for-vibratory-feeder-sdvc31-l-4-5a\/\",\"url\":\"https:\/\/swoer.com\/manufacturer\/variable-frequency-digital-controller-for-vibratory-feeder-sdvc31-l-4-5a\/\",\"name\":\"Variable Frequency Digital Controller for Vibratory Feeder SDVC31-L 4.5A - SWOER\",\"isPartOf\":{\"@id\":\"https:\/\/swoer.com\/#website\"},\"primaryImageOfPage\":{\"@id\":\"https:\/\/swoer.com\/manufacturer\/variable-frequency-digital-controller-for-vibratory-feeder-sdvc31-l-4-5a\/#primaryimage\"},\"image\":{\"@id\":\"https:\/\/swoer.com\/manufacturer\/variable-frequency-digital-controller-for-vibratory-feeder-sdvc31-l-4-5a\/#primaryimage\"},\"thumbnailUrl\":\"https:\/\/swoer.com\/wp-content\/uploads\/2024\/07\/Bowl-Feeder-Controller-SDVC31-M-3.0A-2.webp\",\"datePublished\":\"2024-07-02T07:47:38+00:00\",\"dateModified\":\"2024-08-16T06:23:50+00:00\",\"description\":\"High-Precision Vibratory Feeder Controller SDVC31-L 4.5A with Automatic Voltage Regulation, Adjustable Slow Start, Sensor Full\/Empty Shutdown, Remote Speed Control & DC Control Output. Optimize feeding efficiency for quieter & energy-saving operation in various industries.\",\"breadcrumb\":{\"@id\":\"https:\/\/swoer.com\/manufacturer\/variable-frequency-digital-controller-for-vibratory-feeder-sdvc31-l-4-5a\/#breadcrumb\"},\"inLanguage\":\"es-MX\",\"potentialAction\":[{\"@type\":\"ReadAction\",\"target\":[\"https:\/\/swoer.com\/manufacturer\/variable-frequency-digital-controller-for-vibratory-feeder-sdvc31-l-4-5a\/\"]}]},{\"@type\":\"ImageObject\",\"inLanguage\":\"es-MX\",\"@id\":\"https:\/\/swoer.com\/manufacturer\/variable-frequency-digital-controller-for-vibratory-feeder-sdvc31-l-4-5a\/#primaryimage\",\"url\":\"https:\/\/swoer.com\/wp-content\/uploads\/2024\/07\/Bowl-Feeder-Controller-SDVC31-M-3.0A-2.webp\",\"contentUrl\":\"https:\/\/swoer.com\/wp-content\/uploads\/2024\/07\/Bowl-Feeder-Controller-SDVC31-M-3.0A-2.webp\",\"width\":1000,\"height\":1000,\"caption\":\"Bowl Feeder Controller SDVC31-M 3.0A\"},{\"@type\":\"BreadcrumbList\",\"@id\":\"https:\/\/swoer.com\/manufacturer\/variable-frequency-digital-controller-for-vibratory-feeder-sdvc31-l-4-5a\/#breadcrumb\",\"itemListElement\":[{\"@type\":\"ListItem\",\"position\":1,\"name\":\"Home\",\"item\":\"https:\/\/swoer.com\/\"},{\"@type\":\"ListItem\",\"position\":2,\"name\":\"Shop\",\"item\":\"https:\/\/swoer.com\/shop\/\"},{\"@type\":\"ListItem\",\"position\":3,\"name\":\"Variable Frequency Digital Controller for Vibratory Feeder SDVC31-L 4.5A\"}]},{\"@type\":\"WebSite\",\"@id\":\"https:\/\/swoer.com\/#website\",\"url\":\"https:\/\/swoer.com\/\",\"name\":\"SWOER\",\"description\":\"Swoer is the top 3 vibratory bowl feeder manufacturer in China\",\"potentialAction\":[{\"@type\":\"SearchAction\",\"target\":{\"@type\":\"EntryPoint\",\"urlTemplate\":\"https:\/\/swoer.com\/?s={search_term_string}\"},\"query-input\":\"required name=search_term_string\"}],\"inLanguage\":\"es-MX\"}]}<\/script>\n<!-- \/ Yoast SEO plugin. -->","yoast_head_json":{"title":"Variable Frequency Digital Controller for Vibratory Feeder SDVC31-L 4.5A - SWOER","description":"High-Precision Vibratory Feeder Controller SDVC31-L 4.5A with Automatic Voltage Regulation, Adjustable Slow Start, Sensor Full\/Empty Shutdown, Remote Speed Control & DC Control Output. Optimize feeding efficiency for quieter & energy-saving operation in various industries.","robots":{"index":"index","follow":"follow","max-snippet":"max-snippet:-1","max-image-preview":"max-image-preview:large","max-video-preview":"max-video-preview:-1"},"canonical":"https:\/\/swoer.com\/es\/manufacturer\/variable-frequency-digital-controller-for-vibratory-feeder-sdvc31-l-4-5a\/","og_locale":"es_MX","og_type":"article","og_title":"Variable Frequency Digital Controller for Vibratory Feeder SDVC31-L 4.5A - SWOER","og_description":"High-Precision Vibratory Feeder Controller SDVC31-L 4.5A with Automatic Voltage Regulation, Adjustable Slow Start, Sensor Full\/Empty Shutdown, Remote Speed Control & DC Control Output. Optimize feeding efficiency for quieter & energy-saving operation in various industries.","og_url":"https:\/\/swoer.com\/es\/manufacturer\/variable-frequency-digital-controller-for-vibratory-feeder-sdvc31-l-4-5a\/","og_site_name":"SWOER","article_modified_time":"2024-08-16T06:23:50+00:00","og_image":[{"width":1000,"height":1000,"url":"https:\/\/swoer.com\/wp-content\/uploads\/2024\/07\/Bowl-Feeder-Controller-SDVC31-M-3.0A-2.webp","type":"image\/webp"}],"twitter_card":"summary_large_image","twitter_misc":{"Tiempo de lectura":"3 minutos"},"schema":{"@context":"https:\/\/schema.org","@graph":[{"@type":"WebPage","@id":"https:\/\/swoer.com\/manufacturer\/variable-frequency-digital-controller-for-vibratory-feeder-sdvc31-l-4-5a\/","url":"https:\/\/swoer.com\/manufacturer\/variable-frequency-digital-controller-for-vibratory-feeder-sdvc31-l-4-5a\/","name":"Variable Frequency Digital Controller for Vibratory Feeder SDVC31-L 4.5A - SWOER","isPartOf":{"@id":"https:\/\/swoer.com\/#website"},"primaryImageOfPage":{"@id":"https:\/\/swoer.com\/manufacturer\/variable-frequency-digital-controller-for-vibratory-feeder-sdvc31-l-4-5a\/#primaryimage"},"image":{"@id":"https:\/\/swoer.com\/manufacturer\/variable-frequency-digital-controller-for-vibratory-feeder-sdvc31-l-4-5a\/#primaryimage"},"thumbnailUrl":"https:\/\/swoer.com\/wp-content\/uploads\/2024\/07\/Bowl-Feeder-Controller-SDVC31-M-3.0A-2.webp","datePublished":"2024-07-02T07:47:38+00:00","dateModified":"2024-08-16T06:23:50+00:00","description":"High-Precision Vibratory Feeder Controller SDVC31-L 4.5A with Automatic Voltage Regulation, Adjustable Slow Start, Sensor Full\/Empty Shutdown, Remote Speed Control & DC Control Output. Optimize feeding efficiency for quieter & energy-saving operation in various industries.","breadcrumb":{"@id":"https:\/\/swoer.com\/manufacturer\/variable-frequency-digital-controller-for-vibratory-feeder-sdvc31-l-4-5a\/#breadcrumb"},"inLanguage":"es-MX","potentialAction":[{"@type":"ReadAction","target":["https:\/\/swoer.com\/manufacturer\/variable-frequency-digital-controller-for-vibratory-feeder-sdvc31-l-4-5a\/"]}]},{"@type":"ImageObject","inLanguage":"es-MX","@id":"https:\/\/swoer.com\/manufacturer\/variable-frequency-digital-controller-for-vibratory-feeder-sdvc31-l-4-5a\/#primaryimage","url":"https:\/\/swoer.com\/wp-content\/uploads\/2024\/07\/Bowl-Feeder-Controller-SDVC31-M-3.0A-2.webp","contentUrl":"https:\/\/swoer.com\/wp-content\/uploads\/2024\/07\/Bowl-Feeder-Controller-SDVC31-M-3.0A-2.webp","width":1000,"height":1000,"caption":"Bowl Feeder Controller SDVC31-M 3.0A"},{"@type":"BreadcrumbList","@id":"https:\/\/swoer.com\/manufacturer\/variable-frequency-digital-controller-for-vibratory-feeder-sdvc31-l-4-5a\/#breadcrumb","itemListElement":[{"@type":"ListItem","position":1,"name":"Home","item":"https:\/\/swoer.com\/"},{"@type":"ListItem","position":2,"name":"Shop","item":"https:\/\/swoer.com\/shop\/"},{"@type":"ListItem","position":3,"name":"Variable Frequency Digital Controller for Vibratory Feeder SDVC31-L 4.5A"}]},{"@type":"WebSite","@id":"https:\/\/swoer.com\/#website","url":"https:\/\/swoer.com\/","name":"SWOER","description":"Swoer is the top 3 vibratory bowl feeder manufacturer in China","potentialAction":[{"@type":"SearchAction","target":{"@type":"EntryPoint","urlTemplate":"https:\/\/swoer.com\/?s={search_term_string}"},"query-input":"required name=search_term_string"}],"inLanguage":"es-MX"}]}},"_links":{"self":[{"href":"https:\/\/swoer.com\/es\/wp-json\/wp\/v2\/product\/2260"}],"collection":[{"href":"https:\/\/swoer.com\/es\/wp-json\/wp\/v2\/product"}],"about":[{"href":"https:\/\/swoer.com\/es\/wp-json\/wp\/v2\/types\/product"}],"replies":[{"embeddable":true,"href":"https:\/\/swoer.com\/es\/wp-json\/wp\/v2\/comments?post=2260"}],"wp:featuredmedia":[{"embeddable":true,"href":"https:\/\/swoer.com\/es\/wp-json\/wp\/v2\/media\/2517"}],"wp:attachment":[{"href":"https:\/\/swoer.com\/es\/wp-json\/wp\/v2\/media?parent=2260"}],"wp:term":[{"taxonomy":"product_cat","embeddable":true,"href":"https:\/\/swoer.com\/es\/wp-json\/wp\/v2\/product_cat?post=2260"},{"taxonomy":"product_tag","embeddable":true,"href":"https:\/\/swoer.com\/es\/wp-json\/wp\/v2\/product_tag?post=2260"}],"curies":[{"name":"wp","href":"https:\/\/api.w.org\/{rel}","templated":true}]}}