{"id":1994,"date":"2024-04-18T02:15:58","date_gmt":"2024-04-18T02:15:58","guid":{"rendered":"https:\/\/swoer.com\/?post_type=product&#038;p=1994"},"modified":"2024-04-18T02:24:06","modified_gmt":"2024-04-18T02:24:06","slug":"precision-piezoelectric-frequency-vibratory-feeder-controller-sw-40f","status":"publish","type":"product","link":"https:\/\/swoer.com\/es\/manufacturer\/precision-piezoelectric-frequency-vibratory-feeder-controller-sw-40f\/","title":{"rendered":"Controlador de alimentador vibratorio de frecuencia piezoel\u00e9ctrica de precisi\u00f3n SW-40F"},"content":{"rendered":"<h2>Caracter\u00edsticas<\/h2>\n<p>Dimensiones: L150mm*W69mm*H70mm90mm<\/p>\n<p>Tama\u00f1o del orificio de instalaci\u00f3n: 130 mm * 62 mm 3 a\u00f1os de garant\u00eda<\/p>\n<p><strong>1.<\/strong> Alto factor de potencia, ahorrando significativamente los costos de electricidad. En comparaci\u00f3n con el controlador normal, como el m\u00e1s utilizado con corriente de accionamiento de 1,5 A, supongamos 1,0 RMB por kilovatio, el uso de este controlador funciona ocho horas al d\u00eda y puede ahorrar aproximadamente 1,6 RMB de electricidad.<\/p>\n<p><strong>2.<\/strong> Interfaz fotoel\u00e9ctrica inteligente de alto rendimiento para conectar un sensor fotoel\u00e9ctrico externo (radiaci\u00f3n y reflexi\u00f3n disponibles), la m\u00e1quina incorpora tecnolog\u00eda de reconocimiento digital difuso, adem\u00e1s de la luz ambiental adaptable, la sensibilidad se puede configurar en 99 fotoel\u00e9ctrico, sin fibra costosa Sensor \u00f3ptico, identificaci\u00f3n precisa de alimentaci\u00f3n peque\u00f1a o transl\u00facida de la pieza de trabajo.<\/p>\n<p><strong>3.<\/strong> Operaci\u00f3n de lanzadera r\u00e1pida, dise\u00f1o patentado, r\u00e1pido y preciso, confiable y duradero.<\/p>\n<p><strong>4.<\/strong> Optimizaci\u00f3n del conector de control externo, instalaci\u00f3n flexible y conveniente.<\/p>\n<p><strong>5.<\/strong> El programa inteligente incorporado de inicio lento y parada lenta garantiza que el momento de inicio y parada se alimente sin problemas.<\/p>\n<p><strong>6.<\/strong> Salida de fuente de alimentaci\u00f3n de 24 V 200 mA CC.<\/p>\n<p><strong>7.<\/strong> Adopta dispositivos de energ\u00eda de alto rendimiento, reduce la p\u00e9rdida de calor y optimiza el dise\u00f1o t\u00e9rmico, reduce el aumento de temperatura y funciona de manera m\u00e1s estable y confiable.<\/p>\n<p><strong>8.<\/strong> El regulador de alta precisi\u00f3n, en el caso de fluctuaciones de voltaje de la red el\u00e9ctrica, mantiene estable el voltaje de salida y puede inhibir efectivamente el efecto de latido causado por la frecuencia de energ\u00eda.<\/p>\n<p><strong>9.<\/strong> Personalizable, establezca el l\u00edmite superior de voltaje de salida para satisfacer diversas aplicaciones y equipos de maquinaria necesarios.<\/p>\n<p><strong>10.<\/strong> Sistema altamente integrado, dimensiones optimizadas, peso ligero, tama\u00f1o reducido, f\u00e1cil instalaci\u00f3n.<\/p>\n<p><strong>11.<\/strong> Vivienda completamente cerrada, adaptada al ambiente de trabajo hostil.<\/p>\n<p><strong>12.<\/strong> Con protecci\u00f3n contra sobrecalentamiento, sobrecarga y cortocircuito de salida.<\/p>\n<h2><strong>Especificaci\u00f3n t\u00e9cnica<\/strong><\/h2>\n<table style=\"border-collapse: collapse; width: 633.77pt;\" border=\"0\" width=\"845\" cellspacing=\"0\" cellpadding=\"0\">\n<tbody>\n<tr style=\"height: 17.25pt;\">\n<td class=\"et2\" style=\"height: 33.75pt; width: 125.25pt;\" rowspan=\"2\" width=\"167\" height=\"45\">Art\u00edculo<\/td>\n<td class=\"et3\" style=\"width: 201.00pt;\" colspan=\"2\" width=\"268\">Valor de rango<\/td>\n<td class=\"et4\" style=\"width: 99.75pt; border-bottom: 1.0pt solid #DDDDDD;\" rowspan=\"2\" width=\"133\">Unidad<\/td>\n<td class=\"et5\" style=\"width: 207.75pt;\" rowspan=\"2\" width=\"277\">Observaci\u00f3n<\/td>\n<\/tr>\n<tr style=\"height: 16.50pt;\">\n<td class=\"et7\" style=\"width: 99.00pt;\" width=\"132\">M\u00edn.<\/td>\n<td class=\"et7\" style=\"width: 102.00pt;\" width=\"136\">M\u00e1x.<\/td>\n<\/tr>\n<tr style=\"height: 45.75pt;\">\n<td class=\"et6\" style=\"height: 45.75pt; width: 125.25pt;\" width=\"167\" height=\"61\">Voltaje de entrada<\/td>\n<td class=\"et10\" style=\"width: 99.00pt;\" width=\"132\">85<\/td>\n<td class=\"et10\" style=\"width: 102.00pt;\" width=\"136\">265<\/td>\n<td class=\"et10\" style=\"width: 99.75pt;\" width=\"133\">V<\/td>\n<td class=\"et11\" style=\"width: 207.75pt;\" width=\"277\">Onda sinusoidal 50\/60 Hz<\/td>\n<\/tr>\n<tr style=\"height: 75.75pt;\">\n<td class=\"et6\" style=\"height: 75.75pt; width: 125.25pt;\" width=\"167\" height=\"101\">Tensi\u00f3n de salida<\/td>\n<td class=\"et10\" style=\"width: 99.00pt;\" width=\"132\">0<\/td>\n<td class=\"et10\" style=\"width: 102.00pt;\" width=\"136\">250<\/td>\n<td class=\"et10\" style=\"width: 99.75pt;\" width=\"133\">V<\/td>\n<td class=\"et11\" style=\"width: 207.75pt;\" width=\"277\">Precisi\u00f3n de regulaci\u00f3n de voltaje: 1v<\/td>\n<\/tr>\n<tr style=\"height: 60.75pt;\">\n<td class=\"et6\" style=\"height: 60.75pt; width: 125.25pt;\" width=\"167\" height=\"81\">Corriente de salida<\/td>\n<td class=\"et10\" style=\"width: 99.00pt;\" width=\"132\">0<\/td>\n<td class=\"et10\" style=\"width: 102.00pt;\" width=\"136\">4.5<\/td>\n<td class=\"et10\" style=\"width: 99.75pt;\" width=\"133\">A<\/td>\n<td class=\"et11\" style=\"width: 207.75pt;\" width=\"277\">Clasificaci\u00f3n de potencia: 1.5A\/3a\/4.5A<\/td>\n<\/tr>\n<tr style=\"height: 60.75pt;\">\n<td class=\"et6\" style=\"height: 60.75pt; width: 125.25pt;\" width=\"167\" height=\"81\">Frecuencia de salida<\/td>\n<td class=\"et10\" style=\"width: 99.00pt;\" width=\"132\">40<\/td>\n<td class=\"et10\" style=\"width: 102.00pt;\" width=\"136\">400<\/td>\n<td class=\"et10\" style=\"width: 99.75pt;\" width=\"133\">Hz<\/td>\n<td class=\"et11\" style=\"width: 207.75pt;\" width=\"277\">Precisi\u00f3n del rango de frecuencia: 0,1 Hz<\/td>\n<\/tr>\n<tr style=\"height: 33.00pt;\">\n<td class=\"et6\" style=\"height: 33.00pt; width: 125.25pt;\" width=\"167\" height=\"44\">Onda de salida<\/td>\n<td class=\"et10\" style=\"width: 508.50pt;\" colspan=\"4\" width=\"678\">Onda sinusoidal<\/td>\n<\/tr>\n<tr style=\"height: 63.75pt;\">\n<td class=\"et6\" style=\"height: 63.75pt; width: 125.25pt;\" width=\"167\" height=\"85\">Rango de tiempo de retardo de inicio<\/td>\n<td class=\"et10\" style=\"width: 99.00pt;\" width=\"132\">0<\/td>\n<td class=\"et10\" style=\"width: 102.00pt;\" width=\"136\">30<\/td>\n<td class=\"et10\" style=\"width: 99.75pt;\" width=\"133\">S<\/td>\n<td class=\"et11\" style=\"width: 207.75pt;\" width=\"277\">Precisi\u00f3n del tiempo de retardo: 15<\/td>\n<\/tr>\n<tr style=\"height: 60.75pt;\">\n<td class=\"et6\" style=\"height: 60.75pt; width: 125.25pt;\" width=\"167\" height=\"81\">Rango de tiempo de retardo de apagado<\/td>\n<td class=\"et10\" style=\"width: 99.00pt;\" width=\"132\">0<\/td>\n<td class=\"et10\" style=\"width: 102.00pt;\" width=\"136\">30<\/td>\n<td class=\"et10\" style=\"width: 99.75pt;\" width=\"133\">S<\/td>\n<td class=\"et11\" style=\"width: 207.75pt;\" width=\"277\">Precisi\u00f3n del tiempo de retardo: 15<\/td>\n<\/tr>\n<tr style=\"height: 60.75pt;\">\n<td class=\"et6\" style=\"height: 60.75pt; width: 125.25pt;\" width=\"167\" height=\"81\">Hora de inicio lenta<\/td>\n<td class=\"et10\" style=\"width: 99.00pt;\" width=\"132\">0.1<\/td>\n<td class=\"et10\" style=\"width: 102.00pt;\" width=\"136\">9.9<\/td>\n<td class=\"et10\" style=\"width: 99.75pt;\" width=\"133\">S<\/td>\n<td class=\"et11\" style=\"width: 207.75pt;\" width=\"277\">Tiempo de inicio lento: 0,15<\/td>\n<\/tr>\n<tr style=\"height: 48.00pt;\">\n<td class=\"et6\" style=\"height: 48.00pt; width: 125.25pt;\" width=\"167\" height=\"64\">Tiempo de parada lento<\/td>\n<td class=\"et10\" style=\"width: 99.00pt;\" width=\"132\">0.1<\/td>\n<td class=\"et10\" style=\"width: 102.00pt;\" width=\"136\">0.3<\/td>\n<td class=\"et10\" style=\"width: 99.75pt;\" width=\"133\">S<\/td>\n<td class=\"et11\" style=\"width: 207.75pt;\" width=\"277\">Programa de control autom\u00e1tico<\/td>\n<\/tr>\n<tr style=\"height: 120.75pt;\">\n<td class=\"et6\" style=\"height: 120.75pt; width: 125.25pt;\" width=\"167\" height=\"161\">Sensibilidad fotoel\u00e9ctrica<\/td>\n<td class=\"et10\" style=\"width: 99.00pt;\" width=\"132\">0<\/td>\n<td class=\"et10\" style=\"width: 102.00pt;\" width=\"136\">99<\/td>\n<td class=\"et12\" style=\"width: 99.75pt;\" width=\"133\">\u00a0<\/td>\n<td class=\"et11\" style=\"width: 207.75pt;\" width=\"277\">Cuanto mayor sea el valor. Cuanto mayor sea la sensibilidad<\/td>\n<\/tr>\n<tr style=\"height: 136.50pt;\">\n<td class=\"et6\" style=\"height: 136.50pt; width: 125.25pt;\" width=\"167\" height=\"182\">Salida de control de CC<\/td>\n<td class=\"et10\" style=\"width: 201.00pt;\" colspan=\"2\" width=\"268\">24V 200mA<\/td>\n<td class=\"et12\" style=\"width: 99.75pt;\" width=\"133\">\u00a0<\/td>\n<td class=\"et11\" style=\"width: 207.75pt;\" width=\"277\">Acciona sensores externos y v\u00e1lvulas solenoides de baja potencia para suministro de energ\u00eda.<\/td>\n<\/tr>\n<tr style=\"height: 64.50pt;\">\n<td class=\"et6\" style=\"height: 64.50pt; width: 125.25pt;\" width=\"167\" height=\"86\">Consumo de energ\u00eda sin carga<\/td>\n<td class=\"et10\" style=\"width: 201.00pt;\" colspan=\"2\" width=\"268\">&lt;3W<\/td>\n<td class=\"et10\" style=\"width: 99.75pt;\" width=\"133\">W.<\/td>\n<td class=\"et11\" style=\"width: 207.75pt;\" width=\"277\">Voltaje de entrada: 220V 50Hz<\/td>\n<\/tr>\n<tr style=\"height: 33.00pt;\">\n<td class=\"et6\" style=\"height: 33.00pt; width: 125.25pt;\" width=\"167\" height=\"44\">Modo de visualizaci\u00f3n<\/td>\n<td class=\"et10\" style=\"width: 201.00pt;\" colspan=\"2\" width=\"268\">LED+luz indicadora 5<\/td>\n<td class=\"et12\" style=\"width: 99.75pt;\" width=\"133\">\u00a0<\/td>\n<td class=\"et13\" style=\"width: 207.75pt;\" width=\"277\">\u00a0<\/td>\n<\/tr>\n<tr style=\"height: 91.50pt;\">\n<td class=\"et6\" style=\"height: 91.50pt; width: 125.25pt;\" width=\"167\" height=\"122\">Modo de operaci\u00f3n<\/td>\n<td class=\"et10\" style=\"width: 201.00pt;\" colspan=\"2\" width=\"268\">Teclas+interruptor de codificaci\u00f3n<\/td>\n<td class=\"et12\" style=\"width: 99.75pt;\" width=\"133\">\u00a0<\/td>\n<td class=\"et11\" style=\"width: 207.75pt;\" width=\"277\">Operaci\u00f3n de lanzadera r\u00e1pida, dise\u00f1o patentado<\/td>\n<\/tr>\n<tr style=\"height: 76.50pt;\">\n<td class=\"et6\" style=\"height: 182.25pt; width: 125.25pt;\" rowspan=\"2\" width=\"167\" height=\"243\">Modo de control<\/td>\n<td class=\"et10\" style=\"width: 99.00pt;\" width=\"132\">Con sensor fotoel\u00e9ctrico infrarrojo.<\/td>\n<td class=\"et12\" style=\"width: 102.00pt;\" width=\"136\">\u00a0<\/td>\n<td class=\"et12\" style=\"width: 99.75pt;\" width=\"133\">\u00a0<\/td>\n<td class=\"et11\" style=\"width: 207.75pt;\" rowspan=\"2\" width=\"277\">Control de parada de material lleno\/vac\u00edo<\/td>\n<\/tr>\n<tr style=\"height: 105.75pt;\">\n<td class=\"et10\" style=\"width: 99.00pt;\" width=\"132\">Se\u00f1al de bajo nivel (sensor de uso general NPN o PLC)<\/td>\n<td class=\"et12\" style=\"width: 102.00pt;\" width=\"136\">\u00a0<\/td>\n<td class=\"et12\" style=\"width: 99.75pt;\" width=\"133\">\u00a0<\/td>\n<\/tr>\n<tr style=\"height: 60.75pt;\">\n<td class=\"et6\" style=\"height: 60.75pt; width: 125.25pt;\" width=\"167\" height=\"81\">Temperatura de trabajo<\/td>\n<td class=\"et10\" style=\"width: 99.00pt;\" width=\"132\">-20<\/td>\n<td class=\"et10\" style=\"width: 102.00pt;\" width=\"136\">40<\/td>\n<td class=\"et10\" style=\"width: 99.75pt;\" width=\"133\">\u2103<\/td>\n<td class=\"et11\" style=\"width: 207.75pt;\" width=\"277\">Protecci\u00f3n contra sobrecalentamiento: 58 \u2103<\/td>\n<\/tr>\n<tr style=\"height: 48.00pt;\">\n<td class=\"et6\" style=\"height: 48.00pt; width: 125.25pt;\" width=\"167\" height=\"64\">Humedad relativa de trabajo<\/td>\n<td class=\"et10\" style=\"width: 99.00pt;\" width=\"132\">0<\/td>\n<td class=\"et10\" style=\"width: 102.00pt;\" width=\"136\">90<\/td>\n<td class=\"et10\" style=\"width: 99.75pt;\" width=\"133\">%<\/td>\n<td class=\"et11\" style=\"width: 207.75pt;\" width=\"277\">Sin condensaci\u00f3n<\/td>\n<\/tr>\n<tr style=\"height: 64.50pt;\">\n<td class=\"et6\" style=\"height: 64.50pt; width: 125.25pt;\" width=\"167\" height=\"86\">Medidas de protecci\u00f3n<\/td>\n<td class=\"et10\" style=\"width: 508.50pt;\" colspan=\"4\" width=\"678\">Protecci\u00f3n contra sobrecalentamiento, sobrecorriente y cortocircuito de salida<\/td>\n<\/tr>\n<tr style=\"height: 31.50pt;\">\n<td class=\"et14\" style=\"height: 31.50pt; width: 125.25pt;\" width=\"167\" height=\"42\">Solicitud<\/td>\n<td class=\"et15\" style=\"width: 508.50pt;\" colspan=\"4\" width=\"678\">Electromagn\u00e9tico<\/td>\n<\/tr>\n<\/tbody>\n<\/table>","protected":false},"excerpt":{"rendered":"<p>El controlador de alimentador vibratorio de frecuencia piezoel\u00e9ctrica de precisi\u00f3n SW-40F es un dispositivo de alto rendimiento dise\u00f1ado para operaciones de alimentaci\u00f3n eficientes y precisas.<\/p>","protected":false},"featured_media":1995,"comment_status":"open","ping_status":"closed","template":"","meta":[],"product_cat":[45],"product_tag":[],"yoast_head":"<!-- This site is optimized with the Yoast SEO plugin v22.2 - https:\/\/yoast.com\/wordpress\/plugins\/seo\/ -->\n<title>Precision Piezoelectric Frequency Vibratory Feeder Controller SW-40F - SWOER<\/title>\n<meta name=\"robots\" content=\"index, follow, max-snippet:-1, max-image-preview:large, max-video-preview:-1\" \/>\n<link rel=\"canonical\" href=\"https:\/\/swoer.com\/es\/manufacturer\/precision-piezoelectric-frequency-vibratory-feeder-controller-sw-40f\/\" \/>\n<meta property=\"og:locale\" content=\"es_MX\" \/>\n<meta property=\"og:type\" content=\"article\" \/>\n<meta property=\"og:title\" content=\"Precision Piezoelectric Frequency Vibratory Feeder Controller SW-40F - SWOER\" \/>\n<meta property=\"og:description\" content=\"The precision piezoelectric frequency vibrating feeder controller SW-40F is a high-performance device designed for efficient and precise feeding operations.\" \/>\n<meta property=\"og:url\" content=\"https:\/\/swoer.com\/es\/manufacturer\/precision-piezoelectric-frequency-vibratory-feeder-controller-sw-40f\/\" \/>\n<meta property=\"og:site_name\" content=\"SWOER\" \/>\n<meta property=\"article:modified_time\" content=\"2024-04-18T02:24:06+00:00\" \/>\n<meta property=\"og:image\" content=\"https:\/\/swoer.com\/wp-content\/uploads\/2024\/04\/vibratory-feeder-controller-SW-40F.webp\" \/>\n\t<meta property=\"og:image:width\" content=\"1000\" \/>\n\t<meta property=\"og:image:height\" content=\"1000\" \/>\n\t<meta property=\"og:image:type\" content=\"image\/webp\" \/>\n<meta name=\"twitter:card\" content=\"summary_large_image\" \/>\n<meta name=\"twitter:label1\" content=\"Tiempo de lectura\" \/>\n\t<meta name=\"twitter:data1\" content=\"1 minuto\" \/>\n<script type=\"application\/ld+json\" class=\"yoast-schema-graph\">{\"@context\":\"https:\/\/schema.org\",\"@graph\":[{\"@type\":\"WebPage\",\"@id\":\"https:\/\/swoer.com\/manufacturer\/precision-piezoelectric-frequency-vibratory-feeder-controller-sw-40f\/\",\"url\":\"https:\/\/swoer.com\/manufacturer\/precision-piezoelectric-frequency-vibratory-feeder-controller-sw-40f\/\",\"name\":\"Precision Piezoelectric Frequency Vibratory Feeder Controller SW-40F - SWOER\",\"isPartOf\":{\"@id\":\"https:\/\/swoer.com\/#website\"},\"primaryImageOfPage\":{\"@id\":\"https:\/\/swoer.com\/manufacturer\/precision-piezoelectric-frequency-vibratory-feeder-controller-sw-40f\/#primaryimage\"},\"image\":{\"@id\":\"https:\/\/swoer.com\/manufacturer\/precision-piezoelectric-frequency-vibratory-feeder-controller-sw-40f\/#primaryimage\"},\"thumbnailUrl\":\"https:\/\/swoer.com\/wp-content\/uploads\/2024\/04\/vibratory-feeder-controller-SW-40F.webp\",\"datePublished\":\"2024-04-18T02:15:58+00:00\",\"dateModified\":\"2024-04-18T02:24:06+00:00\",\"breadcrumb\":{\"@id\":\"https:\/\/swoer.com\/manufacturer\/precision-piezoelectric-frequency-vibratory-feeder-controller-sw-40f\/#breadcrumb\"},\"inLanguage\":\"es-MX\",\"potentialAction\":[{\"@type\":\"ReadAction\",\"target\":[\"https:\/\/swoer.com\/manufacturer\/precision-piezoelectric-frequency-vibratory-feeder-controller-sw-40f\/\"]}]},{\"@type\":\"ImageObject\",\"inLanguage\":\"es-MX\",\"@id\":\"https:\/\/swoer.com\/manufacturer\/precision-piezoelectric-frequency-vibratory-feeder-controller-sw-40f\/#primaryimage\",\"url\":\"https:\/\/swoer.com\/wp-content\/uploads\/2024\/04\/vibratory-feeder-controller-SW-40F.webp\",\"contentUrl\":\"https:\/\/swoer.com\/wp-content\/uploads\/2024\/04\/vibratory-feeder-controller-SW-40F.webp\",\"width\":1000,\"height\":1000,\"caption\":\"vibratory feeder controller SW-40F\"},{\"@type\":\"BreadcrumbList\",\"@id\":\"https:\/\/swoer.com\/manufacturer\/precision-piezoelectric-frequency-vibratory-feeder-controller-sw-40f\/#breadcrumb\",\"itemListElement\":[{\"@type\":\"ListItem\",\"position\":1,\"name\":\"Home\",\"item\":\"https:\/\/swoer.com\/\"},{\"@type\":\"ListItem\",\"position\":2,\"name\":\"Shop\",\"item\":\"https:\/\/swoer.com\/shop\/\"},{\"@type\":\"ListItem\",\"position\":3,\"name\":\"Precision Piezoelectric Frequency Vibratory Feeder Controller SW-40F\"}]},{\"@type\":\"WebSite\",\"@id\":\"https:\/\/swoer.com\/#website\",\"url\":\"https:\/\/swoer.com\/\",\"name\":\"SWOER\",\"description\":\"Swoer is the top 3 vibratory bowl feeder manufacturer in China\",\"potentialAction\":[{\"@type\":\"SearchAction\",\"target\":{\"@type\":\"EntryPoint\",\"urlTemplate\":\"https:\/\/swoer.com\/?s={search_term_string}\"},\"query-input\":\"required name=search_term_string\"}],\"inLanguage\":\"es-MX\"}]}<\/script>\n<!-- \/ Yoast SEO plugin. -->","yoast_head_json":{"title":"Precision Piezoelectric Frequency Vibratory Feeder Controller SW-40F - SWOER","robots":{"index":"index","follow":"follow","max-snippet":"max-snippet:-1","max-image-preview":"max-image-preview:large","max-video-preview":"max-video-preview:-1"},"canonical":"https:\/\/swoer.com\/es\/manufacturer\/precision-piezoelectric-frequency-vibratory-feeder-controller-sw-40f\/","og_locale":"es_MX","og_type":"article","og_title":"Precision Piezoelectric Frequency Vibratory Feeder Controller SW-40F - SWOER","og_description":"The precision piezoelectric frequency vibrating feeder controller SW-40F is a high-performance device designed for efficient and precise feeding operations.","og_url":"https:\/\/swoer.com\/es\/manufacturer\/precision-piezoelectric-frequency-vibratory-feeder-controller-sw-40f\/","og_site_name":"SWOER","article_modified_time":"2024-04-18T02:24:06+00:00","og_image":[{"width":1000,"height":1000,"url":"https:\/\/swoer.com\/wp-content\/uploads\/2024\/04\/vibratory-feeder-controller-SW-40F.webp","type":"image\/webp"}],"twitter_card":"summary_large_image","twitter_misc":{"Tiempo de lectura":"1 minuto"},"schema":{"@context":"https:\/\/schema.org","@graph":[{"@type":"WebPage","@id":"https:\/\/swoer.com\/manufacturer\/precision-piezoelectric-frequency-vibratory-feeder-controller-sw-40f\/","url":"https:\/\/swoer.com\/manufacturer\/precision-piezoelectric-frequency-vibratory-feeder-controller-sw-40f\/","name":"Precision Piezoelectric Frequency Vibratory Feeder Controller SW-40F - SWOER","isPartOf":{"@id":"https:\/\/swoer.com\/#website"},"primaryImageOfPage":{"@id":"https:\/\/swoer.com\/manufacturer\/precision-piezoelectric-frequency-vibratory-feeder-controller-sw-40f\/#primaryimage"},"image":{"@id":"https:\/\/swoer.com\/manufacturer\/precision-piezoelectric-frequency-vibratory-feeder-controller-sw-40f\/#primaryimage"},"thumbnailUrl":"https:\/\/swoer.com\/wp-content\/uploads\/2024\/04\/vibratory-feeder-controller-SW-40F.webp","datePublished":"2024-04-18T02:15:58+00:00","dateModified":"2024-04-18T02:24:06+00:00","breadcrumb":{"@id":"https:\/\/swoer.com\/manufacturer\/precision-piezoelectric-frequency-vibratory-feeder-controller-sw-40f\/#breadcrumb"},"inLanguage":"es-MX","potentialAction":[{"@type":"ReadAction","target":["https:\/\/swoer.com\/manufacturer\/precision-piezoelectric-frequency-vibratory-feeder-controller-sw-40f\/"]}]},{"@type":"ImageObject","inLanguage":"es-MX","@id":"https:\/\/swoer.com\/manufacturer\/precision-piezoelectric-frequency-vibratory-feeder-controller-sw-40f\/#primaryimage","url":"https:\/\/swoer.com\/wp-content\/uploads\/2024\/04\/vibratory-feeder-controller-SW-40F.webp","contentUrl":"https:\/\/swoer.com\/wp-content\/uploads\/2024\/04\/vibratory-feeder-controller-SW-40F.webp","width":1000,"height":1000,"caption":"vibratory feeder controller SW-40F"},{"@type":"BreadcrumbList","@id":"https:\/\/swoer.com\/manufacturer\/precision-piezoelectric-frequency-vibratory-feeder-controller-sw-40f\/#breadcrumb","itemListElement":[{"@type":"ListItem","position":1,"name":"Home","item":"https:\/\/swoer.com\/"},{"@type":"ListItem","position":2,"name":"Shop","item":"https:\/\/swoer.com\/shop\/"},{"@type":"ListItem","position":3,"name":"Precision Piezoelectric Frequency Vibratory Feeder Controller SW-40F"}]},{"@type":"WebSite","@id":"https:\/\/swoer.com\/#website","url":"https:\/\/swoer.com\/","name":"SWOER","description":"Swoer is the top 3 vibratory bowl feeder manufacturer in China","potentialAction":[{"@type":"SearchAction","target":{"@type":"EntryPoint","urlTemplate":"https:\/\/swoer.com\/?s={search_term_string}"},"query-input":"required name=search_term_string"}],"inLanguage":"es-MX"}]}},"_links":{"self":[{"href":"https:\/\/swoer.com\/es\/wp-json\/wp\/v2\/product\/1994"}],"collection":[{"href":"https:\/\/swoer.com\/es\/wp-json\/wp\/v2\/product"}],"about":[{"href":"https:\/\/swoer.com\/es\/wp-json\/wp\/v2\/types\/product"}],"replies":[{"embeddable":true,"href":"https:\/\/swoer.com\/es\/wp-json\/wp\/v2\/comments?post=1994"}],"wp:featuredmedia":[{"embeddable":true,"href":"https:\/\/swoer.com\/es\/wp-json\/wp\/v2\/media\/1995"}],"wp:attachment":[{"href":"https:\/\/swoer.com\/es\/wp-json\/wp\/v2\/media?parent=1994"}],"wp:term":[{"taxonomy":"product_cat","embeddable":true,"href":"https:\/\/swoer.com\/es\/wp-json\/wp\/v2\/product_cat?post=1994"},{"taxonomy":"product_tag","embeddable":true,"href":"https:\/\/swoer.com\/es\/wp-json\/wp\/v2\/product_tag?post=1994"}],"curies":[{"name":"wp","href":"https:\/\/api.w.org\/{rel}","templated":true}]}}