{"id":1802,"date":"2024-04-01T07:08:59","date_gmt":"2024-04-01T07:08:59","guid":{"rendered":"https:\/\/lightgrey-porpoise-816575.hostingersite.com\/?post_type=product&#038;p=1802"},"modified":"2024-04-01T07:12:02","modified_gmt":"2024-04-01T07:12:02","slug":"screw-centrifugal-bowl-feeder-with-hopper-elevator","status":"publish","type":"product","link":"https:\/\/swoer.com\/es\/manufacturer\/screw-centrifugal-bowl-feeder-with-hopper-elevator\/","title":{"rendered":"Alimentador de taz\u00f3n centr\u00edfugo de tornillo con elevador de tolva"},"content":{"rendered":"<p>Revolucione su automatizaci\u00f3n industrial con nuestro avanzado alimentador de taz\u00f3n centr\u00edfugo de tornillo integrado perfectamente con un elevador de tolva para mejorar la eficiencia y el manejo de piezas de precisi\u00f3n.<\/p>\n\t<div id=\"gap-1377947512\" class=\"gap-element clearfix\" style=\"display:block; height:auto;\">\n\t\t\n<style>\n#gap-1377947512 {\n  padding-top: 30px;\n}\n<\/style>\n\t<\/div>\n\t\n<h2>Descripci\u00f3n:<\/h2>\n<table style=\"border-collapse: collapse; width: 577.52pt;\" border=\"0\" width=\"770\" cellspacing=\"0\" cellpadding=\"0\">\n<tbody>\n<tr style=\"height: 30.00pt;\">\n<td class=\"et3\" style=\"height: 30.00pt; width: 210.75pt;\" width=\"281\" height=\"40\">Nombre<\/td>\n<td class=\"et3\" style=\"width: 366.75pt;\" width=\"489\">Alimentador de taz\u00f3n centr\u00edfugo de tornillo con elevador de tolva<\/td>\n<\/tr>\n<tr style=\"height: 29.00pt;\">\n<td class=\"et3\" style=\"height: 29.00pt;\" height=\"38\">Marca<\/td>\n<td class=\"et3\">JUGAR<\/td>\n<\/tr>\n<tr style=\"height: 25.00pt;\">\n<td class=\"et3\" style=\"height: 25.00pt;\" height=\"33\">Material<\/td>\n<td class=\"et3\">SUS304, Pl\u00e1stico<\/td>\n<\/tr>\n<tr style=\"height: 30.00pt;\">\n<td class=\"et3\" style=\"height: 30.00pt;\" height=\"40\">Tama\u00f1o<\/td>\n<td class=\"et3\">Costumbre<\/td>\n<\/tr>\n<tr style=\"height: 30.00pt;\">\n<td class=\"et3\" style=\"height: 30.00pt;\" height=\"40\">Funci\u00f3n<\/td>\n<td class=\"et3\">Material de transporte<\/td>\n<\/tr>\n<tr style=\"height: 30.00pt;\">\n<td class=\"et3\" style=\"height: 30.00pt;\" height=\"40\">Uso<\/td>\n<td class=\"et3\">clasificador, contar<\/td>\n<\/tr>\n<tr style=\"height: 28.00pt;\">\n<td class=\"et3\" style=\"height: 28.00pt;\" height=\"37\">Ventaja<\/td>\n<td class=\"et3\">Ahorre recursos humanos<\/td>\n<\/tr>\n<tr style=\"height: 32.00pt;\">\n<td class=\"et3\" style=\"height: 32.00pt;\" height=\"42\">Tipo de m\u00e1quina<\/td>\n<td class=\"et3\">Juego completo<\/td>\n<\/tr>\n<tr style=\"height: 29.00pt;\">\n<td class=\"et3\" style=\"height: 29.00pt;\" height=\"38\">Art\u00edculo<\/td>\n<td class=\"et3\">Equipo automatico<\/td>\n<\/tr>\n<tr style=\"height: 33.00pt;\">\n<td class=\"et3\" style=\"height: 33.00pt;\" height=\"44\">Industrias aplicables<\/td>\n<td class=\"et3\">Planta De Fabricaci\u00f3n, Granjas, Industrial<\/td>\n<\/tr>\n<tr style=\"height: 31.00pt;\">\n<td class=\"et3\" style=\"height: 31.00pt;\" height=\"41\">Servicio postventa proporcionado<\/td>\n<td class=\"et3\">Soporte t\u00e9cnico por v\u00eddeo, soporte en l\u00ednea<\/td>\n<\/tr>\n<\/tbody>\n<\/table>","protected":false},"excerpt":{"rendered":"<p>Aumente su eficiencia industrial con nuestro alimentador de taz\u00f3n centr\u00edfugo de tornillo y elevador de tolva de ingenier\u00eda de precisi\u00f3n.<\/p>","protected":false},"featured_media":1803,"comment_status":"open","ping_status":"closed","template":"","meta":[],"product_cat":[36],"product_tag":[],"yoast_head":"<!-- This site is optimized with the Yoast SEO plugin v22.2 - https:\/\/yoast.com\/wordpress\/plugins\/seo\/ -->\n<title>Screw Centrifugal Bowl Feeder With Hopper Elevator - SWOER<\/title>\n<meta name=\"robots\" content=\"index, follow, max-snippet:-1, max-image-preview:large, max-video-preview:-1\" \/>\n<link rel=\"canonical\" href=\"https:\/\/swoer.com\/es\/manufacturer\/screw-centrifugal-bowl-feeder-with-hopper-elevator\/\" \/>\n<meta property=\"og:locale\" content=\"es_MX\" \/>\n<meta property=\"og:type\" content=\"article\" \/>\n<meta property=\"og:title\" content=\"Screw Centrifugal Bowl Feeder With Hopper Elevator - SWOER\" \/>\n<meta property=\"og:description\" content=\"Elevate your industrial efficiency with our precision-engineered screw centrifugal bowl feeder and hopper elevator.\" \/>\n<meta property=\"og:url\" content=\"https:\/\/swoer.com\/es\/manufacturer\/screw-centrifugal-bowl-feeder-with-hopper-elevator\/\" \/>\n<meta property=\"og:site_name\" content=\"SWOER\" \/>\n<meta property=\"article:modified_time\" content=\"2024-04-01T07:12:02+00:00\" \/>\n<meta property=\"og:image\" content=\"https:\/\/swoer.com\/wp-content\/uploads\/2024\/04\/screw-centrifugal-bowl-feeder.webp\" \/>\n\t<meta property=\"og:image:width\" content=\"1000\" \/>\n\t<meta property=\"og:image:height\" content=\"1000\" \/>\n\t<meta property=\"og:image:type\" content=\"image\/webp\" \/>\n<meta name=\"twitter:card\" content=\"summary_large_image\" \/>\n<meta name=\"twitter:label1\" content=\"Tiempo de lectura\" \/>\n\t<meta name=\"twitter:data1\" content=\"1 minuto\" \/>\n<script type=\"application\/ld+json\" class=\"yoast-schema-graph\">{\"@context\":\"https:\/\/schema.org\",\"@graph\":[{\"@type\":\"WebPage\",\"@id\":\"https:\/\/swoer.com\/manufacturer\/screw-centrifugal-bowl-feeder-with-hopper-elevator\/\",\"url\":\"https:\/\/swoer.com\/manufacturer\/screw-centrifugal-bowl-feeder-with-hopper-elevator\/\",\"name\":\"Screw Centrifugal Bowl Feeder With Hopper Elevator - SWOER\",\"isPartOf\":{\"@id\":\"https:\/\/swoer.com\/#website\"},\"primaryImageOfPage\":{\"@id\":\"https:\/\/swoer.com\/manufacturer\/screw-centrifugal-bowl-feeder-with-hopper-elevator\/#primaryimage\"},\"image\":{\"@id\":\"https:\/\/swoer.com\/manufacturer\/screw-centrifugal-bowl-feeder-with-hopper-elevator\/#primaryimage\"},\"thumbnailUrl\":\"https:\/\/swoer.com\/wp-content\/uploads\/2024\/04\/screw-centrifugal-bowl-feeder.webp\",\"datePublished\":\"2024-04-01T07:08:59+00:00\",\"dateModified\":\"2024-04-01T07:12:02+00:00\",\"breadcrumb\":{\"@id\":\"https:\/\/swoer.com\/manufacturer\/screw-centrifugal-bowl-feeder-with-hopper-elevator\/#breadcrumb\"},\"inLanguage\":\"es-MX\",\"potentialAction\":[{\"@type\":\"ReadAction\",\"target\":[\"https:\/\/swoer.com\/manufacturer\/screw-centrifugal-bowl-feeder-with-hopper-elevator\/\"]}]},{\"@type\":\"ImageObject\",\"inLanguage\":\"es-MX\",\"@id\":\"https:\/\/swoer.com\/manufacturer\/screw-centrifugal-bowl-feeder-with-hopper-elevator\/#primaryimage\",\"url\":\"https:\/\/swoer.com\/wp-content\/uploads\/2024\/04\/screw-centrifugal-bowl-feeder.webp\",\"contentUrl\":\"https:\/\/swoer.com\/wp-content\/uploads\/2024\/04\/screw-centrifugal-bowl-feeder.webp\",\"width\":1000,\"height\":1000,\"caption\":\"screw centrifugal bowl feeder\"},{\"@type\":\"BreadcrumbList\",\"@id\":\"https:\/\/swoer.com\/manufacturer\/screw-centrifugal-bowl-feeder-with-hopper-elevator\/#breadcrumb\",\"itemListElement\":[{\"@type\":\"ListItem\",\"position\":1,\"name\":\"Home\",\"item\":\"https:\/\/swoer.com\/\"},{\"@type\":\"ListItem\",\"position\":2,\"name\":\"Shop\",\"item\":\"https:\/\/swoer.com\/shop\/\"},{\"@type\":\"ListItem\",\"position\":3,\"name\":\"Screw Centrifugal Bowl Feeder With Hopper Elevator\"}]},{\"@type\":\"WebSite\",\"@id\":\"https:\/\/swoer.com\/#website\",\"url\":\"https:\/\/swoer.com\/\",\"name\":\"SWOER\",\"description\":\"Swoer is the top 3 vibratory bowl feeder manufacturer in China\",\"potentialAction\":[{\"@type\":\"SearchAction\",\"target\":{\"@type\":\"EntryPoint\",\"urlTemplate\":\"https:\/\/swoer.com\/?s={search_term_string}\"},\"query-input\":\"required name=search_term_string\"}],\"inLanguage\":\"es-MX\"}]}<\/script>\n<!-- \/ Yoast SEO plugin. -->","yoast_head_json":{"title":"Screw Centrifugal Bowl Feeder With Hopper Elevator - SWOER","robots":{"index":"index","follow":"follow","max-snippet":"max-snippet:-1","max-image-preview":"max-image-preview:large","max-video-preview":"max-video-preview:-1"},"canonical":"https:\/\/swoer.com\/es\/manufacturer\/screw-centrifugal-bowl-feeder-with-hopper-elevator\/","og_locale":"es_MX","og_type":"article","og_title":"Screw Centrifugal Bowl Feeder With Hopper Elevator - SWOER","og_description":"Elevate your industrial efficiency with our precision-engineered screw centrifugal bowl feeder and hopper elevator.","og_url":"https:\/\/swoer.com\/es\/manufacturer\/screw-centrifugal-bowl-feeder-with-hopper-elevator\/","og_site_name":"SWOER","article_modified_time":"2024-04-01T07:12:02+00:00","og_image":[{"width":1000,"height":1000,"url":"https:\/\/swoer.com\/wp-content\/uploads\/2024\/04\/screw-centrifugal-bowl-feeder.webp","type":"image\/webp"}],"twitter_card":"summary_large_image","twitter_misc":{"Tiempo de lectura":"1 minuto"},"schema":{"@context":"https:\/\/schema.org","@graph":[{"@type":"WebPage","@id":"https:\/\/swoer.com\/manufacturer\/screw-centrifugal-bowl-feeder-with-hopper-elevator\/","url":"https:\/\/swoer.com\/manufacturer\/screw-centrifugal-bowl-feeder-with-hopper-elevator\/","name":"Screw Centrifugal Bowl Feeder With Hopper Elevator - SWOER","isPartOf":{"@id":"https:\/\/swoer.com\/#website"},"primaryImageOfPage":{"@id":"https:\/\/swoer.com\/manufacturer\/screw-centrifugal-bowl-feeder-with-hopper-elevator\/#primaryimage"},"image":{"@id":"https:\/\/swoer.com\/manufacturer\/screw-centrifugal-bowl-feeder-with-hopper-elevator\/#primaryimage"},"thumbnailUrl":"https:\/\/swoer.com\/wp-content\/uploads\/2024\/04\/screw-centrifugal-bowl-feeder.webp","datePublished":"2024-04-01T07:08:59+00:00","dateModified":"2024-04-01T07:12:02+00:00","breadcrumb":{"@id":"https:\/\/swoer.com\/manufacturer\/screw-centrifugal-bowl-feeder-with-hopper-elevator\/#breadcrumb"},"inLanguage":"es-MX","potentialAction":[{"@type":"ReadAction","target":["https:\/\/swoer.com\/manufacturer\/screw-centrifugal-bowl-feeder-with-hopper-elevator\/"]}]},{"@type":"ImageObject","inLanguage":"es-MX","@id":"https:\/\/swoer.com\/manufacturer\/screw-centrifugal-bowl-feeder-with-hopper-elevator\/#primaryimage","url":"https:\/\/swoer.com\/wp-content\/uploads\/2024\/04\/screw-centrifugal-bowl-feeder.webp","contentUrl":"https:\/\/swoer.com\/wp-content\/uploads\/2024\/04\/screw-centrifugal-bowl-feeder.webp","width":1000,"height":1000,"caption":"screw centrifugal bowl feeder"},{"@type":"BreadcrumbList","@id":"https:\/\/swoer.com\/manufacturer\/screw-centrifugal-bowl-feeder-with-hopper-elevator\/#breadcrumb","itemListElement":[{"@type":"ListItem","position":1,"name":"Home","item":"https:\/\/swoer.com\/"},{"@type":"ListItem","position":2,"name":"Shop","item":"https:\/\/swoer.com\/shop\/"},{"@type":"ListItem","position":3,"name":"Screw Centrifugal Bowl Feeder With Hopper Elevator"}]},{"@type":"WebSite","@id":"https:\/\/swoer.com\/#website","url":"https:\/\/swoer.com\/","name":"SWOER","description":"Swoer is the top 3 vibratory bowl feeder manufacturer in China","potentialAction":[{"@type":"SearchAction","target":{"@type":"EntryPoint","urlTemplate":"https:\/\/swoer.com\/?s={search_term_string}"},"query-input":"required name=search_term_string"}],"inLanguage":"es-MX"}]}},"_links":{"self":[{"href":"https:\/\/swoer.com\/es\/wp-json\/wp\/v2\/product\/1802"}],"collection":[{"href":"https:\/\/swoer.com\/es\/wp-json\/wp\/v2\/product"}],"about":[{"href":"https:\/\/swoer.com\/es\/wp-json\/wp\/v2\/types\/product"}],"replies":[{"embeddable":true,"href":"https:\/\/swoer.com\/es\/wp-json\/wp\/v2\/comments?post=1802"}],"wp:featuredmedia":[{"embeddable":true,"href":"https:\/\/swoer.com\/es\/wp-json\/wp\/v2\/media\/1803"}],"wp:attachment":[{"href":"https:\/\/swoer.com\/es\/wp-json\/wp\/v2\/media?parent=1802"}],"wp:term":[{"taxonomy":"product_cat","embeddable":true,"href":"https:\/\/swoer.com\/es\/wp-json\/wp\/v2\/product_cat?post=1802"},{"taxonomy":"product_tag","embeddable":true,"href":"https:\/\/swoer.com\/es\/wp-json\/wp\/v2\/product_tag?post=1802"}],"curies":[{"name":"wp","href":"https:\/\/api.w.org\/{rel}","templated":true}]}}