{"id":1730,"date":"2024-03-30T03:32:35","date_gmt":"2024-03-30T03:32:35","guid":{"rendered":"https:\/\/lightgrey-porpoise-816575.hostingersite.com\/?post_type=product&#038;p=1730"},"modified":"2024-08-03T14:36:48","modified_gmt":"2024-08-03T06:36:48","slug":"part-feeding-systems-for-springs","status":"publish","type":"product","link":"https:\/\/swoer.com\/es\/manufacturer\/part-feeding-systems-for-springs\/","title":{"rendered":"Sistemas de alimentaci\u00f3n de piezas para resortes"},"content":{"rendered":"<p>El manejo de resortes en la automatizaci\u00f3n industrial presenta desaf\u00edos \u00fanicos. Los manantiales var\u00edan en forma y tama\u00f1o, lo que hace que su alimentaci\u00f3n sea una tarea compleja. En SWOER ofrecemos soluciones avanzadas para estas necesidades espec\u00edficas.<\/p>\n<h2>Par\u00e1metro del alimentador de tazones:<\/h2>\n<table width=\"684\">\n<tbody>\n<tr>\n<td width=\"183\">nombre del producto<\/td>\n<td width=\"501\">Sistemas de alimentaci\u00f3n de piezas para resortes<\/td>\n<\/tr>\n<tr>\n<td>Material<\/td>\n<td>\u00a0SUS201\/304<\/td>\n<\/tr>\n<tr>\n<td>Especialidad de materiales<\/td>\n<td>Aleaci\u00f3n de forja con tratamiento en fr\u00edo, alta resistencia, alta dureza<\/td>\n<\/tr>\n<tr>\n<td>Voltaje<\/td>\n<td>220V<\/td>\n<\/tr>\n<tr>\n<td>Fuerza<\/td>\n<td>65W \/150W \/180W \/ 220W \/ 350W<\/td>\n<\/tr>\n<tr>\n<td>Autenticaci\u00f3n<\/td>\n<td>CE, ROHS, ISO9001<\/td>\n<\/tr>\n<tr>\n<td>Garant\u00eda<\/td>\n<td>1 a\u00f1o de garant\u00eda<\/td>\n<\/tr>\n<tr>\n<td>Cantidad m\u00ednima de pedido<\/td>\n<td>1 juego<\/td>\n<\/tr>\n<tr>\n<td>Tiempo de espera<\/td>\n<td>10-14 d\u00edas<\/td>\n<\/tr>\n<tr>\n<td>Plazo de pago<\/td>\n<td>T\/T 40% Dep\u00f3sito y saldo antes del env\u00edo<\/td>\n<\/tr>\n<tr>\n<td>Original del lugar<\/td>\n<td>Porcelana<\/td>\n<\/tr>\n<\/tbody>\n<\/table>\n\t<div id=\"gap-2020867148\" class=\"gap-element clearfix\" style=\"display:block; height:auto;\">\n\t\t\n<style>\n#gap-2020867148 {\n  padding-top: 30px;\n}\n<\/style>\n\t<\/div>\n\t\n<h2>Detalles de resortes:<\/h2>\n\t<div class=\"img has-hover x md-x lg-x y md-y lg-y\" id=\"image_5873638\">\n\t\t\t\t\t\t\t\t<div class=\"img-inner dark\" >\n\t\t\t<img loading=\"lazy\" decoding=\"async\" width=\"448\" height=\"304\" src=\"https:\/\/swoer.com\/wp-content\/uploads\/2024\/03\/spring-detail.webp\" class=\"attachment-original size-original\" alt=\"detalle de primavera\" srcset=\"https:\/\/swoer.com\/wp-content\/uploads\/2024\/03\/spring-detail.webp 448w, https:\/\/swoer.com\/wp-content\/uploads\/2024\/03\/spring-detail-300x204.webp 300w\" sizes=\"(max-width: 448px) 100vw, 448px\" \/>\t\t\t\t\t\t\n\t\t\t\t\t<\/div>\n\t\t\t\t\t\t\t\t\n<style>\n#image_5873638 {\n  width: 45%;\n}\n<\/style>\n\t<\/div>\n\t\n<h2>Desaf\u00edos de alimentar manantiales<\/h2>\n<p>Los resortes, ya sean de compresi\u00f3n, extensi\u00f3n o torsi\u00f3n, plantean varios problemas:<\/p>\n<ol>\n<li><strong>Variabilidad:<\/strong> Los resortes vienen en diferentes di\u00e1metros, longitudes y configuraciones de espiral, lo que complica el proceso de alimentaci\u00f3n.<\/li>\n<li><strong>Enredo y superposici\u00f3n:<\/strong> Los resortes pueden enredarse o superponerse f\u00e1cilmente, provocando bloqueos y tiempo de inactividad.<\/li>\n<li><strong>Manejo delicado:<\/strong> Los resortes son delicados y una manipulaci\u00f3n inadecuada puede deformarlos y provocar defectos.<\/li>\n<\/ol>\n<h3>\u00a0<\/h3>\n<h2>\u00bfEst\u00e1 buscando un alimentador de resorte confiable?<\/h2>\n<p>SWOER ofrece comederos de taz\u00f3n dise\u00f1ados a medida para satisfacer sus necesidades exactas. Nuestras m\u00e1quinas cuentan con las certificaciones CE y UL, lo que garantiza seguridad y calidad.<\/p>\n<h3>\u00a0<\/h3>\n<h3><strong>Beneficios de nuestros comederos de primavera:<\/strong><\/h3>\n<ul>\n<li><strong>Eficiencia incrementada: <\/strong>Alimente miles de piezas por hora<\/li>\n<li><strong>Personalizable: <\/strong>Adaptado a sus piezas y l\u00ednea de producci\u00f3n espec\u00edficas<\/li>\n<li><strong>Confiable: <\/strong>Construido para durar y mantener un rendimiento constante<\/li>\n<li><strong>Entrega r\u00e1pida: <\/strong>Consigue tu m\u00e1quina r\u00e1pidamente<\/li>\n<li><strong>Certificado de seguridad: <\/strong>Certificaci\u00f3n CE y UL para su tranquilidad<\/li>\n<\/ul>\n<p><strong>Nuestro experimentado equipo de ingenier\u00eda trabajar\u00e1 con usted para dise\u00f1ar una soluci\u00f3n que cumpla con sus requisitos espec\u00edficos.<\/strong>\u00a0Ya sea que necesite alimentar manantiales peque\u00f1os o grandes, tenemos la experiencia para manejar su proyecto.<\/p>\n<p><strong>\u00a1No esperes!<\/strong>\u00a0Cont\u00e1ctenos hoy para solicitar una cotizaci\u00f3n y obtener m\u00e1s informaci\u00f3n sobre c\u00f3mo nuestros comederos de resorte pueden beneficiar su negocio.<\/p>\n\n<div class=\"wpcf7 no-js\" id=\"wpcf7-f5-o1\" lang=\"en-US\" dir=\"ltr\">\n<div class=\"screen-reader-response\"><p role=\"status\" aria-live=\"polite\" aria-atomic=\"true\"><\/p> <ul><\/ul><\/div>\n<form action=\"\/es\/wp-json\/wp\/v2\/product\/1730#wpcf7-f5-o1\" method=\"post\" class=\"wpcf7-form init\" aria-label=\"Formulario de contacto\" novalidate=\"novalidate\" data-status=\"init\" data-trp-original-action=\"\/es\/wp-json\/wp\/v2\/product\/1730#wpcf7-f5-o1\">\n<div style=\"display: none;\">\n<input type=\"hidden\" name=\"_wpcf7\" value=\"5\" \/>\n<input type=\"hidden\" name=\"_wpcf7_version\" value=\"5.9.2\" \/>\n<input type=\"hidden\" name=\"_wpcf7_locale\" value=\"en_US\" \/>\n<input type=\"hidden\" name=\"_wpcf7_unit_tag\" value=\"wpcf7-f5-o1\" \/>\n<input type=\"hidden\" name=\"_wpcf7_container_post\" value=\"0\" \/>\n<input type=\"hidden\" name=\"_wpcf7_posted_data_hash\" value=\"\" \/>\n<\/div>\n<div class='custom_contact_style'>\n\t<p><label> Su nombre<br \/>\n<span class=\"wpcf7-form-control-wrap\" data-name=\"your-name\"><input size=\"40\" class=\"wpcf7-form-control wpcf7-text wpcf7-validates-as-required\" autocomplete=\"name\" aria-required=\"true\" aria-invalid=\"false\" value=\"\" type=\"text\" name=\"your-name\" \/><\/span> <\/label>\n\t<\/p>\n\t<p><label> Tu correo electr\u00f3nico<br \/>\n<span class=\"wpcf7-form-control-wrap\" data-name=\"your-email\"><input size=\"40\" class=\"wpcf7-form-control wpcf7-email wpcf7-validates-as-required wpcf7-text wpcf7-validates-as-email\" autocomplete=\"email\" aria-required=\"true\" aria-invalid=\"false\" value=\"\" type=\"email\" name=\"your-email\" \/><\/span> <\/label>\n\t<\/p>\n\t<p><label> Tu mensaje (opcional)<br \/>\n<span class=\"wpcf7-form-control-wrap\" data-name=\"your-message\"><textarea cols=\"40\" rows=\"10\" class=\"wpcf7-form-control wpcf7-textarea\" aria-invalid=\"false\" name=\"your-message\"><\/textarea><\/span> <\/label>\n\t<\/p>\n\t<div style=\"margin-bottom:10px;\">\n\t\t<p><span class=\"wpcf7-form-control-wrap kc_captcha cf7ic-toggle\" data-name=\"kc_captcha\"><span class=\"wpcf7-form-control wpcf7-radio\"><span class=\"captcha-image\" style=\"display: none;\"><span class=\"cf7ic_instructions\">Por favor, demuestra que eres humano seleccionando el<span> cup<\/span>.<\/span><label><input aria-label=\"1\" type=\"radio\" name=\"kc_captcha\" value=\"bot\" \/><svg aria-hidden=\"true\" role=\"img\" xmlns=\"http:\/\/www.w3.org\/2000\/svg\" viewbox=\"0 0 576 512\"><path fill=\"currentColor\" d=\"M415 24c-53 0-103 42-127 65-24-23-74-65-127-65C70 24 16 77 16 166c0 72 67 133 69 135l187 181c9 8 23 8 32 0l187-180c2-3 69-64 69-136 0-89-54-142-145-142z\"\/><\/svg><\/label><label><input aria-label=\"2\" type=\"radio\" name=\"kc_captcha\" value=\"kc_human\" \/><svg aria-hidden=\"true\" role=\"img\" xmlns=\"http:\/\/www.w3.org\/2000\/svg\" viewbox=\"0 0 640 512\"><path fill=\"currentColor\" d=\"M192 384h192c53 0 96-43 96-96h32a128 128 0 000-256H120c-13 0-24 11-24 24v232c0 53 43 96 96 96zM512 96a64 64 0 010 128h-32V96h32zm48 384H48c-47 0-61-64-36-64h584c25 0 11 64-36 64z\"\/><\/svg><\/label><label><input aria-label=\"3\" type=\"radio\" name=\"kc_captcha\" value=\"bot\" \/><svg aria-hidden=\"true\" role=\"img\" xmlns=\"http:\/\/www.w3.org\/2000\/svg\" viewbox=\"0 0 512 512\"><path fill=\"currentColor\" d=\"M512 176a176 176 0 01-209 173l-24 27a24 24 0 01-18 8h-37v40c0 13-11 24-24 24h-40v40c0 13-11 24-24 24H24c-13 0-24-11-24-24v-78c0-6 3-13 7-17l162-162a176 176 0 11343-55zm-176-48a48 48 0 1096 0 48 48 0 00-96 0z\"\/><\/svg><\/label>\r\n    <\/span>\r\n    <span style=\"display:none\">\r\n        <input type=\"text\" name=\"kc_honeypot\">\r\n    <\/span><\/span><\/span>\n\t\t<\/p>\n\t<\/div>\n\t<p><input class=\"wpcf7-form-control wpcf7-submit has-spinner\" type=\"submit\" value=\"Entregar\" \/>\n\t<\/p>\n<\/div><div class=\"wpcf7-response-output\" aria-hidden=\"true\"><\/div>\n<input type=\"hidden\" name=\"trp-form-language\" value=\"es\"\/><\/form>\n<\/div>","protected":false},"excerpt":{"rendered":"<p>Los alimentadores vibratorios personalizados de SWOER brindan soluciones precisas y eficientes para manipular y orientar resortes en procesos de fabricaci\u00f3n.<\/p>\n<p>Si desea obtener precios de comederos de tazones, cont\u00e1ctenos.<\/p>","protected":false},"featured_media":1731,"comment_status":"open","ping_status":"closed","template":"","meta":[],"product_cat":[37],"product_tag":[],"yoast_head":"<!-- This site is optimized with the Yoast SEO plugin v22.2 - https:\/\/yoast.com\/wordpress\/plugins\/seo\/ -->\n<title>Part Feeding Systems for Springs | Bowl Feeder for Springs<\/title>\n<meta name=\"description\" content=\"Looking for reliable spring part feeding solutions? Our systems ensure consistent part delivery, reducing downtime and improving product quality. Contact us today!\" \/>\n<meta name=\"robots\" content=\"index, follow, max-snippet:-1, max-image-preview:large, max-video-preview:-1\" \/>\n<link rel=\"canonical\" href=\"https:\/\/swoer.com\/es\/manufacturer\/part-feeding-systems-for-springs\/\" \/>\n<meta property=\"og:locale\" content=\"es_MX\" \/>\n<meta property=\"og:type\" content=\"article\" \/>\n<meta property=\"og:title\" content=\"Part Feeding Systems for Springs | Bowl Feeder for Springs\" \/>\n<meta property=\"og:description\" content=\"Looking for reliable spring part feeding solutions? Our systems ensure consistent part delivery, reducing downtime and improving product quality. Contact us today!\" \/>\n<meta property=\"og:url\" content=\"https:\/\/swoer.com\/es\/manufacturer\/part-feeding-systems-for-springs\/\" \/>\n<meta property=\"og:site_name\" content=\"SWOER\" \/>\n<meta property=\"article:modified_time\" content=\"2024-08-03T06:36:48+00:00\" \/>\n<meta property=\"og:image\" content=\"https:\/\/swoer.com\/wp-content\/uploads\/2024\/03\/springs-bowl-feeder-machine.webp\" \/>\n\t<meta property=\"og:image:width\" content=\"1000\" \/>\n\t<meta property=\"og:image:height\" content=\"1000\" \/>\n\t<meta property=\"og:image:type\" content=\"image\/webp\" \/>\n<meta name=\"twitter:card\" content=\"summary_large_image\" \/>\n<meta name=\"twitter:label1\" content=\"Tiempo de lectura\" \/>\n\t<meta name=\"twitter:data1\" content=\"2 minutos\" \/>\n<script type=\"application\/ld+json\" class=\"yoast-schema-graph\">{\"@context\":\"https:\/\/schema.org\",\"@graph\":[{\"@type\":\"WebPage\",\"@id\":\"https:\/\/swoer.com\/manufacturer\/part-feeding-systems-for-springs\/\",\"url\":\"https:\/\/swoer.com\/manufacturer\/part-feeding-systems-for-springs\/\",\"name\":\"Part Feeding Systems for Springs | Bowl Feeder for Springs\",\"isPartOf\":{\"@id\":\"https:\/\/swoer.com\/#website\"},\"primaryImageOfPage\":{\"@id\":\"https:\/\/swoer.com\/manufacturer\/part-feeding-systems-for-springs\/#primaryimage\"},\"image\":{\"@id\":\"https:\/\/swoer.com\/manufacturer\/part-feeding-systems-for-springs\/#primaryimage\"},\"thumbnailUrl\":\"https:\/\/swoer.com\/wp-content\/uploads\/2024\/03\/springs-bowl-feeder-machine.webp\",\"datePublished\":\"2024-03-30T03:32:35+00:00\",\"dateModified\":\"2024-08-03T06:36:48+00:00\",\"description\":\"Looking for reliable spring part feeding solutions? Our systems ensure consistent part delivery, reducing downtime and improving product quality. Contact us today!\",\"breadcrumb\":{\"@id\":\"https:\/\/swoer.com\/manufacturer\/part-feeding-systems-for-springs\/#breadcrumb\"},\"inLanguage\":\"es-MX\",\"potentialAction\":[{\"@type\":\"ReadAction\",\"target\":[\"https:\/\/swoer.com\/manufacturer\/part-feeding-systems-for-springs\/\"]}]},{\"@type\":\"ImageObject\",\"inLanguage\":\"es-MX\",\"@id\":\"https:\/\/swoer.com\/manufacturer\/part-feeding-systems-for-springs\/#primaryimage\",\"url\":\"https:\/\/swoer.com\/wp-content\/uploads\/2024\/03\/springs-bowl-feeder-machine.webp\",\"contentUrl\":\"https:\/\/swoer.com\/wp-content\/uploads\/2024\/03\/springs-bowl-feeder-machine.webp\",\"width\":1000,\"height\":1000,\"caption\":\"springs bowl feeder machine\"},{\"@type\":\"BreadcrumbList\",\"@id\":\"https:\/\/swoer.com\/manufacturer\/part-feeding-systems-for-springs\/#breadcrumb\",\"itemListElement\":[{\"@type\":\"ListItem\",\"position\":1,\"name\":\"Home\",\"item\":\"https:\/\/swoer.com\/\"},{\"@type\":\"ListItem\",\"position\":2,\"name\":\"Shop\",\"item\":\"https:\/\/swoer.com\/shop\/\"},{\"@type\":\"ListItem\",\"position\":3,\"name\":\"Part Feeding Systems for Springs\"}]},{\"@type\":\"WebSite\",\"@id\":\"https:\/\/swoer.com\/#website\",\"url\":\"https:\/\/swoer.com\/\",\"name\":\"SWOER\",\"description\":\"Swoer is the top 3 vibratory bowl feeder manufacturer in China\",\"potentialAction\":[{\"@type\":\"SearchAction\",\"target\":{\"@type\":\"EntryPoint\",\"urlTemplate\":\"https:\/\/swoer.com\/?s={search_term_string}\"},\"query-input\":\"required name=search_term_string\"}],\"inLanguage\":\"es-MX\"}]}<\/script>\n<!-- \/ Yoast SEO plugin. -->","yoast_head_json":{"title":"Part Feeding Systems for Springs | Bowl Feeder for Springs","description":"Looking for reliable spring part feeding solutions? Our systems ensure consistent part delivery, reducing downtime and improving product quality. Contact us today!","robots":{"index":"index","follow":"follow","max-snippet":"max-snippet:-1","max-image-preview":"max-image-preview:large","max-video-preview":"max-video-preview:-1"},"canonical":"https:\/\/swoer.com\/es\/manufacturer\/part-feeding-systems-for-springs\/","og_locale":"es_MX","og_type":"article","og_title":"Part Feeding Systems for Springs | Bowl Feeder for Springs","og_description":"Looking for reliable spring part feeding solutions? Our systems ensure consistent part delivery, reducing downtime and improving product quality. Contact us today!","og_url":"https:\/\/swoer.com\/es\/manufacturer\/part-feeding-systems-for-springs\/","og_site_name":"SWOER","article_modified_time":"2024-08-03T06:36:48+00:00","og_image":[{"width":1000,"height":1000,"url":"https:\/\/swoer.com\/wp-content\/uploads\/2024\/03\/springs-bowl-feeder-machine.webp","type":"image\/webp"}],"twitter_card":"summary_large_image","twitter_misc":{"Tiempo de lectura":"2 minutos"},"schema":{"@context":"https:\/\/schema.org","@graph":[{"@type":"WebPage","@id":"https:\/\/swoer.com\/manufacturer\/part-feeding-systems-for-springs\/","url":"https:\/\/swoer.com\/manufacturer\/part-feeding-systems-for-springs\/","name":"Part Feeding Systems for Springs | Bowl Feeder for Springs","isPartOf":{"@id":"https:\/\/swoer.com\/#website"},"primaryImageOfPage":{"@id":"https:\/\/swoer.com\/manufacturer\/part-feeding-systems-for-springs\/#primaryimage"},"image":{"@id":"https:\/\/swoer.com\/manufacturer\/part-feeding-systems-for-springs\/#primaryimage"},"thumbnailUrl":"https:\/\/swoer.com\/wp-content\/uploads\/2024\/03\/springs-bowl-feeder-machine.webp","datePublished":"2024-03-30T03:32:35+00:00","dateModified":"2024-08-03T06:36:48+00:00","description":"Looking for reliable spring part feeding solutions? Our systems ensure consistent part delivery, reducing downtime and improving product quality. Contact us today!","breadcrumb":{"@id":"https:\/\/swoer.com\/manufacturer\/part-feeding-systems-for-springs\/#breadcrumb"},"inLanguage":"es-MX","potentialAction":[{"@type":"ReadAction","target":["https:\/\/swoer.com\/manufacturer\/part-feeding-systems-for-springs\/"]}]},{"@type":"ImageObject","inLanguage":"es-MX","@id":"https:\/\/swoer.com\/manufacturer\/part-feeding-systems-for-springs\/#primaryimage","url":"https:\/\/swoer.com\/wp-content\/uploads\/2024\/03\/springs-bowl-feeder-machine.webp","contentUrl":"https:\/\/swoer.com\/wp-content\/uploads\/2024\/03\/springs-bowl-feeder-machine.webp","width":1000,"height":1000,"caption":"springs bowl feeder machine"},{"@type":"BreadcrumbList","@id":"https:\/\/swoer.com\/manufacturer\/part-feeding-systems-for-springs\/#breadcrumb","itemListElement":[{"@type":"ListItem","position":1,"name":"Home","item":"https:\/\/swoer.com\/"},{"@type":"ListItem","position":2,"name":"Shop","item":"https:\/\/swoer.com\/shop\/"},{"@type":"ListItem","position":3,"name":"Part Feeding Systems for Springs"}]},{"@type":"WebSite","@id":"https:\/\/swoer.com\/#website","url":"https:\/\/swoer.com\/","name":"SWOER","description":"Swoer is the top 3 vibratory bowl feeder manufacturer in China","potentialAction":[{"@type":"SearchAction","target":{"@type":"EntryPoint","urlTemplate":"https:\/\/swoer.com\/?s={search_term_string}"},"query-input":"required name=search_term_string"}],"inLanguage":"es-MX"}]}},"_links":{"self":[{"href":"https:\/\/swoer.com\/es\/wp-json\/wp\/v2\/product\/1730"}],"collection":[{"href":"https:\/\/swoer.com\/es\/wp-json\/wp\/v2\/product"}],"about":[{"href":"https:\/\/swoer.com\/es\/wp-json\/wp\/v2\/types\/product"}],"replies":[{"embeddable":true,"href":"https:\/\/swoer.com\/es\/wp-json\/wp\/v2\/comments?post=1730"}],"wp:featuredmedia":[{"embeddable":true,"href":"https:\/\/swoer.com\/es\/wp-json\/wp\/v2\/media\/1731"}],"wp:attachment":[{"href":"https:\/\/swoer.com\/es\/wp-json\/wp\/v2\/media?parent=1730"}],"wp:term":[{"taxonomy":"product_cat","embeddable":true,"href":"https:\/\/swoer.com\/es\/wp-json\/wp\/v2\/product_cat?post=1730"},{"taxonomy":"product_tag","embeddable":true,"href":"https:\/\/swoer.com\/es\/wp-json\/wp\/v2\/product_tag?post=1730"}],"curies":[{"name":"wp","href":"https:\/\/api.w.org\/{rel}","templated":true}]}}