{"id":1823,"date":"2024-04-02T07:05:58","date_gmt":"2024-04-02T07:05:58","guid":{"rendered":"https:\/\/lightgrey-porpoise-816575.hostingersite.com\/?page_id=1823"},"modified":"2024-12-02T17:21:30","modified_gmt":"2024-12-02T09:21:30","slug":"automatic-rivet-machine","status":"publish","type":"page","link":"https:\/\/swoer.com\/es\/automatic-rivet-machine\/","title":{"rendered":"M\u00e1quina alimentadora de tornillos autom\u00e1tica"},"content":{"rendered":"<section class=\"section\" id=\"section_772186327\">\n\t\t<div class=\"bg section-bg fill bg-fill  bg-loaded\" >\n\n\t\t\t\n\t\t\t\n\t\t\t\n\t<div class=\"is-border\"\n\t\tstyle=\"border-color:rgb(235, 235, 235);border-width:1px 0px 0px 0px;\">\n\t<\/div>\n\n\t\t<\/div>\n\n\t\t\n\n\t\t<div class=\"section-content relative\">\n\t\t\t\n<div class=\"row row-large align-middle align-center\"  id=\"row-1189072025\">\n\n\t<div id=\"col-1905683879\" class=\"col medium-6 small-12 large-6\"  >\n\t\t\t\t<div class=\"col-inner text-center\"  >\n\t\t\t\n\t\t\t\n<h2><strong><b>Fabricante de alimentadores de tornillo autom\u00e1ticos<\/b><\/strong><\/h2>\n<p style=\"text-align: left;\">SWOER, especializado en la industria de remachado y fijaci\u00f3n desde hace m\u00e1s de una d\u00e9cada, es un nombre confiable en soluciones de fijaci\u00f3n automatizadas.<\/p>\n<p style=\"text-align: left;\">Los alimentadores autom\u00e1ticos de tornillos SWOER, dise\u00f1ados por CN SWOER CO., LTD, revolucionaron el proceso de remachado al manipular autom\u00e1ticamente los remaches. El uso de esta tecnolog\u00eda puede ahorrarle a su empresa m\u00e1s de 30% en costos de mano de obra.<\/p>\n<p style=\"text-align: left;\">A diferencia de las remachadoras autom\u00e1ticas est\u00e1ndar, la m\u00e1quina SWOER ofrece una soluci\u00f3n totalmente automatizada. Atr\u00e1s quedaron los d\u00edas de cargar remaches manualmente o controlar la posici\u00f3n de la boquilla; Nuestra m\u00e1quina se encarga de todo. Utilizando aire comprimido, transporta sin esfuerzo los remaches hasta la boquilla a trav\u00e9s de una tuber\u00eda. Con la remachadora autom\u00e1tica SWOER, la extracci\u00f3n manual de remaches se convierte en una cosa del pasado, lo que marca el comienzo de una nueva era de automatizaci\u00f3n en la industria de la fijaci\u00f3n.<\/p>\n\t\t<\/div>\n\t\t\t\t\t<\/div>\n\n\t\n\n\t<div id=\"col-680138362\" class=\"col medium-6 small-12 large-6\"  >\n\t\t\t\t<div class=\"col-inner box-shadow-2 box-shadow-5-hover\" style=\"background-color:rgb(255, 255, 255);\" >\n\t\t\t\n\t\t\t\n\t<div class=\"img has-hover x md-x lg-x y md-y lg-y\" id=\"image_884432834\">\n\t\t\t\t\t\t\t\t<div class=\"img-inner image-cover dark\" style=\"padding-top:75%;\">\n\t\t\t<img loading=\"lazy\" decoding=\"async\" width=\"554\" height=\"412\" src=\"https:\/\/swoer.com\/wp-content\/uploads\/2024\/04\/automatic-rivet-guns.webp\" class=\"attachment-original size-original\" alt=\"pistolas remachadoras autom\u00e1ticas\" srcset=\"https:\/\/swoer.com\/wp-content\/uploads\/2024\/04\/automatic-rivet-guns.webp 554w, https:\/\/swoer.com\/wp-content\/uploads\/2024\/04\/automatic-rivet-guns-300x223.webp 300w\" sizes=\"(max-width: 554px) 100vw, 554px\" \/>\t\t\t\t\t\t\n\t\t\t\t\t<\/div>\n\t\t\t\t\t\t\t\t\n<style>\n#image_884432834 {\n  width: 100%;\n}\n<\/style>\n\t<\/div>\n\t\n<a href=\"https:\/\/swoer.com\/es\/contact\/\" target=\"_self\" class=\"button primary\"  style=\"border-radius:99px;\">\n    <span>Cont\u00e1ctenos<\/span>\n  <\/a>\n\n\t\t<\/div>\n\t\t\t\t\n<style>\n#col-680138362 > .col-inner {\n  padding: 15px 15px 15px 15px;\n}\n<\/style>\n\t<\/div>\n\n\t\n<\/div>\n\t\t<\/div>\n\n\t\t\n<style>\n#section_772186327 {\n  padding-top: 59px;\n  padding-bottom: 59px;\n  min-height: 300px;\n  background-color: rgb(228, 228, 228);\n}\n#section_772186327 .ux-shape-divider--top svg {\n  height: 150px;\n  --divider-top-width: 100%;\n}\n#section_772186327 .ux-shape-divider--bottom svg {\n  height: 150px;\n  --divider-width: 100%;\n}\n<\/style>\n\t<\/section>\n\t\n\t<section class=\"section\" id=\"section_2101673415\">\n\t\t<div class=\"bg section-bg fill bg-fill  bg-loaded\" >\n\n\t\t\t\n\t\t\t\n\t\t\t\n\n\t\t<\/div>\n\n\t\t\n\n\t\t<div class=\"section-content relative\">\n\t\t\t\n<h2 style=\"text-align: center;\"><strong><b>M\u00e1quina alimentadora de tornillos autom\u00e1tica <\/b><\/strong><strong><b>PAG<\/b><\/strong><strong><b>producto <\/b><\/strong><strong><b>C<\/b><\/strong><strong><b>composici\u00f3n<\/b><\/strong><\/h2>\n<p style=\"text-align: center;\">La m\u00e1quina alimentadora de tornillos autom\u00e1tica SWOER est\u00e1 compuesta por una m\u00e1quina anfitriona y un conjunto de pistola remachadora.<\/p>\n<div class=\"row\"  id=\"row-683302531\">\n\n\t<div id=\"col-14048965\" class=\"col medium-6 small-12 large-6\"  >\n\t\t\t\t<div class=\"col-inner\"  >\n\t\t\t\n\t\t\t\n\t<div class=\"img has-hover x md-x lg-x y md-y lg-y\" id=\"image_655090166\">\n\t\t\t\t\t\t\t\t<div class=\"img-inner dark\" >\n\t\t\t<img loading=\"lazy\" decoding=\"async\" width=\"554\" height=\"275\" src=\"https:\/\/swoer.com\/wp-content\/uploads\/2024\/04\/automatic-rivet-machine.webp\" class=\"attachment-original size-original\" alt=\"m\u00e1quina remachadora autom\u00e1tica\" srcset=\"https:\/\/swoer.com\/wp-content\/uploads\/2024\/04\/automatic-rivet-machine.webp 554w, https:\/\/swoer.com\/wp-content\/uploads\/2024\/04\/automatic-rivet-machine-300x149.webp 300w\" sizes=\"(max-width: 554px) 100vw, 554px\" \/>\t\t\t\t\t\t\n\t\t\t\t\t<\/div>\n\t\t\t\t\t\t\t\t\n<style>\n#image_655090166 {\n  width: 98%;\n}\n<\/style>\n\t<\/div>\n\t\n<p><strong>La computadora principal incluye un sistema de movimiento de la m\u00e1quina, un sistema de control de la m\u00e1quina y un sistema de detecci\u00f3n.<\/strong><\/p>\n<p>La funci\u00f3n del sistema de movimiento de la m\u00e1quina es organizar los remaches desde que se disponen de manera desordenada hasta que se separan en secuencia y entregar los remaches a la boquilla de la remachadora uno por uno en una direcci\u00f3n determinada; El sistema de control de la m\u00e1quina debe controlar las acciones establecidas de cada componente de la m\u00e1quina. Operaci\u00f3n; El sistema de detecci\u00f3n es para detectar si la m\u00e1quina est\u00e1 funcionando de manera estable de acuerdo con el programa establecido.<\/p>\n\t\t<\/div>\n\t\t\t\t\t<\/div>\n\n\t\n\n\t<div id=\"col-1846441521\" class=\"col medium-6 small-12 large-6\"  >\n\t\t\t\t<div class=\"col-inner\"  >\n\t\t\t\n\t\t\t\n\t<div class=\"img has-hover x md-x lg-x y md-y lg-y\" id=\"image_1182314277\">\n\t\t\t\t\t\t\t\t<div class=\"img-inner dark\" >\n\t\t\t<img loading=\"lazy\" decoding=\"async\" width=\"554\" height=\"275\" src=\"https:\/\/swoer.com\/wp-content\/uploads\/2024\/04\/Automatic-nail-pulling-machine-factory-line.webp\" class=\"attachment-original size-original\" alt=\"L\u00ednea de f\u00e1brica de m\u00e1quinas extractoras de clavos autom\u00e1ticas\" srcset=\"https:\/\/swoer.com\/wp-content\/uploads\/2024\/04\/Automatic-nail-pulling-machine-factory-line.webp 554w, https:\/\/swoer.com\/wp-content\/uploads\/2024\/04\/Automatic-nail-pulling-machine-factory-line-300x149.webp 300w\" sizes=\"(max-width: 554px) 100vw, 554px\" \/>\t\t\t\t\t\t\n\t\t\t\t\t<\/div>\n\t\t\t\t\t\t\t\t\n<style>\n#image_1182314277 {\n  width: 100%;\n}\n<\/style>\n\t<\/div>\n\t\n<p><strong>El conjunto de pistola remachadora se compone de una pistola remachadora, un mecanismo receptor de remaches y un mecanismo de recogida y salida de se\u00f1ales.<\/strong><\/p>\n<p>La remachadora es fundamental para remachar, ya sea manual o autom\u00e1tico. Controlado por la computadora host, el mecanismo receptor de remaches carga los remaches desde la tuber\u00eda hasta la boquilla de remache, una tecnolog\u00eda central de la remachadora autom\u00e1tica. Adem\u00e1s, el mecanismo de recogida y salida de se\u00f1ales inicia el funcionamiento de la m\u00e1quina recogiendo y emitiendo se\u00f1ales.<\/p>\n\t\t<\/div>\n\t\t\t\t\t<\/div>\n\n\t\n<\/div>\n\t\t<\/div>\n\n\t\t\n<style>\n#section_2101673415 {\n  padding-top: 30px;\n  padding-bottom: 30px;\n}\n#section_2101673415 .ux-shape-divider--top svg {\n  height: 150px;\n  --divider-top-width: 100%;\n}\n#section_2101673415 .ux-shape-divider--bottom svg {\n  height: 150px;\n  --divider-width: 100%;\n}\n<\/style>\n\t<\/section>\n\t\n\t<section class=\"section\" id=\"section_1778317830\">\n\t\t<div class=\"bg section-bg fill bg-fill  bg-loaded\" >\n\n\t\t\t\n\t\t\t\n\t\t\t\n\n\t\t<\/div>\n\n\t\t\n\n\t\t<div class=\"section-content relative\">\n\t\t\t\n<h2 style=\"text-align: center;\"><strong><b>Auto <\/b><\/strong><strong><b>remachar <\/b><\/strong><strong><b>METRO<\/b><\/strong><strong><b>dolorido<\/b><\/strong><strong><b>\u00a0S<\/b><\/strong><strong><b>especificaciones<\/b><\/strong><\/h2>\n<table>\n<tbody>\n<tr>\n<td width=\"85\">Especificaci\u00f3n<\/td>\n<td width=\"89\">Dimensi\u00f3n<\/p>\n<p>(mm)<\/td>\n<td width=\"67\">Voltaje<\/td>\n<td width=\"62\">Presi\u00f3n de aire de trabajo<\/td>\n<td width=\"54\">Peso<\/td>\n<td width=\"77\">Velocidad de suministro de clavos (grano\/min)<\/td>\n<td width=\"85\">Especificaci\u00f3n m\u00e1xima de u\u00f1as<\/td>\n<td width=\"45\">Ruido (dB)<\/td>\n<\/tr>\n<tr>\n<td width=\"85\">SW-MDJ-240<\/td>\n<td width=\"89\">440*350*420<\/td>\n<td width=\"67\">220<\/td>\n<td width=\"62\">3.2<\/td>\n<td width=\"54\">40<\/td>\n<td width=\"77\">40-60<\/td>\n<td width=\"85\">3.4\u2264d&lt;3<\/td>\n<td width=\"45\">40<\/td>\n<\/tr>\n<tr>\n<td width=\"85\">SW-MDJ-300<\/td>\n<td width=\"89\">440*350*420<\/td>\n<td width=\"67\">220<\/td>\n<td width=\"62\">3.4<\/td>\n<td width=\"54\">46<\/td>\n<td width=\"77\">40-55<\/td>\n<td width=\"85\">3\u2264d\u22643.2<\/td>\n<td width=\"45\">40<\/td>\n<\/tr>\n<tr>\n<td width=\"85\">SW-MDJ-320<\/td>\n<td width=\"89\">440*350*420<\/td>\n<td width=\"67\">220<\/td>\n<td width=\"62\">3.6<\/td>\n<td width=\"54\">50<\/td>\n<td width=\"77\">40-50<\/td>\n<td width=\"85\">3,2\u2264d&lt;3,7<\/td>\n<td width=\"45\">40<\/td>\n<\/tr>\n<tr>\n<td width=\"85\">SW-MDJ-400<\/td>\n<td width=\"89\">440*350*420<\/td>\n<td width=\"67\">220<\/td>\n<td width=\"62\">3.8<\/td>\n<td width=\"54\">56<\/td>\n<td width=\"77\">40<\/td>\n<td width=\"85\">3,7\u2264d\u22644,4<\/td>\n<td width=\"45\">40<\/td>\n<\/tr>\n<tr>\n<td width=\"85\">SW-MDJ-480<\/td>\n<td width=\"89\">440*350*420<\/td>\n<td width=\"67\">220<\/td>\n<td width=\"62\">4<\/td>\n<td width=\"54\">58<\/td>\n<td width=\"77\">35-40<\/td>\n<td width=\"85\">4,5\u2264d\u22645,0<\/td>\n<td width=\"45\">40<\/td>\n<\/tr>\n<\/tbody>\n<\/table>\n<p><strong><b>Nota:<\/b><\/strong>\u00a0El modelo espec\u00edfico debe determinarse de acuerdo con las especificaciones reales del remache. Esta tabla es s\u00f3lo para referencia.<\/p>\n\t\t<\/div>\n\n\t\t\n<style>\n#section_1778317830 {\n  padding-top: 30px;\n  padding-bottom: 30px;\n}\n#section_1778317830 .ux-shape-divider--top svg {\n  height: 150px;\n  --divider-top-width: 100%;\n}\n#section_1778317830 .ux-shape-divider--bottom svg {\n  height: 150px;\n  --divider-width: 100%;\n}\n<\/style>\n\t<\/section>\n\t\n\t<section class=\"section\" id=\"section_1146354296\">\n\t\t<div class=\"bg section-bg fill bg-fill  bg-loaded\" >\n\n\t\t\t\n\t\t\t\n\t\t\t\n\n\t\t<\/div>\n\n\t\t\n\n\t\t<div class=\"section-content relative\">\n\t\t\t\n<h2 style=\"text-align: center;\"><strong><b>JUGAR <\/b><\/strong><strong><b>R<\/b><\/strong><strong><b>ivet<\/b><\/strong><strong><b>En g<\/b><\/strong><strong><b>\u00a0<\/b><\/strong><strong><b>METRO<\/b><\/strong><strong><b>dolorido <\/b><\/strong><strong><b>W.<\/b><\/strong><strong><b>trabajando <\/b><\/strong><strong><b>PAG<\/b><\/strong><strong><b>principio y <\/b><\/strong><strong><b>F<\/b><\/strong><strong><b>unci\u00f3n<\/b><\/strong><\/h2>\n<h3><strong><b>Principio:<\/b><\/strong><\/h3>\n<p>Los remaches son aspirados hacia la boquilla de la pistola de remachar confiando en la presi\u00f3n negativa en la boquilla de la pistola de remachar; La remachadora autom\u00e1tica SWOER es una versi\u00f3n automatizada de la remachadora autom\u00e1tica.<\/p>\n<p>Se basa en una m\u00e1quina para colocar y separar autom\u00e1ticamente los remaches y utiliza aire comprimido como energ\u00eda para transportar autom\u00e1ticamente los remaches a la boquilla de la remachadora a trav\u00e9s de tuber\u00edas.<\/p>\n<h3><strong><b>Funci\u00f3n:<\/b><\/strong><\/h3>\n<p>Con la m\u00e1quina extractora de clavos autom\u00e1tica SWOER se pueden realizar tareas arduas que dependen en gran medida de manos de trabajadores cualificados.<\/p>\n<p>Las operaciones manuales de extracci\u00f3n de clavos se pueden actualizar a operaciones automatizadas o no tripuladas.<\/p>\n<h3><strong><b>Efecto:<\/b><\/strong><\/h3>\n<ol>\n<li><strong><b> Salva trabajadores y facilita la gesti\u00f3n<\/b><\/strong><\/li>\n<\/ol>\n<p>La velocidad para sacar clavos es r\u00e1pida, una persona puede hacer el trabajo de dos personas y hay menos trabajadores, lo que reduce los costos de gesti\u00f3n o los salarios.<\/p>\n<ol start=\"2\">\n<li><strong><b> Alta eficiencia y ahorro de costes.<\/b><\/strong><\/li>\n<\/ol>\n<p>No es necesario sacar los remaches a mano, ahorrando tiempo al clavar. La producci\u00f3n aumenta en comparaci\u00f3n con la original, la producci\u00f3n diaria se completa antes de lo previsto y el volumen de producci\u00f3n se reduce. No m\u00e1s horas extras durante las horas de trabajo de corta duraci\u00f3n.<\/p>\n<ol start=\"3\">\n<li><strong><b> S\u00faper limpio y de buena calidad.<\/b><\/strong><\/li>\n<\/ol>\n<p>El remache se env\u00eda autom\u00e1ticamente a la boquilla de la pistola. No es necesario tomarlo con la mano, lo que reduce la contaminaci\u00f3n secundaria; Sostenga el producto con la mano izquierda, no hay necesidad de preocuparse. Las posiciones de los orificios son desiguales, lo que resulta en una producci\u00f3n reducida o un retrabajo secundario.<\/p>\n<ol start=\"4\">\n<li><strong><b> No hace falta cogerlo con la mano, m\u00e1s f\u00e1cil<\/b><\/strong><\/li>\n<\/ol>\n<p>La mano izquierda no necesita trabajar y puede sostener el producto, lo que reduce en gran medida la intensidad laboral de los trabajadores.<\/p>\n<ol start=\"5\">\n<li><strong><b> No es necesario tener experiencia, es f\u00e1cil de aprender.<\/b><\/strong><\/li>\n<\/ol>\n<p>Puede ser operado tanto por manos experimentadas como con experiencia y no se requiere capacitaci\u00f3n. Pueden empezar a trabajar inmediatamente; No hay necesidad de preocuparse por la p\u00e9rdida de producci\u00f3n por parte de manos experimentadas.<\/p>\n\t\t<\/div>\n\n\t\t\n<style>\n#section_1146354296 {\n  padding-top: 30px;\n  padding-bottom: 30px;\n}\n#section_1146354296 .ux-shape-divider--top svg {\n  height: 150px;\n  --divider-top-width: 100%;\n}\n#section_1146354296 .ux-shape-divider--bottom svg {\n  height: 150px;\n  --divider-width: 100%;\n}\n<\/style>\n\t<\/section>\n\t\n\t<section class=\"section\" id=\"section_121938163\">\n\t\t<div class=\"bg section-bg fill bg-fill  bg-loaded\" >\n\n\t\t\t\n\t\t\t\n\t\t\t\n\n\t\t<\/div>\n\n\t\t\n\n\t\t<div class=\"section-content relative\">\n\t\t\t\n<h2 style=\"text-align: center;\"><strong><b>\u00c1mbito de aplicaci\u00f3n de <\/b><\/strong><strong><b>A<\/b><\/strong><strong><b>aplicaci\u00f3n de <\/b><\/strong><strong><b>La u\u00f1a<\/b><\/strong><\/h2>\n\t<div class=\"img has-hover x md-x lg-x y md-y lg-y\" id=\"image_23673559\">\n\t\t\t\t\t\t\t\t<div class=\"img-inner dark\" >\n\t\t\t<img loading=\"lazy\" decoding=\"async\" width=\"553\" height=\"156\" src=\"https:\/\/swoer.com\/wp-content\/uploads\/2024\/04\/Scope-of-Application-of-The-Nail.webp\" class=\"attachment-original size-original\" alt=\"\u00c1mbito de aplicaci\u00f3n de la u\u00f1a\" srcset=\"https:\/\/swoer.com\/wp-content\/uploads\/2024\/04\/Scope-of-Application-of-The-Nail.webp 553w, https:\/\/swoer.com\/wp-content\/uploads\/2024\/04\/Scope-of-Application-of-The-Nail-300x85.webp 300w\" sizes=\"(max-width: 553px) 100vw, 553px\" \/>\t\t\t\t\t\t\n\t\t\t\t\t<\/div>\n\t\t\t\t\t\t\t\t\n<style>\n#image_23673559 {\n  width: 100%;\n}\n<\/style>\n\t<\/div>\n\t\n<table>\n<tbody>\n<tr>\n<td colspan=\"3\" width=\"568\">\n<h4 style=\"text-align: center;\"><strong>Rango de aplicaci\u00f3n del remache (Unidad: mm)<\/strong><\/h4>\n<\/td>\n<\/tr>\n<tr>\n<td width=\"189\">C\u00f3digo de nombre<\/td>\n<td width=\"189\">Tama\u00f1o m\u00ednimo<\/td>\n<td width=\"189\">Tama\u00f1o m\u00e1ximo<\/td>\n<\/tr>\n<tr>\n<td width=\"189\">Di\u00e1metro del tubo de remache A<\/td>\n<td width=\"189\">2.4<\/td>\n<td width=\"189\">4.8<\/td>\n<\/tr>\n<tr>\n<td width=\"189\">Longitud del tubo de remache B<\/td>\n<td width=\"189\">2<\/td>\n<td width=\"189\">15<\/td>\n<\/tr>\n<tr>\n<td width=\"189\">Di\u00e1metro del ala del sombrero C<\/td>\n<td width=\"189\">4<\/td>\n<td width=\"189\">9.5<\/td>\n<\/tr>\n<tr>\n<td width=\"189\">Di\u00e1metro del n\u00facleo de tracci\u00f3n D<\/td>\n<td width=\"189\">1.4<\/td>\n<td width=\"189\">3<\/td>\n<\/tr>\n<tr>\n<td width=\"189\">Longitud del n\u00facleo de tracci\u00f3n E<\/td>\n<td width=\"189\">24<\/td>\n<td width=\"189\">36<\/td>\n<\/tr>\n<tr>\n<td width=\"189\">Longitud total del remache F<\/td>\n<td width=\"189\">28<\/td>\n<td width=\"189\">48<\/td>\n<\/tr>\n<\/tbody>\n<\/table>\n<p><strong><b>Nota:<\/b><\/strong><\/p>\n<ol>\n<li>Las dimensiones exteriores de los remaches deben cumplir este rango.<\/li>\n<li>Algunos remaches especiales: cuando la longitud del tubo de remachado es superior a 13 mm, la longitud del n\u00facleo debe ser superior a 28 mm; cuando la longitud del tubo de remachado es igual a 17 mm, la longitud del n\u00facleo no debe ser inferior a 26 mm.<\/li>\n<li>Requisitos del tipo de remache: Los remaches de acero inoxidable requieren baja pureza, mientras que otros remaches, como los clavos de hierro y los clavos de acero, no tienen requisitos.<\/li>\n<\/ol>\n\t\t<\/div>\n\n\t\t\n<style>\n#section_121938163 {\n  padding-top: 30px;\n  padding-bottom: 30px;\n}\n#section_121938163 .ux-shape-divider--top svg {\n  height: 150px;\n  --divider-top-width: 100%;\n}\n#section_121938163 .ux-shape-divider--bottom svg {\n  height: 150px;\n  --divider-width: 100%;\n}\n<\/style>\n\t<\/section>\n\t\n\t<section class=\"section\" id=\"section_610742182\">\n\t\t<div class=\"bg section-bg fill bg-fill  bg-loaded\" >\n\n\t\t\t\n\t\t\t\n\t\t\t\n\n\t\t<\/div>\n\n\t\t\n\n\t\t<div class=\"section-content relative\">\n\t\t\t\n<h2 style=\"text-align: center;\"><strong><b>Campo de aplicaci\u00f3n<\/b><\/strong><\/h2>\n<p>La remachadora autom\u00e1tica SWOER es adecuada para operaciones de remachado que consisten en conectar dos o m\u00e1s capas de paneles de diversos materiales y espesores a trav\u00e9s de remaches. Es ampliamente utilizado en chasis, gabinetes, iluminaci\u00f3n, autom\u00f3viles, barcos, aviones, peque\u00f1os electrodom\u00e9sticos, operaciones de extracci\u00f3n de clavos en servidores, hornos el\u00e9ctricos, hornos microondas, envasado de licores y otras industrias.<\/p>\n\t<div class=\"img has-hover x md-x lg-x y md-y lg-y\" id=\"image_1667969759\">\n\t\t\t\t\t\t\t\t<div class=\"img-inner dark\" >\n\t\t\t<img loading=\"lazy\" decoding=\"async\" width=\"553\" height=\"212\" src=\"https:\/\/swoer.com\/wp-content\/uploads\/2024\/04\/automatic-riveting-machine-application-field.webp\" class=\"attachment-original size-original\" alt=\"campo de aplicaci\u00f3n de la m\u00e1quina remachadora autom\u00e1tica\" srcset=\"https:\/\/swoer.com\/wp-content\/uploads\/2024\/04\/automatic-riveting-machine-application-field.webp 553w, https:\/\/swoer.com\/wp-content\/uploads\/2024\/04\/automatic-riveting-machine-application-field-300x115.webp 300w\" sizes=\"(max-width: 553px) 100vw, 553px\" \/>\t\t\t\t\t\t\n\t\t\t\t\t<\/div>\n\t\t\t\t\t\t\t\t\n<style>\n#image_1667969759 {\n  width: 100%;\n}\n<\/style>\n\t<\/div>\n\t\n\t\t<\/div>\n\n\t\t\n<style>\n#section_610742182 {\n  padding-top: 30px;\n  padding-bottom: 30px;\n}\n#section_610742182 .ux-shape-divider--top svg {\n  height: 150px;\n  --divider-top-width: 100%;\n}\n#section_610742182 .ux-shape-divider--bottom svg {\n  height: 150px;\n  --divider-width: 100%;\n}\n<\/style>\n\t<\/section>","protected":false},"excerpt":{"rendered":"","protected":false},"author":1,"featured_media":0,"parent":0,"menu_order":0,"comment_status":"closed","ping_status":"closed","template":"","meta":{"footnotes":""},"yoast_head":"<!-- This site is optimized with the Yoast SEO plugin v22.2 - https:\/\/yoast.com\/wordpress\/plugins\/seo\/ -->\n<title>Auto Screw Feeder Machine - SWOER<\/title>\n<meta name=\"description\" content=\"Swoer is a professional manufacturer of auto screw feeder machine.\" \/>\n<meta name=\"robots\" content=\"index, follow, max-snippet:-1, max-image-preview:large, max-video-preview:-1\" \/>\n<link rel=\"canonical\" href=\"https:\/\/swoer.com\/es\/automatic-rivet-machine\/\" \/>\n<meta property=\"og:locale\" content=\"es_MX\" \/>\n<meta property=\"og:type\" content=\"article\" \/>\n<meta property=\"og:title\" content=\"Auto Screw Feeder Machine - SWOER\" \/>\n<meta property=\"og:description\" content=\"Swoer is a professional manufacturer of auto screw feeder machine.\" \/>\n<meta property=\"og:url\" content=\"https:\/\/swoer.com\/es\/automatic-rivet-machine\/\" \/>\n<meta property=\"og:site_name\" content=\"SWOER\" \/>\n<meta property=\"article:modified_time\" content=\"2024-12-02T09:21:30+00:00\" \/>\n<meta name=\"twitter:card\" content=\"summary_large_image\" \/>\n<meta name=\"twitter:label1\" content=\"Tiempo de lectura\" \/>\n\t<meta name=\"twitter:data1\" content=\"5 minutos\" \/>\n<script type=\"application\/ld+json\" class=\"yoast-schema-graph\">{\"@context\":\"https:\/\/schema.org\",\"@graph\":[{\"@type\":\"WebPage\",\"@id\":\"https:\/\/swoer.com\/automatic-rivet-machine\/\",\"url\":\"https:\/\/swoer.com\/automatic-rivet-machine\/\",\"name\":\"Auto Screw Feeder Machine - SWOER\",\"isPartOf\":{\"@id\":\"https:\/\/swoer.com\/#website\"},\"datePublished\":\"2024-04-02T07:05:58+00:00\",\"dateModified\":\"2024-12-02T09:21:30+00:00\",\"description\":\"Swoer is a professional manufacturer of auto screw feeder machine.\",\"breadcrumb\":{\"@id\":\"https:\/\/swoer.com\/automatic-rivet-machine\/#breadcrumb\"},\"inLanguage\":\"es-MX\",\"potentialAction\":[{\"@type\":\"ReadAction\",\"target\":[\"https:\/\/swoer.com\/automatic-rivet-machine\/\"]}]},{\"@type\":\"BreadcrumbList\",\"@id\":\"https:\/\/swoer.com\/automatic-rivet-machine\/#breadcrumb\",\"itemListElement\":[{\"@type\":\"ListItem\",\"position\":1,\"name\":\"Home\",\"item\":\"https:\/\/swoer.com\/\"},{\"@type\":\"ListItem\",\"position\":2,\"name\":\"Auto Screw Feeder Machine\"}]},{\"@type\":\"WebSite\",\"@id\":\"https:\/\/swoer.com\/#website\",\"url\":\"https:\/\/swoer.com\/\",\"name\":\"SWOER\",\"description\":\"Swoer is the top 3 vibratory bowl feeder manufacturer in China\",\"potentialAction\":[{\"@type\":\"SearchAction\",\"target\":{\"@type\":\"EntryPoint\",\"urlTemplate\":\"https:\/\/swoer.com\/?s={search_term_string}\"},\"query-input\":\"required name=search_term_string\"}],\"inLanguage\":\"es-MX\"}]}<\/script>\n<!-- \/ Yoast SEO plugin. -->","yoast_head_json":{"title":"Auto Screw Feeder Machine - SWOER","description":"Swoer is a professional manufacturer of auto screw feeder machine.","robots":{"index":"index","follow":"follow","max-snippet":"max-snippet:-1","max-image-preview":"max-image-preview:large","max-video-preview":"max-video-preview:-1"},"canonical":"https:\/\/swoer.com\/es\/automatic-rivet-machine\/","og_locale":"es_MX","og_type":"article","og_title":"Auto Screw Feeder Machine - SWOER","og_description":"Swoer is a professional manufacturer of auto screw feeder machine.","og_url":"https:\/\/swoer.com\/es\/automatic-rivet-machine\/","og_site_name":"SWOER","article_modified_time":"2024-12-02T09:21:30+00:00","twitter_card":"summary_large_image","twitter_misc":{"Tiempo de lectura":"5 minutos"},"schema":{"@context":"https:\/\/schema.org","@graph":[{"@type":"WebPage","@id":"https:\/\/swoer.com\/automatic-rivet-machine\/","url":"https:\/\/swoer.com\/automatic-rivet-machine\/","name":"Auto Screw Feeder Machine - SWOER","isPartOf":{"@id":"https:\/\/swoer.com\/#website"},"datePublished":"2024-04-02T07:05:58+00:00","dateModified":"2024-12-02T09:21:30+00:00","description":"Swoer is a professional manufacturer of auto screw feeder machine.","breadcrumb":{"@id":"https:\/\/swoer.com\/automatic-rivet-machine\/#breadcrumb"},"inLanguage":"es-MX","potentialAction":[{"@type":"ReadAction","target":["https:\/\/swoer.com\/automatic-rivet-machine\/"]}]},{"@type":"BreadcrumbList","@id":"https:\/\/swoer.com\/automatic-rivet-machine\/#breadcrumb","itemListElement":[{"@type":"ListItem","position":1,"name":"Home","item":"https:\/\/swoer.com\/"},{"@type":"ListItem","position":2,"name":"Auto Screw Feeder Machine"}]},{"@type":"WebSite","@id":"https:\/\/swoer.com\/#website","url":"https:\/\/swoer.com\/","name":"SWOER","description":"Swoer is the top 3 vibratory bowl feeder manufacturer in China","potentialAction":[{"@type":"SearchAction","target":{"@type":"EntryPoint","urlTemplate":"https:\/\/swoer.com\/?s={search_term_string}"},"query-input":"required name=search_term_string"}],"inLanguage":"es-MX"}]}},"_links":{"self":[{"href":"https:\/\/swoer.com\/es\/wp-json\/wp\/v2\/pages\/1823"}],"collection":[{"href":"https:\/\/swoer.com\/es\/wp-json\/wp\/v2\/pages"}],"about":[{"href":"https:\/\/swoer.com\/es\/wp-json\/wp\/v2\/types\/page"}],"author":[{"embeddable":true,"href":"https:\/\/swoer.com\/es\/wp-json\/wp\/v2\/users\/1"}],"replies":[{"embeddable":true,"href":"https:\/\/swoer.com\/es\/wp-json\/wp\/v2\/comments?post=1823"}],"version-history":[{"count":15,"href":"https:\/\/swoer.com\/es\/wp-json\/wp\/v2\/pages\/1823\/revisions"}],"predecessor-version":[{"id":2952,"href":"https:\/\/swoer.com\/es\/wp-json\/wp\/v2\/pages\/1823\/revisions\/2952"}],"wp:attachment":[{"href":"https:\/\/swoer.com\/es\/wp-json\/wp\/v2\/media?parent=1823"}],"curies":[{"name":"wp","href":"https:\/\/api.w.org\/{rel}","templated":true}]}}