{"id":3334,"date":"2025-04-24T09:39:19","date_gmt":"2025-04-24T01:39:19","guid":{"rendered":"https:\/\/swoer.com\/?post_type=product&#038;p=3334"},"modified":"2025-04-24T16:42:12","modified_gmt":"2025-04-24T08:42:12","slug":"bowl-feeder-manufacturers-uk","status":"publish","type":"product","link":"https:\/\/swoer.com\/de\/manufacturer\/bowl-feeder-manufacturers-uk\/","title":{"rendered":"Hersteller von Sch\u00fcsself\u00f6rderern in Gro\u00dfbritannien | Lieferant von Vibrationssch\u00fcsself\u00f6rderern"},"content":{"rendered":"<h2>Vorteile der SWOER Custom Bowl Feeder<\/h2>\n<ul>\n<li><strong>Ma\u00dfgeschneidert f\u00fcr Ihre Teile<\/strong><br \/>\nWir entwerfen jeden Sch\u00fcsself\u00f6rderer so, dass er zur Gr\u00f6\u00dfe, Form und F\u00f6rderrichtung Ihres Produkts passt.<\/li>\n<li><strong>Schnelle Lieferzeit<\/strong><br \/>\nDank unserer effizienten Produktion erhalten Sie Ihren individuellen Sch\u00fcsself\u00f6rderer in nur 1\u20132 Wochen.<\/li>\n<li><strong>Pr\u00e4zise und stabile F\u00fctterung<\/strong><br \/>\nUnsere Zuf\u00fchrger\u00e4te laufen reibungslos und zuverl\u00e4ssig und verarbeiten pr\u00e4zise bis zu 500 Teile pro Minute.<\/li>\n<li><strong>\u00dcber 10 Jahre Erfahrung<\/strong><br \/>\nKunden auf der ganzen Welt vertrauen uns und wir bauen seit mehr als einem Jahrzehnt zuverl\u00e4ssige Sch\u00fcsself\u00f6rderer.<\/li>\n<li><strong>Kompaktes Design<\/strong><br \/>\nPlatzsparende L\u00f6sungen eignen sich perfekt f\u00fcr automatisierte Produktionslinien.<\/li>\n<li><strong>Britische Unternehmen vertrauen uns<\/strong><br \/>\nWir beliefern Automatisierungsunternehmen und Hersteller im gesamten Vereinigten K\u00f6nigreich mit hochwertigen Feedern.<\/li>\n<li><strong>Passend f\u00fcr viele Branchen<\/strong><br \/>\nIdeal f\u00fcr den Einsatz in der Automobil-, Elektronik-, Medizinger\u00e4te-, Kunststoff- und mehrindustrie.<\/li>\n<\/ul>\n\t<div id=\"gap-1219477985\" class=\"gap-element clearfix\" style=\"display:block; height:auto;\">\n\t\t\n<style>\n#gap-1219477985 {\n  padding-top: 30px;\n}\n<\/style>\n\t<\/div>\n\t\n<h2>Benutzerdefinierte Optionen zur Best\u00e4tigung mit dem SWOER-Hersteller<\/h2>\n<ol>\n<li><strong>Teilespezifikationen<\/strong><br \/>\n\u201eBitte stellen Sie Teilezeichnungen oder Muster mit Angaben zu Abmessungen, Material und Gewicht zur Verf\u00fcgung.\u201c<\/li>\n<li><strong>F\u00fctterungsrichtung und -ausrichtung<\/strong><br \/>\n\u201eBest\u00e4tigen Sie die erforderliche Teileausrichtung und Zuf\u00fchrrichtung (z. B. stehend, liegend, nach oben gerichtet).\u201c<\/li>\n<li><strong>Anforderungen an die Vorschubgeschwindigkeit<\/strong><br \/>\n\u201eGeben Sie die gew\u00fcnschte F\u00f6rderleistung (Teile pro Minute) an.\u201c<\/li>\n<li><strong>Sch\u00fcsselgr\u00f6\u00dfe und Fassungsverm\u00f6gen<\/strong><br \/>\n\u201eBest\u00e4tigen Sie den erwarteten Sch\u00fcsseldurchmesser und das Volumen basierend auf Ihrer Teilegr\u00f6\u00dfe und -menge.\u201c<\/li>\n<li><strong>Maschinenlayout und Platzbeschr\u00e4nkungen<\/strong><br \/>\n\u201eTeilen Sie Ihren verf\u00fcgbaren Platz und Ihr Integrationslayout mit, um eine optimale Passform sicherzustellen.\u201c<\/li>\n<li><strong>Stromversorgung<\/strong><br \/>\n\u201eBitte Spannung und Frequenz angeben (z. B. 220 V\/50 Hz oder 110 V\/60 Hz).\u201c<\/li>\n<li><strong>L\u00e4rmanforderungen<\/strong><br \/>\n\u201eTeilen Sie uns mit, wenn Sie Einschr\u00e4nkungen hinsichtlich des Ger\u00e4uschpegels haben oder Schallschutzkabinen ben\u00f6tigen.\u201c<\/li>\n<li><strong>Oberfl\u00e4chenbehandlung oder Beschichtung<\/strong><br \/>\n\u201eWenn Verschlei\u00dfschutz-, Antistatik- oder Spezialbeschichtungen ben\u00f6tigt werden, best\u00e4tigen Sie dies bitte im Voraus.\u201c<\/li>\n<li><strong>Anforderungen an Trichter oder Linearf\u00f6rderer<\/strong><br \/>\n\u201eBen\u00f6tigen Sie einen Sch\u00fcttgutbeh\u00e4lter oder einen Linearf\u00f6rderer zur Unterst\u00fctzung der kontinuierlichen Zuf\u00fchrung?\u201c<\/li>\n<li><strong>Integration mit Vision- oder Robotersystem<\/strong><br \/>\n\u201eTeilen Sie uns mit, ob der Feeder mit einem Kamerasystem oder einem Roboterarm arbeiten muss.\u201c<\/li>\n<\/ol>\n\t<div id=\"gap-1054838683\" class=\"gap-element clearfix\" style=\"display:block; height:auto;\">\n\t\t\n<style>\n#gap-1054838683 {\n  padding-top: 30px;\n}\n<\/style>\n\t<\/div>\n\t\n<h2>Kontaktieren SWOER<\/h2>\n<p>Teilen Sie die Konstruktionsdetails des Sch\u00fcsselzuf\u00fchrers mit.<\/p>\n\n<div class=\"wpcf7 no-js\" id=\"wpcf7-f280-o1\" lang=\"en-US\" dir=\"ltr\">\n<div class=\"screen-reader-response\"><p role=\"status\" aria-live=\"polite\" aria-atomic=\"true\"><\/p> <ul><\/ul><\/div>\n<form action=\"\/de\/wp-json\/wp\/v2\/product\/3334#wpcf7-f280-o1\" method=\"post\" class=\"wpcf7-form init\" aria-label=\"Kontakt Formular\" novalidate=\"novalidate\" data-status=\"init\" data-trp-original-action=\"\/de\/wp-json\/wp\/v2\/product\/3334#wpcf7-f280-o1\">\n<div style=\"display: none;\">\n<input type=\"hidden\" name=\"_wpcf7\" value=\"280\" \/>\n<input type=\"hidden\" name=\"_wpcf7_version\" value=\"5.9.2\" \/>\n<input type=\"hidden\" name=\"_wpcf7_locale\" value=\"en_US\" \/>\n<input type=\"hidden\" name=\"_wpcf7_unit_tag\" value=\"wpcf7-f280-o1\" \/>\n<input type=\"hidden\" name=\"_wpcf7_container_post\" value=\"0\" \/>\n<input type=\"hidden\" name=\"_wpcf7_posted_data_hash\" value=\"\" \/>\n<\/div>\n<div class='custom_contact_style'>\n\t<div class=\"row row-small\">\n\t\t<div class=\"col medium-6 small-12 large-6\">\n\t\t\t<div class=\"col-inner\">\n\t\t\t\t<p><span class=\"wpcf7-form-control-wrap\" data-name=\"your-name\"><input size=\"40\" class=\"wpcf7-form-control wpcf7-text wpcf7-validates-as-required\" aria-required=\"true\" aria-invalid=\"false\" placeholder=\"Name*\" value=\"\" type=\"text\" name=\"your-name\" \/><\/span>\n\t\t\t\t<\/p>\n\t\t\t<\/div>\n\t\t<\/div>\n\t\t<div class=\"col medium-6 small-12 large-6\">\n\t\t\t<div class=\"col-inner\">\n\t\t\t\t<p><span class=\"wpcf7-form-control-wrap\" data-name=\"your-email\"><input size=\"40\" class=\"wpcf7-form-control wpcf7-email wpcf7-validates-as-required wpcf7-text wpcf7-validates-as-email\" aria-required=\"true\" aria-invalid=\"false\" placeholder=\"Email*\" value=\"\" type=\"email\" name=\"your-email\" \/><\/span>\n\t\t\t\t<\/p>\n\t\t\t<\/div>\n\t\t<\/div>\n\t<\/div>\n\t<div class='cus_contact_form_bottom'>\n\t\t<p><span class=\"wpcf7-form-control-wrap\" data-name=\"your-phone\"><input size=\"40\" class=\"wpcf7-form-control wpcf7-text\" aria-invalid=\"false\" placeholder=\"Telefon\" value=\"\" type=\"text\" name=\"your-phone\" \/><\/span>\n\t\t<\/p>\n\t<\/div>\n\t<div class='cus_contact_form_bottom'>\n\t\t<p><span class=\"wpcf7-form-control-wrap\" data-name=\"your-country\"><input size=\"40\" class=\"wpcf7-form-control wpcf7-text\" aria-invalid=\"false\" placeholder=\"Land\" value=\"\" type=\"text\" name=\"your-country\" \/><\/span>\n\t\t<\/p>\n\t<\/div>\n\t<p><span class=\"wpcf7-form-control-wrap\" data-name=\"your-message\"><textarea cols=\"40\" rows=\"10\" class=\"wpcf7-form-control wpcf7-textarea wpcf7-validates-as-required\" aria-required=\"true\" aria-invalid=\"false\" placeholder=\"Ihre Nachricht *\" name=\"your-message\"><\/textarea><\/span>\n\t<\/p>\n\t<div style=\"margin-bottom:10px;\">\n\t\t<p><span class=\"wpcf7-form-control-wrap kc_captcha cf7ic-toggle\" data-name=\"kc_captcha\"><span class=\"wpcf7-form-control wpcf7-radio\"><span class=\"captcha-image\" style=\"display: none;\"><span class=\"cf7ic_instructions\">Bitte beweisen Sie, dass Sie ein Mensch sind, indem Sie das<span> heart<\/span>.<\/span><label><input aria-label=\"1\" type=\"radio\" name=\"kc_captcha\" value=\"kc_human\" \/><svg aria-hidden=\"true\" role=\"img\" xmlns=\"http:\/\/www.w3.org\/2000\/svg\" viewbox=\"0 0 576 512\"><path fill=\"currentColor\" d=\"M415 24c-53 0-103 42-127 65-24-23-74-65-127-65C70 24 16 77 16 166c0 72 67 133 69 135l187 181c9 8 23 8 32 0l187-180c2-3 69-64 69-136 0-89-54-142-145-142z\"\/><\/svg><\/label><label><input aria-label=\"2\" type=\"radio\" name=\"kc_captcha\" value=\"bot\" \/><svg aria-hidden=\"true\" role=\"img\" xmlns=\"http:\/\/www.w3.org\/2000\/svg\" viewbox=\"0 0 576 512\"><path fill=\"currentColor\" d=\"M488 313v143c0 13-11 24-24 24H348c-7 0-12-5-12-12V356c0-7-5-12-12-12h-72c-7 0-12 5-12 12v112c0 7-5 12-12 12H112c-13 0-24-11-24-24V313c0-4 2-7 4-10l188-154c5-4 11-4 16 0l188 154c2 3 4 6 4 10zm84-61l-84-69V44c0-6-5-12-12-12h-56c-7 0-12 6-12 12v73l-89-74a48 48 0 00-61 0L4 252c-5 4-5 12-1 17l25 31c5 5 12 5 17 1l235-193c5-4 11-4 16 0l235 193c5 5 13 4 17-1l25-31c4-6 4-13-1-17z\"\/><\/svg><\/label><label><input aria-label=\"3\" type=\"radio\" name=\"kc_captcha\" value=\"bot\" \/><svg aria-hidden=\"true\" role=\"img\" xmlns=\"http:\/\/www.w3.org\/2000\/svg\" viewbox=\"0 0 576 512\"><path fill=\"currentColor\" d=\"M472 200H360L256 6a12 12 0 00-10-6h-58c-8 0-14 7-12 15l34 185H100l-35-58a12 12 0 00-10-6H12c-8 0-13 7-12 14l21 106L0 362c-1 7 4 14 12 14h43c4 0 8-2 10-6l35-58h110l-34 185c-2 8 4 15 12 15h58a12 12 0 0010-6l104-194h112c57 0 104-25 104-56s-47-56-104-56z\"\/><\/svg><\/label>\r\n    <\/span>\r\n    <span style=\"display:none\">\r\n        <input type=\"text\" name=\"kc_honeypot\">\r\n    <\/span><\/span><\/span>\n\t\t<\/p>\n\t<\/div>\n\t<p><input class=\"wpcf7-form-control wpcf7-submit has-spinner\" type=\"submit\" value=\"Nachricht senden\" \/>\n\t<\/p>\n<\/div><div class=\"wpcf7-response-output\" aria-hidden=\"true\"><\/div>\n<input type=\"hidden\" name=\"trp-form-language\" value=\"de\"\/><\/form>\n<\/div>","protected":false},"excerpt":{"rendered":"<p>SWOER liefert kundenspezifische Vibrationssch\u00fcsself\u00f6rderer mit kurzen Lieferzeiten, pr\u00e4zisem Design und \u00fcber 10 Jahren Fertigungserfahrung.<\/p>","protected":false},"featured_media":3336,"comment_status":"open","ping_status":"closed","template":"","meta":[],"product_cat":[37],"product_tag":[],"yoast_head":"<!-- This site is optimized with the Yoast SEO plugin v22.2 - https:\/\/yoast.com\/wordpress\/plugins\/seo\/ -->\n<title>Bowl Feeder Manufacturers UK | Vibratory Bowl Feeders Supplier - SWOER<\/title>\n<meta name=\"description\" content=\"SWOER is a leading bowl feeder manufacturer and supplier, offering high-quality vibratory bowl feeders for automation companies across the UK.\" \/>\n<meta name=\"robots\" content=\"index, follow, max-snippet:-1, max-image-preview:large, max-video-preview:-1\" \/>\n<link rel=\"canonical\" href=\"https:\/\/swoer.com\/de\/manufacturer\/bowl-feeder-manufacturers-uk\/\" \/>\n<meta property=\"og:locale\" content=\"de_DE\" \/>\n<meta property=\"og:type\" content=\"article\" \/>\n<meta property=\"og:title\" content=\"Bowl Feeder Manufacturers UK | Vibratory Bowl Feeders Supplier - SWOER\" \/>\n<meta property=\"og:description\" content=\"SWOER is a leading bowl feeder manufacturer and supplier, offering high-quality vibratory bowl feeders for automation companies across the UK.\" \/>\n<meta property=\"og:url\" content=\"https:\/\/swoer.com\/de\/manufacturer\/bowl-feeder-manufacturers-uk\/\" \/>\n<meta property=\"og:site_name\" content=\"SWOER\" \/>\n<meta property=\"article:modified_time\" content=\"2025-04-24T08:42:12+00:00\" \/>\n<meta property=\"og:image\" content=\"https:\/\/swoer.com\/wp-content\/uploads\/2025\/04\/Bowl-Feeder-Manufacturers-uk.webp\" \/>\n\t<meta property=\"og:image:width\" content=\"800\" \/>\n\t<meta property=\"og:image:height\" content=\"800\" \/>\n\t<meta property=\"og:image:type\" content=\"image\/webp\" \/>\n<meta name=\"twitter:card\" content=\"summary_large_image\" \/>\n<meta name=\"twitter:label1\" content=\"Gesch\u00e4tzte Lesezeit\" \/>\n\t<meta name=\"twitter:data1\" content=\"2\u00a0Minuten\" \/>\n<script type=\"application\/ld+json\" class=\"yoast-schema-graph\">{\"@context\":\"https:\/\/schema.org\",\"@graph\":[{\"@type\":\"WebPage\",\"@id\":\"https:\/\/swoer.com\/manufacturer\/bowl-feeder-manufacturers-uk\/\",\"url\":\"https:\/\/swoer.com\/manufacturer\/bowl-feeder-manufacturers-uk\/\",\"name\":\"Bowl Feeder Manufacturers UK | Vibratory Bowl Feeders Supplier - SWOER\",\"isPartOf\":{\"@id\":\"https:\/\/swoer.com\/#website\"},\"primaryImageOfPage\":{\"@id\":\"https:\/\/swoer.com\/manufacturer\/bowl-feeder-manufacturers-uk\/#primaryimage\"},\"image\":{\"@id\":\"https:\/\/swoer.com\/manufacturer\/bowl-feeder-manufacturers-uk\/#primaryimage\"},\"thumbnailUrl\":\"https:\/\/swoer.com\/wp-content\/uploads\/2025\/04\/Bowl-Feeder-Manufacturers-uk.webp\",\"datePublished\":\"2025-04-24T01:39:19+00:00\",\"dateModified\":\"2025-04-24T08:42:12+00:00\",\"description\":\"SWOER is a leading bowl feeder manufacturer and supplier, offering high-quality vibratory bowl feeders for automation companies across the UK.\",\"breadcrumb\":{\"@id\":\"https:\/\/swoer.com\/manufacturer\/bowl-feeder-manufacturers-uk\/#breadcrumb\"},\"inLanguage\":\"de\",\"potentialAction\":[{\"@type\":\"ReadAction\",\"target\":[\"https:\/\/swoer.com\/manufacturer\/bowl-feeder-manufacturers-uk\/\"]}]},{\"@type\":\"ImageObject\",\"inLanguage\":\"de\",\"@id\":\"https:\/\/swoer.com\/manufacturer\/bowl-feeder-manufacturers-uk\/#primaryimage\",\"url\":\"https:\/\/swoer.com\/wp-content\/uploads\/2025\/04\/Bowl-Feeder-Manufacturers-uk.webp\",\"contentUrl\":\"https:\/\/swoer.com\/wp-content\/uploads\/2025\/04\/Bowl-Feeder-Manufacturers-uk.webp\",\"width\":800,\"height\":800,\"caption\":\"Bowl Feeder Manufacturers uk\"},{\"@type\":\"BreadcrumbList\",\"@id\":\"https:\/\/swoer.com\/manufacturer\/bowl-feeder-manufacturers-uk\/#breadcrumb\",\"itemListElement\":[{\"@type\":\"ListItem\",\"position\":1,\"name\":\"Home\",\"item\":\"https:\/\/swoer.com\/\"},{\"@type\":\"ListItem\",\"position\":2,\"name\":\"Shop\",\"item\":\"https:\/\/swoer.com\/shop\/\"},{\"@type\":\"ListItem\",\"position\":3,\"name\":\"Bowl Feeder Manufacturers UK | Vibratory Bowl Feeders Supplier\"}]},{\"@type\":\"WebSite\",\"@id\":\"https:\/\/swoer.com\/#website\",\"url\":\"https:\/\/swoer.com\/\",\"name\":\"SWOER\",\"description\":\"Swoer is the top 3 vibratory bowl feeder manufacturer in China\",\"potentialAction\":[{\"@type\":\"SearchAction\",\"target\":{\"@type\":\"EntryPoint\",\"urlTemplate\":\"https:\/\/swoer.com\/?s={search_term_string}\"},\"query-input\":\"required name=search_term_string\"}],\"inLanguage\":\"de\"}]}<\/script>\n<!-- \/ Yoast SEO plugin. -->","yoast_head_json":{"title":"Bowl Feeder Manufacturers UK | Vibratory Bowl Feeders Supplier - SWOER","description":"SWOER is a leading bowl feeder manufacturer and supplier, offering high-quality vibratory bowl feeders for automation companies across the UK.","robots":{"index":"index","follow":"follow","max-snippet":"max-snippet:-1","max-image-preview":"max-image-preview:large","max-video-preview":"max-video-preview:-1"},"canonical":"https:\/\/swoer.com\/de\/manufacturer\/bowl-feeder-manufacturers-uk\/","og_locale":"de_DE","og_type":"article","og_title":"Bowl Feeder Manufacturers UK | Vibratory Bowl Feeders Supplier - SWOER","og_description":"SWOER is a leading bowl feeder manufacturer and supplier, offering high-quality vibratory bowl feeders for automation companies across the UK.","og_url":"https:\/\/swoer.com\/de\/manufacturer\/bowl-feeder-manufacturers-uk\/","og_site_name":"SWOER","article_modified_time":"2025-04-24T08:42:12+00:00","og_image":[{"width":800,"height":800,"url":"https:\/\/swoer.com\/wp-content\/uploads\/2025\/04\/Bowl-Feeder-Manufacturers-uk.webp","type":"image\/webp"}],"twitter_card":"summary_large_image","twitter_misc":{"Gesch\u00e4tzte Lesezeit":"2\u00a0Minuten"},"schema":{"@context":"https:\/\/schema.org","@graph":[{"@type":"WebPage","@id":"https:\/\/swoer.com\/manufacturer\/bowl-feeder-manufacturers-uk\/","url":"https:\/\/swoer.com\/manufacturer\/bowl-feeder-manufacturers-uk\/","name":"Bowl Feeder Manufacturers UK | Vibratory Bowl Feeders Supplier - SWOER","isPartOf":{"@id":"https:\/\/swoer.com\/#website"},"primaryImageOfPage":{"@id":"https:\/\/swoer.com\/manufacturer\/bowl-feeder-manufacturers-uk\/#primaryimage"},"image":{"@id":"https:\/\/swoer.com\/manufacturer\/bowl-feeder-manufacturers-uk\/#primaryimage"},"thumbnailUrl":"https:\/\/swoer.com\/wp-content\/uploads\/2025\/04\/Bowl-Feeder-Manufacturers-uk.webp","datePublished":"2025-04-24T01:39:19+00:00","dateModified":"2025-04-24T08:42:12+00:00","description":"SWOER is a leading bowl feeder manufacturer and supplier, offering high-quality vibratory bowl feeders for automation companies across the UK.","breadcrumb":{"@id":"https:\/\/swoer.com\/manufacturer\/bowl-feeder-manufacturers-uk\/#breadcrumb"},"inLanguage":"de","potentialAction":[{"@type":"ReadAction","target":["https:\/\/swoer.com\/manufacturer\/bowl-feeder-manufacturers-uk\/"]}]},{"@type":"ImageObject","inLanguage":"de","@id":"https:\/\/swoer.com\/manufacturer\/bowl-feeder-manufacturers-uk\/#primaryimage","url":"https:\/\/swoer.com\/wp-content\/uploads\/2025\/04\/Bowl-Feeder-Manufacturers-uk.webp","contentUrl":"https:\/\/swoer.com\/wp-content\/uploads\/2025\/04\/Bowl-Feeder-Manufacturers-uk.webp","width":800,"height":800,"caption":"Bowl Feeder Manufacturers uk"},{"@type":"BreadcrumbList","@id":"https:\/\/swoer.com\/manufacturer\/bowl-feeder-manufacturers-uk\/#breadcrumb","itemListElement":[{"@type":"ListItem","position":1,"name":"Home","item":"https:\/\/swoer.com\/"},{"@type":"ListItem","position":2,"name":"Shop","item":"https:\/\/swoer.com\/shop\/"},{"@type":"ListItem","position":3,"name":"Bowl Feeder Manufacturers UK | Vibratory Bowl Feeders Supplier"}]},{"@type":"WebSite","@id":"https:\/\/swoer.com\/#website","url":"https:\/\/swoer.com\/","name":"SWOER","description":"Swoer is the top 3 vibratory bowl feeder manufacturer in China","potentialAction":[{"@type":"SearchAction","target":{"@type":"EntryPoint","urlTemplate":"https:\/\/swoer.com\/?s={search_term_string}"},"query-input":"required name=search_term_string"}],"inLanguage":"de"}]}},"_links":{"self":[{"href":"https:\/\/swoer.com\/de\/wp-json\/wp\/v2\/product\/3334"}],"collection":[{"href":"https:\/\/swoer.com\/de\/wp-json\/wp\/v2\/product"}],"about":[{"href":"https:\/\/swoer.com\/de\/wp-json\/wp\/v2\/types\/product"}],"replies":[{"embeddable":true,"href":"https:\/\/swoer.com\/de\/wp-json\/wp\/v2\/comments?post=3334"}],"wp:featuredmedia":[{"embeddable":true,"href":"https:\/\/swoer.com\/de\/wp-json\/wp\/v2\/media\/3336"}],"wp:attachment":[{"href":"https:\/\/swoer.com\/de\/wp-json\/wp\/v2\/media?parent=3334"}],"wp:term":[{"taxonomy":"product_cat","embeddable":true,"href":"https:\/\/swoer.com\/de\/wp-json\/wp\/v2\/product_cat?post=3334"},{"taxonomy":"product_tag","embeddable":true,"href":"https:\/\/swoer.com\/de\/wp-json\/wp\/v2\/product_tag?post=3334"}],"curies":[{"name":"wp","href":"https:\/\/api.w.org\/{rel}","templated":true}]}}