{"id":3304,"date":"2025-04-14T14:16:27","date_gmt":"2025-04-14T06:16:27","guid":{"rendered":"https:\/\/swoer.com\/?post_type=product&#038;p=3304"},"modified":"2025-04-14T15:08:00","modified_gmt":"2025-04-14T07:08:00","slug":"flexible-feeder-for-robotic-tray-placement","status":"publish","type":"product","link":"https:\/\/swoer.com\/de\/manufacturer\/flexible-feeder-for-robotic-tray-placement\/","title":{"rendered":"Flexibler Feeder f\u00fcr die Roboter-Tray-Platzierung SW-400"},"content":{"rendered":"<h2 data-start=\"38\" data-end=\"61\"><strong data-start=\"38\" data-end=\"61\">Vorteile des SW-400:<\/strong><\/h2>\n<ul data-start=\"63\" data-end=\"331\">\n<li class=\"\" data-start=\"63\" data-end=\"89\">\n<p class=\"\" data-start=\"65\" data-end=\"89\">Einfach zu bedienen und einzurichten<\/p>\n<\/li>\n<li class=\"\" data-start=\"90\" data-end=\"131\">\n<p class=\"\" data-start=\"92\" data-end=\"131\">Funktioniert mit vielen Teileformen und -gr\u00f6\u00dfen<\/p>\n<\/li>\n<li class=\"\" data-start=\"132\" data-end=\"177\">\n<p class=\"\" data-start=\"134\" data-end=\"177\">Schnelle und pr\u00e4zise Traybeladung mit Robotern<\/p>\n<\/li>\n<li class=\"\" data-start=\"178\" data-end=\"216\">\n<p class=\"\" data-start=\"180\" data-end=\"216\">Spart Zeit und reduziert manuelle Arbeit<\/p>\n<\/li>\n<li class=\"\" data-start=\"217\" data-end=\"287\">\n<p class=\"\" data-start=\"219\" data-end=\"287\">Ideal f\u00fcr verschiedene Branchen wie Elektronik, Medizin und Automobil<\/p>\n<\/li>\n<li class=\"\" data-start=\"288\" data-end=\"331\">\n<p class=\"\" data-start=\"290\" data-end=\"331\">Kann schnell f\u00fcr neue Produkte ge\u00e4ndert werden<\/p>\n<\/li>\n<\/ul>\n\t<div id=\"gap-152137265\" class=\"gap-element clearfix\" style=\"display:block; height:auto;\">\n\t\t\n<style>\n#gap-152137265 {\n  padding-top: 30px;\n}\n<\/style>\n\t<\/div>\n\t\n<h2><strong>Technische Parameter<\/strong><\/h2>\n<table style=\"border-collapse: collapse; width: 500.27pt;\" border=\"0\" width=\"667\" cellspacing=\"0\" cellpadding=\"0\">\n<tbody>\n<tr style=\"height: 26.00pt;\">\n<td class=\"et3\" style=\"height: 26.00pt; width: 170.25pt;\" width=\"227\" height=\"34\">\n<h4><strong>Technische Daten<\/strong><\/h4>\n<\/td>\n<td class=\"et4\" style=\"width: 183.00pt;\" width=\"244\">\n<h4><strong>Parameter<\/strong><\/h4>\n<\/td>\n<td class=\"et3\" style=\"width: 147.00pt;\" width=\"196\">\n<h4><strong>Hinweise<\/strong><\/h4>\n<\/td>\n<\/tr>\n<tr style=\"height: 22.00pt;\">\n<td class=\"et5\" style=\"height: 22.00pt;\" height=\"29\">Modell<\/td>\n<td class=\"et6\" style=\"width: 183.00pt;\" width=\"244\">SW-400<\/td>\n<td class=\"et5\"><\/td>\n<\/tr>\n<tr style=\"height: 22.00pt;\">\n<td class=\"et5\" style=\"height: 22.00pt;\" height=\"29\">Detailparameter<\/td>\n<td class=\"et6\" style=\"width: 183.00pt;\" width=\"244\">Hub 400mm<\/td>\n<td class=\"et5\"><\/td>\n<\/tr>\n<tr style=\"height: 22.00pt;\">\n<td class=\"et5\" style=\"height: 22.00pt;\" height=\"29\">Ma\u00dfe<\/td>\n<td class=\"et6\" style=\"width: 183.00pt;\" width=\"244\">L 610*B 345*H 648mm<\/td>\n<td class=\"et5\"><\/td>\n<\/tr>\n<tr style=\"height: 22.00pt;\">\n<td class=\"et5\" style=\"height: 22.00pt;\" height=\"29\">Laden<\/td>\n<td class=\"et6\" style=\"width: 183.00pt;\" width=\"244\">0,5 kg<\/td>\n<td class=\"et5\"><\/td>\n<\/tr>\n<tr style=\"height: 22.00pt;\">\n<td class=\"et5\" style=\"height: 22.00pt;\" height=\"29\">Flexible Zuf\u00fchrung<\/td>\n<td class=\"et6\" style=\"width: 183.00pt;\" width=\"244\">180 mm x 140 mm<\/td>\n<td class=\"et5\">Festplattenanpassung: Optional<\/td>\n<\/tr>\n<tr style=\"height: 22.00pt;\">\n<td class=\"et5\" style=\"height: 22.00pt;\" height=\"29\">Lagerbeh\u00e4lter<\/td>\n<td class=\"et6\" style=\"width: 183.00pt;\" width=\"244\">3 Liter<\/td>\n<td class=\"et5\"><\/td>\n<\/tr>\n<tr style=\"height: 22.00pt;\">\n<td class=\"et5\" style=\"height: 22.00pt;\" height=\"29\">Oberer CCD<\/td>\n<td class=\"et6\" style=\"width: 183.00pt;\" width=\"244\">1200 W<\/td>\n<td class=\"et5\"><\/td>\n<\/tr>\n<tr style=\"height: 22.00pt;\">\n<td class=\"et5\" style=\"height: 22.00pt;\" height=\"29\">Unterer CCD<\/td>\n<td class=\"et6\" style=\"width: 183.00pt;\" width=\"244\">500 W<\/td>\n<td class=\"et5\">Optional<\/td>\n<\/tr>\n<tr style=\"height: 42.00pt;\">\n<td class=\"et5\" style=\"height: 42.00pt;\" height=\"56\">Steuerungssystem<\/td>\n<td class=\"et6\" style=\"width: 183.00pt;\" width=\"244\">Selbst entwickelt (Roboter + Vision + flexible zentrale Vibrationssteuerung)<\/td>\n<td class=\"et5\"><\/td>\n<\/tr>\n<tr style=\"height: 22.00pt;\">\n<td class=\"et5\" style=\"height: 22.00pt;\" height=\"29\">Genauigkeit<\/td>\n<td class=\"et6\" style=\"width: 183.00pt;\" width=\"244\">Kein fliegender Schuss: \u00b10,15 mm<\/td>\n<td class=\"et5\">Flugschuss: \u00b10,05 mm<\/td>\n<\/tr>\n<tr style=\"height: 22.00pt;\">\n<td class=\"et5\" style=\"height: 22.00pt;\" height=\"29\">Geschwindigkeit<\/td>\n<td class=\"et6\" style=\"width: 183.00pt;\" width=\"244\">3000-4500 ST\u00dcCK\/STD<\/td>\n<td class=\"et5\">Abh\u00e4ngig vom Produkt<\/td>\n<\/tr>\n<tr style=\"height: 22.00pt;\">\n<td class=\"et5\" style=\"height: 22.00pt;\" height=\"29\">Anzahl der D\u00fcsen<\/td>\n<td class=\"et6\" style=\"width: 183.00pt;\" width=\"244\">1 St\u00fcck<\/td>\n<td class=\"et5\"><\/td>\n<\/tr>\n<tr style=\"height: 22.00pt;\">\n<td class=\"et5\" style=\"height: 22.00pt;\" height=\"29\">Entladebereich<\/td>\n<td class=\"et6\" style=\"width: 183.00pt;\" width=\"244\">250 mm x 200 mm<\/td>\n<td class=\"et5\"><\/td>\n<\/tr>\n<tr style=\"height: 22.00pt;\">\n<td class=\"et5\" style=\"height: 22.00pt;\" height=\"29\">Versorgungsspannung<\/td>\n<td class=\"et6\" style=\"width: 183.00pt;\" width=\"244\">220 V\/50 Hz<\/td>\n<td class=\"et5\"><\/td>\n<\/tr>\n<tr style=\"height: 22.00pt;\">\n<td class=\"et5\" style=\"height: 22.00pt;\" height=\"29\">Luftdruck<\/td>\n<td class=\"et6\" style=\"width: 183.00pt;\" width=\"244\">0,5\u20130,7 MPa<\/td>\n<td class=\"et5\"><\/td>\n<\/tr>\n<tr style=\"height: 22.00pt;\">\n<td class=\"et5\" style=\"height: 22.00pt;\" height=\"29\">Gewicht\/Leistung<\/td>\n<td class=\"et6\" style=\"width: 183.00pt;\" width=\"244\">Etwa 75 kg\/1 kW<\/td>\n<td class=\"et5\"><\/td>\n<\/tr>\n<\/tbody>\n<\/table>\n\t<div id=\"gap-465296346\" class=\"gap-element clearfix\" style=\"display:block; height:auto;\">\n\t\t\n<style>\n#gap-465296346 {\n  padding-top: 30px;\n}\n<\/style>\n\t<\/div>\n\t\n<h2>SW-400 Abmessungen<\/h2>\n\t<div class=\"img has-hover x md-x lg-x y md-y lg-y\" id=\"image_971386112\">\n\t\t\t\t\t\t\t\t<div class=\"img-inner dark\" >\n\t\t\t<img loading=\"lazy\" decoding=\"async\" width=\"960\" height=\"511\" src=\"https:\/\/swoer.com\/wp-content\/uploads\/2025\/04\/SW-400-Dimensions.webp\" class=\"attachment-original size-original\" alt=\"SW-400 Abmessungen\" srcset=\"https:\/\/swoer.com\/wp-content\/uploads\/2025\/04\/SW-400-Dimensions.webp 960w, https:\/\/swoer.com\/wp-content\/uploads\/2025\/04\/SW-400-Dimensions-300x160.webp 300w, https:\/\/swoer.com\/wp-content\/uploads\/2025\/04\/SW-400-Dimensions-768x409.webp 768w, https:\/\/swoer.com\/wp-content\/uploads\/2025\/04\/SW-400-Dimensions-18x10.webp 18w, https:\/\/swoer.com\/wp-content\/uploads\/2025\/04\/SW-400-Dimensions-600x319.webp 600w\" sizes=\"(max-width: 960px) 100vw, 960px\" \/>\t\t\t\t\t\t\n\t\t\t\t\t<\/div>\n\t\t\t\t\t\t\t\t\n<style>\n#image_971386112 {\n  width: 100%;\n}\n<\/style>\n\t<\/div>","protected":false},"excerpt":{"rendered":"<p class=\"\" data-start=\"38\" data-end=\"61\">Der flexible Feeder SW-400 mit robotergest\u00fctzter Trayplatzierung erm\u00f6glicht schnelles und pr\u00e4zises Laden von Teilen. Er verarbeitet Teile unterschiedlicher Gr\u00f6\u00dfen, reduziert manuelle Arbeit und eignet sich f\u00fcr viele Branchen.<\/p>","protected":false},"featured_media":3305,"comment_status":"open","ping_status":"closed","template":"","meta":[],"product_cat":[131],"product_tag":[],"yoast_head":"<!-- This site is optimized with the Yoast SEO plugin v22.2 - https:\/\/yoast.com\/wordpress\/plugins\/seo\/ -->\n<title>Flexible Feeder for Robotic Tray Placement SW-400 - SWOER<\/title>\n<meta name=\"description\" content=\"Flexible feeder with robotic tray placement for fast, precise part sorting and loading. Ideal for automation in electronics, medical, and automotive.\" \/>\n<meta name=\"robots\" content=\"index, follow, max-snippet:-1, max-image-preview:large, max-video-preview:-1\" \/>\n<link rel=\"canonical\" href=\"https:\/\/swoer.com\/de\/manufacturer\/flexible-feeder-for-robotic-tray-placement\/\" \/>\n<meta property=\"og:locale\" content=\"de_DE\" \/>\n<meta property=\"og:type\" content=\"article\" \/>\n<meta property=\"og:title\" content=\"Flexible Feeder for Robotic Tray Placement SW-400 - SWOER\" \/>\n<meta property=\"og:description\" content=\"Flexible feeder with robotic tray placement for fast, precise part sorting and loading. Ideal for automation in electronics, medical, and automotive.\" \/>\n<meta property=\"og:url\" content=\"https:\/\/swoer.com\/de\/manufacturer\/flexible-feeder-for-robotic-tray-placement\/\" \/>\n<meta property=\"og:site_name\" content=\"SWOER\" \/>\n<meta property=\"article:modified_time\" content=\"2025-04-14T07:08:00+00:00\" \/>\n<meta property=\"og:image\" content=\"https:\/\/swoer.com\/wp-content\/uploads\/2025\/04\/Robotic-Parts-Feeder.webp\" \/>\n\t<meta property=\"og:image:width\" content=\"1000\" \/>\n\t<meta property=\"og:image:height\" content=\"1000\" \/>\n\t<meta property=\"og:image:type\" content=\"image\/webp\" \/>\n<meta name=\"twitter:card\" content=\"summary_large_image\" \/>\n<meta name=\"twitter:label1\" content=\"Gesch\u00e4tzte Lesezeit\" \/>\n\t<meta name=\"twitter:data1\" content=\"1\u00a0Minute\" \/>\n<script type=\"application\/ld+json\" class=\"yoast-schema-graph\">{\"@context\":\"https:\/\/schema.org\",\"@graph\":[{\"@type\":\"WebPage\",\"@id\":\"https:\/\/swoer.com\/manufacturer\/flexible-feeder-for-robotic-tray-placement\/\",\"url\":\"https:\/\/swoer.com\/manufacturer\/flexible-feeder-for-robotic-tray-placement\/\",\"name\":\"Flexible Feeder for Robotic Tray Placement SW-400 - SWOER\",\"isPartOf\":{\"@id\":\"https:\/\/swoer.com\/#website\"},\"primaryImageOfPage\":{\"@id\":\"https:\/\/swoer.com\/manufacturer\/flexible-feeder-for-robotic-tray-placement\/#primaryimage\"},\"image\":{\"@id\":\"https:\/\/swoer.com\/manufacturer\/flexible-feeder-for-robotic-tray-placement\/#primaryimage\"},\"thumbnailUrl\":\"https:\/\/swoer.com\/wp-content\/uploads\/2025\/04\/Robotic-Parts-Feeder.webp\",\"datePublished\":\"2025-04-14T06:16:27+00:00\",\"dateModified\":\"2025-04-14T07:08:00+00:00\",\"description\":\"Flexible feeder with robotic tray placement for fast, precise part sorting and loading. Ideal for automation in electronics, medical, and automotive.\",\"breadcrumb\":{\"@id\":\"https:\/\/swoer.com\/manufacturer\/flexible-feeder-for-robotic-tray-placement\/#breadcrumb\"},\"inLanguage\":\"de\",\"potentialAction\":[{\"@type\":\"ReadAction\",\"target\":[\"https:\/\/swoer.com\/manufacturer\/flexible-feeder-for-robotic-tray-placement\/\"]}]},{\"@type\":\"ImageObject\",\"inLanguage\":\"de\",\"@id\":\"https:\/\/swoer.com\/manufacturer\/flexible-feeder-for-robotic-tray-placement\/#primaryimage\",\"url\":\"https:\/\/swoer.com\/wp-content\/uploads\/2025\/04\/Robotic-Parts-Feeder.webp\",\"contentUrl\":\"https:\/\/swoer.com\/wp-content\/uploads\/2025\/04\/Robotic-Parts-Feeder.webp\",\"width\":1000,\"height\":1000,\"caption\":\"Robotic Parts Feeder\"},{\"@type\":\"BreadcrumbList\",\"@id\":\"https:\/\/swoer.com\/manufacturer\/flexible-feeder-for-robotic-tray-placement\/#breadcrumb\",\"itemListElement\":[{\"@type\":\"ListItem\",\"position\":1,\"name\":\"Home\",\"item\":\"https:\/\/swoer.com\/\"},{\"@type\":\"ListItem\",\"position\":2,\"name\":\"Shop\",\"item\":\"https:\/\/swoer.com\/shop\/\"},{\"@type\":\"ListItem\",\"position\":3,\"name\":\"Flexible Feeder for Robotic Tray Placement SW-400\"}]},{\"@type\":\"WebSite\",\"@id\":\"https:\/\/swoer.com\/#website\",\"url\":\"https:\/\/swoer.com\/\",\"name\":\"SWOER\",\"description\":\"Swoer is the top 3 vibratory bowl feeder manufacturer in China\",\"potentialAction\":[{\"@type\":\"SearchAction\",\"target\":{\"@type\":\"EntryPoint\",\"urlTemplate\":\"https:\/\/swoer.com\/?s={search_term_string}\"},\"query-input\":\"required name=search_term_string\"}],\"inLanguage\":\"de\"}]}<\/script>\n<!-- \/ Yoast SEO plugin. -->","yoast_head_json":{"title":"Flexible Feeder for Robotic Tray Placement SW-400 - SWOER","description":"Flexible feeder with robotic tray placement for fast, precise part sorting and loading. Ideal for automation in electronics, medical, and automotive.","robots":{"index":"index","follow":"follow","max-snippet":"max-snippet:-1","max-image-preview":"max-image-preview:large","max-video-preview":"max-video-preview:-1"},"canonical":"https:\/\/swoer.com\/de\/manufacturer\/flexible-feeder-for-robotic-tray-placement\/","og_locale":"de_DE","og_type":"article","og_title":"Flexible Feeder for Robotic Tray Placement SW-400 - SWOER","og_description":"Flexible feeder with robotic tray placement for fast, precise part sorting and loading. Ideal for automation in electronics, medical, and automotive.","og_url":"https:\/\/swoer.com\/de\/manufacturer\/flexible-feeder-for-robotic-tray-placement\/","og_site_name":"SWOER","article_modified_time":"2025-04-14T07:08:00+00:00","og_image":[{"width":1000,"height":1000,"url":"https:\/\/swoer.com\/wp-content\/uploads\/2025\/04\/Robotic-Parts-Feeder.webp","type":"image\/webp"}],"twitter_card":"summary_large_image","twitter_misc":{"Gesch\u00e4tzte Lesezeit":"1\u00a0Minute"},"schema":{"@context":"https:\/\/schema.org","@graph":[{"@type":"WebPage","@id":"https:\/\/swoer.com\/manufacturer\/flexible-feeder-for-robotic-tray-placement\/","url":"https:\/\/swoer.com\/manufacturer\/flexible-feeder-for-robotic-tray-placement\/","name":"Flexible Feeder for Robotic Tray Placement SW-400 - SWOER","isPartOf":{"@id":"https:\/\/swoer.com\/#website"},"primaryImageOfPage":{"@id":"https:\/\/swoer.com\/manufacturer\/flexible-feeder-for-robotic-tray-placement\/#primaryimage"},"image":{"@id":"https:\/\/swoer.com\/manufacturer\/flexible-feeder-for-robotic-tray-placement\/#primaryimage"},"thumbnailUrl":"https:\/\/swoer.com\/wp-content\/uploads\/2025\/04\/Robotic-Parts-Feeder.webp","datePublished":"2025-04-14T06:16:27+00:00","dateModified":"2025-04-14T07:08:00+00:00","description":"Flexible feeder with robotic tray placement for fast, precise part sorting and loading. Ideal for automation in electronics, medical, and automotive.","breadcrumb":{"@id":"https:\/\/swoer.com\/manufacturer\/flexible-feeder-for-robotic-tray-placement\/#breadcrumb"},"inLanguage":"de","potentialAction":[{"@type":"ReadAction","target":["https:\/\/swoer.com\/manufacturer\/flexible-feeder-for-robotic-tray-placement\/"]}]},{"@type":"ImageObject","inLanguage":"de","@id":"https:\/\/swoer.com\/manufacturer\/flexible-feeder-for-robotic-tray-placement\/#primaryimage","url":"https:\/\/swoer.com\/wp-content\/uploads\/2025\/04\/Robotic-Parts-Feeder.webp","contentUrl":"https:\/\/swoer.com\/wp-content\/uploads\/2025\/04\/Robotic-Parts-Feeder.webp","width":1000,"height":1000,"caption":"Robotic Parts Feeder"},{"@type":"BreadcrumbList","@id":"https:\/\/swoer.com\/manufacturer\/flexible-feeder-for-robotic-tray-placement\/#breadcrumb","itemListElement":[{"@type":"ListItem","position":1,"name":"Home","item":"https:\/\/swoer.com\/"},{"@type":"ListItem","position":2,"name":"Shop","item":"https:\/\/swoer.com\/shop\/"},{"@type":"ListItem","position":3,"name":"Flexible Feeder for Robotic Tray Placement SW-400"}]},{"@type":"WebSite","@id":"https:\/\/swoer.com\/#website","url":"https:\/\/swoer.com\/","name":"SWOER","description":"Swoer is the top 3 vibratory bowl feeder manufacturer in China","potentialAction":[{"@type":"SearchAction","target":{"@type":"EntryPoint","urlTemplate":"https:\/\/swoer.com\/?s={search_term_string}"},"query-input":"required name=search_term_string"}],"inLanguage":"de"}]}},"_links":{"self":[{"href":"https:\/\/swoer.com\/de\/wp-json\/wp\/v2\/product\/3304"}],"collection":[{"href":"https:\/\/swoer.com\/de\/wp-json\/wp\/v2\/product"}],"about":[{"href":"https:\/\/swoer.com\/de\/wp-json\/wp\/v2\/types\/product"}],"replies":[{"embeddable":true,"href":"https:\/\/swoer.com\/de\/wp-json\/wp\/v2\/comments?post=3304"}],"wp:featuredmedia":[{"embeddable":true,"href":"https:\/\/swoer.com\/de\/wp-json\/wp\/v2\/media\/3305"}],"wp:attachment":[{"href":"https:\/\/swoer.com\/de\/wp-json\/wp\/v2\/media?parent=3304"}],"wp:term":[{"taxonomy":"product_cat","embeddable":true,"href":"https:\/\/swoer.com\/de\/wp-json\/wp\/v2\/product_cat?post=3304"},{"taxonomy":"product_tag","embeddable":true,"href":"https:\/\/swoer.com\/de\/wp-json\/wp\/v2\/product_tag?post=3304"}],"curies":[{"name":"wp","href":"https:\/\/api.w.org\/{rel}","templated":true}]}}