{"id":2944,"date":"2024-12-02T22:55:27","date_gmt":"2024-12-02T14:55:27","guid":{"rendered":"https:\/\/swoer.com\/?post_type=product&#038;p=2944"},"modified":"2025-03-21T09:08:32","modified_gmt":"2025-03-21T01:08:32","slug":"step-feeders-step-feeder-systems-with-vibratory-feeder","status":"publish","type":"product","link":"https:\/\/swoer.com\/de\/manufacturer\/step-feeders-step-feeder-systems-with-vibratory-feeder\/","title":{"rendered":"Stufenf\u00f6rderer \u2013 Stufenf\u00f6rdersysteme mit Vibrationsf\u00f6rderer"},"content":{"rendered":"<section class=\"section\" id=\"section_2053927576\">\n\t\t<div class=\"bg section-bg fill bg-fill  bg-loaded\" >\n\n\t\t\t\n\t\t\t\n\t\t\t\n\n\t\t<\/div>\n\n\t\t\n\n\t\t<div class=\"section-content relative\">\n\t\t\t\n<h2>Stufenf\u00f6rdersysteme mit Vibrationsf\u00f6rderer Vorteile:<\/h2>\n<h3>1. Effizientes und zuverl\u00e4ssiges Design<\/h3>\n<p>Stufenf\u00f6rderer zeichnen sich durch ihr einfaches und dennoch effizientes Design aus. Sie k\u00f6nnen Teile pr\u00e4zise anheben und an die gew\u00fcnschte Position bringen. Dies sorgt f\u00fcr weniger Fehler und verbessert die Gesamtproduktivit\u00e4t.<\/p>\n<h3>2. Nahtlose Kompatibilit\u00e4t mit Vibrationsf\u00f6rderern<\/h3>\n<p>Diese Zuf\u00fchrsysteme sind f\u00fcr die perfekte Zusammenarbeit mit Vibrationszuf\u00fchrsystemen ausgelegt und gew\u00e4hrleisten einen reibungslosen Betrieb sowie eine einfache Integration in verschiedene Produktionsumgebungen.<\/p>\n<h3>3. Vielseitigkeit f\u00fcr unterschiedliche Anwendungen<\/h3>\n<p>Unabh\u00e4ngig davon, ob es sich um die Handhabung kleiner, komplizierter Teile oder gr\u00f6\u00dferer Komponenten handelt, k\u00f6nnen Stufenf\u00f6rderer individuell an die spezifischen Anforderungen verschiedener Branchen angepasst werden.<\/p>\n<h3>4. Geringerer L\u00e4rm und Energieverbrauch<\/h3>\n<p>Im Vergleich zu herk\u00f6mmlichen F\u00fctterungssystemen arbeiten Step Feeder leiser und energieeffizienter, weshalb sie sich ideal f\u00fcr Umgebungen mit strengen L\u00e4rm- und Energiestandards eignen.<\/p>\n<h3>5. Langlebig und pflegeleicht<\/h3>\n<p>Die aus hochwertigen Materialien gefertigten Stufenf\u00f6rderer sind \u00e4u\u00dferst langlebig und zeichnen sich durch ein geradliniges Design aus, das eine einfache Wartung und geringere Betriebskosten auf lange Sicht gew\u00e4hrleistet.<\/p>\n\t<div class=\"img has-hover x md-x lg-x y md-y lg-y\" id=\"image_90252516\">\n\t\t\t\t\t\t\t\t<div class=\"img-inner image-cover dark\" style=\"padding-top:56.25%;\">\n\t\t\t<img loading=\"lazy\" decoding=\"async\" width=\"960\" height=\"540\" src=\"https:\/\/swoer.com\/wp-content\/uploads\/2024\/12\/Step-Feeder-with-Vibratory-Feeder.webp\" class=\"attachment-original size-original\" alt=\"Stufenf\u00f6rderer mit Vibrationsf\u00f6rderer\" srcset=\"https:\/\/swoer.com\/wp-content\/uploads\/2024\/12\/Step-Feeder-with-Vibratory-Feeder.webp 960w, https:\/\/swoer.com\/wp-content\/uploads\/2024\/12\/Step-Feeder-with-Vibratory-Feeder-300x169.webp 300w, https:\/\/swoer.com\/wp-content\/uploads\/2024\/12\/Step-Feeder-with-Vibratory-Feeder-768x432.webp 768w, https:\/\/swoer.com\/wp-content\/uploads\/2024\/12\/Step-Feeder-with-Vibratory-Feeder-18x10.webp 18w, https:\/\/swoer.com\/wp-content\/uploads\/2024\/12\/Step-Feeder-with-Vibratory-Feeder-600x338.webp 600w\" sizes=\"(max-width: 960px) 100vw, 960px\" \/>\t\t\t\t\t\t\n\t\t\t\t\t<\/div>\n\t\t\t\t\t\t\t\t\n<style>\n#image_90252516 {\n  width: 100%;\n}\n<\/style>\n\t<\/div>\n\t\n\t\t<\/div>\n\n\t\t\n<style>\n#section_2053927576 {\n  padding-top: 30px;\n  padding-bottom: 30px;\n}\n#section_2053927576 .ux-shape-divider--top svg {\n  height: 150px;\n  --divider-top-width: 100%;\n}\n#section_2053927576 .ux-shape-divider--bottom svg {\n  height: 150px;\n  --divider-width: 100%;\n}\n<\/style>\n\t<\/section>\n\t\n\t<section class=\"section\" id=\"section_1253997650\">\n\t\t<div class=\"bg section-bg fill bg-fill  bg-loaded\" >\n\n\t\t\t\n\t\t\t\n\t\t\t\n\n\t\t<\/div>\n\n\t\t\n\n\t\t<div class=\"section-content relative\">\n\t\t\t\n<h2>Erforderliche Informationen f\u00fcr die individuelle Anpassung von Stufenf\u00f6rderern<\/h2>\n<p>Um sicherzustellen, dass der Step Feeder Ihren Anforderungen entspricht, geben Sie bitte folgende Details an:<\/p>\n<h3>1. Teilespezifikationen<\/h3>\n<ul>\n<li>Gr\u00f6\u00dfe, Form und Material der zu handhabenden Teile.<\/li>\n<li>Besondere Merkmale oder \u00dcberlegungen zur Zerbrechlichkeit.<\/li>\n<\/ul>\n<h3>2. F\u00fctterungsanforderungen<\/h3>\n<ul>\n<li>Gew\u00fcnschte Vorschubgeschwindigkeit und Ausrichtung.<\/li>\n<li>Es werden Ausgaberate und Genauigkeitsstufen ben\u00f6tigt.<\/li>\n<\/ul>\n<h3>3. Integrationsdetails<\/h3>\n<ul>\n<li>Kompatibilit\u00e4t mit vorhandenen Maschinen (z. B. Vibrationszuf\u00fchrungen, F\u00f6rderb\u00e4ndern).<\/li>\n<li>Abmessungen und Layout der Produktionslinie.<\/li>\n<\/ul>\n<h3>4. Betriebsumgebung<\/h3>\n<ul>\n<li>Umweltfaktoren (z. B. Staub, Feuchtigkeit, Temperatur).<\/li>\n<li>Anforderungen an L\u00e4rm und Energieeffizienz.<\/li>\n<\/ul>\n<h3>5. Benutzerdefinierte Funktionen<\/h3>\n<ul>\n<li>Alle zus\u00e4tzlichen Funktionen wie Sensoren, Trichter oder Abdeckungen.<\/li>\n<li>Bevorzugte Materialien oder Beschichtungen aus Gr\u00fcnden der Haltbarkeit oder Hygiene.<\/li>\n<\/ul>\n<h3>6. Branchenspezifische Anforderungen<\/h3>\n<ul>\n<li>F\u00fcr Ihre Branche erforderliche Standards oder Zertifizierungen.<\/li>\n<li>Spezifische Anwendungsdetails, wie etwa Medizin- oder Automobilmontage.<\/li>\n<\/ul>\n<p>Die Angabe dieser Details hilft uns dabei, einen Stufenf\u00f6rderer zu entwickeln, der perfekt zu Ihren Betriebszielen und Industriestandards passt.<\/p>\n\t<div class=\"img has-hover x md-x lg-x y md-y lg-y\" id=\"image_269434999\">\n\t\t\t\t\t\t\t\t<div class=\"img-inner image-cover dark\" style=\"padding-top:56.25%;\">\n\t\t\t<img loading=\"lazy\" decoding=\"async\" width=\"960\" height=\"540\" src=\"https:\/\/swoer.com\/wp-content\/uploads\/2024\/12\/step-feeder.webp\" class=\"attachment-original size-original\" alt=\"Stufenf\u00f6rderer\" srcset=\"https:\/\/swoer.com\/wp-content\/uploads\/2024\/12\/step-feeder.webp 960w, https:\/\/swoer.com\/wp-content\/uploads\/2024\/12\/step-feeder-300x169.webp 300w, https:\/\/swoer.com\/wp-content\/uploads\/2024\/12\/step-feeder-768x432.webp 768w, https:\/\/swoer.com\/wp-content\/uploads\/2024\/12\/step-feeder-18x10.webp 18w, https:\/\/swoer.com\/wp-content\/uploads\/2024\/12\/step-feeder-600x338.webp 600w\" sizes=\"(max-width: 960px) 100vw, 960px\" \/>\t\t\t\t\t\t\n\t\t\t\t\t<\/div>\n\t\t\t\t\t\t\t\t\n<style>\n#image_269434999 {\n  width: 100%;\n}\n<\/style>\n\t<\/div>\n\t\n\t\t<\/div>\n\n\t\t\n<style>\n#section_1253997650 {\n  padding-top: 30px;\n  padding-bottom: 30px;\n}\n#section_1253997650 .ux-shape-divider--top svg {\n  height: 150px;\n  --divider-top-width: 100%;\n}\n#section_1253997650 .ux-shape-divider--bottom svg {\n  height: 150px;\n  --divider-width: 100%;\n}\n<\/style>\n\t<\/section>\n\t\n\t<section class=\"section\" id=\"section_146290029\">\n\t\t<div class=\"bg section-bg fill bg-fill  bg-loaded\" >\n\n\t\t\t\n\t\t\t\n\t\t\t\n\n\t\t<\/div>\n\n\t\t\n\n\t\t<div class=\"section-content relative\">\n\t\t\t\n<h2>Kontaktiere uns<\/h2>\n\n<div class=\"wpcf7 no-js\" id=\"wpcf7-f280-o1\" lang=\"en-US\" dir=\"ltr\">\n<div class=\"screen-reader-response\"><p role=\"status\" aria-live=\"polite\" aria-atomic=\"true\"><\/p> <ul><\/ul><\/div>\n<form action=\"\/de\/wp-json\/wp\/v2\/product\/2944#wpcf7-f280-o1\" method=\"post\" class=\"wpcf7-form init\" aria-label=\"Kontakt Formular\" novalidate=\"novalidate\" data-status=\"init\" data-trp-original-action=\"\/de\/wp-json\/wp\/v2\/product\/2944#wpcf7-f280-o1\">\n<div style=\"display: none;\">\n<input type=\"hidden\" name=\"_wpcf7\" value=\"280\" \/>\n<input type=\"hidden\" name=\"_wpcf7_version\" value=\"5.9.2\" \/>\n<input type=\"hidden\" name=\"_wpcf7_locale\" value=\"en_US\" \/>\n<input type=\"hidden\" name=\"_wpcf7_unit_tag\" value=\"wpcf7-f280-o1\" \/>\n<input type=\"hidden\" name=\"_wpcf7_container_post\" value=\"0\" \/>\n<input type=\"hidden\" name=\"_wpcf7_posted_data_hash\" value=\"\" \/>\n<\/div>\n<div class='custom_contact_style'>\n\t<div class=\"row row-small\">\n\t\t<div class=\"col medium-6 small-12 large-6\">\n\t\t\t<div class=\"col-inner\">\n\t\t\t\t<p><span class=\"wpcf7-form-control-wrap\" data-name=\"your-name\"><input size=\"40\" class=\"wpcf7-form-control wpcf7-text wpcf7-validates-as-required\" aria-required=\"true\" aria-invalid=\"false\" placeholder=\"Name*\" value=\"\" type=\"text\" name=\"your-name\" \/><\/span>\n\t\t\t\t<\/p>\n\t\t\t<\/div>\n\t\t<\/div>\n\t\t<div class=\"col medium-6 small-12 large-6\">\n\t\t\t<div class=\"col-inner\">\n\t\t\t\t<p><span class=\"wpcf7-form-control-wrap\" data-name=\"your-email\"><input size=\"40\" class=\"wpcf7-form-control wpcf7-email wpcf7-validates-as-required wpcf7-text wpcf7-validates-as-email\" aria-required=\"true\" aria-invalid=\"false\" placeholder=\"Email*\" value=\"\" type=\"email\" name=\"your-email\" \/><\/span>\n\t\t\t\t<\/p>\n\t\t\t<\/div>\n\t\t<\/div>\n\t<\/div>\n\t<div class='cus_contact_form_bottom'>\n\t\t<p><span class=\"wpcf7-form-control-wrap\" data-name=\"your-phone\"><input size=\"40\" class=\"wpcf7-form-control wpcf7-text\" aria-invalid=\"false\" placeholder=\"Telefon\" value=\"\" type=\"text\" name=\"your-phone\" \/><\/span>\n\t\t<\/p>\n\t<\/div>\n\t<div class='cus_contact_form_bottom'>\n\t\t<p><span class=\"wpcf7-form-control-wrap\" data-name=\"your-country\"><input size=\"40\" class=\"wpcf7-form-control wpcf7-text\" aria-invalid=\"false\" placeholder=\"Land\" value=\"\" type=\"text\" name=\"your-country\" \/><\/span>\n\t\t<\/p>\n\t<\/div>\n\t<p><span class=\"wpcf7-form-control-wrap\" data-name=\"your-message\"><textarea cols=\"40\" rows=\"10\" class=\"wpcf7-form-control wpcf7-textarea wpcf7-validates-as-required\" aria-required=\"true\" aria-invalid=\"false\" placeholder=\"Ihre Nachricht *\" name=\"your-message\"><\/textarea><\/span>\n\t<\/p>\n\t<div style=\"margin-bottom:10px;\">\n\t\t<p><span class=\"wpcf7-form-control-wrap kc_captcha cf7ic-toggle\" data-name=\"kc_captcha\"><span class=\"wpcf7-form-control wpcf7-radio\"><span class=\"captcha-image\" style=\"display: none;\"><span class=\"cf7ic_instructions\">Bitte beweisen Sie, dass Sie ein Mensch sind, indem Sie das<span> Schl\u00fcssel<\/span>.<\/span><label><input aria-label=\"1\" type=\"radio\" name=\"kc_captcha\" value=\"bot\" \/><svg aria-hidden=\"true\" role=\"img\" xmlns=\"http:\/\/www.w3.org\/2000\/svg\" viewbox=\"0 0 576 512\"><path fill=\"currentColor\" d=\"M415 24c-53 0-103 42-127 65-24-23-74-65-127-65C70 24 16 77 16 166c0 72 67 133 69 135l187 181c9 8 23 8 32 0l187-180c2-3 69-64 69-136 0-89-54-142-145-142z\"\/><\/svg><\/label><label><input aria-label=\"2\" type=\"radio\" name=\"kc_captcha\" value=\"kc_human\" \/><svg aria-hidden=\"true\" role=\"img\" xmlns=\"http:\/\/www.w3.org\/2000\/svg\" viewbox=\"0 0 512 512\"><path fill=\"currentColor\" d=\"M512 176a176 176 0 01-209 173l-24 27a24 24 0 01-18 8h-37v40c0 13-11 24-24 24h-40v40c0 13-11 24-24 24H24c-13 0-24-11-24-24v-78c0-6 3-13 7-17l162-162a176 176 0 11343-55zm-176-48a48 48 0 1096 0 48 48 0 00-96 0z\"\/><\/svg><\/label><label><input aria-label=\"3\" type=\"radio\" name=\"kc_captcha\" value=\"bot\" \/><svg aria-hidden=\"true\" role=\"img\" xmlns=\"http:\/\/www.w3.org\/2000\/svg\" viewbox=\"0 0 640 512\"><path fill=\"currentColor\" d=\"M624 352h-16V244c0-13-5-25-14-34L494 110c-9-9-21-14-34-14h-44V48c0-26-21-48-48-48H48C22 0 0 22 0 48v320c0 27 22 48 48 48h16a96 96 0 00192 0h128a96 96 0 00192 0h48c9 0 16-7 16-16v-32c0-9-7-16-16-16zM160 464a48 48 0 110-96 48 48 0 010 96zm320 0a48 48 0 110-96 48 48 0 010 96zm80-208H416V144h44l100 100v12z\"\/><\/svg><\/label>\r\n    <\/span>\r\n    <span style=\"display:none\">\r\n        <input type=\"text\" name=\"kc_honeypot\">\r\n    <\/span><\/span><\/span>\n\t\t<\/p>\n\t<\/div>\n\t<p><input class=\"wpcf7-form-control wpcf7-submit has-spinner\" type=\"submit\" value=\"Nachricht senden\" \/>\n\t<\/p>\n<\/div><div class=\"wpcf7-response-output\" aria-hidden=\"true\"><\/div>\n<input type=\"hidden\" name=\"trp-form-language\" value=\"de\"\/><\/form>\n<\/div>\n\n\t\t<\/div>\n\n\t\t\n<style>\n#section_146290029 {\n  padding-top: 30px;\n  padding-bottom: 30px;\n}\n#section_146290029 .ux-shape-divider--top svg {\n  height: 150px;\n  --divider-top-width: 100%;\n}\n#section_146290029 .ux-shape-divider--bottom svg {\n  height: 150px;\n  --divider-width: 100%;\n}\n<\/style>\n\t<\/section>\n\t\n\t<section class=\"section\" id=\"section_834030075\">\n\t\t<div class=\"bg section-bg fill bg-fill  bg-loaded\" >\n\n\t\t\t\n\t\t\t\n\t\t\t\n\n\t\t<\/div>\n\n\t\t\n\n\t\t<div class=\"section-content relative\">\n\t\t\t\n<h2>Stufenf\u00f6rdersysteme mit Vibrationsf\u00f6rderer Video<\/h2>\n<div class=\"video video-fit mb\" style=\"padding-top:50%;\"><p><iframe loading=\"lazy\" title=\"Stufenf\u00f6rderer mit Vibrationswendelf\u00f6rderer - Vibrationsf\u00f6rderer mit Stufenf\u00f6rderband\" width=\"1020\" height=\"574\" src=\"https:\/\/www.youtube.com\/embed\/fK9paG0UEhE?feature=oembed\" frameborder=\"0\" allow=\"accelerometer; autoplay; clipboard-write; encrypted-media; gyroscope; picture-in-picture; web-share\" referrerpolicy=\"strict-origin-when-cross-origin\" allowfullscreen><\/iframe><\/p>\n<\/div>\n\t\t<\/div>\n\n\t\t\n<style>\n#section_834030075 {\n  padding-top: 30px;\n  padding-bottom: 30px;\n}\n#section_834030075 .ux-shape-divider--top svg {\n  height: 150px;\n  --divider-top-width: 100%;\n}\n#section_834030075 .ux-shape-divider--bottom svg {\n  height: 150px;\n  --divider-width: 100%;\n}\n<\/style>\n\t<\/section>","protected":false},"excerpt":{"rendered":"<p>Stufenf\u00f6rderer vereinen Effizienz und Pr\u00e4zision f\u00fcr die automatische Teilezuf\u00fchrung.<\/p>\n<p>Sie sind f\u00fcr die reibungslose Zusammenarbeit mit Vibrationsf\u00f6rderern konzipiert und gew\u00e4hrleisten einen reibungslosen Betrieb und die Anpassungsf\u00e4higkeit an unterschiedliche Anwendungen.<\/p>","protected":false},"featured_media":2945,"comment_status":"open","ping_status":"closed","template":"","meta":[],"product_cat":[39],"product_tag":[],"yoast_head":"<!-- This site is optimized with the Yoast SEO plugin v22.2 - https:\/\/yoast.com\/wordpress\/plugins\/seo\/ -->\n<title>Step Feeders - Step Feeder Systems with Vibratory Feeder - SWOER<\/title>\n<meta name=\"description\" content=\"Reliable Step Feeders and advanced Step Feeder Systems integrated with vibratory feeders. Perfect for precise, automated part feeding in various industries.\" \/>\n<meta name=\"robots\" content=\"index, follow, max-snippet:-1, max-image-preview:large, max-video-preview:-1\" \/>\n<link rel=\"canonical\" href=\"https:\/\/swoer.com\/de\/manufacturer\/step-feeders-step-feeder-systems-with-vibratory-feeder\/\" \/>\n<meta property=\"og:locale\" content=\"de_DE\" \/>\n<meta property=\"og:type\" content=\"article\" \/>\n<meta property=\"og:title\" content=\"Step Feeders - Step Feeder Systems with Vibratory Feeder - SWOER\" \/>\n<meta property=\"og:description\" content=\"Reliable Step Feeders and advanced Step Feeder Systems integrated with vibratory feeders. Perfect for precise, automated part feeding in various industries.\" \/>\n<meta property=\"og:url\" content=\"https:\/\/swoer.com\/de\/manufacturer\/step-feeders-step-feeder-systems-with-vibratory-feeder\/\" \/>\n<meta property=\"og:site_name\" content=\"SWOER\" \/>\n<meta property=\"article:modified_time\" content=\"2025-03-21T01:08:32+00:00\" \/>\n<meta property=\"og:image\" content=\"https:\/\/swoer.com\/wp-content\/uploads\/2024\/12\/Step-Feeder-Systems-with-Vibratory-Feeder.webp\" \/>\n\t<meta property=\"og:image:width\" content=\"1000\" \/>\n\t<meta property=\"og:image:height\" content=\"1000\" \/>\n\t<meta property=\"og:image:type\" content=\"image\/webp\" \/>\n<meta name=\"twitter:card\" content=\"summary_large_image\" \/>\n<meta name=\"twitter:label1\" content=\"Gesch\u00e4tzte Lesezeit\" \/>\n\t<meta name=\"twitter:data1\" content=\"2\u00a0Minuten\" \/>\n<script type=\"application\/ld+json\" class=\"yoast-schema-graph\">{\"@context\":\"https:\/\/schema.org\",\"@graph\":[{\"@type\":\"WebPage\",\"@id\":\"https:\/\/swoer.com\/manufacturer\/step-feeders-step-feeder-systems-with-vibratory-feeder\/\",\"url\":\"https:\/\/swoer.com\/manufacturer\/step-feeders-step-feeder-systems-with-vibratory-feeder\/\",\"name\":\"Step Feeders - Step Feeder Systems with Vibratory Feeder - SWOER\",\"isPartOf\":{\"@id\":\"https:\/\/swoer.com\/#website\"},\"primaryImageOfPage\":{\"@id\":\"https:\/\/swoer.com\/manufacturer\/step-feeders-step-feeder-systems-with-vibratory-feeder\/#primaryimage\"},\"image\":{\"@id\":\"https:\/\/swoer.com\/manufacturer\/step-feeders-step-feeder-systems-with-vibratory-feeder\/#primaryimage\"},\"thumbnailUrl\":\"https:\/\/swoer.com\/wp-content\/uploads\/2024\/12\/Step-Feeder-Systems-with-Vibratory-Feeder.webp\",\"datePublished\":\"2024-12-02T14:55:27+00:00\",\"dateModified\":\"2025-03-21T01:08:32+00:00\",\"description\":\"Reliable Step Feeders and advanced Step Feeder Systems integrated with vibratory feeders. Perfect for precise, automated part feeding in various industries.\",\"breadcrumb\":{\"@id\":\"https:\/\/swoer.com\/manufacturer\/step-feeders-step-feeder-systems-with-vibratory-feeder\/#breadcrumb\"},\"inLanguage\":\"de\",\"potentialAction\":[{\"@type\":\"ReadAction\",\"target\":[\"https:\/\/swoer.com\/manufacturer\/step-feeders-step-feeder-systems-with-vibratory-feeder\/\"]}]},{\"@type\":\"ImageObject\",\"inLanguage\":\"de\",\"@id\":\"https:\/\/swoer.com\/manufacturer\/step-feeders-step-feeder-systems-with-vibratory-feeder\/#primaryimage\",\"url\":\"https:\/\/swoer.com\/wp-content\/uploads\/2024\/12\/Step-Feeder-Systems-with-Vibratory-Feeder.webp\",\"contentUrl\":\"https:\/\/swoer.com\/wp-content\/uploads\/2024\/12\/Step-Feeder-Systems-with-Vibratory-Feeder.webp\",\"width\":1000,\"height\":1000,\"caption\":\"Step Feeder Systems with Vibratory Feeder\"},{\"@type\":\"BreadcrumbList\",\"@id\":\"https:\/\/swoer.com\/manufacturer\/step-feeders-step-feeder-systems-with-vibratory-feeder\/#breadcrumb\",\"itemListElement\":[{\"@type\":\"ListItem\",\"position\":1,\"name\":\"Home\",\"item\":\"https:\/\/swoer.com\/\"},{\"@type\":\"ListItem\",\"position\":2,\"name\":\"Shop\",\"item\":\"https:\/\/swoer.com\/shop\/\"},{\"@type\":\"ListItem\",\"position\":3,\"name\":\"Step Feeders &#8211; Step Feeder Systems with Vibratory Feeder\"}]},{\"@type\":\"WebSite\",\"@id\":\"https:\/\/swoer.com\/#website\",\"url\":\"https:\/\/swoer.com\/\",\"name\":\"SWOER\",\"description\":\"Swoer is the top 3 vibratory bowl feeder manufacturer in China\",\"potentialAction\":[{\"@type\":\"SearchAction\",\"target\":{\"@type\":\"EntryPoint\",\"urlTemplate\":\"https:\/\/swoer.com\/?s={search_term_string}\"},\"query-input\":\"required name=search_term_string\"}],\"inLanguage\":\"de\"}]}<\/script>\n<!-- \/ Yoast SEO plugin. -->","yoast_head_json":{"title":"Step Feeders - Step Feeder Systems with Vibratory Feeder - SWOER","description":"Reliable Step Feeders and advanced Step Feeder Systems integrated with vibratory feeders. Perfect for precise, automated part feeding in various industries.","robots":{"index":"index","follow":"follow","max-snippet":"max-snippet:-1","max-image-preview":"max-image-preview:large","max-video-preview":"max-video-preview:-1"},"canonical":"https:\/\/swoer.com\/de\/manufacturer\/step-feeders-step-feeder-systems-with-vibratory-feeder\/","og_locale":"de_DE","og_type":"article","og_title":"Step Feeders - Step Feeder Systems with Vibratory Feeder - SWOER","og_description":"Reliable Step Feeders and advanced Step Feeder Systems integrated with vibratory feeders. Perfect for precise, automated part feeding in various industries.","og_url":"https:\/\/swoer.com\/de\/manufacturer\/step-feeders-step-feeder-systems-with-vibratory-feeder\/","og_site_name":"SWOER","article_modified_time":"2025-03-21T01:08:32+00:00","og_image":[{"width":1000,"height":1000,"url":"https:\/\/swoer.com\/wp-content\/uploads\/2024\/12\/Step-Feeder-Systems-with-Vibratory-Feeder.webp","type":"image\/webp"}],"twitter_card":"summary_large_image","twitter_misc":{"Gesch\u00e4tzte Lesezeit":"2\u00a0Minuten"},"schema":{"@context":"https:\/\/schema.org","@graph":[{"@type":"WebPage","@id":"https:\/\/swoer.com\/manufacturer\/step-feeders-step-feeder-systems-with-vibratory-feeder\/","url":"https:\/\/swoer.com\/manufacturer\/step-feeders-step-feeder-systems-with-vibratory-feeder\/","name":"Step Feeders - Step Feeder Systems with Vibratory Feeder - SWOER","isPartOf":{"@id":"https:\/\/swoer.com\/#website"},"primaryImageOfPage":{"@id":"https:\/\/swoer.com\/manufacturer\/step-feeders-step-feeder-systems-with-vibratory-feeder\/#primaryimage"},"image":{"@id":"https:\/\/swoer.com\/manufacturer\/step-feeders-step-feeder-systems-with-vibratory-feeder\/#primaryimage"},"thumbnailUrl":"https:\/\/swoer.com\/wp-content\/uploads\/2024\/12\/Step-Feeder-Systems-with-Vibratory-Feeder.webp","datePublished":"2024-12-02T14:55:27+00:00","dateModified":"2025-03-21T01:08:32+00:00","description":"Reliable Step Feeders and advanced Step Feeder Systems integrated with vibratory feeders. Perfect for precise, automated part feeding in various industries.","breadcrumb":{"@id":"https:\/\/swoer.com\/manufacturer\/step-feeders-step-feeder-systems-with-vibratory-feeder\/#breadcrumb"},"inLanguage":"de","potentialAction":[{"@type":"ReadAction","target":["https:\/\/swoer.com\/manufacturer\/step-feeders-step-feeder-systems-with-vibratory-feeder\/"]}]},{"@type":"ImageObject","inLanguage":"de","@id":"https:\/\/swoer.com\/manufacturer\/step-feeders-step-feeder-systems-with-vibratory-feeder\/#primaryimage","url":"https:\/\/swoer.com\/wp-content\/uploads\/2024\/12\/Step-Feeder-Systems-with-Vibratory-Feeder.webp","contentUrl":"https:\/\/swoer.com\/wp-content\/uploads\/2024\/12\/Step-Feeder-Systems-with-Vibratory-Feeder.webp","width":1000,"height":1000,"caption":"Step Feeder Systems with Vibratory Feeder"},{"@type":"BreadcrumbList","@id":"https:\/\/swoer.com\/manufacturer\/step-feeders-step-feeder-systems-with-vibratory-feeder\/#breadcrumb","itemListElement":[{"@type":"ListItem","position":1,"name":"Home","item":"https:\/\/swoer.com\/"},{"@type":"ListItem","position":2,"name":"Shop","item":"https:\/\/swoer.com\/shop\/"},{"@type":"ListItem","position":3,"name":"Step Feeders &#8211; Step Feeder Systems with Vibratory Feeder"}]},{"@type":"WebSite","@id":"https:\/\/swoer.com\/#website","url":"https:\/\/swoer.com\/","name":"SWOER","description":"Swoer is the top 3 vibratory bowl feeder manufacturer in China","potentialAction":[{"@type":"SearchAction","target":{"@type":"EntryPoint","urlTemplate":"https:\/\/swoer.com\/?s={search_term_string}"},"query-input":"required name=search_term_string"}],"inLanguage":"de"}]}},"_links":{"self":[{"href":"https:\/\/swoer.com\/de\/wp-json\/wp\/v2\/product\/2944"}],"collection":[{"href":"https:\/\/swoer.com\/de\/wp-json\/wp\/v2\/product"}],"about":[{"href":"https:\/\/swoer.com\/de\/wp-json\/wp\/v2\/types\/product"}],"replies":[{"embeddable":true,"href":"https:\/\/swoer.com\/de\/wp-json\/wp\/v2\/comments?post=2944"}],"wp:featuredmedia":[{"embeddable":true,"href":"https:\/\/swoer.com\/de\/wp-json\/wp\/v2\/media\/2945"}],"wp:attachment":[{"href":"https:\/\/swoer.com\/de\/wp-json\/wp\/v2\/media?parent=2944"}],"wp:term":[{"taxonomy":"product_cat","embeddable":true,"href":"https:\/\/swoer.com\/de\/wp-json\/wp\/v2\/product_cat?post=2944"},{"taxonomy":"product_tag","embeddable":true,"href":"https:\/\/swoer.com\/de\/wp-json\/wp\/v2\/product_tag?post=2944"}],"curies":[{"name":"wp","href":"https:\/\/api.w.org\/{rel}","templated":true}]}}