{"id":2805,"date":"2024-10-13T16:55:12","date_gmt":"2024-10-13T08:55:12","guid":{"rendered":"https:\/\/swoer.com\/?post_type=product&#038;p=2805"},"modified":"2025-03-21T09:07:32","modified_gmt":"2025-03-21T01:07:32","slug":"vibratory-feeder-bowl-for-springs","status":"publish","type":"product","link":"https:\/\/swoer.com\/de\/manufacturer\/vibratory-feeder-bowl-for-springs\/","title":{"rendered":"Vibrationsf\u00f6rderer f\u00fcr Federn"},"content":{"rendered":"<section class=\"section\" id=\"section_600992749\">\n\t\t<div class=\"bg section-bg fill bg-fill  bg-loaded\" >\n\n\t\t\t\n\t\t\t\n\t\t\t\n\n\t\t<\/div>\n\n\t\t\n\n\t\t<div class=\"section-content relative\">\n\t\t\t\n<h2>Spezifikation<\/h2>\n<table width=\"874\">\n<tbody>\n<tr>\n<td width=\"183\">Produktname<\/td>\n<td width=\"691\">Vibrationsf\u00f6rderer f\u00fcr Federn<\/td>\n<\/tr>\n<tr>\n<td>Material<\/td>\n<td>\u00a0SUS201\/304<\/td>\n<\/tr>\n<tr>\n<td>Materialspezialit\u00e4t<\/td>\n<td>Kaltbehandlungsschmiedelegierung, Hohe Festigkeit, Hohe H\u00e4rte<\/td>\n<\/tr>\n<tr>\n<td>Stromspannung<\/td>\n<td>220 V<\/td>\n<\/tr>\n<tr>\n<td>Leistung<\/td>\n<td>65 W \/ 150 W \/ 180 W \/ 220 W \/ 350 W<\/td>\n<\/tr>\n<tr>\n<td>Authentifizierung<\/td>\n<td>CE, ROHS, ISO9001<\/td>\n<\/tr>\n<tr>\n<td>Garantie<\/td>\n<td>1 Jahr Garantie<\/td>\n<\/tr>\n<tr>\n<td>Mindestbestellmenge<\/td>\n<td>1 Satz<\/td>\n<\/tr>\n<tr>\n<td>Vorlaufzeit<\/td>\n<td>10-14 Tage<\/td>\n<\/tr>\n<tr>\n<td>Zahlungsfrist<\/td>\n<td>T\/T 40% Anzahlung und Restbetrag vor dem Versand<\/td>\n<\/tr>\n<tr>\n<td>Original des Ortes<\/td>\n<td>China<\/td>\n<\/tr>\n<\/tbody>\n<\/table>\n\t\t<\/div>\n\n\t\t\n<style>\n#section_600992749 {\n  padding-top: 30px;\n  padding-bottom: 30px;\n}\n#section_600992749 .ux-shape-divider--top svg {\n  height: 150px;\n  --divider-top-width: 100%;\n}\n#section_600992749 .ux-shape-divider--bottom svg {\n  height: 150px;\n  --divider-width: 100%;\n}\n<\/style>\n\t<\/section>\n\t\n\t<section class=\"section\" id=\"section_1590921244\">\n\t\t<div class=\"bg section-bg fill bg-fill  bg-loaded\" >\n\n\t\t\t\n\t\t\t\n\t\t\t\n\n\t\t<\/div>\n\n\t\t\n\n\t\t<div class=\"section-content relative\">\n\t\t\t\n<h2>Vorteile:<\/h2>\n<ul>\n<li><strong>Ma\u00dfgeschneiderte L\u00f6sungen<\/strong>: Jeder Feeder ist so konzipiert, dass er die individuellen Anforderungen Ihrer Federkomponenten erf\u00fcllt.<\/li>\n<li><strong>Gesteigerte Effizienz<\/strong>: Unsere Feeder optimieren Ihren Produktionsprozess, reduzieren Ausfallzeiten und steigern die Produktivit\u00e4t.<\/li>\n<li><strong>Zuverl\u00e4ssige Leistung<\/strong>: Unsere Vibrationsf\u00f6rderer werden aus langlebigen Materialien gefertigt und gew\u00e4hrleisten einen gleichm\u00e4\u00dfigen Betrieb und eine lange Lebensdauer.<\/li>\n<li><strong>Support durch Experten<\/strong>: Unser erfahrenes Team unterst\u00fctzt Sie gerne bei der Auswahl des optimalen Feeders f\u00fcr Ihren Bedarf.<\/li>\n<\/ul>\n\t\t<\/div>\n\n\t\t\n<style>\n#section_1590921244 {\n  padding-top: 30px;\n  padding-bottom: 30px;\n}\n#section_1590921244 .ux-shape-divider--top svg {\n  height: 150px;\n  --divider-top-width: 100%;\n}\n#section_1590921244 .ux-shape-divider--bottom svg {\n  height: 150px;\n  --divider-width: 100%;\n}\n<\/style>\n\t<\/section>\n\t\n\t<section class=\"section\" id=\"section_398415904\">\n\t\t<div class=\"bg section-bg fill bg-fill  bg-loaded\" >\n\n\t\t\t\n\t\t\t\n\t\t\t\n\n\t\t<\/div>\n\n\t\t\n\n\t\t<div class=\"section-content relative\">\n\t\t\t\n<h2>Kontaktiere uns<\/h2>\n<p><span style=\"color: #555555; font-size: 14.4px;\">W\u00e4hlen Sie SWOER f\u00fcr zuverl\u00e4ssige und effiziente F\u00fctterungsl\u00f6sungen!<\/span><\/p>\n\n<div class=\"wpcf7 no-js\" id=\"wpcf7-f5-o1\" lang=\"en-US\" dir=\"ltr\">\n<div class=\"screen-reader-response\"><p role=\"status\" aria-live=\"polite\" aria-atomic=\"true\"><\/p> <ul><\/ul><\/div>\n<form action=\"\/de\/wp-json\/wp\/v2\/product\/2805#wpcf7-f5-o1\" method=\"post\" class=\"wpcf7-form init\" aria-label=\"Kontakt Formular\" novalidate=\"novalidate\" data-status=\"init\" data-trp-original-action=\"\/de\/wp-json\/wp\/v2\/product\/2805#wpcf7-f5-o1\">\n<div style=\"display: none;\">\n<input type=\"hidden\" name=\"_wpcf7\" value=\"5\" \/>\n<input type=\"hidden\" name=\"_wpcf7_version\" value=\"5.9.2\" \/>\n<input type=\"hidden\" name=\"_wpcf7_locale\" value=\"en_US\" \/>\n<input type=\"hidden\" name=\"_wpcf7_unit_tag\" value=\"wpcf7-f5-o1\" \/>\n<input type=\"hidden\" name=\"_wpcf7_container_post\" value=\"0\" \/>\n<input type=\"hidden\" name=\"_wpcf7_posted_data_hash\" value=\"\" \/>\n<\/div>\n<div class='custom_contact_style'>\n\t<p><label> Ihr Name<br \/>\n<span class=\"wpcf7-form-control-wrap\" data-name=\"your-name\"><input size=\"40\" class=\"wpcf7-form-control wpcf7-text wpcf7-validates-as-required\" autocomplete=\"name\" aria-required=\"true\" aria-invalid=\"false\" value=\"\" type=\"text\" name=\"your-name\" \/><\/span> <\/label>\n\t<\/p>\n\t<p><label> Deine E-Mail<br \/>\n<span class=\"wpcf7-form-control-wrap\" data-name=\"your-email\"><input size=\"40\" class=\"wpcf7-form-control wpcf7-email wpcf7-validates-as-required wpcf7-text wpcf7-validates-as-email\" autocomplete=\"email\" aria-required=\"true\" aria-invalid=\"false\" value=\"\" type=\"email\" name=\"your-email\" \/><\/span> <\/label>\n\t<\/p>\n\t<p><label> Ihre Nachricht (optional)<br \/>\n<span class=\"wpcf7-form-control-wrap\" data-name=\"your-message\"><textarea cols=\"40\" rows=\"10\" class=\"wpcf7-form-control wpcf7-textarea\" aria-invalid=\"false\" name=\"your-message\"><\/textarea><\/span> <\/label>\n\t<\/p>\n\t<div style=\"margin-bottom:10px;\">\n\t\t<p><span class=\"wpcf7-form-control-wrap kc_captcha cf7ic-toggle\" data-name=\"kc_captcha\"><span class=\"wpcf7-form-control wpcf7-radio\"><span class=\"captcha-image\" style=\"display: none;\"><span class=\"cf7ic_instructions\">Bitte beweisen Sie, dass Sie ein Mensch sind, indem Sie das<span> Schl\u00fcssel<\/span>.<\/span><label><input aria-label=\"1\" type=\"radio\" name=\"kc_captcha\" value=\"bot\" \/><svg aria-hidden=\"true\" role=\"img\" xmlns=\"http:\/\/www.w3.org\/2000\/svg\" viewbox=\"0 0 640 512\"><path fill=\"currentColor\" d=\"M192 384h192c53 0 96-43 96-96h32a128 128 0 000-256H120c-13 0-24 11-24 24v232c0 53 43 96 96 96zM512 96a64 64 0 010 128h-32V96h32zm48 384H48c-47 0-61-64-36-64h584c25 0 11 64-36 64z\"\/><\/svg><\/label><label><input aria-label=\"2\" type=\"radio\" name=\"kc_captcha\" value=\"kc_human\" \/><svg aria-hidden=\"true\" role=\"img\" xmlns=\"http:\/\/www.w3.org\/2000\/svg\" viewbox=\"0 0 512 512\"><path fill=\"currentColor\" d=\"M512 176a176 176 0 01-209 173l-24 27a24 24 0 01-18 8h-37v40c0 13-11 24-24 24h-40v40c0 13-11 24-24 24H24c-13 0-24-11-24-24v-78c0-6 3-13 7-17l162-162a176 176 0 11343-55zm-176-48a48 48 0 1096 0 48 48 0 00-96 0z\"\/><\/svg><\/label><label><input aria-label=\"3\" type=\"radio\" name=\"kc_captcha\" value=\"bot\" \/><svg aria-hidden=\"true\" role=\"img\" xmlns=\"http:\/\/www.w3.org\/2000\/svg\" viewbox=\"0 0 576 512\"><path fill=\"currentColor\" d=\"M472 200H360L256 6a12 12 0 00-10-6h-58c-8 0-14 7-12 15l34 185H100l-35-58a12 12 0 00-10-6H12c-8 0-13 7-12 14l21 106L0 362c-1 7 4 14 12 14h43c4 0 8-2 10-6l35-58h110l-34 185c-2 8 4 15 12 15h58a12 12 0 0010-6l104-194h112c57 0 104-25 104-56s-47-56-104-56z\"\/><\/svg><\/label>\r\n    <\/span>\r\n    <span style=\"display:none\">\r\n        <input type=\"text\" name=\"kc_honeypot\">\r\n    <\/span><\/span><\/span>\n\t\t<\/p>\n\t<\/div>\n\t<p><input class=\"wpcf7-form-control wpcf7-submit has-spinner\" type=\"submit\" value=\"Einreichen\" \/>\n\t<\/p>\n<\/div><div class=\"wpcf7-response-output\" aria-hidden=\"true\"><\/div>\n<input type=\"hidden\" name=\"trp-form-language\" value=\"de\"\/><\/form>\n<\/div>\n\n\t\t<\/div>\n\n\t\t\n<style>\n#section_398415904 {\n  padding-top: 30px;\n  padding-bottom: 30px;\n}\n#section_398415904 .ux-shape-divider--top svg {\n  height: 150px;\n  --divider-top-width: 100%;\n}\n#section_398415904 .ux-shape-divider--bottom svg {\n  height: 150px;\n  --divider-width: 100%;\n}\n<\/style>\n\t<\/section>","protected":false},"excerpt":{"rendered":"<p>Bei SWOER fertigen wir hochwertige Vibrationsf\u00f6rderschalen, die speziell f\u00fcr Federn entwickelt wurden. Unsere kundenspezifischen L\u00f6sungen decken eine breite Palette von Gr\u00f6\u00dfen und Spezifikationen ab und gew\u00e4hrleisten optimale Leistung in Ihrer Produktionslinie.<\/p>","protected":false},"featured_media":2806,"comment_status":"open","ping_status":"closed","template":"","meta":[],"product_cat":[37],"product_tag":[],"yoast_head":"<!-- This site is optimized with the Yoast SEO plugin v22.2 - https:\/\/yoast.com\/wordpress\/plugins\/seo\/ -->\n<title>Vibratory Feeder Bowl for Springs | Vibratory Feeder for Springs<\/title>\n<meta name=\"description\" content=\"Find custom vibratory feeder bowls for springs of all sizes. SWOER delivers tailored solutions that efficiently meet your specific requirements.\" \/>\n<meta name=\"robots\" content=\"index, follow, max-snippet:-1, max-image-preview:large, max-video-preview:-1\" \/>\n<link rel=\"canonical\" href=\"https:\/\/swoer.com\/de\/manufacturer\/vibratory-feeder-bowl-for-springs\/\" \/>\n<meta property=\"og:locale\" content=\"de_DE\" \/>\n<meta property=\"og:type\" content=\"article\" \/>\n<meta property=\"og:title\" content=\"Vibratory Feeder Bowl for Springs | Vibratory Feeder for Springs\" \/>\n<meta property=\"og:description\" content=\"Find custom vibratory feeder bowls for springs of all sizes. SWOER delivers tailored solutions that efficiently meet your specific requirements.\" \/>\n<meta property=\"og:url\" content=\"https:\/\/swoer.com\/de\/manufacturer\/vibratory-feeder-bowl-for-springs\/\" \/>\n<meta property=\"og:site_name\" content=\"SWOER\" \/>\n<meta property=\"article:modified_time\" content=\"2025-03-21T01:07:32+00:00\" \/>\n<meta property=\"og:image\" content=\"https:\/\/swoer.com\/wp-content\/uploads\/2024\/10\/Vibratory-Feeder-Bowl-for-Springs.webp\" \/>\n\t<meta property=\"og:image:width\" content=\"1000\" \/>\n\t<meta property=\"og:image:height\" content=\"1000\" \/>\n\t<meta property=\"og:image:type\" content=\"image\/webp\" \/>\n<meta name=\"twitter:card\" content=\"summary_large_image\" \/>\n<meta name=\"twitter:label1\" content=\"Gesch\u00e4tzte Lesezeit\" \/>\n\t<meta name=\"twitter:data1\" content=\"1\u00a0Minute\" \/>\n<script type=\"application\/ld+json\" class=\"yoast-schema-graph\">{\"@context\":\"https:\/\/schema.org\",\"@graph\":[{\"@type\":\"WebPage\",\"@id\":\"https:\/\/swoer.com\/manufacturer\/vibratory-feeder-bowl-for-springs\/\",\"url\":\"https:\/\/swoer.com\/manufacturer\/vibratory-feeder-bowl-for-springs\/\",\"name\":\"Vibratory Feeder Bowl for Springs | Vibratory Feeder for Springs\",\"isPartOf\":{\"@id\":\"https:\/\/swoer.com\/#website\"},\"primaryImageOfPage\":{\"@id\":\"https:\/\/swoer.com\/manufacturer\/vibratory-feeder-bowl-for-springs\/#primaryimage\"},\"image\":{\"@id\":\"https:\/\/swoer.com\/manufacturer\/vibratory-feeder-bowl-for-springs\/#primaryimage\"},\"thumbnailUrl\":\"https:\/\/swoer.com\/wp-content\/uploads\/2024\/10\/Vibratory-Feeder-Bowl-for-Springs.webp\",\"datePublished\":\"2024-10-13T08:55:12+00:00\",\"dateModified\":\"2025-03-21T01:07:32+00:00\",\"description\":\"Find custom vibratory feeder bowls for springs of all sizes. SWOER delivers tailored solutions that efficiently meet your specific requirements.\",\"breadcrumb\":{\"@id\":\"https:\/\/swoer.com\/manufacturer\/vibratory-feeder-bowl-for-springs\/#breadcrumb\"},\"inLanguage\":\"de\",\"potentialAction\":[{\"@type\":\"ReadAction\",\"target\":[\"https:\/\/swoer.com\/manufacturer\/vibratory-feeder-bowl-for-springs\/\"]}]},{\"@type\":\"ImageObject\",\"inLanguage\":\"de\",\"@id\":\"https:\/\/swoer.com\/manufacturer\/vibratory-feeder-bowl-for-springs\/#primaryimage\",\"url\":\"https:\/\/swoer.com\/wp-content\/uploads\/2024\/10\/Vibratory-Feeder-Bowl-for-Springs.webp\",\"contentUrl\":\"https:\/\/swoer.com\/wp-content\/uploads\/2024\/10\/Vibratory-Feeder-Bowl-for-Springs.webp\",\"width\":1000,\"height\":1000,\"caption\":\"Vibratory Feeder Bowl for Springs\"},{\"@type\":\"BreadcrumbList\",\"@id\":\"https:\/\/swoer.com\/manufacturer\/vibratory-feeder-bowl-for-springs\/#breadcrumb\",\"itemListElement\":[{\"@type\":\"ListItem\",\"position\":1,\"name\":\"Home\",\"item\":\"https:\/\/swoer.com\/\"},{\"@type\":\"ListItem\",\"position\":2,\"name\":\"Shop\",\"item\":\"https:\/\/swoer.com\/shop\/\"},{\"@type\":\"ListItem\",\"position\":3,\"name\":\"Vibratory Feeder Bowl for Springs\"}]},{\"@type\":\"WebSite\",\"@id\":\"https:\/\/swoer.com\/#website\",\"url\":\"https:\/\/swoer.com\/\",\"name\":\"SWOER\",\"description\":\"Swoer is the top 3 vibratory bowl feeder manufacturer in China\",\"potentialAction\":[{\"@type\":\"SearchAction\",\"target\":{\"@type\":\"EntryPoint\",\"urlTemplate\":\"https:\/\/swoer.com\/?s={search_term_string}\"},\"query-input\":\"required name=search_term_string\"}],\"inLanguage\":\"de\"}]}<\/script>\n<!-- \/ Yoast SEO plugin. -->","yoast_head_json":{"title":"Vibratory Feeder Bowl for Springs | Vibratory Feeder for Springs","description":"Find custom vibratory feeder bowls for springs of all sizes. SWOER delivers tailored solutions that efficiently meet your specific requirements.","robots":{"index":"index","follow":"follow","max-snippet":"max-snippet:-1","max-image-preview":"max-image-preview:large","max-video-preview":"max-video-preview:-1"},"canonical":"https:\/\/swoer.com\/de\/manufacturer\/vibratory-feeder-bowl-for-springs\/","og_locale":"de_DE","og_type":"article","og_title":"Vibratory Feeder Bowl for Springs | Vibratory Feeder for Springs","og_description":"Find custom vibratory feeder bowls for springs of all sizes. SWOER delivers tailored solutions that efficiently meet your specific requirements.","og_url":"https:\/\/swoer.com\/de\/manufacturer\/vibratory-feeder-bowl-for-springs\/","og_site_name":"SWOER","article_modified_time":"2025-03-21T01:07:32+00:00","og_image":[{"width":1000,"height":1000,"url":"https:\/\/swoer.com\/wp-content\/uploads\/2024\/10\/Vibratory-Feeder-Bowl-for-Springs.webp","type":"image\/webp"}],"twitter_card":"summary_large_image","twitter_misc":{"Gesch\u00e4tzte Lesezeit":"1\u00a0Minute"},"schema":{"@context":"https:\/\/schema.org","@graph":[{"@type":"WebPage","@id":"https:\/\/swoer.com\/manufacturer\/vibratory-feeder-bowl-for-springs\/","url":"https:\/\/swoer.com\/manufacturer\/vibratory-feeder-bowl-for-springs\/","name":"Vibratory Feeder Bowl for Springs | Vibratory Feeder for Springs","isPartOf":{"@id":"https:\/\/swoer.com\/#website"},"primaryImageOfPage":{"@id":"https:\/\/swoer.com\/manufacturer\/vibratory-feeder-bowl-for-springs\/#primaryimage"},"image":{"@id":"https:\/\/swoer.com\/manufacturer\/vibratory-feeder-bowl-for-springs\/#primaryimage"},"thumbnailUrl":"https:\/\/swoer.com\/wp-content\/uploads\/2024\/10\/Vibratory-Feeder-Bowl-for-Springs.webp","datePublished":"2024-10-13T08:55:12+00:00","dateModified":"2025-03-21T01:07:32+00:00","description":"Find custom vibratory feeder bowls for springs of all sizes. SWOER delivers tailored solutions that efficiently meet your specific requirements.","breadcrumb":{"@id":"https:\/\/swoer.com\/manufacturer\/vibratory-feeder-bowl-for-springs\/#breadcrumb"},"inLanguage":"de","potentialAction":[{"@type":"ReadAction","target":["https:\/\/swoer.com\/manufacturer\/vibratory-feeder-bowl-for-springs\/"]}]},{"@type":"ImageObject","inLanguage":"de","@id":"https:\/\/swoer.com\/manufacturer\/vibratory-feeder-bowl-for-springs\/#primaryimage","url":"https:\/\/swoer.com\/wp-content\/uploads\/2024\/10\/Vibratory-Feeder-Bowl-for-Springs.webp","contentUrl":"https:\/\/swoer.com\/wp-content\/uploads\/2024\/10\/Vibratory-Feeder-Bowl-for-Springs.webp","width":1000,"height":1000,"caption":"Vibratory Feeder Bowl for Springs"},{"@type":"BreadcrumbList","@id":"https:\/\/swoer.com\/manufacturer\/vibratory-feeder-bowl-for-springs\/#breadcrumb","itemListElement":[{"@type":"ListItem","position":1,"name":"Home","item":"https:\/\/swoer.com\/"},{"@type":"ListItem","position":2,"name":"Shop","item":"https:\/\/swoer.com\/shop\/"},{"@type":"ListItem","position":3,"name":"Vibratory Feeder Bowl for Springs"}]},{"@type":"WebSite","@id":"https:\/\/swoer.com\/#website","url":"https:\/\/swoer.com\/","name":"SWOER","description":"Swoer is the top 3 vibratory bowl feeder manufacturer in China","potentialAction":[{"@type":"SearchAction","target":{"@type":"EntryPoint","urlTemplate":"https:\/\/swoer.com\/?s={search_term_string}"},"query-input":"required name=search_term_string"}],"inLanguage":"de"}]}},"_links":{"self":[{"href":"https:\/\/swoer.com\/de\/wp-json\/wp\/v2\/product\/2805"}],"collection":[{"href":"https:\/\/swoer.com\/de\/wp-json\/wp\/v2\/product"}],"about":[{"href":"https:\/\/swoer.com\/de\/wp-json\/wp\/v2\/types\/product"}],"replies":[{"embeddable":true,"href":"https:\/\/swoer.com\/de\/wp-json\/wp\/v2\/comments?post=2805"}],"wp:featuredmedia":[{"embeddable":true,"href":"https:\/\/swoer.com\/de\/wp-json\/wp\/v2\/media\/2806"}],"wp:attachment":[{"href":"https:\/\/swoer.com\/de\/wp-json\/wp\/v2\/media?parent=2805"}],"wp:term":[{"taxonomy":"product_cat","embeddable":true,"href":"https:\/\/swoer.com\/de\/wp-json\/wp\/v2\/product_cat?post=2805"},{"taxonomy":"product_tag","embeddable":true,"href":"https:\/\/swoer.com\/de\/wp-json\/wp\/v2\/product_tag?post=2805"}],"curies":[{"name":"wp","href":"https:\/\/api.w.org\/{rel}","templated":true}]}}