{"id":2798,"date":"2024-11-06T22:05:54","date_gmt":"2024-11-06T14:05:54","guid":{"rendered":"https:\/\/swoer.com\/?post_type=product&#038;p=2798"},"modified":"2025-03-21T09:07:14","modified_gmt":"2025-03-21T01:07:14","slug":"two-tracks-vibratory-bowl-feeder-for-plastic-parts","status":"publish","type":"product","link":"https:\/\/swoer.com\/de\/manufacturer\/two-tracks-vibratory-bowl-feeder-for-plastic-parts\/","title":{"rendered":"Zweispuriger Vibrationsf\u00f6rderer f\u00fcr Kunststoffteile"},"content":{"rendered":"<h2>Spezifikation<\/h2>\n<table width=\"874\">\n<tbody>\n<tr>\n<td width=\"183\">Produktname<\/td>\n<td width=\"691\">Zweispuriger Vibrationsf\u00f6rderer f\u00fcr Kunststoffteile<\/td>\n<\/tr>\n<tr>\n<td>Material<\/td>\n<td>\u00a0SUS201\/304<\/td>\n<\/tr>\n<tr>\n<td>Materialspezialit\u00e4t<\/td>\n<td>Kaltbehandlungsschmiedelegierung, Hohe Festigkeit, Hohe H\u00e4rte<\/td>\n<\/tr>\n<tr>\n<td>Stromspannung<\/td>\n<td>220 V<\/td>\n<\/tr>\n<tr>\n<td>Leistung<\/td>\n<td>65 W \/ 150 W \/ 180 W \/ 220 W \/ 350 W<\/td>\n<\/tr>\n<tr>\n<td>Authentifizierung<\/td>\n<td>CE, ROHS, ISO9001<\/td>\n<\/tr>\n<tr>\n<td>Garantie<\/td>\n<td>1 Jahr Garantie<\/td>\n<\/tr>\n<tr>\n<td>Mindestbestellmenge<\/td>\n<td>1 Satz<\/td>\n<\/tr>\n<tr>\n<td>Vorlaufzeit<\/td>\n<td>10-14 Tage<\/td>\n<\/tr>\n<tr>\n<td>Zahlungsfrist<\/td>\n<td>T\/T 40% Anzahlung und Restbetrag vor dem Versand<\/td>\n<\/tr>\n<tr>\n<td>Original des Ortes<\/td>\n<td>China<\/td>\n<\/tr>\n<\/tbody>\n<\/table>\n\t<div id=\"gap-1806948883\" class=\"gap-element clearfix\" style=\"display:block; height:auto;\">\n\t\t\n<style>\n#gap-1806948883 {\n  padding-top: 30px;\n}\n<\/style>\n\t<\/div>\n\t\n<h2>Merkmale<\/h2>\n<ol>\n<li><strong>Dual-Track-Design<\/strong>: Behandelt mehrere Kunststoffteile gleichzeitig und steigert so die Produktionseffizienz.<\/li>\n<li><strong>H\u00f6here Produktionsgeschwindigkeit<\/strong>: Reduziert die Produktionszyklen erheblich, um hohen Produktionsanforderungen gerecht zu werden.<\/li>\n<li><strong>Reduzierte Ausfallzeiten<\/strong>: Optimiert den Materialtransfer, senkt die Wartungsh\u00e4ufigkeit und gew\u00e4hrleistet eine kontinuierliche Produktion.<\/li>\n<li><strong>Starke Kompatibilit\u00e4t<\/strong>: Einfache Integration in verschiedene Automatisierungssysteme und steigert so die Gesamteffizienz.<\/li>\n<li><strong>Pr\u00e4zise Orientierung<\/strong>: Gew\u00e4hrleistet die genaue Positionierung der Teile w\u00e4hrend des Transports und minimiert so Fehler und Abfall.<\/li>\n<li><strong>Haltbarkeit<\/strong>: Hergestellt aus hochwertigen Materialien f\u00fcr den Langzeitgebrauch, wodurch die Austauschh\u00e4ufigkeit reduziert wird.<\/li>\n<li><strong>Platzsparend<\/strong>: Die zweigleisige Struktur ben\u00f6tigt weniger Platz und optimiert das Fabriklayout.<\/li>\n<\/ol>\n\t<div id=\"gap-1290000761\" class=\"gap-element clearfix\" style=\"display:block; height:auto;\">\n\t\t\n<style>\n#gap-1290000761 {\n  padding-top: 30px;\n}\n<\/style>\n\t<\/div>\n\t\n<h3><strong>Kontaktieren Sie jetzt unsere Ingenieure<\/strong><\/h3>\n<p>Passen Sie den Vibrationsf\u00f6rderer an die Form und Gr\u00f6\u00dfe Ihrer Teile und die ben\u00f6tigte Geschwindigkeit an.<\/p>\n\n<div class=\"wpcf7 no-js\" id=\"wpcf7-f5-o1\" lang=\"en-US\" dir=\"ltr\">\n<div class=\"screen-reader-response\"><p role=\"status\" aria-live=\"polite\" aria-atomic=\"true\"><\/p> <ul><\/ul><\/div>\n<form action=\"\/de\/wp-json\/wp\/v2\/product\/2798#wpcf7-f5-o1\" method=\"post\" class=\"wpcf7-form init\" aria-label=\"Kontakt Formular\" novalidate=\"novalidate\" data-status=\"init\" data-trp-original-action=\"\/de\/wp-json\/wp\/v2\/product\/2798#wpcf7-f5-o1\">\n<div style=\"display: none;\">\n<input type=\"hidden\" name=\"_wpcf7\" value=\"5\" \/>\n<input type=\"hidden\" name=\"_wpcf7_version\" value=\"5.9.2\" \/>\n<input type=\"hidden\" name=\"_wpcf7_locale\" value=\"en_US\" \/>\n<input type=\"hidden\" name=\"_wpcf7_unit_tag\" value=\"wpcf7-f5-o1\" \/>\n<input type=\"hidden\" name=\"_wpcf7_container_post\" value=\"0\" \/>\n<input type=\"hidden\" name=\"_wpcf7_posted_data_hash\" value=\"\" \/>\n<\/div>\n<div class='custom_contact_style'>\n\t<p><label> Ihr Name<br \/>\n<span class=\"wpcf7-form-control-wrap\" data-name=\"your-name\"><input size=\"40\" class=\"wpcf7-form-control wpcf7-text wpcf7-validates-as-required\" autocomplete=\"name\" aria-required=\"true\" aria-invalid=\"false\" value=\"\" type=\"text\" name=\"your-name\" \/><\/span> <\/label>\n\t<\/p>\n\t<p><label> Deine E-Mail<br \/>\n<span class=\"wpcf7-form-control-wrap\" data-name=\"your-email\"><input size=\"40\" class=\"wpcf7-form-control wpcf7-email wpcf7-validates-as-required wpcf7-text wpcf7-validates-as-email\" autocomplete=\"email\" aria-required=\"true\" aria-invalid=\"false\" value=\"\" type=\"email\" name=\"your-email\" \/><\/span> <\/label>\n\t<\/p>\n\t<p><label> Ihre Nachricht (optional)<br \/>\n<span class=\"wpcf7-form-control-wrap\" data-name=\"your-message\"><textarea cols=\"40\" rows=\"10\" class=\"wpcf7-form-control wpcf7-textarea\" aria-invalid=\"false\" name=\"your-message\"><\/textarea><\/span> <\/label>\n\t<\/p>\n\t<div style=\"margin-bottom:10px;\">\n\t\t<p><span class=\"wpcf7-form-control-wrap kc_captcha cf7ic-toggle\" data-name=\"kc_captcha\"><span class=\"wpcf7-form-control wpcf7-radio\"><span class=\"captcha-image\" style=\"display: none;\"><span class=\"cf7ic_instructions\">Bitte beweisen Sie, dass Sie ein Mensch sind, indem Sie das<span> plane<\/span>.<\/span><label><input aria-label=\"1\" type=\"radio\" name=\"kc_captcha\" value=\"bot\" \/><svg aria-hidden=\"true\" role=\"img\" xmlns=\"http:\/\/www.w3.org\/2000\/svg\" viewbox=\"0 0 640 512\"><path fill=\"currentColor\" d=\"M192 384h192c53 0 96-43 96-96h32a128 128 0 000-256H120c-13 0-24 11-24 24v232c0 53 43 96 96 96zM512 96a64 64 0 010 128h-32V96h32zm48 384H48c-47 0-61-64-36-64h584c25 0 11 64-36 64z\"\/><\/svg><\/label><label><input aria-label=\"2\" type=\"radio\" name=\"kc_captcha\" value=\"bot\" \/><svg aria-hidden=\"true\" role=\"img\" xmlns=\"http:\/\/www.w3.org\/2000\/svg\" viewbox=\"0 0 384 512\"><path fill=\"currentColor\" d=\"M377 375l-83-87h34c21 0 32-25 17-40l-82-88h33c21 0 32-25 18-40L210 8c-10-11-26-11-36 0L70 120c-14 15-3 40 18 40h33l-82 88c-15 15-4 40 17 40h34L7 375c-15 16-4 41 17 41h120c0 33-11 49-34 68-12 9-5 28 10 28h144c15 0 22-19 10-28-20-16-34-32-34-68h120c21 0 32-25 17-41z\"\/><\/svg><\/label><label><input aria-label=\"3\" type=\"radio\" name=\"kc_captcha\" value=\"kc_human\" \/><svg aria-hidden=\"true\" role=\"img\" xmlns=\"http:\/\/www.w3.org\/2000\/svg\" viewbox=\"0 0 576 512\"><path fill=\"currentColor\" d=\"M472 200H360L256 6a12 12 0 00-10-6h-58c-8 0-14 7-12 15l34 185H100l-35-58a12 12 0 00-10-6H12c-8 0-13 7-12 14l21 106L0 362c-1 7 4 14 12 14h43c4 0 8-2 10-6l35-58h110l-34 185c-2 8 4 15 12 15h58a12 12 0 0010-6l104-194h112c57 0 104-25 104-56s-47-56-104-56z\"\/><\/svg><\/label>\r\n    <\/span>\r\n    <span style=\"display:none\">\r\n        <input type=\"text\" name=\"kc_honeypot\">\r\n    <\/span><\/span><\/span>\n\t\t<\/p>\n\t<\/div>\n\t<p><input class=\"wpcf7-form-control wpcf7-submit has-spinner\" type=\"submit\" value=\"Einreichen\" \/>\n\t<\/p>\n<\/div><div class=\"wpcf7-response-output\" aria-hidden=\"true\"><\/div>\n<input type=\"hidden\" name=\"trp-form-language\" value=\"de\"\/><\/form>\n<\/div>","protected":false},"excerpt":{"rendered":"<p>Der zweispurige Vibrations-Sch\u00fcsself\u00f6rderer von SWOER verwendet ein Zweispursystem zur gleichzeitigen Handhabung von Kunststoffteilen, wodurch die Produktionsgeschwindigkeit erheblich gesteigert wird. Als Chinas drittgr\u00f6\u00dfter Hersteller von Vibrationsf\u00f6rderern ist SWOER daf\u00fcr bekannt, langlebige, pr\u00e4zise Automatisierungsl\u00f6sungen anzubieten, die auf Ihre Produktionsanforderungen zugeschnitten sind.<\/p>","protected":false},"featured_media":2799,"comment_status":"open","ping_status":"closed","template":"","meta":[],"product_cat":[37],"product_tag":[],"yoast_head":"<!-- This site is optimized with the Yoast SEO plugin v22.2 - https:\/\/yoast.com\/wordpress\/plugins\/seo\/ -->\n<title>Two Tracks Vibratory Feeder | Vibratory Feeder for Plastic Parts<\/title>\n<meta name=\"description\" content=\"SWOER\u2019s Two Tracks Vibratory Bowl Feeder for plastic parts speeds up production, reduces downtime, and fits seamlessly into various automation systems.\" \/>\n<meta name=\"robots\" content=\"index, follow, max-snippet:-1, max-image-preview:large, max-video-preview:-1\" \/>\n<link rel=\"canonical\" href=\"https:\/\/swoer.com\/de\/manufacturer\/two-tracks-vibratory-bowl-feeder-for-plastic-parts\/\" \/>\n<meta property=\"og:locale\" content=\"de_DE\" \/>\n<meta property=\"og:type\" content=\"article\" \/>\n<meta property=\"og:title\" content=\"Two Tracks Vibratory Feeder | Vibratory Feeder for Plastic Parts\" \/>\n<meta property=\"og:description\" content=\"SWOER\u2019s Two Tracks Vibratory Bowl Feeder for plastic parts speeds up production, reduces downtime, and fits seamlessly into various automation systems.\" \/>\n<meta property=\"og:url\" content=\"https:\/\/swoer.com\/de\/manufacturer\/two-tracks-vibratory-bowl-feeder-for-plastic-parts\/\" \/>\n<meta property=\"og:site_name\" content=\"SWOER\" \/>\n<meta property=\"article:modified_time\" content=\"2025-03-21T01:07:14+00:00\" \/>\n<meta property=\"og:image\" content=\"https:\/\/swoer.com\/wp-content\/uploads\/2024\/10\/Two-Tracks-Vibratory-Bowl-Feeder-for-Plastic-Parts-.webp\" \/>\n\t<meta property=\"og:image:width\" content=\"1000\" \/>\n\t<meta property=\"og:image:height\" content=\"1000\" \/>\n\t<meta property=\"og:image:type\" content=\"image\/webp\" \/>\n<meta name=\"twitter:card\" content=\"summary_large_image\" \/>\n<meta name=\"twitter:label1\" content=\"Gesch\u00e4tzte Lesezeit\" \/>\n\t<meta name=\"twitter:data1\" content=\"1\u00a0Minute\" \/>\n<script type=\"application\/ld+json\" class=\"yoast-schema-graph\">{\"@context\":\"https:\/\/schema.org\",\"@graph\":[{\"@type\":\"WebPage\",\"@id\":\"https:\/\/swoer.com\/manufacturer\/two-tracks-vibratory-bowl-feeder-for-plastic-parts\/\",\"url\":\"https:\/\/swoer.com\/manufacturer\/two-tracks-vibratory-bowl-feeder-for-plastic-parts\/\",\"name\":\"Two Tracks Vibratory Feeder | Vibratory Feeder for Plastic Parts\",\"isPartOf\":{\"@id\":\"https:\/\/swoer.com\/#website\"},\"primaryImageOfPage\":{\"@id\":\"https:\/\/swoer.com\/manufacturer\/two-tracks-vibratory-bowl-feeder-for-plastic-parts\/#primaryimage\"},\"image\":{\"@id\":\"https:\/\/swoer.com\/manufacturer\/two-tracks-vibratory-bowl-feeder-for-plastic-parts\/#primaryimage\"},\"thumbnailUrl\":\"https:\/\/swoer.com\/wp-content\/uploads\/2024\/10\/Two-Tracks-Vibratory-Bowl-Feeder-for-Plastic-Parts-.webp\",\"datePublished\":\"2024-11-06T14:05:54+00:00\",\"dateModified\":\"2025-03-21T01:07:14+00:00\",\"description\":\"SWOER\u2019s Two Tracks Vibratory Bowl Feeder for plastic parts speeds up production, reduces downtime, and fits seamlessly into various automation systems.\",\"breadcrumb\":{\"@id\":\"https:\/\/swoer.com\/manufacturer\/two-tracks-vibratory-bowl-feeder-for-plastic-parts\/#breadcrumb\"},\"inLanguage\":\"de\",\"potentialAction\":[{\"@type\":\"ReadAction\",\"target\":[\"https:\/\/swoer.com\/manufacturer\/two-tracks-vibratory-bowl-feeder-for-plastic-parts\/\"]}]},{\"@type\":\"ImageObject\",\"inLanguage\":\"de\",\"@id\":\"https:\/\/swoer.com\/manufacturer\/two-tracks-vibratory-bowl-feeder-for-plastic-parts\/#primaryimage\",\"url\":\"https:\/\/swoer.com\/wp-content\/uploads\/2024\/10\/Two-Tracks-Vibratory-Bowl-Feeder-for-Plastic-Parts-.webp\",\"contentUrl\":\"https:\/\/swoer.com\/wp-content\/uploads\/2024\/10\/Two-Tracks-Vibratory-Bowl-Feeder-for-Plastic-Parts-.webp\",\"width\":1000,\"height\":1000,\"caption\":\"Two Tracks Vibratory Bowl Feeder for Plastic Parts\"},{\"@type\":\"BreadcrumbList\",\"@id\":\"https:\/\/swoer.com\/manufacturer\/two-tracks-vibratory-bowl-feeder-for-plastic-parts\/#breadcrumb\",\"itemListElement\":[{\"@type\":\"ListItem\",\"position\":1,\"name\":\"Home\",\"item\":\"https:\/\/swoer.com\/\"},{\"@type\":\"ListItem\",\"position\":2,\"name\":\"Shop\",\"item\":\"https:\/\/swoer.com\/shop\/\"},{\"@type\":\"ListItem\",\"position\":3,\"name\":\"Two Tracks Vibratory Bowl Feeder for Plastic Parts\"}]},{\"@type\":\"WebSite\",\"@id\":\"https:\/\/swoer.com\/#website\",\"url\":\"https:\/\/swoer.com\/\",\"name\":\"SWOER\",\"description\":\"Swoer is the top 3 vibratory bowl feeder manufacturer in China\",\"potentialAction\":[{\"@type\":\"SearchAction\",\"target\":{\"@type\":\"EntryPoint\",\"urlTemplate\":\"https:\/\/swoer.com\/?s={search_term_string}\"},\"query-input\":\"required name=search_term_string\"}],\"inLanguage\":\"de\"}]}<\/script>\n<!-- \/ Yoast SEO plugin. -->","yoast_head_json":{"title":"Two Tracks Vibratory Feeder | Vibratory Feeder for Plastic Parts","description":"SWOER\u2019s Two Tracks Vibratory Bowl Feeder for plastic parts speeds up production, reduces downtime, and fits seamlessly into various automation systems.","robots":{"index":"index","follow":"follow","max-snippet":"max-snippet:-1","max-image-preview":"max-image-preview:large","max-video-preview":"max-video-preview:-1"},"canonical":"https:\/\/swoer.com\/de\/manufacturer\/two-tracks-vibratory-bowl-feeder-for-plastic-parts\/","og_locale":"de_DE","og_type":"article","og_title":"Two Tracks Vibratory Feeder | Vibratory Feeder for Plastic Parts","og_description":"SWOER\u2019s Two Tracks Vibratory Bowl Feeder for plastic parts speeds up production, reduces downtime, and fits seamlessly into various automation systems.","og_url":"https:\/\/swoer.com\/de\/manufacturer\/two-tracks-vibratory-bowl-feeder-for-plastic-parts\/","og_site_name":"SWOER","article_modified_time":"2025-03-21T01:07:14+00:00","og_image":[{"width":1000,"height":1000,"url":"https:\/\/swoer.com\/wp-content\/uploads\/2024\/10\/Two-Tracks-Vibratory-Bowl-Feeder-for-Plastic-Parts-.webp","type":"image\/webp"}],"twitter_card":"summary_large_image","twitter_misc":{"Gesch\u00e4tzte Lesezeit":"1\u00a0Minute"},"schema":{"@context":"https:\/\/schema.org","@graph":[{"@type":"WebPage","@id":"https:\/\/swoer.com\/manufacturer\/two-tracks-vibratory-bowl-feeder-for-plastic-parts\/","url":"https:\/\/swoer.com\/manufacturer\/two-tracks-vibratory-bowl-feeder-for-plastic-parts\/","name":"Two Tracks Vibratory Feeder | Vibratory Feeder for Plastic Parts","isPartOf":{"@id":"https:\/\/swoer.com\/#website"},"primaryImageOfPage":{"@id":"https:\/\/swoer.com\/manufacturer\/two-tracks-vibratory-bowl-feeder-for-plastic-parts\/#primaryimage"},"image":{"@id":"https:\/\/swoer.com\/manufacturer\/two-tracks-vibratory-bowl-feeder-for-plastic-parts\/#primaryimage"},"thumbnailUrl":"https:\/\/swoer.com\/wp-content\/uploads\/2024\/10\/Two-Tracks-Vibratory-Bowl-Feeder-for-Plastic-Parts-.webp","datePublished":"2024-11-06T14:05:54+00:00","dateModified":"2025-03-21T01:07:14+00:00","description":"SWOER\u2019s Two Tracks Vibratory Bowl Feeder for plastic parts speeds up production, reduces downtime, and fits seamlessly into various automation systems.","breadcrumb":{"@id":"https:\/\/swoer.com\/manufacturer\/two-tracks-vibratory-bowl-feeder-for-plastic-parts\/#breadcrumb"},"inLanguage":"de","potentialAction":[{"@type":"ReadAction","target":["https:\/\/swoer.com\/manufacturer\/two-tracks-vibratory-bowl-feeder-for-plastic-parts\/"]}]},{"@type":"ImageObject","inLanguage":"de","@id":"https:\/\/swoer.com\/manufacturer\/two-tracks-vibratory-bowl-feeder-for-plastic-parts\/#primaryimage","url":"https:\/\/swoer.com\/wp-content\/uploads\/2024\/10\/Two-Tracks-Vibratory-Bowl-Feeder-for-Plastic-Parts-.webp","contentUrl":"https:\/\/swoer.com\/wp-content\/uploads\/2024\/10\/Two-Tracks-Vibratory-Bowl-Feeder-for-Plastic-Parts-.webp","width":1000,"height":1000,"caption":"Two Tracks Vibratory Bowl Feeder for Plastic Parts"},{"@type":"BreadcrumbList","@id":"https:\/\/swoer.com\/manufacturer\/two-tracks-vibratory-bowl-feeder-for-plastic-parts\/#breadcrumb","itemListElement":[{"@type":"ListItem","position":1,"name":"Home","item":"https:\/\/swoer.com\/"},{"@type":"ListItem","position":2,"name":"Shop","item":"https:\/\/swoer.com\/shop\/"},{"@type":"ListItem","position":3,"name":"Two Tracks Vibratory Bowl Feeder for Plastic Parts"}]},{"@type":"WebSite","@id":"https:\/\/swoer.com\/#website","url":"https:\/\/swoer.com\/","name":"SWOER","description":"Swoer is the top 3 vibratory bowl feeder manufacturer in China","potentialAction":[{"@type":"SearchAction","target":{"@type":"EntryPoint","urlTemplate":"https:\/\/swoer.com\/?s={search_term_string}"},"query-input":"required name=search_term_string"}],"inLanguage":"de"}]}},"_links":{"self":[{"href":"https:\/\/swoer.com\/de\/wp-json\/wp\/v2\/product\/2798"}],"collection":[{"href":"https:\/\/swoer.com\/de\/wp-json\/wp\/v2\/product"}],"about":[{"href":"https:\/\/swoer.com\/de\/wp-json\/wp\/v2\/types\/product"}],"replies":[{"embeddable":true,"href":"https:\/\/swoer.com\/de\/wp-json\/wp\/v2\/comments?post=2798"}],"wp:featuredmedia":[{"embeddable":true,"href":"https:\/\/swoer.com\/de\/wp-json\/wp\/v2\/media\/2799"}],"wp:attachment":[{"href":"https:\/\/swoer.com\/de\/wp-json\/wp\/v2\/media?parent=2798"}],"wp:term":[{"taxonomy":"product_cat","embeddable":true,"href":"https:\/\/swoer.com\/de\/wp-json\/wp\/v2\/product_cat?post=2798"},{"taxonomy":"product_tag","embeddable":true,"href":"https:\/\/swoer.com\/de\/wp-json\/wp\/v2\/product_tag?post=2798"}],"curies":[{"name":"wp","href":"https:\/\/api.w.org\/{rel}","templated":true}]}}