{"id":2522,"date":"2024-08-20T22:30:31","date_gmt":"2024-08-20T14:30:31","guid":{"rendered":"https:\/\/swoer.com\/?post_type=product&#038;p=2522"},"modified":"2024-11-19T17:08:30","modified_gmt":"2024-11-19T09:08:30","slug":"screw-rotary-visual-screening-machine-with-ccd-inspection","status":"publish","type":"product","link":"https:\/\/swoer.com\/de\/manufacturer\/screw-rotary-visual-screening-machine-with-ccd-inspection\/","title":{"rendered":"Optische Siebmaschine mit rotierender Schraube und CCD-Inspektion"},"content":{"rendered":"<p>Die Drehtisch-Sichtpr\u00fcfmaschine ist ein automatisiertes Inspektionsger\u00e4t zum Erkennen von Gr\u00f6\u00dfe, Aussehen und anderen Defekten in verschiedenen Teilen. Der Zuf\u00fchrmechanismus, beispielsweise eine Vibrationsplatte, transportiert Teile automatisch zum Glasdrehtisch, wo die Sichtpr\u00fcfstation Bilder verarbeitet. Der Bewegungsregler sorgt daf\u00fcr, dass sich der Glasdrehtisch mit konstanter Geschwindigkeit dreht, liefert Encoder-Feedback zur Materialposition und vergleicht Hardwarepositionen, um die CCD-Kamera und das Blasger\u00e4t an mehreren Stationen zu steuern. Dies erm\u00f6glicht eine vollautomatische Inspektion und \u00dcberpr\u00fcfung von Aussehen, Gr\u00f6\u00dfe und anderen Aspekten. Die Drehtisch-Sichtpr\u00fcfmaschine wird h\u00e4ufig in 3C-Elektronik, Lithiumbatterien, elektronischen Komponenten, Halbleitern, Hardware und anderen industriellen Fertigungsbereichen eingesetzt.<\/p>\n<h2><\/h2>\n<h2>Einf\u00fchrung in Motion Controller<\/h2>\n<p>Es kann komplexe Bewegungssteuerungsfunktionen wie lineare Interpolation und Kreisinterpolation ausf\u00fchren. Es verarbeitet auch kontinuierliche Trajektorien und unterst\u00fctzt IO-Hochgeschwindigkeits-Latch-Eing\u00e4nge. Dar\u00fcber hinaus bietet es pr\u00e4zise Ausgabe und Positionssynchronisationsausgabe (PSO). Dies macht es ideal f\u00fcr Drehtisch-Sichtpr\u00fcfungsger\u00e4te mit 2-8 Sichtpr\u00fcfungsstationen.<\/p>\n\t<div class=\"img has-hover x md-x lg-x y md-y lg-y\" id=\"image_1008240891\">\n\t\t\t\t\t\t\t\t<div class=\"img-inner dark\" >\n\t\t\t<img loading=\"lazy\" decoding=\"async\" width=\"800\" height=\"500\" src=\"https:\/\/swoer.com\/wp-content\/uploads\/2024\/08\/Motion-Controller-Introduction.webp\" class=\"attachment-original size-original\" alt=\"Motion Controller Einf\u00fchrung\" srcset=\"https:\/\/swoer.com\/wp-content\/uploads\/2024\/08\/Motion-Controller-Introduction.webp 800w, https:\/\/swoer.com\/wp-content\/uploads\/2024\/08\/Motion-Controller-Introduction-300x188.webp 300w, https:\/\/swoer.com\/wp-content\/uploads\/2024\/08\/Motion-Controller-Introduction-768x480.webp 768w, https:\/\/swoer.com\/wp-content\/uploads\/2024\/08\/Motion-Controller-Introduction-18x12.webp 18w, https:\/\/swoer.com\/wp-content\/uploads\/2024\/08\/Motion-Controller-Introduction-600x375.webp 600w\" sizes=\"(max-width: 800px) 100vw, 800px\" \/>\t\t\t\t\t\t\n\t\t\t\t\t<\/div>\n\t\t\t\t\t\t\t\t\n<style>\n#image_1008240891 {\n  width: 100%;\n}\n<\/style>\n\t<\/div>\n\t\n<h3>\u00a0Vorteile der Controller-Anwendung in Drehtisch-Sichtsiebmaschinen<\/h3>\n<ol>\n<li>Es kann den Plattenteller in Echtzeit steuern und die R\u00fcckkopplungsposition des Encoders aufzeichnen;<\/li>\n<li>Der Hochgeschwindigkeits-Eingangsport verbindet sich mit dem Sensor und erfasst und zeichnet die Positionen der Teile auf.<\/li>\n<li>Der PSO-Hardwareausgang verbindet 2\u20138 Kameras f\u00fcr visuelles Fliegen, Erkennen und Messen.<\/li>\n<li>Der PSO-Hardwareausgang stellt au\u00dferdem eine Verbindung zum Flughafen her, um die Ergebnisse der Sichtpr\u00fcfung zu pr\u00fcfen und zu klassifizieren.<\/li>\n<\/ol>\n\t<div class=\"img has-hover x md-x lg-x y md-y lg-y\" id=\"image_1966289613\">\n\t\t\t\t\t\t\t\t<div class=\"img-inner dark\" >\n\t\t\t<img loading=\"lazy\" decoding=\"async\" width=\"1062\" height=\"446\" src=\"https:\/\/swoer.com\/wp-content\/uploads\/2024\/08\/Schematic-diagram-of-visual-screening-function.webp\" class=\"attachment-original size-original\" alt=\"Schematische Darstellung der visuellen Screening-Funktion\" srcset=\"https:\/\/swoer.com\/wp-content\/uploads\/2024\/08\/Schematic-diagram-of-visual-screening-function.webp 1062w, https:\/\/swoer.com\/wp-content\/uploads\/2024\/08\/Schematic-diagram-of-visual-screening-function-300x126.webp 300w, https:\/\/swoer.com\/wp-content\/uploads\/2024\/08\/Schematic-diagram-of-visual-screening-function-1024x430.webp 1024w, https:\/\/swoer.com\/wp-content\/uploads\/2024\/08\/Schematic-diagram-of-visual-screening-function-768x323.webp 768w, https:\/\/swoer.com\/wp-content\/uploads\/2024\/08\/Schematic-diagram-of-visual-screening-function-18x8.webp 18w, https:\/\/swoer.com\/wp-content\/uploads\/2024\/08\/Schematic-diagram-of-visual-screening-function-600x252.webp 600w\" sizes=\"(max-width: 1062px) 100vw, 1062px\" \/>\t\t\t\t\t\t\n\t\t\t\t\t<\/div>\n\t\t\t\t\t\t\t\t\n<style>\n#image_1966289613 {\n  width: 100%;\n}\n<\/style>\n\t<\/div>\n\t\n\t<div id=\"gap-1353198914\" class=\"gap-element clearfix\" style=\"display:block; height:auto;\">\n\t\t\n<style>\n#gap-1353198914 {\n  padding-top: 30px;\n}\n<\/style>\n\t<\/div>\n\t\n<h2>Prinzip der optischen Glasdrehtisch-Siebmaschine<\/h2>\n<ol>\n<li>\n<h3>Funktionsprinzip<\/h3>\n<\/li>\n<\/ol>\n<p>Zun\u00e4chst transportiert die Vibrationsplatte die Teile zum hochtransparenten Glasdrehtisch. Anschlie\u00dfend erkennt der Sensor die eingehenden Teile und der Controller erfasst ihre Position \u00fcber den Hochgeschwindigkeits-Latch-Eingangsport.<\/p>\n<p>Wenn der Drehtisch die Sichtpr\u00fcfungsstation erreicht, l\u00f6st der Controller aus, dass die Kamera \u00fcber den Hochgeschwindigkeitsausgabeanschluss Bilder aufnimmt.<\/p>\n<p>Anschlie\u00dfend werden Bildverarbeitungsvorg\u00e4nge durchgef\u00fchrt und schlie\u00dflich automatisch die voreingestellten Inspektionsstandards erkannt und \u00fcberpr\u00fcft.<\/p>\n<p>und lehnt fehlerhafte Produkte ab.<\/p>\n<ol start=\"2\">\n<li>\n<h3>Prinzip des Bewegungssteuerungssystems<\/h3>\n<\/li>\n<\/ol>\n<p>Im Vergleich zur herk\u00f6mmlichen SPS- und Touchscreen-L\u00f6sung bietet das auf Bewegungssteuerung basierende System eine bessere Integration, schnellere Reaktion und h\u00f6here Effizienz.<\/p>\n<p>Wenn sich der Glasdrehtisch schnell bewegt, l\u00f6st die Hardware die Kamera zur Bildaufnahme aus. Sie verarbeitet Bilder und gibt die Screening-Ergebnisse in Echtzeit aus, wodurch die Inspektionsgeschwindigkeit erheblich verbessert wird.<\/p>\n\t<div class=\"img has-hover x md-x lg-x y md-y lg-y\" id=\"image_1553645951\">\n\t\t\t\t\t\t\t\t<div class=\"img-inner dark\" >\n\t\t\t<img loading=\"lazy\" decoding=\"async\" width=\"800\" height=\"500\" src=\"https:\/\/swoer.com\/wp-content\/uploads\/2024\/08\/Control-system-principle.webp\" class=\"attachment-original size-original\" alt=\"Prinzip der Steuerung\" srcset=\"https:\/\/swoer.com\/wp-content\/uploads\/2024\/08\/Control-system-principle.webp 800w, https:\/\/swoer.com\/wp-content\/uploads\/2024\/08\/Control-system-principle-300x188.webp 300w, https:\/\/swoer.com\/wp-content\/uploads\/2024\/08\/Control-system-principle-768x480.webp 768w, https:\/\/swoer.com\/wp-content\/uploads\/2024\/08\/Control-system-principle-18x12.webp 18w, https:\/\/swoer.com\/wp-content\/uploads\/2024\/08\/Control-system-principle-600x375.webp 600w\" sizes=\"(max-width: 800px) 100vw, 800px\" \/>\t\t\t\t\t\t\n\t\t\t\t\t<\/div>\n\t\t\t\t\t\t\t\t\n<style>\n#image_1553645951 {\n  width: 100%;\n}\n<\/style>\n\t<\/div>\n\t\n\t<div id=\"gap-1222600419\" class=\"gap-element clearfix\" style=\"display:block; height:auto;\">\n\t\t\n<style>\n#gap-1222600419 {\n  padding-top: 30px;\n}\n<\/style>\n\t<\/div>\n\t\n<ol start=\"3\">\n<li>\n<h3>Visuelles Systemprinzip<\/h3>\n<\/li>\n<\/ol>\n<p>Die Reaktionszeit, Belichtung, Pixel und Lichtquellensteuerung der Kamera m\u00fcssen den Geschwindigkeitsanforderungen des Drehtellers entsprechen. Dadurch wird sichergestellt, dass visuelle Aufnahmen, Messungen und Inspektionen der Bewegungsgeschwindigkeit verschiedener Teile entsprechen.<\/p>\n\t<div id=\"gap-1038263445\" class=\"gap-element clearfix\" style=\"display:block; height:auto;\">\n\t\t\n<style>\n#gap-1038263445 {\n  padding-top: 30px;\n}\n<\/style>\n\t<\/div>\n\t\n<h2>Anwendung von Bewegungssteuerung und Bildverarbeitung in Drehtisch-Sichtscreening-Ger\u00e4ten<\/h2>\n<ol>\n<li>\n<h3>Systemaktionsablauf<\/h3>\n<\/li>\n<\/ol>\n<ul>\n<li><strong>Inspektoren laden die zu untersuchenden Produkte<\/strong><\/li>\n<\/ul>\n<p>W\u00e4hlen Sie die Vibrationsplatte je nach Materialtyp aus. Die Vibrationsplatte transportiert Teile zum hochtransparenten Glasdrehteller. Der Drehteller dreht sich dann mit einer konstanten eingestellten Geschwindigkeit.<\/p>\n\t<div class=\"img has-hover x md-x lg-x y md-y lg-y\" id=\"image_809646345\">\n\t\t\t\t\t\t\t\t<div class=\"img-inner dark\" >\n\t\t\t<img loading=\"lazy\" decoding=\"async\" width=\"800\" height=\"500\" src=\"https:\/\/swoer.com\/wp-content\/uploads\/2024\/08\/Loading-of-products-to-be-inspected.webp\" class=\"attachment-original size-original\" alt=\"Beladung der zu pr\u00fcfenden Produkte\" srcset=\"https:\/\/swoer.com\/wp-content\/uploads\/2024\/08\/Loading-of-products-to-be-inspected.webp 800w, https:\/\/swoer.com\/wp-content\/uploads\/2024\/08\/Loading-of-products-to-be-inspected-300x188.webp 300w, https:\/\/swoer.com\/wp-content\/uploads\/2024\/08\/Loading-of-products-to-be-inspected-768x480.webp 768w, https:\/\/swoer.com\/wp-content\/uploads\/2024\/08\/Loading-of-products-to-be-inspected-18x12.webp 18w, https:\/\/swoer.com\/wp-content\/uploads\/2024\/08\/Loading-of-products-to-be-inspected-600x375.webp 600w\" sizes=\"(max-width: 800px) 100vw, 800px\" \/>\t\t\t\t\t\t\n\t\t\t\t\t<\/div>\n\t\t\t\t\t\t\t\t\n<style>\n#image_809646345 {\n  width: 100%;\n}\n<\/style>\n\t<\/div>\n\t\n\t<div id=\"gap-1721702897\" class=\"gap-element clearfix\" style=\"display:block; height:auto;\">\n\t\t\n<style>\n#gap-1721702897 {\n  padding-top: 30px;\n}\n<\/style>\n\t<\/div>\n\t\n<ul>\n<li><strong>Materialien erfassen und Positionen erfassen<\/strong><\/li>\n<\/ul>\n<p>Wenn der Sensor das Material erkennt, zeichnet der auf dem Lasersensor basierende Hochgeschwindigkeits-Verriegelungsanschluss die aktuelle Position des Materials auf.<\/p>\n\t<div class=\"img has-hover x md-x lg-x y md-y lg-y\" id=\"image_620410574\">\n\t\t\t\t\t\t\t\t<div class=\"img-inner dark\" >\n\t\t\t<img loading=\"lazy\" decoding=\"async\" width=\"800\" height=\"500\" src=\"https:\/\/swoer.com\/wp-content\/uploads\/2024\/08\/Senses-material-and-records-position.webp\" class=\"attachment-original size-original\" alt=\"\" srcset=\"https:\/\/swoer.com\/wp-content\/uploads\/2024\/08\/Senses-material-and-records-position.webp 800w, https:\/\/swoer.com\/wp-content\/uploads\/2024\/08\/Senses-material-and-records-position-300x188.webp 300w, https:\/\/swoer.com\/wp-content\/uploads\/2024\/08\/Senses-material-and-records-position-768x480.webp 768w, https:\/\/swoer.com\/wp-content\/uploads\/2024\/08\/Senses-material-and-records-position-18x12.webp 18w, https:\/\/swoer.com\/wp-content\/uploads\/2024\/08\/Senses-material-and-records-position-600x375.webp 600w\" sizes=\"(max-width: 800px) 100vw, 800px\" \/>\t\t\t\t\t\t\n\t\t\t\t\t<\/div>\n\t\t\t\t\t\t\t\t\n<style>\n#image_620410574 {\n  width: 100%;\n}\n<\/style>\n\t<\/div>\n\t\n\t<div id=\"gap-329071674\" class=\"gap-element clearfix\" style=\"display:block; height:auto;\">\n\t\t\n<style>\n#gap-329071674 {\n  padding-top: 30px;\n}\n<\/style>\n\t<\/div>\n\t\n<ul>\n<li><strong>Kamera l\u00f6st Fotoshooting aus<\/strong><\/li>\n<\/ul>\n<p>Das System berechnet die Position jeder Kamera mithilfe des Hochgeschwindigkeits-Latch-Ports. Der Hardware-Positionsvergleichsausgang des Bewegungscontrollers l\u00f6st dann die Kamera f\u00fcr visuelle Flugaufnahmen aus.<\/p>\n\t<div class=\"img has-hover x md-x lg-x y md-y lg-y\" id=\"image_1941016201\">\n\t\t\t\t\t\t\t\t<div class=\"img-inner dark\" >\n\t\t\t<img loading=\"lazy\" decoding=\"async\" width=\"800\" height=\"500\" src=\"https:\/\/swoer.com\/wp-content\/uploads\/2024\/08\/Camera-triggers-photo-taking.webp\" class=\"attachment-original size-original\" alt=\"Kamera l\u00f6st Fotoaufnahme aus\" srcset=\"https:\/\/swoer.com\/wp-content\/uploads\/2024\/08\/Camera-triggers-photo-taking.webp 800w, https:\/\/swoer.com\/wp-content\/uploads\/2024\/08\/Camera-triggers-photo-taking-300x188.webp 300w, https:\/\/swoer.com\/wp-content\/uploads\/2024\/08\/Camera-triggers-photo-taking-768x480.webp 768w, https:\/\/swoer.com\/wp-content\/uploads\/2024\/08\/Camera-triggers-photo-taking-18x12.webp 18w, https:\/\/swoer.com\/wp-content\/uploads\/2024\/08\/Camera-triggers-photo-taking-600x375.webp 600w\" sizes=\"(max-width: 800px) 100vw, 800px\" \/>\t\t\t\t\t\t\n\t\t\t\t\t<\/div>\n\t\t\t\t\t\t\t\t\n<style>\n#image_1941016201 {\n  width: 100%;\n}\n<\/style>\n\t<\/div>\n\t\n\t<div id=\"gap-31332512\" class=\"gap-element clearfix\" style=\"display:block; height:auto;\">\n\t\t\n<style>\n#gap-31332512 {\n  padding-top: 30px;\n}\n<\/style>\n\t<\/div>\n\t\n<ul>\n<li><strong>\u00a0Visuelle Systemverarbeitung<\/strong><\/li>\n<\/ul>\n<p>F\u00fchren Sie eine Sichtpr\u00fcfung, Messung, Erkennung und andere Funktionen an den fotografierten Materialbildern durch und \u00fcbertragen Sie OK- oder NG-Signale an den Bewegungscontroller; Luftblaspr\u00fcfung.<\/p>\n\t<div class=\"img has-hover x md-x lg-x y md-y lg-y\" id=\"image_1564792247\">\n\t\t\t\t\t\t\t\t<div class=\"img-inner dark\" >\n\t\t\t<img loading=\"lazy\" decoding=\"async\" width=\"800\" height=\"500\" src=\"https:\/\/swoer.com\/wp-content\/uploads\/2024\/08\/Vision-Processing-System.webp\" class=\"attachment-original size-original\" alt=\"Bildverarbeitungssystem\" srcset=\"https:\/\/swoer.com\/wp-content\/uploads\/2024\/08\/Vision-Processing-System.webp 800w, https:\/\/swoer.com\/wp-content\/uploads\/2024\/08\/Vision-Processing-System-300x188.webp 300w, https:\/\/swoer.com\/wp-content\/uploads\/2024\/08\/Vision-Processing-System-768x480.webp 768w, https:\/\/swoer.com\/wp-content\/uploads\/2024\/08\/Vision-Processing-System-18x12.webp 18w, https:\/\/swoer.com\/wp-content\/uploads\/2024\/08\/Vision-Processing-System-600x375.webp 600w\" sizes=\"(max-width: 800px) 100vw, 800px\" \/>\t\t\t\t\t\t\n\t\t\t\t\t<\/div>\n\t\t\t\t\t\t\t\t\n<style>\n#image_1564792247 {\n  width: 100%;\n}\n<\/style>\n\t<\/div>\n\t\n<p>Das visuelle System gibt die Ergebnisse an den Bewegungsregler zur\u00fcck und der Sensor gibt die Position des Materials an. Das System berechnet die Position des Luftauslasses und verwendet den Hardware-Positionsvergleichsausgang des Bewegungsreglers, um den Luftauslass f\u00fcr die Sortierung guter und schlechter Produkte zu steuern.<\/p>\n\t<div class=\"img has-hover x md-x lg-x y md-y lg-y\" id=\"image_876715186\">\n\t\t\t\t\t\t\t\t<div class=\"img-inner dark\" >\n\t\t\t<img loading=\"lazy\" decoding=\"async\" width=\"800\" height=\"500\" src=\"https:\/\/swoer.com\/wp-content\/uploads\/2024\/08\/Screening-of-good-and-bad-products.webp\" class=\"attachment-original size-original\" alt=\"Screening guter und schlechter Produkte\" srcset=\"https:\/\/swoer.com\/wp-content\/uploads\/2024\/08\/Screening-of-good-and-bad-products.webp 800w, https:\/\/swoer.com\/wp-content\/uploads\/2024\/08\/Screening-of-good-and-bad-products-300x188.webp 300w, https:\/\/swoer.com\/wp-content\/uploads\/2024\/08\/Screening-of-good-and-bad-products-768x480.webp 768w, https:\/\/swoer.com\/wp-content\/uploads\/2024\/08\/Screening-of-good-and-bad-products-18x12.webp 18w, https:\/\/swoer.com\/wp-content\/uploads\/2024\/08\/Screening-of-good-and-bad-products-600x375.webp 600w\" sizes=\"(max-width: 800px) 100vw, 800px\" \/>\t\t\t\t\t\t\n\t\t\t\t\t<\/div>\n\t\t\t\t\t\t\t\t\n<style>\n#image_876715186 {\n  width: 100%;\n}\n<\/style>\n\t<\/div>\n\t\n<ol start=\"2\">\n<li>\n<h3>Vorteile der L\u00f6sung<\/h3>\n<\/li>\n<\/ol>\n<ul>\n<li>Stabile Testergebnisse mit hoher Konsistenz;<\/li>\n<li>Defekte Produkte automatisch pr\u00fcfen, klassifizieren und entfernen, um die Produktqualit\u00e4t zu verbessern;<\/li>\n<li>Im Vergleich zum statischen Schie\u00dfen reduziert das visuelle Flugschie\u00dfen die Maschinen-CT und verbessert die Effizienz.<\/li>\n<li>Eine Person, die eine Maschine bedient, kann zwei bis sechs manuelle Arbeitsschritte ersetzen und die Produktionskapazit\u00e4t verbessern.<\/li>\n<li>\u00dcberwachen Sie jeden Produktionsinspektionsprozess, um sicherzustellen, dass er zuverl\u00e4ssig und effektiv ist.<\/li>\n<li>Im Vergleich zur herk\u00f6mmlichen SPS+Touchscreen-L\u00f6sung bietet es eine h\u00f6here Integration, ein besseres Preis-Leistungs-Verh\u00e4ltnis, eine schnellere Reaktion und eine h\u00f6here Effizienz.<\/li>\n<\/ul>","protected":false},"excerpt":{"rendered":"<p>Unsere Drehtisch-Sichtpr\u00fcfmaschinen erm\u00f6glichen eine erweiterte automatisierte Pr\u00fcfung der Gr\u00f6\u00dfe, des Aussehens und der Defekte von Teilen.<\/p>\n<p>Perfekt f\u00fcr Branchen wie die Elektronik-, Halbleiter- und Hardwareherstellung.<\/p>","protected":false},"featured_media":2897,"comment_status":"open","ping_status":"closed","template":"","meta":[],"product_cat":[113],"product_tag":[],"yoast_head":"<!-- This site is optimized with the Yoast SEO plugin v22.2 - https:\/\/yoast.com\/wordpress\/plugins\/seo\/ -->\n<title>Screw Rotary Visual Screening Machine with CCD Inspection - SWOER<\/title>\n<meta name=\"description\" content=\"High-quality turntable visual screening machines are designed for precise automated inspection of parts&#039; size, appearance, and defects.\" \/>\n<meta name=\"robots\" content=\"index, follow, max-snippet:-1, max-image-preview:large, max-video-preview:-1\" \/>\n<link rel=\"canonical\" href=\"https:\/\/swoer.com\/de\/manufacturer\/screw-rotary-visual-screening-machine-with-ccd-inspection\/\" \/>\n<meta property=\"og:locale\" content=\"de_DE\" \/>\n<meta property=\"og:type\" content=\"article\" \/>\n<meta property=\"og:title\" content=\"Screw Rotary Visual Screening Machine with CCD Inspection - SWOER\" \/>\n<meta property=\"og:description\" content=\"High-quality turntable visual screening machines are designed for precise automated inspection of parts&#039; size, appearance, and defects.\" \/>\n<meta property=\"og:url\" content=\"https:\/\/swoer.com\/de\/manufacturer\/screw-rotary-visual-screening-machine-with-ccd-inspection\/\" \/>\n<meta property=\"og:site_name\" content=\"SWOER\" \/>\n<meta property=\"article:modified_time\" content=\"2024-11-19T09:08:30+00:00\" \/>\n<meta property=\"og:image\" content=\"https:\/\/swoer.com\/wp-content\/uploads\/2024\/08\/Screw-Rotary-Visual-Screening-machine-with-CCD-inspection.webp\" \/>\n\t<meta property=\"og:image:width\" content=\"1000\" \/>\n\t<meta property=\"og:image:height\" content=\"1000\" \/>\n\t<meta property=\"og:image:type\" content=\"image\/webp\" \/>\n<meta name=\"twitter:card\" content=\"summary_large_image\" \/>\n<meta name=\"twitter:label1\" content=\"Gesch\u00e4tzte Lesezeit\" \/>\n\t<meta name=\"twitter:data1\" content=\"4\u00a0Minuten\" \/>\n<script type=\"application\/ld+json\" class=\"yoast-schema-graph\">{\"@context\":\"https:\/\/schema.org\",\"@graph\":[{\"@type\":\"WebPage\",\"@id\":\"https:\/\/swoer.com\/manufacturer\/screw-rotary-visual-screening-machine-with-ccd-inspection\/\",\"url\":\"https:\/\/swoer.com\/manufacturer\/screw-rotary-visual-screening-machine-with-ccd-inspection\/\",\"name\":\"Screw Rotary Visual Screening Machine with CCD Inspection - SWOER\",\"isPartOf\":{\"@id\":\"https:\/\/swoer.com\/#website\"},\"primaryImageOfPage\":{\"@id\":\"https:\/\/swoer.com\/manufacturer\/screw-rotary-visual-screening-machine-with-ccd-inspection\/#primaryimage\"},\"image\":{\"@id\":\"https:\/\/swoer.com\/manufacturer\/screw-rotary-visual-screening-machine-with-ccd-inspection\/#primaryimage\"},\"thumbnailUrl\":\"https:\/\/swoer.com\/wp-content\/uploads\/2024\/08\/Screw-Rotary-Visual-Screening-machine-with-CCD-inspection.webp\",\"datePublished\":\"2024-08-20T14:30:31+00:00\",\"dateModified\":\"2024-11-19T09:08:30+00:00\",\"description\":\"High-quality turntable visual screening machines are designed for precise automated inspection of parts' size, appearance, and defects.\",\"breadcrumb\":{\"@id\":\"https:\/\/swoer.com\/manufacturer\/screw-rotary-visual-screening-machine-with-ccd-inspection\/#breadcrumb\"},\"inLanguage\":\"de\",\"potentialAction\":[{\"@type\":\"ReadAction\",\"target\":[\"https:\/\/swoer.com\/manufacturer\/screw-rotary-visual-screening-machine-with-ccd-inspection\/\"]}]},{\"@type\":\"ImageObject\",\"inLanguage\":\"de\",\"@id\":\"https:\/\/swoer.com\/manufacturer\/screw-rotary-visual-screening-machine-with-ccd-inspection\/#primaryimage\",\"url\":\"https:\/\/swoer.com\/wp-content\/uploads\/2024\/08\/Screw-Rotary-Visual-Screening-machine-with-CCD-inspection.webp\",\"contentUrl\":\"https:\/\/swoer.com\/wp-content\/uploads\/2024\/08\/Screw-Rotary-Visual-Screening-machine-with-CCD-inspection.webp\",\"width\":1000,\"height\":1000,\"caption\":\"Screw Rotary Visual Screening machine with CCD inspection\"},{\"@type\":\"BreadcrumbList\",\"@id\":\"https:\/\/swoer.com\/manufacturer\/screw-rotary-visual-screening-machine-with-ccd-inspection\/#breadcrumb\",\"itemListElement\":[{\"@type\":\"ListItem\",\"position\":1,\"name\":\"Home\",\"item\":\"https:\/\/swoer.com\/\"},{\"@type\":\"ListItem\",\"position\":2,\"name\":\"Shop\",\"item\":\"https:\/\/swoer.com\/shop\/\"},{\"@type\":\"ListItem\",\"position\":3,\"name\":\"Screw Rotary Visual Screening Machine with CCD Inspection\"}]},{\"@type\":\"WebSite\",\"@id\":\"https:\/\/swoer.com\/#website\",\"url\":\"https:\/\/swoer.com\/\",\"name\":\"SWOER\",\"description\":\"Swoer is the top 3 vibratory bowl feeder manufacturer in China\",\"potentialAction\":[{\"@type\":\"SearchAction\",\"target\":{\"@type\":\"EntryPoint\",\"urlTemplate\":\"https:\/\/swoer.com\/?s={search_term_string}\"},\"query-input\":\"required name=search_term_string\"}],\"inLanguage\":\"de\"}]}<\/script>\n<!-- \/ Yoast SEO plugin. -->","yoast_head_json":{"title":"Screw Rotary Visual Screening Machine with CCD Inspection - SWOER","description":"High-quality turntable visual screening machines are designed for precise automated inspection of parts' size, appearance, and defects.","robots":{"index":"index","follow":"follow","max-snippet":"max-snippet:-1","max-image-preview":"max-image-preview:large","max-video-preview":"max-video-preview:-1"},"canonical":"https:\/\/swoer.com\/de\/manufacturer\/screw-rotary-visual-screening-machine-with-ccd-inspection\/","og_locale":"de_DE","og_type":"article","og_title":"Screw Rotary Visual Screening Machine with CCD Inspection - SWOER","og_description":"High-quality turntable visual screening machines are designed for precise automated inspection of parts' size, appearance, and defects.","og_url":"https:\/\/swoer.com\/de\/manufacturer\/screw-rotary-visual-screening-machine-with-ccd-inspection\/","og_site_name":"SWOER","article_modified_time":"2024-11-19T09:08:30+00:00","og_image":[{"width":1000,"height":1000,"url":"https:\/\/swoer.com\/wp-content\/uploads\/2024\/08\/Screw-Rotary-Visual-Screening-machine-with-CCD-inspection.webp","type":"image\/webp"}],"twitter_card":"summary_large_image","twitter_misc":{"Gesch\u00e4tzte Lesezeit":"4\u00a0Minuten"},"schema":{"@context":"https:\/\/schema.org","@graph":[{"@type":"WebPage","@id":"https:\/\/swoer.com\/manufacturer\/screw-rotary-visual-screening-machine-with-ccd-inspection\/","url":"https:\/\/swoer.com\/manufacturer\/screw-rotary-visual-screening-machine-with-ccd-inspection\/","name":"Screw Rotary Visual Screening Machine with CCD Inspection - SWOER","isPartOf":{"@id":"https:\/\/swoer.com\/#website"},"primaryImageOfPage":{"@id":"https:\/\/swoer.com\/manufacturer\/screw-rotary-visual-screening-machine-with-ccd-inspection\/#primaryimage"},"image":{"@id":"https:\/\/swoer.com\/manufacturer\/screw-rotary-visual-screening-machine-with-ccd-inspection\/#primaryimage"},"thumbnailUrl":"https:\/\/swoer.com\/wp-content\/uploads\/2024\/08\/Screw-Rotary-Visual-Screening-machine-with-CCD-inspection.webp","datePublished":"2024-08-20T14:30:31+00:00","dateModified":"2024-11-19T09:08:30+00:00","description":"High-quality turntable visual screening machines are designed for precise automated inspection of parts' size, appearance, and defects.","breadcrumb":{"@id":"https:\/\/swoer.com\/manufacturer\/screw-rotary-visual-screening-machine-with-ccd-inspection\/#breadcrumb"},"inLanguage":"de","potentialAction":[{"@type":"ReadAction","target":["https:\/\/swoer.com\/manufacturer\/screw-rotary-visual-screening-machine-with-ccd-inspection\/"]}]},{"@type":"ImageObject","inLanguage":"de","@id":"https:\/\/swoer.com\/manufacturer\/screw-rotary-visual-screening-machine-with-ccd-inspection\/#primaryimage","url":"https:\/\/swoer.com\/wp-content\/uploads\/2024\/08\/Screw-Rotary-Visual-Screening-machine-with-CCD-inspection.webp","contentUrl":"https:\/\/swoer.com\/wp-content\/uploads\/2024\/08\/Screw-Rotary-Visual-Screening-machine-with-CCD-inspection.webp","width":1000,"height":1000,"caption":"Screw Rotary Visual Screening machine with CCD inspection"},{"@type":"BreadcrumbList","@id":"https:\/\/swoer.com\/manufacturer\/screw-rotary-visual-screening-machine-with-ccd-inspection\/#breadcrumb","itemListElement":[{"@type":"ListItem","position":1,"name":"Home","item":"https:\/\/swoer.com\/"},{"@type":"ListItem","position":2,"name":"Shop","item":"https:\/\/swoer.com\/shop\/"},{"@type":"ListItem","position":3,"name":"Screw Rotary Visual Screening Machine with CCD Inspection"}]},{"@type":"WebSite","@id":"https:\/\/swoer.com\/#website","url":"https:\/\/swoer.com\/","name":"SWOER","description":"Swoer is the top 3 vibratory bowl feeder manufacturer in China","potentialAction":[{"@type":"SearchAction","target":{"@type":"EntryPoint","urlTemplate":"https:\/\/swoer.com\/?s={search_term_string}"},"query-input":"required name=search_term_string"}],"inLanguage":"de"}]}},"_links":{"self":[{"href":"https:\/\/swoer.com\/de\/wp-json\/wp\/v2\/product\/2522"}],"collection":[{"href":"https:\/\/swoer.com\/de\/wp-json\/wp\/v2\/product"}],"about":[{"href":"https:\/\/swoer.com\/de\/wp-json\/wp\/v2\/types\/product"}],"replies":[{"embeddable":true,"href":"https:\/\/swoer.com\/de\/wp-json\/wp\/v2\/comments?post=2522"}],"wp:featuredmedia":[{"embeddable":true,"href":"https:\/\/swoer.com\/de\/wp-json\/wp\/v2\/media\/2897"}],"wp:attachment":[{"href":"https:\/\/swoer.com\/de\/wp-json\/wp\/v2\/media?parent=2522"}],"wp:term":[{"taxonomy":"product_cat","embeddable":true,"href":"https:\/\/swoer.com\/de\/wp-json\/wp\/v2\/product_cat?post=2522"},{"taxonomy":"product_tag","embeddable":true,"href":"https:\/\/swoer.com\/de\/wp-json\/wp\/v2\/product_tag?post=2522"}],"curies":[{"name":"wp","href":"https:\/\/api.w.org\/{rel}","templated":true}]}}