{"id":2418,"date":"2024-08-06T09:27:58","date_gmt":"2024-08-06T01:27:58","guid":{"rendered":"https:\/\/swoer.com\/?post_type=product&#038;p=2418"},"modified":"2024-08-06T17:16:47","modified_gmt":"2024-08-06T09:16:47","slug":"vibratory-feeder-for-filter","status":"publish","type":"product","link":"https:\/\/swoer.com\/de\/manufacturer\/vibratory-feeder-for-filter\/","title":{"rendered":"Vibrationsf\u00f6rderer f\u00fcr Filter"},"content":{"rendered":"<p>Swoer, ein f\u00fchrender Hersteller von Pr\u00e4zisions-Vibrationsf\u00f6rderern, bietet ma\u00dfgeschneiderte L\u00f6sungen, die auf die besonderen Anforderungen der Filterindustrie zugeschnitten sind. Unsere fortschrittlichen Vibrationsf\u00f6rderer-Designs gew\u00e4hrleisten eine reibungslose, effiziente und zuverl\u00e4ssige Zuf\u00fchrung einer breiten Palette von Filterkomponenten, von kleinen O-Ringen bis hin zu komplexen Geh\u00e4usen.<\/p>\n<h2>\u00a0<\/h2>\n<h2>Wichtige Vorteile bei der Wahl von Swoer:<\/h2>\n<ol>\n<li><strong>Feinmechanik:<\/strong> Unsere Feeder werden mit gr\u00f6\u00dfter Liebe zum Detail konstruiert und gew\u00e4hrleisten eine genaue Ausrichtung und Platzierung der Komponenten.<\/li>\n<li><strong>Ma\u00dfgefertigtes Design:<\/strong> Profitieren Sie von unserer Expertise bei der Entwicklung von Feedern, die perfekt zu Ihren spezifischen Produktionsanforderungen und -einschr\u00e4nkungen passen.<\/li>\n<li><strong>Langlebige Konstruktion:<\/strong> Die Swoer-Feeder sind f\u00fcr den Einsatz in anspruchsvollen Industrieumgebungen konzipiert und bieten dauerhafte Leistung und Zuverl\u00e4ssigkeit.<\/li>\n<li><strong>Verbesserte Effizienz:<\/strong> Unsere Feeder optimieren Produktionsprozesse, indem sie Ausfallzeiten reduzieren und die Gesamtleistung verbessern.<\/li>\n<li><strong>Weltweiter Support:<\/strong> Mit einem weltweiten Kundennetzwerk bietet Swoer umfassenden Support und Service.<\/li>\n<\/ol>\n<h2>Vibrationsf\u00f6rderer f\u00fcr Filterspezifikation<\/h2>\n<table width=\"874\">\n<tbody>\n<tr>\n<td width=\"183\">Produktname<\/td>\n<td width=\"691\">Vibrationsf\u00f6rderer f\u00fcr Filter<\/td>\n<\/tr>\n<tr>\n<td>Material<\/td>\n<td>\u00a0SUS201\/304<\/td>\n<\/tr>\n<tr>\n<td>Materialspezialit\u00e4t<\/td>\n<td>Kaltbehandlungsschmiedelegierung, Hohe Festigkeit, Hohe H\u00e4rte<\/td>\n<\/tr>\n<tr>\n<td>Stromspannung<\/td>\n<td>220 V<\/td>\n<\/tr>\n<tr>\n<td>Leistung<\/td>\n<td>65 W \/ 150 W \/ 180 W \/ 220 W \/ 350 W<\/td>\n<\/tr>\n<tr>\n<td>Authentifizierung<\/td>\n<td>CE, ROHS, ISO9001<\/td>\n<\/tr>\n<tr>\n<td>Garantie<\/td>\n<td>1 Jahr Garantie<\/td>\n<\/tr>\n<tr>\n<td>Mindestbestellmenge<\/td>\n<td>1 Satz<\/td>\n<\/tr>\n<tr>\n<td>Vorlaufzeit<\/td>\n<td>10-14 Tage<\/td>\n<\/tr>\n<tr>\n<td>Zahlungsfrist<\/td>\n<td>T\/T 40% Anzahlung und Restbetrag vor dem Versand<\/td>\n<\/tr>\n<tr>\n<td>Original des Ortes<\/td>\n<td>China<\/td>\n<\/tr>\n<\/tbody>\n<\/table>\n\t<div id=\"gap-116168317\" class=\"gap-element clearfix\" style=\"display:block; height:auto;\">\n\t\t\n<style>\n#gap-116168317 {\n  padding-top: 30px;\n}\n<\/style>\n\t<\/div>\n\t\n<h2>Video zum Filter-Vibrationsf\u00f6rderer<\/h2>\n<div class=\"video video-fit mb\" style=\"padding-top:56.25%;\"><p><iframe loading=\"lazy\" title=\"Hersteller von Filter-Vibrationsschalenf\u00f6rderern - Swoer\" width=\"1020\" height=\"574\" src=\"https:\/\/www.youtube.com\/embed\/MgrX5lwqkaY?feature=oembed\" frameborder=\"0\" allow=\"accelerometer; autoplay; clipboard-write; encrypted-media; gyroscope; picture-in-picture; web-share\" referrerpolicy=\"strict-origin-when-cross-origin\" allowfullscreen><\/iframe><\/p>\n<\/div>\n<h2>Ma\u00dfgeschneiderte Vibrationsf\u00f6rderer f\u00fcr Filter<\/h2>\n<p>SWOER bietet ma\u00dfgeschneiderte Vibrationsf\u00f6rderl\u00f6sungen, die auf Ihre spezifischen Filtrationsanforderungen zugeschnitten sind. Unsere Ingenieure arbeiten eng mit Ihnen zusammen, um ein System zu entwickeln, das Ihren Prozess optimiert und die Produktqualit\u00e4t verbessert.<\/p>\n<p><strong>Bitte klicken Sie rechts: <span style=\"color: #0000ff;\">Live-Chat<\/span> Wenden Sie sich an uns<\/strong><\/p>\n<p>Erleben Sie den Swoer-Unterschied. Kontaktieren Sie uns noch heute, um Ihre Anforderungen an die Filterzufuhr zu besprechen.<\/p>\n\n<div class=\"wpcf7 no-js\" id=\"wpcf7-f5-o1\" lang=\"en-US\" dir=\"ltr\">\n<div class=\"screen-reader-response\"><p role=\"status\" aria-live=\"polite\" aria-atomic=\"true\"><\/p> <ul><\/ul><\/div>\n<form action=\"\/de\/wp-json\/wp\/v2\/product\/2418#wpcf7-f5-o1\" method=\"post\" class=\"wpcf7-form init\" aria-label=\"Kontakt Formular\" novalidate=\"novalidate\" data-status=\"init\" data-trp-original-action=\"\/de\/wp-json\/wp\/v2\/product\/2418#wpcf7-f5-o1\">\n<div style=\"display: none;\">\n<input type=\"hidden\" name=\"_wpcf7\" value=\"5\" \/>\n<input type=\"hidden\" name=\"_wpcf7_version\" value=\"5.9.2\" \/>\n<input type=\"hidden\" name=\"_wpcf7_locale\" value=\"en_US\" \/>\n<input type=\"hidden\" name=\"_wpcf7_unit_tag\" value=\"wpcf7-f5-o1\" \/>\n<input type=\"hidden\" name=\"_wpcf7_container_post\" value=\"0\" \/>\n<input type=\"hidden\" name=\"_wpcf7_posted_data_hash\" value=\"\" \/>\n<\/div>\n<div class='custom_contact_style'>\n\t<p><label> Ihr Name<br \/>\n<span class=\"wpcf7-form-control-wrap\" data-name=\"your-name\"><input size=\"40\" class=\"wpcf7-form-control wpcf7-text wpcf7-validates-as-required\" autocomplete=\"name\" aria-required=\"true\" aria-invalid=\"false\" value=\"\" type=\"text\" name=\"your-name\" \/><\/span> <\/label>\n\t<\/p>\n\t<p><label> Deine E-Mail<br \/>\n<span class=\"wpcf7-form-control-wrap\" data-name=\"your-email\"><input size=\"40\" class=\"wpcf7-form-control wpcf7-email wpcf7-validates-as-required wpcf7-text wpcf7-validates-as-email\" autocomplete=\"email\" aria-required=\"true\" aria-invalid=\"false\" value=\"\" type=\"email\" name=\"your-email\" \/><\/span> <\/label>\n\t<\/p>\n\t<p><label> Ihre Nachricht (optional)<br \/>\n<span class=\"wpcf7-form-control-wrap\" data-name=\"your-message\"><textarea cols=\"40\" rows=\"10\" class=\"wpcf7-form-control wpcf7-textarea\" aria-invalid=\"false\" name=\"your-message\"><\/textarea><\/span> <\/label>\n\t<\/p>\n\t<div style=\"margin-bottom:10px;\">\n\t\t<p><span class=\"wpcf7-form-control-wrap kc_captcha cf7ic-toggle\" data-name=\"kc_captcha\"><span class=\"wpcf7-form-control wpcf7-radio\"><span class=\"captcha-image\" style=\"display: none;\"><span class=\"cf7ic_instructions\">Bitte beweisen Sie, dass Sie ein Mensch sind, indem Sie das<span> plane<\/span>.<\/span><label><input aria-label=\"1\" type=\"radio\" name=\"kc_captcha\" value=\"bot\" \/><svg aria-hidden=\"true\" role=\"img\" xmlns=\"http:\/\/www.w3.org\/2000\/svg\" viewbox=\"0 0 576 512\"><path fill=\"currentColor\" d=\"M415 24c-53 0-103 42-127 65-24-23-74-65-127-65C70 24 16 77 16 166c0 72 67 133 69 135l187 181c9 8 23 8 32 0l187-180c2-3 69-64 69-136 0-89-54-142-145-142z\"\/><\/svg><\/label><label><input aria-label=\"2\" type=\"radio\" name=\"kc_captcha\" value=\"bot\" \/><svg aria-hidden=\"true\" role=\"img\" xmlns=\"http:\/\/www.w3.org\/2000\/svg\" viewbox=\"0 0 512 512\"><path fill=\"currentColor\" d=\"M350 99c-54 0-98-35-166-35-25 0-47 4-68 12a56 56 0 004-24C118 24 95 1 66 0a56 56 0 00-34 102v386c0 13 11 24 24 24h16c13 0 24-11 24-24v-94c28-12 64-23 114-23 54 0 98 35 166 35 48 0 86-16 122-41 9-6 14-15 14-26V96c0-23-24-39-45-29-35 16-77 32-117 32z\"\/><\/svg><\/label><label><input aria-label=\"3\" type=\"radio\" name=\"kc_captcha\" value=\"kc_human\" \/><svg aria-hidden=\"true\" role=\"img\" xmlns=\"http:\/\/www.w3.org\/2000\/svg\" viewbox=\"0 0 576 512\"><path fill=\"currentColor\" d=\"M472 200H360L256 6a12 12 0 00-10-6h-58c-8 0-14 7-12 15l34 185H100l-35-58a12 12 0 00-10-6H12c-8 0-13 7-12 14l21 106L0 362c-1 7 4 14 12 14h43c4 0 8-2 10-6l35-58h110l-34 185c-2 8 4 15 12 15h58a12 12 0 0010-6l104-194h112c57 0 104-25 104-56s-47-56-104-56z\"\/><\/svg><\/label>\r\n    <\/span>\r\n    <span style=\"display:none\">\r\n        <input type=\"text\" name=\"kc_honeypot\">\r\n    <\/span><\/span><\/span>\n\t\t<\/p>\n\t<\/div>\n\t<p><input class=\"wpcf7-form-control wpcf7-submit has-spinner\" type=\"submit\" value=\"Einreichen\" \/>\n\t<\/p>\n<\/div><div class=\"wpcf7-response-output\" aria-hidden=\"true\"><\/div>\n<input type=\"hidden\" name=\"trp-form-language\" value=\"de\"\/><\/form>\n<\/div>","protected":false},"excerpt":{"rendered":"<p>Der Vibrationsf\u00f6rderer von Swoer ist f\u00fcr Filtersysteme optimiert und sorgt f\u00fcr einen pr\u00e4zisen und gleichm\u00e4\u00dfigen Materialfluss. Verbessern Sie Ihren Filtrationsprozess mit unserer robusten und effizienten L\u00f6sung.<\/p>","protected":false},"featured_media":2419,"comment_status":"open","ping_status":"closed","template":"","meta":[],"product_cat":[37],"product_tag":[],"yoast_head":"<!-- This site is optimized with the Yoast SEO plugin v22.2 - https:\/\/yoast.com\/wordpress\/plugins\/seo\/ -->\n<title>Vibratory Feeder for Filter | Vibratory Bowl Feeder Design for Filter<\/title>\n<meta name=\"description\" content=\"Swoer offers custom-made high-quality Vibratory feeders for Filter applications. Improve material flow and filtration efficiency.\" \/>\n<meta name=\"robots\" content=\"index, follow, max-snippet:-1, max-image-preview:large, max-video-preview:-1\" \/>\n<link rel=\"canonical\" href=\"https:\/\/swoer.com\/de\/manufacturer\/vibratory-feeder-for-filter\/\" \/>\n<meta property=\"og:locale\" content=\"de_DE\" \/>\n<meta property=\"og:type\" content=\"article\" \/>\n<meta property=\"og:title\" content=\"Vibratory Feeder for Filter | Vibratory Bowl Feeder Design for Filter\" \/>\n<meta property=\"og:description\" content=\"Swoer offers custom-made high-quality Vibratory feeders for Filter applications. Improve material flow and filtration efficiency.\" \/>\n<meta property=\"og:url\" content=\"https:\/\/swoer.com\/de\/manufacturer\/vibratory-feeder-for-filter\/\" \/>\n<meta property=\"og:site_name\" content=\"SWOER\" \/>\n<meta property=\"article:modified_time\" content=\"2024-08-06T09:16:47+00:00\" \/>\n<meta property=\"og:image\" content=\"https:\/\/swoer.com\/wp-content\/uploads\/2024\/08\/Vibratory-Feeder-for-Filter.webp\" \/>\n\t<meta property=\"og:image:width\" content=\"1000\" \/>\n\t<meta property=\"og:image:height\" content=\"1000\" \/>\n\t<meta property=\"og:image:type\" content=\"image\/webp\" \/>\n<meta name=\"twitter:card\" content=\"summary_large_image\" \/>\n<meta name=\"twitter:label1\" content=\"Gesch\u00e4tzte Lesezeit\" \/>\n\t<meta name=\"twitter:data1\" content=\"2\u00a0Minuten\" \/>\n<script type=\"application\/ld+json\" class=\"yoast-schema-graph\">{\"@context\":\"https:\/\/schema.org\",\"@graph\":[{\"@type\":\"WebPage\",\"@id\":\"https:\/\/swoer.com\/manufacturer\/vibratory-feeder-for-filter\/\",\"url\":\"https:\/\/swoer.com\/manufacturer\/vibratory-feeder-for-filter\/\",\"name\":\"Vibratory Feeder for Filter | Vibratory Bowl Feeder Design for Filter\",\"isPartOf\":{\"@id\":\"https:\/\/swoer.com\/#website\"},\"primaryImageOfPage\":{\"@id\":\"https:\/\/swoer.com\/manufacturer\/vibratory-feeder-for-filter\/#primaryimage\"},\"image\":{\"@id\":\"https:\/\/swoer.com\/manufacturer\/vibratory-feeder-for-filter\/#primaryimage\"},\"thumbnailUrl\":\"https:\/\/swoer.com\/wp-content\/uploads\/2024\/08\/Vibratory-Feeder-for-Filter.webp\",\"datePublished\":\"2024-08-06T01:27:58+00:00\",\"dateModified\":\"2024-08-06T09:16:47+00:00\",\"description\":\"Swoer offers custom-made high-quality Vibratory feeders for Filter applications. Improve material flow and filtration efficiency.\",\"breadcrumb\":{\"@id\":\"https:\/\/swoer.com\/manufacturer\/vibratory-feeder-for-filter\/#breadcrumb\"},\"inLanguage\":\"de\",\"potentialAction\":[{\"@type\":\"ReadAction\",\"target\":[\"https:\/\/swoer.com\/manufacturer\/vibratory-feeder-for-filter\/\"]}]},{\"@type\":\"ImageObject\",\"inLanguage\":\"de\",\"@id\":\"https:\/\/swoer.com\/manufacturer\/vibratory-feeder-for-filter\/#primaryimage\",\"url\":\"https:\/\/swoer.com\/wp-content\/uploads\/2024\/08\/Vibratory-Feeder-for-Filter.webp\",\"contentUrl\":\"https:\/\/swoer.com\/wp-content\/uploads\/2024\/08\/Vibratory-Feeder-for-Filter.webp\",\"width\":1000,\"height\":1000,\"caption\":\"Vibratory Feeder for Filter\"},{\"@type\":\"BreadcrumbList\",\"@id\":\"https:\/\/swoer.com\/manufacturer\/vibratory-feeder-for-filter\/#breadcrumb\",\"itemListElement\":[{\"@type\":\"ListItem\",\"position\":1,\"name\":\"Home\",\"item\":\"https:\/\/swoer.com\/\"},{\"@type\":\"ListItem\",\"position\":2,\"name\":\"Shop\",\"item\":\"https:\/\/swoer.com\/shop\/\"},{\"@type\":\"ListItem\",\"position\":3,\"name\":\"Vibratory Feeder for Filter\"}]},{\"@type\":\"WebSite\",\"@id\":\"https:\/\/swoer.com\/#website\",\"url\":\"https:\/\/swoer.com\/\",\"name\":\"SWOER\",\"description\":\"Swoer is the top 3 vibratory bowl feeder manufacturer in China\",\"potentialAction\":[{\"@type\":\"SearchAction\",\"target\":{\"@type\":\"EntryPoint\",\"urlTemplate\":\"https:\/\/swoer.com\/?s={search_term_string}\"},\"query-input\":\"required name=search_term_string\"}],\"inLanguage\":\"de\"}]}<\/script>\n<!-- \/ Yoast SEO plugin. -->","yoast_head_json":{"title":"Vibratory Feeder for Filter | Vibratory Bowl Feeder Design for Filter","description":"Swoer offers custom-made high-quality Vibratory feeders for Filter applications. Improve material flow and filtration efficiency.","robots":{"index":"index","follow":"follow","max-snippet":"max-snippet:-1","max-image-preview":"max-image-preview:large","max-video-preview":"max-video-preview:-1"},"canonical":"https:\/\/swoer.com\/de\/manufacturer\/vibratory-feeder-for-filter\/","og_locale":"de_DE","og_type":"article","og_title":"Vibratory Feeder for Filter | Vibratory Bowl Feeder Design for Filter","og_description":"Swoer offers custom-made high-quality Vibratory feeders for Filter applications. Improve material flow and filtration efficiency.","og_url":"https:\/\/swoer.com\/de\/manufacturer\/vibratory-feeder-for-filter\/","og_site_name":"SWOER","article_modified_time":"2024-08-06T09:16:47+00:00","og_image":[{"width":1000,"height":1000,"url":"https:\/\/swoer.com\/wp-content\/uploads\/2024\/08\/Vibratory-Feeder-for-Filter.webp","type":"image\/webp"}],"twitter_card":"summary_large_image","twitter_misc":{"Gesch\u00e4tzte Lesezeit":"2\u00a0Minuten"},"schema":{"@context":"https:\/\/schema.org","@graph":[{"@type":"WebPage","@id":"https:\/\/swoer.com\/manufacturer\/vibratory-feeder-for-filter\/","url":"https:\/\/swoer.com\/manufacturer\/vibratory-feeder-for-filter\/","name":"Vibratory Feeder for Filter | Vibratory Bowl Feeder Design for Filter","isPartOf":{"@id":"https:\/\/swoer.com\/#website"},"primaryImageOfPage":{"@id":"https:\/\/swoer.com\/manufacturer\/vibratory-feeder-for-filter\/#primaryimage"},"image":{"@id":"https:\/\/swoer.com\/manufacturer\/vibratory-feeder-for-filter\/#primaryimage"},"thumbnailUrl":"https:\/\/swoer.com\/wp-content\/uploads\/2024\/08\/Vibratory-Feeder-for-Filter.webp","datePublished":"2024-08-06T01:27:58+00:00","dateModified":"2024-08-06T09:16:47+00:00","description":"Swoer offers custom-made high-quality Vibratory feeders for Filter applications. Improve material flow and filtration efficiency.","breadcrumb":{"@id":"https:\/\/swoer.com\/manufacturer\/vibratory-feeder-for-filter\/#breadcrumb"},"inLanguage":"de","potentialAction":[{"@type":"ReadAction","target":["https:\/\/swoer.com\/manufacturer\/vibratory-feeder-for-filter\/"]}]},{"@type":"ImageObject","inLanguage":"de","@id":"https:\/\/swoer.com\/manufacturer\/vibratory-feeder-for-filter\/#primaryimage","url":"https:\/\/swoer.com\/wp-content\/uploads\/2024\/08\/Vibratory-Feeder-for-Filter.webp","contentUrl":"https:\/\/swoer.com\/wp-content\/uploads\/2024\/08\/Vibratory-Feeder-for-Filter.webp","width":1000,"height":1000,"caption":"Vibratory Feeder for Filter"},{"@type":"BreadcrumbList","@id":"https:\/\/swoer.com\/manufacturer\/vibratory-feeder-for-filter\/#breadcrumb","itemListElement":[{"@type":"ListItem","position":1,"name":"Home","item":"https:\/\/swoer.com\/"},{"@type":"ListItem","position":2,"name":"Shop","item":"https:\/\/swoer.com\/shop\/"},{"@type":"ListItem","position":3,"name":"Vibratory Feeder for Filter"}]},{"@type":"WebSite","@id":"https:\/\/swoer.com\/#website","url":"https:\/\/swoer.com\/","name":"SWOER","description":"Swoer is the top 3 vibratory bowl feeder manufacturer in China","potentialAction":[{"@type":"SearchAction","target":{"@type":"EntryPoint","urlTemplate":"https:\/\/swoer.com\/?s={search_term_string}"},"query-input":"required name=search_term_string"}],"inLanguage":"de"}]}},"_links":{"self":[{"href":"https:\/\/swoer.com\/de\/wp-json\/wp\/v2\/product\/2418"}],"collection":[{"href":"https:\/\/swoer.com\/de\/wp-json\/wp\/v2\/product"}],"about":[{"href":"https:\/\/swoer.com\/de\/wp-json\/wp\/v2\/types\/product"}],"replies":[{"embeddable":true,"href":"https:\/\/swoer.com\/de\/wp-json\/wp\/v2\/comments?post=2418"}],"wp:featuredmedia":[{"embeddable":true,"href":"https:\/\/swoer.com\/de\/wp-json\/wp\/v2\/media\/2419"}],"wp:attachment":[{"href":"https:\/\/swoer.com\/de\/wp-json\/wp\/v2\/media?parent=2418"}],"wp:term":[{"taxonomy":"product_cat","embeddable":true,"href":"https:\/\/swoer.com\/de\/wp-json\/wp\/v2\/product_cat?post=2418"},{"taxonomy":"product_tag","embeddable":true,"href":"https:\/\/swoer.com\/de\/wp-json\/wp\/v2\/product_tag?post=2418"}],"curies":[{"name":"wp","href":"https:\/\/api.w.org\/{rel}","templated":true}]}}