{"id":2359,"date":"2024-07-20T01:21:42","date_gmt":"2024-07-20T01:21:42","guid":{"rendered":"https:\/\/swoer.com\/?post_type=product&#038;p=2359"},"modified":"2024-08-01T09:03:55","modified_gmt":"2024-08-01T01:03:55","slug":"vibratory-bowl-feeding-unit-base-sw-c460","status":"publish","type":"product","link":"https:\/\/swoer.com\/de\/manufacturer\/vibratory-bowl-feeding-unit-base-sw-c460\/","title":{"rendered":"Vibrations-Sch\u00fcssel-Zuf\u00fchreinheit Basis SW-C460"},"content":{"rendered":"<section class=\"section\" id=\"section_274116815\">\n\t\t<div class=\"bg section-bg fill bg-fill  bg-loaded\" >\n\n\t\t\t\n\t\t\t\n\t\t\t\n\n\t\t<\/div>\n\n\t\t\n\n\t\t<div class=\"section-content relative\">\n\t\t\t\n<h2>Produktparameter<\/h2>\n<table style=\"border-collapse: collapse; width: 418.52pt;\" border=\"0\" width=\"558\" cellspacing=\"0\" cellpadding=\"0\">\n<tbody>\n<tr style=\"height: 27.00pt;\">\n<td class=\"et3\" style=\"height: 27.00pt; width: 143.25pt;\" width=\"191\" height=\"36\">Modell<\/td>\n<td class=\"et3\" style=\"width: 275.25pt;\" width=\"367\">SW-C460<\/td>\n<\/tr>\n<tr style=\"height: 27.00pt;\">\n<td class=\"et3\" style=\"height: 27.00pt;\" height=\"36\">Nennspannung<\/td>\n<td class=\"et3\">220 V<\/td>\n<\/tr>\n<tr style=\"height: 27.00pt;\">\n<td class=\"et3\" style=\"height: 27.00pt;\" height=\"36\">Frequenz<\/td>\n<td class=\"et3\">50 Hz<\/td>\n<\/tr>\n<tr style=\"height: 27.00pt;\">\n<td class=\"et3\" style=\"height: 27.00pt;\" height=\"36\">Nennstrom<\/td>\n<td class=\"et3\">7,2\u00a0A<\/td>\n<\/tr>\n<tr style=\"height: 27.00pt;\">\n<td class=\"et3\" style=\"height: 27.00pt;\" height=\"36\">Maximaler K\u00f6rper<\/td>\n<td class=\"et3\">720 mm<\/td>\n<\/tr>\n<tr style=\"height: 27.00pt;\">\n<td class=\"et3\" style=\"height: 27.00pt;\" height=\"36\">Maximale Last<\/td>\n<td class=\"et3\">28 kg<\/td>\n<\/tr>\n<tr style=\"height: 27.00pt;\">\n<td class=\"et3\" style=\"height: 27.00pt;\" height=\"36\">Verantwortlicher<\/td>\n<td class=\"et3\">6A Frequenzregler<\/td>\n<\/tr>\n<tr style=\"height: 27.00pt;\">\n<td class=\"et3\" style=\"height: 27.00pt;\" height=\"36\">Anwendbare Blattfeder<\/td>\n<td class=\"et3\">SW-50CRVA-136 x 35<\/td>\n<\/tr>\n<tr style=\"height: 27.00pt;\">\n<td class=\"et3\" style=\"height: 27.00pt;\" height=\"36\">Schwingungszahl<\/td>\n<td class=\"et3\">50-200 Hz<\/td>\n<\/tr>\n<tr style=\"height: 27.00pt;\">\n<td class=\"et4\" style=\"height: 54.00pt;\" rowspan=\"2\" height=\"72\">Basisgewicht<\/td>\n<td class=\"et4\">103kg \/ Basismodell, mit Zusatzsilo im Aufbau<\/td>\n<\/tr>\n<tr style=\"height: 27.00pt;\">\n<td class=\"et4\">114kg \/ Mit niedrigem Abstand, mit Karosseriebefestigungsflansch<\/td>\n<\/tr>\n<\/tbody>\n<\/table>\n<h2>SW-C460 Abmessungen<\/h2>\n\t<div class=\"img has-hover x md-x lg-x y md-y lg-y\" id=\"image_83530712\">\n\t\t\t\t\t\t\t\t<div class=\"img-inner dark\" >\n\t\t\t<img loading=\"lazy\" decoding=\"async\" width=\"833\" height=\"618\" src=\"https:\/\/swoer.com\/wp-content\/uploads\/2024\/07\/SW-C460-Dimensions.webp\" class=\"attachment-original size-original\" alt=\"SW-C460 Abmessungen\" srcset=\"https:\/\/swoer.com\/wp-content\/uploads\/2024\/07\/SW-C460-Dimensions.webp 833w, https:\/\/swoer.com\/wp-content\/uploads\/2024\/07\/SW-C460-Dimensions-300x223.webp 300w, https:\/\/swoer.com\/wp-content\/uploads\/2024\/07\/SW-C460-Dimensions-768x570.webp 768w, https:\/\/swoer.com\/wp-content\/uploads\/2024\/07\/SW-C460-Dimensions-16x12.webp 16w, https:\/\/swoer.com\/wp-content\/uploads\/2024\/07\/SW-C460-Dimensions-600x445.webp 600w\" sizes=\"(max-width: 833px) 100vw, 833px\" \/>\t\t\t\t\t\t\n\t\t\t\t\t<\/div>\n\t\t\t\t\t\t\t\t\n<style>\n#image_83530712 {\n  width: 62%;\n}\n<\/style>\n\t<\/div>\n\t\n\t\t<\/div>\n\n\t\t\n<style>\n#section_274116815 {\n  padding-top: 30px;\n  padding-bottom: 30px;\n}\n#section_274116815 .ux-shape-divider--top svg {\n  height: 150px;\n  --divider-top-width: 100%;\n}\n#section_274116815 .ux-shape-divider--bottom svg {\n  height: 150px;\n  --divider-width: 100%;\n}\n<\/style>\n\t<\/section>","protected":false},"excerpt":{"rendered":"<p>Die Basis der Vibrationssch\u00fcssel-Zuf\u00fchreinheit SW-C460 ist effizient und langlebig, hat einen Durchmesser von 720 mm und eine Tragf\u00e4higkeit von 28 kg. Sie unterst\u00fctzt Vibrationen von 50\u2013200 Hz, wiegt 103 kg und ist mit einem 6A-Frequenzregler kompatibel.<\/p>","protected":false},"featured_media":2360,"comment_status":"open","ping_status":"closed","template":"","meta":[],"product_cat":[46],"product_tag":[],"yoast_head":"<!-- This site is optimized with the Yoast SEO plugin v22.2 - https:\/\/yoast.com\/wordpress\/plugins\/seo\/ -->\n<title>Vibratory Bowl Feeding Unit Base SW-C460 - SWOER<\/title>\n<meta name=\"description\" content=\"Optimize your automation processes with the SW-C460 Vibratory Bowl Feeding Unit Base. Featuring a robust design, this unit ensures high performance and reliability for various industrial applications.\" \/>\n<meta name=\"robots\" content=\"index, follow, max-snippet:-1, max-image-preview:large, max-video-preview:-1\" \/>\n<link rel=\"canonical\" href=\"https:\/\/swoer.com\/de\/manufacturer\/vibratory-bowl-feeding-unit-base-sw-c460\/\" \/>\n<meta property=\"og:locale\" content=\"de_DE\" \/>\n<meta property=\"og:type\" content=\"article\" \/>\n<meta property=\"og:title\" content=\"Vibratory Bowl Feeding Unit Base SW-C460 - SWOER\" \/>\n<meta property=\"og:description\" content=\"Optimize your automation processes with the SW-C460 Vibratory Bowl Feeding Unit Base. Featuring a robust design, this unit ensures high performance and reliability for various industrial applications.\" \/>\n<meta property=\"og:url\" content=\"https:\/\/swoer.com\/de\/manufacturer\/vibratory-bowl-feeding-unit-base-sw-c460\/\" \/>\n<meta property=\"og:site_name\" content=\"SWOER\" \/>\n<meta property=\"article:modified_time\" content=\"2024-08-01T01:03:55+00:00\" \/>\n<meta property=\"og:image\" content=\"https:\/\/swoer.com\/wp-content\/uploads\/2024\/07\/Vibratory-Bowl-Feeding-Unit-Base-SW-C460.webp\" \/>\n\t<meta property=\"og:image:width\" content=\"1000\" \/>\n\t<meta property=\"og:image:height\" content=\"1000\" \/>\n\t<meta property=\"og:image:type\" content=\"image\/webp\" \/>\n<meta name=\"twitter:card\" content=\"summary_large_image\" \/>\n<meta name=\"twitter:label1\" content=\"Gesch\u00e4tzte Lesezeit\" \/>\n\t<meta name=\"twitter:data1\" content=\"1\u00a0Minute\" \/>\n<script type=\"application\/ld+json\" class=\"yoast-schema-graph\">{\"@context\":\"https:\/\/schema.org\",\"@graph\":[{\"@type\":\"WebPage\",\"@id\":\"https:\/\/swoer.com\/manufacturer\/vibratory-bowl-feeding-unit-base-sw-c460\/\",\"url\":\"https:\/\/swoer.com\/manufacturer\/vibratory-bowl-feeding-unit-base-sw-c460\/\",\"name\":\"Vibratory Bowl Feeding Unit Base SW-C460 - SWOER\",\"isPartOf\":{\"@id\":\"https:\/\/swoer.com\/#website\"},\"primaryImageOfPage\":{\"@id\":\"https:\/\/swoer.com\/manufacturer\/vibratory-bowl-feeding-unit-base-sw-c460\/#primaryimage\"},\"image\":{\"@id\":\"https:\/\/swoer.com\/manufacturer\/vibratory-bowl-feeding-unit-base-sw-c460\/#primaryimage\"},\"thumbnailUrl\":\"https:\/\/swoer.com\/wp-content\/uploads\/2024\/07\/Vibratory-Bowl-Feeding-Unit-Base-SW-C460.webp\",\"datePublished\":\"2024-07-20T01:21:42+00:00\",\"dateModified\":\"2024-08-01T01:03:55+00:00\",\"description\":\"Optimize your automation processes with the SW-C460 Vibratory Bowl Feeding Unit Base. Featuring a robust design, this unit ensures high performance and reliability for various industrial applications.\",\"breadcrumb\":{\"@id\":\"https:\/\/swoer.com\/manufacturer\/vibratory-bowl-feeding-unit-base-sw-c460\/#breadcrumb\"},\"inLanguage\":\"de\",\"potentialAction\":[{\"@type\":\"ReadAction\",\"target\":[\"https:\/\/swoer.com\/manufacturer\/vibratory-bowl-feeding-unit-base-sw-c460\/\"]}]},{\"@type\":\"ImageObject\",\"inLanguage\":\"de\",\"@id\":\"https:\/\/swoer.com\/manufacturer\/vibratory-bowl-feeding-unit-base-sw-c460\/#primaryimage\",\"url\":\"https:\/\/swoer.com\/wp-content\/uploads\/2024\/07\/Vibratory-Bowl-Feeding-Unit-Base-SW-C460.webp\",\"contentUrl\":\"https:\/\/swoer.com\/wp-content\/uploads\/2024\/07\/Vibratory-Bowl-Feeding-Unit-Base-SW-C460.webp\",\"width\":1000,\"height\":1000,\"caption\":\"Vibratory Bowl Feeding Unit Base SW-C460\"},{\"@type\":\"BreadcrumbList\",\"@id\":\"https:\/\/swoer.com\/manufacturer\/vibratory-bowl-feeding-unit-base-sw-c460\/#breadcrumb\",\"itemListElement\":[{\"@type\":\"ListItem\",\"position\":1,\"name\":\"Home\",\"item\":\"https:\/\/swoer.com\/\"},{\"@type\":\"ListItem\",\"position\":2,\"name\":\"Shop\",\"item\":\"https:\/\/swoer.com\/shop\/\"},{\"@type\":\"ListItem\",\"position\":3,\"name\":\"Vibratory Bowl Feeding Unit Base SW-C460\"}]},{\"@type\":\"WebSite\",\"@id\":\"https:\/\/swoer.com\/#website\",\"url\":\"https:\/\/swoer.com\/\",\"name\":\"SWOER\",\"description\":\"Swoer is the top 3 vibratory bowl feeder manufacturer in China\",\"potentialAction\":[{\"@type\":\"SearchAction\",\"target\":{\"@type\":\"EntryPoint\",\"urlTemplate\":\"https:\/\/swoer.com\/?s={search_term_string}\"},\"query-input\":\"required name=search_term_string\"}],\"inLanguage\":\"de\"}]}<\/script>\n<!-- \/ Yoast SEO plugin. -->","yoast_head_json":{"title":"Vibratory Bowl Feeding Unit Base SW-C460 - SWOER","description":"Optimize your automation processes with the SW-C460 Vibratory Bowl Feeding Unit Base. Featuring a robust design, this unit ensures high performance and reliability for various industrial applications.","robots":{"index":"index","follow":"follow","max-snippet":"max-snippet:-1","max-image-preview":"max-image-preview:large","max-video-preview":"max-video-preview:-1"},"canonical":"https:\/\/swoer.com\/de\/manufacturer\/vibratory-bowl-feeding-unit-base-sw-c460\/","og_locale":"de_DE","og_type":"article","og_title":"Vibratory Bowl Feeding Unit Base SW-C460 - SWOER","og_description":"Optimize your automation processes with the SW-C460 Vibratory Bowl Feeding Unit Base. Featuring a robust design, this unit ensures high performance and reliability for various industrial applications.","og_url":"https:\/\/swoer.com\/de\/manufacturer\/vibratory-bowl-feeding-unit-base-sw-c460\/","og_site_name":"SWOER","article_modified_time":"2024-08-01T01:03:55+00:00","og_image":[{"width":1000,"height":1000,"url":"https:\/\/swoer.com\/wp-content\/uploads\/2024\/07\/Vibratory-Bowl-Feeding-Unit-Base-SW-C460.webp","type":"image\/webp"}],"twitter_card":"summary_large_image","twitter_misc":{"Gesch\u00e4tzte Lesezeit":"1\u00a0Minute"},"schema":{"@context":"https:\/\/schema.org","@graph":[{"@type":"WebPage","@id":"https:\/\/swoer.com\/manufacturer\/vibratory-bowl-feeding-unit-base-sw-c460\/","url":"https:\/\/swoer.com\/manufacturer\/vibratory-bowl-feeding-unit-base-sw-c460\/","name":"Vibratory Bowl Feeding Unit Base SW-C460 - SWOER","isPartOf":{"@id":"https:\/\/swoer.com\/#website"},"primaryImageOfPage":{"@id":"https:\/\/swoer.com\/manufacturer\/vibratory-bowl-feeding-unit-base-sw-c460\/#primaryimage"},"image":{"@id":"https:\/\/swoer.com\/manufacturer\/vibratory-bowl-feeding-unit-base-sw-c460\/#primaryimage"},"thumbnailUrl":"https:\/\/swoer.com\/wp-content\/uploads\/2024\/07\/Vibratory-Bowl-Feeding-Unit-Base-SW-C460.webp","datePublished":"2024-07-20T01:21:42+00:00","dateModified":"2024-08-01T01:03:55+00:00","description":"Optimize your automation processes with the SW-C460 Vibratory Bowl Feeding Unit Base. Featuring a robust design, this unit ensures high performance and reliability for various industrial applications.","breadcrumb":{"@id":"https:\/\/swoer.com\/manufacturer\/vibratory-bowl-feeding-unit-base-sw-c460\/#breadcrumb"},"inLanguage":"de","potentialAction":[{"@type":"ReadAction","target":["https:\/\/swoer.com\/manufacturer\/vibratory-bowl-feeding-unit-base-sw-c460\/"]}]},{"@type":"ImageObject","inLanguage":"de","@id":"https:\/\/swoer.com\/manufacturer\/vibratory-bowl-feeding-unit-base-sw-c460\/#primaryimage","url":"https:\/\/swoer.com\/wp-content\/uploads\/2024\/07\/Vibratory-Bowl-Feeding-Unit-Base-SW-C460.webp","contentUrl":"https:\/\/swoer.com\/wp-content\/uploads\/2024\/07\/Vibratory-Bowl-Feeding-Unit-Base-SW-C460.webp","width":1000,"height":1000,"caption":"Vibratory Bowl Feeding Unit Base SW-C460"},{"@type":"BreadcrumbList","@id":"https:\/\/swoer.com\/manufacturer\/vibratory-bowl-feeding-unit-base-sw-c460\/#breadcrumb","itemListElement":[{"@type":"ListItem","position":1,"name":"Home","item":"https:\/\/swoer.com\/"},{"@type":"ListItem","position":2,"name":"Shop","item":"https:\/\/swoer.com\/shop\/"},{"@type":"ListItem","position":3,"name":"Vibratory Bowl Feeding Unit Base SW-C460"}]},{"@type":"WebSite","@id":"https:\/\/swoer.com\/#website","url":"https:\/\/swoer.com\/","name":"SWOER","description":"Swoer is the top 3 vibratory bowl feeder manufacturer in China","potentialAction":[{"@type":"SearchAction","target":{"@type":"EntryPoint","urlTemplate":"https:\/\/swoer.com\/?s={search_term_string}"},"query-input":"required name=search_term_string"}],"inLanguage":"de"}]}},"_links":{"self":[{"href":"https:\/\/swoer.com\/de\/wp-json\/wp\/v2\/product\/2359"}],"collection":[{"href":"https:\/\/swoer.com\/de\/wp-json\/wp\/v2\/product"}],"about":[{"href":"https:\/\/swoer.com\/de\/wp-json\/wp\/v2\/types\/product"}],"replies":[{"embeddable":true,"href":"https:\/\/swoer.com\/de\/wp-json\/wp\/v2\/comments?post=2359"}],"wp:featuredmedia":[{"embeddable":true,"href":"https:\/\/swoer.com\/de\/wp-json\/wp\/v2\/media\/2360"}],"wp:attachment":[{"href":"https:\/\/swoer.com\/de\/wp-json\/wp\/v2\/media?parent=2359"}],"wp:term":[{"taxonomy":"product_cat","embeddable":true,"href":"https:\/\/swoer.com\/de\/wp-json\/wp\/v2\/product_cat?post=2359"},{"taxonomy":"product_tag","embeddable":true,"href":"https:\/\/swoer.com\/de\/wp-json\/wp\/v2\/product_tag?post=2359"}],"curies":[{"name":"wp","href":"https:\/\/api.w.org\/{rel}","templated":true}]}}