{"id":2346,"date":"2024-07-17T03:39:52","date_gmt":"2024-07-17T03:39:52","guid":{"rendered":"https:\/\/swoer.com\/?post_type=product&#038;p=2346"},"modified":"2024-08-01T09:07:15","modified_gmt":"2024-08-01T01:07:15","slug":"feeder-bowl-stand-sw-c270","status":"publish","type":"product","link":"https:\/\/swoer.com\/de\/manufacturer\/feeder-bowl-stand-sw-c270\/","title":{"rendered":"Futternapfst\u00e4nder SW-C270"},"content":{"rendered":"<section class=\"section\" id=\"section_625156456\">\n\t\t<div class=\"bg section-bg fill bg-fill  bg-loaded\" >\n\n\t\t\t\n\t\t\t\n\t\t\t\n\n\t\t<\/div>\n\n\t\t\n\n\t\t<div class=\"section-content relative\">\n\t\t\t\n<h2>Produktparameter<\/h2>\n<table style=\"border-collapse: collapse; width: 418.52pt;\" border=\"0\" width=\"558\" cellspacing=\"0\" cellpadding=\"0\">\n<tbody>\n<tr style=\"height: 27.00pt;\">\n<td class=\"et3\" style=\"height: 27.00pt; width: 143.25pt;\" width=\"191\" height=\"36\">Modell<\/td>\n<td class=\"et3\" style=\"width: 275.25pt;\" width=\"367\">SW-C270<\/td>\n<\/tr>\n<tr style=\"height: 27.00pt;\">\n<td class=\"et3\" style=\"height: 27.00pt;\" height=\"36\">Nennspannung<\/td>\n<td class=\"et3\">220 V<\/td>\n<\/tr>\n<tr style=\"height: 27.00pt;\">\n<td class=\"et3\" style=\"height: 27.00pt;\" height=\"36\">Frequenz<\/td>\n<td class=\"et3\">50 Hz<\/td>\n<\/tr>\n<tr style=\"height: 27.00pt;\">\n<td class=\"et3\" style=\"height: 27.00pt;\" height=\"36\">Nennstrom<\/td>\n<td class=\"et3\">3,4\u00a0A<\/td>\n<\/tr>\n<tr style=\"height: 27.00pt;\">\n<td class=\"et3\" style=\"height: 27.00pt;\" height=\"36\">Maximaler K\u00f6rper<\/td>\n<td class=\"et3\">480 mm<\/td>\n<\/tr>\n<tr style=\"height: 27.00pt;\">\n<td class=\"et3\" style=\"height: 27.00pt;\" height=\"36\">Maximale Last<\/td>\n<td class=\"et3\">12 kg<\/td>\n<\/tr>\n<tr style=\"height: 27.00pt;\">\n<td class=\"et3\" style=\"height: 27.00pt;\" height=\"36\">Verantwortlicher<\/td>\n<td class=\"et3\">3A Frequenzregler<\/td>\n<\/tr>\n<tr style=\"height: 27.00pt;\">\n<td class=\"et3\" style=\"height: 27.00pt;\" height=\"36\">Anwendbare Blattfeder<\/td>\n<td class=\"et3\">SW-50CRVA-106 x 35<\/td>\n<\/tr>\n<tr style=\"height: 27.00pt;\">\n<td class=\"et3\" style=\"height: 27.00pt;\" height=\"36\">Schwingungszahl<\/td>\n<td class=\"et3\">50-200 Hz<\/td>\n<\/tr>\n<tr style=\"height: 27.00pt;\">\n<td class=\"et4\" style=\"height: 54.00pt;\" rowspan=\"2\" height=\"72\">Basisgewicht<\/td>\n<td class=\"et4\">39kg \/ Basisausf\u00fchrung, mit Zusatzsilo im Aufbau<\/td>\n<\/tr>\n<tr style=\"height: 27.00pt;\">\n<td class=\"et4\">45kg \/ Mit niedrigem Abstand, mit Karosseriebefestigungsflansch<\/td>\n<\/tr>\n<\/tbody>\n<\/table>\n\t<div id=\"gap-335069780\" class=\"gap-element clearfix\" style=\"display:block; height:auto;\">\n\t\t\n<style>\n#gap-335069780 {\n  padding-top: 30px;\n}\n<\/style>\n\t<\/div>\n\t\n\t<div class=\"img has-hover x md-x lg-x y md-y lg-y\" id=\"image_689359852\">\n\t\t\t\t\t\t\t\t<div class=\"img-inner dark\" >\n\t\t\t<img loading=\"lazy\" decoding=\"async\" width=\"833\" height=\"618\" src=\"https:\/\/swoer.com\/wp-content\/uploads\/2024\/07\/SW-C270-Dimensions.webp\" class=\"attachment-original size-original\" alt=\"SW-C270 Abmessungen\" srcset=\"https:\/\/swoer.com\/wp-content\/uploads\/2024\/07\/SW-C270-Dimensions.webp 833w, https:\/\/swoer.com\/wp-content\/uploads\/2024\/07\/SW-C270-Dimensions-300x223.webp 300w, https:\/\/swoer.com\/wp-content\/uploads\/2024\/07\/SW-C270-Dimensions-768x570.webp 768w, https:\/\/swoer.com\/wp-content\/uploads\/2024\/07\/SW-C270-Dimensions-16x12.webp 16w, https:\/\/swoer.com\/wp-content\/uploads\/2024\/07\/SW-C270-Dimensions-600x445.webp 600w\" sizes=\"(max-width: 833px) 100vw, 833px\" \/>\t\t\t\t\t\t\n\t\t\t\t\t<\/div>\n\t\t\t\t\t\t\t\t\n<style>\n#image_689359852 {\n  width: 100%;\n}\n<\/style>\n\t<\/div>\n\t\n\t\t<\/div>\n\n\t\t\n<style>\n#section_625156456 {\n  padding-top: 30px;\n  padding-bottom: 30px;\n}\n#section_625156456 .ux-shape-divider--top svg {\n  height: 150px;\n  --divider-top-width: 100%;\n}\n#section_625156456 .ux-shape-divider--bottom svg {\n  height: 150px;\n  --divider-width: 100%;\n}\n<\/style>\n\t<\/section>","protected":false},"excerpt":{"rendered":"<p>Der SW-C270 Feeder Bowl Stand ist ein robuster und zuverl\u00e4ssiger Industrie-Feeder, der f\u00fcr eine genaue und effiziente Materialhandhabung entwickelt wurde. Er verf\u00fcgt \u00fcber eine stabile Konstruktion, einen leistungsstarken Motor und ein breites Spektrum an Vibrationsfrequenzen, um verschiedenen Materialflussanforderungen gerecht zu werden. Mit einer maximalen Tragkraft von 12 kg ist er f\u00fcr die Handhabung einer Vielzahl von Materialien in industriellen Umgebungen geeignet.<\/p>","protected":false},"featured_media":2347,"comment_status":"open","ping_status":"closed","template":"","meta":[],"product_cat":[46],"product_tag":[],"yoast_head":"<!-- This site is optimized with the Yoast SEO plugin v22.2 - https:\/\/yoast.com\/wordpress\/plugins\/seo\/ -->\n<title>Feeder Bowl Stand SW-C270 - SWOER<\/title>\n<meta name=\"description\" content=\"The SW-C270 Feeder Bowl Stand is a heavy-duty industrial feeder with a 12kg load capacity and 50-200Hz vibration range, perfect for precise material handling.\" \/>\n<meta name=\"robots\" content=\"index, follow, max-snippet:-1, max-image-preview:large, max-video-preview:-1\" \/>\n<link rel=\"canonical\" href=\"https:\/\/swoer.com\/de\/manufacturer\/feeder-bowl-stand-sw-c270\/\" \/>\n<meta property=\"og:locale\" content=\"de_DE\" \/>\n<meta property=\"og:type\" content=\"article\" \/>\n<meta property=\"og:title\" content=\"Feeder Bowl Stand SW-C270 - SWOER\" \/>\n<meta property=\"og:description\" content=\"The SW-C270 Feeder Bowl Stand is a heavy-duty industrial feeder with a 12kg load capacity and 50-200Hz vibration range, perfect for precise material handling.\" \/>\n<meta property=\"og:url\" content=\"https:\/\/swoer.com\/de\/manufacturer\/feeder-bowl-stand-sw-c270\/\" \/>\n<meta property=\"og:site_name\" content=\"SWOER\" \/>\n<meta property=\"article:modified_time\" content=\"2024-08-01T01:07:15+00:00\" \/>\n<meta property=\"og:image\" content=\"https:\/\/swoer.com\/wp-content\/uploads\/2024\/07\/SW-C270.webp\" \/>\n\t<meta property=\"og:image:width\" content=\"1000\" \/>\n\t<meta property=\"og:image:height\" content=\"1000\" \/>\n\t<meta property=\"og:image:type\" content=\"image\/webp\" \/>\n<meta name=\"twitter:card\" content=\"summary_large_image\" \/>\n<meta name=\"twitter:label1\" content=\"Gesch\u00e4tzte Lesezeit\" \/>\n\t<meta name=\"twitter:data1\" content=\"1\u00a0Minute\" \/>\n<script type=\"application\/ld+json\" class=\"yoast-schema-graph\">{\"@context\":\"https:\/\/schema.org\",\"@graph\":[{\"@type\":\"WebPage\",\"@id\":\"https:\/\/swoer.com\/manufacturer\/feeder-bowl-stand-sw-c270\/\",\"url\":\"https:\/\/swoer.com\/manufacturer\/feeder-bowl-stand-sw-c270\/\",\"name\":\"Feeder Bowl Stand SW-C270 - SWOER\",\"isPartOf\":{\"@id\":\"https:\/\/swoer.com\/#website\"},\"primaryImageOfPage\":{\"@id\":\"https:\/\/swoer.com\/manufacturer\/feeder-bowl-stand-sw-c270\/#primaryimage\"},\"image\":{\"@id\":\"https:\/\/swoer.com\/manufacturer\/feeder-bowl-stand-sw-c270\/#primaryimage\"},\"thumbnailUrl\":\"https:\/\/swoer.com\/wp-content\/uploads\/2024\/07\/SW-C270.webp\",\"datePublished\":\"2024-07-17T03:39:52+00:00\",\"dateModified\":\"2024-08-01T01:07:15+00:00\",\"description\":\"The SW-C270 Feeder Bowl Stand is a heavy-duty industrial feeder with a 12kg load capacity and 50-200Hz vibration range, perfect for precise material handling.\",\"breadcrumb\":{\"@id\":\"https:\/\/swoer.com\/manufacturer\/feeder-bowl-stand-sw-c270\/#breadcrumb\"},\"inLanguage\":\"de\",\"potentialAction\":[{\"@type\":\"ReadAction\",\"target\":[\"https:\/\/swoer.com\/manufacturer\/feeder-bowl-stand-sw-c270\/\"]}]},{\"@type\":\"ImageObject\",\"inLanguage\":\"de\",\"@id\":\"https:\/\/swoer.com\/manufacturer\/feeder-bowl-stand-sw-c270\/#primaryimage\",\"url\":\"https:\/\/swoer.com\/wp-content\/uploads\/2024\/07\/SW-C270.webp\",\"contentUrl\":\"https:\/\/swoer.com\/wp-content\/uploads\/2024\/07\/SW-C270.webp\",\"width\":1000,\"height\":1000,\"caption\":\"SW-C270\"},{\"@type\":\"BreadcrumbList\",\"@id\":\"https:\/\/swoer.com\/manufacturer\/feeder-bowl-stand-sw-c270\/#breadcrumb\",\"itemListElement\":[{\"@type\":\"ListItem\",\"position\":1,\"name\":\"Home\",\"item\":\"https:\/\/swoer.com\/\"},{\"@type\":\"ListItem\",\"position\":2,\"name\":\"Shop\",\"item\":\"https:\/\/swoer.com\/shop\/\"},{\"@type\":\"ListItem\",\"position\":3,\"name\":\"Feeder Bowl Stand SW-C270\"}]},{\"@type\":\"WebSite\",\"@id\":\"https:\/\/swoer.com\/#website\",\"url\":\"https:\/\/swoer.com\/\",\"name\":\"SWOER\",\"description\":\"Swoer is the top 3 vibratory bowl feeder manufacturer in China\",\"potentialAction\":[{\"@type\":\"SearchAction\",\"target\":{\"@type\":\"EntryPoint\",\"urlTemplate\":\"https:\/\/swoer.com\/?s={search_term_string}\"},\"query-input\":\"required name=search_term_string\"}],\"inLanguage\":\"de\"}]}<\/script>\n<!-- \/ Yoast SEO plugin. -->","yoast_head_json":{"title":"Feeder Bowl Stand SW-C270 - SWOER","description":"The SW-C270 Feeder Bowl Stand is a heavy-duty industrial feeder with a 12kg load capacity and 50-200Hz vibration range, perfect for precise material handling.","robots":{"index":"index","follow":"follow","max-snippet":"max-snippet:-1","max-image-preview":"max-image-preview:large","max-video-preview":"max-video-preview:-1"},"canonical":"https:\/\/swoer.com\/de\/manufacturer\/feeder-bowl-stand-sw-c270\/","og_locale":"de_DE","og_type":"article","og_title":"Feeder Bowl Stand SW-C270 - SWOER","og_description":"The SW-C270 Feeder Bowl Stand is a heavy-duty industrial feeder with a 12kg load capacity and 50-200Hz vibration range, perfect for precise material handling.","og_url":"https:\/\/swoer.com\/de\/manufacturer\/feeder-bowl-stand-sw-c270\/","og_site_name":"SWOER","article_modified_time":"2024-08-01T01:07:15+00:00","og_image":[{"width":1000,"height":1000,"url":"https:\/\/swoer.com\/wp-content\/uploads\/2024\/07\/SW-C270.webp","type":"image\/webp"}],"twitter_card":"summary_large_image","twitter_misc":{"Gesch\u00e4tzte Lesezeit":"1\u00a0Minute"},"schema":{"@context":"https:\/\/schema.org","@graph":[{"@type":"WebPage","@id":"https:\/\/swoer.com\/manufacturer\/feeder-bowl-stand-sw-c270\/","url":"https:\/\/swoer.com\/manufacturer\/feeder-bowl-stand-sw-c270\/","name":"Feeder Bowl Stand SW-C270 - SWOER","isPartOf":{"@id":"https:\/\/swoer.com\/#website"},"primaryImageOfPage":{"@id":"https:\/\/swoer.com\/manufacturer\/feeder-bowl-stand-sw-c270\/#primaryimage"},"image":{"@id":"https:\/\/swoer.com\/manufacturer\/feeder-bowl-stand-sw-c270\/#primaryimage"},"thumbnailUrl":"https:\/\/swoer.com\/wp-content\/uploads\/2024\/07\/SW-C270.webp","datePublished":"2024-07-17T03:39:52+00:00","dateModified":"2024-08-01T01:07:15+00:00","description":"The SW-C270 Feeder Bowl Stand is a heavy-duty industrial feeder with a 12kg load capacity and 50-200Hz vibration range, perfect for precise material handling.","breadcrumb":{"@id":"https:\/\/swoer.com\/manufacturer\/feeder-bowl-stand-sw-c270\/#breadcrumb"},"inLanguage":"de","potentialAction":[{"@type":"ReadAction","target":["https:\/\/swoer.com\/manufacturer\/feeder-bowl-stand-sw-c270\/"]}]},{"@type":"ImageObject","inLanguage":"de","@id":"https:\/\/swoer.com\/manufacturer\/feeder-bowl-stand-sw-c270\/#primaryimage","url":"https:\/\/swoer.com\/wp-content\/uploads\/2024\/07\/SW-C270.webp","contentUrl":"https:\/\/swoer.com\/wp-content\/uploads\/2024\/07\/SW-C270.webp","width":1000,"height":1000,"caption":"SW-C270"},{"@type":"BreadcrumbList","@id":"https:\/\/swoer.com\/manufacturer\/feeder-bowl-stand-sw-c270\/#breadcrumb","itemListElement":[{"@type":"ListItem","position":1,"name":"Home","item":"https:\/\/swoer.com\/"},{"@type":"ListItem","position":2,"name":"Shop","item":"https:\/\/swoer.com\/shop\/"},{"@type":"ListItem","position":3,"name":"Feeder Bowl Stand SW-C270"}]},{"@type":"WebSite","@id":"https:\/\/swoer.com\/#website","url":"https:\/\/swoer.com\/","name":"SWOER","description":"Swoer is the top 3 vibratory bowl feeder manufacturer in China","potentialAction":[{"@type":"SearchAction","target":{"@type":"EntryPoint","urlTemplate":"https:\/\/swoer.com\/?s={search_term_string}"},"query-input":"required name=search_term_string"}],"inLanguage":"de"}]}},"_links":{"self":[{"href":"https:\/\/swoer.com\/de\/wp-json\/wp\/v2\/product\/2346"}],"collection":[{"href":"https:\/\/swoer.com\/de\/wp-json\/wp\/v2\/product"}],"about":[{"href":"https:\/\/swoer.com\/de\/wp-json\/wp\/v2\/types\/product"}],"replies":[{"embeddable":true,"href":"https:\/\/swoer.com\/de\/wp-json\/wp\/v2\/comments?post=2346"}],"wp:featuredmedia":[{"embeddable":true,"href":"https:\/\/swoer.com\/de\/wp-json\/wp\/v2\/media\/2347"}],"wp:attachment":[{"href":"https:\/\/swoer.com\/de\/wp-json\/wp\/v2\/media?parent=2346"}],"wp:term":[{"taxonomy":"product_cat","embeddable":true,"href":"https:\/\/swoer.com\/de\/wp-json\/wp\/v2\/product_cat?post=2346"},{"taxonomy":"product_tag","embeddable":true,"href":"https:\/\/swoer.com\/de\/wp-json\/wp\/v2\/product_tag?post=2346"}],"curies":[{"name":"wp","href":"https:\/\/api.w.org\/{rel}","templated":true}]}}