{"id":2332,"date":"2024-07-11T02:33:28","date_gmt":"2024-07-11T02:33:28","guid":{"rendered":"https:\/\/swoer.com\/?post_type=product&#038;p=2332"},"modified":"2024-08-16T12:01:29","modified_gmt":"2024-08-16T04:01:29","slug":"vibratory-hopper-controller-sdvc311-m","status":"publish","type":"product","link":"https:\/\/swoer.com\/de\/manufacturer\/vibratory-hopper-controller-sdvc311-m\/","title":{"rendered":"Vibrationstrichtersteuerung SDVC311-M"},"content":{"rendered":"<h2>Produkteigenschaften<\/h2>\n<p>Der Vibrationsf\u00f6rderer-Controller mit digitaler Frequenzmodulation der Serie SDVC311 ist ein kompakter, universeller Ausgangscontroller, der einzigartige Leistung mit modernster elektronischer Technologie und sorgf\u00e4ltigem Design bietet. Zu den wichtigsten Funktionen geh\u00f6ren:<\/p>\n<ul>\n<li><strong>Ausgangsfrequenzbereich:<\/strong> 5,0 Hz bis 400,0 Hz mit einer Genauigkeit von 0,1 Hz.<\/li>\n<li><strong>Bremsfunktion:<\/strong> Schneller Stopp der Vibrationsplatte durch Stromumlenkung um 180\u00b0 w\u00e4hrend des langsamen Schlie\u00dfvorgangs.<\/li>\n<li>Der intelligente fotoelektrische Anschluss unterst\u00fctzt fotoelektrische Sensoren, NPN- oder PNP-Schaltsensoren.<\/li>\n<li>Der vollst\u00e4ndige Materialstopp-Anschluss unterst\u00fctzt NPN, PNP oder automatische Anpassungstypen.<\/li>\n<li>Der Steuerausgangsanschluss unterst\u00fctzt den NPN-, PNP- oder Push-Pull-Ausgangsmodus.<\/li>\n<li><strong>Umfassende Schutzfunktionen:<\/strong> Kurzschlussschutz f\u00fcr den Hauptausgang, \u00dcberstromschutz, \u00dcberhitzungsschutz, Unterspannungs-\/\u00dcberspannungsschutz der Stromversorgung, Kurzschlussschutz f\u00fcr Steuerausgang, Kurzschlussschutz f\u00fcr 24-V-Ausgang, Kurzschlussschutz f\u00fcr 5-V-Ausgang der Drehzahlregelung.<\/li>\n<\/ul>\n<p><strong>Im Vergleich zum SDVC31-M-Controller weist dieses Produkt erhebliche Leistungsverbesserungen auf:<\/strong><\/p>\n<ol>\n<li>Ausgangsfrequenz von 40,0\u2013400,0 Hz erh\u00f6ht.<\/li>\n<li>Die maximale Ein-\/Aus-Verz\u00f6gerung f\u00fcr intelligente fotoelektrische und Material-Vollstopp-Anschl\u00fcsse wurde von 20,0 Sekunden auf 99,9 Sekunden erh\u00f6ht.<\/li>\n<li>Neue langsame Schlie\u00dffunktion: 0,0\u201310,0 Sekunden, um die Vibrationsplatte langsam anzuhalten.<\/li>\n<li>Neue Bremsfunktion: 0~100 Bremszyklen zum schnellen Stoppen der Vibrationsplatte.<\/li>\n<li>PNP-Sensor-Unterst\u00fctzung zum intelligenten fotoelektrischen Anschluss hinzugef\u00fcgt.<\/li>\n<li>Verbesserter vollst\u00e4ndiger Materialstopp-Anschluss von NPN- und PNP-Auswahl auf Softwareeinstellung, einschlie\u00dflich Automatikmodus.<\/li>\n<li>Steuerausgangsanschluss von NPN-Ausgang auf NPN-, PNP- und Push-Pull-Modus aktualisiert.<\/li>\n<li>Neue Ein-\/Ausverz\u00f6gerung des Steuerausgangsports: 0,0\u201399,9 Sekunden.<\/li>\n<li>Neuer Steuerausgabemodus: Verz\u00f6gerungsmodus und Haltemodus.<\/li>\n<li>Neue Messfunktion zur \u00dcberwachung von Temperatur, Busspannung, Ausgangsstrom, Spannung an analoger Geschwindigkeitsregelung, Port A, Signalspannung an Port B, Signalspannung an Port C, Ausgangsspannung an Port D und 24-V-Ausgangsspannung.<\/li>\n<\/ol>\n\t<div id=\"gap-1780977341\" class=\"gap-element clearfix\" style=\"display:block; height:auto;\">\n\t\t\n<style>\n#gap-1780977341 {\n  padding-top: 30px;\n}\n<\/style>\n\t<\/div>\n\t\n<h2>Technische Spezifikation<\/h2>\n<table width=\"767\">\n<tbody>\n<tr>\n<td rowspan=\"2\" width=\"225\">Artikel<\/td>\n<td colspan=\"3\" width=\"216\">Reichweite<\/td>\n<td rowspan=\"2\" width=\"72\">Einheit<\/td>\n<td rowspan=\"2\" width=\"254\">Beschreibung<\/td>\n<\/tr>\n<tr>\n<td>Minimum<\/td>\n<td>Typisch<\/td>\n<td>Maximal<\/td>\n<\/tr>\n<tr>\n<td>Eingangsspannung<\/td>\n<td>85<\/td>\n<td>220<\/td>\n<td>260<\/td>\n<td>V<\/td>\n<td>AC-Effektivwert<\/td>\n<\/tr>\n<tr>\n<td>Einstellbereich der Ausgangsspannung<\/td>\n<td>0<\/td>\n<td><\/td>\n<td>260<\/td>\n<td>V<\/td>\n<td>Weniger als 150% Eingangsspannung<\/td>\n<\/tr>\n<tr>\n<td>Genauigkeit der Spannungseinstellung<\/td>\n<td colspan=\"3\">1<\/td>\n<td>V<\/td>\n<td><\/td>\n<\/tr>\n<tr>\n<td>Genauigkeit der Spannungsregelung<\/td>\n<td>0<\/td>\n<td><\/td>\n<td>10<\/td>\n<td><\/td>\n<td>Vout\/Vin<\/td>\n<\/tr>\n<tr>\n<td rowspan=\"2\">Einstellbereich des Ausgangsstroms<\/td>\n<td>0<\/td>\n<td><\/td>\n<td>1.5<\/td>\n<td>A<\/td>\n<td>SDVC311-LS<\/td>\n<\/tr>\n<tr>\n<td>0<\/td>\n<td><\/td>\n<td>3<\/td>\n<td>VA<\/td>\n<td>SDVC311-LM<\/td>\n<\/tr>\n<tr>\n<td rowspan=\"2\">Ausgangsleistung<\/td>\n<td>0<\/td>\n<td><\/td>\n<td>330<\/td>\n<td>VA<\/td>\n<td>SDVC311-LS<\/td>\n<\/tr>\n<tr>\n<td>0<\/td>\n<td><\/td>\n<td>660<\/td>\n<td>VA<\/td>\n<td>SDVC311-LM<\/td>\n<\/tr>\n<tr>\n<td>Ausgangsfrequenz<\/td>\n<td>40\/5.0<\/td>\n<td><\/td>\n<td>400<\/td>\n<td>Hz<\/td>\n<td><\/td>\n<\/tr>\n<tr>\n<td>Genauigkeit der Frequenzeinstellung<\/td>\n<td colspan=\"3\">0.1<\/td>\n<td>Hz<\/td>\n<td><\/td>\n<\/tr>\n<tr>\n<td>Ausgangswellenform<\/td>\n<td colspan=\"3\">Sinus<\/td>\n<td><\/td>\n<td><\/td>\n<\/tr>\n<tr>\n<td>Langsame Startzeit<\/td>\n<td>0<\/td>\n<td><\/td>\n<td>10<\/td>\n<td>S<\/td>\n<td>Werkseinstellung 0,5<\/td>\n<\/tr>\n<tr>\n<td>Verz\u00f6gerungszeitbereich<\/td>\n<td>0<\/td>\n<td><\/td>\n<td>20\/99.9<\/td>\n<td>S<\/td>\n<td>Werkseinstellung 0,2<\/td>\n<\/tr>\n<tr>\n<td>Genauigkeit der Verz\u00f6gerungszeit<\/td>\n<td colspan=\"3\">0.1<\/td>\n<td>S<\/td>\n<td><\/td>\n<\/tr>\n<tr>\n<td>\u00dcberhitzungsschutztemperatur<\/td>\n<td>58<\/td>\n<td>60<\/td>\n<td>66<\/td>\n<td>\u2103<\/td>\n<td><\/td>\n<\/tr>\n<tr>\n<td>DC-Steuerausgangsspannung<\/td>\n<td>0<\/td>\n<td><\/td>\n<td>400<\/td>\n<td>V<\/td>\n<td><\/td>\n<\/tr>\n<tr>\n<td>DC-Steuerausgangsstrom<\/td>\n<td>22<\/td>\n<td>24<\/td>\n<td>26<\/td>\n<td>mA<\/td>\n<td><\/td>\n<\/tr>\n<tr>\n<td>Analoges Steuerungsmodell<\/td>\n<td colspan=\"3\">1 &#8211; 5<\/td>\n<td>V<\/td>\n<td>Ferndrehzahlregelungsspannung<\/td>\n<\/tr>\n<tr>\n<td>Digitales Steuersignal<\/td>\n<td colspan=\"3\">24<\/td>\n<td>V<\/td>\n<td>Signalsteuerung umschalten<\/td>\n<\/tr>\n<tr>\n<td>Anpassungsmethode<\/td>\n<td colspan=\"3\">6<\/td>\n<td>Schl\u00fcssel<\/td>\n<td><\/td>\n<\/tr>\n<tr>\n<td>Stromverbrauch bei Leerlauf<\/td>\n<td><\/td>\n<td>3<\/td>\n<td><\/td>\n<td>B<\/td>\n<td><\/td>\n<\/tr>\n<tr>\n<td>Anzeigemodus<\/td>\n<td colspan=\"3\">5<\/td>\n<td>Ziffer<\/td>\n<td>LED-Digitalr\u00f6hre<\/td>\n<\/tr>\n<tr>\n<td>Lohnumgebungstemperatur<\/td>\n<td>0<\/td>\n<td>25<\/td>\n<td>40<\/td>\n<td>\u2103<\/td>\n<td rowspan=\"3\">Keine Kondensation<\/td>\n<\/tr>\n<tr>\n<td>Lohnumgebungsfeuchtigkeit<\/td>\n<td>10<\/td>\n<td>60<\/td>\n<td>85<\/td>\n<td>%<\/td>\n<\/tr>\n<tr>\n<td>Lagertemperatur<\/td>\n<td>-20<\/td>\n<td>25<\/td>\n<td>85<\/td>\n<td>\u2103<\/td>\n<\/tr>\n<\/tbody>\n<\/table>\n\t<div id=\"gap-859817908\" class=\"gap-element clearfix\" style=\"display:block; height:auto;\">\n\t\t\n<style>\n#gap-859817908 {\n  padding-top: 30px;\n}\n<\/style>\n\t<\/div>\n\t\n<p><strong><b>Ma\u00dfe:<\/b><\/strong>\u00a0L\u00e4nge 94,5 mm \u00d7 Breite 53,6 mm \u00d7 H\u00f6he 190 mm<\/p>\n\t<div class=\"img has-hover x md-x lg-x y md-y lg-y\" id=\"image_2008978562\">\n\t\t\t\t\t\t\t\t<div class=\"img-inner dark\" >\n\t\t\t<img loading=\"lazy\" decoding=\"async\" width=\"770\" height=\"829\" src=\"https:\/\/swoer.com\/wp-content\/uploads\/2024\/07\/Product-Dimensions.webp\" class=\"attachment-original size-original\" alt=\"Technische Daten\" srcset=\"https:\/\/swoer.com\/wp-content\/uploads\/2024\/07\/Product-Dimensions.webp 770w, https:\/\/swoer.com\/wp-content\/uploads\/2024\/07\/Product-Dimensions-279x300.webp 279w, https:\/\/swoer.com\/wp-content\/uploads\/2024\/07\/Product-Dimensions-768x827.webp 768w, https:\/\/swoer.com\/wp-content\/uploads\/2024\/07\/Product-Dimensions-11x12.webp 11w, https:\/\/swoer.com\/wp-content\/uploads\/2024\/07\/Product-Dimensions-600x646.webp 600w\" sizes=\"(max-width: 770px) 100vw, 770px\" \/>\t\t\t\t\t\t\n\t\t\t\t\t<\/div>\n\t\t\t\t\t\t\t\t\n<style>\n#image_2008978562 {\n  width: 58%;\n}\n<\/style>\n\t<\/div>","protected":false},"excerpt":{"rendered":"<p>Der Vibrationstrichter-Controller SDVC311-M ist f\u00fcr die pr\u00e4zise und effiziente Materialzufuhr in verschiedenen Automatisierungsanwendungen konzipiert. Mit seinem breiten Frequenzbereich (5,0 Hz bis 400,0 Hz), seiner hohen Genauigkeit (0,1 Hz) und seiner intelligenten Sensorunterst\u00fctzung sorgt der SDVC311-M f\u00fcr eine optimale Materialhandhabung.<\/p>","protected":false},"featured_media":2489,"comment_status":"open","ping_status":"closed","template":"","meta":[],"product_cat":[45],"product_tag":[],"yoast_head":"<!-- This site is optimized with the Yoast SEO plugin v22.2 - https:\/\/yoast.com\/wordpress\/plugins\/seo\/ -->\n<title>Vibratory Hopper Controller SDVC311-M - SWOER<\/title>\n<meta name=\"description\" content=\"SDVC311-M vibratory hopper controller features introduction.\" \/>\n<meta name=\"robots\" content=\"index, follow, max-snippet:-1, max-image-preview:large, max-video-preview:-1\" \/>\n<link rel=\"canonical\" href=\"https:\/\/swoer.com\/de\/manufacturer\/vibratory-hopper-controller-sdvc311-m\/\" \/>\n<meta property=\"og:locale\" content=\"de_DE\" \/>\n<meta property=\"og:type\" content=\"article\" \/>\n<meta property=\"og:title\" content=\"Vibratory Hopper Controller SDVC311-M - SWOER\" \/>\n<meta property=\"og:description\" content=\"SDVC311-M vibratory hopper controller features introduction.\" \/>\n<meta property=\"og:url\" content=\"https:\/\/swoer.com\/de\/manufacturer\/vibratory-hopper-controller-sdvc311-m\/\" \/>\n<meta property=\"og:site_name\" content=\"SWOER\" \/>\n<meta property=\"article:modified_time\" content=\"2024-08-16T04:01:29+00:00\" \/>\n<meta property=\"og:image\" content=\"https:\/\/swoer.com\/wp-content\/uploads\/2024\/07\/Vibratory-Hopper-Controller-SDVC311-M-1.webp\" \/>\n\t<meta property=\"og:image:width\" content=\"1000\" \/>\n\t<meta property=\"og:image:height\" content=\"1000\" \/>\n\t<meta property=\"og:image:type\" content=\"image\/webp\" \/>\n<meta name=\"twitter:card\" content=\"summary_large_image\" \/>\n<meta name=\"twitter:label1\" content=\"Gesch\u00e4tzte Lesezeit\" \/>\n\t<meta name=\"twitter:data1\" content=\"3\u00a0Minuten\" \/>\n<script type=\"application\/ld+json\" class=\"yoast-schema-graph\">{\"@context\":\"https:\/\/schema.org\",\"@graph\":[{\"@type\":\"WebPage\",\"@id\":\"https:\/\/swoer.com\/manufacturer\/vibratory-hopper-controller-sdvc311-m\/\",\"url\":\"https:\/\/swoer.com\/manufacturer\/vibratory-hopper-controller-sdvc311-m\/\",\"name\":\"Vibratory Hopper Controller SDVC311-M - SWOER\",\"isPartOf\":{\"@id\":\"https:\/\/swoer.com\/#website\"},\"primaryImageOfPage\":{\"@id\":\"https:\/\/swoer.com\/manufacturer\/vibratory-hopper-controller-sdvc311-m\/#primaryimage\"},\"image\":{\"@id\":\"https:\/\/swoer.com\/manufacturer\/vibratory-hopper-controller-sdvc311-m\/#primaryimage\"},\"thumbnailUrl\":\"https:\/\/swoer.com\/wp-content\/uploads\/2024\/07\/Vibratory-Hopper-Controller-SDVC311-M-1.webp\",\"datePublished\":\"2024-07-11T02:33:28+00:00\",\"dateModified\":\"2024-08-16T04:01:29+00:00\",\"description\":\"SDVC311-M vibratory hopper controller features introduction.\",\"breadcrumb\":{\"@id\":\"https:\/\/swoer.com\/manufacturer\/vibratory-hopper-controller-sdvc311-m\/#breadcrumb\"},\"inLanguage\":\"de\",\"potentialAction\":[{\"@type\":\"ReadAction\",\"target\":[\"https:\/\/swoer.com\/manufacturer\/vibratory-hopper-controller-sdvc311-m\/\"]}]},{\"@type\":\"ImageObject\",\"inLanguage\":\"de\",\"@id\":\"https:\/\/swoer.com\/manufacturer\/vibratory-hopper-controller-sdvc311-m\/#primaryimage\",\"url\":\"https:\/\/swoer.com\/wp-content\/uploads\/2024\/07\/Vibratory-Hopper-Controller-SDVC311-M-1.webp\",\"contentUrl\":\"https:\/\/swoer.com\/wp-content\/uploads\/2024\/07\/Vibratory-Hopper-Controller-SDVC311-M-1.webp\",\"width\":1000,\"height\":1000,\"caption\":\"Vibratory Hopper Controller SDVC311-M\"},{\"@type\":\"BreadcrumbList\",\"@id\":\"https:\/\/swoer.com\/manufacturer\/vibratory-hopper-controller-sdvc311-m\/#breadcrumb\",\"itemListElement\":[{\"@type\":\"ListItem\",\"position\":1,\"name\":\"Home\",\"item\":\"https:\/\/swoer.com\/\"},{\"@type\":\"ListItem\",\"position\":2,\"name\":\"Shop\",\"item\":\"https:\/\/swoer.com\/shop\/\"},{\"@type\":\"ListItem\",\"position\":3,\"name\":\"Vibratory Hopper Controller SDVC311-M\"}]},{\"@type\":\"WebSite\",\"@id\":\"https:\/\/swoer.com\/#website\",\"url\":\"https:\/\/swoer.com\/\",\"name\":\"SWOER\",\"description\":\"Swoer is the top 3 vibratory bowl feeder manufacturer in China\",\"potentialAction\":[{\"@type\":\"SearchAction\",\"target\":{\"@type\":\"EntryPoint\",\"urlTemplate\":\"https:\/\/swoer.com\/?s={search_term_string}\"},\"query-input\":\"required name=search_term_string\"}],\"inLanguage\":\"de\"}]}<\/script>\n<!-- \/ Yoast SEO plugin. -->","yoast_head_json":{"title":"Vibratory Hopper Controller SDVC311-M - SWOER","description":"SDVC311-M vibratory hopper controller features introduction.","robots":{"index":"index","follow":"follow","max-snippet":"max-snippet:-1","max-image-preview":"max-image-preview:large","max-video-preview":"max-video-preview:-1"},"canonical":"https:\/\/swoer.com\/de\/manufacturer\/vibratory-hopper-controller-sdvc311-m\/","og_locale":"de_DE","og_type":"article","og_title":"Vibratory Hopper Controller SDVC311-M - SWOER","og_description":"SDVC311-M vibratory hopper controller features introduction.","og_url":"https:\/\/swoer.com\/de\/manufacturer\/vibratory-hopper-controller-sdvc311-m\/","og_site_name":"SWOER","article_modified_time":"2024-08-16T04:01:29+00:00","og_image":[{"width":1000,"height":1000,"url":"https:\/\/swoer.com\/wp-content\/uploads\/2024\/07\/Vibratory-Hopper-Controller-SDVC311-M-1.webp","type":"image\/webp"}],"twitter_card":"summary_large_image","twitter_misc":{"Gesch\u00e4tzte Lesezeit":"3\u00a0Minuten"},"schema":{"@context":"https:\/\/schema.org","@graph":[{"@type":"WebPage","@id":"https:\/\/swoer.com\/manufacturer\/vibratory-hopper-controller-sdvc311-m\/","url":"https:\/\/swoer.com\/manufacturer\/vibratory-hopper-controller-sdvc311-m\/","name":"Vibratory Hopper Controller SDVC311-M - SWOER","isPartOf":{"@id":"https:\/\/swoer.com\/#website"},"primaryImageOfPage":{"@id":"https:\/\/swoer.com\/manufacturer\/vibratory-hopper-controller-sdvc311-m\/#primaryimage"},"image":{"@id":"https:\/\/swoer.com\/manufacturer\/vibratory-hopper-controller-sdvc311-m\/#primaryimage"},"thumbnailUrl":"https:\/\/swoer.com\/wp-content\/uploads\/2024\/07\/Vibratory-Hopper-Controller-SDVC311-M-1.webp","datePublished":"2024-07-11T02:33:28+00:00","dateModified":"2024-08-16T04:01:29+00:00","description":"SDVC311-M vibratory hopper controller features introduction.","breadcrumb":{"@id":"https:\/\/swoer.com\/manufacturer\/vibratory-hopper-controller-sdvc311-m\/#breadcrumb"},"inLanguage":"de","potentialAction":[{"@type":"ReadAction","target":["https:\/\/swoer.com\/manufacturer\/vibratory-hopper-controller-sdvc311-m\/"]}]},{"@type":"ImageObject","inLanguage":"de","@id":"https:\/\/swoer.com\/manufacturer\/vibratory-hopper-controller-sdvc311-m\/#primaryimage","url":"https:\/\/swoer.com\/wp-content\/uploads\/2024\/07\/Vibratory-Hopper-Controller-SDVC311-M-1.webp","contentUrl":"https:\/\/swoer.com\/wp-content\/uploads\/2024\/07\/Vibratory-Hopper-Controller-SDVC311-M-1.webp","width":1000,"height":1000,"caption":"Vibratory Hopper Controller SDVC311-M"},{"@type":"BreadcrumbList","@id":"https:\/\/swoer.com\/manufacturer\/vibratory-hopper-controller-sdvc311-m\/#breadcrumb","itemListElement":[{"@type":"ListItem","position":1,"name":"Home","item":"https:\/\/swoer.com\/"},{"@type":"ListItem","position":2,"name":"Shop","item":"https:\/\/swoer.com\/shop\/"},{"@type":"ListItem","position":3,"name":"Vibratory Hopper Controller SDVC311-M"}]},{"@type":"WebSite","@id":"https:\/\/swoer.com\/#website","url":"https:\/\/swoer.com\/","name":"SWOER","description":"Swoer is the top 3 vibratory bowl feeder manufacturer in China","potentialAction":[{"@type":"SearchAction","target":{"@type":"EntryPoint","urlTemplate":"https:\/\/swoer.com\/?s={search_term_string}"},"query-input":"required name=search_term_string"}],"inLanguage":"de"}]}},"_links":{"self":[{"href":"https:\/\/swoer.com\/de\/wp-json\/wp\/v2\/product\/2332"}],"collection":[{"href":"https:\/\/swoer.com\/de\/wp-json\/wp\/v2\/product"}],"about":[{"href":"https:\/\/swoer.com\/de\/wp-json\/wp\/v2\/types\/product"}],"replies":[{"embeddable":true,"href":"https:\/\/swoer.com\/de\/wp-json\/wp\/v2\/comments?post=2332"}],"wp:featuredmedia":[{"embeddable":true,"href":"https:\/\/swoer.com\/de\/wp-json\/wp\/v2\/media\/2489"}],"wp:attachment":[{"href":"https:\/\/swoer.com\/de\/wp-json\/wp\/v2\/media?parent=2332"}],"wp:term":[{"taxonomy":"product_cat","embeddable":true,"href":"https:\/\/swoer.com\/de\/wp-json\/wp\/v2\/product_cat?post=2332"},{"taxonomy":"product_tag","embeddable":true,"href":"https:\/\/swoer.com\/de\/wp-json\/wp\/v2\/product_tag?post=2332"}],"curies":[{"name":"wp","href":"https:\/\/api.w.org\/{rel}","templated":true}]}}