{"id":2326,"date":"2024-07-10T02:07:49","date_gmt":"2024-07-10T02:07:49","guid":{"rendered":"https:\/\/swoer.com\/?post_type=product&#038;p=2326"},"modified":"2024-08-16T14:01:56","modified_gmt":"2024-08-16T06:01:56","slug":"vibratory-bowl-feeder-speed-controller-dvc34-xlr","status":"publish","type":"product","link":"https:\/\/swoer.com\/de\/manufacturer\/vibratory-bowl-feeder-speed-controller-dvc34-xlr\/","title":{"rendered":"Drehzahlregler f\u00fcr Vibrationsf\u00f6rderer DVC34-XLR"},"content":{"rendered":"<h2><strong><b>DVC34-XLR-Funktionen<\/b><\/strong><\/h2>\n<ul>\n<li>Automatische Geschwindigkeitsstabilisierung<\/li>\n<li>Automatische Frequenzanpassung<\/li>\n<li>Automatische Frequenzsuche<\/li>\n<li>Synchrone Ausgabe<\/li>\n<li>Geschwindigkeitsvorgabe<\/li>\n<li>Hochpr\u00e4zise automatische Spannungsstabilisierung<\/li>\n<li>Digitaler \u00dcberhitzungsschutz<\/li>\n<li>Sensor-Selbstadaption<\/li>\n<li>Fernsteuerung der Geschwindigkeit<\/li>\n<li>DC-Steuerausgang<\/li>\n<li>Tastatursperre<\/li>\n<li>Maximale Ausgangsspannungseinstellung<\/li>\n<li>Doppelschalter-Sensor Material voll\/leer Abschaltung<\/li>\n<li>Z\u00e4hlfunktion<\/li>\n<li>485 Kommunikation<\/li>\n<\/ul>\n\t<div id=\"gap-292275987\" class=\"gap-element clearfix\" style=\"display:block; height:auto;\">\n\t\t\n<style>\n#gap-292275987 {\n  padding-top: 30px;\n}\n<\/style>\n\t<\/div>\n\t\n<h2><strong><b>DVC34-XLR<\/b><\/strong><strong><b>\u00a0<\/b><\/strong><strong><b>Funktion<\/b><\/strong><\/h2>\n<p>Diese f\u00fcr die Vibrationszuf\u00fchrung in der Automatisierung konzipierte Steuerungsserie integriert fortschrittliche elektronische Technologie. Sie bietet praktische, benutzerfreundliche Funktionen:<\/p>\n<ol>\n<li><strong>Automatische Frequenzmodulation:<\/strong> Der Controller passt die Frequenz in Echtzeit an und sorgt so f\u00fcr einen optimalen Betrieb des Feeders.<\/li>\n<li><strong>Automatische Geschwindigkeitsstabilisierung:<\/strong> Da der Controller die Spannung in Echtzeit regelt, sorgt er daf\u00fcr, dass die Vorschubgeschwindigkeit konstant bleibt. Unabh\u00e4ngig davon, ob die Werkst\u00fcckmenge zunimmt oder abnimmt, sorgt diese Funktion f\u00fcr eine konstante Leistung und verbessert so die Gesamteffizienz.<\/li>\n<li><strong>Automatische Frequenzsuche:<\/strong> Die narrensichere Funktion erkennt schnell die optimale Frequenz und die zugeh\u00f6rigen Parameter und erh\u00f6ht so den Benutzerkomfort.<\/li>\n<li><strong>Automatische Spannungsstabilisierung:<\/strong> Wenn die Drehzahlstabilisierung nicht aktiviert ist, eliminiert der Controller Drehzahlschwankungen durch \u00c4nderungen der Stromversorgung und verhindert so Schwebungsfrequenzeffekte.<\/li>\n<li><strong>Synchrone Ausgabe:<\/strong> Mehrere Controller synchronisieren ihre Ausg\u00e4nge in Frequenz und Phase und vermeiden so Schwebungsfrequenzen und damit verbundene Probleme.<\/li>\n<li><strong>Voll-\/Leermaterialabschaltung:<\/strong> \u00dcber den Sensoreingang kann der Controller die Abschaltung basierend auf den Materialf\u00fcllst\u00e4nden steuern und bietet anpassbare Startzeiten, Verz\u00f6gerungen und Logikeinstellungen.<\/li>\n<li><strong>Sensoradaption:<\/strong> Zus\u00e4tzlich zu seinen anderen Funktionen passt sich der Controller nahtlos an NPN- und PNP-Schaltsensoren an. Diese automatische Anpassung gew\u00e4hrleistet Kompatibilit\u00e4t und Zuverl\u00e4ssigkeit, unabh\u00e4ngig vom verwendeten Sensortyp.<\/li>\n<li><strong>Langsamer Start:<\/strong> Beim Start erh\u00f6ht der Controller die Spannung schrittweise und verhindert so Sch\u00e4den durch pl\u00f6tzliche Stromschl\u00e4ge.<\/li>\n<li><strong>Geschwindigkeitsvorgabe:<\/strong> \u00dcber externe Steuersignale k\u00f6nnen Benutzer aus vier voreingestellten Ausgangsspannungen w\u00e4hlen.<\/li>\n<li><strong>Beschleunigungsfunktion:<\/strong> Diese Funktion erh\u00f6ht die Ausgangsspannung auf bis zu 150% der Eingangsspannung.<\/li>\n<li><strong>Maximale Ausgangsspannungseinstellung:<\/strong> Benutzer k\u00f6nnen eine Spannungsbegrenzung festlegen und so versehentliche Sch\u00e4den durch zu hohe Spannung verhindern.<\/li>\n<li><strong>Wellenformindex:<\/strong> Dieser Parameter gleicht die Reglereffizienz mit maximaler Leistungsabgabe aus.<\/li>\n<li><strong>Fernsteuerung der Geschwindigkeit:<\/strong> Benutzer k\u00f6nnen Spannung oder Geschwindigkeit extern \u00fcber ein Potentiometer, eine SPS oder ein Stromsignal steuern.<\/li>\n<li><strong>24V DC Steuerausgang:<\/strong> Die Steuersignalausgabe erfolgt \u00fcber einen Transistor, wodurch eine direkte Steuerung von Ger\u00e4ten wie Magnetventilen erm\u00f6glicht wird.<\/li>\n<li><strong>Ausgangsschalter:<\/strong> Eine Touch-Taste auf dem Bedienfeld erm\u00f6glicht das sofortige Starten\/Stoppen der Maschine und vereinfacht so die Fehlerbehebung bei der Ausr\u00fcstung.<\/li>\n<li><strong>Tastatursperre:<\/strong> Durch Gedr\u00fcckthalten der Ein-\/Aus-Taste werden s\u00e4mtliche Funktionen gesperrt und so eine versehentliche Bedienung verhindert.<\/li>\n<li><strong>Parameter Passwort:<\/strong> Benutzer k\u00f6nnen ein Kennwort festlegen, um Parameter zu sperren und so vor unbefugten \u00c4nderungen zu sch\u00fctzen.<\/li>\n<li><strong>Werkseinstellungen wiederherstellen:<\/strong> Mit dieser Funktion k\u00f6nnen Sie die Parameter schnell auf die Werkseinstellungen zur\u00fccksetzen und den Controller zur\u00fccksetzen.<\/li>\n<li><strong>485-Kommunikation:<\/strong> Benutzer k\u00f6nnen die Controllereinstellungen per Fernzugriff \u00fcber die 485-Kommunikation anpassen.<\/li>\n<\/ol>\n\t<div id=\"gap-1327411029\" class=\"gap-element clearfix\" style=\"display:block; height:auto;\">\n\t\t\n<style>\n#gap-1327411029 {\n  padding-top: 30px;\n}\n<\/style>\n\t<\/div>\n\t\n<h2>Technische Spezifikation<\/h2>\n<table width=\"767\">\n<tbody>\n<tr>\n<td rowspan=\"2\" width=\"225\">Artikel<\/td>\n<td colspan=\"3\" width=\"216\">Reichweite<\/td>\n<td rowspan=\"2\" width=\"72\">Einheit<\/td>\n<td rowspan=\"2\" width=\"254\">Beschreibung<\/td>\n<\/tr>\n<tr>\n<td>Minimum<\/td>\n<td>Typisch<\/td>\n<td>Maximal<\/td>\n<\/tr>\n<tr>\n<td>Eingangsspannung<\/td>\n<td>85<\/td>\n<td>220<\/td>\n<td>260<\/td>\n<td>V<\/td>\n<td>AC-Effektivwert<\/td>\n<\/tr>\n<tr>\n<td>Einstellbereich der Ausgangsspannung<\/td>\n<td>0<\/td>\n<td><\/td>\n<td>260<\/td>\n<td>V<\/td>\n<td>Weniger als 150% Eingangsspannung<\/td>\n<\/tr>\n<tr>\n<td>Genauigkeit der Spannungseinstellung<\/td>\n<td colspan=\"3\">1<\/td>\n<td>V<\/td>\n<td><\/td>\n<\/tr>\n<tr>\n<td>Genauigkeit der Spannungsregelung<\/td>\n<td>0<\/td>\n<td><\/td>\n<td>10<\/td>\n<td><\/td>\n<td>Vout\/Vin<\/td>\n<\/tr>\n<tr>\n<td>Reaktionszeit der Spannungsregelung<\/td>\n<td>0.0025<\/td>\n<td><\/td>\n<td>0.04<\/td>\n<td>S<\/td>\n<td>Ein Zehntel des Ausgangsspannungszyklus<\/td>\n<\/tr>\n<tr>\n<td rowspan=\"2\">Einstellbereich des Ausgangsstroms<\/td>\n<td rowspan=\"2\">0<\/td>\n<td rowspan=\"2\"><\/td>\n<td rowspan=\"2\">6<\/td>\n<td rowspan=\"2\">A<\/td>\n<td rowspan=\"2\" width=\"254\">SDVC34-XLR<br \/>\nSDVC34-XLRJ<\/td>\n<\/tr>\n<tr>\n<td rowspan=\"2\"><\/td>\n<td rowspan=\"2\"><\/td>\n<td rowspan=\"2\"><\/td>\n<td rowspan=\"2\"><\/td>\n<td rowspan=\"2\"><\/td>\n<td rowspan=\"2\" width=\"254\"><\/td>\n<\/tr>\n<tr>\n<td>Ausgangsfrequenz<\/td>\n<td>25<\/td>\n<td><\/td>\n<td>400<\/td>\n<td>Hz<\/td>\n<td><\/td>\n<\/tr>\n<tr>\n<td>Genauigkeit der Frequenzeinstellung<\/td>\n<td colspan=\"3\">0.1<\/td>\n<td>Hz<\/td>\n<td><\/td>\n<\/tr>\n<tr>\n<td>Ausgangswellenform<\/td>\n<td colspan=\"3\">Sinus<\/td>\n<td><\/td>\n<td><\/td>\n<\/tr>\n<tr>\n<td>Langsame Startzeit<\/td>\n<td>0<\/td>\n<td><\/td>\n<td>10<\/td>\n<td>S<\/td>\n<td>Werkseinstellung 0,5<\/td>\n<\/tr>\n<tr>\n<td>Verz\u00f6gerungszeitbereich<\/td>\n<td>0<\/td>\n<td><\/td>\n<td>20<\/td>\n<td>S<\/td>\n<td>Werkseinstellung 0,2<\/td>\n<\/tr>\n<tr>\n<td>Genauigkeit der Verz\u00f6gerungszeit<\/td>\n<td colspan=\"3\">0.1<\/td>\n<td>S<\/td>\n<td><\/td>\n<\/tr>\n<tr>\n<td>\u00dcberhitzungsschutztemperatur<\/td>\n<td>60<\/td>\n<td>65<\/td>\n<td>65<\/td>\n<td>\u2103<\/td>\n<td><\/td>\n<\/tr>\n<tr>\n<td>DC-Steuerausgangsspannung<\/td>\n<td>22<\/td>\n<td>24<\/td>\n<td>26<\/td>\n<td>V<\/td>\n<td><\/td>\n<\/tr>\n<tr>\n<td>DC-Steuerausgangsstrom<\/td>\n<td>0<\/td>\n<td><\/td>\n<td>200<\/td>\n<td>mA<\/td>\n<td><\/td>\n<\/tr>\n<tr>\n<td>Analoges Steuerungsmodell<\/td>\n<td colspan=\"3\">1- 5<\/td>\n<td>V<\/td>\n<td>Ferndrehzahlregelungsspannung<\/td>\n<\/tr>\n<tr>\n<td>Digitales Steuersignal<\/td>\n<td colspan=\"3\">24<\/td>\n<td>V<\/td>\n<td>Signalsteuerung umschalten<\/td>\n<\/tr>\n<tr>\n<td>Anpassungsmethode<\/td>\n<td colspan=\"3\">6<\/td>\n<td>Schl\u00fcssel<\/td>\n<td><\/td>\n<\/tr>\n<tr>\n<td>Stromverbrauch bei Leerlauf<\/td>\n<td><\/td>\n<td>7<\/td>\n<td><\/td>\n<td>B<\/td>\n<td><\/td>\n<\/tr>\n<tr>\n<td>Anzeigemodus<\/td>\n<td colspan=\"3\">5<\/td>\n<td>Ziffer<\/td>\n<td>LED-Digitalr\u00f6hre<\/td>\n<\/tr>\n<tr>\n<td>Lohnumgebungstemperatur<\/td>\n<td>0<\/td>\n<td>25<\/td>\n<td>40<\/td>\n<td>\u2103<\/td>\n<td rowspan=\"2\">Keine Kondensation<\/td>\n<\/tr>\n<tr>\n<td>Lohnumgebungsfeuchtigkeit<\/td>\n<td>10<\/td>\n<td>60<\/td>\n<td>85<\/td>\n<td>%<\/td>\n<\/tr>\n<\/tbody>\n<\/table>\n\t<div id=\"gap-862021200\" class=\"gap-element clearfix\" style=\"display:block; height:auto;\">\n\t\t\n<style>\n#gap-862021200 {\n  padding-top: 30px;\n}\n<\/style>\n\t<\/div>\n\t\n\t<div class=\"img has-hover x md-x lg-x y md-y lg-y\" id=\"image_556723984\">\n\t\t\t\t\t\t\t\t<div class=\"img-inner dark\" >\n\t\t\t<img loading=\"lazy\" decoding=\"async\" width=\"814\" height=\"575\" src=\"https:\/\/swoer.com\/wp-content\/uploads\/2024\/07\/DVC34-XLRDimensions.webp\" class=\"attachment-original size-original\" alt=\"DVC34-XLRAbmessungen\" srcset=\"https:\/\/swoer.com\/wp-content\/uploads\/2024\/07\/DVC34-XLRDimensions.webp 814w, https:\/\/swoer.com\/wp-content\/uploads\/2024\/07\/DVC34-XLRDimensions-300x212.webp 300w, https:\/\/swoer.com\/wp-content\/uploads\/2024\/07\/DVC34-XLRDimensions-768x543.webp 768w, https:\/\/swoer.com\/wp-content\/uploads\/2024\/07\/DVC34-XLRDimensions-18x12.webp 18w, https:\/\/swoer.com\/wp-content\/uploads\/2024\/07\/DVC34-XLRDimensions-600x424.webp 600w\" sizes=\"(max-width: 814px) 100vw, 814px\" \/>\t\t\t\t\t\t\n\t\t\t\t\t<\/div>\n\t\t\t\t\t\t\t\t\n<style>\n#image_556723984 {\n  width: 60%;\n}\n<\/style>\n\t<\/div>","protected":false},"excerpt":{"rendered":"<p>Der Drehzahlregler DVC34-XLR f\u00fcr Vibrationsf\u00f6rderer ist ein leistungsstarker und vielseitiger Regler, der mit einer Vielzahl von Vibrationsf\u00f6rderern verwendet werden kann. Er ist vollgepackt mit Funktionen, die die Verwendung vereinfachen und eine pr\u00e4zise Steuerung Ihres F\u00f6rderers gew\u00e4hrleisten.<\/p>","protected":false},"featured_media":2493,"comment_status":"open","ping_status":"closed","template":"","meta":[],"product_cat":[45],"product_tag":[],"yoast_head":"<!-- This site is optimized with the Yoast SEO plugin v22.2 - https:\/\/yoast.com\/wordpress\/plugins\/seo\/ -->\n<title>Vibratory Bowl Feeder Speed Controller DVC34-XLR - SWOER<\/title>\n<meta name=\"description\" content=\"The DVC34-XLR Speed Controller offers precise control with features like automatic speed stabilization, frequency adjustment, sensor self-adaptation, remote control, and 485 communication for reliable performance.\" \/>\n<meta name=\"robots\" content=\"index, follow, max-snippet:-1, max-image-preview:large, max-video-preview:-1\" \/>\n<link rel=\"canonical\" href=\"https:\/\/swoer.com\/de\/manufacturer\/vibratory-bowl-feeder-speed-controller-dvc34-xlr\/\" \/>\n<meta property=\"og:locale\" content=\"de_DE\" \/>\n<meta property=\"og:type\" content=\"article\" \/>\n<meta property=\"og:title\" content=\"Vibratory Bowl Feeder Speed Controller DVC34-XLR - SWOER\" \/>\n<meta property=\"og:description\" content=\"The DVC34-XLR Speed Controller offers precise control with features like automatic speed stabilization, frequency adjustment, sensor self-adaptation, remote control, and 485 communication for reliable performance.\" \/>\n<meta property=\"og:url\" content=\"https:\/\/swoer.com\/de\/manufacturer\/vibratory-bowl-feeder-speed-controller-dvc34-xlr\/\" \/>\n<meta property=\"og:site_name\" content=\"SWOER\" \/>\n<meta property=\"article:modified_time\" content=\"2024-08-16T06:01:56+00:00\" \/>\n<meta property=\"og:image\" content=\"https:\/\/swoer.com\/wp-content\/uploads\/2024\/07\/Vibratory-Feeder-Controller-SDVC34-XLR.webp\" \/>\n\t<meta property=\"og:image:width\" content=\"1000\" \/>\n\t<meta property=\"og:image:height\" content=\"1000\" \/>\n\t<meta property=\"og:image:type\" content=\"image\/webp\" \/>\n<meta name=\"twitter:card\" content=\"summary_large_image\" \/>\n<meta name=\"twitter:label1\" content=\"Gesch\u00e4tzte Lesezeit\" \/>\n\t<meta name=\"twitter:data1\" content=\"3\u00a0Minuten\" \/>\n<script type=\"application\/ld+json\" class=\"yoast-schema-graph\">{\"@context\":\"https:\/\/schema.org\",\"@graph\":[{\"@type\":\"WebPage\",\"@id\":\"https:\/\/swoer.com\/manufacturer\/vibratory-bowl-feeder-speed-controller-dvc34-xlr\/\",\"url\":\"https:\/\/swoer.com\/manufacturer\/vibratory-bowl-feeder-speed-controller-dvc34-xlr\/\",\"name\":\"Vibratory Bowl Feeder Speed Controller DVC34-XLR - SWOER\",\"isPartOf\":{\"@id\":\"https:\/\/swoer.com\/#website\"},\"primaryImageOfPage\":{\"@id\":\"https:\/\/swoer.com\/manufacturer\/vibratory-bowl-feeder-speed-controller-dvc34-xlr\/#primaryimage\"},\"image\":{\"@id\":\"https:\/\/swoer.com\/manufacturer\/vibratory-bowl-feeder-speed-controller-dvc34-xlr\/#primaryimage\"},\"thumbnailUrl\":\"https:\/\/swoer.com\/wp-content\/uploads\/2024\/07\/Vibratory-Feeder-Controller-SDVC34-XLR.webp\",\"datePublished\":\"2024-07-10T02:07:49+00:00\",\"dateModified\":\"2024-08-16T06:01:56+00:00\",\"description\":\"The DVC34-XLR Speed Controller offers precise control with features like automatic speed stabilization, frequency adjustment, sensor self-adaptation, remote control, and 485 communication for reliable performance.\",\"breadcrumb\":{\"@id\":\"https:\/\/swoer.com\/manufacturer\/vibratory-bowl-feeder-speed-controller-dvc34-xlr\/#breadcrumb\"},\"inLanguage\":\"de\",\"potentialAction\":[{\"@type\":\"ReadAction\",\"target\":[\"https:\/\/swoer.com\/manufacturer\/vibratory-bowl-feeder-speed-controller-dvc34-xlr\/\"]}]},{\"@type\":\"ImageObject\",\"inLanguage\":\"de\",\"@id\":\"https:\/\/swoer.com\/manufacturer\/vibratory-bowl-feeder-speed-controller-dvc34-xlr\/#primaryimage\",\"url\":\"https:\/\/swoer.com\/wp-content\/uploads\/2024\/07\/Vibratory-Feeder-Controller-SDVC34-XLR.webp\",\"contentUrl\":\"https:\/\/swoer.com\/wp-content\/uploads\/2024\/07\/Vibratory-Feeder-Controller-SDVC34-XLR.webp\",\"width\":1000,\"height\":1000,\"caption\":\"Vibratory Feeder Controller SDVC34-XLR\"},{\"@type\":\"BreadcrumbList\",\"@id\":\"https:\/\/swoer.com\/manufacturer\/vibratory-bowl-feeder-speed-controller-dvc34-xlr\/#breadcrumb\",\"itemListElement\":[{\"@type\":\"ListItem\",\"position\":1,\"name\":\"Home\",\"item\":\"https:\/\/swoer.com\/\"},{\"@type\":\"ListItem\",\"position\":2,\"name\":\"Shop\",\"item\":\"https:\/\/swoer.com\/shop\/\"},{\"@type\":\"ListItem\",\"position\":3,\"name\":\"Vibratory Bowl Feeder Speed Controller DVC34-XLR\"}]},{\"@type\":\"WebSite\",\"@id\":\"https:\/\/swoer.com\/#website\",\"url\":\"https:\/\/swoer.com\/\",\"name\":\"SWOER\",\"description\":\"Swoer is the top 3 vibratory bowl feeder manufacturer in China\",\"potentialAction\":[{\"@type\":\"SearchAction\",\"target\":{\"@type\":\"EntryPoint\",\"urlTemplate\":\"https:\/\/swoer.com\/?s={search_term_string}\"},\"query-input\":\"required name=search_term_string\"}],\"inLanguage\":\"de\"}]}<\/script>\n<!-- \/ Yoast SEO plugin. -->","yoast_head_json":{"title":"Vibratory Bowl Feeder Speed Controller DVC34-XLR - SWOER","description":"The DVC34-XLR Speed Controller offers precise control with features like automatic speed stabilization, frequency adjustment, sensor self-adaptation, remote control, and 485 communication for reliable performance.","robots":{"index":"index","follow":"follow","max-snippet":"max-snippet:-1","max-image-preview":"max-image-preview:large","max-video-preview":"max-video-preview:-1"},"canonical":"https:\/\/swoer.com\/de\/manufacturer\/vibratory-bowl-feeder-speed-controller-dvc34-xlr\/","og_locale":"de_DE","og_type":"article","og_title":"Vibratory Bowl Feeder Speed Controller DVC34-XLR - SWOER","og_description":"The DVC34-XLR Speed Controller offers precise control with features like automatic speed stabilization, frequency adjustment, sensor self-adaptation, remote control, and 485 communication for reliable performance.","og_url":"https:\/\/swoer.com\/de\/manufacturer\/vibratory-bowl-feeder-speed-controller-dvc34-xlr\/","og_site_name":"SWOER","article_modified_time":"2024-08-16T06:01:56+00:00","og_image":[{"width":1000,"height":1000,"url":"https:\/\/swoer.com\/wp-content\/uploads\/2024\/07\/Vibratory-Feeder-Controller-SDVC34-XLR.webp","type":"image\/webp"}],"twitter_card":"summary_large_image","twitter_misc":{"Gesch\u00e4tzte Lesezeit":"3\u00a0Minuten"},"schema":{"@context":"https:\/\/schema.org","@graph":[{"@type":"WebPage","@id":"https:\/\/swoer.com\/manufacturer\/vibratory-bowl-feeder-speed-controller-dvc34-xlr\/","url":"https:\/\/swoer.com\/manufacturer\/vibratory-bowl-feeder-speed-controller-dvc34-xlr\/","name":"Vibratory Bowl Feeder Speed Controller DVC34-XLR - SWOER","isPartOf":{"@id":"https:\/\/swoer.com\/#website"},"primaryImageOfPage":{"@id":"https:\/\/swoer.com\/manufacturer\/vibratory-bowl-feeder-speed-controller-dvc34-xlr\/#primaryimage"},"image":{"@id":"https:\/\/swoer.com\/manufacturer\/vibratory-bowl-feeder-speed-controller-dvc34-xlr\/#primaryimage"},"thumbnailUrl":"https:\/\/swoer.com\/wp-content\/uploads\/2024\/07\/Vibratory-Feeder-Controller-SDVC34-XLR.webp","datePublished":"2024-07-10T02:07:49+00:00","dateModified":"2024-08-16T06:01:56+00:00","description":"The DVC34-XLR Speed Controller offers precise control with features like automatic speed stabilization, frequency adjustment, sensor self-adaptation, remote control, and 485 communication for reliable performance.","breadcrumb":{"@id":"https:\/\/swoer.com\/manufacturer\/vibratory-bowl-feeder-speed-controller-dvc34-xlr\/#breadcrumb"},"inLanguage":"de","potentialAction":[{"@type":"ReadAction","target":["https:\/\/swoer.com\/manufacturer\/vibratory-bowl-feeder-speed-controller-dvc34-xlr\/"]}]},{"@type":"ImageObject","inLanguage":"de","@id":"https:\/\/swoer.com\/manufacturer\/vibratory-bowl-feeder-speed-controller-dvc34-xlr\/#primaryimage","url":"https:\/\/swoer.com\/wp-content\/uploads\/2024\/07\/Vibratory-Feeder-Controller-SDVC34-XLR.webp","contentUrl":"https:\/\/swoer.com\/wp-content\/uploads\/2024\/07\/Vibratory-Feeder-Controller-SDVC34-XLR.webp","width":1000,"height":1000,"caption":"Vibratory Feeder Controller SDVC34-XLR"},{"@type":"BreadcrumbList","@id":"https:\/\/swoer.com\/manufacturer\/vibratory-bowl-feeder-speed-controller-dvc34-xlr\/#breadcrumb","itemListElement":[{"@type":"ListItem","position":1,"name":"Home","item":"https:\/\/swoer.com\/"},{"@type":"ListItem","position":2,"name":"Shop","item":"https:\/\/swoer.com\/shop\/"},{"@type":"ListItem","position":3,"name":"Vibratory Bowl Feeder Speed Controller DVC34-XLR"}]},{"@type":"WebSite","@id":"https:\/\/swoer.com\/#website","url":"https:\/\/swoer.com\/","name":"SWOER","description":"Swoer is the top 3 vibratory bowl feeder manufacturer in China","potentialAction":[{"@type":"SearchAction","target":{"@type":"EntryPoint","urlTemplate":"https:\/\/swoer.com\/?s={search_term_string}"},"query-input":"required name=search_term_string"}],"inLanguage":"de"}]}},"_links":{"self":[{"href":"https:\/\/swoer.com\/de\/wp-json\/wp\/v2\/product\/2326"}],"collection":[{"href":"https:\/\/swoer.com\/de\/wp-json\/wp\/v2\/product"}],"about":[{"href":"https:\/\/swoer.com\/de\/wp-json\/wp\/v2\/types\/product"}],"replies":[{"embeddable":true,"href":"https:\/\/swoer.com\/de\/wp-json\/wp\/v2\/comments?post=2326"}],"wp:featuredmedia":[{"embeddable":true,"href":"https:\/\/swoer.com\/de\/wp-json\/wp\/v2\/media\/2493"}],"wp:attachment":[{"href":"https:\/\/swoer.com\/de\/wp-json\/wp\/v2\/media?parent=2326"}],"wp:term":[{"taxonomy":"product_cat","embeddable":true,"href":"https:\/\/swoer.com\/de\/wp-json\/wp\/v2\/product_cat?post=2326"},{"taxonomy":"product_tag","embeddable":true,"href":"https:\/\/swoer.com\/de\/wp-json\/wp\/v2\/product_tag?post=2326"}],"curies":[{"name":"wp","href":"https:\/\/api.w.org\/{rel}","templated":true}]}}