{"id":2302,"date":"2024-07-09T02:48:58","date_gmt":"2024-07-09T02:48:58","guid":{"rendered":"https:\/\/swoer.com\/?post_type=product&#038;p=2302"},"modified":"2024-08-16T14:09:17","modified_gmt":"2024-08-16T06:09:17","slug":"vibratory-feeder-controller-sdvc34-ur","status":"publish","type":"product","link":"https:\/\/swoer.com\/de\/manufacturer\/vibratory-feeder-controller-sdvc34-ur\/","title":{"rendered":"Vibrationsf\u00f6rderer-Steuerung SDVC34-UR"},"content":{"rendered":"<h2><strong><b>Vorteile<\/b><\/strong><\/h2>\n<ul>\n<li>Automatische Geschwindigkeitsstabilisierung<\/li>\n<li>Automatische Frequenzanpassung<\/li>\n<li>Automatische Frequenzsuche<\/li>\n<li>Synchrone Ausgabe<\/li>\n<li>Geschwindigkeitsvorgabe<\/li>\n<li>Einstellbarer langsamer Start<\/li>\n<li>Hochpr\u00e4zise automatische Spannungsstabilisierung<\/li>\n<li>Digitaler \u00dcberhitzungsschutz<\/li>\n<li>Sensor-Selbstadaption<\/li>\n<li>Fernsteuerung der Geschwindigkeit<\/li>\n<li>DC-Steuerausgang<\/li>\n<li>Maximale Ausgangsspannungseinstellung<\/li>\n<li>Doppelschaltersensor Voll\/Leer Abschaltung<\/li>\n<li>Z\u00e4hlfunktion<\/li>\n<li>485 Kommunikation<\/li>\n<\/ul>\n\t<div id=\"gap-1570626980\" class=\"gap-element clearfix\" style=\"display:block; height:auto;\">\n\t\t\n<style>\n#gap-1570626980 {\n  padding-top: 30px;\n}\n<\/style>\n\t<\/div>\n\t\n<h2><strong>Produktfunktionen<\/strong><\/h2>\n<h3 data-sourcepos=\"5:1-5:149\"><\/h3>\n<ol data-sourcepos=\"7:1-7:119\">\n<li data-sourcepos=\"7:1-7:119\">\n<p data-sourcepos=\"7:4-7:165\"><strong>Automatische Frequenzmodulation:<\/strong> Der Controller passt die Ausgangsfrequenz automatisch in Echtzeit an und stellt sicher, dass der Feeder mit der optimalen Frequenz arbeitet.<\/p>\n<\/li>\n<li data-sourcepos=\"9:1-9:140\">\n<p data-sourcepos=\"9:4-9:140\"><strong>Automatische Geschwindigkeitsstabilisierung:<\/strong> Der Controller passt die Spannung automatisch in Echtzeit an. So wird eine konstante Vorschubgeschwindigkeit gew\u00e4hrleistet, unabh\u00e4ngig vom Werkst\u00fcckwechsel.<\/p>\n<\/li>\n<li data-sourcepos=\"11:1-11:137\">\n<p data-sourcepos=\"11:4-11:137\"><strong>Narrensichere automatische Frequenzsuche:<\/strong> Diese Funktion ermittelt schnell die optimale Arbeitsfrequenz und andere zugeh\u00f6rige Parameter und vereinfacht so die Benutzerbedienung.<\/p>\n<\/li>\n<li data-sourcepos=\"13:1-14:0\">\n<p data-sourcepos=\"13:4-13:227\"><strong>Automatische Spannungsstabilisierung:<\/strong> Auch wenn die automatische Geschwindigkeitsstabilisierung nicht aktiviert ist, verhindert der Controller \u00c4nderungen der Vorschubgeschwindigkeit, die durch Schwankungen in der Stromversorgung und Wechselstrom-Schwebungsfrequenzeffekte im Industriebereich verursacht werden.<\/p>\n<\/li>\n<li data-sourcepos=\"15:1-16:0\">\n<p data-sourcepos=\"15:4-15:163\"><strong>Synchrone Ausgabe:<\/strong> Diese Funktion sperrt die Ausg\u00e4nge mehrerer Controller synchron auf derselben Frequenz und Phase und verhindert so Probleme mit der Schwebungsfrequenz.<\/p>\n<\/li>\n<li data-sourcepos=\"17:1-18:0\">\n<p data-sourcepos=\"17:4-17:254\"><strong>Voll-\/Leermaterialabschaltung:<\/strong> Der Controller verf\u00fcgt \u00fcber eine Signaleingangsschnittstelle f\u00fcr Schaltsensoren zur Steuerung der Materialabschaltung bei vollem\/leerem Material mit einstellbarer langsamer Startzeit, \u00d6ffnungsverz\u00f6gerung, Schlie\u00dfverz\u00f6gerung, logischer Richtungseinstellung und anderen Steuerfunktionen.<\/p>\n<\/li>\n<li data-sourcepos=\"19:1-19:77\">\n<p data-sourcepos=\"19:4-19:77\"><strong>Sensoranpassung:<\/strong> Dar\u00fcber hinaus passt sich der Controller problemlos sowohl an NPN- als auch an PNP-Sensoren an und gew\u00e4hrleistet nahtlose Kompatibilit\u00e4t und Zuverl\u00e4ssigkeit.<\/p>\n<\/li>\n<li data-sourcepos=\"21:1-22:0\">\n<p data-sourcepos=\"21:4-21:191\"><strong>Langsamer Start:<\/strong> Beim Start erh\u00f6ht der Controller die Ausgangsspannung\/F\u00f6rdergeschwindigkeit schrittweise von 0 auf den voreingestellten Wert und verhindert so Sch\u00e4den an Vibrationsger\u00e4ten durch Anlaufst\u00f6\u00dfe.<\/p>\n<\/li>\n<li data-sourcepos=\"23:1-24:0\">\n<p data-sourcepos=\"23:4-23:111\"><strong>Geschwindigkeitsvoreinstellung:<\/strong> Benutzer k\u00f6nnen bis zu 4 voreingestellte Ausgangsspannungen direkt \u00fcber externe Steuersignale ausw\u00e4hlen.<\/p>\n<\/li>\n<li data-sourcepos=\"25:1-26:0\">\n<p data-sourcepos=\"25:5-25:111\"><strong>Beschleunigungsfunktion:<\/strong> Diese Funktion erh\u00f6ht die maximale Ausgangsspannung auf 150% der Eingangsspannung.<\/p>\n<\/li>\n<li data-sourcepos=\"27:1-28:0\">\n<p data-sourcepos=\"27:5-27:188\"><strong>Einstellung der maximalen Ausgangsspannung:<\/strong> Mit dieser Einstellung k\u00f6nnen Benutzer die maximal einstellbare Spannung definieren und so versehentliche Sch\u00e4den an Vibrationsger\u00e4ten durch \u00dcberschreiten der Spannungsgrenzen verhindern.<\/p>\n<\/li>\n<li data-sourcepos=\"29:1-30:0\">\n<p data-sourcepos=\"29:5-29:107\"><strong>Wellenformindex:<\/strong> Benutzer k\u00f6nnen diesen Parameter anpassen, um die Effizienz des Controllers und die maximale Leistung ins Gleichgewicht zu bringen.<\/p>\n<\/li>\n<li data-sourcepos=\"31:1-32:0\">\n<p data-sourcepos=\"31:5-31:188\"><strong>Ferngeschwindigkeitsregelung:<\/strong> Der Controller erm\u00f6glicht die direkte Steuerung der Ausgangsspannung oder der F\u00f6rdergeschwindigkeit mithilfe eines externen Potentiometers, einer SPS, eines Spannungssignals von 1\u20135\u00a0V oder eines Stromsignals von 4\u201320\u00a0mA.<\/p>\n<\/li>\n<li data-sourcepos=\"33:1-34:0\">\n<p data-sourcepos=\"33:5-33:185\"><strong>24-V-DC-Steuerausgang:<\/strong> Der Controller stellt \u00fcber einen Transistor ein Steuersignal bereit, um in Abstimmung mit dem Controller externe Ger\u00e4te wie Magnetventile direkt zu steuern.<\/p>\n<\/li>\n<li data-sourcepos=\"35:1-35:12\">\n<p data-sourcepos=\"35:5-35:12\"><strong>Ausgangsschalter:<\/strong> \u00dcber eine Touch-Taste auf dem Bedienfeld k\u00f6nnen Benutzer die Maschine sofort starten\/stoppen, was die Fehlerbehebung bei der Ausr\u00fcstung erleichtert.<\/p>\n<\/li>\n<li data-sourcepos=\"37:1-38:0\">\n<p data-sourcepos=\"37:5-37:115\"><strong>Tastatursperre:<\/strong> Benutzer k\u00f6nnen die Ein-\/Aus-Taste lange dr\u00fccken, um alle Tasten zu sperren und so eine versehentliche Bedienung zu verhindern.<\/p>\n<\/li>\n<li data-sourcepos=\"39:1-40:0\">\n<p data-sourcepos=\"39:5-39:154\"><strong>Parameter Passwort:<\/strong> Benutzer k\u00f6nnen ein Kennwort festlegen, um bestimmte Parameter (mit Ausnahme der Ausgangsspannung\/F\u00f6rdergeschwindigkeit) zu sperren und so unbefugte \u00c4nderungen zu verhindern.<\/p>\n<\/li>\n<li data-sourcepos=\"41:1-42:0\">\n<p data-sourcepos=\"41:5-41:183\"><strong>Werkseinstellungen wiederherstellen:<\/strong> Mit dieser Funktion k\u00f6nnen Benutzer alle angepassten Parameter schnell auf die Werkseinstellungen zur\u00fccksetzen und den Controller so in seinen urspr\u00fcnglichen Betriebszustand versetzen.<\/p>\n<\/li>\n<li data-sourcepos=\"43:1-43:108\">\n<p data-sourcepos=\"43:5-43:108\"><strong>485 Kommunikation:<\/strong> Verschiedene Controllerparameter k\u00f6nnen per Fernzugriff \u00fcber die 485-Kommunikation angepasst werden.<\/p>\n<\/li>\n<\/ol>\n\t<div id=\"gap-1885226807\" class=\"gap-element clearfix\" style=\"display:block; height:auto;\">\n\t\t\n<style>\n#gap-1885226807 {\n  padding-top: 30px;\n}\n<\/style>\n\t<\/div>\n\t\n<h2>Technische Spezifikation<\/h2>\n<table width=\"767\">\n<tbody>\n<tr>\n<td rowspan=\"2\" width=\"225\">Artikel<\/td>\n<td colspan=\"3\" width=\"216\">Reichweite<\/td>\n<td rowspan=\"2\" width=\"72\">Einheit<\/td>\n<td rowspan=\"2\" width=\"254\">Beschreibung<\/td>\n<\/tr>\n<tr>\n<td>Minimum<\/td>\n<td>Typisch<\/td>\n<td>Maximal<\/td>\n<\/tr>\n<tr>\n<td>Eingangsspannung<\/td>\n<td>85<\/td>\n<td>220<\/td>\n<td>260<\/td>\n<td>V<\/td>\n<td>AC-Effektivwert<\/td>\n<\/tr>\n<tr>\n<td>Einstellbereich der Ausgangsspannung<\/td>\n<td>0<\/td>\n<td><\/td>\n<td>260<\/td>\n<td>V<\/td>\n<td>Weniger als 150% Eingangsspannung<\/td>\n<\/tr>\n<tr>\n<td>Genauigkeit der Spannungseinstellung<\/td>\n<td colspan=\"3\">1<\/td>\n<td>V<\/td>\n<td><\/td>\n<\/tr>\n<tr>\n<td>Genauigkeit der Spannungsregelung<\/td>\n<td>0<\/td>\n<td><\/td>\n<td>10<\/td>\n<td><\/td>\n<td>Vout\/Vin<\/td>\n<\/tr>\n<tr>\n<td>Reaktionszeit der Spannungsregelung<\/td>\n<td>0.0025<\/td>\n<td><\/td>\n<td>0.04<\/td>\n<td>S<\/td>\n<td>Ein Zehntel des Ausgangsspannungszyklus<\/td>\n<\/tr>\n<tr>\n<td rowspan=\"2\">Einstellbereich des Ausgangsstroms<\/td>\n<td rowspan=\"2\">0<\/td>\n<td rowspan=\"2\"><\/td>\n<td rowspan=\"2\">10<\/td>\n<td rowspan=\"2\">A<\/td>\n<td rowspan=\"2\"><\/td>\n<\/tr>\n<tr>\n<td rowspan=\"2\"><\/td>\n<td rowspan=\"2\"><\/td>\n<td rowspan=\"2\"><\/td>\n<td rowspan=\"2\"><\/td>\n<td rowspan=\"2\"><\/td>\n<td rowspan=\"2\"><\/td>\n<\/tr>\n<tr>\n<td>Ausgangsfrequenz<\/td>\n<td>25<\/td>\n<td><\/td>\n<td>400<\/td>\n<td>Hz<\/td>\n<td><\/td>\n<\/tr>\n<tr>\n<td>Genauigkeit der Frequenzeinstellung<\/td>\n<td colspan=\"3\">0.1<\/td>\n<td>Hz<\/td>\n<td><\/td>\n<\/tr>\n<tr>\n<td>Ausgangswellenform<\/td>\n<td colspan=\"3\">Sinus<\/td>\n<td><\/td>\n<td><\/td>\n<\/tr>\n<tr>\n<td>Langsame Startzeit<\/td>\n<td>0<\/td>\n<td><\/td>\n<td>10<\/td>\n<td>S<\/td>\n<td>Werkseinstellung 0,5<\/td>\n<\/tr>\n<tr>\n<td>Verz\u00f6gerungszeitbereich<\/td>\n<td>0<\/td>\n<td><\/td>\n<td>20<\/td>\n<td>S<\/td>\n<td>Werkseinstellung 0,2<\/td>\n<\/tr>\n<tr>\n<td>Genauigkeit der Verz\u00f6gerungszeit<\/td>\n<td colspan=\"3\">0.1<\/td>\n<td>S<\/td>\n<td><\/td>\n<\/tr>\n<tr>\n<td>\u00dcberhitzungsschutztemperatur<\/td>\n<td>60<\/td>\n<td>65<\/td>\n<td>65<\/td>\n<td>\u2103<\/td>\n<td><\/td>\n<\/tr>\n<tr>\n<td>Analoges Steuerungsmodell<\/td>\n<td colspan=\"3\">ModBus485-Kommunikation<\/td>\n<td>V<\/td>\n<td>Ferndrehzahlregelungsspannung<\/td>\n<\/tr>\n<tr>\n<td>Digitales Steuersignal<\/td>\n<td colspan=\"3\">24<\/td>\n<td>V<\/td>\n<td>Signalsteuerung umschalten<\/td>\n<\/tr>\n<tr>\n<td>Anpassungsmethode<\/td>\n<td colspan=\"3\">6<\/td>\n<td>Schl\u00fcssel<\/td>\n<td><\/td>\n<\/tr>\n<tr>\n<td>Stromverbrauch bei Leerlauf<\/td>\n<td><\/td>\n<td>3<\/td>\n<td><\/td>\n<td>B<\/td>\n<td><\/td>\n<\/tr>\n<tr>\n<td>Anzeigemodus<\/td>\n<td colspan=\"3\">5<\/td>\n<td>Ziffer<\/td>\n<td>LED-Digitalr\u00f6hre<\/td>\n<\/tr>\n<tr>\n<td>Lohnumgebungstemperatur<\/td>\n<td>0<\/td>\n<td>25<\/td>\n<td>40<\/td>\n<td>\u2103<\/td>\n<td rowspan=\"2\">Keine Kondensation<\/td>\n<\/tr>\n<tr>\n<td>Lohnumgebungsfeuchtigkeit<\/td>\n<td>10<\/td>\n<td>60<\/td>\n<td>85<\/td>\n<td>%<\/td>\n<\/tr>\n<\/tbody>\n<\/table>\n\t<div id=\"gap-189997562\" class=\"gap-element clearfix\" style=\"display:block; height:auto;\">\n\t\t\n<style>\n#gap-189997562 {\n  padding-top: 30px;\n}\n<\/style>\n\t<\/div>\n\t\n<h2><strong><b>Abmessungen und <\/b><\/strong><strong><b>B<\/b><\/strong><strong><b>acht:<\/b><\/strong><\/h2>\n<ul>\n<li><strong>Ma\u00dfe:<\/strong> 190 mm lang x 242 mm breit x 94,5 mm hoch<\/li>\n<li><strong>Gewicht:<\/strong> 2670g (ohne Zubeh\u00f6r)<\/li>\n<\/ul>\n\t<div class=\"img has-hover x md-x lg-x y md-y lg-y\" id=\"image_1834378134\">\n\t\t\t\t\t\t\t\t<div class=\"img-inner dark\" >\n\t\t\t<img loading=\"lazy\" decoding=\"async\" width=\"818\" height=\"559\" src=\"https:\/\/swoer.com\/wp-content\/uploads\/2024\/07\/Dimensions.webp\" class=\"attachment-original size-original\" alt=\"Ma\u00dfe\" srcset=\"https:\/\/swoer.com\/wp-content\/uploads\/2024\/07\/Dimensions.webp 818w, https:\/\/swoer.com\/wp-content\/uploads\/2024\/07\/Dimensions-300x205.webp 300w, https:\/\/swoer.com\/wp-content\/uploads\/2024\/07\/Dimensions-768x525.webp 768w, https:\/\/swoer.com\/wp-content\/uploads\/2024\/07\/Dimensions-18x12.webp 18w, https:\/\/swoer.com\/wp-content\/uploads\/2024\/07\/Dimensions-600x410.webp 600w\" sizes=\"(max-width: 818px) 100vw, 818px\" \/>\t\t\t\t\t\t\n\t\t\t\t\t<\/div>\n\t\t\t\t\t\t\t\t\n<style>\n#image_1834378134 {\n  width: 67%;\n}\n<\/style>\n\t<\/div>","protected":false},"excerpt":{"rendered":"<p>Dieser fortschrittliche Controller verf\u00fcgt \u00fcber automatische Geschwindigkeits-\/Frequenzregelung, synchrone Ausgabe, Geschwindigkeitsvoreinstellung, langsamen Start, Spannungsstabilisierung, \u00dcberhitzungsschutz, Sensor-Selbstanpassung, Fernbedienung, DC-Ausgang, Spannungseinstellung, Voll-\/Leer-Abschaltung, Z\u00e4hlung und 485-Kommunikation.<\/p>","protected":false},"featured_media":2497,"comment_status":"open","ping_status":"closed","template":"","meta":[],"product_cat":[45],"product_tag":[],"yoast_head":"<!-- This site is optimized with the Yoast SEO plugin v22.2 - https:\/\/yoast.com\/wordpress\/plugins\/seo\/ -->\n<title>Vibratory Feeder Controller SDVC34-UR - SWOER<\/title>\n<meta name=\"description\" content=\"Optimize your material flow with the Vibratory Feeder Controller SDVC34-UR. Precise control, easy setup, and enhanced efficiency for industrial applications. Order now\uff01\" \/>\n<meta name=\"robots\" content=\"index, follow, max-snippet:-1, max-image-preview:large, max-video-preview:-1\" \/>\n<link rel=\"canonical\" href=\"https:\/\/swoer.com\/de\/manufacturer\/vibratory-feeder-controller-sdvc34-ur\/\" \/>\n<meta property=\"og:locale\" content=\"de_DE\" \/>\n<meta property=\"og:type\" content=\"article\" \/>\n<meta property=\"og:title\" content=\"Vibratory Feeder Controller SDVC34-UR - SWOER\" \/>\n<meta property=\"og:description\" content=\"Optimize your material flow with the Vibratory Feeder Controller SDVC34-UR. Precise control, easy setup, and enhanced efficiency for industrial applications. Order now\uff01\" \/>\n<meta property=\"og:url\" content=\"https:\/\/swoer.com\/de\/manufacturer\/vibratory-feeder-controller-sdvc34-ur\/\" \/>\n<meta property=\"og:site_name\" content=\"SWOER\" \/>\n<meta property=\"article:modified_time\" content=\"2024-08-16T06:09:17+00:00\" \/>\n<meta property=\"og:image\" content=\"https:\/\/swoer.com\/wp-content\/uploads\/2024\/07\/Vibratory-Bowl-Feeder-Controller-SDVC34-UR.webp\" \/>\n\t<meta property=\"og:image:width\" content=\"1000\" \/>\n\t<meta property=\"og:image:height\" content=\"1000\" \/>\n\t<meta property=\"og:image:type\" content=\"image\/webp\" \/>\n<meta name=\"twitter:card\" content=\"summary_large_image\" \/>\n<meta name=\"twitter:label1\" content=\"Gesch\u00e4tzte Lesezeit\" \/>\n\t<meta name=\"twitter:data1\" content=\"3\u00a0Minuten\" \/>\n<script type=\"application\/ld+json\" class=\"yoast-schema-graph\">{\"@context\":\"https:\/\/schema.org\",\"@graph\":[{\"@type\":\"WebPage\",\"@id\":\"https:\/\/swoer.com\/manufacturer\/vibratory-feeder-controller-sdvc34-ur\/\",\"url\":\"https:\/\/swoer.com\/manufacturer\/vibratory-feeder-controller-sdvc34-ur\/\",\"name\":\"Vibratory Feeder Controller SDVC34-UR - SWOER\",\"isPartOf\":{\"@id\":\"https:\/\/swoer.com\/#website\"},\"primaryImageOfPage\":{\"@id\":\"https:\/\/swoer.com\/manufacturer\/vibratory-feeder-controller-sdvc34-ur\/#primaryimage\"},\"image\":{\"@id\":\"https:\/\/swoer.com\/manufacturer\/vibratory-feeder-controller-sdvc34-ur\/#primaryimage\"},\"thumbnailUrl\":\"https:\/\/swoer.com\/wp-content\/uploads\/2024\/07\/Vibratory-Bowl-Feeder-Controller-SDVC34-UR.webp\",\"datePublished\":\"2024-07-09T02:48:58+00:00\",\"dateModified\":\"2024-08-16T06:09:17+00:00\",\"description\":\"Optimize your material flow with the Vibratory Feeder Controller SDVC34-UR. Precise control, easy setup, and enhanced efficiency for industrial applications. Order now\uff01\",\"breadcrumb\":{\"@id\":\"https:\/\/swoer.com\/manufacturer\/vibratory-feeder-controller-sdvc34-ur\/#breadcrumb\"},\"inLanguage\":\"de\",\"potentialAction\":[{\"@type\":\"ReadAction\",\"target\":[\"https:\/\/swoer.com\/manufacturer\/vibratory-feeder-controller-sdvc34-ur\/\"]}]},{\"@type\":\"ImageObject\",\"inLanguage\":\"de\",\"@id\":\"https:\/\/swoer.com\/manufacturer\/vibratory-feeder-controller-sdvc34-ur\/#primaryimage\",\"url\":\"https:\/\/swoer.com\/wp-content\/uploads\/2024\/07\/Vibratory-Bowl-Feeder-Controller-SDVC34-UR.webp\",\"contentUrl\":\"https:\/\/swoer.com\/wp-content\/uploads\/2024\/07\/Vibratory-Bowl-Feeder-Controller-SDVC34-UR.webp\",\"width\":1000,\"height\":1000,\"caption\":\"Vibratory Bowl Feeder Controller SDVC34-UR\"},{\"@type\":\"BreadcrumbList\",\"@id\":\"https:\/\/swoer.com\/manufacturer\/vibratory-feeder-controller-sdvc34-ur\/#breadcrumb\",\"itemListElement\":[{\"@type\":\"ListItem\",\"position\":1,\"name\":\"Home\",\"item\":\"https:\/\/swoer.com\/\"},{\"@type\":\"ListItem\",\"position\":2,\"name\":\"Shop\",\"item\":\"https:\/\/swoer.com\/shop\/\"},{\"@type\":\"ListItem\",\"position\":3,\"name\":\"Vibratory Feeder Controller SDVC34-UR\"}]},{\"@type\":\"WebSite\",\"@id\":\"https:\/\/swoer.com\/#website\",\"url\":\"https:\/\/swoer.com\/\",\"name\":\"SWOER\",\"description\":\"Swoer is the top 3 vibratory bowl feeder manufacturer in China\",\"potentialAction\":[{\"@type\":\"SearchAction\",\"target\":{\"@type\":\"EntryPoint\",\"urlTemplate\":\"https:\/\/swoer.com\/?s={search_term_string}\"},\"query-input\":\"required name=search_term_string\"}],\"inLanguage\":\"de\"}]}<\/script>\n<!-- \/ Yoast SEO plugin. -->","yoast_head_json":{"title":"Vibratory Feeder Controller SDVC34-UR - SWOER","description":"Optimize your material flow with the Vibratory Feeder Controller SDVC34-UR. Precise control, easy setup, and enhanced efficiency for industrial applications. Order now\uff01","robots":{"index":"index","follow":"follow","max-snippet":"max-snippet:-1","max-image-preview":"max-image-preview:large","max-video-preview":"max-video-preview:-1"},"canonical":"https:\/\/swoer.com\/de\/manufacturer\/vibratory-feeder-controller-sdvc34-ur\/","og_locale":"de_DE","og_type":"article","og_title":"Vibratory Feeder Controller SDVC34-UR - SWOER","og_description":"Optimize your material flow with the Vibratory Feeder Controller SDVC34-UR. Precise control, easy setup, and enhanced efficiency for industrial applications. Order now\uff01","og_url":"https:\/\/swoer.com\/de\/manufacturer\/vibratory-feeder-controller-sdvc34-ur\/","og_site_name":"SWOER","article_modified_time":"2024-08-16T06:09:17+00:00","og_image":[{"width":1000,"height":1000,"url":"https:\/\/swoer.com\/wp-content\/uploads\/2024\/07\/Vibratory-Bowl-Feeder-Controller-SDVC34-UR.webp","type":"image\/webp"}],"twitter_card":"summary_large_image","twitter_misc":{"Gesch\u00e4tzte Lesezeit":"3\u00a0Minuten"},"schema":{"@context":"https:\/\/schema.org","@graph":[{"@type":"WebPage","@id":"https:\/\/swoer.com\/manufacturer\/vibratory-feeder-controller-sdvc34-ur\/","url":"https:\/\/swoer.com\/manufacturer\/vibratory-feeder-controller-sdvc34-ur\/","name":"Vibratory Feeder Controller SDVC34-UR - SWOER","isPartOf":{"@id":"https:\/\/swoer.com\/#website"},"primaryImageOfPage":{"@id":"https:\/\/swoer.com\/manufacturer\/vibratory-feeder-controller-sdvc34-ur\/#primaryimage"},"image":{"@id":"https:\/\/swoer.com\/manufacturer\/vibratory-feeder-controller-sdvc34-ur\/#primaryimage"},"thumbnailUrl":"https:\/\/swoer.com\/wp-content\/uploads\/2024\/07\/Vibratory-Bowl-Feeder-Controller-SDVC34-UR.webp","datePublished":"2024-07-09T02:48:58+00:00","dateModified":"2024-08-16T06:09:17+00:00","description":"Optimize your material flow with the Vibratory Feeder Controller SDVC34-UR. Precise control, easy setup, and enhanced efficiency for industrial applications. Order now\uff01","breadcrumb":{"@id":"https:\/\/swoer.com\/manufacturer\/vibratory-feeder-controller-sdvc34-ur\/#breadcrumb"},"inLanguage":"de","potentialAction":[{"@type":"ReadAction","target":["https:\/\/swoer.com\/manufacturer\/vibratory-feeder-controller-sdvc34-ur\/"]}]},{"@type":"ImageObject","inLanguage":"de","@id":"https:\/\/swoer.com\/manufacturer\/vibratory-feeder-controller-sdvc34-ur\/#primaryimage","url":"https:\/\/swoer.com\/wp-content\/uploads\/2024\/07\/Vibratory-Bowl-Feeder-Controller-SDVC34-UR.webp","contentUrl":"https:\/\/swoer.com\/wp-content\/uploads\/2024\/07\/Vibratory-Bowl-Feeder-Controller-SDVC34-UR.webp","width":1000,"height":1000,"caption":"Vibratory Bowl Feeder Controller SDVC34-UR"},{"@type":"BreadcrumbList","@id":"https:\/\/swoer.com\/manufacturer\/vibratory-feeder-controller-sdvc34-ur\/#breadcrumb","itemListElement":[{"@type":"ListItem","position":1,"name":"Home","item":"https:\/\/swoer.com\/"},{"@type":"ListItem","position":2,"name":"Shop","item":"https:\/\/swoer.com\/shop\/"},{"@type":"ListItem","position":3,"name":"Vibratory Feeder Controller SDVC34-UR"}]},{"@type":"WebSite","@id":"https:\/\/swoer.com\/#website","url":"https:\/\/swoer.com\/","name":"SWOER","description":"Swoer is the top 3 vibratory bowl feeder manufacturer in China","potentialAction":[{"@type":"SearchAction","target":{"@type":"EntryPoint","urlTemplate":"https:\/\/swoer.com\/?s={search_term_string}"},"query-input":"required name=search_term_string"}],"inLanguage":"de"}]}},"_links":{"self":[{"href":"https:\/\/swoer.com\/de\/wp-json\/wp\/v2\/product\/2302"}],"collection":[{"href":"https:\/\/swoer.com\/de\/wp-json\/wp\/v2\/product"}],"about":[{"href":"https:\/\/swoer.com\/de\/wp-json\/wp\/v2\/types\/product"}],"replies":[{"embeddable":true,"href":"https:\/\/swoer.com\/de\/wp-json\/wp\/v2\/comments?post=2302"}],"wp:featuredmedia":[{"embeddable":true,"href":"https:\/\/swoer.com\/de\/wp-json\/wp\/v2\/media\/2497"}],"wp:attachment":[{"href":"https:\/\/swoer.com\/de\/wp-json\/wp\/v2\/media?parent=2302"}],"wp:term":[{"taxonomy":"product_cat","embeddable":true,"href":"https:\/\/swoer.com\/de\/wp-json\/wp\/v2\/product_cat?post=2302"},{"taxonomy":"product_tag","embeddable":true,"href":"https:\/\/swoer.com\/de\/wp-json\/wp\/v2\/product_tag?post=2302"}],"curies":[{"name":"wp","href":"https:\/\/api.w.org\/{rel}","templated":true}]}}