{"id":2284,"date":"2024-07-06T00:52:41","date_gmt":"2024-07-06T00:52:41","guid":{"rendered":"https:\/\/swoer.com\/?post_type=product&#038;p=2284"},"modified":"2024-08-16T14:12:47","modified_gmt":"2024-08-16T06:12:47","slug":"vibratory-bowl-feeder-controller-sdvc34-mr","status":"publish","type":"product","link":"https:\/\/swoer.com\/de\/manufacturer\/vibratory-bowl-feeder-controller-sdvc34-mr\/","title":{"rendered":"Vibrationsf\u00f6rderer-Steuerung SDVC34-MR"},"content":{"rendered":"<h2><strong><b>Merkmale<\/b><\/strong><\/h2>\n<ul>\n<li>Automatische Frequenzsuche<\/li>\n<li>Synchronisierte Ausgabe<\/li>\n<li>Geschwindigkeitsvorgabe<\/li>\n<li>Einstellbarer langsamer Start<\/li>\n<li>Hochpr\u00e4zise automatische Spannungsstabilisierung<\/li>\n<li>Sensoradaptiv<\/li>\n<li>Fernsteuerung der Geschwindigkeit<\/li>\n<li>DC-Steuerausgang<\/li>\n<li>Doppelschalter-Sensor Material voll\/leer Abschaltung<\/li>\n<li>Z\u00e4hlfunktion<\/li>\n<li>485 Kommunikation<\/li>\n<\/ul>\n<h2><strong><b>Produkteigenschaften<\/b><\/strong><\/h2>\n<h3>Erweiterte Produktfunktionen<\/h3>\n<p>Unsere Vibrationsf\u00f6rderer-Steuerungen sind speziell f\u00fcr die Vibrationsf\u00f6rdersteuerung in Automatisierungsanlagen konzipiert und integrieren modernste elektronische Technologie. Sie bieten dem Benutzer praktische und komfortable Funktionen:<\/p>\n<ol>\n<li><strong>Automatische Frequenzanpassung<\/strong>: Die Frequenzanpassung in Echtzeit stellt sicher, dass der Feeder mit optimaler Frequenz arbeitet.<\/li>\n<li><strong>Automatische Geschwindigkeitsstabilisierung<\/strong>: Sorgt durch Echtzeit-Spannungsanpassung f\u00fcr eine konstante Vorschubgeschwindigkeit, unabh\u00e4ngig von der Anzahl der Werkst\u00fccke.<\/li>\n<li><strong>Automatische Frequenzsuche<\/strong>: Die narrensichere Funktion ermittelt schnell die optimale Arbeitsfrequenz und die zugeh\u00f6rigen Parameter zur Benutzerfreundlichkeit.<\/li>\n<li><strong>Automatische Spannungsstabilisierung<\/strong>: Eliminiert Schwankungen der Vorschubgeschwindigkeit aufgrund von \u00c4nderungen der Versorgungsspannung und Schwebungsfrequenzeffekten durch industriellen Wechselstrom.<\/li>\n<li><strong>Synchronisierte Ausgabe<\/strong>: Synchronisiert mehrere Controller mit derselben Frequenz und Phase, um Frequenzst\u00f6rungen zu vermeiden.<\/li>\n<li><strong>Voll-\/Leerabschaltung<\/strong>: Der Schaltersensoreingang erm\u00f6glicht die Steuerung der Voll-\/Leerabschaltung mit einstellbarer langsamer Startzeit, \u00d6ffnungs-\/Schlie\u00dfverz\u00f6gerung und logischen Richtungseinstellungen.<\/li>\n<li><strong>Sensor-Selbstadaption<\/strong>: Passt sich automatisch an Schaltsensoren vom Typ NPN und PNP an.<\/li>\n<li><strong>Langsamer Start<\/strong>: Erh\u00f6ht die Ausgangsspannung\/F\u00f6rdergeschwindigkeit beim Start schrittweise von 0 auf den voreingestellten Wert und sch\u00fctzt so Vibrationsger\u00e4te vor Anlaufst\u00f6\u00dfen.<\/li>\n<li><strong>Geschwindigkeitsvorgabe<\/strong>: W\u00e4hlen Sie bis zu 4 voreingestellte Ausgangsspannungen \u00fcber externe Steuersignale.<\/li>\n<li><strong>Beschleunigungsfunktion<\/strong>: Erh\u00f6ht die maximale Ausgangsspannung auf 150% der Eingangsspannung.<\/li>\n<li><strong>Einstellung der maximalen Ausgangsspannung<\/strong>: Verhindert eine \u00fcberm\u00e4\u00dfige Spannungsabgabe, um Vibrationsger\u00e4te zu sch\u00fctzen.<\/li>\n<li><strong>Wellenformindex<\/strong>: Mit diesem Parameter k\u00f6nnen Sie Reglereffizienz und maximale Leistung ins Gleichgewicht bringen.<\/li>\n<li><strong>Ferngesteuerte Geschwindigkeitsregelung<\/strong>: Steuerung der Ausgangsspannung\/Vorschubgeschwindigkeit \u00fcber externes Potentiometer, SPS, 1<del>5V Spannungssignal oder 4<\/del>20 mA Stromsignal.<\/li>\n<li><strong>24-V-DC-Steuerausgang<\/strong>: Das Transistorausgangssignal kann Magnetventile und andere externe Ger\u00e4te steuern.<\/li>\n<li><strong>Ausgangsschalter<\/strong>: Leicht zu ber\u00fchrende Taste auf dem Bedienfeld f\u00fcr sofortigen Start\/Stopp, erleichtert die Fehlerbehebung bei der Ausr\u00fcstung.<\/li>\n<li><strong>Tastatursperre<\/strong>: Durch langes Dr\u00fccken der Ein-\/Aus-Taste werden alle Tasten gesperrt und Fehlbedienungen vermieden.<\/li>\n<li><strong>Parameter Passwort<\/strong>: Legen Sie ein Parameterkennwort fest, um andere Parameter als die Ausgangsspannung\/F\u00f6rdergeschwindigkeit zu sperren und so unbefugte \u00c4nderungen zu verhindern.<\/li>\n<li><strong>Werkseinstellungen wiederherstellen<\/strong>: Schnelles Zur\u00fccksetzen der Parameter auf die Werkseinstellungen.<\/li>\n<li><strong>485 Kommunikation<\/strong>: Passen Sie die Controllerparameter per Fernzugriff \u00fcber die 485-Kommunikation an.<\/li>\n<\/ol>\n<p>Technische Daten<\/p>\n<table width=\"767\">\n<tbody>\n<tr>\n<td rowspan=\"2\" width=\"225\">Artikel<\/td>\n<td colspan=\"3\" width=\"216\">Reichweite<\/td>\n<td rowspan=\"2\" width=\"72\">Einheit<\/td>\n<td rowspan=\"2\" width=\"254\">Beschreibung<\/td>\n<\/tr>\n<tr>\n<td>Minimum<\/td>\n<td>Typisch<\/td>\n<td>Maximal<\/td>\n<\/tr>\n<tr>\n<td>Eingangsspannung<\/td>\n<td>85<\/td>\n<td>220<\/td>\n<td>260<\/td>\n<td>V<\/td>\n<td>AC-Effektivwert<\/td>\n<\/tr>\n<tr>\n<td>Einstellbereich der Ausgangsspannung<\/td>\n<td>0<\/td>\n<td><\/td>\n<td>260<\/td>\n<td>V<\/td>\n<td>Weniger als 150% Eingangsspannung<\/td>\n<\/tr>\n<tr>\n<td>Genauigkeit der Spannungseinstellung<\/td>\n<td colspan=\"3\">1<\/td>\n<td>V<\/td>\n<td><\/td>\n<\/tr>\n<tr>\n<td>Genauigkeit der Spannungsregelung<\/td>\n<td>0<\/td>\n<td><\/td>\n<td>10<\/td>\n<td><\/td>\n<td>Vout\/Vin<\/td>\n<\/tr>\n<tr>\n<td>Reaktionszeit der Spannungsregelung<\/td>\n<td>0.0025<\/td>\n<td><\/td>\n<td>0.04<\/td>\n<td>S<\/td>\n<td>Ein Zehntel des Ausgangsspannungszyklus<\/td>\n<\/tr>\n<tr>\n<td rowspan=\"2\">Einstellbereich des Ausgangsstroms<\/td>\n<td rowspan=\"2\">0<\/td>\n<td rowspan=\"2\"><\/td>\n<td rowspan=\"2\">3<\/td>\n<td rowspan=\"2\">A<\/td>\n<td rowspan=\"2\" width=\"254\">SDVC34-MR<br \/>\nSDVC34-MRJ<\/td>\n<\/tr>\n<tr>\n<td rowspan=\"2\"><\/td>\n<td rowspan=\"2\"><\/td>\n<td rowspan=\"2\"><\/td>\n<td rowspan=\"2\"><\/td>\n<td rowspan=\"2\"><\/td>\n<td rowspan=\"2\" width=\"254\"><\/td>\n<\/tr>\n<tr>\n<td>Ausgangsfrequenz<\/td>\n<td>25<\/td>\n<td><\/td>\n<td>400<\/td>\n<td>Hz<\/td>\n<td><\/td>\n<\/tr>\n<tr>\n<td>Genauigkeit der Frequenzeinstellung<\/td>\n<td colspan=\"3\">0.1<\/td>\n<td>Hz<\/td>\n<td><\/td>\n<\/tr>\n<tr>\n<td>Ausgangswellenform<\/td>\n<td colspan=\"3\">Sinus<\/td>\n<td><\/td>\n<td><\/td>\n<\/tr>\n<tr>\n<td>Langsame Startzeit<\/td>\n<td>0<\/td>\n<td><\/td>\n<td>10<\/td>\n<td>S<\/td>\n<td>Werkseinstellung 0,5<\/td>\n<\/tr>\n<tr>\n<td>Verz\u00f6gerungszeitbereich<\/td>\n<td>0<\/td>\n<td><\/td>\n<td>20<\/td>\n<td>S<\/td>\n<td>Werkseinstellung 0,2<\/td>\n<\/tr>\n<tr>\n<td>Genauigkeit der Verz\u00f6gerungszeit<\/td>\n<td colspan=\"3\">0.1<\/td>\n<td>S<\/td>\n<td><\/td>\n<\/tr>\n<tr>\n<td>\u00dcberhitzungsschutztemperatur<\/td>\n<td>60<\/td>\n<td>65<\/td>\n<td>65<\/td>\n<td>\u2103<\/td>\n<td><\/td>\n<\/tr>\n<tr>\n<td>DC-Steuerausgangsspannung<\/td>\n<td>22<\/td>\n<td>24<\/td>\n<td>26<\/td>\n<td>V<\/td>\n<td><\/td>\n<\/tr>\n<tr>\n<td>DC-Steuerausgangsstrom<\/td>\n<td>0<\/td>\n<td><\/td>\n<td>200<\/td>\n<td>mA<\/td>\n<td><\/td>\n<\/tr>\n<tr>\n<td>Analoges Steuerungsmodell<\/td>\n<td colspan=\"3\">1- 5<\/td>\n<td>V<\/td>\n<td>Ferndrehzahlregelungsspannung<\/td>\n<\/tr>\n<tr>\n<td>Digitales Steuersignal<\/td>\n<td colspan=\"3\">24<\/td>\n<td>V<\/td>\n<td>Signalsteuerung umschalten<\/td>\n<\/tr>\n<tr>\n<td>Anpassungsmethode<\/td>\n<td colspan=\"3\">6<\/td>\n<td>Schl\u00fcssel<\/td>\n<td><\/td>\n<\/tr>\n<tr>\n<td>Stromverbrauch bei Leerlauf<\/td>\n<td><\/td>\n<td>3<\/td>\n<td><\/td>\n<td>B<\/td>\n<td><\/td>\n<\/tr>\n<tr>\n<td>Anzeigemodus<\/td>\n<td colspan=\"3\">5<\/td>\n<td>Ziffer<\/td>\n<td>LED-Digitalr\u00f6hre<\/td>\n<\/tr>\n<tr>\n<td>Lohnumgebungstemperatur<\/td>\n<td>0<\/td>\n<td>25<\/td>\n<td>40<\/td>\n<td>\u2103<\/td>\n<td rowspan=\"2\">Keine Kondensation<\/td>\n<\/tr>\n<tr>\n<td>Lohnumgebungsfeuchtigkeit<\/td>\n<td>10<\/td>\n<td>60<\/td>\n<td>85<\/td>\n<td>%<\/td>\n<\/tr>\n<\/tbody>\n<\/table>\n\t<div id=\"gap-4008035\" class=\"gap-element clearfix\" style=\"display:block; height:auto;\">\n\t\t\n<style>\n#gap-4008035 {\n  padding-top: 30px;\n}\n<\/style>\n\t<\/div>\n\t\n<h2><strong><b>Dimensionen und Gewicht<\/b><\/strong><\/h2>\n<ul>\n<li>Abmessungen: L\u00e4nge 190 mm \u00d7 Breite 56 mm \u00d7 H\u00f6he 94,5 mm.<\/li>\n<li>Gewicht: 560g (ohne Zubeh\u00f6r)<\/li>\n<\/ul>\n\t<div class=\"img has-hover x md-x lg-x y md-y lg-y\" id=\"image_1234412693\">\n\t\t\t\t\t\t\t\t<div class=\"img-inner dark\" >\n\t\t\t<img loading=\"lazy\" decoding=\"async\" width=\"705\" height=\"650\" src=\"https:\/\/swoer.com\/wp-content\/uploads\/2024\/07\/Dimension-Drawing-3.webp\" class=\"attachment-original size-original\" alt=\"Ma\u00dfzeichnung\" srcset=\"https:\/\/swoer.com\/wp-content\/uploads\/2024\/07\/Dimension-Drawing-3.webp 705w, https:\/\/swoer.com\/wp-content\/uploads\/2024\/07\/Dimension-Drawing-3-300x277.webp 300w, https:\/\/swoer.com\/wp-content\/uploads\/2024\/07\/Dimension-Drawing-3-13x12.webp 13w, https:\/\/swoer.com\/wp-content\/uploads\/2024\/07\/Dimension-Drawing-3-600x553.webp 600w\" sizes=\"(max-width: 705px) 100vw, 705px\" \/>\t\t\t\t\t\t\n\t\t\t\t\t<\/div>\n\t\t\t\t\t\t\t\t\n<style>\n#image_1234412693 {\n  width: 65%;\n}\n<\/style>\n\t<\/div>","protected":false},"excerpt":{"rendered":"<p>Verbessern Sie die Effizienz und Genauigkeit Ihres Vibrationsf\u00f6rderers. Der SDVC34-MR-Controller verf\u00fcgt \u00fcber erweiterte Funktionen wie automatische Frequenzsuche, synchronisierte Ausgabe, Geschwindigkeitsvoreinstellung, einstellbaren langsamen Start, hochpr\u00e4zise automatische Spannungsstabilisierung, Sensoranpassung, Ferngeschwindigkeitsregelung, DC-Steuerausgang, Doppelschaltersensor f\u00fcr Materialvoll-\/Leerabschaltung, Z\u00e4hlfunktion und 485-Kommunikation, um eine reibungslose und konsistente Materialhandhabung zu gew\u00e4hrleisten.<\/p>","protected":false},"featured_media":2501,"comment_status":"open","ping_status":"closed","template":"","meta":[],"product_cat":[45],"product_tag":[],"yoast_head":"<!-- This site is optimized with the Yoast SEO plugin v22.2 - https:\/\/yoast.com\/wordpress\/plugins\/seo\/ -->\n<title>Vibratory Bowl Feeder Controller SDVC34-MR - SWOER<\/title>\n<meta name=\"description\" content=\"The SDVC34-MR is an intelligent controller designed to enhance the efficiency and precision of your vibratory bowl feeder. Its advanced features, including automatic frequency search, synchronized output, speed preset, adjustable slow start, high precision automatic voltage stabilization, sensor adaptability, remote speed control, DC control output, dual switch sensor material full\/empty shutdown, counting function, and 485 communication, ensure smooth, consistent material handling.\" \/>\n<meta name=\"robots\" content=\"index, follow, max-snippet:-1, max-image-preview:large, max-video-preview:-1\" \/>\n<link rel=\"canonical\" href=\"https:\/\/swoer.com\/de\/manufacturer\/vibratory-bowl-feeder-controller-sdvc34-mr\/\" \/>\n<meta property=\"og:locale\" content=\"de_DE\" \/>\n<meta property=\"og:type\" content=\"article\" \/>\n<meta property=\"og:title\" content=\"Vibratory Bowl Feeder Controller SDVC34-MR - SWOER\" \/>\n<meta property=\"og:description\" content=\"The SDVC34-MR is an intelligent controller designed to enhance the efficiency and precision of your vibratory bowl feeder. Its advanced features, including automatic frequency search, synchronized output, speed preset, adjustable slow start, high precision automatic voltage stabilization, sensor adaptability, remote speed control, DC control output, dual switch sensor material full\/empty shutdown, counting function, and 485 communication, ensure smooth, consistent material handling.\" \/>\n<meta property=\"og:url\" content=\"https:\/\/swoer.com\/de\/manufacturer\/vibratory-bowl-feeder-controller-sdvc34-mr\/\" \/>\n<meta property=\"og:site_name\" content=\"SWOER\" \/>\n<meta property=\"article:modified_time\" content=\"2024-08-16T06:12:47+00:00\" \/>\n<meta property=\"og:image\" content=\"https:\/\/swoer.com\/wp-content\/uploads\/2024\/07\/Vibratory-Bowl-Feeder-Controller-SDVC34-MR-1.webp\" \/>\n\t<meta property=\"og:image:width\" content=\"1000\" \/>\n\t<meta property=\"og:image:height\" content=\"1000\" \/>\n\t<meta property=\"og:image:type\" content=\"image\/webp\" \/>\n<meta name=\"twitter:card\" content=\"summary_large_image\" \/>\n<meta name=\"twitter:label1\" content=\"Gesch\u00e4tzte Lesezeit\" \/>\n\t<meta name=\"twitter:data1\" content=\"3\u00a0Minuten\" \/>\n<script type=\"application\/ld+json\" class=\"yoast-schema-graph\">{\"@context\":\"https:\/\/schema.org\",\"@graph\":[{\"@type\":\"WebPage\",\"@id\":\"https:\/\/swoer.com\/manufacturer\/vibratory-bowl-feeder-controller-sdvc34-mr\/\",\"url\":\"https:\/\/swoer.com\/manufacturer\/vibratory-bowl-feeder-controller-sdvc34-mr\/\",\"name\":\"Vibratory Bowl Feeder Controller SDVC34-MR - SWOER\",\"isPartOf\":{\"@id\":\"https:\/\/swoer.com\/#website\"},\"primaryImageOfPage\":{\"@id\":\"https:\/\/swoer.com\/manufacturer\/vibratory-bowl-feeder-controller-sdvc34-mr\/#primaryimage\"},\"image\":{\"@id\":\"https:\/\/swoer.com\/manufacturer\/vibratory-bowl-feeder-controller-sdvc34-mr\/#primaryimage\"},\"thumbnailUrl\":\"https:\/\/swoer.com\/wp-content\/uploads\/2024\/07\/Vibratory-Bowl-Feeder-Controller-SDVC34-MR-1.webp\",\"datePublished\":\"2024-07-06T00:52:41+00:00\",\"dateModified\":\"2024-08-16T06:12:47+00:00\",\"description\":\"The SDVC34-MR is an intelligent controller designed to enhance the efficiency and precision of your vibratory bowl feeder. Its advanced features, including automatic frequency search, synchronized output, speed preset, adjustable slow start, high precision automatic voltage stabilization, sensor adaptability, remote speed control, DC control output, dual switch sensor material full\/empty shutdown, counting function, and 485 communication, ensure smooth, consistent material handling.\",\"breadcrumb\":{\"@id\":\"https:\/\/swoer.com\/manufacturer\/vibratory-bowl-feeder-controller-sdvc34-mr\/#breadcrumb\"},\"inLanguage\":\"de\",\"potentialAction\":[{\"@type\":\"ReadAction\",\"target\":[\"https:\/\/swoer.com\/manufacturer\/vibratory-bowl-feeder-controller-sdvc34-mr\/\"]}]},{\"@type\":\"ImageObject\",\"inLanguage\":\"de\",\"@id\":\"https:\/\/swoer.com\/manufacturer\/vibratory-bowl-feeder-controller-sdvc34-mr\/#primaryimage\",\"url\":\"https:\/\/swoer.com\/wp-content\/uploads\/2024\/07\/Vibratory-Bowl-Feeder-Controller-SDVC34-MR-1.webp\",\"contentUrl\":\"https:\/\/swoer.com\/wp-content\/uploads\/2024\/07\/Vibratory-Bowl-Feeder-Controller-SDVC34-MR-1.webp\",\"width\":1000,\"height\":1000,\"caption\":\"Vibratory Bowl Feeder Controller SDVC34-MR\"},{\"@type\":\"BreadcrumbList\",\"@id\":\"https:\/\/swoer.com\/manufacturer\/vibratory-bowl-feeder-controller-sdvc34-mr\/#breadcrumb\",\"itemListElement\":[{\"@type\":\"ListItem\",\"position\":1,\"name\":\"Home\",\"item\":\"https:\/\/swoer.com\/\"},{\"@type\":\"ListItem\",\"position\":2,\"name\":\"Shop\",\"item\":\"https:\/\/swoer.com\/shop\/\"},{\"@type\":\"ListItem\",\"position\":3,\"name\":\"Vibratory Bowl Feeder Controller SDVC34-MR\"}]},{\"@type\":\"WebSite\",\"@id\":\"https:\/\/swoer.com\/#website\",\"url\":\"https:\/\/swoer.com\/\",\"name\":\"SWOER\",\"description\":\"Swoer is the top 3 vibratory bowl feeder manufacturer in China\",\"potentialAction\":[{\"@type\":\"SearchAction\",\"target\":{\"@type\":\"EntryPoint\",\"urlTemplate\":\"https:\/\/swoer.com\/?s={search_term_string}\"},\"query-input\":\"required name=search_term_string\"}],\"inLanguage\":\"de\"}]}<\/script>\n<!-- \/ Yoast SEO plugin. -->","yoast_head_json":{"title":"Vibratory Bowl Feeder Controller SDVC34-MR - SWOER","description":"The SDVC34-MR is an intelligent controller designed to enhance the efficiency and precision of your vibratory bowl feeder. Its advanced features, including automatic frequency search, synchronized output, speed preset, adjustable slow start, high precision automatic voltage stabilization, sensor adaptability, remote speed control, DC control output, dual switch sensor material full\/empty shutdown, counting function, and 485 communication, ensure smooth, consistent material handling.","robots":{"index":"index","follow":"follow","max-snippet":"max-snippet:-1","max-image-preview":"max-image-preview:large","max-video-preview":"max-video-preview:-1"},"canonical":"https:\/\/swoer.com\/de\/manufacturer\/vibratory-bowl-feeder-controller-sdvc34-mr\/","og_locale":"de_DE","og_type":"article","og_title":"Vibratory Bowl Feeder Controller SDVC34-MR - SWOER","og_description":"The SDVC34-MR is an intelligent controller designed to enhance the efficiency and precision of your vibratory bowl feeder. Its advanced features, including automatic frequency search, synchronized output, speed preset, adjustable slow start, high precision automatic voltage stabilization, sensor adaptability, remote speed control, DC control output, dual switch sensor material full\/empty shutdown, counting function, and 485 communication, ensure smooth, consistent material handling.","og_url":"https:\/\/swoer.com\/de\/manufacturer\/vibratory-bowl-feeder-controller-sdvc34-mr\/","og_site_name":"SWOER","article_modified_time":"2024-08-16T06:12:47+00:00","og_image":[{"width":1000,"height":1000,"url":"https:\/\/swoer.com\/wp-content\/uploads\/2024\/07\/Vibratory-Bowl-Feeder-Controller-SDVC34-MR-1.webp","type":"image\/webp"}],"twitter_card":"summary_large_image","twitter_misc":{"Gesch\u00e4tzte Lesezeit":"3\u00a0Minuten"},"schema":{"@context":"https:\/\/schema.org","@graph":[{"@type":"WebPage","@id":"https:\/\/swoer.com\/manufacturer\/vibratory-bowl-feeder-controller-sdvc34-mr\/","url":"https:\/\/swoer.com\/manufacturer\/vibratory-bowl-feeder-controller-sdvc34-mr\/","name":"Vibratory Bowl Feeder Controller SDVC34-MR - SWOER","isPartOf":{"@id":"https:\/\/swoer.com\/#website"},"primaryImageOfPage":{"@id":"https:\/\/swoer.com\/manufacturer\/vibratory-bowl-feeder-controller-sdvc34-mr\/#primaryimage"},"image":{"@id":"https:\/\/swoer.com\/manufacturer\/vibratory-bowl-feeder-controller-sdvc34-mr\/#primaryimage"},"thumbnailUrl":"https:\/\/swoer.com\/wp-content\/uploads\/2024\/07\/Vibratory-Bowl-Feeder-Controller-SDVC34-MR-1.webp","datePublished":"2024-07-06T00:52:41+00:00","dateModified":"2024-08-16T06:12:47+00:00","description":"The SDVC34-MR is an intelligent controller designed to enhance the efficiency and precision of your vibratory bowl feeder. Its advanced features, including automatic frequency search, synchronized output, speed preset, adjustable slow start, high precision automatic voltage stabilization, sensor adaptability, remote speed control, DC control output, dual switch sensor material full\/empty shutdown, counting function, and 485 communication, ensure smooth, consistent material handling.","breadcrumb":{"@id":"https:\/\/swoer.com\/manufacturer\/vibratory-bowl-feeder-controller-sdvc34-mr\/#breadcrumb"},"inLanguage":"de","potentialAction":[{"@type":"ReadAction","target":["https:\/\/swoer.com\/manufacturer\/vibratory-bowl-feeder-controller-sdvc34-mr\/"]}]},{"@type":"ImageObject","inLanguage":"de","@id":"https:\/\/swoer.com\/manufacturer\/vibratory-bowl-feeder-controller-sdvc34-mr\/#primaryimage","url":"https:\/\/swoer.com\/wp-content\/uploads\/2024\/07\/Vibratory-Bowl-Feeder-Controller-SDVC34-MR-1.webp","contentUrl":"https:\/\/swoer.com\/wp-content\/uploads\/2024\/07\/Vibratory-Bowl-Feeder-Controller-SDVC34-MR-1.webp","width":1000,"height":1000,"caption":"Vibratory Bowl Feeder Controller SDVC34-MR"},{"@type":"BreadcrumbList","@id":"https:\/\/swoer.com\/manufacturer\/vibratory-bowl-feeder-controller-sdvc34-mr\/#breadcrumb","itemListElement":[{"@type":"ListItem","position":1,"name":"Home","item":"https:\/\/swoer.com\/"},{"@type":"ListItem","position":2,"name":"Shop","item":"https:\/\/swoer.com\/shop\/"},{"@type":"ListItem","position":3,"name":"Vibratory Bowl Feeder Controller SDVC34-MR"}]},{"@type":"WebSite","@id":"https:\/\/swoer.com\/#website","url":"https:\/\/swoer.com\/","name":"SWOER","description":"Swoer is the top 3 vibratory bowl feeder manufacturer in China","potentialAction":[{"@type":"SearchAction","target":{"@type":"EntryPoint","urlTemplate":"https:\/\/swoer.com\/?s={search_term_string}"},"query-input":"required name=search_term_string"}],"inLanguage":"de"}]}},"_links":{"self":[{"href":"https:\/\/swoer.com\/de\/wp-json\/wp\/v2\/product\/2284"}],"collection":[{"href":"https:\/\/swoer.com\/de\/wp-json\/wp\/v2\/product"}],"about":[{"href":"https:\/\/swoer.com\/de\/wp-json\/wp\/v2\/types\/product"}],"replies":[{"embeddable":true,"href":"https:\/\/swoer.com\/de\/wp-json\/wp\/v2\/comments?post=2284"}],"wp:featuredmedia":[{"embeddable":true,"href":"https:\/\/swoer.com\/de\/wp-json\/wp\/v2\/media\/2501"}],"wp:attachment":[{"href":"https:\/\/swoer.com\/de\/wp-json\/wp\/v2\/media?parent=2284"}],"wp:term":[{"taxonomy":"product_cat","embeddable":true,"href":"https:\/\/swoer.com\/de\/wp-json\/wp\/v2\/product_cat?post=2284"},{"taxonomy":"product_tag","embeddable":true,"href":"https:\/\/swoer.com\/de\/wp-json\/wp\/v2\/product_tag?post=2284"}],"curies":[{"name":"wp","href":"https:\/\/api.w.org\/{rel}","templated":true}]}}