{"id":2260,"date":"2024-07-02T07:47:38","date_gmt":"2024-07-02T07:47:38","guid":{"rendered":"https:\/\/swoer.com\/?post_type=product&#038;p=2260"},"modified":"2024-08-16T14:23:50","modified_gmt":"2024-08-16T06:23:50","slug":"variable-frequency-digital-controller-for-vibratory-feeder-sdvc31-l-4-5a","status":"publish","type":"product","link":"https:\/\/swoer.com\/de\/manufacturer\/variable-frequency-digital-controller-for-vibratory-feeder-sdvc31-l-4-5a\/","title":{"rendered":"Digitaler Frequenzregler f\u00fcr Vibrationsf\u00f6rderer SDVC31-L 4.5A"},"content":{"rendered":"<h2><strong><b>Merkmale<\/b><\/strong><\/h2>\n<ol>\n<li>Hochpr\u00e4zise automatische Spannungsstabilisierung<\/li>\n<li>Einstellbarer langsamer Start<\/li>\n<li>Schaltsensor Voll\/Leer Abschaltung<\/li>\n<li>Lichtschranken-Voll-\/Leerabschaltung<\/li>\n<li>Fernsteuerung der Geschwindigkeit<\/li>\n<li>DC-Steuerausgang<\/li>\n<\/ol>\n<h2><strong><b>Basisfunktionen<\/b><\/strong><\/h2>\n<ul>\n<li><strong>Frequenzeinstellung<\/strong>: Benutzer k\u00f6nnen die Ausgangsfrequenz des Controllers anpassen, um die optimale Betriebsfrequenz des vibrierenden K\u00f6rpers zu finden und so einen sanfteren, leiseren und energiesparenderen F\u00fctterungseffekt zu erzielen.<\/li>\n<li><strong>Hochpr\u00e4zise automatische Spannungsregelung:<\/strong> Ein integrierter digitaler Spannungsregelkreis kann durch Schwankungen der Versorgungsspannung bedingte \u00c4nderungen der Vorschubgeschwindigkeit automatisch eliminieren.<\/li>\n<li><strong>Einstellbarer Langsamstart:<\/strong> Beim Start wird die Ausgangsspannung allm\u00e4hlich von Null auf die voreingestellte Spannung erh\u00f6ht, um die Auswirkungen auf den Vibrationsf\u00f6rderer zu vermeiden. Benutzer k\u00f6nnen die langsame Startzeit digital voreinstellen. Es werden NPN-Sensoren oder eine PLC-Fernsteuerung f\u00fcr die Voll-\/Leerabschaltung unterst\u00fctzt.<\/li>\n<li><strong>Schaltsensor Voll\/Leer Abschaltung:<\/strong> Unterst\u00fctzt Sensoren vom Typ NPN oder die Fernsteuerung zur Voll-\/Leerabschaltung durch PLC.<\/li>\n<li><strong>Lichtschranken-Voll-\/Leerabschaltung:<\/strong> Unterst\u00fctzt die Voll-\/Leer-Abschaltungssteuerung des fotoelektrischen Gegenschusssensors.<\/li>\n<li><strong>Fernsteuerung der Geschwindigkeit<\/strong>: Benutzer k\u00f6nnen die Ausgangsspannung direkt \u00fcber ein externes Potentiometer, eine SPS oder ein Spannungssignal von 1\u20135\u00a0V fernsteuern.<\/li>\n<li><strong>DC-Steuerausgang:<\/strong> Der Controller kann ein Gleichstrom-Niederspannungs-Steuersignal ausgeben, um Ger\u00e4te wie Magnetventile anzutreiben, die mit dem Controller funktionieren.<\/li>\n<li><strong>Tastatursperre:<\/strong> Durch langes Dr\u00fccken der Ein-\/Aus-Taste werden alle Tasten gesperrt, um eine versehentliche Bedienung durch den Benutzer zu verhindern.<\/li>\n<li><strong>Maximale Ausgangsspannungseinstellung:<\/strong> Stellen Sie die maximal einstellbare Spannung ein, um zu verhindern, dass Benutzer versehentlich eine Bedienung vornehmen und zu viel Spannung ausgeben, wodurch die Vibrationsausr\u00fcstung besch\u00e4digt wird.<\/li>\n<li><strong>\u00dcberhitzungsschutz:<\/strong> Wenn die Betriebstemperatur des Controllers zu hoch ist, wird die Ausgabe zum Selbstschutz gestoppt.<\/li>\n<li><strong>\u00dcberstromschutz:<\/strong> Wenn der Betriebsstrom des Controllers den Nennstrom \u00fcberschreitet, wird die Ausgabe gestoppt, um den Controller und die Vibrationsausr\u00fcstung zu sch\u00fctzen.<\/li>\n<li><strong>Wiederherstellbarer Kurzschlussschutz:<\/strong> Wenn am Ausgangsende ein Kurzschluss auftritt, stoppt der Controller die Ausgabe und die Sicherung wird nicht durchgebrannt, um den Controller und die Vibrationsausr\u00fcstung zu sch\u00fctzen. Nachdem das Ausgangsende nicht mehr kurzgeschlossen ist, kann der Controller nach dem Einschalten wieder normal arbeiten.<\/li>\n<\/ul>\n<h2>Technische Spezifikation<\/h2>\n<table width=\"767\">\n<tbody>\n<tr>\n<td rowspan=\"2\" width=\"225\">Artikel<\/td>\n<td colspan=\"3\" width=\"216\">Reichweite<\/td>\n<td rowspan=\"2\" width=\"72\">Einheit<\/td>\n<td rowspan=\"2\" width=\"254\">Beschreibung<\/td>\n<\/tr>\n<tr>\n<td>Minimum<\/td>\n<td>Typisch<\/td>\n<td>Maximal<\/td>\n<\/tr>\n<tr>\n<td>Eingangsspannung<\/td>\n<td>85<\/td>\n<td>220<\/td>\n<td>260<\/td>\n<td>V<\/td>\n<td>AC-Effektivwert<\/td>\n<\/tr>\n<tr>\n<td>Einstellbereich der Ausgangsspannung<\/td>\n<td>0<\/td>\n<td><\/td>\n<td>260<\/td>\n<td>V<\/td>\n<td>Weniger als 150% Eingangsspannung<\/td>\n<\/tr>\n<tr>\n<td>Genauigkeit der Spannungseinstellung<\/td>\n<td colspan=\"3\">1<\/td>\n<td>V<\/td>\n<td><\/td>\n<\/tr>\n<tr>\n<td>Genauigkeit der Spannungsregelung<\/td>\n<td>0<\/td>\n<td><\/td>\n<td>10<\/td>\n<td><\/td>\n<td>Vout\/Vin<\/td>\n<\/tr>\n<tr>\n<td>Reaktionszeit der Spannungsregelung<\/td>\n<td>0.0025<\/td>\n<td><\/td>\n<td>0.025<\/td>\n<td>S<\/td>\n<td>Ein Zehntel des Ausgangsspannungszyklus<\/td>\n<\/tr>\n<tr>\n<td rowspan=\"2\">Einstellbereich des Ausgangsstroms<\/td>\n<td>0<\/td>\n<td><\/td>\n<td>4.5<\/td>\n<td>A<\/td>\n<td>SDVC31-L-hohe Leistung<\/td>\n<\/tr>\n<tr>\n<td>0<\/td>\n<td><\/td>\n<td>6<\/td>\n<td>VA<\/td>\n<td>SDVC31-XL-erh\u00f6hte Leistung<\/td>\n<\/tr>\n<tr>\n<td rowspan=\"2\">Ausgangsleistung<\/td>\n<td>0<\/td>\n<td><\/td>\n<td>990<\/td>\n<td>VA<\/td>\n<td>SDVC31-L-hohe Leistung<\/td>\n<\/tr>\n<tr>\n<td>0<\/td>\n<td><\/td>\n<td>1320<\/td>\n<td>VA<\/td>\n<td>SDVC31-XL-erh\u00f6hte Leistung<\/td>\n<\/tr>\n<tr>\n<td>Ausgangsfrequenz<\/td>\n<td>40<\/td>\n<td><\/td>\n<td>400<\/td>\n<td>Hz<\/td>\n<td><\/td>\n<\/tr>\n<tr>\n<td>Genauigkeit der Frequenzeinstellung<\/td>\n<td colspan=\"3\">0.1<\/td>\n<td>Hz<\/td>\n<td><\/td>\n<\/tr>\n<tr>\n<td>Ausgangswellenform<\/td>\n<td colspan=\"3\">Sinus<\/td>\n<td><\/td>\n<td><\/td>\n<\/tr>\n<tr>\n<td>Langsame Startzeit<\/td>\n<td>0<\/td>\n<td><\/td>\n<td>10<\/td>\n<td>S<\/td>\n<td>Werkseinstellung 0,5<\/td>\n<\/tr>\n<tr>\n<td>Verz\u00f6gerungszeitbereich<\/td>\n<td>0<\/td>\n<td><\/td>\n<td>20<\/td>\n<td>S<\/td>\n<td>Werkseinstellung 0,2<\/td>\n<\/tr>\n<tr>\n<td>Genauigkeit der Verz\u00f6gerungszeit<\/td>\n<td colspan=\"3\">0.1<\/td>\n<td>S<\/td>\n<td><\/td>\n<\/tr>\n<tr>\n<td>\u00dcberhitzungsschutztemperatur<\/td>\n<td>60<\/td>\n<td>65<\/td>\n<td>65<\/td>\n<td>\u2103<\/td>\n<td><\/td>\n<\/tr>\n<tr>\n<td>DC-Steuerausgangsspannung<\/td>\n<td>22<\/td>\n<td>24<\/td>\n<td>26<\/td>\n<td>V<\/td>\n<td><\/td>\n<\/tr>\n<tr>\n<td>DC-Steuerausgangsstrom<\/td>\n<td>0<\/td>\n<td><\/td>\n<td>200<\/td>\n<td>mA<\/td>\n<td><\/td>\n<\/tr>\n<tr>\n<td>Analoges Steuerungsmodell<\/td>\n<td colspan=\"3\">1-5<\/td>\n<td>V<\/td>\n<td>Ferndrehzahlregelungsspannung<\/td>\n<\/tr>\n<tr>\n<td>Digitales Steuersignal<\/td>\n<td colspan=\"3\">24<\/td>\n<td>V<\/td>\n<td>Signalsteuerung umschalten<\/td>\n<\/tr>\n<tr>\n<td>Anpassungsmethode<\/td>\n<td colspan=\"3\">6<\/td>\n<td>Schl\u00fcssel<\/td>\n<td><\/td>\n<\/tr>\n<tr>\n<td>Stromverbrauch bei Leerlauf<\/td>\n<td><\/td>\n<td>3<\/td>\n<td><\/td>\n<td>B<\/td>\n<td><\/td>\n<\/tr>\n<tr>\n<td>Anzeigemodus<\/td>\n<td colspan=\"3\">5<\/td>\n<td>Ziffer<\/td>\n<td>LED-Digitalr\u00f6hre<\/td>\n<\/tr>\n<tr>\n<td>Lohnumgebungstemperatur<\/td>\n<td>0<\/td>\n<td>25<\/td>\n<td>40<\/td>\n<td>\u2103<\/td>\n<td rowspan=\"2\">Keine Kondensation<\/td>\n<\/tr>\n<tr>\n<td>Lohnumgebungsfeuchtigkeit<\/td>\n<td>10<\/td>\n<td>60<\/td>\n<td>85<\/td>\n<td>%<\/td>\n<\/tr>\n<\/tbody>\n<\/table>\n\t<div id=\"gap-1540821656\" class=\"gap-element clearfix\" style=\"display:block; height:auto;\">\n\t\t\n<style>\n#gap-1540821656 {\n  padding-top: 30px;\n}\n<\/style>\n\t<\/div>\n\t\n<h2><strong><b>Dimensionen und Gewicht<\/b><\/strong><\/h2>\n<ul>\n<li>Abmessungen: 190 mm lang x 147,8 mm breit x 94,5 mm hoch<\/li>\n<li>Gewicht: 1675g (ohne Zubeh\u00f6r)<\/li>\n<\/ul>\n\t<div id=\"gap-1288275709\" class=\"gap-element clearfix\" style=\"display:block; height:auto;\">\n\t\t\n<style>\n#gap-1288275709 {\n  padding-top: 30px;\n}\n<\/style>\n\t<\/div>\n\t\n<h2>SDVC31-L 4.5A Abmessungen<\/h2>\n\t<div class=\"img has-hover x md-x lg-x y md-y lg-y\" id=\"image_2002917794\">\n\t\t\t\t\t\t\t\t<div class=\"img-inner dark\" >\n\t\t\t<img loading=\"lazy\" decoding=\"async\" width=\"800\" height=\"595\" src=\"https:\/\/swoer.com\/wp-content\/uploads\/2024\/07\/SDVC31-L-4.5A-Dimensions.webp\" class=\"attachment-original size-original\" alt=\"SDVC31-L 4.5A Abmessungen\" srcset=\"https:\/\/swoer.com\/wp-content\/uploads\/2024\/07\/SDVC31-L-4.5A-Dimensions.webp 800w, https:\/\/swoer.com\/wp-content\/uploads\/2024\/07\/SDVC31-L-4.5A-Dimensions-300x223.webp 300w, https:\/\/swoer.com\/wp-content\/uploads\/2024\/07\/SDVC31-L-4.5A-Dimensions-768x571.webp 768w, https:\/\/swoer.com\/wp-content\/uploads\/2024\/07\/SDVC31-L-4.5A-Dimensions-16x12.webp 16w, https:\/\/swoer.com\/wp-content\/uploads\/2024\/07\/SDVC31-L-4.5A-Dimensions-600x446.webp 600w\" sizes=\"(max-width: 800px) 100vw, 800px\" \/>\t\t\t\t\t\t\n\t\t\t\t\t<\/div>\n\t\t\t\t\t\t\t\t\n<style>\n#image_2002917794 {\n  width: 64%;\n}\n<\/style>\n\t<\/div>","protected":false},"excerpt":{"rendered":"<p>Das <strong>Vibrationsf\u00f6rderer-Steuerung<\/strong> bietet au\u00dfergew\u00f6hnliche Kontrolle f\u00fcr Ihre F\u00fctterungsanwendungen. Mit hochpr\u00e4ziser automatischer Spannungsstabilisierung, einstellbarem langsamen Start, Sensor-Voll-\/Leer-Abschaltoptionen, Ferngeschwindigkeitsregelung und DC-Steuerausgang sorgt es f\u00fcr eine reibungslose, leise und energieeffiziente F\u00fctterung.<\/p>","protected":false},"featured_media":2517,"comment_status":"open","ping_status":"closed","template":"","meta":[],"product_cat":[45],"product_tag":[],"yoast_head":"<!-- This site is optimized with the Yoast SEO plugin v22.2 - https:\/\/yoast.com\/wordpress\/plugins\/seo\/ -->\n<title>Variable Frequency Digital Controller for Vibratory Feeder SDVC31-L 4.5A - SWOER<\/title>\n<meta name=\"description\" content=\"High-Precision Vibratory Feeder Controller SDVC31-L 4.5A with Automatic Voltage Regulation, Adjustable Slow Start, Sensor Full\/Empty Shutdown, Remote Speed Control &amp; DC Control Output. Optimize feeding efficiency for quieter &amp; energy-saving operation in various industries.\" \/>\n<meta name=\"robots\" content=\"index, follow, max-snippet:-1, max-image-preview:large, max-video-preview:-1\" \/>\n<link rel=\"canonical\" href=\"https:\/\/swoer.com\/de\/manufacturer\/variable-frequency-digital-controller-for-vibratory-feeder-sdvc31-l-4-5a\/\" \/>\n<meta property=\"og:locale\" content=\"de_DE\" \/>\n<meta property=\"og:type\" content=\"article\" \/>\n<meta property=\"og:title\" content=\"Variable Frequency Digital Controller for Vibratory Feeder SDVC31-L 4.5A - SWOER\" \/>\n<meta property=\"og:description\" content=\"High-Precision Vibratory Feeder Controller SDVC31-L 4.5A with Automatic Voltage Regulation, Adjustable Slow Start, Sensor Full\/Empty Shutdown, Remote Speed Control &amp; DC Control Output. Optimize feeding efficiency for quieter &amp; energy-saving operation in various industries.\" \/>\n<meta property=\"og:url\" content=\"https:\/\/swoer.com\/de\/manufacturer\/variable-frequency-digital-controller-for-vibratory-feeder-sdvc31-l-4-5a\/\" \/>\n<meta property=\"og:site_name\" content=\"SWOER\" \/>\n<meta property=\"article:modified_time\" content=\"2024-08-16T06:23:50+00:00\" \/>\n<meta property=\"og:image\" content=\"https:\/\/swoer.com\/wp-content\/uploads\/2024\/07\/Bowl-Feeder-Controller-SDVC31-M-3.0A-2.webp\" \/>\n\t<meta property=\"og:image:width\" content=\"1000\" \/>\n\t<meta property=\"og:image:height\" content=\"1000\" \/>\n\t<meta property=\"og:image:type\" content=\"image\/webp\" \/>\n<meta name=\"twitter:card\" content=\"summary_large_image\" \/>\n<meta name=\"twitter:label1\" content=\"Gesch\u00e4tzte Lesezeit\" \/>\n\t<meta name=\"twitter:data1\" content=\"3\u00a0Minuten\" \/>\n<script type=\"application\/ld+json\" class=\"yoast-schema-graph\">{\"@context\":\"https:\/\/schema.org\",\"@graph\":[{\"@type\":\"WebPage\",\"@id\":\"https:\/\/swoer.com\/manufacturer\/variable-frequency-digital-controller-for-vibratory-feeder-sdvc31-l-4-5a\/\",\"url\":\"https:\/\/swoer.com\/manufacturer\/variable-frequency-digital-controller-for-vibratory-feeder-sdvc31-l-4-5a\/\",\"name\":\"Variable Frequency Digital Controller for Vibratory Feeder SDVC31-L 4.5A - SWOER\",\"isPartOf\":{\"@id\":\"https:\/\/swoer.com\/#website\"},\"primaryImageOfPage\":{\"@id\":\"https:\/\/swoer.com\/manufacturer\/variable-frequency-digital-controller-for-vibratory-feeder-sdvc31-l-4-5a\/#primaryimage\"},\"image\":{\"@id\":\"https:\/\/swoer.com\/manufacturer\/variable-frequency-digital-controller-for-vibratory-feeder-sdvc31-l-4-5a\/#primaryimage\"},\"thumbnailUrl\":\"https:\/\/swoer.com\/wp-content\/uploads\/2024\/07\/Bowl-Feeder-Controller-SDVC31-M-3.0A-2.webp\",\"datePublished\":\"2024-07-02T07:47:38+00:00\",\"dateModified\":\"2024-08-16T06:23:50+00:00\",\"description\":\"High-Precision Vibratory Feeder Controller SDVC31-L 4.5A with Automatic Voltage Regulation, Adjustable Slow Start, Sensor Full\/Empty Shutdown, Remote Speed Control & DC Control Output. Optimize feeding efficiency for quieter & energy-saving operation in various industries.\",\"breadcrumb\":{\"@id\":\"https:\/\/swoer.com\/manufacturer\/variable-frequency-digital-controller-for-vibratory-feeder-sdvc31-l-4-5a\/#breadcrumb\"},\"inLanguage\":\"de\",\"potentialAction\":[{\"@type\":\"ReadAction\",\"target\":[\"https:\/\/swoer.com\/manufacturer\/variable-frequency-digital-controller-for-vibratory-feeder-sdvc31-l-4-5a\/\"]}]},{\"@type\":\"ImageObject\",\"inLanguage\":\"de\",\"@id\":\"https:\/\/swoer.com\/manufacturer\/variable-frequency-digital-controller-for-vibratory-feeder-sdvc31-l-4-5a\/#primaryimage\",\"url\":\"https:\/\/swoer.com\/wp-content\/uploads\/2024\/07\/Bowl-Feeder-Controller-SDVC31-M-3.0A-2.webp\",\"contentUrl\":\"https:\/\/swoer.com\/wp-content\/uploads\/2024\/07\/Bowl-Feeder-Controller-SDVC31-M-3.0A-2.webp\",\"width\":1000,\"height\":1000,\"caption\":\"Bowl Feeder Controller SDVC31-M 3.0A\"},{\"@type\":\"BreadcrumbList\",\"@id\":\"https:\/\/swoer.com\/manufacturer\/variable-frequency-digital-controller-for-vibratory-feeder-sdvc31-l-4-5a\/#breadcrumb\",\"itemListElement\":[{\"@type\":\"ListItem\",\"position\":1,\"name\":\"Home\",\"item\":\"https:\/\/swoer.com\/\"},{\"@type\":\"ListItem\",\"position\":2,\"name\":\"Shop\",\"item\":\"https:\/\/swoer.com\/shop\/\"},{\"@type\":\"ListItem\",\"position\":3,\"name\":\"Variable Frequency Digital Controller for Vibratory Feeder SDVC31-L 4.5A\"}]},{\"@type\":\"WebSite\",\"@id\":\"https:\/\/swoer.com\/#website\",\"url\":\"https:\/\/swoer.com\/\",\"name\":\"SWOER\",\"description\":\"Swoer is the top 3 vibratory bowl feeder manufacturer in China\",\"potentialAction\":[{\"@type\":\"SearchAction\",\"target\":{\"@type\":\"EntryPoint\",\"urlTemplate\":\"https:\/\/swoer.com\/?s={search_term_string}\"},\"query-input\":\"required name=search_term_string\"}],\"inLanguage\":\"de\"}]}<\/script>\n<!-- \/ Yoast SEO plugin. -->","yoast_head_json":{"title":"Variable Frequency Digital Controller for Vibratory Feeder SDVC31-L 4.5A - SWOER","description":"High-Precision Vibratory Feeder Controller SDVC31-L 4.5A with Automatic Voltage Regulation, Adjustable Slow Start, Sensor Full\/Empty Shutdown, Remote Speed Control & DC Control Output. Optimize feeding efficiency for quieter & energy-saving operation in various industries.","robots":{"index":"index","follow":"follow","max-snippet":"max-snippet:-1","max-image-preview":"max-image-preview:large","max-video-preview":"max-video-preview:-1"},"canonical":"https:\/\/swoer.com\/de\/manufacturer\/variable-frequency-digital-controller-for-vibratory-feeder-sdvc31-l-4-5a\/","og_locale":"de_DE","og_type":"article","og_title":"Variable Frequency Digital Controller for Vibratory Feeder SDVC31-L 4.5A - SWOER","og_description":"High-Precision Vibratory Feeder Controller SDVC31-L 4.5A with Automatic Voltage Regulation, Adjustable Slow Start, Sensor Full\/Empty Shutdown, Remote Speed Control & DC Control Output. Optimize feeding efficiency for quieter & energy-saving operation in various industries.","og_url":"https:\/\/swoer.com\/de\/manufacturer\/variable-frequency-digital-controller-for-vibratory-feeder-sdvc31-l-4-5a\/","og_site_name":"SWOER","article_modified_time":"2024-08-16T06:23:50+00:00","og_image":[{"width":1000,"height":1000,"url":"https:\/\/swoer.com\/wp-content\/uploads\/2024\/07\/Bowl-Feeder-Controller-SDVC31-M-3.0A-2.webp","type":"image\/webp"}],"twitter_card":"summary_large_image","twitter_misc":{"Gesch\u00e4tzte Lesezeit":"3\u00a0Minuten"},"schema":{"@context":"https:\/\/schema.org","@graph":[{"@type":"WebPage","@id":"https:\/\/swoer.com\/manufacturer\/variable-frequency-digital-controller-for-vibratory-feeder-sdvc31-l-4-5a\/","url":"https:\/\/swoer.com\/manufacturer\/variable-frequency-digital-controller-for-vibratory-feeder-sdvc31-l-4-5a\/","name":"Variable Frequency Digital Controller for Vibratory Feeder SDVC31-L 4.5A - SWOER","isPartOf":{"@id":"https:\/\/swoer.com\/#website"},"primaryImageOfPage":{"@id":"https:\/\/swoer.com\/manufacturer\/variable-frequency-digital-controller-for-vibratory-feeder-sdvc31-l-4-5a\/#primaryimage"},"image":{"@id":"https:\/\/swoer.com\/manufacturer\/variable-frequency-digital-controller-for-vibratory-feeder-sdvc31-l-4-5a\/#primaryimage"},"thumbnailUrl":"https:\/\/swoer.com\/wp-content\/uploads\/2024\/07\/Bowl-Feeder-Controller-SDVC31-M-3.0A-2.webp","datePublished":"2024-07-02T07:47:38+00:00","dateModified":"2024-08-16T06:23:50+00:00","description":"High-Precision Vibratory Feeder Controller SDVC31-L 4.5A with Automatic Voltage Regulation, Adjustable Slow Start, Sensor Full\/Empty Shutdown, Remote Speed Control & DC Control Output. Optimize feeding efficiency for quieter & energy-saving operation in various industries.","breadcrumb":{"@id":"https:\/\/swoer.com\/manufacturer\/variable-frequency-digital-controller-for-vibratory-feeder-sdvc31-l-4-5a\/#breadcrumb"},"inLanguage":"de","potentialAction":[{"@type":"ReadAction","target":["https:\/\/swoer.com\/manufacturer\/variable-frequency-digital-controller-for-vibratory-feeder-sdvc31-l-4-5a\/"]}]},{"@type":"ImageObject","inLanguage":"de","@id":"https:\/\/swoer.com\/manufacturer\/variable-frequency-digital-controller-for-vibratory-feeder-sdvc31-l-4-5a\/#primaryimage","url":"https:\/\/swoer.com\/wp-content\/uploads\/2024\/07\/Bowl-Feeder-Controller-SDVC31-M-3.0A-2.webp","contentUrl":"https:\/\/swoer.com\/wp-content\/uploads\/2024\/07\/Bowl-Feeder-Controller-SDVC31-M-3.0A-2.webp","width":1000,"height":1000,"caption":"Bowl Feeder Controller SDVC31-M 3.0A"},{"@type":"BreadcrumbList","@id":"https:\/\/swoer.com\/manufacturer\/variable-frequency-digital-controller-for-vibratory-feeder-sdvc31-l-4-5a\/#breadcrumb","itemListElement":[{"@type":"ListItem","position":1,"name":"Home","item":"https:\/\/swoer.com\/"},{"@type":"ListItem","position":2,"name":"Shop","item":"https:\/\/swoer.com\/shop\/"},{"@type":"ListItem","position":3,"name":"Variable Frequency Digital Controller for Vibratory Feeder SDVC31-L 4.5A"}]},{"@type":"WebSite","@id":"https:\/\/swoer.com\/#website","url":"https:\/\/swoer.com\/","name":"SWOER","description":"Swoer is the top 3 vibratory bowl feeder manufacturer in China","potentialAction":[{"@type":"SearchAction","target":{"@type":"EntryPoint","urlTemplate":"https:\/\/swoer.com\/?s={search_term_string}"},"query-input":"required name=search_term_string"}],"inLanguage":"de"}]}},"_links":{"self":[{"href":"https:\/\/swoer.com\/de\/wp-json\/wp\/v2\/product\/2260"}],"collection":[{"href":"https:\/\/swoer.com\/de\/wp-json\/wp\/v2\/product"}],"about":[{"href":"https:\/\/swoer.com\/de\/wp-json\/wp\/v2\/types\/product"}],"replies":[{"embeddable":true,"href":"https:\/\/swoer.com\/de\/wp-json\/wp\/v2\/comments?post=2260"}],"wp:featuredmedia":[{"embeddable":true,"href":"https:\/\/swoer.com\/de\/wp-json\/wp\/v2\/media\/2517"}],"wp:attachment":[{"href":"https:\/\/swoer.com\/de\/wp-json\/wp\/v2\/media?parent=2260"}],"wp:term":[{"taxonomy":"product_cat","embeddable":true,"href":"https:\/\/swoer.com\/de\/wp-json\/wp\/v2\/product_cat?post=2260"},{"taxonomy":"product_tag","embeddable":true,"href":"https:\/\/swoer.com\/de\/wp-json\/wp\/v2\/product_tag?post=2260"}],"curies":[{"name":"wp","href":"https:\/\/api.w.org\/{rel}","templated":true}]}}