{"id":2254,"date":"2024-06-29T01:47:26","date_gmt":"2024-06-29T01:47:26","guid":{"rendered":"https:\/\/swoer.com\/?post_type=product&#038;p=2254"},"modified":"2024-12-13T15:35:22","modified_gmt":"2024-12-13T07:35:22","slug":"flex-feeding-and-conveying-machines-with-spider-robot","status":"publish","type":"product","link":"https:\/\/swoer.com\/de\/manufacturer\/flex-feeding-and-conveying-machines-with-spider-robot\/","title":{"rendered":"Automatische flexible Teilezuf\u00fchr- und F\u00f6rdermaschinen mit Spider-Roboter"},"content":{"rendered":"<h2>Produkteigenschaften<\/h2>\n<div class=\"avatar-gutter ng-tns-c2351017130-57 ng-star-inserted\">\n<div class=\"resize-observable\"><\/div>\n<\/div>\n<div class=\"response-container-content ng-tns-c2351017130-57\">\n<div class=\"response-content ng-tns-c2351017130-57\">\n<div class=\"markdown markdown-main-panel\" dir=\"ltr\">\n<p class=\"first-token\" data-sourcepos=\"1:1-1:8\">Dies sind die automatischen Zuf\u00fchr- und F\u00f6rdermaschinen f\u00fcr flexible Teile mit Spinnenroboter-Funktionen:<\/p>\n<ul data-sourcepos=\"3:1-3:106\">\n<li data-sourcepos=\"3:1-3:106\"><strong>M\u00fchelose Pr\u00e4zision und Geschwindigkeit:<\/strong> Unser leistungsstarker Spinnenroboter bietet un\u00fcbertroffene Genauigkeit und Schnelligkeit und steigert so die Effizienz Ihrer Produktionslinie.<\/li>\n<li data-sourcepos=\"4:1-4:31\"><strong>Plug-and-Play-Einfachheit:<\/strong> Vergessen Sie komplexe Programmierung \u2013 mit unserem benutzerfreundlichen System sind Sie im Handumdrehen startklar.<\/li>\n<li data-sourcepos=\"5:1-5:156\"><strong>One-Click-Formeltreiber:<\/strong> Konfigurieren Sie Ihren Roboter nahtlos mit unserem intuitiven Formeltreiber, der mit einem einzigen Klick installiert wird.<\/li>\n<li data-sourcepos=\"6:1-7:0\"><strong>Un\u00fcbertroffene Vielseitigkeit:<\/strong> Unser anpassungsf\u00e4higes Design eignet sich f\u00fcr vielf\u00e4ltige Anwendungen in zahlreichen Branchen.<\/li>\n<\/ul>\n<\/div>\n<\/div>\n<\/div>\n\t<section class=\"section\" id=\"section_767829993\">\n\t\t<div class=\"bg section-bg fill bg-fill  bg-loaded\" >\n\n\t\t\t\n\t\t\t\n\t\t\t\n\n\t\t<\/div>\n\n\t\t\n\n\t\t<div class=\"section-content relative\">\n\t\t\t\n<h3>Richtlinien zum Erscheinungsbild:<\/h3>\n\t<div class=\"img has-hover x md-x lg-x y md-y lg-y\" id=\"image_376545261\">\n\t\t\t\t\t\t\t\t<div class=\"img-inner dark\" >\n\t\t\t<img loading=\"lazy\" decoding=\"async\" width=\"794\" height=\"682\" src=\"https:\/\/swoer.com\/wp-content\/uploads\/2024\/06\/Appearance-Guidelines.webp\" class=\"attachment-original size-original\" alt=\"Richtlinien zum Erscheinungsbild\" srcset=\"https:\/\/swoer.com\/wp-content\/uploads\/2024\/06\/Appearance-Guidelines.webp 794w, https:\/\/swoer.com\/wp-content\/uploads\/2024\/06\/Appearance-Guidelines-300x258.webp 300w, https:\/\/swoer.com\/wp-content\/uploads\/2024\/06\/Appearance-Guidelines-768x660.webp 768w, https:\/\/swoer.com\/wp-content\/uploads\/2024\/06\/Appearance-Guidelines-14x12.webp 14w, https:\/\/swoer.com\/wp-content\/uploads\/2024\/06\/Appearance-Guidelines-600x515.webp 600w\" sizes=\"(max-width: 794px) 100vw, 794px\" \/>\t\t\t\t\t\t\n\t\t\t\t\t<\/div>\n\t\t\t\t\t\t\t\t\n<style>\n#image_376545261 {\n  width: 100%;\n}\n<\/style>\n\t<\/div>\n\t\n<h3>Arbeitsparameter<\/h3>\n<table style=\"border-collapse: collapse; width: 525.02pt;\" border=\"0\" width=\"700\" cellspacing=\"0\" cellpadding=\"0\">\n<tbody>\n<tr style=\"height: 21.00pt;\">\n<td class=\"et3\" style=\"height: 21.00pt; width: 220.50pt;\" width=\"294\" height=\"28\">Name<\/td>\n<td class=\"et3\" style=\"width: 304.50pt;\" width=\"406\">Reichweite<\/td>\n<\/tr>\n<tr style=\"height: 21.00pt;\">\n<td class=\"et3\" style=\"height: 21.00pt;\" height=\"28\">Modell<\/td>\n<td class=\"et3\">SW-AC03<\/td>\n<\/tr>\n<tr style=\"height: 21.00pt;\">\n<td class=\"et3\" style=\"height: 21.00pt;\" height=\"28\">Stromspannung<\/td>\n<td class=\"et3\">AC220W<\/td>\n<\/tr>\n<tr style=\"height: 21.00pt;\">\n<td class=\"et3\" style=\"height: 21.00pt;\" height=\"28\">Leistung<\/td>\n<td class=\"et3\">500 W<\/td>\n<\/tr>\n<tr style=\"height: 21.00pt;\">\n<td class=\"et3\" style=\"height: 21.00pt;\" height=\"28\">Ma\u00dfe<\/td>\n<td class=\"et3\">224*380*650 mm<\/td>\n<\/tr>\n<tr style=\"height: 21.00pt;\">\n<td class=\"et3\" style=\"height: 21.00pt;\" height=\"28\">Gewicht<\/td>\n<td class=\"et3\">30 kg<\/td>\n<\/tr>\n<tr style=\"height: 21.00pt;\">\n<td class=\"et3\" style=\"height: 21.00pt;\" height=\"28\">Schwingbereich<\/td>\n<td class=\"et3\">250 x 300 mm<\/td>\n<\/tr>\n<tr style=\"height: 21.00pt;\">\n<td class=\"et3\" style=\"height: 21.00pt;\" height=\"28\">Arbeitsbereich<\/td>\n<td class=\"et3\">200 x 240 mm<\/td>\n<\/tr>\n<tr style=\"height: 21.00pt;\">\n<td class=\"et3\" style=\"height: 21.00pt;\" height=\"28\">Maximale Geschwindigkeit<\/td>\n<td class=\"et3\">0,4 Stk.\/St\u00fcck<\/td>\n<\/tr>\n<tr style=\"height: 21.00pt;\">\n<td class=\"et3\" style=\"height: 21.00pt;\" height=\"28\">Wiederholbarkeit<\/td>\n<td class=\"et3\">\u00b1 0,1 mm<\/td>\n<\/tr>\n<tr style=\"height: 21.00pt;\">\n<td class=\"et3\" style=\"height: 21.00pt;\" height=\"28\">Flex-Feeder-Gr\u00f6\u00dfe<\/td>\n<td class=\"et3\">100 x 150 mm<\/td>\n<\/tr>\n<tr style=\"height: 21.00pt;\">\n<td class=\"et3\" style=\"height: 21.00pt;\" height=\"28\">\u00dcbertragungsmodus<\/td>\n<td class=\"et3\">Servomotor<\/td>\n<\/tr>\n<tr style=\"height: 21.00pt;\">\n<td class=\"et3\" style=\"height: 21.00pt;\" height=\"28\">Lichtquelle<\/td>\n<td class=\"et3\">Quadratisches wei\u00dfes Licht<\/td>\n<\/tr>\n<tr style=\"height: 21.00pt;\">\n<td class=\"et3\" style=\"height: 21.00pt;\" height=\"28\">Vibrationsmodus<\/td>\n<td class=\"et3\">Quadratisches wei\u00dfes Licht<\/td>\n<\/tr>\n<tr style=\"height: 21.00pt;\">\n<td class=\"et3\" style=\"height: 21.00pt;\" height=\"28\">Aufl\u00f6sung<\/td>\n<td class=\"et3\">Vibrationsmotor<\/td>\n<\/tr>\n<tr style=\"height: 21.00pt;\">\n<td class=\"et3\" style=\"height: 21.00pt;\" height=\"28\">Eingangsluftquelle<\/td>\n<td class=\"et3\">0,4 bis 0,6 MPa<\/td>\n<\/tr>\n<tr style=\"height: 21.00pt;\">\n<td class=\"et3\" style=\"height: 21.00pt;\" height=\"28\">Ausgangsluftdruck<\/td>\n<td class=\"et3\">-4 kg<\/td>\n<\/tr>\n<\/tbody>\n<\/table>\n\t\t<\/div>\n\n\t\t\n<style>\n#section_767829993 {\n  padding-top: 30px;\n  padding-bottom: 30px;\n}\n#section_767829993 .ux-shape-divider--top svg {\n  height: 150px;\n  --divider-top-width: 100%;\n}\n#section_767829993 .ux-shape-divider--bottom svg {\n  height: 150px;\n  --divider-width: 100%;\n}\n<\/style>\n\t<\/section>\n\t\n<h2>SW-AC03 Aussehen Abmessungen<\/h2>\n\t<div class=\"img has-hover x md-x lg-x y md-y lg-y\" id=\"image_300021877\">\n\t\t\t\t\t\t\t\t<div class=\"img-inner dark\" >\n\t\t\t<img loading=\"lazy\" decoding=\"async\" width=\"1036\" height=\"582\" src=\"https:\/\/swoer.com\/wp-content\/uploads\/2024\/06\/SW-AC03-Appearance-Dimensions.webp\" class=\"attachment-original size-original\" alt=\"\" srcset=\"https:\/\/swoer.com\/wp-content\/uploads\/2024\/06\/SW-AC03-Appearance-Dimensions.webp 1036w, https:\/\/swoer.com\/wp-content\/uploads\/2024\/06\/SW-AC03-Appearance-Dimensions-300x169.webp 300w, https:\/\/swoer.com\/wp-content\/uploads\/2024\/06\/SW-AC03-Appearance-Dimensions-1024x575.webp 1024w, https:\/\/swoer.com\/wp-content\/uploads\/2024\/06\/SW-AC03-Appearance-Dimensions-768x431.webp 768w, https:\/\/swoer.com\/wp-content\/uploads\/2024\/06\/SW-AC03-Appearance-Dimensions-18x10.webp 18w, https:\/\/swoer.com\/wp-content\/uploads\/2024\/06\/SW-AC03-Appearance-Dimensions-600x337.webp 600w\" sizes=\"(max-width: 1036px) 100vw, 1036px\" \/>\t\t\t\t\t\t\n\t\t\t\t\t<\/div>\n\t\t\t\t\t\t\t\t\n<style>\n#image_300021877 {\n  width: 100%;\n}\n<\/style>\n\t<\/div>\n\t\n\t<div id=\"gap-900784484\" class=\"gap-element clearfix\" style=\"display:block; height:auto;\">\n\t\t\n<style>\n#gap-900784484 {\n  padding-top: 30px;\n}\n<\/style>\n\t<\/div>\n\t\n<h2>Video<\/h2>\n<div class=\"video video-fit mb\" style=\"padding-top:56.25%;\"><p><iframe loading=\"lazy\" title=\"Flex Feeder System &amp; Industrieller Spider Roboter &amp; CCD Kamera System #automobil #Maschine #Robot\" width=\"1020\" height=\"574\" src=\"https:\/\/www.youtube.com\/embed\/SF6wfrXKYvk?feature=oembed\" frameborder=\"0\" allow=\"accelerometer; autoplay; clipboard-write; encrypted-media; gyroscope; picture-in-picture; web-share\" referrerpolicy=\"strict-origin-when-cross-origin\" allowfullscreen><\/iframe><\/p>\n<\/div>","protected":false},"excerpt":{"rendered":"<p>Optimieren Sie Ihren Produktionsprozess mit unseren hochmodernen automatischen Zuf\u00fchr- und F\u00f6rdersystemen f\u00fcr flexible Teile mit einem hochpr\u00e4zisen Hochgeschwindigkeits-Spinnenroboter. Unsere intuitive Software und unser vielseitiger Formeltreiber sorgen f\u00fcr m\u00fchelose Einrichtung und Bedienung, w\u00e4hrend unser flexibles Design f\u00fcr eine breite Palette von Anwendungen geeignet ist.<\/p>","protected":false},"featured_media":2255,"comment_status":"open","ping_status":"closed","template":"","meta":[],"product_cat":[131],"product_tag":[],"yoast_head":"<!-- This site is optimized with the Yoast SEO plugin v22.2 - https:\/\/yoast.com\/wordpress\/plugins\/seo\/ -->\n<title>Flex Feeding and Conveying Machines with Spider Robot<\/title>\n<meta name=\"description\" content=\"Experience effortless automation with our spider robot feeding system. Our intuitive, one-click formula driver and plug-and-play setup make it easy to use. Ideal for various industries.\" \/>\n<meta name=\"robots\" content=\"index, follow, max-snippet:-1, max-image-preview:large, max-video-preview:-1\" \/>\n<link rel=\"canonical\" href=\"https:\/\/swoer.com\/de\/manufacturer\/flex-feeding-and-conveying-machines-with-spider-robot\/\" \/>\n<meta property=\"og:locale\" content=\"de_DE\" \/>\n<meta property=\"og:type\" content=\"article\" \/>\n<meta property=\"og:title\" content=\"Flex Feeding and Conveying Machines with Spider Robot\" \/>\n<meta property=\"og:description\" content=\"Experience effortless automation with our spider robot feeding system. Our intuitive, one-click formula driver and plug-and-play setup make it easy to use. Ideal for various industries.\" \/>\n<meta property=\"og:url\" content=\"https:\/\/swoer.com\/de\/manufacturer\/flex-feeding-and-conveying-machines-with-spider-robot\/\" \/>\n<meta property=\"og:site_name\" content=\"SWOER\" \/>\n<meta property=\"article:modified_time\" content=\"2024-12-13T07:35:22+00:00\" \/>\n<meta property=\"og:image\" content=\"https:\/\/swoer.com\/wp-content\/uploads\/2024\/06\/Automatic-Parts-Flex-Feeding-and-Conveying-Machines-with-Spider-Robot.webp\" \/>\n\t<meta property=\"og:image:width\" content=\"800\" \/>\n\t<meta property=\"og:image:height\" content=\"800\" \/>\n\t<meta property=\"og:image:type\" content=\"image\/webp\" \/>\n<meta name=\"twitter:card\" content=\"summary_large_image\" \/>\n<meta name=\"twitter:label1\" content=\"Gesch\u00e4tzte Lesezeit\" \/>\n\t<meta name=\"twitter:data1\" content=\"1\u00a0Minute\" \/>\n<script type=\"application\/ld+json\" class=\"yoast-schema-graph\">{\"@context\":\"https:\/\/schema.org\",\"@graph\":[{\"@type\":\"WebPage\",\"@id\":\"https:\/\/swoer.com\/manufacturer\/flex-feeding-and-conveying-machines-with-spider-robot\/\",\"url\":\"https:\/\/swoer.com\/manufacturer\/flex-feeding-and-conveying-machines-with-spider-robot\/\",\"name\":\"Flex Feeding and Conveying Machines with Spider Robot\",\"isPartOf\":{\"@id\":\"https:\/\/swoer.com\/#website\"},\"primaryImageOfPage\":{\"@id\":\"https:\/\/swoer.com\/manufacturer\/flex-feeding-and-conveying-machines-with-spider-robot\/#primaryimage\"},\"image\":{\"@id\":\"https:\/\/swoer.com\/manufacturer\/flex-feeding-and-conveying-machines-with-spider-robot\/#primaryimage\"},\"thumbnailUrl\":\"https:\/\/swoer.com\/wp-content\/uploads\/2024\/06\/Automatic-Parts-Flex-Feeding-and-Conveying-Machines-with-Spider-Robot.webp\",\"datePublished\":\"2024-06-29T01:47:26+00:00\",\"dateModified\":\"2024-12-13T07:35:22+00:00\",\"description\":\"Experience effortless automation with our spider robot feeding system. Our intuitive, one-click formula driver and plug-and-play setup make it easy to use. Ideal for various industries.\",\"breadcrumb\":{\"@id\":\"https:\/\/swoer.com\/manufacturer\/flex-feeding-and-conveying-machines-with-spider-robot\/#breadcrumb\"},\"inLanguage\":\"de\",\"potentialAction\":[{\"@type\":\"ReadAction\",\"target\":[\"https:\/\/swoer.com\/manufacturer\/flex-feeding-and-conveying-machines-with-spider-robot\/\"]}]},{\"@type\":\"ImageObject\",\"inLanguage\":\"de\",\"@id\":\"https:\/\/swoer.com\/manufacturer\/flex-feeding-and-conveying-machines-with-spider-robot\/#primaryimage\",\"url\":\"https:\/\/swoer.com\/wp-content\/uploads\/2024\/06\/Automatic-Parts-Flex-Feeding-and-Conveying-Machines-with-Spider-Robot.webp\",\"contentUrl\":\"https:\/\/swoer.com\/wp-content\/uploads\/2024\/06\/Automatic-Parts-Flex-Feeding-and-Conveying-Machines-with-Spider-Robot.webp\",\"width\":800,\"height\":800,\"caption\":\"Automatic Parts Flex Feeding and Conveying Machines with Spider Robot\"},{\"@type\":\"BreadcrumbList\",\"@id\":\"https:\/\/swoer.com\/manufacturer\/flex-feeding-and-conveying-machines-with-spider-robot\/#breadcrumb\",\"itemListElement\":[{\"@type\":\"ListItem\",\"position\":1,\"name\":\"Home\",\"item\":\"https:\/\/swoer.com\/\"},{\"@type\":\"ListItem\",\"position\":2,\"name\":\"Shop\",\"item\":\"https:\/\/swoer.com\/shop\/\"},{\"@type\":\"ListItem\",\"position\":3,\"name\":\"Automatic Parts Flex Feeding and Conveying Machines with Spider Robot\"}]},{\"@type\":\"WebSite\",\"@id\":\"https:\/\/swoer.com\/#website\",\"url\":\"https:\/\/swoer.com\/\",\"name\":\"SWOER\",\"description\":\"Swoer is the top 3 vibratory bowl feeder manufacturer in China\",\"potentialAction\":[{\"@type\":\"SearchAction\",\"target\":{\"@type\":\"EntryPoint\",\"urlTemplate\":\"https:\/\/swoer.com\/?s={search_term_string}\"},\"query-input\":\"required name=search_term_string\"}],\"inLanguage\":\"de\"}]}<\/script>\n<!-- \/ Yoast SEO plugin. -->","yoast_head_json":{"title":"Flex Feeding and Conveying Machines with Spider Robot","description":"Experience effortless automation with our spider robot feeding system. Our intuitive, one-click formula driver and plug-and-play setup make it easy to use. Ideal for various industries.","robots":{"index":"index","follow":"follow","max-snippet":"max-snippet:-1","max-image-preview":"max-image-preview:large","max-video-preview":"max-video-preview:-1"},"canonical":"https:\/\/swoer.com\/de\/manufacturer\/flex-feeding-and-conveying-machines-with-spider-robot\/","og_locale":"de_DE","og_type":"article","og_title":"Flex Feeding and Conveying Machines with Spider Robot","og_description":"Experience effortless automation with our spider robot feeding system. Our intuitive, one-click formula driver and plug-and-play setup make it easy to use. Ideal for various industries.","og_url":"https:\/\/swoer.com\/de\/manufacturer\/flex-feeding-and-conveying-machines-with-spider-robot\/","og_site_name":"SWOER","article_modified_time":"2024-12-13T07:35:22+00:00","og_image":[{"width":800,"height":800,"url":"https:\/\/swoer.com\/wp-content\/uploads\/2024\/06\/Automatic-Parts-Flex-Feeding-and-Conveying-Machines-with-Spider-Robot.webp","type":"image\/webp"}],"twitter_card":"summary_large_image","twitter_misc":{"Gesch\u00e4tzte Lesezeit":"1\u00a0Minute"},"schema":{"@context":"https:\/\/schema.org","@graph":[{"@type":"WebPage","@id":"https:\/\/swoer.com\/manufacturer\/flex-feeding-and-conveying-machines-with-spider-robot\/","url":"https:\/\/swoer.com\/manufacturer\/flex-feeding-and-conveying-machines-with-spider-robot\/","name":"Flex Feeding and Conveying Machines with Spider Robot","isPartOf":{"@id":"https:\/\/swoer.com\/#website"},"primaryImageOfPage":{"@id":"https:\/\/swoer.com\/manufacturer\/flex-feeding-and-conveying-machines-with-spider-robot\/#primaryimage"},"image":{"@id":"https:\/\/swoer.com\/manufacturer\/flex-feeding-and-conveying-machines-with-spider-robot\/#primaryimage"},"thumbnailUrl":"https:\/\/swoer.com\/wp-content\/uploads\/2024\/06\/Automatic-Parts-Flex-Feeding-and-Conveying-Machines-with-Spider-Robot.webp","datePublished":"2024-06-29T01:47:26+00:00","dateModified":"2024-12-13T07:35:22+00:00","description":"Experience effortless automation with our spider robot feeding system. Our intuitive, one-click formula driver and plug-and-play setup make it easy to use. Ideal for various industries.","breadcrumb":{"@id":"https:\/\/swoer.com\/manufacturer\/flex-feeding-and-conveying-machines-with-spider-robot\/#breadcrumb"},"inLanguage":"de","potentialAction":[{"@type":"ReadAction","target":["https:\/\/swoer.com\/manufacturer\/flex-feeding-and-conveying-machines-with-spider-robot\/"]}]},{"@type":"ImageObject","inLanguage":"de","@id":"https:\/\/swoer.com\/manufacturer\/flex-feeding-and-conveying-machines-with-spider-robot\/#primaryimage","url":"https:\/\/swoer.com\/wp-content\/uploads\/2024\/06\/Automatic-Parts-Flex-Feeding-and-Conveying-Machines-with-Spider-Robot.webp","contentUrl":"https:\/\/swoer.com\/wp-content\/uploads\/2024\/06\/Automatic-Parts-Flex-Feeding-and-Conveying-Machines-with-Spider-Robot.webp","width":800,"height":800,"caption":"Automatic Parts Flex Feeding and Conveying Machines with Spider Robot"},{"@type":"BreadcrumbList","@id":"https:\/\/swoer.com\/manufacturer\/flex-feeding-and-conveying-machines-with-spider-robot\/#breadcrumb","itemListElement":[{"@type":"ListItem","position":1,"name":"Home","item":"https:\/\/swoer.com\/"},{"@type":"ListItem","position":2,"name":"Shop","item":"https:\/\/swoer.com\/shop\/"},{"@type":"ListItem","position":3,"name":"Automatic Parts Flex Feeding and Conveying Machines with Spider Robot"}]},{"@type":"WebSite","@id":"https:\/\/swoer.com\/#website","url":"https:\/\/swoer.com\/","name":"SWOER","description":"Swoer is the top 3 vibratory bowl feeder manufacturer in China","potentialAction":[{"@type":"SearchAction","target":{"@type":"EntryPoint","urlTemplate":"https:\/\/swoer.com\/?s={search_term_string}"},"query-input":"required name=search_term_string"}],"inLanguage":"de"}]}},"_links":{"self":[{"href":"https:\/\/swoer.com\/de\/wp-json\/wp\/v2\/product\/2254"}],"collection":[{"href":"https:\/\/swoer.com\/de\/wp-json\/wp\/v2\/product"}],"about":[{"href":"https:\/\/swoer.com\/de\/wp-json\/wp\/v2\/types\/product"}],"replies":[{"embeddable":true,"href":"https:\/\/swoer.com\/de\/wp-json\/wp\/v2\/comments?post=2254"}],"wp:featuredmedia":[{"embeddable":true,"href":"https:\/\/swoer.com\/de\/wp-json\/wp\/v2\/media\/2255"}],"wp:attachment":[{"href":"https:\/\/swoer.com\/de\/wp-json\/wp\/v2\/media?parent=2254"}],"wp:term":[{"taxonomy":"product_cat","embeddable":true,"href":"https:\/\/swoer.com\/de\/wp-json\/wp\/v2\/product_cat?post=2254"},{"taxonomy":"product_tag","embeddable":true,"href":"https:\/\/swoer.com\/de\/wp-json\/wp\/v2\/product_tag?post=2254"}],"curies":[{"name":"wp","href":"https:\/\/api.w.org\/{rel}","templated":true}]}}