{"id":2234,"date":"2024-06-17T07:11:21","date_gmt":"2024-06-17T07:11:21","guid":{"rendered":"https:\/\/swoer.com\/?post_type=product&#038;p=2234"},"modified":"2024-06-17T07:21:29","modified_gmt":"2024-06-17T07:21:29","slug":"ccd-industrial-camera","status":"publish","type":"product","link":"https:\/\/swoer.com\/de\/manufacturer\/ccd-industrial-camera\/","title":{"rendered":"CCD Industriekamera"},"content":{"rendered":"<h2><strong><b>Produkt <\/b><\/strong><strong><b>ICH<\/b><\/strong><strong><b>Informationen<\/b><\/strong><\/h2>\n<table>\n<tbody>\n<tr>\n<td width=\"224\"><strong><b>\u00a0Produktname<\/b><\/strong><\/td>\n<td width=\"377\">CCD Industriekamera<\/td>\n<\/tr>\n<tr>\n<td width=\"224\"><strong><b>\u00a0M<\/b><\/strong><strong><b>Modell<\/b><\/strong><\/td>\n<td width=\"377\">SW-80308<\/td>\n<\/tr>\n<tr>\n<td width=\"224\"><strong><b>\u00a0<\/b><\/strong><strong><b>Marke<\/b><\/strong><\/td>\n<td width=\"377\">SCHW\u00d6REN<\/td>\n<\/tr>\n<tr>\n<td width=\"224\"><strong><b>\u00a0Stromspannung<\/b><\/strong><\/td>\n<td width=\"377\">\u00a0220 V<\/td>\n<\/tr>\n<tr>\n<td width=\"224\"><strong><b>\u00a0Leistung<\/b><\/strong><\/td>\n<td width=\"377\">\u00a065 W \/ 150 W \/ 180 W \/ 220 W \/ 350 W<\/td>\n<\/tr>\n<tr>\n<td width=\"224\"><strong><b>\u00a0Authentifizierung<\/b><\/strong><\/td>\n<td width=\"377\">\u00a0CE, ROHS, ISO9001<\/td>\n<\/tr>\n<tr>\n<td width=\"224\"><strong><b>\u00a0Garantie<\/b><\/strong><\/td>\n<td width=\"377\">\u00a01 Jahr Garantie<\/td>\n<\/tr>\n<tr>\n<td width=\"224\"><strong><b>\u00a0Mindestbestellmenge<\/b><\/strong><\/td>\n<td width=\"377\">\u00a01 Satz<\/td>\n<\/tr>\n<tr>\n<td width=\"224\"><strong><b>\u00a0Vorlaufzeit<\/b><\/strong><\/td>\n<td width=\"377\">\u00a010-14 Tage<\/td>\n<\/tr>\n<tr>\n<td width=\"224\"><strong><b>\u00a0Zahlungsfrist<\/b><\/strong><\/td>\n<td width=\"377\">\u00a0T\/T 40% Anzahlung und Restbetrag vor dem Versand<\/td>\n<\/tr>\n<tr>\n<td width=\"224\"><strong><b>\u00a0Original des Ortes<\/b><\/strong><\/td>\n<td width=\"377\">\u00a0China<\/td>\n<\/tr>\n<\/tbody>\n<\/table>\n\t<div id=\"gap-1811149079\" class=\"gap-element clearfix\" style=\"display:block; height:auto;\">\n\t\t\n<style>\n#gap-1811149079 {\n  padding-top: 30px;\n}\n<\/style>\n\t<\/div>\n\t\n<h2><strong><b>Produktliste<\/b><\/strong><\/h2>\n<table>\n<tbody>\n<tr>\n<td width=\"276\"><strong><b>Industrie-Computer<\/b><\/strong><\/td>\n<td width=\"276\">1 Satz<\/td>\n<\/tr>\n<tr>\n<td width=\"276\"><strong><b>8-Zoll-Display<\/b><\/strong><\/td>\n<td width=\"276\">1 Satz<\/td>\n<\/tr>\n<tr>\n<td width=\"276\"><strong><b>C<\/b><\/strong><strong><b>amera<\/b><\/strong><\/td>\n<td width=\"276\">1 Satz<\/td>\n<\/tr>\n<tr>\n<td width=\"276\"><strong><b>Linse<\/b><\/strong><\/td>\n<td width=\"276\">1 Satz<\/td>\n<\/tr>\n<tr>\n<td width=\"276\"><strong><b>M<\/b><\/strong><strong><b>Lichtquelle<\/b><\/strong><\/td>\n<td width=\"276\">1 Satz<\/td>\n<\/tr>\n<tr>\n<td width=\"276\"><strong><b>Befestigungshalterung f\u00fcr die Kameralichtquelle<\/b><\/strong><\/td>\n<td width=\"276\">1 Satz<\/td>\n<\/tr>\n<\/tbody>\n<\/table>\n\t<div id=\"gap-1347049964\" class=\"gap-element clearfix\" style=\"display:block; height:auto;\">\n\t\t\n<style>\n#gap-1347049964 {\n  padding-top: 30px;\n}\n<\/style>\n\t<\/div>\n\t\n<h3 data-sourcepos=\"11:1-11:17\"><strong>Hauptmerkmale:<\/strong><\/h3>\n<ul data-sourcepos=\"13:1-21:88\">\n<li data-sourcepos=\"13:1-14:0\">\n<p data-sourcepos=\"13:3-13:143\"><strong>Interner Ausl\u00f6semechanismus:<\/strong> Nutzt einen internen Ausl\u00f6ser f\u00fcr eine pr\u00e4zise und synchronisierte Bilderfassung und stellt so einen optimalen Zeitpunkt f\u00fcr die Inspektion sicher.<\/p>\n<\/li>\n<li data-sourcepos=\"15:1-16:0\">\n<p data-sourcepos=\"15:3-15:165\"><strong>Mehrspurige Identifikation:<\/strong> Identifiziert und verfolgt bis zu 4 Objekte gleichzeitig, maximiert so den Inspektionsdurchsatz und bew\u00e4ltigt komplexe Produktkonfigurationen.<\/p>\n<\/li>\n<li data-sourcepos=\"17:1-18:0\">\n<p data-sourcepos=\"17:3-17:150\"><strong>Blitzschnelle Erkennungsgeschwindigkeit:<\/strong> Verarbeitet beeindruckende 1500\u20131800 Teile pro Minute und h\u00e4lt selbst mit den anspruchsvollsten Produktionslinien Schritt.<\/p>\n<\/li>\n<li data-sourcepos=\"19:1-20:0\">\n<p data-sourcepos=\"19:3-19:152\"><strong>Au\u00dfergew\u00f6hnliche Erkennungsgenauigkeit:<\/strong> Erreicht eine bemerkenswerte Erkennungsrate von 99,99%, minimiert Fehlalarme und garantiert die Produktintegrit\u00e4t.<\/p>\n<\/li>\n<li data-sourcepos=\"21:1-21:88\">\n<p data-sourcepos=\"21:3-21:88\"><strong>Vernachl\u00e4ssigbares umgekehrtes Materialverh\u00e4ltnis:<\/strong> H\u00e4lt ein au\u00dfergew\u00f6hnlich niedriges R\u00fcckmaterialverh\u00e4ltnis von unter 0,00011 TP3T aufrecht, wodurch Abfall reduziert und die Ressourcennutzung optimiert wird.<\/p>\n<\/li>\n<li data-sourcepos=\"23:1-24:0\">\n<p data-sourcepos=\"23:3-23:146\"><strong>Fernunterst\u00fctzungsfunktion:<\/strong> Bietet Fernunterst\u00fctzung in Echtzeit f\u00fcr die Fehlerbehebung und Wartung und gew\u00e4hrleistet so eine schnelle L\u00f6sung aller Probleme.<\/p>\n<\/li>\n<li data-sourcepos=\"25:1-26:0\">\n<p data-sourcepos=\"25:3-25:165\"><strong>Produktwechsel mit einem Klick:<\/strong> Wechseln Sie m\u00fchelos mit nur einem Klick zwischen verschiedenen Produktinspektionsaufgaben. Minimieren Sie so Ausfallzeiten und maximieren Sie die Effizienz.<\/p>\n<\/li>\n<li data-sourcepos=\"27:1-28:0\">\n<p data-sourcepos=\"27:3-27:135\"><strong>Plug-and-Play-Installation:<\/strong> Macht komplexes Debugging \u00fcberfl\u00fcssig, gew\u00e4hrleistet einen reibungslosen Einrichtungsprozess und minimiert Ausfallzeiten.<\/p>\n<\/li>\n<\/ul>\n\t<div id=\"gap-642599477\" class=\"gap-element clearfix\" style=\"display:block; height:auto;\">\n\t\t\n<style>\n#gap-642599477 {\n  padding-top: 30px;\n}\n<\/style>\n\t<\/div>\n\t\n<p data-sourcepos=\"29:1-29:111\"><strong>Unsere CCD-Industriekamera l\u00e4sst sich nahtlos in Ihre vorhandenen Produktionslinien integrieren und erm\u00f6glicht Ihnen Folgendes:<\/strong><\/p>\n<ul data-sourcepos=\"31:1-36:0\">\n<li data-sourcepos=\"31:1-32:0\">\n<p data-sourcepos=\"31:3-31:150\"><strong>Verbesserte Produktqualit\u00e4t:<\/strong> Erkennen und beseitigen Sie Defekte mit au\u00dfergew\u00f6hnlicher Genauigkeit und sorgen Sie so f\u00fcr eine gleichbleibende Produktqualit\u00e4t und Kundenzufriedenheit.<\/p>\n<\/li>\n<li data-sourcepos=\"33:1-34:0\">\n<p data-sourcepos=\"33:3-33:158\"><strong>Erh\u00f6hte Produktionseffizienz:<\/strong> Optimieren Sie Inspektionsprozesse und minimieren Sie Ausfallzeiten, steigern Sie so die Gesamtproduktionsleistung und erf\u00fcllen Sie die Kundenanforderungen.<\/p>\n<\/li>\n<li data-sourcepos=\"35:1-36:0\">\n<p data-sourcepos=\"35:3-35:115\"><strong>Reduzierte Betriebskosten:<\/strong> Minimieren Sie Abfall und Nacharbeit, senken Sie die Produktionskosten und maximieren Sie die Rentabilit\u00e4t.<\/p>\n<\/li>\n<\/ul>\n<p data-sourcepos=\"37:1-37:264\">Wenn Sie Ihre industriellen Automatisierungsfunktionen verbessern und Ihre Qualit\u00e4tskontrollprozesse revolutionieren m\u00f6chten, ist unsere CCD-Industriekamera die L\u00f6sung, auf die Sie gewartet haben. Kontaktieren Sie uns noch heute, um die transformative Kraft von Pr\u00e4zision und Effizienz zu erleben.<\/p>","protected":false},"excerpt":{"rendered":"<p>Revolutionieren Sie Ihre industriellen Prozesse mit unserer hochmodernen CCD-Industriekamera, die f\u00fcr mehr Effizienz, Pr\u00e4zision und Produktintegrit\u00e4t konzipiert ist. Diese fortschrittliche L\u00f6sung bietet eine umfassende Palette an Funktionen, mit denen Sie hervorragende Ergebnisse erzielen k\u00f6nnen.<\/p>","protected":false},"featured_media":2235,"comment_status":"open","ping_status":"closed","template":"","meta":[],"product_cat":[58],"product_tag":[],"yoast_head":"<!-- This site is optimized with the Yoast SEO plugin v22.2 - https:\/\/yoast.com\/wordpress\/plugins\/seo\/ -->\n<title>CCD Industrial Camera - SWOER<\/title>\n<meta name=\"description\" content=\"Enhance your industrial automation with our high-performance CCD Industrial Camera, featuring exceptional speed, accuracy,\" \/>\n<meta name=\"robots\" content=\"index, follow, max-snippet:-1, max-image-preview:large, max-video-preview:-1\" \/>\n<link rel=\"canonical\" href=\"https:\/\/swoer.com\/de\/manufacturer\/ccd-industrial-camera\/\" \/>\n<meta property=\"og:locale\" content=\"de_DE\" \/>\n<meta property=\"og:type\" content=\"article\" \/>\n<meta property=\"og:title\" content=\"CCD Industrial Camera - SWOER\" \/>\n<meta property=\"og:description\" content=\"Enhance your industrial automation with our high-performance CCD Industrial Camera, featuring exceptional speed, accuracy,\" \/>\n<meta property=\"og:url\" content=\"https:\/\/swoer.com\/de\/manufacturer\/ccd-industrial-camera\/\" \/>\n<meta property=\"og:site_name\" content=\"SWOER\" \/>\n<meta property=\"article:modified_time\" content=\"2024-06-17T07:21:29+00:00\" \/>\n<meta property=\"og:image\" content=\"https:\/\/swoer.com\/wp-content\/uploads\/2024\/06\/CCD-Industrial-Camera.jpg\" \/>\n\t<meta property=\"og:image:width\" content=\"1000\" \/>\n\t<meta property=\"og:image:height\" content=\"1000\" \/>\n\t<meta property=\"og:image:type\" content=\"image\/jpeg\" \/>\n<meta name=\"twitter:card\" content=\"summary_large_image\" \/>\n<meta name=\"twitter:label1\" content=\"Gesch\u00e4tzte Lesezeit\" \/>\n\t<meta name=\"twitter:data1\" content=\"2\u00a0Minuten\" \/>\n<script type=\"application\/ld+json\" class=\"yoast-schema-graph\">{\"@context\":\"https:\/\/schema.org\",\"@graph\":[{\"@type\":\"WebPage\",\"@id\":\"https:\/\/swoer.com\/manufacturer\/ccd-industrial-camera\/\",\"url\":\"https:\/\/swoer.com\/manufacturer\/ccd-industrial-camera\/\",\"name\":\"CCD Industrial Camera - SWOER\",\"isPartOf\":{\"@id\":\"https:\/\/swoer.com\/#website\"},\"primaryImageOfPage\":{\"@id\":\"https:\/\/swoer.com\/manufacturer\/ccd-industrial-camera\/#primaryimage\"},\"image\":{\"@id\":\"https:\/\/swoer.com\/manufacturer\/ccd-industrial-camera\/#primaryimage\"},\"thumbnailUrl\":\"https:\/\/swoer.com\/wp-content\/uploads\/2024\/06\/CCD-Industrial-Camera.jpg\",\"datePublished\":\"2024-06-17T07:11:21+00:00\",\"dateModified\":\"2024-06-17T07:21:29+00:00\",\"description\":\"Enhance your industrial automation with our high-performance CCD Industrial Camera, featuring exceptional speed, accuracy,\",\"breadcrumb\":{\"@id\":\"https:\/\/swoer.com\/manufacturer\/ccd-industrial-camera\/#breadcrumb\"},\"inLanguage\":\"de\",\"potentialAction\":[{\"@type\":\"ReadAction\",\"target\":[\"https:\/\/swoer.com\/manufacturer\/ccd-industrial-camera\/\"]}]},{\"@type\":\"ImageObject\",\"inLanguage\":\"de\",\"@id\":\"https:\/\/swoer.com\/manufacturer\/ccd-industrial-camera\/#primaryimage\",\"url\":\"https:\/\/swoer.com\/wp-content\/uploads\/2024\/06\/CCD-Industrial-Camera.jpg\",\"contentUrl\":\"https:\/\/swoer.com\/wp-content\/uploads\/2024\/06\/CCD-Industrial-Camera.jpg\",\"width\":1000,\"height\":1000,\"caption\":\"CCD Industrial Camera\"},{\"@type\":\"BreadcrumbList\",\"@id\":\"https:\/\/swoer.com\/manufacturer\/ccd-industrial-camera\/#breadcrumb\",\"itemListElement\":[{\"@type\":\"ListItem\",\"position\":1,\"name\":\"Home\",\"item\":\"https:\/\/swoer.com\/\"},{\"@type\":\"ListItem\",\"position\":2,\"name\":\"Shop\",\"item\":\"https:\/\/swoer.com\/shop\/\"},{\"@type\":\"ListItem\",\"position\":3,\"name\":\"CCD Industrial Camera\"}]},{\"@type\":\"WebSite\",\"@id\":\"https:\/\/swoer.com\/#website\",\"url\":\"https:\/\/swoer.com\/\",\"name\":\"SWOER\",\"description\":\"Swoer is the top 3 vibratory bowl feeder manufacturer in China\",\"potentialAction\":[{\"@type\":\"SearchAction\",\"target\":{\"@type\":\"EntryPoint\",\"urlTemplate\":\"https:\/\/swoer.com\/?s={search_term_string}\"},\"query-input\":\"required name=search_term_string\"}],\"inLanguage\":\"de\"}]}<\/script>\n<!-- \/ Yoast SEO plugin. -->","yoast_head_json":{"title":"CCD Industrial Camera - SWOER","description":"Enhance your industrial automation with our high-performance CCD Industrial Camera, featuring exceptional speed, accuracy,","robots":{"index":"index","follow":"follow","max-snippet":"max-snippet:-1","max-image-preview":"max-image-preview:large","max-video-preview":"max-video-preview:-1"},"canonical":"https:\/\/swoer.com\/de\/manufacturer\/ccd-industrial-camera\/","og_locale":"de_DE","og_type":"article","og_title":"CCD Industrial Camera - SWOER","og_description":"Enhance your industrial automation with our high-performance CCD Industrial Camera, featuring exceptional speed, accuracy,","og_url":"https:\/\/swoer.com\/de\/manufacturer\/ccd-industrial-camera\/","og_site_name":"SWOER","article_modified_time":"2024-06-17T07:21:29+00:00","og_image":[{"width":1000,"height":1000,"url":"https:\/\/swoer.com\/wp-content\/uploads\/2024\/06\/CCD-Industrial-Camera.jpg","type":"image\/jpeg"}],"twitter_card":"summary_large_image","twitter_misc":{"Gesch\u00e4tzte Lesezeit":"2\u00a0Minuten"},"schema":{"@context":"https:\/\/schema.org","@graph":[{"@type":"WebPage","@id":"https:\/\/swoer.com\/manufacturer\/ccd-industrial-camera\/","url":"https:\/\/swoer.com\/manufacturer\/ccd-industrial-camera\/","name":"CCD Industrial Camera - SWOER","isPartOf":{"@id":"https:\/\/swoer.com\/#website"},"primaryImageOfPage":{"@id":"https:\/\/swoer.com\/manufacturer\/ccd-industrial-camera\/#primaryimage"},"image":{"@id":"https:\/\/swoer.com\/manufacturer\/ccd-industrial-camera\/#primaryimage"},"thumbnailUrl":"https:\/\/swoer.com\/wp-content\/uploads\/2024\/06\/CCD-Industrial-Camera.jpg","datePublished":"2024-06-17T07:11:21+00:00","dateModified":"2024-06-17T07:21:29+00:00","description":"Enhance your industrial automation with our high-performance CCD Industrial Camera, featuring exceptional speed, accuracy,","breadcrumb":{"@id":"https:\/\/swoer.com\/manufacturer\/ccd-industrial-camera\/#breadcrumb"},"inLanguage":"de","potentialAction":[{"@type":"ReadAction","target":["https:\/\/swoer.com\/manufacturer\/ccd-industrial-camera\/"]}]},{"@type":"ImageObject","inLanguage":"de","@id":"https:\/\/swoer.com\/manufacturer\/ccd-industrial-camera\/#primaryimage","url":"https:\/\/swoer.com\/wp-content\/uploads\/2024\/06\/CCD-Industrial-Camera.jpg","contentUrl":"https:\/\/swoer.com\/wp-content\/uploads\/2024\/06\/CCD-Industrial-Camera.jpg","width":1000,"height":1000,"caption":"CCD Industrial Camera"},{"@type":"BreadcrumbList","@id":"https:\/\/swoer.com\/manufacturer\/ccd-industrial-camera\/#breadcrumb","itemListElement":[{"@type":"ListItem","position":1,"name":"Home","item":"https:\/\/swoer.com\/"},{"@type":"ListItem","position":2,"name":"Shop","item":"https:\/\/swoer.com\/shop\/"},{"@type":"ListItem","position":3,"name":"CCD Industrial Camera"}]},{"@type":"WebSite","@id":"https:\/\/swoer.com\/#website","url":"https:\/\/swoer.com\/","name":"SWOER","description":"Swoer is the top 3 vibratory bowl feeder manufacturer in China","potentialAction":[{"@type":"SearchAction","target":{"@type":"EntryPoint","urlTemplate":"https:\/\/swoer.com\/?s={search_term_string}"},"query-input":"required name=search_term_string"}],"inLanguage":"de"}]}},"_links":{"self":[{"href":"https:\/\/swoer.com\/de\/wp-json\/wp\/v2\/product\/2234"}],"collection":[{"href":"https:\/\/swoer.com\/de\/wp-json\/wp\/v2\/product"}],"about":[{"href":"https:\/\/swoer.com\/de\/wp-json\/wp\/v2\/types\/product"}],"replies":[{"embeddable":true,"href":"https:\/\/swoer.com\/de\/wp-json\/wp\/v2\/comments?post=2234"}],"wp:featuredmedia":[{"embeddable":true,"href":"https:\/\/swoer.com\/de\/wp-json\/wp\/v2\/media\/2235"}],"wp:attachment":[{"href":"https:\/\/swoer.com\/de\/wp-json\/wp\/v2\/media?parent=2234"}],"wp:term":[{"taxonomy":"product_cat","embeddable":true,"href":"https:\/\/swoer.com\/de\/wp-json\/wp\/v2\/product_cat?post=2234"},{"taxonomy":"product_tag","embeddable":true,"href":"https:\/\/swoer.com\/de\/wp-json\/wp\/v2\/product_tag?post=2234"}],"curies":[{"name":"wp","href":"https:\/\/api.w.org\/{rel}","templated":true}]}}