{"id":2225,"date":"2024-06-17T06:16:07","date_gmt":"2024-06-17T06:16:07","guid":{"rendered":"https:\/\/swoer.com\/?post_type=product&#038;p=2225"},"modified":"2024-06-17T07:18:41","modified_gmt":"2024-06-17T07:18:41","slug":"ccd-camera-system","status":"publish","type":"product","link":"https:\/\/swoer.com\/de\/manufacturer\/ccd-camera-system\/","title":{"rendered":"CCD-Kamerasystem"},"content":{"rendered":"<h2><strong><b>Produkt <\/b><\/strong><strong><b>ICH<\/b><\/strong><strong><b>Informationen<\/b><\/strong><\/h2>\n<table>\n<tbody>\n<tr>\n<td width=\"224\"><strong><b>\u00a0Produktname<\/b><\/strong><\/td>\n<td width=\"377\">CCD-Kamerasystem<\/td>\n<\/tr>\n<tr>\n<td width=\"224\"><strong><b>\u00a0M<\/b><\/strong><strong><b>Modell<\/b><\/strong><\/td>\n<td width=\"377\">SW-80301<\/td>\n<\/tr>\n<tr>\n<td width=\"224\"><strong><b>\u00a0<\/b><\/strong><strong><b>Marke<\/b><\/strong><\/td>\n<td width=\"377\">SCHW\u00d6REN<\/td>\n<\/tr>\n<tr>\n<td width=\"224\"><strong><b>\u00a0Stromspannung<\/b><\/strong><\/td>\n<td width=\"377\">\u00a0220 V<\/td>\n<\/tr>\n<tr>\n<td width=\"224\"><strong><b>\u00a0Leistung<\/b><\/strong><\/td>\n<td width=\"377\">\u00a065 W \/ 150 W \/ 180 W \/ 220 W \/ 350 W<\/td>\n<\/tr>\n<tr>\n<td width=\"224\"><strong><b>\u00a0Authentifizierung<\/b><\/strong><\/td>\n<td width=\"377\">\u00a0CE, ROHS, ISO9001<\/td>\n<\/tr>\n<tr>\n<td width=\"224\"><strong><b>\u00a0Garantie<\/b><\/strong><\/td>\n<td width=\"377\">\u00a01 Jahr Garantie<\/td>\n<\/tr>\n<tr>\n<td width=\"224\"><strong><b>\u00a0Mindestbestellmenge<\/b><\/strong><\/td>\n<td width=\"377\">\u00a01 Satz<\/td>\n<\/tr>\n<tr>\n<td width=\"224\"><strong><b>\u00a0Vorlaufzeit<\/b><\/strong><\/td>\n<td width=\"377\">\u00a010-14 Tage<\/td>\n<\/tr>\n<tr>\n<td width=\"224\"><strong><b>\u00a0Zahlungsfrist<\/b><\/strong><\/td>\n<td width=\"377\">\u00a0T\/T 40% Anzahlung und Restbetrag vor dem Versand<\/td>\n<\/tr>\n<tr>\n<td width=\"224\"><strong><b>\u00a0Original des Ortes<\/b><\/strong><\/td>\n<td width=\"377\">\u00a0China<\/td>\n<\/tr>\n<\/tbody>\n<\/table>\n\t<div id=\"gap-41581589\" class=\"gap-element clearfix\" style=\"display:block; height:auto;\">\n\t\t\n<style>\n#gap-41581589 {\n  padding-top: 30px;\n}\n<\/style>\n\t<\/div>\n\t\n<div class=\"row\"  id=\"row-1482982916\">\n\n\t<div id=\"col-173656709\" class=\"col medium-6 small-12 large-6\"  >\n\t\t\t\t<div class=\"col-inner\"  >\n\t\t\t\n\t\t\t\n<h3><strong><b>Produktliste<\/b><\/strong><\/h3>\n<table>\n<tbody>\n<tr>\n<td width=\"276\"><strong><b>Industrie-Computer<\/b><\/strong><\/td>\n<td width=\"276\">1 Satz<\/td>\n<\/tr>\n<tr>\n<td width=\"276\"><strong><b>8-Zoll-Display<\/b><\/strong><\/td>\n<td width=\"276\">1 Satz<\/td>\n<\/tr>\n<tr>\n<td width=\"276\"><strong><b>C<\/b><\/strong><strong><b>amera<\/b><\/strong><\/td>\n<td width=\"276\">1 Satz<\/td>\n<\/tr>\n<tr>\n<td width=\"276\"><strong><b>Linse<\/b><\/strong><\/td>\n<td width=\"276\">1 Satz<\/td>\n<\/tr>\n<tr>\n<td width=\"276\"><strong><b>M<\/b><\/strong><strong><b>Lichtquelle<\/b><\/strong><\/td>\n<td width=\"276\">1 Satz<\/td>\n<\/tr>\n<tr>\n<td width=\"276\"><strong><b>Befestigungshalterung f\u00fcr die Kameralichtquelle<\/b><\/strong><\/td>\n<td width=\"276\">1 Satz<\/td>\n<\/tr>\n<\/tbody>\n<\/table>\n\t\t<\/div>\n\t\t\t\t\t<\/div>\n\n\t\n\n\t<div id=\"col-608461789\" class=\"col medium-6 small-12 large-6\"  >\n\t\t\t\t<div class=\"col-inner\"  >\n\t\t\t\n\t\t\t\n\t<div class=\"img has-hover x md-x lg-x y md-y lg-y\" id=\"image_101811903\">\n\t\t\t\t\t\t\t\t<div class=\"img-inner dark\" >\n\t\t\t<img loading=\"lazy\" decoding=\"async\" width=\"1000\" height=\"1000\" src=\"https:\/\/swoer.com\/wp-content\/uploads\/2024\/06\/ccd-camera-system-.jpg\" class=\"attachment-original size-original\" alt=\"CCD-Kamerasystem\" srcset=\"https:\/\/swoer.com\/wp-content\/uploads\/2024\/06\/ccd-camera-system-.jpg 1000w, https:\/\/swoer.com\/wp-content\/uploads\/2024\/06\/ccd-camera-system--300x300.jpg 300w, https:\/\/swoer.com\/wp-content\/uploads\/2024\/06\/ccd-camera-system--150x150.jpg 150w, https:\/\/swoer.com\/wp-content\/uploads\/2024\/06\/ccd-camera-system--768x768.jpg 768w, https:\/\/swoer.com\/wp-content\/uploads\/2024\/06\/ccd-camera-system--12x12.jpg 12w, https:\/\/swoer.com\/wp-content\/uploads\/2024\/06\/ccd-camera-system--600x600.jpg 600w, https:\/\/swoer.com\/wp-content\/uploads\/2024\/06\/ccd-camera-system--100x100.jpg 100w\" sizes=\"(max-width: 1000px) 100vw, 1000px\" \/>\t\t\t\t\t\t\n\t\t\t\t\t<\/div>\n\t\t\t\t\t\t\t\t\n<style>\n#image_101811903 {\n  width: 59%;\n}\n<\/style>\n\t<\/div>\n\t\n\t\t<\/div>\n\t\t\t\t\t<\/div>\n\n\t\n<\/div>\n\t<div id=\"gap-1863606271\" class=\"gap-element clearfix\" style=\"display:block; height:auto;\">\n\t\t\n<style>\n#gap-1863606271 {\n  padding-top: 30px;\n}\n<\/style>\n\t<\/div>\n\t\n<h3 style=\"text-align: left;\"><strong><b>Bild eines CCD-Bildverarbeitungssystems f\u00fcr Vibrationsmaschinen <\/b><\/strong><strong><b>Sch\u00fcssel <\/b><\/strong><strong><b>Zuf\u00fchrung <\/b><\/strong><\/h3>\n\t<div class=\"img has-hover x md-x lg-x y md-y lg-y\" id=\"image_1117892573\">\n\t\t\t\t\t\t\t\t<div class=\"img-inner image-cover dark\" style=\"padding-top:56.25%;\">\n\t\t\t<img loading=\"lazy\" decoding=\"async\" width=\"356\" height=\"335\" src=\"https:\/\/swoer.com\/wp-content\/uploads\/2024\/06\/Image-of-CCD-vision-system-applied-to-vibrating-bowl-feeder-.jpg\" class=\"attachment-original size-original\" alt=\"Bild eines CCD-Bildverarbeitungssystems, das auf einen Vibrationsf\u00f6rderer angewendet wird\" srcset=\"https:\/\/swoer.com\/wp-content\/uploads\/2024\/06\/Image-of-CCD-vision-system-applied-to-vibrating-bowl-feeder-.jpg 356w, https:\/\/swoer.com\/wp-content\/uploads\/2024\/06\/Image-of-CCD-vision-system-applied-to-vibrating-bowl-feeder--300x282.jpg 300w, https:\/\/swoer.com\/wp-content\/uploads\/2024\/06\/Image-of-CCD-vision-system-applied-to-vibrating-bowl-feeder--13x12.jpg 13w\" sizes=\"(max-width: 356px) 100vw, 356px\" \/>\t\t\t\t\t\t\n\t\t\t\t\t<\/div>\n\t\t\t\t\t\t\t\t\n<style>\n#image_1117892573 {\n  width: 57%;\n}\n<\/style>\n\t<\/div>\n\t\n\t<div id=\"gap-664248891\" class=\"gap-element clearfix\" style=\"display:block; height:auto;\">\n\t\t\n<style>\n#gap-664248891 {\n  padding-top: 30px;\n}\n<\/style>\n\t<\/div>\n\t\n<h3 data-sourcepos=\"11:1-11:17\"><strong>Hauptmerkmale:<\/strong><\/h3>\n<ul data-sourcepos=\"13:1-13:64\">\n<li data-sourcepos=\"13:1-13:64\">\n<p data-sourcepos=\"13:3-13:92\"><strong>Interner Ausl\u00f6semechanismus:<\/strong> Erm\u00f6glicht pr\u00e4zises Ausl\u00f6sen f\u00fcr die synchronisierte Bilderfassung.<\/p>\n<\/li>\n<li data-sourcepos=\"15:1-16:0\">\n<p data-sourcepos=\"15:3-15:121\"><strong>Mehrspurige Identifikation:<\/strong> Identifiziert und verfolgt bis zu 4 Objekte gleichzeitig und maximiert so den Inspektionsdurchsatz.<\/p>\n<\/li>\n<li data-sourcepos=\"17:1-18:0\">\n<p data-sourcepos=\"17:3-17:116\"><strong>Blitzschnelle Erkennungsgeschwindigkeit:<\/strong> Verarbeitet 300 Teile pro Minute und h\u00e4lt mit anspruchsvollen Produktionslinien Schritt.<\/p>\n<\/li>\n<li data-sourcepos=\"19:1-20:0\">\n<p data-sourcepos=\"19:3-19:137\"><strong>Au\u00dfergew\u00f6hnliche Erkennungsgenauigkeit:<\/strong> Erreicht eine Erkennungsrate von 99,99%, minimiert Fehlalarme und gew\u00e4hrleistet die Produktintegrit\u00e4t.<\/p>\n<\/li>\n<li data-sourcepos=\"21:1-21:85\">\n<p data-sourcepos=\"21:3-21:85\"><strong>Vernachl\u00e4ssigbares umgekehrtes Materialverh\u00e4ltnis:<\/strong> H\u00e4lt ein umgekehrtes Materialverh\u00e4ltnis von unter 0,0001% aufrecht, wodurch Abfall reduziert und die Ressourcennutzung optimiert wird.<\/p>\n<\/li>\n<li data-sourcepos=\"23:1-24:0\">\n<p data-sourcepos=\"23:3-23:104\"><strong>Fernunterst\u00fctzungsfunktion:<\/strong> Bietet Echtzeit-Remote-Support f\u00fcr Fehlerbehebung und Wartung.<\/p>\n<\/li>\n<li data-sourcepos=\"25:1-26:0\">\n<p data-sourcepos=\"25:3-25:118\"><strong>Produktwechsel mit einem Klick:<\/strong> Wechseln Sie m\u00fchelos mit nur einem Klick zwischen verschiedenen Produktinspektionsaufgaben.<\/p>\n<\/li>\n<li data-sourcepos=\"27:1-28:0\">\n<p data-sourcepos=\"27:3-27:111\"><strong>Plug-and-Play-Installation:<\/strong> Macht komplexes Debugging \u00fcberfl\u00fcssig und gew\u00e4hrleistet einen reibungslosen Einrichtungsprozess.<\/p>\n<\/li>\n<\/ul>\n<p data-sourcepos=\"29:1-29:121\">Unser CCD-Kamerasystem l\u00e4sst sich nahtlos in Ihre vorhandenen Produktionslinien integrieren und erm\u00f6glicht Ihnen Folgendes:<\/p>\n<ul data-sourcepos=\"31:1-36:0\">\n<li data-sourcepos=\"31:1-32:0\">\n<p data-sourcepos=\"31:3-31:124\"><strong>Verbesserte Produktqualit\u00e4t:<\/strong> Erkennen und beseitigen Sie Defekte mit au\u00dfergew\u00f6hnlicher Genauigkeit und gew\u00e4hrleisten Sie so eine gleichbleibende Produktqualit\u00e4t.<\/p>\n<\/li>\n<li data-sourcepos=\"33:1-34:0\">\n<p data-sourcepos=\"33:3-33:129\"><strong>Erh\u00f6hte Produktionseffizienz:<\/strong> Optimieren Sie Inspektionsprozesse, minimieren Sie Ausfallzeiten und steigern Sie so die Gesamtproduktionsleistung.<\/p>\n<\/li>\n<li data-sourcepos=\"35:1-36:0\">\n<p data-sourcepos=\"35:3-35:115\"><strong>Reduzierte Betriebskosten:<\/strong> Minimieren Sie Abfall und Nacharbeit, senken Sie die Produktionskosten und maximieren Sie die Rentabilit\u00e4t.<\/p>\n<\/li>\n<\/ul>\n<p data-sourcepos=\"37:1-37:257\">Wenn Sie Ihre Produktinspektionsf\u00e4higkeiten verbessern und Ihre Qualit\u00e4tskontrollprozesse revolutionieren m\u00f6chten, ist unser CCD-Kamerasystem die L\u00f6sung, auf die Sie gewartet haben. Kontaktieren Sie uns noch heute, um die transformative Kraft von Pr\u00e4zision und Effizienz zu erleben.<\/p>\n<p data-sourcepos=\"51:1-51:155\">","protected":false},"excerpt":{"rendered":"<p>Verbessern Sie Ihre Produktinspektions- und Qualit\u00e4tskontrollprozesse mit unserem hochmodernen CCD-Kamerasystem. Diese fortschrittliche L\u00f6sung verf\u00fcgt \u00fcber einen robusten Funktionsumfang, der Abl\u00e4ufe rationalisiert und beispiellose Pr\u00e4zision gew\u00e4hrleistet.<\/p>","protected":false},"featured_media":2226,"comment_status":"open","ping_status":"closed","template":"","meta":[],"product_cat":[58],"product_tag":[],"yoast_head":"<!-- This site is optimized with the Yoast SEO plugin v22.2 - https:\/\/yoast.com\/wordpress\/plugins\/seo\/ -->\n<title>CCD Camera System - SWOER<\/title>\n<meta name=\"description\" content=\"Revolutionize your production line with our CCD camera system, featuring high-speed recognition, exceptional accuracy, and seamless integration for enhanced quality control and efficiency.\" \/>\n<meta name=\"robots\" content=\"index, follow, max-snippet:-1, max-image-preview:large, max-video-preview:-1\" \/>\n<link rel=\"canonical\" href=\"https:\/\/swoer.com\/de\/manufacturer\/ccd-camera-system\/\" \/>\n<meta property=\"og:locale\" content=\"de_DE\" \/>\n<meta property=\"og:type\" content=\"article\" \/>\n<meta property=\"og:title\" content=\"CCD Camera System - SWOER\" \/>\n<meta property=\"og:description\" content=\"Revolutionize your production line with our CCD camera system, featuring high-speed recognition, exceptional accuracy, and seamless integration for enhanced quality control and efficiency.\" \/>\n<meta property=\"og:url\" content=\"https:\/\/swoer.com\/de\/manufacturer\/ccd-camera-system\/\" \/>\n<meta property=\"og:site_name\" content=\"SWOER\" \/>\n<meta property=\"article:modified_time\" content=\"2024-06-17T07:18:41+00:00\" \/>\n<meta property=\"og:image\" content=\"https:\/\/swoer.com\/wp-content\/uploads\/2024\/06\/ccd-camera-system-.jpg\" \/>\n\t<meta property=\"og:image:width\" content=\"1000\" \/>\n\t<meta property=\"og:image:height\" content=\"1000\" \/>\n\t<meta property=\"og:image:type\" content=\"image\/jpeg\" \/>\n<meta name=\"twitter:card\" content=\"summary_large_image\" \/>\n<meta name=\"twitter:label1\" content=\"Gesch\u00e4tzte Lesezeit\" \/>\n\t<meta name=\"twitter:data1\" content=\"2\u00a0Minuten\" \/>\n<script type=\"application\/ld+json\" class=\"yoast-schema-graph\">{\"@context\":\"https:\/\/schema.org\",\"@graph\":[{\"@type\":\"WebPage\",\"@id\":\"https:\/\/swoer.com\/manufacturer\/ccd-camera-system\/\",\"url\":\"https:\/\/swoer.com\/manufacturer\/ccd-camera-system\/\",\"name\":\"CCD Camera System - SWOER\",\"isPartOf\":{\"@id\":\"https:\/\/swoer.com\/#website\"},\"primaryImageOfPage\":{\"@id\":\"https:\/\/swoer.com\/manufacturer\/ccd-camera-system\/#primaryimage\"},\"image\":{\"@id\":\"https:\/\/swoer.com\/manufacturer\/ccd-camera-system\/#primaryimage\"},\"thumbnailUrl\":\"https:\/\/swoer.com\/wp-content\/uploads\/2024\/06\/ccd-camera-system-.jpg\",\"datePublished\":\"2024-06-17T06:16:07+00:00\",\"dateModified\":\"2024-06-17T07:18:41+00:00\",\"description\":\"Revolutionize your production line with our CCD camera system, featuring high-speed recognition, exceptional accuracy, and seamless integration for enhanced quality control and efficiency.\",\"breadcrumb\":{\"@id\":\"https:\/\/swoer.com\/manufacturer\/ccd-camera-system\/#breadcrumb\"},\"inLanguage\":\"de\",\"potentialAction\":[{\"@type\":\"ReadAction\",\"target\":[\"https:\/\/swoer.com\/manufacturer\/ccd-camera-system\/\"]}]},{\"@type\":\"ImageObject\",\"inLanguage\":\"de\",\"@id\":\"https:\/\/swoer.com\/manufacturer\/ccd-camera-system\/#primaryimage\",\"url\":\"https:\/\/swoer.com\/wp-content\/uploads\/2024\/06\/ccd-camera-system-.jpg\",\"contentUrl\":\"https:\/\/swoer.com\/wp-content\/uploads\/2024\/06\/ccd-camera-system-.jpg\",\"width\":1000,\"height\":1000,\"caption\":\"ccd camera system\"},{\"@type\":\"BreadcrumbList\",\"@id\":\"https:\/\/swoer.com\/manufacturer\/ccd-camera-system\/#breadcrumb\",\"itemListElement\":[{\"@type\":\"ListItem\",\"position\":1,\"name\":\"Home\",\"item\":\"https:\/\/swoer.com\/\"},{\"@type\":\"ListItem\",\"position\":2,\"name\":\"Shop\",\"item\":\"https:\/\/swoer.com\/shop\/\"},{\"@type\":\"ListItem\",\"position\":3,\"name\":\"CCD Camera System\"}]},{\"@type\":\"WebSite\",\"@id\":\"https:\/\/swoer.com\/#website\",\"url\":\"https:\/\/swoer.com\/\",\"name\":\"SWOER\",\"description\":\"Swoer is the top 3 vibratory bowl feeder manufacturer in China\",\"potentialAction\":[{\"@type\":\"SearchAction\",\"target\":{\"@type\":\"EntryPoint\",\"urlTemplate\":\"https:\/\/swoer.com\/?s={search_term_string}\"},\"query-input\":\"required name=search_term_string\"}],\"inLanguage\":\"de\"}]}<\/script>\n<!-- \/ Yoast SEO plugin. -->","yoast_head_json":{"title":"CCD Camera System - SWOER","description":"Revolutionize your production line with our CCD camera system, featuring high-speed recognition, exceptional accuracy, and seamless integration for enhanced quality control and efficiency.","robots":{"index":"index","follow":"follow","max-snippet":"max-snippet:-1","max-image-preview":"max-image-preview:large","max-video-preview":"max-video-preview:-1"},"canonical":"https:\/\/swoer.com\/de\/manufacturer\/ccd-camera-system\/","og_locale":"de_DE","og_type":"article","og_title":"CCD Camera System - SWOER","og_description":"Revolutionize your production line with our CCD camera system, featuring high-speed recognition, exceptional accuracy, and seamless integration for enhanced quality control and efficiency.","og_url":"https:\/\/swoer.com\/de\/manufacturer\/ccd-camera-system\/","og_site_name":"SWOER","article_modified_time":"2024-06-17T07:18:41+00:00","og_image":[{"width":1000,"height":1000,"url":"https:\/\/swoer.com\/wp-content\/uploads\/2024\/06\/ccd-camera-system-.jpg","type":"image\/jpeg"}],"twitter_card":"summary_large_image","twitter_misc":{"Gesch\u00e4tzte Lesezeit":"2\u00a0Minuten"},"schema":{"@context":"https:\/\/schema.org","@graph":[{"@type":"WebPage","@id":"https:\/\/swoer.com\/manufacturer\/ccd-camera-system\/","url":"https:\/\/swoer.com\/manufacturer\/ccd-camera-system\/","name":"CCD Camera System - SWOER","isPartOf":{"@id":"https:\/\/swoer.com\/#website"},"primaryImageOfPage":{"@id":"https:\/\/swoer.com\/manufacturer\/ccd-camera-system\/#primaryimage"},"image":{"@id":"https:\/\/swoer.com\/manufacturer\/ccd-camera-system\/#primaryimage"},"thumbnailUrl":"https:\/\/swoer.com\/wp-content\/uploads\/2024\/06\/ccd-camera-system-.jpg","datePublished":"2024-06-17T06:16:07+00:00","dateModified":"2024-06-17T07:18:41+00:00","description":"Revolutionize your production line with our CCD camera system, featuring high-speed recognition, exceptional accuracy, and seamless integration for enhanced quality control and efficiency.","breadcrumb":{"@id":"https:\/\/swoer.com\/manufacturer\/ccd-camera-system\/#breadcrumb"},"inLanguage":"de","potentialAction":[{"@type":"ReadAction","target":["https:\/\/swoer.com\/manufacturer\/ccd-camera-system\/"]}]},{"@type":"ImageObject","inLanguage":"de","@id":"https:\/\/swoer.com\/manufacturer\/ccd-camera-system\/#primaryimage","url":"https:\/\/swoer.com\/wp-content\/uploads\/2024\/06\/ccd-camera-system-.jpg","contentUrl":"https:\/\/swoer.com\/wp-content\/uploads\/2024\/06\/ccd-camera-system-.jpg","width":1000,"height":1000,"caption":"ccd camera system"},{"@type":"BreadcrumbList","@id":"https:\/\/swoer.com\/manufacturer\/ccd-camera-system\/#breadcrumb","itemListElement":[{"@type":"ListItem","position":1,"name":"Home","item":"https:\/\/swoer.com\/"},{"@type":"ListItem","position":2,"name":"Shop","item":"https:\/\/swoer.com\/shop\/"},{"@type":"ListItem","position":3,"name":"CCD Camera System"}]},{"@type":"WebSite","@id":"https:\/\/swoer.com\/#website","url":"https:\/\/swoer.com\/","name":"SWOER","description":"Swoer is the top 3 vibratory bowl feeder manufacturer in China","potentialAction":[{"@type":"SearchAction","target":{"@type":"EntryPoint","urlTemplate":"https:\/\/swoer.com\/?s={search_term_string}"},"query-input":"required name=search_term_string"}],"inLanguage":"de"}]}},"_links":{"self":[{"href":"https:\/\/swoer.com\/de\/wp-json\/wp\/v2\/product\/2225"}],"collection":[{"href":"https:\/\/swoer.com\/de\/wp-json\/wp\/v2\/product"}],"about":[{"href":"https:\/\/swoer.com\/de\/wp-json\/wp\/v2\/types\/product"}],"replies":[{"embeddable":true,"href":"https:\/\/swoer.com\/de\/wp-json\/wp\/v2\/comments?post=2225"}],"wp:featuredmedia":[{"embeddable":true,"href":"https:\/\/swoer.com\/de\/wp-json\/wp\/v2\/media\/2226"}],"wp:attachment":[{"href":"https:\/\/swoer.com\/de\/wp-json\/wp\/v2\/media?parent=2225"}],"wp:term":[{"taxonomy":"product_cat","embeddable":true,"href":"https:\/\/swoer.com\/de\/wp-json\/wp\/v2\/product_cat?post=2225"},{"taxonomy":"product_tag","embeddable":true,"href":"https:\/\/swoer.com\/de\/wp-json\/wp\/v2\/product_tag?post=2225"}],"curies":[{"name":"wp","href":"https:\/\/api.w.org\/{rel}","templated":true}]}}