{"id":2149,"date":"2024-06-03T03:38:26","date_gmt":"2024-06-03T03:38:26","guid":{"rendered":"https:\/\/swoer.com\/?post_type=product&#038;p=2149"},"modified":"2024-08-01T17:22:01","modified_gmt":"2024-08-01T09:22:01","slug":"two-tracks-vibratory-bowl-feeder-with-support-structure","status":"publish","type":"product","link":"https:\/\/swoer.com\/de\/manufacturer\/two-tracks-vibratory-bowl-feeder-with-support-structure\/","title":{"rendered":"Zweispuriger Vibrationswendelf\u00f6rderer mit St\u00fctzstruktur"},"content":{"rendered":"<h2>Die wesentlichen Vorteile der Geh\u00e4use-Vibrationsf\u00f6rderer sind:<\/h2>\n<ul>\n<li>Support-Anpassung<\/li>\n<li>3D-Konstruktionszeichnungen<\/li>\n<li>Mit mehreren Spuren<\/li>\n<li>Mit St\u00fctzstruktur<\/li>\n<\/ul>\n<h2>Spezifikation<\/h2>\n<table width=\"777\">\n<tbody>\n<tr>\n<td width=\"183\">Produktname<\/td>\n<td width=\"594\">Zweispuriger Vibrationswendelf\u00f6rderer f\u00fcr Geh\u00e4use mit St\u00fctzkonstruktion<\/td>\n<\/tr>\n<tr>\n<td>Material<\/td>\n<td>\u00a0SUS201\/304<\/td>\n<\/tr>\n<tr>\n<td>Materialspezialit\u00e4t<\/td>\n<td>Kaltbehandlungsschmiedelegierung, Hohe Festigkeit, Hohe H\u00e4rte<\/td>\n<\/tr>\n<tr>\n<td>Stromspannung<\/td>\n<td>220 V<\/td>\n<\/tr>\n<tr>\n<td>Leistung<\/td>\n<td>65 W \/ 150 W \/ 180 W \/ 220 W \/ 350 W<\/td>\n<\/tr>\n<tr>\n<td>Authentifizierung<\/td>\n<td>CE, ROHS, ISO9001<\/td>\n<\/tr>\n<tr>\n<td>Garantie<\/td>\n<td>1 Jahr Garantie<\/td>\n<\/tr>\n<tr>\n<td>Mindestbestellmenge<\/td>\n<td>1 Satz<\/td>\n<\/tr>\n<tr>\n<td>Vorlaufzeit<\/td>\n<td>10-14 Tage<\/td>\n<\/tr>\n<tr>\n<td>Zahlungsfrist<\/td>\n<td>T\/T 40% Anzahlung und Restbetrag vor dem Versand<\/td>\n<\/tr>\n<tr>\n<td>Original des Ortes<\/td>\n<td>China<\/td>\n<\/tr>\n<\/tbody>\n<\/table>","protected":false},"excerpt":{"rendered":"<p>Hauptvorteile des SWOER Vibrationsf\u00f6rderers:<\/p>\n<p>Support-Anpassung<\/p>\n<p>Bereitstellung von 3D-Konstruktionszeichnungen<\/p>\n<p>Mit mehreren Spuren<\/p>\n<p>Mit St\u00fctzstruktur<\/p>","protected":false},"featured_media":2150,"comment_status":"open","ping_status":"closed","template":"","meta":[],"product_cat":[37],"product_tag":[],"yoast_head":"<!-- This site is optimized with the Yoast SEO plugin v22.2 - https:\/\/yoast.com\/wordpress\/plugins\/seo\/ -->\n<title>Two Tracks Vibratory Bowl Feeder with Support Structure -<\/title>\n<meta name=\"description\" content=\"The main advantages of the vibratory bowl feeder for Housings are support for customization, 3D design drawings, multiple tracks, and support structure.\" \/>\n<meta name=\"robots\" content=\"index, follow, max-snippet:-1, max-image-preview:large, max-video-preview:-1\" \/>\n<link rel=\"canonical\" href=\"https:\/\/swoer.com\/de\/manufacturer\/two-tracks-vibratory-bowl-feeder-with-support-structure\/\" \/>\n<meta property=\"og:locale\" content=\"de_DE\" \/>\n<meta property=\"og:type\" content=\"article\" \/>\n<meta property=\"og:title\" content=\"Two Tracks Vibratory Bowl Feeder with Support Structure -\" \/>\n<meta property=\"og:description\" content=\"The main advantages of the vibratory bowl feeder for Housings are support for customization, 3D design drawings, multiple tracks, and support structure.\" \/>\n<meta property=\"og:url\" content=\"https:\/\/swoer.com\/de\/manufacturer\/two-tracks-vibratory-bowl-feeder-with-support-structure\/\" \/>\n<meta property=\"og:site_name\" content=\"SWOER\" \/>\n<meta property=\"article:modified_time\" content=\"2024-08-01T09:22:01+00:00\" \/>\n<meta property=\"og:image\" content=\"https:\/\/swoer.com\/wp-content\/uploads\/2024\/06\/Vibratory-bowl-feeder-for-housing.webp\" \/>\n\t<meta property=\"og:image:width\" content=\"1000\" \/>\n\t<meta property=\"og:image:height\" content=\"1000\" \/>\n\t<meta property=\"og:image:type\" content=\"image\/webp\" \/>\n<meta name=\"twitter:card\" content=\"summary_large_image\" \/>\n<meta name=\"twitter:label1\" content=\"Gesch\u00e4tzte Lesezeit\" \/>\n\t<meta name=\"twitter:data1\" content=\"1\u00a0Minute\" \/>\n<script type=\"application\/ld+json\" class=\"yoast-schema-graph\">{\"@context\":\"https:\/\/schema.org\",\"@graph\":[{\"@type\":\"WebPage\",\"@id\":\"https:\/\/swoer.com\/manufacturer\/two-tracks-vibratory-bowl-feeder-with-support-structure\/\",\"url\":\"https:\/\/swoer.com\/manufacturer\/two-tracks-vibratory-bowl-feeder-with-support-structure\/\",\"name\":\"Two Tracks Vibratory Bowl Feeder with Support Structure -\",\"isPartOf\":{\"@id\":\"https:\/\/swoer.com\/#website\"},\"primaryImageOfPage\":{\"@id\":\"https:\/\/swoer.com\/manufacturer\/two-tracks-vibratory-bowl-feeder-with-support-structure\/#primaryimage\"},\"image\":{\"@id\":\"https:\/\/swoer.com\/manufacturer\/two-tracks-vibratory-bowl-feeder-with-support-structure\/#primaryimage\"},\"thumbnailUrl\":\"https:\/\/swoer.com\/wp-content\/uploads\/2024\/06\/Vibratory-bowl-feeder-for-housing.webp\",\"datePublished\":\"2024-06-03T03:38:26+00:00\",\"dateModified\":\"2024-08-01T09:22:01+00:00\",\"description\":\"The main advantages of the vibratory bowl feeder for Housings are support for customization, 3D design drawings, multiple tracks, and support structure.\",\"breadcrumb\":{\"@id\":\"https:\/\/swoer.com\/manufacturer\/two-tracks-vibratory-bowl-feeder-with-support-structure\/#breadcrumb\"},\"inLanguage\":\"de\",\"potentialAction\":[{\"@type\":\"ReadAction\",\"target\":[\"https:\/\/swoer.com\/manufacturer\/two-tracks-vibratory-bowl-feeder-with-support-structure\/\"]}]},{\"@type\":\"ImageObject\",\"inLanguage\":\"de\",\"@id\":\"https:\/\/swoer.com\/manufacturer\/two-tracks-vibratory-bowl-feeder-with-support-structure\/#primaryimage\",\"url\":\"https:\/\/swoer.com\/wp-content\/uploads\/2024\/06\/Vibratory-bowl-feeder-for-housing.webp\",\"contentUrl\":\"https:\/\/swoer.com\/wp-content\/uploads\/2024\/06\/Vibratory-bowl-feeder-for-housing.webp\",\"width\":1000,\"height\":1000,\"caption\":\"Vibratory bowl feeder for housing\"},{\"@type\":\"BreadcrumbList\",\"@id\":\"https:\/\/swoer.com\/manufacturer\/two-tracks-vibratory-bowl-feeder-with-support-structure\/#breadcrumb\",\"itemListElement\":[{\"@type\":\"ListItem\",\"position\":1,\"name\":\"Home\",\"item\":\"https:\/\/swoer.com\/\"},{\"@type\":\"ListItem\",\"position\":2,\"name\":\"Shop\",\"item\":\"https:\/\/swoer.com\/shop\/\"},{\"@type\":\"ListItem\",\"position\":3,\"name\":\"Two Tracks Vibratory Bowl Feeder with Support Structure\"}]},{\"@type\":\"WebSite\",\"@id\":\"https:\/\/swoer.com\/#website\",\"url\":\"https:\/\/swoer.com\/\",\"name\":\"SWOER\",\"description\":\"Swoer is the top 3 vibratory bowl feeder manufacturer in China\",\"potentialAction\":[{\"@type\":\"SearchAction\",\"target\":{\"@type\":\"EntryPoint\",\"urlTemplate\":\"https:\/\/swoer.com\/?s={search_term_string}\"},\"query-input\":\"required name=search_term_string\"}],\"inLanguage\":\"de\"}]}<\/script>\n<!-- \/ Yoast SEO plugin. -->","yoast_head_json":{"title":"Two Tracks Vibratory Bowl Feeder with Support Structure -","description":"The main advantages of the vibratory bowl feeder for Housings are support for customization, 3D design drawings, multiple tracks, and support structure.","robots":{"index":"index","follow":"follow","max-snippet":"max-snippet:-1","max-image-preview":"max-image-preview:large","max-video-preview":"max-video-preview:-1"},"canonical":"https:\/\/swoer.com\/de\/manufacturer\/two-tracks-vibratory-bowl-feeder-with-support-structure\/","og_locale":"de_DE","og_type":"article","og_title":"Two Tracks Vibratory Bowl Feeder with Support Structure -","og_description":"The main advantages of the vibratory bowl feeder for Housings are support for customization, 3D design drawings, multiple tracks, and support structure.","og_url":"https:\/\/swoer.com\/de\/manufacturer\/two-tracks-vibratory-bowl-feeder-with-support-structure\/","og_site_name":"SWOER","article_modified_time":"2024-08-01T09:22:01+00:00","og_image":[{"width":1000,"height":1000,"url":"https:\/\/swoer.com\/wp-content\/uploads\/2024\/06\/Vibratory-bowl-feeder-for-housing.webp","type":"image\/webp"}],"twitter_card":"summary_large_image","twitter_misc":{"Gesch\u00e4tzte Lesezeit":"1\u00a0Minute"},"schema":{"@context":"https:\/\/schema.org","@graph":[{"@type":"WebPage","@id":"https:\/\/swoer.com\/manufacturer\/two-tracks-vibratory-bowl-feeder-with-support-structure\/","url":"https:\/\/swoer.com\/manufacturer\/two-tracks-vibratory-bowl-feeder-with-support-structure\/","name":"Two Tracks Vibratory Bowl Feeder with Support Structure -","isPartOf":{"@id":"https:\/\/swoer.com\/#website"},"primaryImageOfPage":{"@id":"https:\/\/swoer.com\/manufacturer\/two-tracks-vibratory-bowl-feeder-with-support-structure\/#primaryimage"},"image":{"@id":"https:\/\/swoer.com\/manufacturer\/two-tracks-vibratory-bowl-feeder-with-support-structure\/#primaryimage"},"thumbnailUrl":"https:\/\/swoer.com\/wp-content\/uploads\/2024\/06\/Vibratory-bowl-feeder-for-housing.webp","datePublished":"2024-06-03T03:38:26+00:00","dateModified":"2024-08-01T09:22:01+00:00","description":"The main advantages of the vibratory bowl feeder for Housings are support for customization, 3D design drawings, multiple tracks, and support structure.","breadcrumb":{"@id":"https:\/\/swoer.com\/manufacturer\/two-tracks-vibratory-bowl-feeder-with-support-structure\/#breadcrumb"},"inLanguage":"de","potentialAction":[{"@type":"ReadAction","target":["https:\/\/swoer.com\/manufacturer\/two-tracks-vibratory-bowl-feeder-with-support-structure\/"]}]},{"@type":"ImageObject","inLanguage":"de","@id":"https:\/\/swoer.com\/manufacturer\/two-tracks-vibratory-bowl-feeder-with-support-structure\/#primaryimage","url":"https:\/\/swoer.com\/wp-content\/uploads\/2024\/06\/Vibratory-bowl-feeder-for-housing.webp","contentUrl":"https:\/\/swoer.com\/wp-content\/uploads\/2024\/06\/Vibratory-bowl-feeder-for-housing.webp","width":1000,"height":1000,"caption":"Vibratory bowl feeder for housing"},{"@type":"BreadcrumbList","@id":"https:\/\/swoer.com\/manufacturer\/two-tracks-vibratory-bowl-feeder-with-support-structure\/#breadcrumb","itemListElement":[{"@type":"ListItem","position":1,"name":"Home","item":"https:\/\/swoer.com\/"},{"@type":"ListItem","position":2,"name":"Shop","item":"https:\/\/swoer.com\/shop\/"},{"@type":"ListItem","position":3,"name":"Two Tracks Vibratory Bowl Feeder with Support Structure"}]},{"@type":"WebSite","@id":"https:\/\/swoer.com\/#website","url":"https:\/\/swoer.com\/","name":"SWOER","description":"Swoer is the top 3 vibratory bowl feeder manufacturer in China","potentialAction":[{"@type":"SearchAction","target":{"@type":"EntryPoint","urlTemplate":"https:\/\/swoer.com\/?s={search_term_string}"},"query-input":"required name=search_term_string"}],"inLanguage":"de"}]}},"_links":{"self":[{"href":"https:\/\/swoer.com\/de\/wp-json\/wp\/v2\/product\/2149"}],"collection":[{"href":"https:\/\/swoer.com\/de\/wp-json\/wp\/v2\/product"}],"about":[{"href":"https:\/\/swoer.com\/de\/wp-json\/wp\/v2\/types\/product"}],"replies":[{"embeddable":true,"href":"https:\/\/swoer.com\/de\/wp-json\/wp\/v2\/comments?post=2149"}],"wp:featuredmedia":[{"embeddable":true,"href":"https:\/\/swoer.com\/de\/wp-json\/wp\/v2\/media\/2150"}],"wp:attachment":[{"href":"https:\/\/swoer.com\/de\/wp-json\/wp\/v2\/media?parent=2149"}],"wp:term":[{"taxonomy":"product_cat","embeddable":true,"href":"https:\/\/swoer.com\/de\/wp-json\/wp\/v2\/product_cat?post=2149"},{"taxonomy":"product_tag","embeddable":true,"href":"https:\/\/swoer.com\/de\/wp-json\/wp\/v2\/product_tag?post=2149"}],"curies":[{"name":"wp","href":"https:\/\/api.w.org\/{rel}","templated":true}]}}