{"id":2063,"date":"2024-05-11T07:32:07","date_gmt":"2024-05-11T07:32:07","guid":{"rendered":"https:\/\/swoer.com\/?post_type=product&#038;p=2063"},"modified":"2024-06-25T01:24:50","modified_gmt":"2024-06-25T01:24:50","slug":"vibratory-linear-feeder-zc-series","status":"publish","type":"product","link":"https:\/\/swoer.com\/de\/manufacturer\/vibratory-linear-feeder-zc-series\/","title":{"rendered":"Vibrations-Linearf\u00f6rderer der ZC-Serie"},"content":{"rendered":"<h2><strong>Merkmale:<\/strong><\/h2>\n<p>Die L\u00e4nge der Produktf\u00f6rderstrecke wird vergr\u00f6\u00dfert und der Antriebswinkel wird durch Anpassen des Amplitudenwinkels schnell und stabil eingestellt, was f\u00fcr den ultralangen Transport kleiner und mittelgro\u00dfer Teile geeignet ist. Folgendes ist besonders zu beachten:<\/p>\n<p><strong>1.<\/strong> Um einen Stromschlag und Unf\u00e4lle zu vermeiden, sollten Sie auf keinen Fall Kabel einstecken oder versuchen, die Kontakte in der Steckdose zu ber\u00fchren.<\/p>\n<p><strong>2.<\/strong> Schlie\u00dfen Sie den Controller niemals an 380V AC an, da sonst der Controller irreparabel besch\u00e4digt wird!<\/p>\n<p><strong>3.<\/strong> Achtung! Unter keinen Umst\u00e4nden darf ein Linearf\u00f6rderer \u00fcber die Grenzen seiner Konstruktion hinaus betrieben werden.<\/p>\n<p><strong>4.<\/strong> Um eine Besch\u00e4digung des Elektromagneten zu vermeiden, d\u00fcrfen Sie keine L\u00f6cher am Linearf\u00f6rderer bohren oder Dr\u00e4hte anzapfen.<\/p>\n<p><strong>5.<\/strong> Bitte befolgen Sie die Anweisungen in der Bedienungsanleitung genau. Das Unternehmen lehnt jede zivil- und strafrechtliche Haftung f\u00fcr Verluste oder Personensch\u00e4den ab, die aus der Nichtbefolgung dieser Anweisungen resultieren.<\/p>\n\t<div id=\"gap-731769282\" class=\"gap-element clearfix\" style=\"display:block; height:auto;\">\n\t\t\n<style>\n#gap-731769282 {\n  padding-top: 30px;\n}\n<\/style>\n\t<\/div>\n\t\n<h3><strong>SW-600ZC<\/strong><\/h3>\n\t<div class=\"img has-hover x md-x lg-x y md-y lg-y\" id=\"image_84937469\">\n\t\t\t\t\t\t\t\t<div class=\"img-inner dark\" >\n\t\t\t<img loading=\"lazy\" decoding=\"async\" width=\"1216\" height=\"634\" src=\"https:\/\/swoer.com\/wp-content\/uploads\/2024\/05\/SW-600ZC.webp\" class=\"attachment-original size-original\" alt=\"SW-600ZC\" srcset=\"https:\/\/swoer.com\/wp-content\/uploads\/2024\/05\/SW-600ZC.webp 1216w, https:\/\/swoer.com\/wp-content\/uploads\/2024\/05\/SW-600ZC-300x156.webp 300w, https:\/\/swoer.com\/wp-content\/uploads\/2024\/05\/SW-600ZC-1024x534.webp 1024w, https:\/\/swoer.com\/wp-content\/uploads\/2024\/05\/SW-600ZC-768x400.webp 768w, https:\/\/swoer.com\/wp-content\/uploads\/2024\/05\/SW-600ZC-18x9.webp 18w, https:\/\/swoer.com\/wp-content\/uploads\/2024\/05\/SW-600ZC-600x313.webp 600w\" sizes=\"(max-width: 1216px) 100vw, 1216px\" \/>\t\t\t\t\t\t\n\t\t\t\t\t<\/div>\n\t\t\t\t\t\t\t\t\n<style>\n#image_84937469 {\n  width: 100%;\n}\n<\/style>\n\t<\/div>\n\t\n<h3><strong>SW-800ZC<\/strong><\/h3>\n\t<div class=\"img has-hover x md-x lg-x y md-y lg-y\" id=\"image_459691004\">\n\t\t\t\t\t\t\t\t<div class=\"img-inner dark\" >\n\t\t\t<img loading=\"lazy\" decoding=\"async\" width=\"1217\" height=\"654\" src=\"https:\/\/swoer.com\/wp-content\/uploads\/2024\/05\/SW-800ZC.webp\" class=\"attachment-original size-original\" alt=\"SW-800ZC\" srcset=\"https:\/\/swoer.com\/wp-content\/uploads\/2024\/05\/SW-800ZC.webp 1217w, https:\/\/swoer.com\/wp-content\/uploads\/2024\/05\/SW-800ZC-300x161.webp 300w, https:\/\/swoer.com\/wp-content\/uploads\/2024\/05\/SW-800ZC-1024x550.webp 1024w, https:\/\/swoer.com\/wp-content\/uploads\/2024\/05\/SW-800ZC-768x413.webp 768w, https:\/\/swoer.com\/wp-content\/uploads\/2024\/05\/SW-800ZC-18x10.webp 18w, https:\/\/swoer.com\/wp-content\/uploads\/2024\/05\/SW-800ZC-600x322.webp 600w\" sizes=\"(max-width: 1217px) 100vw, 1217px\" \/>\t\t\t\t\t\t\n\t\t\t\t\t<\/div>\n\t\t\t\t\t\t\t\t\n<style>\n#image_459691004 {\n  width: 100%;\n}\n<\/style>\n\t<\/div>","protected":false},"excerpt":{"rendered":"<p>Die Vibrationslinearf\u00f6rderer der Serie ZC sind in zwei Modellen erh\u00e4ltlich:<\/p>\n<p>SW-600ZC<\/p>\n<p>SW-600ZC<\/p>","protected":false},"featured_media":2064,"comment_status":"open","ping_status":"closed","template":"","meta":[],"product_cat":[55],"product_tag":[],"yoast_head":"<!-- This site is optimized with the Yoast SEO plugin v22.2 - https:\/\/yoast.com\/wordpress\/plugins\/seo\/ -->\n<title>Vibratory Linear Feeder ZC Series - SWOER<\/title>\n<meta name=\"description\" content=\"The advanced Vibratory Linear Feeder ZC Series offers precise material handling and consistent performance. Ideal for automation and manufacturing processes, it enhances your production efficiency today!\" \/>\n<meta name=\"robots\" content=\"index, follow, max-snippet:-1, max-image-preview:large, max-video-preview:-1\" \/>\n<link rel=\"canonical\" href=\"https:\/\/swoer.com\/de\/manufacturer\/vibratory-linear-feeder-zc-series\/\" \/>\n<meta property=\"og:locale\" content=\"de_DE\" \/>\n<meta property=\"og:type\" content=\"article\" \/>\n<meta property=\"og:title\" content=\"Vibratory Linear Feeder ZC Series - SWOER\" \/>\n<meta property=\"og:description\" content=\"The advanced Vibratory Linear Feeder ZC Series offers precise material handling and consistent performance. Ideal for automation and manufacturing processes, it enhances your production efficiency today!\" \/>\n<meta property=\"og:url\" content=\"https:\/\/swoer.com\/de\/manufacturer\/vibratory-linear-feeder-zc-series\/\" \/>\n<meta property=\"og:site_name\" content=\"SWOER\" \/>\n<meta property=\"article:modified_time\" content=\"2024-06-25T01:24:50+00:00\" \/>\n<meta property=\"og:image\" content=\"https:\/\/swoer.com\/wp-content\/uploads\/2024\/05\/Vibratory-Linear-Feeder-ZC-Series.webp\" \/>\n\t<meta property=\"og:image:width\" content=\"1000\" \/>\n\t<meta property=\"og:image:height\" content=\"1000\" \/>\n\t<meta property=\"og:image:type\" content=\"image\/webp\" \/>\n<meta name=\"twitter:card\" content=\"summary_large_image\" \/>\n<meta name=\"twitter:label1\" content=\"Gesch\u00e4tzte Lesezeit\" \/>\n\t<meta name=\"twitter:data1\" content=\"1\u00a0Minute\" \/>\n<script type=\"application\/ld+json\" class=\"yoast-schema-graph\">{\"@context\":\"https:\/\/schema.org\",\"@graph\":[{\"@type\":\"WebPage\",\"@id\":\"https:\/\/swoer.com\/manufacturer\/vibratory-linear-feeder-zc-series\/\",\"url\":\"https:\/\/swoer.com\/manufacturer\/vibratory-linear-feeder-zc-series\/\",\"name\":\"Vibratory Linear Feeder ZC Series - SWOER\",\"isPartOf\":{\"@id\":\"https:\/\/swoer.com\/#website\"},\"primaryImageOfPage\":{\"@id\":\"https:\/\/swoer.com\/manufacturer\/vibratory-linear-feeder-zc-series\/#primaryimage\"},\"image\":{\"@id\":\"https:\/\/swoer.com\/manufacturer\/vibratory-linear-feeder-zc-series\/#primaryimage\"},\"thumbnailUrl\":\"https:\/\/swoer.com\/wp-content\/uploads\/2024\/05\/Vibratory-Linear-Feeder-ZC-Series.webp\",\"datePublished\":\"2024-05-11T07:32:07+00:00\",\"dateModified\":\"2024-06-25T01:24:50+00:00\",\"description\":\"The advanced Vibratory Linear Feeder ZC Series offers precise material handling and consistent performance. Ideal for automation and manufacturing processes, it enhances your production efficiency today!\",\"breadcrumb\":{\"@id\":\"https:\/\/swoer.com\/manufacturer\/vibratory-linear-feeder-zc-series\/#breadcrumb\"},\"inLanguage\":\"de\",\"potentialAction\":[{\"@type\":\"ReadAction\",\"target\":[\"https:\/\/swoer.com\/manufacturer\/vibratory-linear-feeder-zc-series\/\"]}]},{\"@type\":\"ImageObject\",\"inLanguage\":\"de\",\"@id\":\"https:\/\/swoer.com\/manufacturer\/vibratory-linear-feeder-zc-series\/#primaryimage\",\"url\":\"https:\/\/swoer.com\/wp-content\/uploads\/2024\/05\/Vibratory-Linear-Feeder-ZC-Series.webp\",\"contentUrl\":\"https:\/\/swoer.com\/wp-content\/uploads\/2024\/05\/Vibratory-Linear-Feeder-ZC-Series.webp\",\"width\":1000,\"height\":1000,\"caption\":\"Vibratory Linear Feeder ZC Series\"},{\"@type\":\"BreadcrumbList\",\"@id\":\"https:\/\/swoer.com\/manufacturer\/vibratory-linear-feeder-zc-series\/#breadcrumb\",\"itemListElement\":[{\"@type\":\"ListItem\",\"position\":1,\"name\":\"Home\",\"item\":\"https:\/\/swoer.com\/\"},{\"@type\":\"ListItem\",\"position\":2,\"name\":\"Shop\",\"item\":\"https:\/\/swoer.com\/shop\/\"},{\"@type\":\"ListItem\",\"position\":3,\"name\":\"Vibratory Linear Feeder ZC Series\"}]},{\"@type\":\"WebSite\",\"@id\":\"https:\/\/swoer.com\/#website\",\"url\":\"https:\/\/swoer.com\/\",\"name\":\"SWOER\",\"description\":\"Swoer is the top 3 vibratory bowl feeder manufacturer in China\",\"potentialAction\":[{\"@type\":\"SearchAction\",\"target\":{\"@type\":\"EntryPoint\",\"urlTemplate\":\"https:\/\/swoer.com\/?s={search_term_string}\"},\"query-input\":\"required name=search_term_string\"}],\"inLanguage\":\"de\"}]}<\/script>\n<!-- \/ Yoast SEO plugin. -->","yoast_head_json":{"title":"Vibratory Linear Feeder ZC Series - SWOER","description":"The advanced Vibratory Linear Feeder ZC Series offers precise material handling and consistent performance. Ideal for automation and manufacturing processes, it enhances your production efficiency today!","robots":{"index":"index","follow":"follow","max-snippet":"max-snippet:-1","max-image-preview":"max-image-preview:large","max-video-preview":"max-video-preview:-1"},"canonical":"https:\/\/swoer.com\/de\/manufacturer\/vibratory-linear-feeder-zc-series\/","og_locale":"de_DE","og_type":"article","og_title":"Vibratory Linear Feeder ZC Series - SWOER","og_description":"The advanced Vibratory Linear Feeder ZC Series offers precise material handling and consistent performance. Ideal for automation and manufacturing processes, it enhances your production efficiency today!","og_url":"https:\/\/swoer.com\/de\/manufacturer\/vibratory-linear-feeder-zc-series\/","og_site_name":"SWOER","article_modified_time":"2024-06-25T01:24:50+00:00","og_image":[{"width":1000,"height":1000,"url":"https:\/\/swoer.com\/wp-content\/uploads\/2024\/05\/Vibratory-Linear-Feeder-ZC-Series.webp","type":"image\/webp"}],"twitter_card":"summary_large_image","twitter_misc":{"Gesch\u00e4tzte Lesezeit":"1\u00a0Minute"},"schema":{"@context":"https:\/\/schema.org","@graph":[{"@type":"WebPage","@id":"https:\/\/swoer.com\/manufacturer\/vibratory-linear-feeder-zc-series\/","url":"https:\/\/swoer.com\/manufacturer\/vibratory-linear-feeder-zc-series\/","name":"Vibratory Linear Feeder ZC Series - SWOER","isPartOf":{"@id":"https:\/\/swoer.com\/#website"},"primaryImageOfPage":{"@id":"https:\/\/swoer.com\/manufacturer\/vibratory-linear-feeder-zc-series\/#primaryimage"},"image":{"@id":"https:\/\/swoer.com\/manufacturer\/vibratory-linear-feeder-zc-series\/#primaryimage"},"thumbnailUrl":"https:\/\/swoer.com\/wp-content\/uploads\/2024\/05\/Vibratory-Linear-Feeder-ZC-Series.webp","datePublished":"2024-05-11T07:32:07+00:00","dateModified":"2024-06-25T01:24:50+00:00","description":"The advanced Vibratory Linear Feeder ZC Series offers precise material handling and consistent performance. Ideal for automation and manufacturing processes, it enhances your production efficiency today!","breadcrumb":{"@id":"https:\/\/swoer.com\/manufacturer\/vibratory-linear-feeder-zc-series\/#breadcrumb"},"inLanguage":"de","potentialAction":[{"@type":"ReadAction","target":["https:\/\/swoer.com\/manufacturer\/vibratory-linear-feeder-zc-series\/"]}]},{"@type":"ImageObject","inLanguage":"de","@id":"https:\/\/swoer.com\/manufacturer\/vibratory-linear-feeder-zc-series\/#primaryimage","url":"https:\/\/swoer.com\/wp-content\/uploads\/2024\/05\/Vibratory-Linear-Feeder-ZC-Series.webp","contentUrl":"https:\/\/swoer.com\/wp-content\/uploads\/2024\/05\/Vibratory-Linear-Feeder-ZC-Series.webp","width":1000,"height":1000,"caption":"Vibratory Linear Feeder ZC Series"},{"@type":"BreadcrumbList","@id":"https:\/\/swoer.com\/manufacturer\/vibratory-linear-feeder-zc-series\/#breadcrumb","itemListElement":[{"@type":"ListItem","position":1,"name":"Home","item":"https:\/\/swoer.com\/"},{"@type":"ListItem","position":2,"name":"Shop","item":"https:\/\/swoer.com\/shop\/"},{"@type":"ListItem","position":3,"name":"Vibratory Linear Feeder ZC Series"}]},{"@type":"WebSite","@id":"https:\/\/swoer.com\/#website","url":"https:\/\/swoer.com\/","name":"SWOER","description":"Swoer is the top 3 vibratory bowl feeder manufacturer in China","potentialAction":[{"@type":"SearchAction","target":{"@type":"EntryPoint","urlTemplate":"https:\/\/swoer.com\/?s={search_term_string}"},"query-input":"required name=search_term_string"}],"inLanguage":"de"}]}},"_links":{"self":[{"href":"https:\/\/swoer.com\/de\/wp-json\/wp\/v2\/product\/2063"}],"collection":[{"href":"https:\/\/swoer.com\/de\/wp-json\/wp\/v2\/product"}],"about":[{"href":"https:\/\/swoer.com\/de\/wp-json\/wp\/v2\/types\/product"}],"replies":[{"embeddable":true,"href":"https:\/\/swoer.com\/de\/wp-json\/wp\/v2\/comments?post=2063"}],"wp:featuredmedia":[{"embeddable":true,"href":"https:\/\/swoer.com\/de\/wp-json\/wp\/v2\/media\/2064"}],"wp:attachment":[{"href":"https:\/\/swoer.com\/de\/wp-json\/wp\/v2\/media?parent=2063"}],"wp:term":[{"taxonomy":"product_cat","embeddable":true,"href":"https:\/\/swoer.com\/de\/wp-json\/wp\/v2\/product_cat?post=2063"},{"taxonomy":"product_tag","embeddable":true,"href":"https:\/\/swoer.com\/de\/wp-json\/wp\/v2\/product_tag?post=2063"}],"curies":[{"name":"wp","href":"https:\/\/api.w.org\/{rel}","templated":true}]}}