{"id":2033,"date":"2024-04-26T02:25:24","date_gmt":"2024-04-26T02:25:24","guid":{"rendered":"https:\/\/swoer.com\/?post_type=product&#038;p=2033"},"modified":"2024-04-26T02:38:04","modified_gmt":"2024-04-26T02:38:04","slug":"vibratory-linear-feeder-dk-series","status":"publish","type":"product","link":"https:\/\/swoer.com\/de\/manufacturer\/vibratory-linear-feeder-dk-series\/","title":{"rendered":"Vibrationslinearf\u00f6rderer Serie DK"},"content":{"rendered":"<h2><strong><b>Merkmale<\/b><\/strong><\/h2>\n<p>Die Breite der Produktf\u00f6rderbahn wird vergr\u00f6\u00dfert und durch die Anpassung des Amplitudenwinkels erfolgt der Antrieb schnell und stabil, was f\u00fcr den ultrabreiten Transport kleiner und mittelgro\u00dfer Komponenten geeignet ist.<\/p>\n<h2><strong>Vorsichtsma\u00dfnahmen bei der Installation<\/strong><\/h2>\n<ol>\n<li>Der Materialpfad sollte \u00fcber eine ausreichende Steifigkeit verf\u00fcgen, da sich sonst nur schwer Resonanzen bilden lassen.<\/li>\n<li>Bei h\u00e4ngender Lagerung der Maschine m\u00fcssen am St\u00fctzbalken Versteifungen verwendet werden.<\/li>\n<li>Wenn mehrere Direktvibratoren auf derselben Unterlage montiert werden, kommt es durch die gegenseitige Beeinflussung zu L\u00e4rm und zu einer Verschiebung der Werkst\u00fcckposition. In solchen F\u00e4llen sollte f\u00fcr jede Direktvibratormaschine eine separate Unterlage vorgesehen werden.<\/li>\n<li>Wenn der Kette oder dem Rahmen die n\u00f6tige Steifigkeit fehlt, kann Folgendes passieren:<\/li>\n<\/ol>\n<ul>\n<li>Das transportierte Werkst\u00fcck wird zur\u00fcckbewegt.<\/li>\n<li>Das Werkst\u00fcck im Transfer springt auf und ab und blockiert vor und nach dem Zuf\u00fchrkanal.<\/li>\n<li>Das Werkst\u00fcck verl\u00e4sst die Kanalnut langsam und instabil.<\/li>\n<li><strong>\u00a0<\/strong>Durch den Transport des Werkst\u00fcckes kommt es zu regelm\u00e4\u00dfigen Interferenzerscheinungen.<\/li>\n<\/ul>\n<h3><strong><span class=\"15\">SW-350DK<\/span><\/strong><\/h3>\n\t<div class=\"img has-hover x md-x lg-x y md-y lg-y\" id=\"image_730202686\">\n\t\t\t\t\t\t\t\t<div class=\"img-inner dark\" >\n\t\t\t<img loading=\"lazy\" decoding=\"async\" width=\"976\" height=\"695\" src=\"https:\/\/swoer.com\/wp-content\/uploads\/2024\/04\/SW-350DK.webp\" class=\"attachment-original size-original\" alt=\"SW-350DK\" srcset=\"https:\/\/swoer.com\/wp-content\/uploads\/2024\/04\/SW-350DK.webp 976w, https:\/\/swoer.com\/wp-content\/uploads\/2024\/04\/SW-350DK-300x214.webp 300w, https:\/\/swoer.com\/wp-content\/uploads\/2024\/04\/SW-350DK-768x547.webp 768w, https:\/\/swoer.com\/wp-content\/uploads\/2024\/04\/SW-350DK-18x12.webp 18w, https:\/\/swoer.com\/wp-content\/uploads\/2024\/04\/SW-350DK-600x427.webp 600w\" sizes=\"(max-width: 976px) 100vw, 976px\" \/>\t\t\t\t\t\t\n\t\t\t\t\t<\/div>\n\t\t\t\t\t\t\t\t\n<style>\n#image_730202686 {\n  width: 100%;\n}\n<\/style>\n\t<\/div>\n\t\n<h3 class=\"p\"><strong>SW-450DK<\/strong><\/h3>\n\t<div class=\"img has-hover x md-x lg-x y md-y lg-y\" id=\"image_76420955\">\n\t\t\t\t\t\t\t\t<div class=\"img-inner dark\" >\n\t\t\t<img loading=\"lazy\" decoding=\"async\" width=\"937\" height=\"686\" src=\"https:\/\/swoer.com\/wp-content\/uploads\/2024\/04\/SW-450DK.webp\" class=\"attachment-original size-original\" alt=\"SW-450DK\" srcset=\"https:\/\/swoer.com\/wp-content\/uploads\/2024\/04\/SW-450DK.webp 937w, https:\/\/swoer.com\/wp-content\/uploads\/2024\/04\/SW-450DK-300x220.webp 300w, https:\/\/swoer.com\/wp-content\/uploads\/2024\/04\/SW-450DK-768x562.webp 768w, https:\/\/swoer.com\/wp-content\/uploads\/2024\/04\/SW-450DK-16x12.webp 16w, https:\/\/swoer.com\/wp-content\/uploads\/2024\/04\/SW-450DK-600x439.webp 600w\" sizes=\"(max-width: 937px) 100vw, 937px\" \/>\t\t\t\t\t\t\n\t\t\t\t\t<\/div>\n\t\t\t\t\t\t\t\t\n<style>\n#image_76420955 {\n  width: 100%;\n}\n<\/style>\n\t<\/div>\n\t\n<h3><strong>SW-550DK<\/strong><\/h3>\n\t<div class=\"img has-hover x md-x lg-x y md-y lg-y\" id=\"image_198741732\">\n\t\t\t\t\t\t\t\t<div class=\"img-inner dark\" >\n\t\t\t<img loading=\"lazy\" decoding=\"async\" width=\"1020\" height=\"686\" src=\"https:\/\/swoer.com\/wp-content\/uploads\/2024\/04\/SW-550DK.webp\" class=\"attachment-original size-original\" alt=\"\" srcset=\"https:\/\/swoer.com\/wp-content\/uploads\/2024\/04\/SW-550DK.webp 1020w, https:\/\/swoer.com\/wp-content\/uploads\/2024\/04\/SW-550DK-300x202.webp 300w, https:\/\/swoer.com\/wp-content\/uploads\/2024\/04\/SW-550DK-768x517.webp 768w, https:\/\/swoer.com\/wp-content\/uploads\/2024\/04\/SW-550DK-18x12.webp 18w, https:\/\/swoer.com\/wp-content\/uploads\/2024\/04\/SW-550DK-600x404.webp 600w\" sizes=\"(max-width: 1020px) 100vw, 1020px\" \/>\t\t\t\t\t\t\n\t\t\t\t\t<\/div>\n\t\t\t\t\t\t\t\t\n<style>\n#image_198741732 {\n  width: 100%;\n}\n<\/style>\n\t<\/div>\n\t\n<h3><strong>SW-1000DK<\/strong><\/h3>\n\t<div class=\"img has-hover x md-x lg-x y md-y lg-y\" id=\"image_1537607070\">\n\t\t\t\t\t\t\t\t<div class=\"img-inner dark\" >\n\t\t\t<img loading=\"lazy\" decoding=\"async\" width=\"1319\" height=\"622\" src=\"https:\/\/swoer.com\/wp-content\/uploads\/2024\/04\/SW-1000DK.webp\" class=\"attachment-original size-original\" alt=\"\" srcset=\"https:\/\/swoer.com\/wp-content\/uploads\/2024\/04\/SW-1000DK.webp 1319w, https:\/\/swoer.com\/wp-content\/uploads\/2024\/04\/SW-1000DK-300x141.webp 300w, https:\/\/swoer.com\/wp-content\/uploads\/2024\/04\/SW-1000DK-1024x483.webp 1024w, https:\/\/swoer.com\/wp-content\/uploads\/2024\/04\/SW-1000DK-768x362.webp 768w, https:\/\/swoer.com\/wp-content\/uploads\/2024\/04\/SW-1000DK-18x8.webp 18w, https:\/\/swoer.com\/wp-content\/uploads\/2024\/04\/SW-1000DK-600x283.webp 600w\" sizes=\"(max-width: 1319px) 100vw, 1319px\" \/>\t\t\t\t\t\t\n\t\t\t\t\t<\/div>\n\t\t\t\t\t\t\t\t\n<style>\n#image_1537607070 {\n  width: 100%;\n}\n<\/style>\n\t<\/div>","protected":false},"excerpt":{"rendered":"<p>Entdecken Sie den Vibrationslinearf\u00f6rderer der DK-Serie, der \u00fcber eine Inline-Schiene in Kombination mit einem Sch\u00fcsself\u00f6rderer f\u00fcr optimale Leistung verf\u00fcgt.<\/p>\n<p>Dieser pr\u00e4zise Geradlinigkeitsvibrator sorgt f\u00fcr eine gleichm\u00e4\u00dfige, lineare Vibration, erg\u00e4nzt durch eine f\u00fcr die Flachzufuhr konzipierte Vibrationsplatte.<\/p>\n<p>Erleben Sie den Komfort eines ger\u00e4uschlosen Futterautomaten, der effizient und st\u00f6rungsfrei arbeitet. Erh\u00e4ltlich in vier Modellen, um Ihren Anforderungen gerecht zu werden:<\/p>\n<p>SW-350DK<\/p>\n<p>SW-450DK<\/p>\n<p>SW-550DK<\/p>\n<p>SW-100DK<\/p>","protected":false},"featured_media":2034,"comment_status":"open","ping_status":"closed","template":"","meta":[],"product_cat":[55],"product_tag":[],"yoast_head":"<!-- This site is optimized with the Yoast SEO plugin v22.2 - https:\/\/yoast.com\/wordpress\/plugins\/seo\/ -->\n<title>Vibratory Linear Feeder DK Series - SWOER<\/title>\n<meta name=\"robots\" content=\"index, follow, max-snippet:-1, max-image-preview:large, max-video-preview:-1\" \/>\n<link rel=\"canonical\" href=\"https:\/\/swoer.com\/de\/manufacturer\/vibratory-linear-feeder-dk-series\/\" \/>\n<meta property=\"og:locale\" content=\"de_DE\" \/>\n<meta property=\"og:type\" content=\"article\" \/>\n<meta property=\"og:title\" content=\"Vibratory Linear Feeder DK Series - SWOER\" \/>\n<meta property=\"og:description\" content=\"Discover the DK Series Vibratory Linear Feeder, featuring an inline rail combined with a bowl feeder for optimal performance.  This precision straight vibrator ensures smooth linear vibration, complemented by a vibrating plate designed for flat feeding.  Experience the convenience of a silent automatic feeder that operates efficiently without disruption. Available in four models to suit your needs:  SW-350DK  SW-450DK  SW-550DK  SW-100DK\" \/>\n<meta property=\"og:url\" content=\"https:\/\/swoer.com\/de\/manufacturer\/vibratory-linear-feeder-dk-series\/\" \/>\n<meta property=\"og:site_name\" content=\"SWOER\" \/>\n<meta property=\"article:modified_time\" content=\"2024-04-26T02:38:04+00:00\" \/>\n<meta property=\"og:image\" content=\"https:\/\/swoer.com\/wp-content\/uploads\/2024\/04\/Vibratory-Linear-Feeder-DK-Series.webp\" \/>\n\t<meta property=\"og:image:width\" content=\"1000\" \/>\n\t<meta property=\"og:image:height\" content=\"1000\" \/>\n\t<meta property=\"og:image:type\" content=\"image\/webp\" \/>\n<meta name=\"twitter:card\" content=\"summary_large_image\" \/>\n<meta name=\"twitter:label1\" content=\"Gesch\u00e4tzte Lesezeit\" \/>\n\t<meta name=\"twitter:data1\" content=\"1\u00a0Minute\" \/>\n<script type=\"application\/ld+json\" class=\"yoast-schema-graph\">{\"@context\":\"https:\/\/schema.org\",\"@graph\":[{\"@type\":\"WebPage\",\"@id\":\"https:\/\/swoer.com\/manufacturer\/vibratory-linear-feeder-dk-series\/\",\"url\":\"https:\/\/swoer.com\/manufacturer\/vibratory-linear-feeder-dk-series\/\",\"name\":\"Vibratory Linear Feeder DK Series - SWOER\",\"isPartOf\":{\"@id\":\"https:\/\/swoer.com\/#website\"},\"primaryImageOfPage\":{\"@id\":\"https:\/\/swoer.com\/manufacturer\/vibratory-linear-feeder-dk-series\/#primaryimage\"},\"image\":{\"@id\":\"https:\/\/swoer.com\/manufacturer\/vibratory-linear-feeder-dk-series\/#primaryimage\"},\"thumbnailUrl\":\"https:\/\/swoer.com\/wp-content\/uploads\/2024\/04\/Vibratory-Linear-Feeder-DK-Series.webp\",\"datePublished\":\"2024-04-26T02:25:24+00:00\",\"dateModified\":\"2024-04-26T02:38:04+00:00\",\"breadcrumb\":{\"@id\":\"https:\/\/swoer.com\/manufacturer\/vibratory-linear-feeder-dk-series\/#breadcrumb\"},\"inLanguage\":\"de\",\"potentialAction\":[{\"@type\":\"ReadAction\",\"target\":[\"https:\/\/swoer.com\/manufacturer\/vibratory-linear-feeder-dk-series\/\"]}]},{\"@type\":\"ImageObject\",\"inLanguage\":\"de\",\"@id\":\"https:\/\/swoer.com\/manufacturer\/vibratory-linear-feeder-dk-series\/#primaryimage\",\"url\":\"https:\/\/swoer.com\/wp-content\/uploads\/2024\/04\/Vibratory-Linear-Feeder-DK-Series.webp\",\"contentUrl\":\"https:\/\/swoer.com\/wp-content\/uploads\/2024\/04\/Vibratory-Linear-Feeder-DK-Series.webp\",\"width\":1000,\"height\":1000,\"caption\":\"Vibratory Linear Feeder DK Series\"},{\"@type\":\"BreadcrumbList\",\"@id\":\"https:\/\/swoer.com\/manufacturer\/vibratory-linear-feeder-dk-series\/#breadcrumb\",\"itemListElement\":[{\"@type\":\"ListItem\",\"position\":1,\"name\":\"Home\",\"item\":\"https:\/\/swoer.com\/\"},{\"@type\":\"ListItem\",\"position\":2,\"name\":\"Shop\",\"item\":\"https:\/\/swoer.com\/shop\/\"},{\"@type\":\"ListItem\",\"position\":3,\"name\":\"Vibratory Linear Feeder DK Series\"}]},{\"@type\":\"WebSite\",\"@id\":\"https:\/\/swoer.com\/#website\",\"url\":\"https:\/\/swoer.com\/\",\"name\":\"SWOER\",\"description\":\"Swoer is the top 3 vibratory bowl feeder manufacturer in China\",\"potentialAction\":[{\"@type\":\"SearchAction\",\"target\":{\"@type\":\"EntryPoint\",\"urlTemplate\":\"https:\/\/swoer.com\/?s={search_term_string}\"},\"query-input\":\"required name=search_term_string\"}],\"inLanguage\":\"de\"}]}<\/script>\n<!-- \/ Yoast SEO plugin. -->","yoast_head_json":{"title":"Vibratory Linear Feeder DK Series - SWOER","robots":{"index":"index","follow":"follow","max-snippet":"max-snippet:-1","max-image-preview":"max-image-preview:large","max-video-preview":"max-video-preview:-1"},"canonical":"https:\/\/swoer.com\/de\/manufacturer\/vibratory-linear-feeder-dk-series\/","og_locale":"de_DE","og_type":"article","og_title":"Vibratory Linear Feeder DK Series - SWOER","og_description":"Discover the DK Series Vibratory Linear Feeder, featuring an inline rail combined with a bowl feeder for optimal performance.  This precision straight vibrator ensures smooth linear vibration, complemented by a vibrating plate designed for flat feeding.  Experience the convenience of a silent automatic feeder that operates efficiently without disruption. Available in four models to suit your needs:  SW-350DK  SW-450DK  SW-550DK  SW-100DK","og_url":"https:\/\/swoer.com\/de\/manufacturer\/vibratory-linear-feeder-dk-series\/","og_site_name":"SWOER","article_modified_time":"2024-04-26T02:38:04+00:00","og_image":[{"width":1000,"height":1000,"url":"https:\/\/swoer.com\/wp-content\/uploads\/2024\/04\/Vibratory-Linear-Feeder-DK-Series.webp","type":"image\/webp"}],"twitter_card":"summary_large_image","twitter_misc":{"Gesch\u00e4tzte Lesezeit":"1\u00a0Minute"},"schema":{"@context":"https:\/\/schema.org","@graph":[{"@type":"WebPage","@id":"https:\/\/swoer.com\/manufacturer\/vibratory-linear-feeder-dk-series\/","url":"https:\/\/swoer.com\/manufacturer\/vibratory-linear-feeder-dk-series\/","name":"Vibratory Linear Feeder DK Series - SWOER","isPartOf":{"@id":"https:\/\/swoer.com\/#website"},"primaryImageOfPage":{"@id":"https:\/\/swoer.com\/manufacturer\/vibratory-linear-feeder-dk-series\/#primaryimage"},"image":{"@id":"https:\/\/swoer.com\/manufacturer\/vibratory-linear-feeder-dk-series\/#primaryimage"},"thumbnailUrl":"https:\/\/swoer.com\/wp-content\/uploads\/2024\/04\/Vibratory-Linear-Feeder-DK-Series.webp","datePublished":"2024-04-26T02:25:24+00:00","dateModified":"2024-04-26T02:38:04+00:00","breadcrumb":{"@id":"https:\/\/swoer.com\/manufacturer\/vibratory-linear-feeder-dk-series\/#breadcrumb"},"inLanguage":"de","potentialAction":[{"@type":"ReadAction","target":["https:\/\/swoer.com\/manufacturer\/vibratory-linear-feeder-dk-series\/"]}]},{"@type":"ImageObject","inLanguage":"de","@id":"https:\/\/swoer.com\/manufacturer\/vibratory-linear-feeder-dk-series\/#primaryimage","url":"https:\/\/swoer.com\/wp-content\/uploads\/2024\/04\/Vibratory-Linear-Feeder-DK-Series.webp","contentUrl":"https:\/\/swoer.com\/wp-content\/uploads\/2024\/04\/Vibratory-Linear-Feeder-DK-Series.webp","width":1000,"height":1000,"caption":"Vibratory Linear Feeder DK Series"},{"@type":"BreadcrumbList","@id":"https:\/\/swoer.com\/manufacturer\/vibratory-linear-feeder-dk-series\/#breadcrumb","itemListElement":[{"@type":"ListItem","position":1,"name":"Home","item":"https:\/\/swoer.com\/"},{"@type":"ListItem","position":2,"name":"Shop","item":"https:\/\/swoer.com\/shop\/"},{"@type":"ListItem","position":3,"name":"Vibratory Linear Feeder DK Series"}]},{"@type":"WebSite","@id":"https:\/\/swoer.com\/#website","url":"https:\/\/swoer.com\/","name":"SWOER","description":"Swoer is the top 3 vibratory bowl feeder manufacturer in China","potentialAction":[{"@type":"SearchAction","target":{"@type":"EntryPoint","urlTemplate":"https:\/\/swoer.com\/?s={search_term_string}"},"query-input":"required name=search_term_string"}],"inLanguage":"de"}]}},"_links":{"self":[{"href":"https:\/\/swoer.com\/de\/wp-json\/wp\/v2\/product\/2033"}],"collection":[{"href":"https:\/\/swoer.com\/de\/wp-json\/wp\/v2\/product"}],"about":[{"href":"https:\/\/swoer.com\/de\/wp-json\/wp\/v2\/types\/product"}],"replies":[{"embeddable":true,"href":"https:\/\/swoer.com\/de\/wp-json\/wp\/v2\/comments?post=2033"}],"wp:featuredmedia":[{"embeddable":true,"href":"https:\/\/swoer.com\/de\/wp-json\/wp\/v2\/media\/2034"}],"wp:attachment":[{"href":"https:\/\/swoer.com\/de\/wp-json\/wp\/v2\/media?parent=2033"}],"wp:term":[{"taxonomy":"product_cat","embeddable":true,"href":"https:\/\/swoer.com\/de\/wp-json\/wp\/v2\/product_cat?post=2033"},{"taxonomy":"product_tag","embeddable":true,"href":"https:\/\/swoer.com\/de\/wp-json\/wp\/v2\/product_tag?post=2033"}],"curies":[{"name":"wp","href":"https:\/\/api.w.org\/{rel}","templated":true}]}}