{"id":1994,"date":"2024-04-18T02:15:58","date_gmt":"2024-04-18T02:15:58","guid":{"rendered":"https:\/\/swoer.com\/?post_type=product&#038;p=1994"},"modified":"2024-04-18T02:24:06","modified_gmt":"2024-04-18T02:24:06","slug":"precision-piezoelectric-frequency-vibratory-feeder-controller-sw-40f","status":"publish","type":"product","link":"https:\/\/swoer.com\/de\/manufacturer\/precision-piezoelectric-frequency-vibratory-feeder-controller-sw-40f\/","title":{"rendered":"Pr\u00e4zisions-Vibrationsf\u00f6rderer-Steuerung SW-40F mit piezoelektrischer Frequenz"},"content":{"rendered":"<h2>Merkmale<\/h2>\n<p>Abmessungen: L150mm*B69mm*H70mm90mm<\/p>\n<p>Gr\u00f6\u00dfe des Installationslochs: 130 mm x 62 mm. 3 Jahre Garantie.<\/p>\n<p><strong>1.<\/strong> Hoher Leistungsfaktor, der die Stromkosten erheblich senkt. Im Vergleich zu einem gew\u00f6hnlichen Controller mit einem Antriebsstrom von 1,5 A (bei 1,0 RMB pro Kilowatt) k\u00f6nnen bei Verwendung dieses Controllers bei acht Stunden Betrieb pro Tag etwa 1,6 RMB Strom gespart werden.<\/p>\n<p><strong>2.<\/strong> Leistungsstarke intelligente fotoelektrische Schnittstelle zum Anschluss eines externen fotoelektrischen Sensors (Strahlung und Reflexion sind verf\u00fcgbar), in die Maschine integrierte digitale Fuzzy-Erkennungstechnologie, zus\u00e4tzlich zum adaptiven Umgebungslicht, kann die Empfindlichkeit auf 99 % fotoelektrisch eingestellt werden, ohne teuren Glasfasersensor, genaue Identifizierung kleiner oder durchscheinender Zuf\u00fchrungswerkst\u00fccke.<\/p>\n<p><strong>3.<\/strong> Speed-Shuttle-Betrieb, patentiertes Design, schnell und pr\u00e4zise, zuverl\u00e4ssig und langlebig.<\/p>\n<p><strong>4.<\/strong> Optimierung des externen Steuerungsanschlusses, flexible und bequeme Installation.<\/p>\n<p><strong>5.<\/strong> Eingebautes intelligentes Programm f\u00fcr langsamen Start und langsamen Stopp, sorgt f\u00fcr einen reibungslosen Start- und Stoppvorgang.<\/p>\n<p><strong>6.<\/strong> Ausgang 24 V 200 mA Gleichstromversorgung.<\/p>\n<p><strong>7.<\/strong> Verwendet Hochleistungs-Leistungsger\u00e4te, senkt den W\u00e4rmeverlust und optimiert das thermische Design, verringert den Temperaturanstieg und arbeitet stabiler und zuverl\u00e4ssiger.<\/p>\n<p><strong>8.<\/strong> Hochpr\u00e4ziser Regler. H\u00e4lt bei Spannungsschwankungen im Stromnetz die Ausgangsspannung stabil und kann den durch die Netzfrequenz verursachten Schwebungseffekt wirksam unterdr\u00fccken.<\/p>\n<p><strong>9.<\/strong> Die obere Ausgangsspannungsgrenze l\u00e4sst sich individuell einstellen, um den Anforderungen verschiedener Anwendungen und Maschinenausstattungen gerecht zu werden.<\/p>\n<p><strong>10.<\/strong> Hochintegriertes System, optimierte Abmessungen, geringes Gewicht, geringer Platzbedarf, einfache Installation.<\/p>\n<p><strong>11.<\/strong> Vollst\u00e4ndig geschlossenes Geh\u00e4use, angepasst an die raue Arbeitsumgebung.<\/p>\n<p><strong>12.<\/strong> Mit \u00dcberhitzungs-, \u00dcberlastungs- und Ausgangskurzschlussschutz.<\/p>\n<h2><strong>Technische Spezifikation<\/strong><\/h2>\n<table style=\"border-collapse: collapse; width: 633.77pt;\" border=\"0\" width=\"845\" cellspacing=\"0\" cellpadding=\"0\">\n<tbody>\n<tr style=\"height: 17.25pt;\">\n<td class=\"et2\" style=\"height: 33.75pt; width: 125.25pt;\" rowspan=\"2\" width=\"167\" height=\"45\">Artikel<\/td>\n<td class=\"et3\" style=\"width: 201.00pt;\" colspan=\"2\" width=\"268\">Bereichswert<\/td>\n<td class=\"et4\" style=\"width: 99.75pt; border-bottom: 1.0pt solid #DDDDDD;\" rowspan=\"2\" width=\"133\">Einheit<\/td>\n<td class=\"et5\" style=\"width: 207.75pt;\" rowspan=\"2\" width=\"277\">Anmerkung<\/td>\n<\/tr>\n<tr style=\"height: 16.50pt;\">\n<td class=\"et7\" style=\"width: 99.00pt;\" width=\"132\">Mindest.<\/td>\n<td class=\"et7\" style=\"width: 102.00pt;\" width=\"136\">Max.<\/td>\n<\/tr>\n<tr style=\"height: 45.75pt;\">\n<td class=\"et6\" style=\"height: 45.75pt; width: 125.25pt;\" width=\"167\" height=\"61\">Eingangsspannung<\/td>\n<td class=\"et10\" style=\"width: 99.00pt;\" width=\"132\">85<\/td>\n<td class=\"et10\" style=\"width: 102.00pt;\" width=\"136\">265<\/td>\n<td class=\"et10\" style=\"width: 99.75pt;\" width=\"133\">V<\/td>\n<td class=\"et11\" style=\"width: 207.75pt;\" width=\"277\">Sinuswelle 50\/60Hz<\/td>\n<\/tr>\n<tr style=\"height: 75.75pt;\">\n<td class=\"et6\" style=\"height: 75.75pt; width: 125.25pt;\" width=\"167\" height=\"101\">Ausgangsspannung<\/td>\n<td class=\"et10\" style=\"width: 99.00pt;\" width=\"132\">0<\/td>\n<td class=\"et10\" style=\"width: 102.00pt;\" width=\"136\">250<\/td>\n<td class=\"et10\" style=\"width: 99.75pt;\" width=\"133\">V<\/td>\n<td class=\"et11\" style=\"width: 207.75pt;\" width=\"277\">Genauigkeit der Spannungsregelung: 1 V<\/td>\n<\/tr>\n<tr style=\"height: 60.75pt;\">\n<td class=\"et6\" style=\"height: 60.75pt; width: 125.25pt;\" width=\"167\" height=\"81\">Ausgangsstrom<\/td>\n<td class=\"et10\" style=\"width: 99.00pt;\" width=\"132\">0<\/td>\n<td class=\"et10\" style=\"width: 102.00pt;\" width=\"136\">4.5<\/td>\n<td class=\"et10\" style=\"width: 99.75pt;\" width=\"133\">A<\/td>\n<td class=\"et11\" style=\"width: 207.75pt;\" width=\"277\">Nennleistung: 1,5 A\/3 A\/4,5 A<\/td>\n<\/tr>\n<tr style=\"height: 60.75pt;\">\n<td class=\"et6\" style=\"height: 60.75pt; width: 125.25pt;\" width=\"167\" height=\"81\">Ausgangsfrequenz<\/td>\n<td class=\"et10\" style=\"width: 99.00pt;\" width=\"132\">40<\/td>\n<td class=\"et10\" style=\"width: 102.00pt;\" width=\"136\">400<\/td>\n<td class=\"et10\" style=\"width: 99.75pt;\" width=\"133\">Hz<\/td>\n<td class=\"et11\" style=\"width: 207.75pt;\" width=\"277\">Frequenzbereichsgenauigkeit: 0,1 Hz<\/td>\n<\/tr>\n<tr style=\"height: 33.00pt;\">\n<td class=\"et6\" style=\"height: 33.00pt; width: 125.25pt;\" width=\"167\" height=\"44\">Ausgangswelle<\/td>\n<td class=\"et10\" style=\"width: 508.50pt;\" colspan=\"4\" width=\"678\">Sinus<\/td>\n<\/tr>\n<tr style=\"height: 63.75pt;\">\n<td class=\"et6\" style=\"height: 63.75pt; width: 125.25pt;\" width=\"167\" height=\"85\">Startverz\u00f6gerungszeitbereich<\/td>\n<td class=\"et10\" style=\"width: 99.00pt;\" width=\"132\">0<\/td>\n<td class=\"et10\" style=\"width: 102.00pt;\" width=\"136\">30<\/td>\n<td class=\"et10\" style=\"width: 99.75pt;\" width=\"133\">S<\/td>\n<td class=\"et11\" style=\"width: 207.75pt;\" width=\"277\">Genauigkeit der Verz\u00f6gerungszeit: 15<\/td>\n<\/tr>\n<tr style=\"height: 60.75pt;\">\n<td class=\"et6\" style=\"height: 60.75pt; width: 125.25pt;\" width=\"167\" height=\"81\">Ausschaltverz\u00f6gerungszeitbereich<\/td>\n<td class=\"et10\" style=\"width: 99.00pt;\" width=\"132\">0<\/td>\n<td class=\"et10\" style=\"width: 102.00pt;\" width=\"136\">30<\/td>\n<td class=\"et10\" style=\"width: 99.75pt;\" width=\"133\">S<\/td>\n<td class=\"et11\" style=\"width: 207.75pt;\" width=\"277\">Genauigkeit der Verz\u00f6gerungszeit: 15<\/td>\n<\/tr>\n<tr style=\"height: 60.75pt;\">\n<td class=\"et6\" style=\"height: 60.75pt; width: 125.25pt;\" width=\"167\" height=\"81\">Langsame Startzeit<\/td>\n<td class=\"et10\" style=\"width: 99.00pt;\" width=\"132\">0.1<\/td>\n<td class=\"et10\" style=\"width: 102.00pt;\" width=\"136\">9.9<\/td>\n<td class=\"et10\" style=\"width: 99.75pt;\" width=\"133\">S<\/td>\n<td class=\"et11\" style=\"width: 207.75pt;\" width=\"277\">Langsame Startzeit: 0,15<\/td>\n<\/tr>\n<tr style=\"height: 48.00pt;\">\n<td class=\"et6\" style=\"height: 48.00pt; width: 125.25pt;\" width=\"167\" height=\"64\">Langsame Stoppzeit<\/td>\n<td class=\"et10\" style=\"width: 99.00pt;\" width=\"132\">0.1<\/td>\n<td class=\"et10\" style=\"width: 102.00pt;\" width=\"136\">0.3<\/td>\n<td class=\"et10\" style=\"width: 99.75pt;\" width=\"133\">S<\/td>\n<td class=\"et11\" style=\"width: 207.75pt;\" width=\"277\">Programm Automatiksteuerung<\/td>\n<\/tr>\n<tr style=\"height: 120.75pt;\">\n<td class=\"et6\" style=\"height: 120.75pt; width: 125.25pt;\" width=\"167\" height=\"161\">Photoelektrische Empfindlichkeit<\/td>\n<td class=\"et10\" style=\"width: 99.00pt;\" width=\"132\">0<\/td>\n<td class=\"et10\" style=\"width: 102.00pt;\" width=\"136\">99<\/td>\n<td class=\"et12\" style=\"width: 99.75pt;\" width=\"133\">\u00a0<\/td>\n<td class=\"et11\" style=\"width: 207.75pt;\" width=\"277\">Je h\u00f6her der Wert, desto h\u00f6her die Sensibilit\u00e4t<\/td>\n<\/tr>\n<tr style=\"height: 136.50pt;\">\n<td class=\"et6\" style=\"height: 136.50pt; width: 125.25pt;\" width=\"167\" height=\"182\">DC-Steuerausgang<\/td>\n<td class=\"et10\" style=\"width: 201.00pt;\" colspan=\"2\" width=\"268\">24 V, 200 mA<\/td>\n<td class=\"et12\" style=\"width: 99.75pt;\" width=\"133\">\u00a0<\/td>\n<td class=\"et11\" style=\"width: 207.75pt;\" width=\"277\">Steuert externe Sensoren und Niederleistungsmagnetventile zur Stromversorgung<\/td>\n<\/tr>\n<tr style=\"height: 64.50pt;\">\n<td class=\"et6\" style=\"height: 64.50pt; width: 125.25pt;\" width=\"167\" height=\"86\">Stromverbrauch bei Leerlauf<\/td>\n<td class=\"et10\" style=\"width: 201.00pt;\" colspan=\"2\" width=\"268\">\uff1c3 W<\/td>\n<td class=\"et10\" style=\"width: 99.75pt;\" width=\"133\">B<\/td>\n<td class=\"et11\" style=\"width: 207.75pt;\" width=\"277\">Eingangsspannung: 220 V, 50 Hz<\/td>\n<\/tr>\n<tr style=\"height: 33.00pt;\">\n<td class=\"et6\" style=\"height: 33.00pt; width: 125.25pt;\" width=\"167\" height=\"44\">Anzeigemodus<\/td>\n<td class=\"et10\" style=\"width: 201.00pt;\" colspan=\"2\" width=\"268\">LED+Kontrollleuchte 5<\/td>\n<td class=\"et12\" style=\"width: 99.75pt;\" width=\"133\">\u00a0<\/td>\n<td class=\"et13\" style=\"width: 207.75pt;\" width=\"277\">\u00a0<\/td>\n<\/tr>\n<tr style=\"height: 91.50pt;\">\n<td class=\"et6\" style=\"height: 91.50pt; width: 125.25pt;\" width=\"167\" height=\"122\">Betriebsmodus<\/td>\n<td class=\"et10\" style=\"width: 201.00pt;\" colspan=\"2\" width=\"268\">Schl\u00fcssel+Kodierschalter<\/td>\n<td class=\"et12\" style=\"width: 99.75pt;\" width=\"133\">\u00a0<\/td>\n<td class=\"et11\" style=\"width: 207.75pt;\" width=\"277\">Speed-Shuttle-Betrieb, patentiertes Design<\/td>\n<\/tr>\n<tr style=\"height: 76.50pt;\">\n<td class=\"et6\" style=\"height: 182.25pt; width: 125.25pt;\" rowspan=\"2\" width=\"167\" height=\"243\">Steuerungsmodus<\/td>\n<td class=\"et10\" style=\"width: 99.00pt;\" width=\"132\">Mit Infrarot-Lichtschranke<\/td>\n<td class=\"et12\" style=\"width: 102.00pt;\" width=\"136\">\u00a0<\/td>\n<td class=\"et12\" style=\"width: 99.75pt;\" width=\"133\">\u00a0<\/td>\n<td class=\"et11\" style=\"width: 207.75pt;\" rowspan=\"2\" width=\"277\">Material voll\/leer Materialabschaltkontrolle<\/td>\n<\/tr>\n<tr style=\"height: 105.75pt;\">\n<td class=\"et10\" style=\"width: 99.00pt;\" width=\"132\">Niedrigpegelsignal (NPN-Allzwecksensor oder SPS)<\/td>\n<td class=\"et12\" style=\"width: 102.00pt;\" width=\"136\">\u00a0<\/td>\n<td class=\"et12\" style=\"width: 99.75pt;\" width=\"133\">\u00a0<\/td>\n<\/tr>\n<tr style=\"height: 60.75pt;\">\n<td class=\"et6\" style=\"height: 60.75pt; width: 125.25pt;\" width=\"167\" height=\"81\">Arbeitstemperatur<\/td>\n<td class=\"et10\" style=\"width: 99.00pt;\" width=\"132\">-20<\/td>\n<td class=\"et10\" style=\"width: 102.00pt;\" width=\"136\">40<\/td>\n<td class=\"et10\" style=\"width: 99.75pt;\" width=\"133\">\u2103<\/td>\n<td class=\"et11\" style=\"width: 207.75pt;\" width=\"277\">\u00dcberhitzungsschutz: 58 \u2103<\/td>\n<\/tr>\n<tr style=\"height: 48.00pt;\">\n<td class=\"et6\" style=\"height: 48.00pt; width: 125.25pt;\" width=\"167\" height=\"64\">Relative Luftfeuchtigkeit bei Betrieb<\/td>\n<td class=\"et10\" style=\"width: 99.00pt;\" width=\"132\">0<\/td>\n<td class=\"et10\" style=\"width: 102.00pt;\" width=\"136\">90<\/td>\n<td class=\"et10\" style=\"width: 99.75pt;\" width=\"133\">%<\/td>\n<td class=\"et11\" style=\"width: 207.75pt;\" width=\"277\">Kein Kondensat<\/td>\n<\/tr>\n<tr style=\"height: 64.50pt;\">\n<td class=\"et6\" style=\"height: 64.50pt; width: 125.25pt;\" width=\"167\" height=\"86\">Schutzma\u00dfnahmen<\/td>\n<td class=\"et10\" style=\"width: 508.50pt;\" colspan=\"4\" width=\"678\">\u00dcberhitzungs-, \u00dcberstrom- und Ausgangskurzschlussschutz<\/td>\n<\/tr>\n<tr style=\"height: 31.50pt;\">\n<td class=\"et14\" style=\"height: 31.50pt; width: 125.25pt;\" width=\"167\" height=\"42\">Anwendung<\/td>\n<td class=\"et15\" style=\"width: 508.50pt;\" colspan=\"4\" width=\"678\">Elektromagnetisch<\/td>\n<\/tr>\n<\/tbody>\n<\/table>","protected":false},"excerpt":{"rendered":"<p>Der Pr\u00e4zisions-Vibrationsf\u00f6rderer-Controller SW-40F mit piezoelektrischer Frequenz ist ein Hochleistungsger\u00e4t f\u00fcr effiziente und pr\u00e4zise F\u00f6rdervorg\u00e4nge.<\/p>","protected":false},"featured_media":1995,"comment_status":"open","ping_status":"closed","template":"","meta":[],"product_cat":[45],"product_tag":[],"yoast_head":"<!-- This site is optimized with the Yoast SEO plugin v22.2 - https:\/\/yoast.com\/wordpress\/plugins\/seo\/ -->\n<title>Precision Piezoelectric Frequency Vibratory Feeder Controller SW-40F - SWOER<\/title>\n<meta name=\"robots\" content=\"index, follow, max-snippet:-1, max-image-preview:large, max-video-preview:-1\" \/>\n<link rel=\"canonical\" href=\"https:\/\/swoer.com\/de\/manufacturer\/precision-piezoelectric-frequency-vibratory-feeder-controller-sw-40f\/\" \/>\n<meta property=\"og:locale\" content=\"de_DE\" \/>\n<meta property=\"og:type\" content=\"article\" \/>\n<meta property=\"og:title\" content=\"Precision Piezoelectric Frequency Vibratory Feeder Controller SW-40F - SWOER\" \/>\n<meta property=\"og:description\" content=\"The precision piezoelectric frequency vibrating feeder controller SW-40F is a high-performance device designed for efficient and precise feeding operations.\" \/>\n<meta property=\"og:url\" content=\"https:\/\/swoer.com\/de\/manufacturer\/precision-piezoelectric-frequency-vibratory-feeder-controller-sw-40f\/\" \/>\n<meta property=\"og:site_name\" content=\"SWOER\" \/>\n<meta property=\"article:modified_time\" content=\"2024-04-18T02:24:06+00:00\" \/>\n<meta property=\"og:image\" content=\"https:\/\/swoer.com\/wp-content\/uploads\/2024\/04\/vibratory-feeder-controller-SW-40F.webp\" \/>\n\t<meta property=\"og:image:width\" content=\"1000\" \/>\n\t<meta property=\"og:image:height\" content=\"1000\" \/>\n\t<meta property=\"og:image:type\" content=\"image\/webp\" \/>\n<meta name=\"twitter:card\" content=\"summary_large_image\" \/>\n<meta name=\"twitter:label1\" content=\"Gesch\u00e4tzte Lesezeit\" \/>\n\t<meta name=\"twitter:data1\" content=\"1\u00a0Minute\" \/>\n<script type=\"application\/ld+json\" class=\"yoast-schema-graph\">{\"@context\":\"https:\/\/schema.org\",\"@graph\":[{\"@type\":\"WebPage\",\"@id\":\"https:\/\/swoer.com\/manufacturer\/precision-piezoelectric-frequency-vibratory-feeder-controller-sw-40f\/\",\"url\":\"https:\/\/swoer.com\/manufacturer\/precision-piezoelectric-frequency-vibratory-feeder-controller-sw-40f\/\",\"name\":\"Precision Piezoelectric Frequency Vibratory Feeder Controller SW-40F - SWOER\",\"isPartOf\":{\"@id\":\"https:\/\/swoer.com\/#website\"},\"primaryImageOfPage\":{\"@id\":\"https:\/\/swoer.com\/manufacturer\/precision-piezoelectric-frequency-vibratory-feeder-controller-sw-40f\/#primaryimage\"},\"image\":{\"@id\":\"https:\/\/swoer.com\/manufacturer\/precision-piezoelectric-frequency-vibratory-feeder-controller-sw-40f\/#primaryimage\"},\"thumbnailUrl\":\"https:\/\/swoer.com\/wp-content\/uploads\/2024\/04\/vibratory-feeder-controller-SW-40F.webp\",\"datePublished\":\"2024-04-18T02:15:58+00:00\",\"dateModified\":\"2024-04-18T02:24:06+00:00\",\"breadcrumb\":{\"@id\":\"https:\/\/swoer.com\/manufacturer\/precision-piezoelectric-frequency-vibratory-feeder-controller-sw-40f\/#breadcrumb\"},\"inLanguage\":\"de\",\"potentialAction\":[{\"@type\":\"ReadAction\",\"target\":[\"https:\/\/swoer.com\/manufacturer\/precision-piezoelectric-frequency-vibratory-feeder-controller-sw-40f\/\"]}]},{\"@type\":\"ImageObject\",\"inLanguage\":\"de\",\"@id\":\"https:\/\/swoer.com\/manufacturer\/precision-piezoelectric-frequency-vibratory-feeder-controller-sw-40f\/#primaryimage\",\"url\":\"https:\/\/swoer.com\/wp-content\/uploads\/2024\/04\/vibratory-feeder-controller-SW-40F.webp\",\"contentUrl\":\"https:\/\/swoer.com\/wp-content\/uploads\/2024\/04\/vibratory-feeder-controller-SW-40F.webp\",\"width\":1000,\"height\":1000,\"caption\":\"vibratory feeder controller SW-40F\"},{\"@type\":\"BreadcrumbList\",\"@id\":\"https:\/\/swoer.com\/manufacturer\/precision-piezoelectric-frequency-vibratory-feeder-controller-sw-40f\/#breadcrumb\",\"itemListElement\":[{\"@type\":\"ListItem\",\"position\":1,\"name\":\"Home\",\"item\":\"https:\/\/swoer.com\/\"},{\"@type\":\"ListItem\",\"position\":2,\"name\":\"Shop\",\"item\":\"https:\/\/swoer.com\/shop\/\"},{\"@type\":\"ListItem\",\"position\":3,\"name\":\"Precision Piezoelectric Frequency Vibratory Feeder Controller SW-40F\"}]},{\"@type\":\"WebSite\",\"@id\":\"https:\/\/swoer.com\/#website\",\"url\":\"https:\/\/swoer.com\/\",\"name\":\"SWOER\",\"description\":\"Swoer is the top 3 vibratory bowl feeder manufacturer in China\",\"potentialAction\":[{\"@type\":\"SearchAction\",\"target\":{\"@type\":\"EntryPoint\",\"urlTemplate\":\"https:\/\/swoer.com\/?s={search_term_string}\"},\"query-input\":\"required name=search_term_string\"}],\"inLanguage\":\"de\"}]}<\/script>\n<!-- \/ Yoast SEO plugin. -->","yoast_head_json":{"title":"Precision Piezoelectric Frequency Vibratory Feeder Controller SW-40F - SWOER","robots":{"index":"index","follow":"follow","max-snippet":"max-snippet:-1","max-image-preview":"max-image-preview:large","max-video-preview":"max-video-preview:-1"},"canonical":"https:\/\/swoer.com\/de\/manufacturer\/precision-piezoelectric-frequency-vibratory-feeder-controller-sw-40f\/","og_locale":"de_DE","og_type":"article","og_title":"Precision Piezoelectric Frequency Vibratory Feeder Controller SW-40F - SWOER","og_description":"The precision piezoelectric frequency vibrating feeder controller SW-40F is a high-performance device designed for efficient and precise feeding operations.","og_url":"https:\/\/swoer.com\/de\/manufacturer\/precision-piezoelectric-frequency-vibratory-feeder-controller-sw-40f\/","og_site_name":"SWOER","article_modified_time":"2024-04-18T02:24:06+00:00","og_image":[{"width":1000,"height":1000,"url":"https:\/\/swoer.com\/wp-content\/uploads\/2024\/04\/vibratory-feeder-controller-SW-40F.webp","type":"image\/webp"}],"twitter_card":"summary_large_image","twitter_misc":{"Gesch\u00e4tzte Lesezeit":"1\u00a0Minute"},"schema":{"@context":"https:\/\/schema.org","@graph":[{"@type":"WebPage","@id":"https:\/\/swoer.com\/manufacturer\/precision-piezoelectric-frequency-vibratory-feeder-controller-sw-40f\/","url":"https:\/\/swoer.com\/manufacturer\/precision-piezoelectric-frequency-vibratory-feeder-controller-sw-40f\/","name":"Precision Piezoelectric Frequency Vibratory Feeder Controller SW-40F - SWOER","isPartOf":{"@id":"https:\/\/swoer.com\/#website"},"primaryImageOfPage":{"@id":"https:\/\/swoer.com\/manufacturer\/precision-piezoelectric-frequency-vibratory-feeder-controller-sw-40f\/#primaryimage"},"image":{"@id":"https:\/\/swoer.com\/manufacturer\/precision-piezoelectric-frequency-vibratory-feeder-controller-sw-40f\/#primaryimage"},"thumbnailUrl":"https:\/\/swoer.com\/wp-content\/uploads\/2024\/04\/vibratory-feeder-controller-SW-40F.webp","datePublished":"2024-04-18T02:15:58+00:00","dateModified":"2024-04-18T02:24:06+00:00","breadcrumb":{"@id":"https:\/\/swoer.com\/manufacturer\/precision-piezoelectric-frequency-vibratory-feeder-controller-sw-40f\/#breadcrumb"},"inLanguage":"de","potentialAction":[{"@type":"ReadAction","target":["https:\/\/swoer.com\/manufacturer\/precision-piezoelectric-frequency-vibratory-feeder-controller-sw-40f\/"]}]},{"@type":"ImageObject","inLanguage":"de","@id":"https:\/\/swoer.com\/manufacturer\/precision-piezoelectric-frequency-vibratory-feeder-controller-sw-40f\/#primaryimage","url":"https:\/\/swoer.com\/wp-content\/uploads\/2024\/04\/vibratory-feeder-controller-SW-40F.webp","contentUrl":"https:\/\/swoer.com\/wp-content\/uploads\/2024\/04\/vibratory-feeder-controller-SW-40F.webp","width":1000,"height":1000,"caption":"vibratory feeder controller SW-40F"},{"@type":"BreadcrumbList","@id":"https:\/\/swoer.com\/manufacturer\/precision-piezoelectric-frequency-vibratory-feeder-controller-sw-40f\/#breadcrumb","itemListElement":[{"@type":"ListItem","position":1,"name":"Home","item":"https:\/\/swoer.com\/"},{"@type":"ListItem","position":2,"name":"Shop","item":"https:\/\/swoer.com\/shop\/"},{"@type":"ListItem","position":3,"name":"Precision Piezoelectric Frequency Vibratory Feeder Controller SW-40F"}]},{"@type":"WebSite","@id":"https:\/\/swoer.com\/#website","url":"https:\/\/swoer.com\/","name":"SWOER","description":"Swoer is the top 3 vibratory bowl feeder manufacturer in China","potentialAction":[{"@type":"SearchAction","target":{"@type":"EntryPoint","urlTemplate":"https:\/\/swoer.com\/?s={search_term_string}"},"query-input":"required name=search_term_string"}],"inLanguage":"de"}]}},"_links":{"self":[{"href":"https:\/\/swoer.com\/de\/wp-json\/wp\/v2\/product\/1994"}],"collection":[{"href":"https:\/\/swoer.com\/de\/wp-json\/wp\/v2\/product"}],"about":[{"href":"https:\/\/swoer.com\/de\/wp-json\/wp\/v2\/types\/product"}],"replies":[{"embeddable":true,"href":"https:\/\/swoer.com\/de\/wp-json\/wp\/v2\/comments?post=1994"}],"wp:featuredmedia":[{"embeddable":true,"href":"https:\/\/swoer.com\/de\/wp-json\/wp\/v2\/media\/1995"}],"wp:attachment":[{"href":"https:\/\/swoer.com\/de\/wp-json\/wp\/v2\/media?parent=1994"}],"wp:term":[{"taxonomy":"product_cat","embeddable":true,"href":"https:\/\/swoer.com\/de\/wp-json\/wp\/v2\/product_cat?post=1994"},{"taxonomy":"product_tag","embeddable":true,"href":"https:\/\/swoer.com\/de\/wp-json\/wp\/v2\/product_tag?post=1994"}],"curies":[{"name":"wp","href":"https:\/\/api.w.org\/{rel}","templated":true}]}}